{"id":12065,"date":"2021-11-10T18:14:42","date_gmt":"2021-11-10T10:14:42","guid":{"rendered":"https:\/\/www.agriculture-machine.com\/?p=12065"},"modified":"2024-09-18T16:22:35","modified_gmt":"2024-09-18T08:22:35","slug":"corn-planter-4-row-corn-planter-corn-planter-tractor-supply-sweet-corn-planter","status":"publish","type":"product","link":"https:\/\/www.agriculture-machine.com\/pt\/corn-planter-4-row-corn-planter-corn-planter-tractor-supply-sweet-corn-planter\/","title":{"rendered":"Plantador de milho doce de 4 linhas para equipamento de trator"},"content":{"rendered":"<p>Hoje em dia, a plantadora de milho \u00e9 amplamente utilizada por muitos agricultores. Por causa das plan\u00edcies, os agricultores precisam plantar grandes \u00e1reas de milho. Os agricultores precisam gastar muita m\u00e3o de obra para semear e fertilizar manualmente.<\/p>    <p class=\"translation-block\">Corn is one of the most widely planted crops in the world, and it is also the world&#8217;s most productive food crop. Therefore, the <strong>corn planter<\/strong> is a machine that can realize the mechanized planting of corn. It can complete the processes of digging, spotting, and fertilizing all at once. <\/p>    <figure class=\"wp-block-image aligncenter size-full\"><img loading=\"lazy\" decoding=\"async\" width=\"720\" height=\"540\" src=\"https:\/\/www.agriculture-machine.com\/wp-content\/uploads\/2021\/11\/corn-planter-for-sale.webp\" alt=\"Plantador de milho \u00e0 venda\" class=\"wp-image-15689\" srcset=\"https:\/\/www.agriculture-machine.com\/wp-content\/uploads\/2021\/11\/corn-planter-for-sale.webp 720w, https:\/\/www.agriculture-machine.com\/wp-content\/uploads\/2021\/11\/corn-planter-for-sale-360x270.webp 360w, https:\/\/www.agriculture-machine.com\/wp-content\/uploads\/2021\/11\/corn-planter-for-sale-240x180.webp 240w\" sizes=\"auto, (max-width: 720px) 100vw, 720px\" \/><figcaption class=\"wp-element-caption\">Plantador de milho \u00e0 venda<\/figcaption><\/figure>    <p class=\"translation-block\">A m\u00e1quina possui caracter\u00edsticas excelentes de alta efici\u00eancia, economia de tempo, economia de trabalho, semeadura precisa, alta taxa de emerg\u00eancia de mudas e espa\u00e7amento uniforme das plantas. Al\u00e9m disso, o <a href=\"https:\/\/www.agriculture-machine.com\/pt\/maize-peeler-and-thresher\/\"><strong><em>trilhador de milho<\/em><\/strong><\/a> pode ajudar a realizar a mecaniza\u00e7\u00e3o da agricultura.<\/p>    <h2 class=\"wp-block-heading\" id=\"h-introduction-of-the-corn-planter\">Introdu\u00e7\u00e3o do plantador de milho<\/h2>    <p>A plantadora de milho refere-se a uma m\u00e1quina de planta\u00e7\u00e3o que utiliza sementes de milho como objeto de semeadura. E a plantadora de milho pode completar de forma eficiente os requisitos de sulcamento e plantio do milho. Esta m\u00e1quina pode realizar opera\u00e7\u00f5es de planta\u00e7\u00e3o de milho de alta qualidade.<\/p>    <p>Opera\u00e7\u00f5es de planta\u00e7\u00e3o mecanizada de alta qualidade n\u00e3o s\u00e3o apenas boas para a germina\u00e7\u00e3o e crescimento das sementes. S\u00e3o tamb\u00e9m mais ben\u00e9ficas para a implementa\u00e7\u00e3o de prote\u00e7\u00e3o de plantas mecanizada, aduba\u00e7\u00e3o, colheita e outras opera\u00e7\u00f5es de seguimento.<\/p>    <figure class=\"wp-block-image aligncenter size-large\"><img loading=\"lazy\" decoding=\"async\" width=\"720\" height=\"480\" src=\"https:\/\/www.agriculture-machine.com\/wp-content\/uploads\/2021\/11\/IMG_6381-720x480.jpg?v=1636534021\" alt=\"A plantadora de milho refere-se a uma m\u00e1quina de planta\u00e7\u00e3o que utiliza sementes de milho como objeto de semeadura. E a plantadora de milho pode completar de forma eficiente os requisitos de sulcamento e plantio do milho. Esta m\u00e1quina pode realizar opera\u00e7\u00f5es de planta\u00e7\u00e3o de milho de alta qualidade.\" class=\"wp-image-12069\" title=\"Semeador de milho\" srcset=\"https:\/\/www.agriculture-machine.com\/wp-content\/uploads\/2021\/11\/IMG_6381-720x480.jpg 720w, https:\/\/www.agriculture-machine.com\/wp-content\/uploads\/2021\/11\/IMG_6381-360x240.jpg 360w, https:\/\/www.agriculture-machine.com\/wp-content\/uploads\/2021\/11\/IMG_6381-768x512.jpg 768w, https:\/\/www.agriculture-machine.com\/wp-content\/uploads\/2021\/11\/IMG_6381-1536x1024.jpg 1536w, https:\/\/www.agriculture-machine.com\/wp-content\/uploads\/2021\/11\/IMG_6381-2048x1365.jpg 2048w\" sizes=\"auto, (max-width: 720px) 100vw, 720px\" \/><figcaption class=\"wp-element-caption\">Semeador de milho<\/figcaption><\/figure>    <h2 class=\"wp-block-heading\">Estrutura do plantador de milho de 4 linhas<\/h2>    <p>A estrutura principal do plantador de milho inclui uma caixa de sementes, um abridor de sulcos, um medidor de sementes, uma caixa de fertilizante, um dreno de fertilizante e um dispositivo de cobertura e supress\u00e3o do solo.<\/p>    <figure class=\"wp-block-gallery has-nested-images columns-default is-cropped wp-block-gallery-2 is-layout-flex wp-block-gallery-is-layout-flex\"> <figure class=\"wp-block-image size-large\"><img loading=\"lazy\" decoding=\"async\" width=\"720\" height=\"480\" data-id=\"12070\" src=\"https:\/\/www.agriculture-machine.com\/wp-content\/uploads\/2021\/11\/IMG_6392-720x480.jpg\" alt=\"Plantador de milho de 4 linhas\" class=\"wp-image-12070\" srcset=\"https:\/\/www.agriculture-machine.com\/wp-content\/uploads\/2021\/11\/IMG_6392-720x480.jpg 720w, https:\/\/www.agriculture-machine.com\/wp-content\/uploads\/2021\/11\/IMG_6392-360x240.jpg 360w, https:\/\/www.agriculture-machine.com\/wp-content\/uploads\/2021\/11\/IMG_6392-768x512.jpg 768w, https:\/\/www.agriculture-machine.com\/wp-content\/uploads\/2021\/11\/IMG_6392-1536x1024.jpg 1536w, https:\/\/www.agriculture-machine.com\/wp-content\/uploads\/2021\/11\/IMG_6392-2048x1365.jpg 2048w\" sizes=\"auto, (max-width: 720px) 100vw, 720px\" \/><\/figure>    <figure class=\"wp-block-image size-large\"><img loading=\"lazy\" decoding=\"async\" width=\"720\" height=\"480\" data-id=\"12072\" src=\"https:\/\/www.agriculture-machine.com\/wp-content\/uploads\/2021\/11\/IMG_6393-720x480.jpg\" alt=\"M\u00e1quina de planta\u00e7\u00e3o de milho \u00e0 venda\" class=\"wp-image-12072\" srcset=\"https:\/\/www.agriculture-machine.com\/wp-content\/uploads\/2021\/11\/IMG_6393-720x480.jpg 720w, https:\/\/www.agriculture-machine.com\/wp-content\/uploads\/2021\/11\/IMG_6393-360x240.jpg 360w, https:\/\/www.agriculture-machine.com\/wp-content\/uploads\/2021\/11\/IMG_6393-768x512.jpg 768w, https:\/\/www.agriculture-machine.com\/wp-content\/uploads\/2021\/11\/IMG_6393-1536x1024.jpg 1536w, https:\/\/www.agriculture-machine.com\/wp-content\/uploads\/2021\/11\/IMG_6393-2048x1365.jpg 2048w\" sizes=\"auto, (max-width: 720px) 100vw, 720px\" \/><\/figure>    <figure class=\"wp-block-image size-large\"><img loading=\"lazy\" decoding=\"async\" width=\"720\" height=\"480\" data-id=\"12075\" src=\"https:\/\/www.agriculture-machine.com\/wp-content\/uploads\/2021\/11\/IMG_6394-720x480.jpg\" alt=\"M\u00e1quina de planta\u00e7\u00e3o de milho\" class=\"wp-image-12075\" srcset=\"https:\/\/www.agriculture-machine.com\/wp-content\/uploads\/2021\/11\/IMG_6394-720x480.jpg 720w, https:\/\/www.agriculture-machine.com\/wp-content\/uploads\/2021\/11\/IMG_6394-360x240.jpg 360w, https:\/\/www.agriculture-machine.com\/wp-content\/uploads\/2021\/11\/IMG_6394-768x512.jpg 768w, https:\/\/www.agriculture-machine.com\/wp-content\/uploads\/2021\/11\/IMG_6394-1536x1024.jpg 1536w, https:\/\/www.agriculture-machine.com\/wp-content\/uploads\/2021\/11\/IMG_6394-2048x1365.jpg 2048w\" sizes=\"auto, (max-width: 720px) 100vw, 720px\" \/><\/figure> <figcaption class=\"blocks-gallery-caption wp-element-caption\">Estrutura do plantador de milho<\/figcaption><\/figure>    <figure class=\"wp-block-gallery has-nested-images columns-default is-cropped wp-block-gallery-3 is-layout-flex wp-block-gallery-is-layout-flex\"> <figure class=\"wp-block-image size-large\"><img loading=\"lazy\" decoding=\"async\" width=\"360\" height=\"540\" data-id=\"12076\" src=\"https:\/\/www.agriculture-machine.com\/wp-content\/uploads\/2021\/11\/IMG_6414-360x540.jpg\" alt=\"detalhe da m\u00e1quina\" class=\"wp-image-12076\" srcset=\"https:\/\/www.agriculture-machine.com\/wp-content\/uploads\/2021\/11\/IMG_6414-360x540.jpg 360w, https:\/\/www.agriculture-machine.com\/wp-content\/uploads\/2021\/11\/IMG_6414-180x270.jpg 180w, https:\/\/www.agriculture-machine.com\/wp-content\/uploads\/2021\/11\/IMG_6414-768x1152.jpg 768w, https:\/\/www.agriculture-machine.com\/wp-content\/uploads\/2021\/11\/IMG_6414-1024x1536.jpg 1024w, https:\/\/www.agriculture-machine.com\/wp-content\/uploads\/2021\/11\/IMG_6414-1365x2048.jpg 1365w, https:\/\/www.agriculture-machine.com\/wp-content\/uploads\/2021\/11\/IMG_6414-scaled.jpg 1707w\" sizes=\"auto, (max-width: 360px) 100vw, 360px\" \/><\/figure>    <figure class=\"wp-block-image size-large\"><img loading=\"lazy\" decoding=\"async\" width=\"360\" height=\"540\" data-id=\"12077\" src=\"https:\/\/www.agriculture-machine.com\/wp-content\/uploads\/2021\/11\/IMG_6415-360x540.jpg\" alt=\"detalhe do plantador de milho de trator\" class=\"wp-image-12077\" srcset=\"https:\/\/www.agriculture-machine.com\/wp-content\/uploads\/2021\/11\/IMG_6415-360x540.jpg 360w, https:\/\/www.agriculture-machine.com\/wp-content\/uploads\/2021\/11\/IMG_6415-180x270.jpg 180w, https:\/\/www.agriculture-machine.com\/wp-content\/uploads\/2021\/11\/IMG_6415-768x1152.jpg 768w, https:\/\/www.agriculture-machine.com\/wp-content\/uploads\/2021\/11\/IMG_6415-1024x1536.jpg 1024w, https:\/\/www.agriculture-machine.com\/wp-content\/uploads\/2021\/11\/IMG_6415-1365x2048.jpg 1365w, https:\/\/www.agriculture-machine.com\/wp-content\/uploads\/2021\/11\/IMG_6415-scaled.jpg 1707w\" sizes=\"auto, (max-width: 360px) 100vw, 360px\" \/><\/figure>    <figure class=\"wp-block-image size-large\"><img loading=\"lazy\" decoding=\"async\" width=\"360\" height=\"540\" data-id=\"12078\" src=\"https:\/\/www.agriculture-machine.com\/wp-content\/uploads\/2021\/11\/IMG_6416-360x540.jpg\" alt=\"Exibi\u00e7\u00e3o do plantador de milho\" class=\"wp-image-12078\" srcset=\"https:\/\/www.agriculture-machine.com\/wp-content\/uploads\/2021\/11\/IMG_6416-360x540.jpg 360w, https:\/\/www.agriculture-machine.com\/wp-content\/uploads\/2021\/11\/IMG_6416-180x270.jpg 180w, https:\/\/www.agriculture-machine.com\/wp-content\/uploads\/2021\/11\/IMG_6416-768x1152.jpg 768w, https:\/\/www.agriculture-machine.com\/wp-content\/uploads\/2021\/11\/IMG_6416-1024x1536.jpg 1024w, https:\/\/www.agriculture-machine.com\/wp-content\/uploads\/2021\/11\/IMG_6416-1365x2048.jpg 1365w, https:\/\/www.agriculture-machine.com\/wp-content\/uploads\/2021\/11\/IMG_6416-scaled.jpg 1707w\" sizes=\"auto, (max-width: 360px) 100vw, 360px\" \/><\/figure> <figcaption class=\"blocks-gallery-caption wp-element-caption\">Estrutura do plantador de milho<\/figcaption><\/figure>    <h2 class=\"wp-block-heading\">Princ\u00edpio de funcionamento do plantador de milho \u00e0 venda<\/h2>    <p>No processo de opera\u00e7\u00f5es de planta\u00e7\u00e3o, a principal fonte de energia da plantadora vem do eixo de sa\u00edda de pot\u00eancia traseiro do trator.<\/p>    <p>Sob tra\u00e7\u00e3o do trator, o abridor abre um sulco para semear e fertilizar dentro de uma profundidade predefinida.<\/p>    <p>Devido \u00e0 for\u00e7a de atrito, a roda de solo rola continuamente e aciona o dispositivo de descarga de sementes durante o avan\u00e7o. Depois, drena as sementes e fertilizantes para o sulco atrav\u00e9s de diferentes tubula\u00e7\u00f5es. Por fim, usa o dispositivo de cobertura de solo e o dispositivo de compacta\u00e7\u00e3o para cobrir e compactar o solo.<\/p>    <h2 class=\"wp-block-heading\">V\u00eddeo de trabalho do plantador de milho doce<\/h2>    <figure class=\"wp-block-embed is-type-video is-provider-youtube wp-block-embed-youtube wp-embed-aspect-16-9 wp-has-aspect-ratio\"><div class=\"wp-block-embed__wrapper\"> <iframe loading=\"lazy\" title=\"Plantador de milho\/Plantador de milho de 4 linhas\/Fornecimento de trator para plantador de milho\/Plantador de milho doce\/M\u00e1quina de planta\u00e7\u00e3o de milho\" width=\"500\" height=\"281\" src=\"https:\/\/www.youtube.com\/embed\/snO8WSZ3oug?feature=oembed\" frameborder=\"0\" allow=\"accelerometer; autoplay; clipboard-write; encrypted-media; gyroscope; picture-in-picture; web-share\" referrerpolicy=\"strict-origin-when-cross-origin\" allowfullscreen><\/iframe> <\/div><figcaption class=\"wp-element-caption\">V\u00eddeo de trabalho do plantador de milho<\/figcaption><\/figure>    <h2 class=\"wp-block-heading\">Par\u00e2metros do equipamento de planta\u00e7\u00e3o de milho<\/h2>    <figure class=\"wp-block-table is-style-stripes\"><table><tbody><tr><td>Modelo<\/td><td>Dimens\u00e3o total (mm)<\/td><td>Fileiras<\/td><td>Espa\u00e7amento entre linhas (mm)<\/td><td>Profundidade do sulco (mm)<\/td><td>Fertiliza\u00e7\u00e3o<br>(mm)<\/td><td>Profundidade de semeadura (mm)<\/td><td>Peso (kg)<\/td><td>Pot\u00eancia compat\u00edvel (HP)<\/td><\/tr><tr><td>2BYSF-4<\/td><td>1620*2350*1200<\/td><td>4<\/td><td>428-570<\/td><td>60-80<\/td><td>60-80<\/td><td>30-50<\/td><td>270<\/td><td>25-40<\/td><\/tr><\/tbody><\/table><figcaption class=\"wp-element-caption\">Dados t\u00e9cnicos da m\u00e1quina de planta\u00e7\u00e3o de milho<\/figcaption><\/figure>    <h2 class=\"wp-block-heading\">Vantagens da m\u00e1quina de planta\u00e7\u00e3o de milho<\/h2>    <p>1. Economize tempo e esfor\u00e7o. O plantador de milho pode completar os processos de escava\u00e7\u00e3o, marca\u00e7\u00e3o e fertiliza\u00e7\u00e3o de uma s\u00f3 vez.<\/p>    <p>2. Al\u00e9m do plantio de milho, tamb\u00e9m pode ser usado para feij\u00e3o, sorgo e outras culturas que precisam de plantio.<\/p>    <p>3. A m\u00e1quina \u00e9 flex\u00edvel e economiza \u00f3leo diesel. A estrutura compacta a torna mais flex\u00edvel ao virar. Ao mesmo tempo, a pot\u00eancia de suporte tamb\u00e9m \u00e9 reduzida durante o projeto, o que pode reduzir o consumo de diesel. Al\u00e9m disso, n\u00e3o requer muita pot\u00eancia para rebocar a m\u00e1quina.<\/p>    <p>4. A dist\u00e2ncia entre linhas e espa\u00e7amento entre plantas do m\u00e1quina s\u00e3o ajust\u00e1veis. E a profundidade da semeadura tamb\u00e9m pode ser ajustada. Pode atender aos requisitos de semeadura de diferentes terrenos.<\/p>    <p>5. As sementes s\u00e3o semeadas de forma uniforme. Pode garantir que a profundidade de semeadura seja consistente, e n\u00e3o haver\u00e1 uma situa\u00e7\u00e3o de uma semente profunda e outra superficial.<\/p>    <p>6. A taxa de emerg\u00eancia \u00e9 alta. Usar um plantador para semear milho pode fazer com que as sementes de milho fiquem em solo relativamente macio, garantindo uma certa taxa de emerg\u00eancia.<\/p>    <figure class=\"wp-block-image aligncenter size-full\"><img loading=\"lazy\" decoding=\"async\" width=\"720\" height=\"540\" src=\"https:\/\/www.agriculture-machine.com\/wp-content\/uploads\/2021\/11\/maize-planting-machine.webp\" alt=\"M\u00e1quina de planta\u00e7\u00e3o de milho\" class=\"wp-image-15690\" srcset=\"https:\/\/www.agriculture-machine.com\/wp-content\/uploads\/2021\/11\/maize-planting-machine.webp 720w, https:\/\/www.agriculture-machine.com\/wp-content\/uploads\/2021\/11\/maize-planting-machine-360x270.webp 360w, https:\/\/www.agriculture-machine.com\/wp-content\/uploads\/2021\/11\/maize-planting-machine-240x180.webp 240w\" sizes=\"auto, (max-width: 720px) 100vw, 720px\" \/><figcaption class=\"wp-element-caption\">M\u00e1quina de planta\u00e7\u00e3o de milho<\/figcaption><\/figure>    <h2 class=\"wp-block-heading\">Preste aten\u00e7\u00e3o aos seguintes pontos ao usar corretamente o plantador<\/h2>    <h3 class=\"wp-block-heading\">Antes de plantar<\/h3>    <div class=\"wp-block-group is-layout-flow wp-block-group-is-layout-flow\"> <ul class=\"wp-block-list\"> <li>Manuten\u00e7\u00e3o antes de entrar no campo. Limpe os detritos na caixa de sementes e a grama e o solo emaranhados no abridor. E adicione \u00f3leo lubrificante \u00e0 transmiss\u00e3o e \u00e0s partes rotativas do trator e do plantador de acordo com as exig\u00eancias do manual. Preste aten\u00e7\u00e3o especial \u00e0 lubrifica\u00e7\u00e3o e tens\u00e3o da corrente de transmiss\u00e3o. E tamb\u00e9m ao aperto dos parafusos do plantador antes de cada opera\u00e7\u00e3o.<\/li>    <li>A estrutura n\u00e3o pode ser inclinada. Ap\u00f3s acoplar o plantador ao trator, n\u00e3o deve ser inclinado. Durante o trabalho, a frente e a parte de tr\u00e1s do suporte devem estar niveladas.<\/li>    <li>Fa\u00e7a v\u00e1rios ajustes. Ajuste a quantidade de sementes e o espa\u00e7amento entre linhas do abridor conforme exigido pelo manual de instru\u00e7\u00f5es.<\/li>    <li>Preste aten\u00e7\u00e3o ao adicionar sementes. As sementes adicionadas \u00e0 caixa de sementes est\u00e3o livres de impurezas e sementes ruins. Para garantir a efic\u00e1cia das sementes. Em segundo lugar, a quantidade de sementes adicionadas \u00e0 caixa deve ser pelo menos suficiente para cobrir a entrada da caixa de sementes para garantir uma semeadura suave.<\/li>    <li>Semeadura de teste. Para garantir a qualidade da semeadura. Antes de plantar uma grande \u00e1rea, devemos insistir em uma semeadura de teste de 20 metros. Depois, observe a condi\u00e7\u00e3o de funcionamento do plantador. Ap\u00f3s confirmar que atende aos requisitos agron\u00f4micos locais, realiza-se o plantio em grande escala.<\/li> <\/ul> <\/div>    <h3 class=\"wp-block-heading\">Durante o plantio<\/h3>    <div class=\"wp-block-group is-layout-flow wp-block-group-is-layout-flow\"> <ul class=\"wp-block-list\"> <li>Preste aten\u00e7\u00e3o a conduzir em linha reta a uma velocidade constante. Ao semear, o agricultor deve prestar aten\u00e7\u00e3o \u00e0 retid\u00e3o a uma velocidade uniforme. N\u00e3o v\u00e1 r\u00e1pido ou devagar ou pare no meio para evitar repeti\u00e7\u00f5es de broadcasts perdidos. Para evitar entupimento do abridor, a eleva\u00e7\u00e3o e descida do plantador devem ser operadas enquanto se move. Portanto, levante o plantador ao recuar ou virar.<\/li>    <li>Semeie o solo primeiro. Semeie o solo na horizontal primeiro, para n\u00e3o endurecer o solo e causar semeadura muito superficial.<\/li>    <li>Observe frequentemente. Ao semear, sempre observe as condi\u00e7\u00f5es de funcionamento do dispositivo de medi\u00e7\u00e3o, abridor, cobertura e mecanismo de transmiss\u00e3o. Se argila, grama emaranhada ou cobertura de sementes n\u00e3o estiverem apertados, remova-os a tempo. Ajustes, reparos, lubrifica\u00e7\u00e3o ou limpeza de grama emaranhada devem ser feitos ap\u00f3s estacionar.<\/li>    <li>Proteja as pe\u00e7as da m\u00e1quina. Quando a plantadora estiver em funcionamento, \u00e9 estritamente proibido recuar ou fazer curvas acentuadas. A eleva\u00e7\u00e3o ou descida da plantadora deve ser feita lentamente para evitar danos \u00e0s pe\u00e7as.<\/li>    <li>Preste aten\u00e7\u00e3o \u00e0 caixa de sementes. Durante a opera\u00e7\u00e3o, as sementes na caixa de sementes n\u00e3o devem ser inferiores a 1\/5 do volume da caixa. Ao transportar ou transferir parcelas, a caixa de sementes n\u00e3o deve conter sementes ou objetos pesados.<\/li> <\/ul> <\/div>    <p>Para mais informa\u00e7\u00f5es sobre a m\u00e1quina, por favor, n\u00e3o hesite em contactar-nos.<\/p>","protected":false},"excerpt":{"rendered":"<p>A plantadora de milho refere-se a uma m\u00e1quina de planta\u00e7\u00e3o que utiliza sementes de milho como objeto de semeadura. E a plantadora de milho pode completar de forma eficiente os requisitos de sulcamento e plantio do milho. Esta m\u00e1quina pode realizar opera\u00e7\u00f5es de planta\u00e7\u00e3o de milho de alta qualidade.<\/p>","protected":false},"author":1,"featured_media":12081,"parent":0,"comment_status":"closed","ping_status":"closed","template":"","tags":[491,492,698],"product-type":[882,870],"class_list":["post-12065","product","type-product","status-publish","has-post-thumbnail","hentry","tag-corn","tag-planter","tag-tractor","product-type-corn-planter","product-type-planter"],"_links":{"self":[{"href":"https:\/\/www.agriculture-machine.com\/pt\/wp-json\/wp\/v2\/product\/12065","targetHints":{"allow":["GET"]}}],"collection":[{"href":"https:\/\/www.agriculture-machine.com\/pt\/wp-json\/wp\/v2\/product"}],"about":[{"href":"https:\/\/www.agriculture-machine.com\/pt\/wp-json\/wp\/v2\/types\/product"}],"author":[{"embeddable":true,"href":"https:\/\/www.agriculture-machine.com\/pt\/wp-json\/wp\/v2\/users\/1"}],"replies":[{"embeddable":true,"href":"https:\/\/www.agriculture-machine.com\/pt\/wp-json\/wp\/v2\/comments?post=12065"}],"wp:featuredmedia":[{"embeddable":true,"href":"https:\/\/www.agriculture-machine.com\/pt\/wp-json\/wp\/v2\/media\/12081"}],"wp:attachment":[{"href":"https:\/\/www.agriculture-machine.com\/pt\/wp-json\/wp\/v2\/media?parent=12065"}],"wp:term":[{"taxonomy":"post_tag","embeddable":true,"href":"https:\/\/www.agriculture-machine.com\/pt\/wp-json\/wp\/v2\/tags?post=12065"},{"taxonomy":"product-type","embeddable":true,"href":"https:\/\/www.agriculture-machine.com\/pt\/wp-json\/wp\/v2\/product-type?post=12065"}],"curies":[{"name":"wp","href":"https:\/\/api.w.org\/{rel}","templated":true}]}}