{"id":1207,"date":"2018-10-22T05:52:41","date_gmt":"2018-10-21T21:52:41","guid":{"rendered":"https:\/\/www.agriculture-machine.com\/?p=1207"},"modified":"2026-02-25T17:00:43","modified_gmt":"2026-02-25T09:00:43","slug":"corn-grinder-machine","status":"publish","type":"product","link":"https:\/\/www.agriculture-machine.com\/pt\/corn-grinder-machine\/","title":{"rendered":"M\u00e1quina de Moer Milho | M\u00e1quina de Moer"},"content":{"rendered":"<p class=\"translation-block\"><strong>M\u00e1quina de moagem de milho<\/strong>pode processar gr\u00e3os em farinha, amplamente utilizada na ind\u00fastria de processamento de alimentos. Com o desenvolvimento da agricultura, a produ\u00e7\u00e3o de gr\u00e3os aumentou significativamente. <\/p>    <figure class=\"wp-block-embed is-type-video is-provider-youtube wp-block-embed-youtube wp-embed-aspect-16-9 wp-has-aspect-ratio\"><div class=\"wp-block-embed__wrapper\"> <iframe loading=\"lazy\" title=\"p\u00f3 muito fino! M\u00e1quina de moagem de milho\/disco ou disco de moinho de milho\/triturador de milho\" width=\"500\" height=\"281\" src=\"https:\/\/www.youtube.com\/embed\/GpSOvkaJMOE?feature=oembed\" frameborder=\"0\" allow=\"accelerometer; autoplay; clipboard-write; encrypted-media; gyroscope; picture-in-picture; web-share\" referrerpolicy=\"strict-origin-when-cross-origin\" allowfullscreen><\/iframe> <\/div><figcaption class=\"wp-element-caption\">m\u00e1quina de fazer farinha de gr\u00e3o de moinho de disco<\/figcaption><\/figure>    <p class=\"translation-block\">E o equipamento agr\u00edcola tem sido amplamente utilizado. Podemos usar a m\u00e1quina agr\u00edcola em v\u00e1rias culturas, como milho, trigo, arroz, feij\u00e3o, etc. Como o milho, podemos plantar sementes de milho no solo usando a plantadeira de milho. Ap\u00f3s a recep\u00e7\u00e3o do milho, podemos usar o <a href=\"https:\/\/www.agriculture-machine.com\/pt\/maize-peeler-and-thresher\/\"><strong>descascador e trilhador de milho<\/strong><\/a> para processar o milho. Assim, podemos economizar muito tempo e energia. <\/p>    <p>Al\u00e9m disso, para processar o milho em farinha de milho, podemos usar a m\u00e1quina de moagem de milho. \u00c9 adequada para opera\u00e7\u00f5es de processamento de sementes, mercados de gr\u00e3os e \u00f3leos, supermercados, escolas, institui\u00e7\u00f5es, cantinas e outras unidades. \u00c9 uma boa ajuda para as pessoas. <\/p>    <h2 class=\"wp-block-heading\">Vis\u00e3o geral da m\u00e1quina de moagem de milho<\/h2>    <p class=\"translation-block\">A s\u00e9rie TZ <strong>moedor de gr\u00e3os<\/strong> produzida pela nossa empresa \u00e9 um tipo de m\u00e1quina multifuncional, tamb\u00e9m conhecida pelo seu excelente efeito de tritura\u00e7\u00e3o. <\/p>    <p>O moedor de trigo tem uma estrutura compacta, apar\u00eancia bonita, uso confi\u00e1vel, manuten\u00e7\u00e3o e instala\u00e7\u00e3o convenientes, amplamente aplicado a milho, arroz, milho, feij\u00f5es, trigo, etc. <\/p>    <p>O tamanho da tela pode ser personalizado de acordo com os seus requisitos. Ap\u00f3s o processamento, voc\u00ea pode obter farinha muito fina.<\/p>    <figure class=\"wp-block-gallery aligncenter has-nested-images columns-2 is-cropped wp-block-gallery-2 is-layout-flex wp-block-gallery-is-layout-flex\"> <figure class=\"wp-block-image size-large\"><img loading=\"lazy\" decoding=\"async\" width=\"360\" height=\"540\" data-id=\"1210\" src=\"https:\/\/www.agriculture-machine.com\/wp-content\/uploads\/2018\/10\/corn-grinder-machine2-360x540.jpg\" alt=\"m\u00e1quina de moagem de milho2\" class=\"wp-image-1210\" srcset=\"https:\/\/www.agriculture-machine.com\/wp-content\/uploads\/2018\/10\/corn-grinder-machine2-360x540.jpg 360w, https:\/\/www.agriculture-machine.com\/wp-content\/uploads\/2018\/10\/corn-grinder-machine2-180x270.jpg 180w, https:\/\/www.agriculture-machine.com\/wp-content\/uploads\/2018\/10\/corn-grinder-machine2.jpg 500w\" sizes=\"auto, (max-width: 360px) 100vw, 360px\" \/><figcaption class=\"wp-element-caption\">m\u00e1quina de moagem de milho2<\/figcaption><\/figure>    <figure class=\"wp-block-image size-large\"><img loading=\"lazy\" decoding=\"async\" width=\"360\" height=\"540\" data-id=\"1209\" src=\"https:\/\/www.agriculture-machine.com\/wp-content\/uploads\/2018\/10\/corn-grinder-machine1-360x540.jpg\" alt=\"m\u00e1quina de moagem de milho1\" class=\"wp-image-1209\" srcset=\"https:\/\/www.agriculture-machine.com\/wp-content\/uploads\/2018\/10\/corn-grinder-machine1-360x540.jpg 360w, https:\/\/www.agriculture-machine.com\/wp-content\/uploads\/2018\/10\/corn-grinder-machine1-180x270.jpg 180w, https:\/\/www.agriculture-machine.com\/wp-content\/uploads\/2018\/10\/corn-grinder-machine1.jpg 500w\" sizes=\"auto, (max-width: 360px) 100vw, 360px\" \/><figcaption class=\"wp-element-caption\">m\u00e1quina de moagem de milho1<\/figcaption><\/figure> <\/figure>    <h2 class=\"wp-block-heading\">Par\u00e2metro t\u00e9cnico da m\u00e1quina de tritura\u00e7\u00e3o de gr\u00e3os<\/h2>    <figure class=\"wp-block-table is-style-stripes\"><table><tbody><tr><td>Modelo<\/td><td>9FZ-280<\/td><\/tr><tr><td>Capacidade<\/td><td>300-500kg\/h<\/td><\/tr><tr><td>Peso<\/td><td>&nbsp;60kg<\/td><\/tr><tr><td>Tamanho<\/td><td>530*420*440mm<\/td><\/tr><\/tbody><\/table><figcaption class=\"wp-element-caption\">Dados t\u00e9cnicos do modelo de venda quente do moinho de disco de gr\u00e3os<\/figcaption><\/figure>    <h2 class=\"wp-block-heading\">Vantagens de um moinho de gr\u00e3os<\/h2>    <ol class=\"wp-block-list\"> <li>Farinha muito fina. O gr\u00e3o processado pela m\u00e1quina de moagem de milho \u00e9 muito fino.<\/li>    <li>Voc\u00ea pode escolher diferentes modelos e capacidades de acordo com suas necessidades. Temos muitos tipos deste tipo de m\u00e1quina, e voc\u00ea tem muitas op\u00e7\u00f5es.<\/li>    <li>Ampla aplica\u00e7\u00e3o. A mat\u00e9ria-prima pode ser milho, arroz, milho, feij\u00f5es, trigo, etc.<\/li>    <li>Alta capacidade, \u00f3timo desempenho e opera\u00e7\u00e3o f\u00e1cil.<\/li> <\/ol>    <figure class=\"wp-block-gallery has-nested-images columns-2 is-cropped wp-block-gallery-3 is-layout-flex wp-block-gallery-is-layout-flex\"> <figure class=\"wp-block-image size-large\"><img loading=\"lazy\" decoding=\"async\" width=\"500\" height=\"333\" data-id=\"1212\" src=\"https:\/\/www.agriculture-machine.com\/wp-content\/uploads\/2018\/10\/corn-grinder-machine4.jpg\" alt=\"m\u00e1quina de moagem de milho4\" class=\"wp-image-1212\" srcset=\"https:\/\/www.agriculture-machine.com\/wp-content\/uploads\/2018\/10\/corn-grinder-machine4.jpg 500w, https:\/\/www.agriculture-machine.com\/wp-content\/uploads\/2018\/10\/corn-grinder-machine4-360x240.jpg 360w\" sizes=\"auto, (max-width: 500px) 100vw, 500px\" \/><figcaption class=\"wp-element-caption\">m\u00e1quina de moagem de milho4<\/figcaption><\/figure>    <figure class=\"wp-block-image size-large\"><img loading=\"lazy\" decoding=\"async\" width=\"500\" height=\"333\" data-id=\"1211\" src=\"https:\/\/www.agriculture-machine.com\/wp-content\/uploads\/2018\/10\/corn-grinder-machine3.jpg\" alt=\"m\u00e1quina de moagem de milho3\" class=\"wp-image-1211\" srcset=\"https:\/\/www.agriculture-machine.com\/wp-content\/uploads\/2018\/10\/corn-grinder-machine3.jpg 500w, https:\/\/www.agriculture-machine.com\/wp-content\/uploads\/2018\/10\/corn-grinder-machine3-360x240.jpg 360w\" sizes=\"auto, (max-width: 500px) 100vw, 500px\" \/><figcaption class=\"wp-element-caption\">m\u00e1quina de moagem de milho3<\/figcaption><\/figure> <\/figure>    <h2 class=\"wp-block-heading\">Dicas sobre o moinho de disco de moagem<\/h2>    <ol class=\"wp-block-list\"> <li>\u00c9 uma m\u00e1quina de moagem de disco para gr\u00e3os.<\/li>    <li>A estrutura interna.<\/li>    <li>A tela redonda e a placa de disco s\u00e3o duas partes importantes.<\/li>    <li>As mat\u00e9rias-primas incluem pimenta, sorgo, trigo, estrela anis, etc.<\/li>    <li>\u00c9 um local de teste de moagem de milho<\/li>    <li>Despeje o milho na entrada.<\/li>    <li>A m\u00e1quina est\u00e1 a funcionar agora<\/li>    <li>Pode ser acionado por um motor.<\/li>    <li>A m\u00e1quina funciona de forma est\u00e1vel durante a opera\u00e7\u00e3o e \u00e9 apreciada por agricultores de diferentes pa\u00edses.<\/li>    <li>O p\u00f3 final de milho \u00e9 muito fino e pode ser usado para alimentar animais.<\/li>    <li>A sua capacidade \u00e9 de 300kg\/h, e \u00e9 muito adequada para uso dom\u00e9stico.<\/li>    <li>As telas podem ser trocadas de acordo com o tamanho de diferentes culturas.<\/li> <\/ol>    <h2 class=\"wp-block-heading\"><span style=\"font-size: 24px; font-weight: bold;\">Caso de sucesso do moinho de gr\u00e3os<\/span><\/h2>    <figure class=\"wp-block-gallery has-nested-images columns-2 is-cropped wp-block-gallery-4 is-layout-flex wp-block-gallery-is-layout-flex\"> <figure class=\"wp-block-image size-large\"><img loading=\"lazy\" decoding=\"async\" width=\"500\" height=\"500\" data-id=\"2991\" src=\"https:\/\/www.agriculture-machine.com\/wp-content\/uploads\/2018\/07\/333.jpg\" alt=\"imagem de envio\" class=\"wp-image-2991\" srcset=\"https:\/\/www.agriculture-machine.com\/wp-content\/uploads\/2018\/07\/333.jpg 500w, https:\/\/www.agriculture-machine.com\/wp-content\/uploads\/2018\/07\/333-270x270.jpg 270w\" sizes=\"auto, (max-width: 500px) 100vw, 500px\" \/><figcaption class=\"wp-element-caption\">Imagem do envio<\/figcaption><\/figure>    <figure class=\"wp-block-image size-large\"><img loading=\"lazy\" decoding=\"async\" width=\"500\" height=\"500\" data-id=\"2990\" src=\"https:\/\/www.agriculture-machine.com\/wp-content\/uploads\/2018\/07\/222.jpg\" alt=\"imagem de envio\" class=\"wp-image-2990\" srcset=\"https:\/\/www.agriculture-machine.com\/wp-content\/uploads\/2018\/07\/222.jpg 500w, https:\/\/www.agriculture-machine.com\/wp-content\/uploads\/2018\/07\/222-270x270.jpg 270w\" sizes=\"auto, (max-width: 500px) 100vw, 500px\" \/><figcaption class=\"wp-element-caption\">imagem de envio<\/figcaption><\/figure> <\/figure>    <h2 class=\"wp-block-heading\">Perguntas frequentes sobre o moinho de disco<\/h2>   <div id=\"rank-math-faq\" class=\"rank-math-block\"> <div class=\"rank-math-list\"> <div id=\"faq-question-1772009959207\" class=\"rank-math-list-item\"> <h3 class=\"rank-math-question\"><strong>Qual \u00e9 a capacidade do moinho m\u00e1gico de trigo?<\/strong><\/h3> <div class=\"rank-math-answer\">  <p>Esta s\u00e9rie de m\u00e1quinas tem muitas capacidades diferentes, e voc\u00ea pode personaliz\u00e1-la de acordo com as suas necessidades.<\/p>  <\/div> <\/div> <div id=\"faq-question-1772009967837\" class=\"rank-math-list-item\"> <h3 class=\"rank-math-question\"><strong>Qual \u00e9 a mat\u00e9ria-prima?<\/strong><\/h3> <div class=\"rank-math-answer\">  <p>milho, arroz, milho, feij\u00f5es, trigo.<\/p>  <\/div> <\/div> <div id=\"faq-question-1772009974632\" class=\"rank-math-list-item\"> <h3 class=\"rank-math-question\"><strong>Qual \u00e9 o efeito de tritura\u00e7\u00e3o?<\/strong><\/h3> <div class=\"rank-math-answer\">  <p>O efeito de tritura\u00e7\u00e3o \u00e9 muito bom, e voc\u00ea pode obter farinha excelente.<\/p>  <\/div> <\/div> <\/div> <\/div>   <h2 class=\"wp-block-heading\">Contate-nos a qualquer momento<\/h2>    <p>Obrigado por ler a nossa introdu\u00e7\u00e3o ao moinho de disco. Se estiver interessado nos nossos produtos ou tiver alguma d\u00favida, n\u00e3o hesite em contactar-nos. A nossa equipa profissional ficar\u00e1 feliz em fornecer informa\u00e7\u00f5es detalhadas e convidamo-lo a visitar a nossa f\u00e1brica para experimentar a nossa tecnologia avan\u00e7ada e equipamentos de alta qualidade. Esperamos poder oferecer-lhe um servi\u00e7o excelente!<\/p>","protected":false},"excerpt":{"rendered":"<p>Este moinho de milho destaca-se pelo seu design eficiente e vers\u00e1til. N\u00e3o s\u00f3 fornece farinha de alta qualidade e uniforme, mas tamb\u00e9m possui op\u00e7\u00f5es de ajuste de precis\u00e3o e constru\u00e7\u00e3o confi\u00e1vel e dur\u00e1vel, tornando-o ideal para o processamento moderno de gr\u00e3os.<\/p>","protected":false},"author":1,"featured_media":1213,"parent":0,"comment_status":"closed","ping_status":"closed","template":"","tags":[491,924],"product-type":[898],"class_list":["post-1207","product","type-product","status-publish","has-post-thumbnail","hentry","tag-corn","tag-flour","product-type-disk-mill"],"_links":{"self":[{"href":"https:\/\/www.agriculture-machine.com\/pt\/wp-json\/wp\/v2\/product\/1207","targetHints":{"allow":["GET"]}}],"collection":[{"href":"https:\/\/www.agriculture-machine.com\/pt\/wp-json\/wp\/v2\/product"}],"about":[{"href":"https:\/\/www.agriculture-machine.com\/pt\/wp-json\/wp\/v2\/types\/product"}],"author":[{"embeddable":true,"href":"https:\/\/www.agriculture-machine.com\/pt\/wp-json\/wp\/v2\/users\/1"}],"replies":[{"embeddable":true,"href":"https:\/\/www.agriculture-machine.com\/pt\/wp-json\/wp\/v2\/comments?post=1207"}],"wp:featuredmedia":[{"embeddable":true,"href":"https:\/\/www.agriculture-machine.com\/pt\/wp-json\/wp\/v2\/media\/1213"}],"wp:attachment":[{"href":"https:\/\/www.agriculture-machine.com\/pt\/wp-json\/wp\/v2\/media?parent=1207"}],"wp:term":[{"taxonomy":"post_tag","embeddable":true,"href":"https:\/\/www.agriculture-machine.com\/pt\/wp-json\/wp\/v2\/tags?post=1207"},{"taxonomy":"product-type","embeddable":true,"href":"https:\/\/www.agriculture-machine.com\/pt\/wp-json\/wp\/v2\/product-type?post=1207"}],"curies":[{"name":"wp","href":"https:\/\/api.w.org\/{rel}","templated":true}]}}