{"id":12112,"date":"2021-11-12T18:33:28","date_gmt":"2021-11-12T10:33:28","guid":{"rendered":"https:\/\/www.agriculture-machine.com\/?p=12112"},"modified":"2024-09-23T11:23:30","modified_gmt":"2024-09-23T03:23:30","slug":"gasoline-self-propelled-vegetable-planter-six-row-push-seeder-wholesale-gasoline-vegetable-seeder","status":"publish","type":"product","link":"https:\/\/www.agriculture-machine.com\/pt\/gasoline-self-propelled-vegetable-planter-six-row-push-seeder-wholesale-gasoline-vegetable-seeder\/","title":{"rendered":"Cultivador de seis linhas autopropelido a gasolina para hortali\u00e7as"},"content":{"rendered":"<p><\/p>    <p>Com o desenvolvimento do cultivo de hortali\u00e7as em grande escala, muitos agricultores cultivam v\u00e1rias hortali\u00e7as em plan\u00edcies, colinas e estufas. Portanto, os agricultores usam amplamente cultivadores de legumes autopropelidos. <\/p>    <p>O cultivador de legumes autopropelido \u00e9 adequado para plan\u00edcies, colinas, pomares, estufas, campos de hortali\u00e7as, terras secas e \u00e1reas montanhosas. E esta m\u00e1quina pode plantar uma variedade de hortali\u00e7as, como repolho, cenouras, rabanetes, espinafre, alface, aipo, etc. Al\u00e9m disso, a m\u00e1quina possui tra\u00e7\u00e3o motorizada, trabalho leve, economia de m\u00e3o de obra. A estrutura da m\u00e1quina \u00e9 simples e f\u00e1cil de operar. Al\u00e9m disso, \u00e9 de tamanho compacto e economiza espa\u00e7o. A qualidade da semeadura \u00e9 boa, e a tecnologia de semeadura atende aos padr\u00f5es agron\u00f4micos.<\/p>    <h2 class=\"wp-block-heading\" id=\"h-introduction-of-the-self-propelled-vegetable-planter\">Introdu\u00e7\u00e3o ao cultivador de hortali\u00e7as autopropelido<\/h2>    <p>O cultivador de hortali\u00e7as autopropelido \u00e9 adequado para opera\u00e7\u00f5es de grande \u00e1rea. E esta m\u00e1quina pode completar escava\u00e7\u00e3o, semeadura, cobertura de solo e press\u00e3o de explos\u00e3o de uma s\u00f3 vez. A m\u00e1quina possui sua pr\u00f3pria pot\u00eancia, opera\u00e7\u00e3o manual f\u00e1cil e alta efici\u00eancia. A roda de semeadura feita de material especial da m\u00e1quina pode soltar sementes com precis\u00e3o e a taxa de queda \u00e9 de 100%. Ambos os lados do equipamento t\u00eam rodas de borracha m\u00f3veis, facilitando o movimento do cultivador para o armaz\u00e9m quando n\u00e3o est\u00e1 em opera\u00e7\u00e3o.<\/p>    <figure class=\"wp-block-image size-large\"><img loading=\"lazy\" decoding=\"async\" width=\"720\" height=\"540\" src=\"https:\/\/www.agriculture-machine.com\/wp-content\/uploads\/2021\/11\/\u5fae\u4fe1\u56fe\u7247_20201228103823-720x540.jpg?v=1636712471\" alt=\"\" class=\"wp-image-12116\" srcset=\"https:\/\/www.agriculture-machine.com\/wp-content\/uploads\/2021\/11\/\u5fae\u4fe1\u56fe\u7247_20201228103823-720x540.jpg 720w, https:\/\/www.agriculture-machine.com\/wp-content\/uploads\/2021\/11\/\u5fae\u4fe1\u56fe\u7247_20201228103823-360x270.jpg 360w, https:\/\/www.agriculture-machine.com\/wp-content\/uploads\/2021\/11\/\u5fae\u4fe1\u56fe\u7247_20201228103823-240x180.jpg 240w, https:\/\/www.agriculture-machine.com\/wp-content\/uploads\/2021\/11\/\u5fae\u4fe1\u56fe\u7247_20201228103823-768x576.jpg 768w, https:\/\/www.agriculture-machine.com\/wp-content\/uploads\/2021\/11\/\u5fae\u4fe1\u56fe\u7247_20201228103823.jpg 1440w\" sizes=\"auto, (max-width: 720px) 100vw, 720px\" \/><figcaption><br>Semeador manual de seis linhas a gasolina para hortali\u00e7as<\/figcaption><\/figure>    <h2 class=\"wp-block-heading\">Campos aplic\u00e1veis do semeador de legumes de seis linhas<\/h2>    <h3 class=\"wp-block-heading\"><strong>Terreno adequado<\/strong><\/h3>    <p>montanhas, colinas, estufas, pomares, campos de hortali\u00e7as, terras secas, etc.<\/p>    <h3 class=\"wp-block-heading\"><strong>\u00c2mbito de aplica\u00e7\u00e3o do cultivador de legumes autopropelido<\/strong><\/h3>    <p>Beterraba, Couve, Br\u00f3colos, Mostarda, Aipo, Amaranth, Bok choy, R\u00facula, Yu Choi, Repolho de Taiwan, Espinafre, Acelga, Cebolinhas, Alho-por\u00f3, Coentro, Kan Kong, Repolho Napa, Cenouras, Rabanete, Nabo, etc.<\/p>    <h3 class=\"wp-block-heading\"><strong>Campos aplic\u00e1veis<\/strong><\/h3>    <p>agricultura, semeadura agr\u00edcola.<\/p>    <h2 class=\"wp-block-heading\">Estrutura do semeador de seis linhas<\/h2>    <p>A m\u00e1quina inclui o quadro principal, dispositivo de condu\u00e7\u00e3o, dispositivo de escava\u00e7\u00e3o e dispositivo de semeadura.<\/p>    <p>1. O quadro principal inclui a estrutura, a roda de condu\u00e7\u00e3o dianteira, a roda de condu\u00e7\u00e3o traseira, a caixa lateral esquerda, a caixa lateral direita, a placa inferior, a estrutura de eleva\u00e7\u00e3o, a barra de prote\u00e7\u00e3o frontal e o apoio de bra\u00e7o.<\/p>    <p>2. A placa inferior segura o dispositivo de condu\u00e7\u00e3o.<\/p>    <p>3. O quadro de eleva\u00e7\u00e3o possui um dispositivo de semeadura que se conecta \u00e0s caixas laterais esquerda e direita por dobradi\u00e7as.<\/p>    <p>4. Na posi\u00e7\u00e3o correspondente do dispositivo de semeadura, instalamos o dispositivo de escava\u00e7\u00e3o na estrutura. Pode controlar a profundidade da escava\u00e7\u00e3o ao semear. \u00c9 conveniente para limpar as sementes e n\u00e3o perder sementes, evitando desperd\u00edcio. Ao mesmo tempo, pode girar de forma flex\u00edvel no campo ou transferir entre estufas e estufas.<\/p>    <figure class=\"wp-block-gallery columns-3 is-cropped wp-block-gallery-2 is-layout-flex wp-block-gallery-is-layout-flex\"><ul class=\"blocks-gallery-grid\"><li class=\"blocks-gallery-item\"><figure><img loading=\"lazy\" decoding=\"async\" width=\"720\" height=\"540\" src=\"https:\/\/www.agriculture-machine.com\/wp-content\/uploads\/2021\/11\/\u5fae\u4fe1\u56fe\u7247_20210111140404-720x540.jpg?v=1636712551\" alt=\"\" data-id=\"12117\" data-link=\"https:\/\/www.agriculture-machine.com\/?attachment_id=12117\" class=\"wp-image-12117\" srcset=\"https:\/\/www.agriculture-machine.com\/wp-content\/uploads\/2021\/11\/\u5fae\u4fe1\u56fe\u7247_20210111140404-720x540.jpg 720w, https:\/\/www.agriculture-machine.com\/wp-content\/uploads\/2021\/11\/\u5fae\u4fe1\u56fe\u7247_20210111140404-360x270.jpg 360w, https:\/\/www.agriculture-machine.com\/wp-content\/uploads\/2021\/11\/\u5fae\u4fe1\u56fe\u7247_20210111140404-240x180.jpg 240w, https:\/\/www.agriculture-machine.com\/wp-content\/uploads\/2021\/11\/\u5fae\u4fe1\u56fe\u7247_20210111140404-768x576.jpg 768w, https:\/\/www.agriculture-machine.com\/wp-content\/uploads\/2021\/11\/\u5fae\u4fe1\u56fe\u7247_20210111140404-1536x1152.jpg 1536w, https:\/\/www.agriculture-machine.com\/wp-content\/uploads\/2021\/11\/\u5fae\u4fe1\u56fe\u7247_20210111140404-2048x1536.jpg 2048w\" sizes=\"auto, (max-width: 720px) 100vw, 720px\" \/><\/figure><\/li><li class=\"blocks-gallery-item\"><figure><img loading=\"lazy\" decoding=\"async\" width=\"405\" height=\"540\" src=\"https:\/\/www.agriculture-machine.com\/wp-content\/uploads\/2021\/11\/\u5fae\u4fe1\u56fe\u7247_20210111140314-405x540.jpg?v=1636712725\" alt=\"\" data-id=\"12118\" data-link=\"https:\/\/www.agriculture-machine.com\/?attachment_id=12118\" class=\"wp-image-12118\" srcset=\"https:\/\/www.agriculture-machine.com\/wp-content\/uploads\/2021\/11\/\u5fae\u4fe1\u56fe\u7247_20210111140314-405x540.jpg 405w, https:\/\/www.agriculture-machine.com\/wp-content\/uploads\/2021\/11\/\u5fae\u4fe1\u56fe\u7247_20210111140314-203x270.jpg 203w, https:\/\/www.agriculture-machine.com\/wp-content\/uploads\/2021\/11\/\u5fae\u4fe1\u56fe\u7247_20210111140314-768x1024.jpg 768w, https:\/\/www.agriculture-machine.com\/wp-content\/uploads\/2021\/11\/\u5fae\u4fe1\u56fe\u7247_20210111140314-1152x1536.jpg 1152w, https:\/\/www.agriculture-machine.com\/wp-content\/uploads\/2021\/11\/\u5fae\u4fe1\u56fe\u7247_20210111140314-1536x2048.jpg 1536w, https:\/\/www.agriculture-machine.com\/wp-content\/uploads\/2021\/11\/\u5fae\u4fe1\u56fe\u7247_20210111140314-scaled.jpg 1920w\" sizes=\"auto, (max-width: 405px) 100vw, 405px\" \/><\/figure><\/li><li class=\"blocks-gallery-item\"><figure><img loading=\"lazy\" decoding=\"async\" width=\"405\" height=\"540\" src=\"https:\/\/www.agriculture-machine.com\/wp-content\/uploads\/2021\/11\/\u5fae\u4fe1\u56fe\u7247_202101111403145-405x540.jpg?v=1636712766\" alt=\"\" data-id=\"12119\" data-link=\"https:\/\/www.agriculture-machine.com\/?attachment_id=12119\" class=\"wp-image-12119\" srcset=\"https:\/\/www.agriculture-machine.com\/wp-content\/uploads\/2021\/11\/\u5fae\u4fe1\u56fe\u7247_202101111403145-405x540.jpg 405w, https:\/\/www.agriculture-machine.com\/wp-content\/uploads\/2021\/11\/\u5fae\u4fe1\u56fe\u7247_202101111403145-203x270.jpg 203w, https:\/\/www.agriculture-machine.com\/wp-content\/uploads\/2021\/11\/\u5fae\u4fe1\u56fe\u7247_202101111403145-768x1024.jpg 768w, https:\/\/www.agriculture-machine.com\/wp-content\/uploads\/2021\/11\/\u5fae\u4fe1\u56fe\u7247_202101111403145-1152x1536.jpg 1152w, https:\/\/www.agriculture-machine.com\/wp-content\/uploads\/2021\/11\/\u5fae\u4fe1\u56fe\u7247_202101111403145-1536x2048.jpg 1536w, https:\/\/www.agriculture-machine.com\/wp-content\/uploads\/2021\/11\/\u5fae\u4fe1\u56fe\u7247_202101111403145-scaled.jpg 1920w\" sizes=\"auto, (max-width: 405px) 100vw, 405px\" \/><\/figure><\/li><li class=\"blocks-gallery-item\"><figure><img loading=\"lazy\" decoding=\"async\" width=\"720\" height=\"540\" src=\"https:\/\/www.agriculture-machine.com\/wp-content\/uploads\/2021\/11\/\u5fae\u4fe1\u56fe\u7247_20210111140109-720x540.jpg?v=1636712791\" alt=\"\" data-id=\"12120\" data-link=\"https:\/\/www.agriculture-machine.com\/?attachment_id=12120\" class=\"wp-image-12120\" srcset=\"https:\/\/www.agriculture-machine.com\/wp-content\/uploads\/2021\/11\/\u5fae\u4fe1\u56fe\u7247_20210111140109-720x540.jpg 720w, https:\/\/www.agriculture-machine.com\/wp-content\/uploads\/2021\/11\/\u5fae\u4fe1\u56fe\u7247_20210111140109-360x270.jpg 360w, https:\/\/www.agriculture-machine.com\/wp-content\/uploads\/2021\/11\/\u5fae\u4fe1\u56fe\u7247_20210111140109-240x180.jpg 240w, https:\/\/www.agriculture-machine.com\/wp-content\/uploads\/2021\/11\/\u5fae\u4fe1\u56fe\u7247_20210111140109-768x576.jpg 768w, https:\/\/www.agriculture-machine.com\/wp-content\/uploads\/2021\/11\/\u5fae\u4fe1\u56fe\u7247_20210111140109-1536x1152.jpg 1536w, https:\/\/www.agriculture-machine.com\/wp-content\/uploads\/2021\/11\/\u5fae\u4fe1\u56fe\u7247_20210111140109-2048x1536.jpg 2048w\" sizes=\"auto, (max-width: 720px) 100vw, 720px\" \/><\/figure><\/li><li class=\"blocks-gallery-item\"><figure><img loading=\"lazy\" decoding=\"async\" width=\"720\" height=\"540\" src=\"https:\/\/www.agriculture-machine.com\/wp-content\/uploads\/2021\/11\/\u5fae\u4fe1\u56fe\u7247_202012281038235-1-720x540.jpg?v=1636712819\" alt=\"\" data-id=\"12122\" data-link=\"https:\/\/www.agriculture-machine.com\/?attachment_id=12122\" class=\"wp-image-12122\" srcset=\"https:\/\/www.agriculture-machine.com\/wp-content\/uploads\/2021\/11\/\u5fae\u4fe1\u56fe\u7247_202012281038235-1-720x540.jpg 720w, https:\/\/www.agriculture-machine.com\/wp-content\/uploads\/2021\/11\/\u5fae\u4fe1\u56fe\u7247_202012281038235-1-360x270.jpg 360w, https:\/\/www.agriculture-machine.com\/wp-content\/uploads\/2021\/11\/\u5fae\u4fe1\u56fe\u7247_202012281038235-1-240x180.jpg 240w, https:\/\/www.agriculture-machine.com\/wp-content\/uploads\/2021\/11\/\u5fae\u4fe1\u56fe\u7247_202012281038235-1-768x576.jpg 768w, https:\/\/www.agriculture-machine.com\/wp-content\/uploads\/2021\/11\/\u5fae\u4fe1\u56fe\u7247_202012281038235-1.jpg 1440w\" sizes=\"auto, (max-width: 720px) 100vw, 720px\" \/><\/figure><\/li><li class=\"blocks-gallery-item\"><figure><img loading=\"lazy\" decoding=\"async\" width=\"249\" height=\"540\" src=\"https:\/\/www.agriculture-machine.com\/wp-content\/uploads\/2021\/11\/\u5fae\u4fe1\u56fe\u7247_202101111401094-249x540.jpg?v=1636712835\" alt=\"\" data-id=\"12123\" data-full-url=\"https:\/\/www.agriculture-machine.com\/wp-content\/uploads\/2021\/11\/\u5fae\u4fe1\u56fe\u7247_202101111401094.jpg?v=1636712835\" data-link=\"https:\/\/www.agriculture-machine.com\/?attachment_id=12123\" class=\"wp-image-12123\" srcset=\"https:\/\/www.agriculture-machine.com\/wp-content\/uploads\/2021\/11\/\u5fae\u4fe1\u56fe\u7247_202101111401094-249x540.jpg 249w, https:\/\/www.agriculture-machine.com\/wp-content\/uploads\/2021\/11\/\u5fae\u4fe1\u56fe\u7247_202101111401094-125x270.jpg 125w, https:\/\/www.agriculture-machine.com\/wp-content\/uploads\/2021\/11\/\u5fae\u4fe1\u56fe\u7247_202101111401094-768x1662.jpg 768w, https:\/\/www.agriculture-machine.com\/wp-content\/uploads\/2021\/11\/\u5fae\u4fe1\u56fe\u7247_202101111401094-710x1536.jpg 710w, https:\/\/www.agriculture-machine.com\/wp-content\/uploads\/2021\/11\/\u5fae\u4fe1\u56fe\u7247_202101111401094.jpg 887w\" sizes=\"auto, (max-width: 249px) 100vw, 249px\" \/><\/figure><\/li><\/ul><\/figure>    <h2 class=\"wp-block-heading\">Princ\u00edpio de funcionamento do semeador de hortali\u00e7as a gasolina por atacado <\/h2>    <p>No controle preciso do n\u00famero de sementes atrav\u00e9s do sistema de controle de semeadura da m\u00e1quina, de acordo com a quantidade ao semear, a m\u00e1quina determina a dist\u00e2ncia e descarrega as sementes individuais relativamente regulares na camada de solo, proporcionando um ambiente de muda melhor. O espa\u00e7amento entre as mudas \u00e9 naturalmente razo\u00e1vel, e o trabalho de agachar e desbastar manualmente \u00e9 reduzido. A efici\u00eancia de semeadura \u00e9 mais de 15 vezes maior que a semeadura manual.<\/p>    <p><\/p>    <h2 class=\"wp-block-heading\">V\u00eddeo de funcionamento do cultivador de legumes port\u00e1til a gasolina<\/h2>    <figure class=\"wp-block-embed is-type-video is-provider-youtube wp-block-embed-youtube wp-embed-aspect-16-9 wp-has-aspect-ratio\"><div class=\"wp-block-embed__wrapper\"> <iframe loading=\"lazy\" title=\"Cultivador de legumes autopropelido a gasolina \/ semeador de seis linhas\" width=\"500\" height=\"281\" src=\"https:\/\/www.youtube.com\/embed\/xFGatr9bXmw?feature=oembed\" frameborder=\"0\" allow=\"accelerometer; autoplay; clipboard-write; encrypted-media; gyroscope; picture-in-picture; web-share\" referrerpolicy=\"strict-origin-when-cross-origin\" allowfullscreen><\/iframe> <\/div><figcaption>V\u00eddeo de funcionamento do cultivador de hortali\u00e7as port\u00e1til a gasolina <\/figcaption><\/figure>    <h2 class=\"wp-block-heading\">Vantagens do cultivador de hortali\u00e7as autopropelido a gasolina<\/h2>    <p>A semeadura (espa\u00e7amento de linhas, espa\u00e7amento entre plantas, profundidade de semeadura, v\u00e1rias sementes por buraco) \u00e9 control\u00e1vel. E esta m\u00e1quina pode completar escava\u00e7\u00e3o, semeadura, cobertura de solo e press\u00e3o de explos\u00e3o de uma s\u00f3 vez, o que economiza muito trabalho.<\/p>    <p class=\"translation-block\"><strong>Caracter\u00edsticas:<\/strong><\/p>    <ol class=\"wp-block-list\"><li>O cultivador autopropelido \u00e9 adequado para opera\u00e7\u00f5es de grande \u00e1rea.<\/li><\/ol>    <p>2. O plantio intensivo de sementes pequenas \u00e9 melhor.<\/p>    <p>3. A opera\u00e7\u00e3o \u00e9 simples e a manobra \u00e9 \u00e1gil.<\/p>    <p>4. A roda de semeadura feita de material de alum\u00ednio n\u00e3o gera eletricidade est\u00e1tica e n\u00e3o adere \u00e0s sementes. Possui alta suavidade, plantio preciso e alta taxa de plantio.<\/p>    <p>5. M\u00e9todo de semeadura: roda de semeadura, montagem livre, destac\u00e1vel para aumentar ou diminuir o n\u00famero de linhas.<\/p>    <p>6. A roda de compacta\u00e7\u00e3o \u00e9 projetada para solo n\u00e3o pegajoso para reduzir resist\u00eancia, e o semear com rodas dianteiras e traseiras \u00e9 mais econ\u00f4mico em esfor\u00e7o.<\/p>    <p>7. Ambos os lados est\u00e3o equipados com rodas de borracha m\u00f3veis, o que facilita o movimento do cultivador para o armaz\u00e9m quando n\u00e3o est\u00e1 em opera\u00e7\u00e3o.<\/p>    <h2 class=\"wp-block-heading\">Como manter um cultivador de legumes autopropelido a gasolina<\/h2>    <p>1. Remover o solo de todas as partes do cultivador de legumes autopropelido a gasolina.<\/p>    <p>2. Remova as sementes da caixa de fertilizante.<\/p>    <p>3. Verifique se o cultivador possui pe\u00e7as danificadas ou desgastadas, substitua ou repare se necess\u00e1rio. Se a pintura estiver descascada, repinte.<\/p>    <p>4. Ap\u00f3s o armazenamento prolongado do cultivador, antes de semear na pr\u00f3xima esta\u00e7\u00e3o, realize manuten\u00e7\u00e3o e reparo na m\u00e1quina com anteced\u00eancia para manter o equipamento em boas condi\u00e7\u00f5es t\u00e9cnicas.<\/p>    <figure class=\"wp-block-image size-large\"><img loading=\"lazy\" decoding=\"async\" width=\"720\" height=\"540\" src=\"https:\/\/www.agriculture-machine.com\/wp-content\/uploads\/2021\/11\/\u5fae\u4fe1\u56fe\u7247_202101111403146-720x540.jpg?v=1636713138\" alt=\"\" class=\"wp-image-12125\" srcset=\"https:\/\/www.agriculture-machine.com\/wp-content\/uploads\/2021\/11\/\u5fae\u4fe1\u56fe\u7247_202101111403146-720x540.jpg 720w, https:\/\/www.agriculture-machine.com\/wp-content\/uploads\/2021\/11\/\u5fae\u4fe1\u56fe\u7247_202101111403146-360x270.jpg 360w, https:\/\/www.agriculture-machine.com\/wp-content\/uploads\/2021\/11\/\u5fae\u4fe1\u56fe\u7247_202101111403146-240x180.jpg 240w, https:\/\/www.agriculture-machine.com\/wp-content\/uploads\/2021\/11\/\u5fae\u4fe1\u56fe\u7247_202101111403146-768x576.jpg 768w, https:\/\/www.agriculture-machine.com\/wp-content\/uploads\/2021\/11\/\u5fae\u4fe1\u56fe\u7247_202101111403146-1536x1152.jpg 1536w, https:\/\/www.agriculture-machine.com\/wp-content\/uploads\/2021\/11\/\u5fae\u4fe1\u56fe\u7247_202101111403146-2048x1536.jpg 2048w\" sizes=\"auto, (max-width: 720px) 100vw, 720px\" \/><\/figure>    <h2 class=\"wp-block-heading\">Precau\u00e7\u00f5es para o uso do semeador manual de hortali\u00e7as a gasolina<\/h2>    <ol class=\"wp-block-list\"><li>Armazenar o semeador manual de legumes a gasolina em um armaz\u00e9m ou abrigo seco e ventilado. Evitar armazenamento ao ar livre.<\/li><\/ol>    <p>2. Ao armazenar, apoie firmemente o suporte. E coloque almofadas na abertura e na cobertura com placas, sem tocar diretamente no ch\u00e3o. A mola de compress\u00e3o na abertura deve estar relaxada e em estado livre.<\/p>    <p>3. Ap\u00f3s limpar as partes de trabalho do solo (como os aberturas), aplique manteiga ou \u00f3leo de motor usado para evitar ferrugem.<\/p>    <p>4. \u00c9 estritamente proibido ajustar, reparar e lubrificar durante a opera\u00e7\u00e3o de plantio.<\/p>    <p>5. O operador deve observar o status de opera\u00e7\u00e3o do cultivador a qualquer momento durante o uso. E prestar aten\u00e7\u00e3o especial se o dispositivo de medi\u00e7\u00e3o de sementes est\u00e1 semeando, se o tubo de sementes est\u00e1 bloqueado e se h\u00e1 sementes suficientes na caixa de sementes.<\/p>    <p>6. Ao plantar sementes misturadas com pesticidas, os cultivadores devem usar ferramentas de prote\u00e7\u00e3o como luvas, m\u00e1scaras, \u00f3culos de prote\u00e7\u00e3o, etc.<\/p>    <p>7. Durante a opera\u00e7\u00e3o, deve-se realizar manuten\u00e7\u00e3o de m\u00e1quinas e ferramentas e limpeza de detritos quando a unidade estiver estacionada e estabilizada.<\/p>","protected":false},"excerpt":{"rendered":"<p>The self-propelled vegetable planter is suitable for large-area operations. And this machine can complete ditching, seeding, soil covering, and burst pressure at one time. The machine has its own power, easy manual operation and high efficiency.<\/p>","protected":false},"author":1,"featured_media":12115,"parent":0,"comment_status":"closed","ping_status":"closed","template":"","tags":[492,484],"product-type":[885],"class_list":["post-12112","product","type-product","status-publish","has-post-thumbnail","hentry","tag-planter","tag-vegetable","product-type-vegetable-planter"],"_links":{"self":[{"href":"https:\/\/www.agriculture-machine.com\/pt\/wp-json\/wp\/v2\/product\/12112","targetHints":{"allow":["GET"]}}],"collection":[{"href":"https:\/\/www.agriculture-machine.com\/pt\/wp-json\/wp\/v2\/product"}],"about":[{"href":"https:\/\/www.agriculture-machine.com\/pt\/wp-json\/wp\/v2\/types\/product"}],"author":[{"embeddable":true,"href":"https:\/\/www.agriculture-machine.com\/pt\/wp-json\/wp\/v2\/users\/1"}],"replies":[{"embeddable":true,"href":"https:\/\/www.agriculture-machine.com\/pt\/wp-json\/wp\/v2\/comments?post=12112"}],"wp:featuredmedia":[{"embeddable":true,"href":"https:\/\/www.agriculture-machine.com\/pt\/wp-json\/wp\/v2\/media\/12115"}],"wp:attachment":[{"href":"https:\/\/www.agriculture-machine.com\/pt\/wp-json\/wp\/v2\/media?parent=12112"}],"wp:term":[{"taxonomy":"post_tag","embeddable":true,"href":"https:\/\/www.agriculture-machine.com\/pt\/wp-json\/wp\/v2\/tags?post=12112"},{"taxonomy":"product-type","embeddable":true,"href":"https:\/\/www.agriculture-machine.com\/pt\/wp-json\/wp\/v2\/product-type?post=12112"}],"curies":[{"name":"wp","href":"https:\/\/api.w.org\/{rel}","templated":true}]}}