{"id":12170,"date":"2021-11-20T16:23:34","date_gmt":"2021-11-20T08:23:34","guid":{"rendered":"https:\/\/www.agriculture-machine.com\/?p=12170"},"modified":"2026-03-20T16:33:56","modified_gmt":"2026-03-20T08:33:56","slug":"round-straw-harvester-and-baler-machine-picking-and-bundling-machine","status":"publish","type":"product","link":"https:\/\/www.agriculture-machine.com\/pt\/round-silage-straw-harvester-and-baler-machine-picking-and-bundling-machine\/","title":{"rendered":"Colheitadeira de silagem de palha redonda e empacotadora, m\u00e1quina de colheita e amarra\u00e7\u00e3o"},"content":{"rendered":"<p>A m\u00e1quina de palha em c\u00edrculo e fardos combina v\u00e1rias fun\u00e7\u00f5es numa \u00fanica unidade, capaz de triturar, recolher e amarrar palha de campo numa s\u00f3 passagem, reduzindo consideravelmente custos de m\u00e3o de obra e transporte. <\/p>    <p>O seu design compacto e aerodin\u00e2mico garante opera\u00e7\u00e3o f\u00e1cil e alta efici\u00eancia, tornando-o adequado para explora\u00e7\u00f5es de v\u00e1rios tamanhos e terrenos complexos. Quer processe caules de milho, palha de trigo, alfafa, caules de algod\u00e3o ou outros res\u00edduos de culturas, este equipamento oferece uma colheita e amarra\u00e7\u00e3o r\u00e1pidas e eficientes. Fornece um abastecimento confi\u00e1vel de mat\u00e9rias-primas para agricultores, empresas pecu\u00e1rias e centrais el\u00e9tricas alimentadas por palha.<\/p>    <figure class=\"wp-block-embed aligncenter is-type-video is-provider-youtube wp-block-embed-youtube wp-embed-aspect-16-9 wp-has-aspect-ratio\"><div class=\"wp-block-embed__wrapper\"> <iframe loading=\"lazy\" title=\"M\u00e1quina de esmagar palha e fardos | Local de funcionamento da m\u00e1quina de cortar palha para fardos e amostra de corte da palha\" width=\"500\" height=\"281\" src=\"https:\/\/www.youtube.com\/embed\/zbVtbyUgH64?feature=oembed\" frameborder=\"0\" allow=\"accelerometer; autoplay; clipboard-write; encrypted-media; gyroscope; picture-in-picture; web-share\" referrerpolicy=\"strict-origin-when-cross-origin\" allowfullscreen><\/iframe> <\/div><figcaption class=\"wp-element-caption\">v\u00eddeo de trabalho da colheita de palha e fardos<\/figcaption><\/figure>    <h2 class=\"wp-block-heading\">\u00c2mbito aplic\u00e1vel da m\u00e1quina de palha redonda e fardos<\/h2>    <p>A picadora de silagem de palha, a recolha e o fardos oferecem ampla aplicabilidade e operam de forma eficiente em ambientes diversificados:<\/p>    <ul class=\"wp-block-list\"> <li>Penduras de culturas: caules de milho, palha de trigo, palha de arroz, caules de algod\u00e3o, trevo-do-grama, juncos, etc.<\/li>    <li>Para culturas fodueiras: alfafa, ervilhaca-gram\u00edneas, aveia forrageira e outras culturas de ra\u00e7\u00e3o.<\/li>    <li>Cen\u00e1rios adequados: explora\u00e7\u00f5es agr\u00edcolas, pastagens, locais de processamento de silagem, granjas de animais, bases de reciclagem de palha e fornecimento de combust\u00edvel para centrais el\u00e9tricas a partir de palha.<\/li>    <li>Condic\u0327\u00f5es de funcionamento: processa palha tanto em posi\u00e7\u00e3o vertical como abatida. Capaz de opera\u00e7\u00f5es de pr\u00e9\u2011colheita no campo e recupera\u00e7\u00e3o de res\u00edduos p\u00f3s-colheita.<\/li> <\/ul>    <figure class=\"wp-block-image aligncenter size-large is-resized\"><img loading=\"lazy\" decoding=\"async\" width=\"540\" height=\"540\" src=\"https:\/\/www.agriculture-machine.com\/wp-content\/uploads\/2021\/11\/\u5fae\u4fe1\u56fe\u7247_202105051657083-540x540.jpg?v=1637396272\" alt=\"\" class=\"wp-image-12177\" srcset=\"https:\/\/www.agriculture-machine.com\/wp-content\/uploads\/2021\/11\/\u5fae\u4fe1\u56fe\u7247_202105051657083-540x540.jpg 540w, https:\/\/www.agriculture-machine.com\/wp-content\/uploads\/2021\/11\/\u5fae\u4fe1\u56fe\u7247_202105051657083-270x270.jpg 270w, https:\/\/www.agriculture-machine.com\/wp-content\/uploads\/2021\/11\/\u5fae\u4fe1\u56fe\u7247_202105051657083-768x768.jpg 768w, https:\/\/www.agriculture-machine.com\/wp-content\/uploads\/2021\/11\/\u5fae\u4fe1\u56fe\u7247_202105051657083.jpg 800w\" sizes=\"auto, (max-width: 540px) 100vw, 540px\" \/><figcaption class=\"wp-element-caption\"> roda de esmagamento, colheita e amarra\u00e7\u00e3o em c\u00edrculo <\/figcaption><\/figure>    <h2 class=\"wp-block-heading\">Estrutura da m\u00e1quina de esmagamento de forragem com recolha de palha<\/h2>    <p>Esta m\u00e1quina de palha em c\u00edrculo com palha rede inclui um PTO, mecanismo de esmagamento, recolhedor, mecanismo de alimenta\u00e7\u00e3o, mecanismo de amarra\u00e7\u00e3o e outras pe\u00e7as.<\/p>    <ul class=\"wp-block-list\"> <li>PTO: ligar ao trator atrav\u00e9s de uma \u00e1rvore com denti\u00e7\u00f5es (8 chaves). Primeiro, ligue o trator. E depois transmita a pot\u00eancia para a m\u00e1quina atrav\u00e9s da \u00e1rvore de denti\u00e7\u00e3o.<\/li>    <li>Mecanismo de esmagamento: quebra primeiro a palha.<\/li>    <li>Recolhedor: recolhe e levanta a palha esmagada para a plataforma de alimenta\u00e7\u00e3o.<\/li>    <li>Mecanismo de alimenta\u00e7\u00e3o: alimenta a palha para o mecanismo de amarra\u00e7\u00e3o.<\/li>    <li>Mecanismo de amarra\u00e7\u00e3o: o pist\u00e3o e a c\u00e2mara de amarra\u00e7\u00e3o comprimem e formam a palha.<\/li> <\/ul>    <figure class=\"wp-block-image aligncenter size-large\"><img loading=\"lazy\" decoding=\"async\" width=\"524\" height=\"540\" src=\"https:\/\/www.agriculture-machine.com\/wp-content\/uploads\/2021\/11\/XQ_08-524x540.jpg?v=1637396324\" alt=\"\" class=\"wp-image-12178\" srcset=\"https:\/\/www.agriculture-machine.com\/wp-content\/uploads\/2021\/11\/XQ_08-524x540.jpg 524w, https:\/\/www.agriculture-machine.com\/wp-content\/uploads\/2021\/11\/XQ_08-262x270.jpg 262w, https:\/\/www.agriculture-machine.com\/wp-content\/uploads\/2021\/11\/XQ_08.jpg 750w\" sizes=\"auto, (max-width: 524px) 100vw, 524px\" \/><figcaption class=\"wp-element-caption\"> estrutura da m\u00e1quina de esmagamento de forragem com recolha de palha <\/figcaption><\/figure>    <h2 class=\"wp-block-heading\">Como funciona a m\u00e1quina de corte, recolha e amarra de silagem?<\/h2>    <p>Primeiro, a m\u00e1quina de palha em c\u00edrculo amassa e esmaga a palha. Em seguida, o material \u00e9 atirado para a porca sob a in\u00e9rcia da m\u00e1quina. A porca empurra o material para a rampa de alimenta\u00e7\u00e3o.<\/p>    <p>Depois, o garfo de alimenta\u00e7\u00e3o envia o material para a c\u00e2mara de compress\u00e3o da m\u00e1quina de palha em c\u00edrculo e fardos. <\/p>    <p>Por fim, o armaz\u00e9m \u00e9 aberto hydraulicamente e amarrado. A forragem amarrada facilita o transporte, armazenamento e processamento adicional. <\/p>    <figure class=\"wp-block-embed is-type-video is-provider-youtube wp-block-embed-youtube wp-embed-aspect-16-9 wp-has-aspect-ratio\"><div class=\"wp-block-embed__wrapper\"> <iframe loading=\"lazy\" title=\"Ineficiente em palha Compacta\u00e7\u00e3o: Round Picker e Baler em Feedback do Zimbabwe!\" width=\"500\" height=\"281\" src=\"https:\/\/www.youtube.com\/embed\/fIpf3MBS6U4?feature=oembed\" frameborder=\"0\" allow=\"accelerometer; autoplay; clipboard-write; encrypted-media; gyroscope; picture-in-picture; web-share\" referrerpolicy=\"strict-origin-when-cross-origin\" allowfullscreen><\/iframe> <\/div><figcaption class=\"wp-element-caption\">v\u00eddeo de funcionamento da m\u00e1quina de palha em c\u00edrculo e fardos<\/figcaption><\/figure>    <p>O eixo de sa\u00edda de pot\u00eancia do trator fornece pot\u00eancia ao eixo de entrada da m\u00e1quina de palha em c\u00edrculo e fardos atrav\u00e9s de uma \u00e1rvore Cardan. <\/p>    <p>Depois disso, as engrenagens dentadas e a corrente acionam o mecanismo de enrolamento e impress\u00e3o e o mecanismo de recolha de palha, respetivamente. <\/p>    <p>Em seguida usamos a sa\u00edda hidr\u00e1ulica do tracteur para controlar a expans\u00e3o e contra\u00e7\u00e3o do pist\u00e3o do cilindro para realizar a opera\u00e7\u00e3o de desenrolar do fardo.<\/p>    <figure class=\"wp-block-image aligncenter size-full\"><img loading=\"lazy\" decoding=\"async\" width=\"720\" height=\"540\" src=\"https:\/\/www.agriculture-machine.com\/wp-content\/uploads\/2021\/11\/straw-picking-and-crushing-baler.webp\" alt=\"colha de palha e esmagamento para fardos\" class=\"wp-image-16319\" srcset=\"https:\/\/www.agriculture-machine.com\/wp-content\/uploads\/2021\/11\/straw-picking-and-crushing-baler.webp 720w, https:\/\/www.agriculture-machine.com\/wp-content\/uploads\/2021\/11\/straw-picking-and-crushing-baler-360x270.webp 360w, https:\/\/www.agriculture-machine.com\/wp-content\/uploads\/2021\/11\/straw-picking-and-crushing-baler-240x180.webp 240w, https:\/\/www.agriculture-machine.com\/wp-content\/uploads\/2021\/11\/straw-picking-and-crushing-baler-16x12.webp 16w\" sizes=\"auto, (max-width: 720px) 100vw, 720px\" \/><figcaption class=\"wp-element-caption\">colha de palha e esmagamento para fardos<\/figcaption><\/figure>    <h2 class=\"wp-block-heading\">Par\u00e2metro da m\u00e1quina autom\u00e1tica de colheita de caules de milho e fardos<\/h2>    <figure class=\"wp-block-table is-style-stripes\"><table><tbody><tr><td>Modelo<\/td><td>Largura de recupera\u00e7\u00e3o (mm)<\/td><td>Efici\u00eancia de trabalho (acres\/dia)<\/td><td>Pot\u00eancia (kw\/ml)<\/td><\/tr><tr><td>9YY-0.5<\/td><td>1650<\/td><td>30-50<\/td><td>&gt;50<\/td><\/tr><tr><td>9YY-0.7<\/td><td>1800<\/td><td>50-90<\/td><td>&gt;50<\/td><\/tr><\/tbody><\/table><figcaption class=\"wp-element-caption\">Par\u00e2metros da m\u00e1quina autom\u00e1tica de colheita de relva e amarra\u00e7\u00e3o <\/figcaption><\/figure>    <figure class=\"wp-block-image aligncenter size-full is-resized\"><img loading=\"lazy\" decoding=\"async\" width=\"720\" height=\"540\" src=\"https:\/\/www.agriculture-machine.com\/wp-content\/uploads\/2021\/11\/straw-harvester-machine-with-tractor.webp\" alt=\"m\u00e1quina de palha em c\u00edrculo com tractor e fole\" class=\"wp-image-16317\" style=\"width:720px;height:auto\" srcset=\"https:\/\/www.agriculture-machine.com\/wp-content\/uploads\/2021\/11\/straw-harvester-machine-with-tractor.webp 720w, https:\/\/www.agriculture-machine.com\/wp-content\/uploads\/2021\/11\/straw-harvester-machine-with-tractor-360x270.webp 360w, https:\/\/www.agriculture-machine.com\/wp-content\/uploads\/2021\/11\/straw-harvester-machine-with-tractor-240x180.webp 240w, https:\/\/www.agriculture-machine.com\/wp-content\/uploads\/2021\/11\/straw-harvester-machine-with-tractor-16x12.webp 16w\" sizes=\"auto, (max-width: 720px) 100vw, 720px\" \/><figcaption class=\"wp-element-caption\">colhedor de palha com truque de pulveriza\u00e7\u00e3o com o tractor<\/figcaption><\/figure>    <h2 class=\"wp-block-heading\">Caracter\u00edstica da m\u00e1quina de esmagamento de hastes em c\u00edrculo, recolha e amarra\u00e7\u00e3o<\/h2>    <ul class=\"wp-block-list\"> <li>Funcionalidade tudo-em-um: tritura, recolhe e amarra ao mesmo tempo, economizando m\u00e3o de obra e otimizando os processos.<\/li>    <li>Opera\u00e7\u00e3o de alta efici\u00eancia: processa 0,82\u20131,3 acres de res\u00edduos de colheita por passagem, aumentando significativamente a produtividade.<\/li>    <li>Amarragem ajust\u00e1vel: personalize flexivelmente o comprimento e as dimens\u00f5es do fardo para atender aos requisitos de transporte e armazenamento.<\/li>    <li>Flexibilidade operacional: design compacto adequado para pequenas parcelas, facilmente oper\u00e1vel por uma \u00fanica pessoa.<\/li>    <li>Alta adaptabilidade: compat\u00edvel com tratores a quatro rodas de pequeno a m\u00e9dio porte, fornecendo pot\u00eancia est\u00e1vel e ampla aplicabilidade.<\/li>    <li>Seguro e fi\u00e1vel: equipado com um embrague de seguran\u00e7a e mecanismo de parafusos de cisalhamento que desliga automaticamente a pot\u00eancia durante sobrecarga para evitar danos.<\/li>    <li>Excelente qualidade de fardos: produz fardos densos, mas respir\u00e1veis, ideais para armazenamento, transporte e utiliza\u00e7\u00e3o subsequente.<\/li>    <li>Manuten\u00e7\u00e3o f\u00e1cil: constru\u00e7\u00e3o simples com baixa taxa de falhas, minimizando custos de manuten\u00e7\u00e3o e repara\u00e7\u00e3o de rotina.<\/li> <\/ul>    <figure class=\"wp-block-image aligncenter size-large is-resized\"><img loading=\"lazy\" decoding=\"async\" width=\"720\" height=\"512\" src=\"https:\/\/www.agriculture-machine.com\/wp-content\/uploads\/2021\/11\/SL_04-720x512.jpg?v=1637396482\" alt=\"\" class=\"wp-image-12180\" style=\"width:536px;height:381px\" srcset=\"https:\/\/www.agriculture-machine.com\/wp-content\/uploads\/2021\/11\/SL_04-720x512.jpg 720w, https:\/\/www.agriculture-machine.com\/wp-content\/uploads\/2021\/11\/SL_04-360x256.jpg 360w, https:\/\/www.agriculture-machine.com\/wp-content\/uploads\/2021\/11\/SL_04.jpg 750w\" sizes=\"auto, (max-width: 720px) 100vw, 720px\" \/><\/figure>    <h2 class=\"wp-block-heading\">Por que escolher a nossa m\u00e1quina de corte, recolha e amarra de palha?<\/h2>    <p class=\"translation-block\">Quer seja para <a href=\"https:\/\/en.wikipedia.org\/wiki\/Straw\" target=\"_blank\" rel=\"noopener\">palha<\/a> silagem, reservas de forragem de animais, ou fornecimento de combust\u00edvel a partir de palha, o nosso equipamento ajuda-o a poupar tempo e m\u00e3o de obra, ao mesmo tempo em que resolve os desafios de transporte e armazenamento de palha. <\/p>    <p class=\"translation-block\">Com o seu desempenho est\u00e1vel e ampla aplicabilidade, tornou-se a escolha ideal para agricultores e grandes empresas pecu\u00e1rias. Tamb\u00e9m dispomos de <strong><em><a href=\"https:\/\/www.agriculture-machine.com\/pt\/automatic-square-straw-picking-and-strapping-machine\/\">amarradores de palha de fardo quadrado<\/a><\/em><\/strong>. Contacte-nos hoje para mais detalhes da m\u00e1quina e cota\u00e7\u00f5es de solu\u00e7\u00f5es personalizadas!<\/p>","protected":false},"excerpt":{"rendered":"<p>A m\u00e1quina de palha em c\u00edrculo integra tritura\u00e7\u00e3o, recolha e amarra\u00e7\u00e3o. Processa de forma eficiente milho, trigo, alfafa e outras culturas, encontrando uso generalizado em explora\u00e7\u00f5es agr\u00edcolas, opera\u00e7\u00f5es pecu\u00e1rias e instala\u00e7\u00f5es de reciclagem de palha.<\/p>","protected":false},"author":1,"featured_media":17579,"parent":0,"comment_status":"closed","ping_status":"closed","template":"","tags":[591,761],"product-type":[876,908],"class_list":["post-12170","product","type-product","status-publish","has-post-thumbnail","hentry","tag-silage","tag-straw","product-type-silage-machine","product-type-sliage-baler"],"_links":{"self":[{"href":"https:\/\/www.agriculture-machine.com\/pt\/wp-json\/wp\/v2\/product\/12170","targetHints":{"allow":["GET"]}}],"collection":[{"href":"https:\/\/www.agriculture-machine.com\/pt\/wp-json\/wp\/v2\/product"}],"about":[{"href":"https:\/\/www.agriculture-machine.com\/pt\/wp-json\/wp\/v2\/types\/product"}],"author":[{"embeddable":true,"href":"https:\/\/www.agriculture-machine.com\/pt\/wp-json\/wp\/v2\/users\/1"}],"replies":[{"embeddable":true,"href":"https:\/\/www.agriculture-machine.com\/pt\/wp-json\/wp\/v2\/comments?post=12170"}],"wp:featuredmedia":[{"embeddable":true,"href":"https:\/\/www.agriculture-machine.com\/pt\/wp-json\/wp\/v2\/media\/17579"}],"wp:attachment":[{"href":"https:\/\/www.agriculture-machine.com\/pt\/wp-json\/wp\/v2\/media?parent=12170"}],"wp:term":[{"taxonomy":"post_tag","embeddable":true,"href":"https:\/\/www.agriculture-machine.com\/pt\/wp-json\/wp\/v2\/tags?post=12170"},{"taxonomy":"product-type","embeddable":true,"href":"https:\/\/www.agriculture-machine.com\/pt\/wp-json\/wp\/v2\/product-type?post=12170"}],"curies":[{"name":"wp","href":"https:\/\/api.w.org\/{rel}","templated":true}]}}