{"id":1248,"date":"2018-10-22T07:08:52","date_gmt":"2018-10-21T23:08:52","guid":{"rendered":"https:\/\/www.agriculture-machine.com\/?p=1248"},"modified":"2024-03-19T14:19:52","modified_gmt":"2024-03-19T06:19:52","slug":"sprayer","status":"publish","type":"product","link":"https:\/\/www.agriculture-machine.com\/pt\/sprayer\/","title":{"rendered":"Pulverizador de mochila \/ melhores drones \/ pulverizador de mochila solo"},"content":{"rendered":"<h2>Introdu\u00e7\u00e3o ao pulverizador de ombro:<\/h2> <p class=\"translation-block\"><a href=\"https:\/\/www.agriculture-machine.com\/pt\/amazing-garden-sprayer-drones-in-agriculture-crop-spraying\/\"><strong>Pulverizador de ombro<\/strong><\/a> possui uma variedade de bicos de reposi\u00e7\u00e3o para uma ampla gama de aplica\u00e7\u00f5es. Pode ser usado para \u00e1rvores de fruta, culturas, desinfec\u00e7\u00e3o de fazendas, etc. h\u00e1 um almofadado respir\u00e1vel nas costas para proteger as costas do operador de danos. Este pulverizador de ombro a bateria pode efetivamente eliminar pragas na planta, aumentando a produtividade da fazenda e economizando tempo de trabalho.<\/p> <p><center><\/center>&nbsp;<\/p> <p><center><img decoding=\"async\" style=\"width: 100%;\" src=\"https:\/\/www.agriculture-machine.com\/wp-content\/uploads\/2018\/10\/backpack-sprayer05.jpg\" alt=\"backpack-sprayer05\" \/><\/center><\/p> <h2>Vantagens do pulverizador de ombro<\/h2> <p class=\"translation-block\">1. This<a href=\"https:\/\/www.agriculture-machine.com\/pt\/gasoline-engine-backpack-sprayer-best-garden-sprayer-spraying-pesticide\/\"> knapsack sprayer<\/a> combined with electric and manual operation can meet the requirements of small farms.<br \/> 2.Easy operation.You can use hand and press push handle if it is out of power,It\u2019s easy to operate<br \/> 3.There is a controllable switch,which will work immediately when you turn on.<br \/> 4.The amount of water mist is adjustable<\/p> <ol start=\"5\"> <li>A taxa de elimina\u00e7\u00e3o \u00e9 superior a 95%, o que significa que a maioria das pragas pode ser eliminada.<\/li> <li>Este drone de pulveriza\u00e7\u00e3o de culturas \u00e9 leve, facilitando o transporte durante a opera\u00e7\u00e3o.<\/li> <\/ol> <p><center><img decoding=\"async\" style=\"width: 100%;\" src=\"https:\/\/www.agriculture-machine.com\/wp-content\/uploads\/2018\/10\/backpack-sprayer06.jpg\" alt=\"backpack-sprayer06\" \/><\/center><\/p> <h2>Como usar o pulverizador de ombro?<\/h2> <p class=\"translation-block\">1.Install the <strong><a href=\"https:\/\/www.agriculture-machine.com\/pt\/gasoline-engine-backpack-sprayer-best-garden-sprayer-spraying-pesticide\/\">knapsack sprayer<\/a> <\/strong>parts correctly. Check the connection for leaking. When using, install the water spray firstly, then refill the medicine.<br \/> 2.Before filling the liquid in the tank, please be sure to turn off the switch to prevent the liquid from leaking out.<br \/> 3.The liquid should be filtered by the filter, and it can not exceed the safe water line<br \/> 4.Put the Backpack sprayer on the back, press up and down button to a certain pressure in the left hand (the number of compression is about 30 times\/min),<\/p> <p><center><img decoding=\"async\" style=\"width: 100%;\" src=\"https:\/\/www.agriculture-machine.com\/wp-content\/uploads\/2018\/10\/backpack-sprayer04.jpg\" alt=\"backpack-sprayer04\" \/><\/center><br \/> 5. A m\u00e3o direita segura o man\u00edpulo da barra de pulveriza\u00e7\u00e3o para abrir o interruptor e balan\u00e7ar a barra de pulveriza\u00e7\u00e3o de acordo com a planta a ser pulverizada (ou \u00e1rea). Pode ajustar o interruptor para fazer o bico pulverizar em diferentes dire\u00e7\u00f5es.<br \/> 6. Quando o l\u00edquido for preenchido pela primeira vez, a c\u00e2mara de ar e a barra de pulveriza\u00e7\u00e3o cont\u00eam \u00e1gua limpa. Ao mesmo tempo, a concentra\u00e7\u00e3o do l\u00edquido nos primeiros 2 a 3 minutos \u00e9 baixa. Portanto, \u00e9 necess\u00e1rio prestar aten\u00e7\u00e3o \u00e0 pulveriza\u00e7\u00e3o para n\u00e3o afetar o efeito de pulveriza\u00e7\u00e3o.<br \/> 7. Ap\u00f3s a conclus\u00e3o do trabalho, o l\u00edquido residual no tambor deve ser despejado a tempo, e secar posteriormente.<br \/> 8.Entretanto, verifique se h\u00e1 \u00e1gua na c\u00e2mara de ar. O operador deve remover a uni\u00e3o de \u00e1gua e liberar a \u00e1gua acumulada.<\/p> <p><center><img decoding=\"async\" style=\"width: 100%;\" src=\"https:\/\/www.agriculture-machine.com\/wp-content\/uploads\/2018\/10\/backpack-sprayer07.jpg\" alt=\"backpack-sprayer07\" \/><\/center><\/p> <h2>Preocupa\u00e7\u00e3o<\/h2> <p>1.O operador deve cumprir rigorosamente as instru\u00e7\u00f5es de uso de pesticidas de acordo com os procedimentos operacionais.<br \/> 2. Se o pulverizador de ombro n\u00e3o for usado por um curto per\u00edodo, as principais pe\u00e7as devem ser limpas e secas, e armazenadas em local fresco e seco.<br \/> 3. Deve-se adicionar graxa a cada pe\u00e7a de metal para evitar ferrugem se n\u00e3o for usado por um longo per\u00edodo.<\/p> <p><center><img decoding=\"async\" style=\"width: 100%;\" src=\"https:\/\/www.agriculture-machine.com\/wp-content\/uploads\/2018\/10\/backpack-sprayer08.jpg\" alt=\"backpack-sprayer08\" \/><\/center><\/p> <h2>Par\u00e2metros do pulverizador de ombro<\/h2> <div class=\"table-responsive\"> <table class=\"table table-striped\"> <tbody> <tr> <td width=\"120\">Nome<\/td> <td width=\"478\">Pulverizador agr\u00edcola<\/td> <\/tr> <tr> <td width=\"120\">G.W.<\/td> <td width=\"478\">5,5KG<\/td> <\/tr> <tr> <td width=\"120\">Tamanho<\/td> <td width=\"478\">38*20*49cm<\/td> <\/tr> <tr> <td width=\"120\">Capacidade<\/td> <td width=\"478\">16L<\/td> <\/tr> <tr> <td width=\"120\">Material<\/td> <td width=\"478\">Tanque de PP<\/td> <\/tr> <tr> <td width=\"120\">Tipo de energia<\/td> <td width=\"478\">El\u00e9trico \/ Manual \/ El\u00e9trico e Manual 2 em 1 1<\/td> <\/tr> <tr> <td width=\"120\">Logotipo<\/td> <td width=\"478\">Personalizado<\/td> <\/tr> <tr> <td width=\"120\">Comprimento da mangueira<\/td> <td width=\"478\">Mangueira de PVC 1,3M<\/td> <\/tr> <tr> <td width=\"120\">Capacidade Personalizada<\/td> <td width=\"478\">16L\/18L\/20L<\/td> <\/tr> <tr> <td width=\"120\">Press\u00e3o<\/td> <td width=\"478\">0,15-0,4Mpa<\/td> <\/tr> <tr> <td width=\"120\">Lan\u00e7a<\/td> <td width=\"478\">Lan\u00e7a ajust\u00e1vel em a\u00e7o inoxid\u00e1vel<\/td> <\/tr> <tr> <td width=\"120\">Bico<\/td> <td width=\"478\">Bico de ventilador, bico de 2 buracos, bico de 1 buraco, igual \u00e0 bolsa de pe\u00e7as do pulverizador<\/td> <\/tr> <tr> <td width=\"120\">Bateria<\/td> <td width=\"478\">Bateria de chumbo-\u00e1cido 12V8AH\/10AH\/12AH<\/td> <\/tr> <tr> <td width=\"120\">Bomba<\/td> <td width=\"478\">Bomba autom\u00e1tica\/Bomba de refluxo<\/td> <\/tr> <tr> <td width=\"120\">Carregador<\/td> <td width=\"478\">Entrada: 110V-240V CA sa\u00edda: 12V1.0A<\/p> <p>Entrada: 110V-240V CA sa\u00edda: 12V1.7A<\/td> <\/tr> <tr> <td rowspan=\"2\" width=\"120\">Tempo de trabalho<\/td> <td width=\"478\">Ap\u00f3s carregar por 10 horas com bateria de chumbo-\u00e1cido de 12V, 8Ah, pode funcionar por 4-5 horas<\/td> <\/tr> <tr> <td width=\"478\">Ap\u00f3s carregar por 10 horas com bateria de chumbo-\u00e1cido de 12V, 10Ah, pode funcionar por 6-7 horas<\/td> <\/tr> <\/tbody> <\/table> <\/div> <p class=\"translation-block\"><img decoding=\"async\" style=\"width: 400px; float: left; margin-right: 10px;\" src=\"https:\/\/www.agriculture-machine.com\/wp-content\/uploads\/2018\/10\/backpack-sprayer01.jpg\" alt=\"backpack-sprayer01\" \/><img decoding=\"async\" style=\"width: 400px;\" src=\"https:\/\/www.agriculture-machine.com\/wp-content\/uploads\/2018\/10\/backpack-sprayer02.jpg\" alt=\"backpack-sprayer02\" \/><br \/> we also have <a href=\"https:\/\/www.agriculture-machine.com\/pt\/amazing-garden-sprayer-drones-in-agriculture-crop-spraying\/\">drone sprayer<\/a> with higher capacity that is designed by advanced technology,please click the following link about this sprayer to get more information:<br \/> <a href=\"https:\/\/www.agriculture-machine.com\/pt\/amazing-garden-sprayer-drones-in-agriculture-crop-spraying\/\">https:\/\/www.agriculture-machine.com\/agricultural-drone-sprayer-in-china\/<\/a><\/p> <h2>Caso de sucesso do pulverizador de mochila<\/h2> <p class=\"translation-block\">Em mar\u00e7o de 2019, vendemos 200 conjuntos<a href=\"https:\/\/www.agriculture-machine.com\/pt\/gasoline-engine-backpack-sprayer-best-garden-sprayer-spraying-pesticide\/\"><strong> pulverizador de ombro a bateria<\/strong> <\/a>para Gana. O cliente visitou primeiro a nossa f\u00e1brica para realizar um teste, e depois negociou connosco os detalhes do pulverizador. Ap\u00f3s garantir completamente a qualidade do pulverizador de ombro a bateria, ele encomendou uma grande quantidade de n\u00f3s, e as seguintes s\u00e3o as fotos dele.<\/p> <p><img loading=\"lazy\" decoding=\"async\" class=\"alignnone size-full wp-image-4051\" src=\"https:\/\/www.agriculture-machine.com\/wp-content\/uploads\/2018\/10\/garden-sprayer-6.jpg\" alt=\"\" width=\"750\" height=\"750\" srcset=\"https:\/\/www.agriculture-machine.com\/wp-content\/uploads\/2018\/10\/garden-sprayer-6.jpg 750w, https:\/\/www.agriculture-machine.com\/wp-content\/uploads\/2018\/10\/garden-sprayer-6-270x270.jpg 270w, https:\/\/www.agriculture-machine.com\/wp-content\/uploads\/2018\/10\/garden-sprayer-6-540x540.jpg 540w\" sizes=\"auto, (max-width: 750px) 100vw, 750px\" \/><\/p> <p><img loading=\"lazy\" decoding=\"async\" class=\"alignnone size-full wp-image-4048\" src=\"https:\/\/www.agriculture-machine.com\/wp-content\/uploads\/2018\/10\/garden-sprayer-3.jpg\" alt=\"\" width=\"750\" height=\"750\" srcset=\"https:\/\/www.agriculture-machine.com\/wp-content\/uploads\/2018\/10\/garden-sprayer-3.jpg 750w, https:\/\/www.agriculture-machine.com\/wp-content\/uploads\/2018\/10\/garden-sprayer-3-270x270.jpg 270w, https:\/\/www.agriculture-machine.com\/wp-content\/uploads\/2018\/10\/garden-sprayer-3-540x540.jpg 540w\" sizes=\"auto, (max-width: 750px) 100vw, 750px\" \/><\/p> <p><img loading=\"lazy\" decoding=\"async\" class=\"alignnone size-full wp-image-4047\" src=\"https:\/\/www.agriculture-machine.com\/wp-content\/uploads\/2018\/10\/garden-sprayer-2.jpg\" alt=\"\" width=\"750\" height=\"750\" srcset=\"https:\/\/www.agriculture-machine.com\/wp-content\/uploads\/2018\/10\/garden-sprayer-2.jpg 750w, https:\/\/www.agriculture-machine.com\/wp-content\/uploads\/2018\/10\/garden-sprayer-2-270x270.jpg 270w, https:\/\/www.agriculture-machine.com\/wp-content\/uploads\/2018\/10\/garden-sprayer-2-540x540.jpg 540w\" sizes=\"auto, (max-width: 750px) 100vw, 750px\" \/><\/p>","protected":false},"excerpt":{"rendered":"<p>Introduction of backpack sprayer: Backpack sprayer has a variety of replacement nozzles for a wide range of applications.It can be used for fruit trees, crops,farm disinfection,etc. there is breathable back cushion to protect the bac of operator\u00a0from damage.\u00a0This\u00a0battery backpack sprayer can effectively the pest on the plant, improving the farm yield and saving labor time. [&hellip;]<\/p>\n","protected":false},"author":1,"featured_media":2026,"parent":0,"comment_status":"open","ping_status":"open","template":"","tags":[136],"product-type":[920,1],"class_list":["post-1248","product","type-product","status-publish","has-post-thumbnail","hentry","tag-sprayer","product-type-drone-sprayer","product-type-other"],"_links":{"self":[{"href":"https:\/\/www.agriculture-machine.com\/pt\/wp-json\/wp\/v2\/product\/1248","targetHints":{"allow":["GET"]}}],"collection":[{"href":"https:\/\/www.agriculture-machine.com\/pt\/wp-json\/wp\/v2\/product"}],"about":[{"href":"https:\/\/www.agriculture-machine.com\/pt\/wp-json\/wp\/v2\/types\/product"}],"author":[{"embeddable":true,"href":"https:\/\/www.agriculture-machine.com\/pt\/wp-json\/wp\/v2\/users\/1"}],"replies":[{"embeddable":true,"href":"https:\/\/www.agriculture-machine.com\/pt\/wp-json\/wp\/v2\/comments?post=1248"}],"wp:featuredmedia":[{"embeddable":true,"href":"https:\/\/www.agriculture-machine.com\/pt\/wp-json\/wp\/v2\/media\/2026"}],"wp:attachment":[{"href":"https:\/\/www.agriculture-machine.com\/pt\/wp-json\/wp\/v2\/media?parent=1248"}],"wp:term":[{"taxonomy":"post_tag","embeddable":true,"href":"https:\/\/www.agriculture-machine.com\/pt\/wp-json\/wp\/v2\/tags?post=1248"},{"taxonomy":"product-type","embeddable":true,"href":"https:\/\/www.agriculture-machine.com\/pt\/wp-json\/wp\/v2\/product-type?post=1248"}],"curies":[{"name":"wp","href":"https:\/\/api.w.org\/{rel}","templated":true}]}}