{"id":12579,"date":"2022-01-21T17:00:56","date_gmt":"2022-01-21T09:00:56","guid":{"rendered":"https:\/\/www.agriculture-machine.com\/?p=12579"},"modified":"2024-03-19T14:20:11","modified_gmt":"2024-03-19T06:20:11","slug":"peanut-groundnut-shell-removing-machine","status":"publish","type":"product","link":"https:\/\/www.agriculture-machine.com\/pt\/peanut-groundnut-shell-removing-machine\/","title":{"rendered":"M\u00e1quina de remo\u00e7\u00e3o de casca de amendoim \/ f\u00e1brica de descasque de amendoim"},"content":{"rendered":"<p>O uso de m\u00e1quinas de remo\u00e7\u00e3o de casca de amendoim est\u00e1 a aumentar ano ap\u00f3s ano. Isto porque os amendoins s\u00e3o uma das culturas oleaginosas. E as pessoas podem consumi-los ap\u00f3s um processamento simples. A primeira etapa no processamento de amendoins \u00e9 remover as cascas.<\/p>    <figure class=\"wp-block-image aligncenter size-full\"><img loading=\"lazy\" decoding=\"async\" width=\"720\" height=\"540\" src=\"https:\/\/www.agriculture-machine.com\/wp-content\/uploads\/2022\/01\/peanut-shell-removing-machine-for-sale.webp\" alt=\"M\u00e1quina de remo\u00e7\u00e3o de casca de amendoim \u00e0 venda\" class=\"wp-image-15636\" srcset=\"https:\/\/www.agriculture-machine.com\/wp-content\/uploads\/2022\/01\/peanut-shell-removing-machine-for-sale.webp 720w, https:\/\/www.agriculture-machine.com\/wp-content\/uploads\/2022\/01\/peanut-shell-removing-machine-for-sale-360x270.webp 360w, https:\/\/www.agriculture-machine.com\/wp-content\/uploads\/2022\/01\/peanut-shell-removing-machine-for-sale-240x180.webp 240w\" sizes=\"auto, (max-width: 720px) 100vw, 720px\" \/><figcaption class=\"wp-element-caption\">M\u00e1quina de remo\u00e7\u00e3o de casca de amendoim \u00e0 venda<\/figcaption><\/figure>    <p class=\"translation-block\">Atualmente, a \u00e1rea de planta\u00e7\u00e3o de amendoim \u00e9 grande e a produ\u00e7\u00e3o \u00e9 elevada. Portanto, descascar amendoins manualmente consumir\u00e1 muita m\u00e3o-de-obra e tempo. Usar uma descascadora de amendoim pode resolver este problema. Para ajudar as pessoas a poupar tempo e melhorar a efici\u00eancia do trabalho. Os amendoins processados pelo descasque de amendoim t\u00eam menos impurezas e menor taxa de quebras. E as pessoas podem extrair \u00f3leo usando a <strong><em>m\u00e1quina de prensar \u00f3leo de parafuso<\/em><\/strong>.<\/p>    <p class=\"translation-block\">Entretanto, tamb\u00e9m temos outros tipos de m\u00e1quinas de descasque de amendoim dispon\u00edveis, clique para detalhes: <a href=\"https:\/\/www.agriculture-machine.com\/pt\/peanut-groundmut-sheller-removing-machine\/\"><strong><em>m\u00e1quina de descasque de amendoim | remo\u00e7\u00e3o de casca de amendoim<\/em><\/strong><\/a>, <a href=\"https:\/\/www.agriculture-machine.com\/pt\/peanut-groundmut-sheller-removing-machine\/\"><strong><em>m\u00e1quina de descasque de amendoim | remo\u00e7\u00e3o de casca de amendoim<\/em><\/strong><\/a>, e <a href=\"https:\/\/www.agriculture-machine.com\/pt\/peanut-sheller\/\"><strong><em>f\u00e1brica de m\u00e1quinas de descasque de amendoim \/ descascador de amendoim<\/em><\/strong><\/a>.<\/p>    <h2 class=\"wp-block-heading\" id=\"h-introduction-of-the-peanut-shell-removing-machine\">Introdu\u00e7\u00e3o \u00e0 m\u00e1quina de remo\u00e7\u00e3o de casca de amendoim<\/h2>    <p>Uma m\u00e1quina de remo\u00e7\u00e3o de casca de amendoim \u00e9 o equipamento que pode limpar as cascas de amendoim. Temos modelos completos de m\u00e1quinas. E diferentes modelos t\u00eam capacidades diferentes. Esta passagem \u00e9 sobre a m\u00e1quina de descasque de amendoim TBH-200, que pode processar 200kg de amendoins por hora.<\/p>    <p>A m\u00e1quina de descasque de amendoim tem as vantagens de ser compacta, leve, f\u00e1cil de mover, simples de instalar, alta efici\u00eancia de produ\u00e7\u00e3o e bom efeito de limpeza. Assim, tamb\u00e9m pode levar esta m\u00e1quina para o campo trabalhar. Para a descascadora de amendoim TBH-200, h\u00e1 uma tela. E temos diferentes telas com diferentes intervalos. Recomendaremos uma tela adequada ao seu caso. Quanto \u00e0 energia, a nossa m\u00e1quina de remo\u00e7\u00e3o de casca de amendoim pode funcionar com um motor el\u00e9trico ou, um motor a gasolina.<\/p>    <figure class=\"wp-block-image aligncenter size-full\"><img loading=\"lazy\" decoding=\"async\" width=\"720\" height=\"540\" src=\"https:\/\/www.agriculture-machine.com\/wp-content\/uploads\/2022\/01\/q1-1.jpg\" alt=\"\" class=\"wp-image-12585\" srcset=\"https:\/\/www.agriculture-machine.com\/wp-content\/uploads\/2022\/01\/q1-1.jpg 720w, https:\/\/www.agriculture-machine.com\/wp-content\/uploads\/2022\/01\/q1-1-360x270.jpg 360w, https:\/\/www.agriculture-machine.com\/wp-content\/uploads\/2022\/01\/q1-1-240x180.jpg 240w\" sizes=\"auto, (max-width: 720px) 100vw, 720px\" \/><figcaption class=\"wp-element-caption\"> m\u00e1quina de remo\u00e7\u00e3o de casca de amendoim <\/figcaption><\/figure>    <h2 class=\"wp-block-heading\">Estrutura da m\u00e1quina de descasque de amendoim<\/h2>    <p>A m\u00e1quina de descasque de amendoim \u00e9 composta principalmente por uma entrada, tela, rolo, eixo, sa\u00edda de gr\u00e3os de amendoim, ventilador, fonte de energia (motor el\u00e9trico, motor a gasolina), etc.<\/p>    <figure class=\"wp-block-image aligncenter size-full\"><img loading=\"lazy\" decoding=\"async\" width=\"720\" height=\"540\" src=\"https:\/\/www.agriculture-machine.com\/wp-content\/uploads\/2022\/01\/\u5728\u6587\u7ae0\u91cc720540-1.jpg\" alt=\"m\u00e1quina de descasque de amendoim\" class=\"wp-image-12589\" title=\"m\u00e1quina de descasque de amendoim\" srcset=\"https:\/\/www.agriculture-machine.com\/wp-content\/uploads\/2022\/01\/\u5728\u6587\u7ae0\u91cc720540-1.jpg 720w, https:\/\/www.agriculture-machine.com\/wp-content\/uploads\/2022\/01\/\u5728\u6587\u7ae0\u91cc720540-1-360x270.jpg 360w, https:\/\/www.agriculture-machine.com\/wp-content\/uploads\/2022\/01\/\u5728\u6587\u7ae0\u91cc720540-1-240x180.jpg 240w\" sizes=\"auto, (max-width: 720px) 100vw, 720px\" \/><figcaption class=\"wp-element-caption\"> m\u00e1quina de descasque de amendoim <\/figcaption><\/figure>    <h2 class=\"wp-block-heading\">Fluxo de trabalho do descascador de amendoim<\/h2>    <ol class=\"wp-block-list\"> <li>Primeiro, ligue a descascadora de amendoim. Depois, coloque o amendoim na entrada de forma quantitativa, uniforme e cont\u00ednua.<\/li>    <li>Em segundo lugar, a casca de amendoim \u00e9 quebrada sob golpes repetidos, fric\u00e7\u00e3o e colis\u00e3o do rotor.<\/li>    <li>Em terceiro lugar, sob a press\u00e3o do vento rotativo e sopro do rotor, os gr\u00e3os de amendoim e as cascas de amendoim quebradas passam por uma tela.<\/li>    <li>Depois, o ventilador rotativo ir\u00e1 soprar a casca de amendoim para fora desta m\u00e1quina de descasque de amendoim. Os gr\u00e3os de amendoim ser\u00e3o filtrados por uma tela vibrat\u00f3ria para alcan\u00e7ar o objetivo de limpeza.<\/li> <\/ol>    <h2 class=\"wp-block-heading\">V\u00eddeo de funcionamento da m\u00e1quina de descasque de amendoim<\/h2>    <figure class=\"wp-block-embed is-type-video is-provider-youtube wp-block-embed-youtube wp-embed-aspect-16-9 wp-has-aspect-ratio\"><div class=\"wp-block-embed__wrapper\"> <iframe loading=\"lazy\" title=\"V\u00eddeo de feedback da m\u00e1quina de remo\u00e7\u00e3o de casca de amendoim \/ m\u00e1quina de descasque de amendoim \/ m\u00e1quina de descasque de amendoim\" width=\"500\" height=\"281\" src=\"https:\/\/www.youtube.com\/embed\/dxo5IU9mOk4?feature=oembed\" frameborder=\"0\" allow=\"accelerometer; autoplay; clipboard-write; encrypted-media; gyroscope; picture-in-picture; web-share\" referrerpolicy=\"strict-origin-when-cross-origin\" allowfullscreen><\/iframe> <\/div><figcaption class=\"wp-element-caption\"> V\u00eddeo de funcionamento da m\u00e1quina de descasque de amendoim <\/figcaption><\/figure>    <h2 class=\"wp-block-heading\">Par\u00e2metro da m\u00e1quina de remo\u00e7\u00e3o de casca de amendoim<\/h2>    <figure class=\"wp-block-table is-style-stripes\"><table><tbody><tr><td>Modelo<\/td><td>TBH-200<\/td><\/tr><tr><td>Pot\u00eancia<\/td><td>motor a gasolina ou motor el\u00e9trico<\/td><\/tr><tr><td>Capacidade<\/td><td>200-300kg\/h<\/td><\/tr><tr><td>Peso<\/td><td>65kg<\/td><\/tr><tr><td>Tamanho<\/td><td>650*560*1000mm<\/td><\/tr><tr><td>MOQ<\/td><td>10 pe\u00e7as<\/td><\/tr><\/tbody><\/table><figcaption class=\"wp-element-caption\"> Par\u00e2metro da m\u00e1quina de remo\u00e7\u00e3o de casca de amendoim <\/figcaption><\/figure>    <h2 class=\"wp-block-heading\">Vantagens da m\u00e1quina de descasque de amendoim<\/h2>    <ol class=\"wp-block-list\"> <li>Alta produtividade. capacidade de 200-300kg\/h. E descasque limpo. Os amendoins ap\u00f3s o descasque t\u00eam quase nenhuma impureza.<\/li>    <li>Baixa taxa de perda e baixa taxa de quebra. Existem muito poucos gr\u00e3os de amendoim quebrados.<\/li>    <li>A estrutura \u00e9 simples, a utiliza\u00e7\u00e3o \u00e9 fi\u00e1vel. A m\u00e1quina de descasque de amendoim tem uma longa vida \u00fatil.<\/li>    <li>A ajustagem \u00e9 conveniente, e o consumo de energia \u00e9 baixo.&nbsp;<\/li> <\/ol>    <figure class=\"wp-block-image aligncenter size-full\"><img loading=\"lazy\" decoding=\"async\" width=\"720\" height=\"540\" src=\"https:\/\/www.agriculture-machine.com\/wp-content\/uploads\/2022\/01\/\u6587\u7ae0\u91cc-1.jpg\" alt=\"m\u00e1quina de descasque de amendoim\" class=\"wp-image-12590\" title=\"m\u00e1quina de descasque de amendoim\" srcset=\"https:\/\/www.agriculture-machine.com\/wp-content\/uploads\/2022\/01\/\u6587\u7ae0\u91cc-1.jpg 720w, https:\/\/www.agriculture-machine.com\/wp-content\/uploads\/2022\/01\/\u6587\u7ae0\u91cc-1-360x270.jpg 360w, https:\/\/www.agriculture-machine.com\/wp-content\/uploads\/2022\/01\/\u6587\u7ae0\u91cc-1-240x180.jpg 240w\" sizes=\"auto, (max-width: 720px) 100vw, 720px\" \/><figcaption class=\"wp-element-caption\"> m\u00e1quina de descasque de amendoim <\/figcaption><\/figure>    <h2 class=\"wp-block-heading\">Precau\u00e7\u00f5es na utiliza\u00e7\u00e3o da m\u00e1quina de remo\u00e7\u00e3o de casca de amendoim<\/h2>    <p>1. Antes de usar, verifique se os fixadores est\u00e3o apertados. Se a parte rotativa \u00e9 flex\u00edvel e se h\u00e1 \u00f3leo lubrificante em cada rolamento.<\/p>    <p>2. Devemos alimentar os amendoins de forma uniforme e em quantidade adequada. O material n\u00e3o deve conter limalhas de ferro, pedras, e outros res\u00edduos para evitar quebras nos amendoins e falhas mec\u00e2nicas.<\/p>    <p>3. Antes de armazenar a m\u00e1quina, remova o p\u00f3, a sujidade e as sementes restantes na superf\u00edcie da m\u00e1quina. Depois, repinte as partes pintadas. Ap\u00f3s a secagem da tinta, cubra a m\u00e1quina e armazene-a num armaz\u00e9m seco. Devemos remover a correia e pendur\u00e1-la numa parede interior que n\u00e3o esteja exposta ao sol.<\/p>    <h2 class=\"wp-block-heading\">Contate-nos a qualquer momento<\/h2>    <p>Se estiver interessado na nossa avan\u00e7ada m\u00e1quina de descasque de amendoim de pequena escala, n\u00e3o hesite em contactar a nossa equipa profissional para mais detalhes. Al\u00e9m disso, convidamo-lo calorosamente a visitar a nossa f\u00e1brica e experimentar o desempenho das nossas m\u00e1quinas pessoalmente. Esperamos poder fornecer-lhe os melhores produtos e servi\u00e7os de qualidade!<\/p>","protected":false},"excerpt":{"rendered":"<p>Esta m\u00e1quina de remo\u00e7\u00e3o de casca de amendoim \u00e9 uma m\u00e1quina eficiente e conveniente, concebida para agricultores de pequena escala e f\u00e1bricas de processamento. O seu design compacto e desempenho potente tornam-na ideal para descasque de amendoim. <\/p>","protected":false},"author":1,"featured_media":12584,"parent":0,"comment_status":"closed","ping_status":"closed","template":"","tags":[548,649,520,107,108,519,2450],"product-type":[895],"class_list":["post-12579","product","type-product","status-publish","has-post-thumbnail","hentry","tag-groundnut-shell-removing-machine","tag-groundnut-shelling","tag-groundnut-shelling-machine","tag-peanut-sheller","tag-peanut-sheller-machine","tag-peanut-shelling-machine","tag-peanut-shelling-machine-for-home","product-type-peanut-sheller"],"_links":{"self":[{"href":"https:\/\/www.agriculture-machine.com\/pt\/wp-json\/wp\/v2\/product\/12579","targetHints":{"allow":["GET"]}}],"collection":[{"href":"https:\/\/www.agriculture-machine.com\/pt\/wp-json\/wp\/v2\/product"}],"about":[{"href":"https:\/\/www.agriculture-machine.com\/pt\/wp-json\/wp\/v2\/types\/product"}],"author":[{"embeddable":true,"href":"https:\/\/www.agriculture-machine.com\/pt\/wp-json\/wp\/v2\/users\/1"}],"replies":[{"embeddable":true,"href":"https:\/\/www.agriculture-machine.com\/pt\/wp-json\/wp\/v2\/comments?post=12579"}],"wp:featuredmedia":[{"embeddable":true,"href":"https:\/\/www.agriculture-machine.com\/pt\/wp-json\/wp\/v2\/media\/12584"}],"wp:attachment":[{"href":"https:\/\/www.agriculture-machine.com\/pt\/wp-json\/wp\/v2\/media?parent=12579"}],"wp:term":[{"taxonomy":"post_tag","embeddable":true,"href":"https:\/\/www.agriculture-machine.com\/pt\/wp-json\/wp\/v2\/tags?post=12579"},{"taxonomy":"product-type","embeddable":true,"href":"https:\/\/www.agriculture-machine.com\/pt\/wp-json\/wp\/v2\/product-type?post=12579"}],"curies":[{"name":"wp","href":"https:\/\/api.w.org\/{rel}","templated":true}]}}