{"id":12594,"date":"2022-01-25T18:19:44","date_gmt":"2022-01-25T10:19:44","guid":{"rendered":"https:\/\/www.agriculture-machine.com\/?p=12594"},"modified":"2024-10-24T14:11:32","modified_gmt":"2024-10-24T06:11:32","slug":"industrial-combined-peanut-groundnut-shelling-machine","status":"publish","type":"product","link":"https:\/\/www.agriculture-machine.com\/pt\/industrial-combined-peanut-groundnut-shelling-machine\/","title":{"rendered":"M\u00e1quina de descasque de amendoim e amendoim combinada industrial"},"content":{"rendered":"<p class=\"translation-block\">Al\u00e9m de modelos pequenos adequados para uso dom\u00e9stico, <a href=\"https:\/\/www.agriculture-machine.com\/pt\/thresher-sheller\/peanut-sheller\/\">descascadores de amendoim<\/a> tamb\u00e9m possuem modelos maiores aplicados \u00e0 utiliza\u00e7\u00e3o em f\u00e1bricas. Normalmente, a m\u00e1quina de descasque de amendoim ser\u00e1 usada juntamente com uma m\u00e1quina de limpeza de amendoim. Esta unidade de grande porte de descasque de amendoim possui as caracter\u00edsticas de descasque limpo, alta efici\u00eancia de trabalho e baixa taxa de impurezas. Al\u00e9m disso, essas caracter\u00edsticas atendem aos requisitos da f\u00e1brica para processar grandes quantidades de amendoins diariamente.\u00a0<\/p>    <figure class=\"wp-block-embed aligncenter is-type-video is-provider-youtube wp-block-embed-youtube wp-embed-aspect-16-9 wp-has-aspect-ratio\"><div class=\"wp-block-embed__wrapper\"> <iframe loading=\"lazy\" title=\"Revolucionando o processamento de amendoim: Unidade inovadora de descasque de amendoim (limpeza e descasque)!#amendoim\" width=\"500\" height=\"281\" src=\"https:\/\/www.youtube.com\/embed\/egCUZvfcnFI?feature=oembed\" frameborder=\"0\" allow=\"accelerometer; autoplay; clipboard-write; encrypted-media; gyroscope; picture-in-picture; web-share\" referrerpolicy=\"strict-origin-when-cross-origin\" allowfullscreen><\/iframe> <\/div><figcaption class=\"wp-element-caption\">V\u00eddeo de funcionamento da m\u00e1quina industrial combinada de descasque de amendoim e amendoim<\/figcaption><\/figure>    <p>Normalmente, esses amendoins s\u00e3o usados para fazer alimentos n\u00e3o b\u00e1sicos ou para extrair \u00f3leo de amendoim. O \u00f3leo de amendoim \u00e9 um \u00f3leo que as pessoas costumam consumir no dia a dia. Para processar \u00f3leo de amendoim, pode-se usar uma m\u00e1quina de extra\u00e7\u00e3o de \u00f3leo com parafuso. Al\u00e9m disso, a prensa de \u00f3leo com parafuso tamb\u00e9m pode processar s\u00e9samo, soja e outros materiais.<\/p>    <h2 class=\"wp-block-heading\" id=\"h-brief-introduction-of-the-industrial-peanut-shelling-machine\">Breve introdu\u00e7\u00e3o \u00e0 m\u00e1quina industrial combinada de descasque de amendoim e amendoim<\/h2>    <p>Our 6BHX series industrial combined peanut groundnut shelling machine includes 4 models. And in this passage, I will introduce the model of 6BHX-1500. This model of peanut shell remover&#8217;s capacity is 1000kg per hour. The power provider is an electric motor. <\/p>    <p>Al\u00e9m disso, esta m\u00e1quina de remo\u00e7\u00e3o de casca de amendoim tem 2 telas, que podem descascar o amendoim limpo. A diferen\u00e7a entre a pequena m\u00e1quina de descasque de amendoim e esta m\u00e1quina combinada de descasque de amendoim \u00e9 que ela funciona com o limpador de amendoim.<\/p>    <p>O limpador de amendoim pode remover torr\u00f5es, part\u00edculas de metal, talos de amendoim, etc., misturados nos amendoins, com um ventilador. Depois, o amendoim limpo ser\u00e1 enviado para a m\u00e1quina de remo\u00e7\u00e3o de casca de amendoim. Em compara\u00e7\u00e3o com outras m\u00e1quinas de descasque de amendoim, esta s\u00e9rie produz menos poeira. E pode ajudar a f\u00e1brica a processar grandes quantidades de amendoins. \u00a0\u00a0<\/p>    <figure class=\"wp-block-image aligncenter size-full is-resized\"><img loading=\"lazy\" decoding=\"async\" width=\"720\" height=\"540\" src=\"https:\/\/www.agriculture-machine.com\/wp-content\/uploads\/2023\/03\/industrial-peanut-shelling-machine-.webp\" alt=\"m\u00e1quina de descasque de amendoim industrial\" class=\"wp-image-14501\" style=\"width:720px;height:540px\" title=\"m\u00e1quina de descasque de amendoim industrial\"\/><\/figure>    <h2 class=\"wp-block-heading\">Estrutura da m\u00e1quina combinada de descasque de amendoim e amendoim<\/h2>    <p>1. Estrutura do sistema de descasque<\/p>    <p>Consiste num motor el\u00e9trico, funil de alimenta\u00e7\u00e3o, estrutura de descasque, grade de classifica\u00e7\u00e3o e separa\u00e7\u00e3o, virador, ventilador de suc\u00e7\u00e3o, etc.<\/p>    <p>2. Estrutura do sistema de limpeza de amendoim<\/p>    <p>Inclui um motor el\u00e9trico, funil de alimenta\u00e7\u00e3o, tela de classifica\u00e7\u00e3o, virador, ventilador de suc\u00e7\u00e3o e dispositivo de transporte de ar.<\/p>    <figure class=\"wp-block-image aligncenter size-full\"><img loading=\"lazy\" decoding=\"async\" width=\"720\" height=\"540\" src=\"https:\/\/www.agriculture-machine.com\/wp-content\/uploads\/2023\/03\/combined-groundnut-shelling-machine-s-structure-.webp\" alt=\"estrutura do descasque de amendoim combinado\" class=\"wp-image-14504\" title=\"estrutura do descasque de amendoim combinado\"\/><\/figure>    <h2 class=\"wp-block-heading\">Princ\u00edpio de funcionamento da m\u00e1quina industrial de descasque de amendoim<\/h2>    <p>1. Sistema de limpeza de amendoim<\/p>    <p>Primeiro, coloque os amendoins com impurezas no funil e deixe-os passar pela tela de classifica\u00e7\u00e3o. Depois, a tela de classifica\u00e7\u00e3o suga as folhas quebradas e poeira flutuante para fora da m\u00e1quina atrav\u00e9s do ventilador de suc\u00e7\u00e3o e do virador. <\/p>    <p>Res\u00edduos pesados (solo, rochas) s\u00e3o classificados atrav\u00e9s da tela de classifica\u00e7\u00e3o. Depois, saem da m\u00e1quina pelo porto de descarga de res\u00edduos diversos. Os amendoins ap\u00f3s remover impurezas descem da superf\u00edcie da peneira e entram no dispositivo de transporte de ar. Finalmente, o ar transporta os amendoins para o funil do sistema de descasque.<\/p>    <p>2. Sistema de descasque<\/p>    <p>O amendoim no funil de alimenta\u00e7\u00e3o passa para o tambor de descasque correspondente. E os amendoins s\u00e3o descascados pela for\u00e7a de fric\u00e7\u00e3o repetida da nervura e da gaiola. Ao processar amendoins, todos os materiais misturados ap\u00f3s o descasque entram na peneira de classifica\u00e7\u00e3o e separa\u00e7\u00e3o. <\/p>    <p>As cascas de amendoim s\u00e3o descarregadas da m\u00e1quina combinada de descasque de amendoim e amendoim atrav\u00e9s do ventilador de suc\u00e7\u00e3o. Na peneira de classifica\u00e7\u00e3o e separa\u00e7\u00e3o, os n\u00facleos de amendoim viajam da superf\u00edcie da peneira at\u00e9 \u00e0 sa\u00edda da m\u00e1quina.\u00a0<\/p>    <figure class=\"wp-block-image aligncenter size-full\"><img loading=\"lazy\" decoding=\"async\" width=\"720\" height=\"540\" src=\"https:\/\/www.agriculture-machine.com\/wp-content\/uploads\/2023\/03\/Industrial-combined-peanut-groundnut-shelling-machine-.webp\" alt=\"M\u00e1quina de descasque de amendoim e amendoim combinada industrial\" class=\"wp-image-14512\" title=\"M\u00e1quina de descasque de amendoim e amendoim combinada industrial\"\/><\/figure>    <h2 class=\"wp-block-heading\">V\u00eddeo de trabalho da m\u00e1quina de descasque combinada de amendoim<\/h2>    <figure class=\"wp-block-embed aligncenter is-type-video is-provider-youtube wp-block-embed-youtube wp-embed-aspect-16-9 wp-has-aspect-ratio\"><div class=\"wp-block-embed__wrapper\"> <iframe loading=\"lazy\" title=\"Taxa de descasque perfeita! M\u00e1quina combinada de descasque de amendoim \/ m\u00e1quina de limpeza de amendoim\" width=\"500\" height=\"281\" src=\"https:\/\/www.youtube.com\/embed\/OdT4xxAK-3k?feature=oembed\" frameborder=\"0\" allow=\"accelerometer; autoplay; clipboard-write; encrypted-media; gyroscope; picture-in-picture; web-share\" referrerpolicy=\"strict-origin-when-cross-origin\" allowfullscreen><\/iframe> <\/div><figcaption class=\"wp-element-caption\">V\u00eddeo de trabalho da m\u00e1quina industrial combinada de descasque de amendoim e amendoim <\/figcaption><\/figure>    <h2 class=\"wp-block-heading\">Par\u00e2metro da m\u00e1quina de descasque de amendoim 6BHX-1500<\/h2>    <figure class=\"wp-block-table is-style-stripes\"><table><tbody><tr><td>Modelo<\/td><td>6BHX-1500<\/td><\/tr><tr><td>Capacidade<\/td><td>1000kg\/h<\/td><\/tr><tr><td>Taxa de descasque (%)<\/td><td>\u226599<\/td><\/tr><tr><td>Taxa de limpeza (%)<\/td><td>\u226599<\/td><\/tr><tr><td>Taxa de quebra (%)<\/td><td>\u22645<\/td><\/tr><tr><td>Taxa de perda (%):<\/td><td>\u22640,5<\/td><\/tr><tr><td>Humidade (%)<\/td><td>10<\/td><\/tr><tr><td>Motor de descasque<\/td><td>1,5KW 3KW<\/td><\/tr><tr><td>Motor de limpeza<\/td><td>2,2KW<\/td><\/tr><tr><td>Peso<\/td><td>520kg<\/td><\/tr><tr><td>Tamanho<\/td><td>1500*1050*1460mm<\/td><\/tr><\/tbody><\/table><figcaption class=\"wp-element-caption\"> Par\u00e2metro da m\u00e1quina de descasque de amendoim 6BHX-1500 <\/figcaption><\/figure>    <h2 class=\"wp-block-heading\">Vantagens da m\u00e1quina industrial de descasque de amendoim<\/h2>    <p>1. Classifica\u00e7\u00e3o por suspens\u00e3o\u00a0que garante que nenhum amendoim com casca seja perdido.<\/p>    <p>2. O rolo possui espirais esquerda e direita, e a taxa de descasque \u00e9 maior.<\/p>    <p>3. A caixa de tela vibrat\u00f3ria selada tem uma taxa de limpeza mais alta e evita que a poeira voe.<\/p>    <p>4. As cascas de amendoim trituradas s\u00e3o sopradas por um ventilador especial, que pode ser usado diretamente como fertilizante. <\/p>    <h2 class=\"wp-block-heading\">Como escolher a m\u00e1quina de descasque de amendoim industrial adequada \u00e0s suas necessidades?<\/h2>    <ol class=\"wp-block-list\"> <li>Capacidade: Determina o n\u00famero de amendoins que precisam ser descascados por hora. Isso ajuda a escolher uma m\u00e1quina industrial <a href=\"https:\/\/www.agriculture-machine.com\/pt\/combined-peanut-cleaning-and-shelling-machine\/\">m\u00e1quina de descasque de amendoim<\/a> modelo que atende \u00e0s suas necessidades.<\/li>    <li>Bom desempenho: Preste aten\u00e7\u00e3o se o n\u00facleo de amendoim final apresenta uma alta taxa de quebra. Escolha um removedor de casca de amendoim com uma taxa de quebra menor.<\/li>    <li>Pot\u00eancia: Os descascadores de amendoim podem ser equipados com motores el\u00e9tricos, motores a diesel, etc. Escolha a pot\u00eancia do descascador que atenda \u00e0s suas necessidades. <\/li>    <li>or\u00e7amento: Os diferentes modelos de descascadores de amendoim t\u00eam pre\u00e7os diferentes, portanto, os clientes podem escolher o equipamento de descasque adequado ao seu or\u00e7amento.<\/li>    <li>Marca e feedback do cliente: Tenha cuidado ao verificar o feedback do cliente sobre o fabricante da m\u00e1quina de descasque de amendoim \u00e0 venda.<\/li> <\/ol>    <figure class=\"wp-block-image aligncenter size-full\"><img loading=\"lazy\" decoding=\"async\" width=\"720\" height=\"540\" src=\"https:\/\/www.agriculture-machine.com\/wp-content\/uploads\/2023\/03\/groundnut-shell-remover-2.webp\" alt=\"Remover casca de amendoim\" class=\"wp-image-14509\" title=\"Remover casca de amendoim\"\/><\/figure>    <h2 class=\"wp-block-heading\">Quais s\u00e3o os benef\u00edcios de usar o removedor de casca de amendoim?<\/h2>    <ol class=\"wp-block-list\"> <li>Alta efici\u00eancia: O removedor de casca de amendoim tem uma alta taxa de descasque e uma baixa taxa de dano, permitindo processar um grande n\u00famero de amendoins em pouco tempo. Isso economiza tempo e custos de m\u00e3o-de-obra.<\/li>    <li>Qualidade aprimorada: Esta m\u00e1quina de descasque de amendoim \u00e0 venda produz amendoins limpos e sem danos, melhorando assim a qualidade dos amendoins descascados. Isso tamb\u00e9m aumenta seu valor no mercado. <\/li>    <li>Versatilidade: O descascador de amendoim autom\u00e1tico pode descascar diferentes tipos de amendoim, incluindo espanhol, Virginia e Valencia. Uma gama mais ampla de aplica\u00e7\u00f5es. <\/li>    <li>F\u00e1cil de operar: A m\u00e1quina de descasque de amendoim industrial \u00e9 f\u00e1cil de usar e pode ser aprendida rapidamente.<\/li>    <li>Dur\u00e1vel e confi\u00e1vel: A descascadora autom\u00e1tica de amendoim \u00e9 constru\u00edda com materiais de alta qualidade, tornando-a mais dur\u00e1vel e confi\u00e1vel. Tamb\u00e9m reduz o n\u00famero de reparos e o custo.<\/li> <\/ol>    <figure class=\"wp-block-image aligncenter size-full\"><img loading=\"lazy\" decoding=\"async\" width=\"720\" height=\"540\" src=\"https:\/\/www.agriculture-machine.com\/wp-content\/uploads\/2023\/03\/industrial-peanut-shelling-machine-1-1.webp\" alt=\"m\u00e1quina de descasque de amendoim industrial \" class=\"wp-image-14505\" title=\"m\u00e1quina de descasque de amendoim industrial \"\/><\/figure>    <p>Se estiver interessado nesta m\u00e1quina industrial combinada de descasque de amendoim e amendoim, n\u00e3o hesite em contactar-nos para mais fotos, v\u00eddeos e uma cota\u00e7\u00e3o para a m\u00e1quina. Estamos ansiosos por colaborar consigo.<\/p>","protected":false},"excerpt":{"rendered":"<p>Para al\u00e9m de modelos pequenos adequados para uso dom\u00e9stico, descascadores de amendoim tamb\u00e9m t\u00eam modelos maiores aplic\u00e1veis \u00e0 utiliza\u00e7\u00e3o em f\u00e1bricas. Normalmente, a m\u00e1quina de descasque de amendoim ser\u00e1 usada juntamente com uma m\u00e1quina de limpeza de amendoim. <\/p>","protected":false},"author":1,"featured_media":14499,"parent":0,"comment_status":"closed","ping_status":"closed","template":"","tags":[797,2613],"product-type":[895],"class_list":["post-12594","product","type-product","status-publish","has-post-thumbnail","hentry","tag-peanut","tag-peeling","product-type-peanut-sheller"],"_links":{"self":[{"href":"https:\/\/www.agriculture-machine.com\/pt\/wp-json\/wp\/v2\/product\/12594","targetHints":{"allow":["GET"]}}],"collection":[{"href":"https:\/\/www.agriculture-machine.com\/pt\/wp-json\/wp\/v2\/product"}],"about":[{"href":"https:\/\/www.agriculture-machine.com\/pt\/wp-json\/wp\/v2\/types\/product"}],"author":[{"embeddable":true,"href":"https:\/\/www.agriculture-machine.com\/pt\/wp-json\/wp\/v2\/users\/1"}],"replies":[{"embeddable":true,"href":"https:\/\/www.agriculture-machine.com\/pt\/wp-json\/wp\/v2\/comments?post=12594"}],"wp:featuredmedia":[{"embeddable":true,"href":"https:\/\/www.agriculture-machine.com\/pt\/wp-json\/wp\/v2\/media\/14499"}],"wp:attachment":[{"href":"https:\/\/www.agriculture-machine.com\/pt\/wp-json\/wp\/v2\/media?parent=12594"}],"wp:term":[{"taxonomy":"post_tag","embeddable":true,"href":"https:\/\/www.agriculture-machine.com\/pt\/wp-json\/wp\/v2\/tags?post=12594"},{"taxonomy":"product-type","embeddable":true,"href":"https:\/\/www.agriculture-machine.com\/pt\/wp-json\/wp\/v2\/product-type?post=12594"}],"curies":[{"name":"wp","href":"https:\/\/api.w.org\/{rel}","templated":true}]}}