{"id":12636,"date":"2022-01-27T17:12:03","date_gmt":"2022-01-27T09:12:03","guid":{"rendered":"https:\/\/www.agriculture-machine.com\/?p=12636"},"modified":"2024-08-20T17:41:30","modified_gmt":"2024-08-20T09:41:30","slug":"peanut-picking-machine","status":"publish","type":"product","link":"https:\/\/www.agriculture-machine.com\/pt\/peanut-picking-machine\/","title":{"rendered":"Pequena m\u00e1quina de colheita de amendoim"},"content":{"rendered":"<p>A pequena m\u00e1quina de colheita de amendoim \u00e9 um equipamento mec\u00e2nico que pode colher frutos automaticamente. O uso deste equipamento pode ajudar agricultores ou operadores a produzir rapidamente. A m\u00e1quina de colheita de amendoim possui caracter\u00edsticas de baixo consumo, bom efeito de colheita e baixa taxa de quebra.\u00a0<\/p>    <p>Este tipo de m\u00e1quina de colheita de amendoim \u00e9 adequada para uso dom\u00e9stico. Porque pode atender \u00e0s necessidades di\u00e1rias de processamento de amendoim das pessoas. Normalmente, antes de usar esta m\u00e1quina, o amendoim com talo precisa de ser seco por cerca de dois dias.<\/p>    <figure class=\"wp-block-embed is-type-video is-provider-youtube wp-block-embed-youtube wp-embed-aspect-16-9 wp-has-aspect-ratio\"><div class=\"wp-block-embed__wrapper\"> <iframe loading=\"lazy\" title=\"m\u00e1quina de colheita de amendoim\/m\u00e1quina de remo\u00e7\u00e3o de amendoim\/feedback de m\u00e1quina de remo\u00e7\u00e3o de amendoim do Sri Lanka\" width=\"500\" height=\"281\" src=\"https:\/\/www.youtube.com\/embed\/O1wqgGvVLIU?feature=oembed\" frameborder=\"0\" allow=\"accelerometer; autoplay; clipboard-write; encrypted-media; gyroscope; picture-in-picture; web-share\" referrerpolicy=\"strict-origin-when-cross-origin\" allowfullscreen><\/iframe> <\/div><figcaption class=\"wp-element-caption\">V\u00eddeo de funcionamento de uma pequena m\u00e1quina de colheita de amendoim<\/figcaption><\/figure>    <h2 class=\"wp-block-heading\" id=\"h-brief-introduction-of-small-peanut-picking-machine\">Breve introdu\u00e7\u00e3o \u00e0 pequena m\u00e1quina de colheita de amendoim<\/h2>    <p>Este artigo trata de uma pequena m\u00e1quina de colheita de amendoim. Temos dois tipos de m\u00e1quinas de colheita de amendoim. Um \u00e9 a pequena m\u00e1quina de colheita de amendoim seco. E outro \u00e9 uma m\u00e1quina de grande porte. <\/p>    <p>O amendoim de tamanho pequeno<\/p>    <p> o colheitador pode processar de 800 a 100kg de amendoim por hora. Ao mesmo tempo, a taxa de colheita da m\u00e1quina de colheita de amendoim pode atingir 99% e a taxa de quebra e impurezas \u00e9 inferior a 1%. Al\u00e9m disso, h\u00e1 um elevador com um gancho de metal na sa\u00edda do amendoim, onde pode pendurar uma sacola. Assim, \u00e9 conveniente para n\u00f3s coletar os amendoins.<\/p>    <p class=\"translation-block\">A pot\u00eancia desta m\u00e1quina pode ser um motor el\u00e9trico ou um motor diesel. Ao mesmo tempo, se necess\u00e1rio, podemos instalar a base com rodas, o que facilita mover esta colheitadeira de amendoim para qualquer lugar. Al\u00e9m das m\u00e1quinas de colheita de amendoim, tamb\u00e9m temos <a href=\"https:\/\/www.agriculture-machine.com\/pt\/peanut-harvester\/\">m\u00e1quinas de colheita de amendoim<\/a>. E trabalhar em conjunto com duas m\u00e1quinas pode melhorar muito a efici\u00eancia e a qualidade do trabalho.<\/p>    <figure class=\"wp-block-image aligncenter size-full is-resized\"><img loading=\"lazy\" decoding=\"async\" width=\"720\" height=\"540\" src=\"https:\/\/www.agriculture-machine.com\/wp-content\/uploads\/2022\/01\/IMG_9124_\u526f\u672c.jpg\" alt=\"pequena m\u00e1quina de colheita de amendoim\" class=\"wp-image-12641\" title=\"pequena m\u00e1quina de colheita de amendoim\" srcset=\"https:\/\/www.agriculture-machine.com\/wp-content\/uploads\/2022\/01\/IMG_9124_\u526f\u672c.jpg 720w, https:\/\/www.agriculture-machine.com\/wp-content\/uploads\/2022\/01\/IMG_9124_\u526f\u672c-360x270.jpg 360w, https:\/\/www.agriculture-machine.com\/wp-content\/uploads\/2022\/01\/IMG_9124_\u526f\u672c-240x180.jpg 240w\" sizes=\"auto, (max-width: 720px) 100vw, 720px\" \/><figcaption class=\"wp-element-caption\">m\u00e1quina de colheita de amendoim pequena<\/figcaption><\/figure>    <h2 class=\"wp-block-heading\" id=\"structure-of-the-groundnut-picking-machine\">Estrutura da pequena m\u00e1quina de colheita de amendoim<\/h2>    <p>Esta pequena m\u00e1quina de colheita de amendoim possui principalmente uma entrada, sistema de colheita de frutos, sa\u00edda de impurezas grandes, sa\u00edda de amendoim, sa\u00eddas de impurezas leves, elevador, ventilador e fonte de energia.<\/p>    <figure class=\"wp-block-gallery has-nested-images columns-default is-cropped wp-block-gallery-2 is-layout-flex wp-block-gallery-is-layout-flex\"> <figure class=\"wp-block-image size-large\"><img loading=\"lazy\" decoding=\"async\" width=\"720\" height=\"540\" data-id=\"12643\" src=\"https:\/\/www.agriculture-machine.com\/wp-content\/uploads\/2022\/01\/1-1.jpg\" alt=\"estrutura da m\u00e1quina de colheita de amendoim\" class=\"wp-image-12643\" srcset=\"https:\/\/www.agriculture-machine.com\/wp-content\/uploads\/2022\/01\/1-1.jpg 720w, https:\/\/www.agriculture-machine.com\/wp-content\/uploads\/2022\/01\/1-1-360x270.jpg 360w, https:\/\/www.agriculture-machine.com\/wp-content\/uploads\/2022\/01\/1-1-240x180.jpg 240w\" sizes=\"auto, (max-width: 720px) 100vw, 720px\" \/><figcaption class=\"wp-element-caption\"> m\u00e1quina de colheita de amendoim<\/figcaption><\/figure>    <figure class=\"wp-block-image size-large\"><img loading=\"lazy\" decoding=\"async\" width=\"720\" height=\"540\" data-id=\"12642\" src=\"https:\/\/www.agriculture-machine.com\/wp-content\/uploads\/2022\/01\/2-1.jpg\" alt=\"estrutura da m\u00e1quina de colheita de amendoim\" class=\"wp-image-12642\" title=\"estrutura da m\u00e1quina de colheita de amendoim\" srcset=\"https:\/\/www.agriculture-machine.com\/wp-content\/uploads\/2022\/01\/2-1.jpg 720w, https:\/\/www.agriculture-machine.com\/wp-content\/uploads\/2022\/01\/2-1-360x270.jpg 360w, https:\/\/www.agriculture-machine.com\/wp-content\/uploads\/2022\/01\/2-1-240x180.jpg 240w\" sizes=\"auto, (max-width: 720px) 100vw, 720px\" \/><figcaption class=\"wp-element-caption\">groundnut picking machine&#8217;s structure<\/figcaption><\/figure> <figcaption class=\"blocks-gallery-caption wp-element-caption\">pequena m\u00e1quina de colheita de amendoim<\/figcaption><\/figure>    <h2 class=\"wp-block-heading\" id=\"what-is-the-working-flow-of-the-peanut-picker-work\">Qual \u00e9 o fluxo de trabalho da m\u00e1quina de colheita de amendoim<\/h2>    <ol class=\"wp-block-list\"> <li>Precisamos secar os amendoins por dois dias antes de usar a m\u00e1quina.<\/li>    <li>Quando usamos esta pequena m\u00e1quina de colheita de amendoim, primeiro ligamos a m\u00e1quina e colocamos o amendoim com talo na entrada da m\u00e1quina.<\/li>    <li>O amendoim entra no sistema de colheita de frutos. O sistema de colheita separa o amendoim do talo e da folha.<\/li>    <li>Depois, o ventilador expulsar\u00e1 o talo, folha e grandes impurezas atrav\u00e9s da sa\u00edda de impurezas grandes. Ao mesmo tempo, frutos e talos mais pesados (em pequenas quantidades) caem na tela de classifica\u00e7\u00e3o.<\/li>    <li>Depois, o fruto e uma pequena quantidade de talos, o bloco de lama sai pela sa\u00edda da tela de classifica\u00e7\u00e3o. Os talos e o solo caem no ch\u00e3o atrav\u00e9s da peneira inferior.<\/li>    <li>Por fim, o fruto do amendoim cair\u00e1 no elevador. Um elevador entregar\u00e1 o amendoim na sacola pendurada no elevador.<\/li> <\/ol>    <h2 class=\"wp-block-heading\" id=\"parameter-of-the-small-dry-peanut-picking-machine\">Par\u00e2metro da pequena m\u00e1quina de colheita de amendoim seco<\/h2>    <figure class=\"wp-block-table is-style-stripes\"><table><tbody><tr><td>Modelo<\/td><td>5HZ-600<\/td><\/tr><tr><td>Tamanho<\/td><td>1960*1500*1370mm<\/td><\/tr><tr><td>Peso<\/td><td>150kg<\/td><\/tr><tr><td>Pot\u00eancia<\/td><td>Motor de 7,5kw, motor diesel de 10HP<\/td><\/tr><tr><td>Capacidade<\/td><td>800-1000kg\/h<\/td><\/tr><tr><td>Taxa de colheita<\/td><td>\uff1e99%<\/td><\/tr><tr><td>Taxa de quebra<\/td><td>\uff1c1%<\/td><\/tr><tr><td>Taxa de impureza<\/td><td>\uff1c1%<\/td><\/tr><\/tbody><\/table><figcaption class=\"wp-element-caption\">Par\u00e2metro da pequena m\u00e1quina de colheita de amendoim seco<\/figcaption><\/figure>    <h2 class=\"wp-block-heading\" id=\"advantages-of-high-output-groundnut-picking-machine\">Vantagens da m\u00e1quina de colheita de amendoim de alta produ\u00e7\u00e3o<\/h2>    <ol class=\"wp-block-list\"> <li>A m\u00e1quina de colheita de amendoim completa tem uma estrutura razo\u00e1vel e \u00e9 f\u00e1cil de mover.<\/li>    <li>Esta m\u00e1quina de colheita de amendoim tem uma alta taxa de remo\u00e7\u00e3o de talos. Todos os amendoins processados ficam sem talos ou folhas.<\/li>    <li>Al\u00e9m disso, a taxa de quebra da nossa pequena m\u00e1quina de colheita de amendoim \u00e9 inferior a 1%.<\/li>    <li>Alta efici\u00eancia, a nossa pequena m\u00e1quina multifuncional de colheita de amendoim pode atingir uma capacidade de 800-100kg por hora. Esta produ\u00e7\u00e3o pode atender \u00e0s necessidades da maioria dos agricultores.<\/li> <\/ol>    <h2 class=\"wp-block-heading\" id=\"how-to-maintain-the-peanut-picking-machine\">Como manter a m\u00e1quina de colheita de amendoim<\/h2>    <ol class=\"wp-block-list\"> <li>Antes de a pequena m\u00e1quina de colheita de amendoim seco funcionar, todas as partes da m\u00e1quina devem ser inspecionadas para garantir que est\u00e3o funcionando corretamente.<\/li>    <li>Certifique-se de fazer uma boa impermeabiliza\u00e7\u00e3o quando n\u00e3o estiver em uso para evitar corros\u00e3o e danos \u00e0s v\u00e1rias partes devido \u00e0 ferrugem ao contato com a \u00e1gua.<\/li>    <li>Para as pe\u00e7as sujeitas ao desgaste da m\u00e1quina de colheita de amendoim, devemos aplicar \u00f3leo lubrificante frequentemente para proteger o uso normal das pe\u00e7as. Especialmente algumas pe\u00e7as met\u00e1licas expostas devem ser pintadas para evitar ferrugem.<\/li> <\/ol>    <p>Para obter informa\u00e7\u00f5es mais detalhadas sobre a nossa pequena m\u00e1quina de colheita de amendoim, ou para experimentar e entender o nosso processo de produ\u00e7\u00e3o por si mesmo, n\u00e3o hesite em contactar a nossa equipa profissional. Aguardamos ansiosamente a sua visita e convidamos voc\u00ea a visitar a nossa f\u00e1brica para discutir como podemos atender melhor \u00e0s suas necessidades agr\u00edcolas. Nossa equipa ficar\u00e1 feliz em fornecer suporte e servi\u00e7o.<\/p>","protected":false},"excerpt":{"rendered":"<p>A pequena m\u00e1quina de colheita de amendoim \u00e9 um equipamento que pode colher frutos automaticamente, ajudando os operadores a produzir rapidamente e obter frutos de amendoim completos.<\/p>","protected":false},"author":1,"featured_media":12640,"parent":0,"comment_status":"closed","ping_status":"closed","template":"","tags":[2538,2532,2534,2527,2536,509,2525,2529,2540],"product-type":[890],"class_list":["post-12636","product","type-product","status-publish","has-post-thumbnail","hentry","tag-dry-peanut-picker","tag-groundnut-picking-machine","tag-high-efficiency-peanut-picking-machine","tag-mini-peanut-picker","tag-multifunctional-peanut-picking-machine","tag-peanut-picker","tag-peanut-picker-machine","tag-small-peanut-picker","tag-wholesale-peanut-picker-machine","product-type-peanut-picker"],"_links":{"self":[{"href":"https:\/\/www.agriculture-machine.com\/pt\/wp-json\/wp\/v2\/product\/12636","targetHints":{"allow":["GET"]}}],"collection":[{"href":"https:\/\/www.agriculture-machine.com\/pt\/wp-json\/wp\/v2\/product"}],"about":[{"href":"https:\/\/www.agriculture-machine.com\/pt\/wp-json\/wp\/v2\/types\/product"}],"author":[{"embeddable":true,"href":"https:\/\/www.agriculture-machine.com\/pt\/wp-json\/wp\/v2\/users\/1"}],"replies":[{"embeddable":true,"href":"https:\/\/www.agriculture-machine.com\/pt\/wp-json\/wp\/v2\/comments?post=12636"}],"wp:featuredmedia":[{"embeddable":true,"href":"https:\/\/www.agriculture-machine.com\/pt\/wp-json\/wp\/v2\/media\/12640"}],"wp:attachment":[{"href":"https:\/\/www.agriculture-machine.com\/pt\/wp-json\/wp\/v2\/media?parent=12636"}],"wp:term":[{"taxonomy":"post_tag","embeddable":true,"href":"https:\/\/www.agriculture-machine.com\/pt\/wp-json\/wp\/v2\/tags?post=12636"},{"taxonomy":"product-type","embeddable":true,"href":"https:\/\/www.agriculture-machine.com\/pt\/wp-json\/wp\/v2\/product-type?post=12636"}],"curies":[{"name":"wp","href":"https:\/\/api.w.org\/{rel}","templated":true}]}}