{"id":138,"date":"2018-07-12T06:35:27","date_gmt":"2018-07-11T22:35:27","guid":{"rendered":"https:\/\/www.agriculture-machine.com\/?p=138"},"modified":"2024-10-24T14:11:29","modified_gmt":"2024-10-24T06:11:29","slug":"multifunctional-thresher-for-maize-beans-sorghum-millet","status":"publish","type":"product","link":"https:\/\/www.agriculture-machine.com\/pt\/multifunctional-thresher-for-maize-beans-sorghum-millet\/","title":{"rendered":"Debulhador multifuncional de milho para milho, feij\u00e3o, sorgo, millet"},"content":{"rendered":"<p class=\"translation-block\">A m\u00e1quina era um <a href=\"https:\/\/www.agriculture-machine.com\/pt\/maize-sheller\/\">debulhador de milho manual independente.<\/a> Com o desenvolvimento da tecnologia, o debulhador de milho multifuncional est\u00e1 sendo constantemente atualizado. O debulhador atual pode ser alimentado por um motor a gasolina, um motor a diesel ou um motor el\u00e9trico. Ao mesmo tempo, uma m\u00e1quina pode debulhar v\u00e1rias culturas. Essa tamb\u00e9m \u00e9 a raz\u00e3o pela qual o debulhador multifuncional \u00e9 popular.<\/p>    <h2 class=\"wp-block-heading\">Caracter\u00edsticas do debulhador multifuncional<\/h2>    <p class=\"translation-block\">A <strong>multifunctional thresher<\/strong> is used to thresh many different sizes of crops such as maize, beans, sorghum, and millet, and it is equipped with high capacity(3-4t\/h). Its threshing rate can reach 98%, which means the final kernels are very clean. What\u2019s more, two rollers made of special materials won&#8217;t damage corn kernels during operation.<\/p>    <figure class=\"wp-block-image aligncenter alignnone size-full wp-image-8696\"><img loading=\"lazy\" decoding=\"async\" width=\"720\" height=\"540\" src=\"https:\/\/www.agriculture-machine.com\/wp-content\/uploads\/2018\/07\/Multifunctional-thresher.jpg\" alt=\"Debulhador-multifuncional\" class=\"wp-image-8696\" srcset=\"https:\/\/www.agriculture-machine.com\/wp-content\/uploads\/2018\/07\/Multifunctional-thresher.jpg 720w, https:\/\/www.agriculture-machine.com\/wp-content\/uploads\/2018\/07\/Multifunctional-thresher-360x270.jpg 360w, https:\/\/www.agriculture-machine.com\/wp-content\/uploads\/2018\/07\/Multifunctional-thresher-240x180.jpg 240w\" sizes=\"auto, (max-width: 720px) 100vw, 720px\" \/><figcaption class=\"wp-element-caption\">Debulhador-multifuncional<\/figcaption><\/figure>    <h2 class=\"wp-block-heading\">V\u00eddeo de opera\u00e7\u00e3o do debulhador multifuncional<\/h2>    <figure class=\"wp-block-embed aligncenter is-type-video is-provider-youtube wp-block-embed-youtube wp-embed-aspect-16-9 wp-has-aspect-ratio\"><div class=\"wp-block-embed__wrapper\"> <iframe loading=\"lazy\" title=\"Voc\u00ea nunca se arrepender\u00e1 de comprar - m\u00e1quina de debulhar milho, millet, sorgo, feij\u00e3o, debulhador de milho\" width=\"500\" height=\"281\" src=\"https:\/\/www.youtube.com\/embed\/GR28h0y-wcc?feature=oembed\" frameborder=\"0\" allow=\"accelerometer; autoplay; clipboard-write; encrypted-media; gyroscope; picture-in-picture; web-share\" referrerpolicy=\"strict-origin-when-cross-origin\" allowfullscreen><\/iframe> <\/div><figcaption class=\"wp-element-caption\">v\u00eddeo de funcionamento do debulhador de milho multifuncional<\/figcaption><\/figure>    <p>This multifunctional thresher machine is easy to operate, and farmers just need to change screens with different shapes. The first&nbsp;is to thresher corn. You can see that the kernels are very clean, so users don&#8217;t need to use grain winnower to clean them again. The second is to thresh sorghum, and there is almost no impurity in the video. The third is to thresh millet. The vibrating screen at the exit can filter twice for a cleaner discharge.<\/p>    <h2 class=\"wp-block-heading\">Aplica\u00e7\u00e3o do debulhador de milho multifuncional<\/h2>    <figure class=\"wp-block-image aligncenter alignnone\"><img decoding=\"async\" src=\"https:\/\/www.agriculture-machine.com\/wp-content\/uploads\/2018\/07\/corn-sheller16.jpg\" alt=\"m\u00e1quina de debulhar milho\"\/><figcaption class=\"wp-element-caption\">m\u00e1quina de debulhar milho<\/figcaption><\/figure>    <figure class=\"wp-block-image aligncenter alignnone\"><img decoding=\"async\" src=\"https:\/\/www.agriculture-machine.com\/wp-content\/uploads\/2018\/07\/corn-sheller05-1.jpg\" alt=\"mat\u00e9ria-prima do debulhador multifuncional\"\/><figcaption class=\"wp-element-caption\">mat\u00e9ria-prima do debulhador multifuncional<\/figcaption><\/figure>    <p>Este debulhador multifuncional ou debulhador de milho \u00e9 adequado para milho, feij\u00e3o, sorgo e millet, mesmo tendo tamanhos diferentes, e os agricultores s\u00f3 precisam de trocar as telas.<\/p>    <h2 class=\"wp-block-heading\">Pot\u00eancia compat\u00edvel da m\u00e1quina de debulhar milho multifuncional<\/h2>    <p>Este debulhador de millet pode ser conectado a um motor, motor a gasolina ou motor a diesel, e \u00e9 conveniente de operar em \u00e1reas remotas, especialmente em regi\u00f5es com eletricidade insuficiente.<br>A m\u00e1quina de debulhar milho a seguir combina com motor a diesel<\/p>    <figure class=\"wp-block-image aligncenter alignnone\"><img decoding=\"async\" src=\"https:\/\/www.agriculture-machine.com\/wp-content\/uploads\/2018\/07\/corn-sheller15-1.jpg\" alt=\"m\u00e1quina de debulhar feij\u00e3o\"\/><figcaption class=\"wp-element-caption\">m\u00e1quina de debulhar feij\u00e3o<\/figcaption><\/figure>    <figure class=\"wp-block-image aligncenter alignnone\"><img decoding=\"async\" src=\"https:\/\/www.agriculture-machine.com\/wp-content\/uploads\/2018\/07\/corn-sheller06.jpg\" alt=\"m\u00e1quina de debulhar millet\"\/><figcaption class=\"wp-element-caption\">m\u00e1quina de debulhar millet<\/figcaption><\/figure>    <figure class=\"wp-block-image aligncenter alignnone size-full wp-image-8697\"><img loading=\"lazy\" decoding=\"async\" width=\"720\" height=\"540\" src=\"https:\/\/www.agriculture-machine.com\/wp-content\/uploads\/2018\/07\/Multifunctional-corn-thresher.jpg\" alt=\"Debulhador de milho multifuncional\" class=\"wp-image-8697\" srcset=\"https:\/\/www.agriculture-machine.com\/wp-content\/uploads\/2018\/07\/Multifunctional-corn-thresher.jpg 720w, https:\/\/www.agriculture-machine.com\/wp-content\/uploads\/2018\/07\/Multifunctional-corn-thresher-360x270.jpg 360w, https:\/\/www.agriculture-machine.com\/wp-content\/uploads\/2018\/07\/Multifunctional-corn-thresher-240x180.jpg 240w\" sizes=\"auto, (max-width: 720px) 100vw, 720px\" \/><figcaption class=\"wp-element-caption\">Debulhador de milho multifuncional<\/figcaption><\/figure>    <h2 class=\"wp-block-heading\">Vantagens do debulhador de milho<\/h2>    <ul class=\"wp-block-list\"> <li>A tela vibrat\u00f3ria na sa\u00edda pode filtrar duas vezes para uma descarga mais limpa.<\/li>    <li>Durante a opera\u00e7\u00e3o, o debulhador de milho \u00e0 venda permanece est\u00e1vel e os gr\u00e3os n\u00e3o s\u00e3o facilmente danificados.<\/li>    <li>Ap\u00f3s a debulha, h\u00e1 apenas pequenas impurezas e os agricultores n\u00e3o precisam usar peneira de gr\u00e3os para limp\u00e1-los novamente.<\/li>    <li>Quatro rodas facilitam o deslocamento.<\/li> <\/ul>    <figure class=\"wp-block-image aligncenter alignnone\"><img decoding=\"async\" src=\"https:\/\/www.agriculture-machine.com\/wp-content\/uploads\/2018\/07\/corn-sheller12.jpg\" alt=\"debulhador de sorgo\"\/><figcaption class=\"wp-element-caption\">debulhador de sorgo<\/figcaption><\/figure>    <figure class=\"wp-block-image aligncenter alignnone\"><img decoding=\"async\" src=\"https:\/\/www.agriculture-machine.com\/wp-content\/uploads\/2018\/07\/corn-sheller13.jpg\" alt=\"debulhador de sorgo\"\/><figcaption class=\"wp-element-caption\">debulhador de sorgo<\/figcaption><\/figure>    <h2 class=\"wp-block-heading\">Um caso de sucesso do debulhador de milho multifuncional<\/h2>    <p>Nossos t\u00e9cnicos est\u00e3o verificando a m\u00e1quina antes da entrega. Em 2018, ap\u00f3s v\u00e1rias coopera\u00e7\u00f5es, nosso cliente na Nig\u00e9ria encomendou novamente 200 conjuntos de debulhadores de milho multifuncionais a um pre\u00e7o baixo. Produzimos cuidadosamente cada pe\u00e7a de reposi\u00e7\u00e3o para garantir a qualidade da m\u00e1quina e oferecer o melhor servi\u00e7o.<\/p>    <p>He distributed machines to local farmers after receiving them, what makes us is that farmers&#8217; living standards have been boosted a lot since they used our machines. Traditionally, they use their hands to shell corn, which wastes much time and energy, and they do not have available time for other meaningful things.<\/p>    <p>A m\u00e1quina de debulhar multifuncional \u00e9 equipada com alta qualidade e \u00e9 um produto de design novo, combinado com muitas tecnologias<\/p>    <figure class=\"wp-block-image aligncenter alignnone\"><img decoding=\"async\" src=\"https:\/\/www.agriculture-machine.com\/wp-content\/uploads\/2018\/07\/corn-sheller02.jpg\" alt=\"f\u00e1brica de debulhadoras de trigo\"\/><figcaption class=\"wp-element-caption\">f\u00e1brica de debulhadoras de trigo<\/figcaption><\/figure>    <figure class=\"wp-block-image aligncenter\"><img decoding=\"async\" src=\"https:\/\/www.agriculture-machine.com\/wp-content\/uploads\/2018\/07\/corn-sheller01.jpg\" alt=\"debulhador01\"\/><figcaption class=\"wp-element-caption\">m\u00e1quinas de debulhar milho multifuncionais na f\u00e1brica<\/figcaption><\/figure>    <h2 class=\"wp-block-heading\">Perguntas frequentes sobre o debulhador multifuncional<\/h2>   <div id=\"rank-math-faq\" class=\"rank-math-block\"> <div class=\"rank-math-list\"> <div id=\"faq-question-1716799607290\" class=\"rank-math-list-item\"> <h3 class=\"rank-math-question\">Quais s\u00e3o as mat\u00e9rias-primas do debulhador multifuncional?<\/h3> <div class=\"rank-math-answer\">  <p>As mat\u00e9rias-primas podem ser milho, millet, sorgo e feij\u00e3o.<\/p>  <\/div> <\/div> <div id=\"faq-question-1716799613565\" class=\"rank-math-list-item\"> <h3 class=\"rank-math-question\">Por que uma m\u00e1quina pode debulhar muitas culturas?<\/h3> <div class=\"rank-math-answer\">  <p>A tela dentro do debulhador de milho multifuncional pode ser trocada de acordo com os diferentes tamanhos de culturas, como na imagem a seguir. S\u00e3o sucessivamente a tela de feij\u00e3o, millet e milho.<br \/><img decoding=\"async\" src=\"https:\/\/www.agriculture-machine.com\/wp-content\/uploads\/2018\/07\/corn-sheller07.jpg\" alt=\"a tela do debulhador multifuncional \">Tela do debulhador multifuncional<\/p>  <\/div> <\/div> <div id=\"faq-question-1716799681132\" class=\"rank-math-list-item\"> <h3 class=\"rank-math-question\">Quais s\u00e3o as partes vulner\u00e1veis desta m\u00e1quina de debulhar milho?<\/h3> <div class=\"rank-math-answer\">  <p>A rosca e a tela s\u00e3o partes vulner\u00e1veis, e precisam ser trocadas anualmente.<br \/><img decoding=\"async\" src=\"https:\/\/www.agriculture-machine.com\/wp-content\/uploads\/2018\/07\/corn-sheller11.jpg\" alt=\"a tela do debulhador multifuncional \">a tela do debulhador de milho multifuncional<\/p>  <\/div> <\/div> <div id=\"faq-question-1716799749464\" class=\"rank-math-list-item\"> <h3 class=\"rank-math-question\">Para qual pa\u00eds voc\u00ea j\u00e1 exportou antes?<\/h3> <div class=\"rank-math-answer\">  <p class=\"translation-block\">Export\u00e1mos esta m\u00e1quina de debulhar milho para muitos pa\u00edses, como \u00cdndia, Nig\u00e9ria, Qu\u00eania, Estados Unidos, Zimb\u00e1bue, \u00c1frica do Sul, etc.<\/p>  <\/div> <\/div> <\/div> <\/div>","protected":false},"excerpt":{"rendered":"<p>O debulhador de milho multifuncional \u00e9 adequado para muitas culturas, com alta capacidade (3-4t\/h). Sua taxa de debulha pode atingir 98%, o que significa que os gr\u00e3os finais s\u00e3o muito limpos. Al\u00e9m disso, dois rolos feitos de materiais especiais n\u00e3o danificam os gr\u00e3os durante a opera\u00e7\u00e3o.<\/p>","protected":false},"author":1,"featured_media":0,"parent":0,"comment_status":"closed","ping_status":"closed","template":"","tags":[491,2619],"product-type":[893],"class_list":["post-138","product","type-product","status-publish","hentry","tag-corn","tag-sheller","product-type-corn-thresher"],"_links":{"self":[{"href":"https:\/\/www.agriculture-machine.com\/pt\/wp-json\/wp\/v2\/product\/138","targetHints":{"allow":["GET"]}}],"collection":[{"href":"https:\/\/www.agriculture-machine.com\/pt\/wp-json\/wp\/v2\/product"}],"about":[{"href":"https:\/\/www.agriculture-machine.com\/pt\/wp-json\/wp\/v2\/types\/product"}],"author":[{"embeddable":true,"href":"https:\/\/www.agriculture-machine.com\/pt\/wp-json\/wp\/v2\/users\/1"}],"replies":[{"embeddable":true,"href":"https:\/\/www.agriculture-machine.com\/pt\/wp-json\/wp\/v2\/comments?post=138"}],"wp:attachment":[{"href":"https:\/\/www.agriculture-machine.com\/pt\/wp-json\/wp\/v2\/media?parent=138"}],"wp:term":[{"taxonomy":"post_tag","embeddable":true,"href":"https:\/\/www.agriculture-machine.com\/pt\/wp-json\/wp\/v2\/tags?post=138"},{"taxonomy":"product-type","embeddable":true,"href":"https:\/\/www.agriculture-machine.com\/pt\/wp-json\/wp\/v2\/product-type?post=138"}],"curies":[{"name":"wp","href":"https:\/\/api.w.org\/{rel}","templated":true}]}}