{"id":14778,"date":"2023-09-11T14:17:49","date_gmt":"2023-09-11T06:17:49","guid":{"rendered":"https:\/\/www.agriculture-machine.com\/?post_type=product&#038;p=14778"},"modified":"2025-08-19T17:50:32","modified_gmt":"2025-08-19T09:50:32","slug":"groundnut-sheller-machine","status":"publish","type":"product","link":"https:\/\/www.agriculture-machine.com\/pt\/groundnut-sheller-machine\/","title":{"rendered":"M\u00e1quina autom\u00e1tica de descasque de amendoim para venda"},"content":{"rendered":"<p>A pequena m\u00e1quina descascadora de amendoim \u00e9 amplamente utilizada em fazendas e plantas de processamento. A m\u00e1quina combina fric\u00e7\u00e3o de tambor e separa\u00e7\u00e3o de ar para descascar amendoins, alcan\u00e7ando uma taxa de descascamento de mais de 95% e garantindo efetivamente uma taxa de integridade dos gr\u00e3os de aproximadamente 90%.<\/p>    <p>Comparado ao descascamento manual tradicional, a efici\u00eancia \u00e9 melhorada em v\u00e1rias vezes, reduzindo significativamente os custos de m\u00e3o de obra enquanto aumenta a limpeza e o valor de mercado dos gr\u00e3os de amendoim. Seja para pequenos agricultores ou empresas de processamento de m\u00e9dio porte, este equipamento \u00e9 uma escolha ideal para aumentar a produtividade e competitividade.<\/p>    <figure class=\"wp-block-embed aligncenter is-type-video is-provider-youtube wp-block-embed-youtube wp-embed-aspect-16-9 wp-has-aspect-ratio\"><div class=\"wp-block-embed__wrapper\"> <iframe loading=\"lazy\" title=\"Eficiente e Conveniente! M\u00e1quina Descascadora de Amendoim para Uso Dom\u00e9stico Chocante Online!\" width=\"500\" height=\"281\" src=\"https:\/\/www.youtube.com\/embed\/_BhNMHRh6mY?feature=oembed\" frameborder=\"0\" allow=\"accelerometer; autoplay; clipboard-write; encrypted-media; gyroscope; picture-in-picture; web-share\" referrerpolicy=\"strict-origin-when-cross-origin\" allowfullscreen><\/iframe> <\/div><figcaption class=\"wp-element-caption\">pequena m\u00e1quina removedora de casca de amendoim para uso dom\u00e9stico<\/figcaption><\/figure>    <h2 class=\"wp-block-heading\">Exibi\u00e7\u00e3o de produtos acabados<\/h2>    <ul class=\"wp-block-list\"> <li>Alta integridade do gr\u00e3o de amendoim: ap\u00f3s o descascamento, os gr\u00e3os de amendoim t\u00eam uma superf\u00edcie lisa e baixa taxa de quebra.<\/li>    <li>Separa\u00e7\u00e3o completa casca-gr\u00e3o: as cascas e os gr\u00e3os podem ser separados de forma eficiente, reduzindo a necessidade de triagem secund\u00e1ria.<\/li>    <li>Alta limpeza: os gr\u00e3os de amendoim cont\u00eam poucas impurezas, tornando-os adequados para processamento direto na pr\u00f3xima etapa.<\/li>    <li>Sa\u00edda est\u00e1vel: a m\u00e1quina pode operar continuamente, produzindo uma sa\u00edda uniforme para atender \u00e0s exig\u00eancias de produ\u00e7\u00e3o em massa.<\/li> <\/ul>    <figure class=\"wp-block-gallery aligncenter has-nested-images columns-default is-cropped wp-block-gallery-2 is-layout-flex wp-block-gallery-is-layout-flex\"> <figure class=\"wp-block-image size-large\"><img loading=\"lazy\" decoding=\"async\" width=\"720\" height=\"540\" data-id=\"14787\" src=\"https:\/\/www.agriculture-machine.com\/wp-content\/uploads\/2023\/09\/raw-peanut-material.webp\" alt=\"material de amendoim cru\" class=\"wp-image-14787\" srcset=\"https:\/\/www.agriculture-machine.com\/wp-content\/uploads\/2023\/09\/raw-peanut-material.webp 720w, https:\/\/www.agriculture-machine.com\/wp-content\/uploads\/2023\/09\/raw-peanut-material-360x270.webp 360w, https:\/\/www.agriculture-machine.com\/wp-content\/uploads\/2023\/09\/raw-peanut-material-240x180.webp 240w\" sizes=\"auto, (max-width: 720px) 100vw, 720px\" \/><figcaption class=\"wp-element-caption\">material de amendoim cru<\/figcaption><\/figure>    <figure class=\"wp-block-image size-large\"><img loading=\"lazy\" decoding=\"async\" width=\"720\" height=\"540\" data-id=\"14788\" src=\"https:\/\/www.agriculture-machine.com\/wp-content\/uploads\/2023\/09\/finished-groundnut-show.webp\" alt=\"exibi\u00e7\u00e3o de amendoim acabado\" class=\"wp-image-14788\" srcset=\"https:\/\/www.agriculture-machine.com\/wp-content\/uploads\/2023\/09\/finished-groundnut-show.webp 720w, https:\/\/www.agriculture-machine.com\/wp-content\/uploads\/2023\/09\/finished-groundnut-show-360x270.webp 360w, https:\/\/www.agriculture-machine.com\/wp-content\/uploads\/2023\/09\/finished-groundnut-show-240x180.webp 240w\" sizes=\"auto, (max-width: 720px) 100vw, 720px\" \/><figcaption class=\"wp-element-caption\">exibi\u00e7\u00e3o de amendoim acabado<\/figcaption><\/figure> <\/figure>    <h2 class=\"wp-block-heading\">Caracter\u00edsticas da m\u00e1quina descascadora de amendoim<\/h2>    <ul class=\"wp-block-list\"> <li>Descascamento de alta efici\u00eancia: velocidade de descascamento r\u00e1pida, com efici\u00eancia 3-5 vezes maior que a m\u00e3o de obra manual.<\/li>    <li>Alta adaptabilidade: pode processar amendoins de diferentes especifica\u00e7\u00f5es e variedades.<\/li>    <li>Par\u00e2metros ajust\u00e1veis: alguns modelos suportam ajuste de espa\u00e7o e fluxo de ar para garantir resultados \u00f3timos de descascamento.<\/li>    <li>Dur\u00e1vel e confi\u00e1vel: feito com a\u00e7o de alta qualidade e componentes resistentes ao desgaste, adequado para opera\u00e7\u00f5es de alta intensidade a longo prazo.<\/li>    <li>Alta capacidade: modelos pequenos podem processar 300-800 quilos por hora, atendendo \u00e0s necessidades de opera\u00e7\u00f5es de processamento de pequeno a m\u00e9dio porte.<\/li>    <li>Mobilidade f\u00e1cil: design compacto com alguns modelos apresentando rod\u00edzios para movimento flex\u00edvel para diferentes locais de trabalho.<\/li>    <li>Economia de m\u00e3o de obra: requer opera\u00e7\u00e3o manual m\u00ednima, reduzindo significativamente a intensidade do trabalho e os custos de m\u00e3o de obra.<\/li> <\/ul>    <figure class=\"wp-block-gallery aligncenter has-nested-images columns-2 is-cropped wp-block-gallery-3 is-layout-flex wp-block-gallery-is-layout-flex\"> <figure class=\"wp-block-image size-large\"><img loading=\"lazy\" decoding=\"async\" width=\"405\" height=\"540\" data-id=\"14785\" src=\"https:\/\/www.agriculture-machine.com\/wp-content\/uploads\/2023\/09\/groundnut-shell-removing-machine-405x540.webp\" alt=\"m\u00e1quina de remo\u00e7\u00e3o de casca de amendoim\" class=\"wp-image-14785\" srcset=\"https:\/\/www.agriculture-machine.com\/wp-content\/uploads\/2023\/09\/groundnut-shell-removing-machine-405x540.webp 405w, https:\/\/www.agriculture-machine.com\/wp-content\/uploads\/2023\/09\/groundnut-shell-removing-machine-203x270.webp 203w, https:\/\/www.agriculture-machine.com\/wp-content\/uploads\/2023\/09\/groundnut-shell-removing-machine.webp 540w\" sizes=\"auto, (max-width: 405px) 100vw, 405px\" \/><figcaption class=\"wp-element-caption\">m\u00e1quina de remo\u00e7\u00e3o de casca de amendoim<\/figcaption><\/figure>    <figure class=\"wp-block-image size-large\"><img loading=\"lazy\" decoding=\"async\" width=\"405\" height=\"540\" data-id=\"14786\" src=\"https:\/\/www.agriculture-machine.com\/wp-content\/uploads\/2023\/09\/peanut-cleaning-and-shelling-machine-405x540.webp\" alt=\"m\u00e1quina de limpeza e descascamento de amendoim\" class=\"wp-image-14786\" srcset=\"https:\/\/www.agriculture-machine.com\/wp-content\/uploads\/2023\/09\/peanut-cleaning-and-shelling-machine-405x540.webp 405w, https:\/\/www.agriculture-machine.com\/wp-content\/uploads\/2023\/09\/peanut-cleaning-and-shelling-machine-203x270.webp 203w, https:\/\/www.agriculture-machine.com\/wp-content\/uploads\/2023\/09\/peanut-cleaning-and-shelling-machine.webp 540w\" sizes=\"auto, (max-width: 405px) 100vw, 405px\" \/><figcaption class=\"wp-element-caption\">m\u00e1quina de limpeza e descascamento de amendoim<\/figcaption><\/figure> <\/figure>    <h2 class=\"wp-block-heading\">Componentes da m\u00e1quina descascadora de amendoim port\u00e1til<\/h2>    <p>Voc\u00ea pode ter uma ideia clara da estrutura simples da m\u00e1quina descascadora de amendoim pela apresenta\u00e7\u00e3o da figura abaixo.<\/p>    <figure class=\"wp-block-image aligncenter size-full\"><img loading=\"lazy\" decoding=\"async\" width=\"720\" height=\"540\" src=\"https:\/\/www.agriculture-machine.com\/wp-content\/uploads\/2023\/09\/groundnut-shell-off-machine-structure.webp\" alt=\"estrutura da m\u00e1quina de remo\u00e7\u00e3o de casca de amendoim\" class=\"wp-image-15493\" srcset=\"https:\/\/www.agriculture-machine.com\/wp-content\/uploads\/2023\/09\/groundnut-shell-off-machine-structure.webp 720w, https:\/\/www.agriculture-machine.com\/wp-content\/uploads\/2023\/09\/groundnut-shell-off-machine-structure-360x270.webp 360w, https:\/\/www.agriculture-machine.com\/wp-content\/uploads\/2023\/09\/groundnut-shell-off-machine-structure-240x180.webp 240w\" sizes=\"auto, (max-width: 720px) 100vw, 720px\" \/><figcaption class=\"wp-element-caption\">estrutura da m\u00e1quina de remo\u00e7\u00e3o de casca de amendoim<\/figcaption><\/figure>    <h2 class=\"wp-block-heading\">estrutura principal da m\u00e1quina de remo\u00e7\u00e3o de casca de amendoim<\/h2>    <ul class=\"wp-block-list\"> <li><strong>Unidade de Alimenta\u00e7\u00e3o<\/strong>: usado para transportar amendoins crus para a \u00e1rea de descascamento, comumente na forma de uma correia transportadora ou funil.<\/li>    <li><strong>Mecanismo de Descascamento<\/strong>: o componente central do equipamento, normalmente consistindo em um par de rolos ou l\u00e2minas, que removem as cascas dos amendoins atrav\u00e9s de fric\u00e7\u00e3o ou compress\u00e3o.<\/li>    <li><strong>Separador de Ar<\/strong>: utiliza princ\u00edpios de fluxo de ar para separar as cascas de amendoim dos gr\u00e3os de amendoim, garantindo separa\u00e7\u00e3o completa.<\/li>    <li><strong>Unidade de Sa\u00edda<\/strong>: transporta os gr\u00e3os de amendoim descascados para o pr\u00f3ximo processo ou recipiente de coleta, comumente na forma de uma correia transportadora ou calha de descarga.<\/li>    <li><strong>Sistema de Controle<\/strong>: equipado com bot\u00f5es, interruptores ou dispositivos de ajuste para controlar o in\u00edcio\/parada da m\u00e1quina e ajustes de par\u00e2metros. Alguns modelos apresentam sistemas de controle automatizados para aumentar a conveni\u00eancia e efici\u00eancia operacional.<\/li> <\/ul>    <figure class=\"wp-block-gallery aligncenter has-nested-images columns-2 is-cropped wp-block-gallery-4 is-layout-flex wp-block-gallery-is-layout-flex\"> <figure class=\"wp-block-image size-medium\"><img loading=\"lazy\" decoding=\"async\" width=\"360\" height=\"270\" data-id=\"14780\" src=\"https:\/\/www.agriculture-machine.com\/wp-content\/uploads\/2023\/09\/groundnut-sheller-machine-inner-structure-1-360x270.webp\" alt=\"estrutura interna da m\u00e1quina descascadora de amendoim\" class=\"wp-image-14780\" srcset=\"https:\/\/www.agriculture-machine.com\/wp-content\/uploads\/2023\/09\/groundnut-sheller-machine-inner-structure-1-360x270.webp 360w, https:\/\/www.agriculture-machine.com\/wp-content\/uploads\/2023\/09\/groundnut-sheller-machine-inner-structure-1-240x180.webp 240w, https:\/\/www.agriculture-machine.com\/wp-content\/uploads\/2023\/09\/groundnut-sheller-machine-inner-structure-1.webp 720w\" sizes=\"auto, (max-width: 360px) 100vw, 360px\" \/><figcaption class=\"wp-element-caption\">estrutura interna da m\u00e1quina descascadora de amendoim<\/figcaption><\/figure>    <figure class=\"wp-block-image size-medium\"><img loading=\"lazy\" decoding=\"async\" width=\"360\" height=\"270\" data-id=\"14781\" src=\"https:\/\/www.agriculture-machine.com\/wp-content\/uploads\/2023\/09\/groundnut-sheller-machine-structure-360x270.webp\" alt=\"estrutura da m\u00e1quina descascadora de amendoim\" class=\"wp-image-14781\" srcset=\"https:\/\/www.agriculture-machine.com\/wp-content\/uploads\/2023\/09\/groundnut-sheller-machine-structure-360x270.webp 360w, https:\/\/www.agriculture-machine.com\/wp-content\/uploads\/2023\/09\/groundnut-sheller-machine-structure-240x180.webp 240w, https:\/\/www.agriculture-machine.com\/wp-content\/uploads\/2023\/09\/groundnut-sheller-machine-structure.webp 720w\" sizes=\"auto, (max-width: 360px) 100vw, 360px\" \/><figcaption class=\"wp-element-caption\">estrutura da m\u00e1quina descascadora de amendoim<\/figcaption><\/figure> <\/figure>    <figure class=\"wp-block-gallery has-nested-images columns-default is-cropped wp-block-gallery-5 is-layout-flex wp-block-gallery-is-layout-flex\"> <figure class=\"wp-block-image size-large\"><img loading=\"lazy\" decoding=\"async\" width=\"720\" height=\"540\" data-id=\"15491\" src=\"https:\/\/www.agriculture-machine.com\/wp-content\/uploads\/2023\/09\/peanut-sheller-inner-detail.webp\" alt=\"detalhe interno da descascadora de amendoim\" class=\"wp-image-15491\" srcset=\"https:\/\/www.agriculture-machine.com\/wp-content\/uploads\/2023\/09\/peanut-sheller-inner-detail.webp 720w, https:\/\/www.agriculture-machine.com\/wp-content\/uploads\/2023\/09\/peanut-sheller-inner-detail-360x270.webp 360w, https:\/\/www.agriculture-machine.com\/wp-content\/uploads\/2023\/09\/peanut-sheller-inner-detail-240x180.webp 240w\" sizes=\"auto, (max-width: 720px) 100vw, 720px\" \/><figcaption class=\"wp-element-caption\">detalhe interno da descascadora de amendoim<\/figcaption><\/figure>    <figure class=\"wp-block-image size-large\"><img loading=\"lazy\" decoding=\"async\" width=\"360\" height=\"270\" data-id=\"15495\" src=\"https:\/\/www.agriculture-machine.com\/wp-content\/uploads\/2023\/09\/peanut-peeling-machine-sieve-360x270-1.webp\" alt=\"peneira da m\u00e1quina de descascamento de amendoim\" class=\"wp-image-15495\" srcset=\"https:\/\/www.agriculture-machine.com\/wp-content\/uploads\/2023\/09\/peanut-peeling-machine-sieve-360x270-1.webp 360w, https:\/\/www.agriculture-machine.com\/wp-content\/uploads\/2023\/09\/peanut-peeling-machine-sieve-360x270-1-240x180.webp 240w\" sizes=\"auto, (max-width: 360px) 100vw, 360px\" \/><figcaption class=\"wp-element-caption\">peneira da m\u00e1quina de descascamento de amendoim<\/figcaption><\/figure> <\/figure>    <h2 class=\"wp-block-heading\">Princ\u00edpio de funcionamento da m\u00e1quina descascadora de amendoim<\/h2>   <div id=\"rank-math-howto\" class=\"rank-math-block\" > <div class=\"rank-math-howto-description\"> <img loading=\"lazy\" decoding=\"async\" width=\"720\" height=\"540\" src=\"https:\/\/www.agriculture-machine.com\/wp-content\/uploads\/2023\/09\/peanut-thresher-machine-details.webp\" class=\"attachment-full size-full\" alt=\"detalhes da m\u00e1quina descaro\u00e7adora de amendoim\" srcset=\"https:\/\/www.agriculture-machine.com\/wp-content\/uploads\/2023\/09\/peanut-thresher-machine-details.webp 720w, https:\/\/www.agriculture-machine.com\/wp-content\/uploads\/2023\/09\/peanut-thresher-machine-details-360x270.webp 360w, https:\/\/www.agriculture-machine.com\/wp-content\/uploads\/2023\/09\/peanut-thresher-machine-details-240x180.webp 240w\" sizes=\"auto, (max-width: 720px) 100vw, 720px\" \/> <p>A m\u00e1quina descascadora de amendoim funciona basicamente removendo a casca do amendoim atrav\u00e9s de for\u00e7a e movimento mec\u00e2nicos, que geralmente incluem as seguintes etapas:<\/p>  <\/div>  <div class=\"rank-math-steps\"> <div id=\"howto-step-1694399210907\" class=\"rank-math-step\"> <h3 class=\"rank-math-step-title\">Est\u00e1gio de Alimenta\u00e7\u00e3o<\/h3> <div class=\"rank-math-step-content\"><p>Amendoins crus descascados s\u00e3o introduzidos na m\u00e1quina de descascamento, geralmente utilizando uma correia transportadora ou palete.<\/p> <\/div> <\/div> <div id=\"howto-step-1694399276211\" class=\"rank-math-step\"> <h3 class=\"rank-math-step-title\">Separa\u00e7\u00e3o F\u00edsica<\/h3> <div class=\"rank-math-step-content\"><p>Os amendoins s\u00e3o expostos a for\u00e7as de separa\u00e7\u00e3o f\u00edsica dentro da m\u00e1quina descascadora de amendoim. Isso geralmente \u00e9 realizado por tambores rotativos, l\u00e2minas ou outros mecanismos de descascamento.<\/p> <\/div> <\/div> <div id=\"howto-step-1694399294541\" class=\"rank-math-step\"> <h3 class=\"rank-math-step-title\">Processo de Descascamento<\/h3> <div class=\"rank-math-step-content\"><p>Os amendoins s\u00e3o alimentados no mecanismo de descascamento e as cascas s\u00e3o separadas dos gr\u00e3os. A chave para esta etapa \u00e9 o design do mecanismo, que normalmente utiliza fric\u00e7\u00e3o, vibra\u00e7\u00e3o ou corte para separar as cascas.<\/p> <\/div> <\/div> <div id=\"howto-step-1694399312065\" class=\"rank-math-step\"> <h3 class=\"rank-math-step-title\">Separa\u00e7\u00e3o de Casca<\/h3> <div class=\"rank-math-step-content\"><p>Ap\u00f3s o descascamento, os gr\u00e3os de amendoim e as cascas restantes s\u00e3o alimentados em um separador de ar ou peneira. Aqui, atrav\u00e9s do fluxo de ar ou vibra\u00e7\u00e3o, os fragmentos de casca mais leves s\u00e3o soprados ou peneirados, enquanto os gr\u00e3os de amendoim mais pesados seguem em frente.<\/p> <\/div> <\/div> <div id=\"howto-step-1694399336420\" class=\"rank-math-step\"> <h3 class=\"rank-math-step-title\">Est\u00e1gio de Descarga<\/h3> <div class=\"rank-math-step-content\"><p>Os gr\u00e3os de amendoim descascados s\u00e3o transportados para a unidade de descarga, geralmente atrav\u00e9s de uma correia transportadora ou tubula\u00e7\u00e3o, para processamento ou coleta adicional.<\/p> <\/div> <\/div> <\/div> <\/div>       <h2 class=\"wp-block-heading\">Dados t\u00e9cnicos da m\u00e1quina descascadora de amendoim<\/h2>    <p>Os par\u00e2metros t\u00e9cnicos das m\u00e1quinas descascadoras de amendoim podem variar dependendo do fabricante, modelo e aplica\u00e7\u00e3o, mas os seguintes s\u00e3o alguns modelos comuns para refer\u00eancia:<\/p>    <div class=\"wp-block-media-text is-stacked-on-mobile\"><figure class=\"wp-block-media-text__media\"><img loading=\"lazy\" decoding=\"async\" width=\"720\" height=\"540\" src=\"https:\/\/www.agriculture-machine.com\/wp-content\/uploads\/2023\/09\/groundnut-shelling-machine-for-sale.webp\" alt=\"m\u00e1quina descascadora de amendoim \u00e0 venda\" class=\"wp-image-15492 size-full\" srcset=\"https:\/\/www.agriculture-machine.com\/wp-content\/uploads\/2023\/09\/groundnut-shelling-machine-for-sale.webp 720w, https:\/\/www.agriculture-machine.com\/wp-content\/uploads\/2023\/09\/groundnut-shelling-machine-for-sale-360x270.webp 360w, https:\/\/www.agriculture-machine.com\/wp-content\/uploads\/2023\/09\/groundnut-shelling-machine-for-sale-240x180.webp 240w\" sizes=\"auto, (max-width: 720px) 100vw, 720px\" \/><\/figure><div class=\"wp-block-media-text__content\"> <p>Modelo: TBH-200<\/p>    <p>Tamanho: 650*560*1000mm<\/p>    <p>Produ\u00e7\u00e3o: 200KG\/H<\/p>    <p>Pot\u00eancia: motor a gasolina 170\/ motor\/motor a diesel 6 cavalos de pot\u00eancia<\/p> <\/div><\/div>    <p class=\"translation-block\">Ao mesmo tempo, nossa empresa vende uma unidade de descascamento de amendoim combinada em grande escala, que realiza a limpeza e descascamento de amendoins em uma m\u00e1quina. Voc\u00ea pode entender especificamente este equipamento atrav\u00e9s de: <a href=\"https:\/\/www.agriculture-machine.com\/pt\/industrial-combined-peanut-groundnut-shelling-machine\/\"><strong>M\u00e1quina de descascamento de amendoim combinada industrial<\/strong><\/a>. Sinta-se \u00e0 vontade para nos contatar se tiver alguma d\u00favida.<\/p>","protected":false},"excerpt":{"rendered":"<p>A pequena m\u00e1quina descascadora de amendoim tem uma alta taxa de separa\u00e7\u00e3o casca-gr\u00e3o e \u00e9 f\u00e1cil de operar, tornando-se amplamente utilizada em pequenas e m\u00e9dias fazendas e plantas de processamento de alimentos.<\/p>","protected":false},"author":1,"featured_media":14790,"parent":0,"comment_status":"closed","ping_status":"closed","template":"","tags":[798,797],"product-type":[895,872],"class_list":["post-14778","product","type-product","status-publish","has-post-thumbnail","hentry","tag-groundnut","tag-peanut","product-type-peanut-sheller","product-type-thresher-sheller"],"_links":{"self":[{"href":"https:\/\/www.agriculture-machine.com\/pt\/wp-json\/wp\/v2\/product\/14778","targetHints":{"allow":["GET"]}}],"collection":[{"href":"https:\/\/www.agriculture-machine.com\/pt\/wp-json\/wp\/v2\/product"}],"about":[{"href":"https:\/\/www.agriculture-machine.com\/pt\/wp-json\/wp\/v2\/types\/product"}],"author":[{"embeddable":true,"href":"https:\/\/www.agriculture-machine.com\/pt\/wp-json\/wp\/v2\/users\/1"}],"replies":[{"embeddable":true,"href":"https:\/\/www.agriculture-machine.com\/pt\/wp-json\/wp\/v2\/comments?post=14778"}],"wp:featuredmedia":[{"embeddable":true,"href":"https:\/\/www.agriculture-machine.com\/pt\/wp-json\/wp\/v2\/media\/14790"}],"wp:attachment":[{"href":"https:\/\/www.agriculture-machine.com\/pt\/wp-json\/wp\/v2\/media?parent=14778"}],"wp:term":[{"taxonomy":"post_tag","embeddable":true,"href":"https:\/\/www.agriculture-machine.com\/pt\/wp-json\/wp\/v2\/tags?post=14778"},{"taxonomy":"product-type","embeddable":true,"href":"https:\/\/www.agriculture-machine.com\/pt\/wp-json\/wp\/v2\/product-type?post=14778"}],"curies":[{"name":"wp","href":"https:\/\/api.w.org\/{rel}","templated":true}]}}