{"id":15095,"date":"2023-11-09T15:07:38","date_gmt":"2023-11-09T07:07:38","guid":{"rendered":"https:\/\/www.agriculture-machine.com\/?post_type=product&#038;p=15095"},"modified":"2024-11-14T15:12:46","modified_gmt":"2024-11-14T07:12:46","slug":"rice-mill-plant","status":"publish","type":"product","link":"https:\/\/www.agriculture-machine.com\/pt\/rice-mill-plant\/","title":{"rendered":"Equipamento completo de processamento de arroz de 15TPD"},"content":{"rendered":"<p class=\"translation-block\">Uma <strong><a href=\"https:\/\/www.agriculture-machine.com\/pt\/rice-milling-plant-machine\/\">f\u00e1brica de moagem de arroz<\/a><\/strong> completa \u00e9 um processo que ajuda a separar a casca e o farelo do arroz de paddy para produzir arroz refinado. Ao usar a nossa unidade de moagem de arroz, pode obter gr\u00e3os de arroz branco totalmente mo\u00eddos, livres de impurezas e com um n\u00famero m\u00ednimo de gr\u00e3os partidos, e a produ\u00e7\u00e3o de arroz branco atinge at\u00e9 69%-72%.<\/p>    <figure class=\"wp-block-gallery has-nested-images columns-default is-cropped wp-block-gallery-2 is-layout-flex wp-block-gallery-is-layout-flex\"> <figure class=\"wp-block-image size-large\"><img loading=\"lazy\" decoding=\"async\" width=\"720\" height=\"540\" data-id=\"15101\" src=\"https:\/\/www.agriculture-machine.com\/wp-content\/uploads\/2023\/11\/rice-milling-machine-production-line.webp\" alt=\"linha de produ\u00e7\u00e3o de m\u00e1quinas de moagem de arroz\" class=\"wp-image-15101\" srcset=\"https:\/\/www.agriculture-machine.com\/wp-content\/uploads\/2023\/11\/rice-milling-machine-production-line.webp 720w, https:\/\/www.agriculture-machine.com\/wp-content\/uploads\/2023\/11\/rice-milling-machine-production-line-360x270.webp 360w, https:\/\/www.agriculture-machine.com\/wp-content\/uploads\/2023\/11\/rice-milling-machine-production-line-240x180.webp 240w\" sizes=\"auto, (max-width: 720px) 100vw, 720px\" \/><figcaption class=\"wp-element-caption\">linha de produ\u00e7\u00e3o de m\u00e1quinas de moagem de arroz<\/figcaption><\/figure>    <figure class=\"wp-block-image size-large\"><img loading=\"lazy\" decoding=\"async\" width=\"720\" height=\"540\" data-id=\"15100\" src=\"https:\/\/www.agriculture-machine.com\/wp-content\/uploads\/2023\/11\/rice-mill-plant.webp\" alt=\"f\u00e1brica de moagem de arroz\" class=\"wp-image-15100\" srcset=\"https:\/\/www.agriculture-machine.com\/wp-content\/uploads\/2023\/11\/rice-mill-plant.webp 720w, https:\/\/www.agriculture-machine.com\/wp-content\/uploads\/2023\/11\/rice-mill-plant-360x270.webp 360w, https:\/\/www.agriculture-machine.com\/wp-content\/uploads\/2023\/11\/rice-mill-plant-240x180.webp 240w\" sizes=\"auto, (max-width: 720px) 100vw, 720px\" \/><figcaption class=\"wp-element-caption\">f\u00e1brica de moagem de arroz<\/figcaption><\/figure> <\/figure>    <h2 class=\"wp-block-heading\">Dados t\u00e9cnicos da f\u00e1brica de moagem de arroz de 15TPD<\/h2>    <figure class=\"wp-block-table is-style-stripes\"><table><tbody><tr><td class=\"has-text-align-center\" data-align=\"center\"><strong>N\u00e3o.<\/strong><\/td><td class=\"has-text-align-center\" data-align=\"center\"><strong>Item<\/strong><\/td><td class=\"has-text-align-center\" data-align=\"center\"><strong>Modelo<\/strong><\/td><td class=\"has-text-align-center\" data-align=\"center\"><strong>Pot\u00eancia\uff08KW\uff09<\/strong><\/td><\/tr><tr><td class=\"has-text-align-center\" data-align=\"center\">1<\/td><td class=\"has-text-align-center\" data-align=\"center\">Elevador<\/td><td class=\"has-text-align-center\" data-align=\"center\">TDTG18\/07<\/td><td class=\"has-text-align-center\" data-align=\"center\">0.75<\/td><\/tr><tr><td class=\"has-text-align-center\" data-align=\"center\">2<\/td><td class=\"has-text-align-center\" data-align=\"center\">Descaro\u00e7ador de arroz de paddy<\/td><td class=\"has-text-align-center\" data-align=\"center\">ZQS50<\/td><td class=\"has-text-align-center\" data-align=\"center\">0.75+0.75<\/td><\/tr><tr><td class=\"has-text-align-center\" data-align=\"center\">3<\/td><td class=\"has-text-align-center\" data-align=\"center\">Elevador<\/td><td class=\"has-text-align-center\" data-align=\"center\">TDTG18\/07*2<\/td><td class=\"has-text-align-center\" data-align=\"center\">0.75<\/td><\/tr><tr><td class=\"has-text-align-center\" data-align=\"center\">4<\/td><td class=\"has-text-align-center\" data-align=\"center\">Descaro\u00e7ador de arroz de paddy (rolo de borracha de 6 polegadas)&nbsp;<\/td><td class=\"has-text-align-center\" data-align=\"center\">LG15<\/td><td class=\"has-text-align-center\" data-align=\"center\">4<\/td><\/tr><tr><td class=\"has-text-align-center\" data-align=\"center\">5<\/td><td class=\"has-text-align-center\" data-align=\"center\">Separador de arroz por gravidade<\/td><td class=\"has-text-align-center\" data-align=\"center\">MGCZ70*5<\/td><td class=\"has-text-align-center\" data-align=\"center\">0.75<\/td><\/tr><tr><td class=\"has-text-align-center\" data-align=\"center\">6<\/td><td class=\"has-text-align-center\" data-align=\"center\">&nbsp;Moagem de arroz (rolo de esmeril)<\/td><td class=\"has-text-align-center\" data-align=\"center\">NS150<\/td><td class=\"has-text-align-center\" data-align=\"center\">15<\/td><\/tr><tr><td class=\"has-text-align-center\" data-align=\"center\">7<\/td><td class=\"has-text-align-center\" data-align=\"center\">Classificador de arroz<\/td><td class=\"has-text-align-center\" data-align=\"center\">40<\/td><td class=\"has-text-align-center\" data-align=\"center\">0.55<\/td><\/tr><\/tbody><\/table><\/figure>    <h2 class=\"wp-block-heading\">Introdu\u00e7\u00e3o ao equipamento de moagem de arroz integrado de 15TPD<\/h2>    <p>Esta f\u00e1brica de arroz de 15 toneladas por dia automatiza todo o processo e \u00e9 adequada para uso exclusivo por agricultores individuais, mercados, escolas e outras unidades, bem como para pequenas f\u00e1bricas de produ\u00e7\u00e3o e processamento de arroz, empresas de processamento de gr\u00e3os, cooperativas rurais e cooperativas de processamento de gr\u00e3os, e outros locais de processamento de paddy.<\/p>    <figure class=\"wp-block-gallery has-nested-images columns-default is-cropped wp-block-gallery-3 is-layout-flex wp-block-gallery-is-layout-flex\"> <figure class=\"wp-block-image size-large\"><img loading=\"lazy\" decoding=\"async\" width=\"720\" height=\"540\" data-id=\"15103\" src=\"https:\/\/www.agriculture-machine.com\/wp-content\/uploads\/2023\/11\/industrial-rice-mill.webp\" alt=\"moagem industrial de arroz\" class=\"wp-image-15103\" srcset=\"https:\/\/www.agriculture-machine.com\/wp-content\/uploads\/2023\/11\/industrial-rice-mill.webp 720w, https:\/\/www.agriculture-machine.com\/wp-content\/uploads\/2023\/11\/industrial-rice-mill-360x270.webp 360w, https:\/\/www.agriculture-machine.com\/wp-content\/uploads\/2023\/11\/industrial-rice-mill-240x180.webp 240w\" sizes=\"auto, (max-width: 720px) 100vw, 720px\" \/><figcaption class=\"wp-element-caption\">moagem industrial de arroz<\/figcaption><\/figure>    <figure class=\"wp-block-image size-large\"><img loading=\"lazy\" decoding=\"async\" width=\"720\" height=\"540\" data-id=\"15102\" src=\"https:\/\/www.agriculture-machine.com\/wp-content\/uploads\/2023\/11\/commercial-rice-milling-machine.webp\" alt=\"M\u00e1quina comercial de moagem de arroz\" class=\"wp-image-15102\" srcset=\"https:\/\/www.agriculture-machine.com\/wp-content\/uploads\/2023\/11\/commercial-rice-milling-machine.webp 720w, https:\/\/www.agriculture-machine.com\/wp-content\/uploads\/2023\/11\/commercial-rice-milling-machine-360x270.webp 360w, https:\/\/www.agriculture-machine.com\/wp-content\/uploads\/2023\/11\/commercial-rice-milling-machine-240x180.webp 240w\" sizes=\"auto, (max-width: 720px) 100vw, 720px\" \/><figcaption class=\"wp-element-caption\">M\u00e1quina comercial de moagem de arroz<\/figcaption><\/figure> <\/figure>    <h2 class=\"wp-block-heading\">V\u00eddeo de feedback do local de trabalho<\/h2>    <figure class=\"wp-block-embed is-type-video is-provider-youtube wp-block-embed-youtube wp-embed-aspect-16-9 wp-has-aspect-ratio\"><div class=\"wp-block-embed__wrapper\"> <iframe loading=\"lazy\" title=\"Unidade de moagem de arroz de pequena capacidade de alta efici\u00eancia: Produ\u00e7\u00e3o automatizada de arroz de boa qualidade que voc\u00ea precisa\" width=\"500\" height=\"281\" src=\"https:\/\/www.youtube.com\/embed\/etQycQKF09A?feature=oembed\" frameborder=\"0\" allow=\"accelerometer; autoplay; clipboard-write; encrypted-media; gyroscope; picture-in-picture; web-share\" referrerpolicy=\"strict-origin-when-cross-origin\" allowfullscreen><\/iframe> <\/div><\/figure>    <h2 class=\"wp-block-heading\">Vantagens das m\u00e1quinas comerciais de moagem de arroz<\/h2>    <div class=\"wp-block-media-text is-stacked-on-mobile\"><figure class=\"wp-block-media-text__media\"><img loading=\"lazy\" decoding=\"async\" width=\"405\" height=\"540\" src=\"https:\/\/www.agriculture-machine.com\/wp-content\/uploads\/2023\/11\/rice-mill-applications-405x540.webp\" alt=\"aplica\u00e7\u00f5es de moagem de arroz\" class=\"wp-image-15099 size-full\" srcset=\"https:\/\/www.agriculture-machine.com\/wp-content\/uploads\/2023\/11\/rice-mill-applications-405x540.webp 405w, https:\/\/www.agriculture-machine.com\/wp-content\/uploads\/2023\/11\/rice-mill-applications-203x270.webp 203w, https:\/\/www.agriculture-machine.com\/wp-content\/uploads\/2023\/11\/rice-mill-applications.webp 540w\" sizes=\"auto, (max-width: 405px) 100vw, 405px\" \/><\/figure><div class=\"wp-block-media-text__content\"> <ol class=\"wp-block-list\"> <li>Baixo ru\u00eddo, sem polui\u00e7\u00e3o de poeira;<\/li>    <li>Linha de produ\u00e7\u00e3o totalmente automatizada, reduz interven\u00e7\u00e3o manual;<\/li>    <li>Estrutura simples, f\u00e1cil de manter e operar, relativamente barato;<\/li>    <li>O casca de arroz produzido pode ser usado para fazer ra\u00e7\u00e3o animal;<\/li>    <li>Alta taxa de limpeza. Equipado com m\u00e1quina de remo\u00e7\u00e3o de pedras, pode remover mais de 90% das impurezas;<\/li>    <li>Materiais de alta qualidade e processos de fabrica\u00e7\u00e3o s\u00e3o utilizados para proporcionar maior durabilidade e custos de manuten\u00e7\u00e3o reduzidos.<\/li> <\/ol>    <p class=\"translation-block\">Al\u00e9m disso, fabricamos <strong><a href=\"https:\/\/www.agriculture-machine.com\/pt\/rice-mill-category\/rice-mill-production-line\/\">m\u00e1quinas com quatro configura\u00e7\u00f5es padr\u00e3o de 20, 25 e 30 toneladas por hora com diferentes produ\u00e7\u00f5es<\/a><\/strong>, para que possa escolher de acordo com o tamanho da sua ind\u00fastria e seu or\u00e7amento.<\/p> <\/div><\/div>    <h2 class=\"wp-block-heading\">Lista de m\u00e1quinas principais da f\u00e1brica de arroz<\/h2>    <p>A unidade completa de moagem de arroz consiste principalmente nas seguintes m\u00e1quinas: dois elevadores, um descaro\u00e7ador de arroz de paddy, um descascador de arroz de paddy, um separador de arroz por gravidade e uma f\u00e1brica de arroz. Isto representa a unidade de f\u00e1brica de arroz mais b\u00e1sica.<\/p>    <p>O arroz de paddy \u00e9 alimentado na m\u00e1quina de limpeza e remo\u00e7\u00e3o de pedras por um \u00fanico elevador para remover impurezas maiores e pedras laterais, e depois alimentado na m\u00e1quina de descascamento por um elevador duplo para descascamento. <\/p>    <p>O elevador transporta o paddy at\u00e9 a peneira de gravidade para triagem, o paddy sem casca \u00e9 devolvido ao descascador pela peneira de gravidade, e o arroz integral entra na m\u00e1quina de moagem, onde o arroz \u00e9 mo\u00eddo para processamento mais profundo, e finalmente peneirado para arroz partido. Detalhes de cada equipamento s\u00e3o os seguintes.<\/p>    <figure class=\"wp-block-image size-full\"><img loading=\"lazy\" decoding=\"async\" width=\"720\" height=\"540\" src=\"https:\/\/www.agriculture-machine.com\/wp-content\/uploads\/2023\/11\/15TPD-white-rice-making-line-structure.webp\" alt=\"Estrutura da linha de produ\u00e7\u00e3o de arroz branco de 15TPD\" class=\"wp-image-15147\" srcset=\"https:\/\/www.agriculture-machine.com\/wp-content\/uploads\/2023\/11\/15TPD-white-rice-making-line-structure.webp 720w, https:\/\/www.agriculture-machine.com\/wp-content\/uploads\/2023\/11\/15TPD-white-rice-making-line-structure-360x270.webp 360w, https:\/\/www.agriculture-machine.com\/wp-content\/uploads\/2023\/11\/15TPD-white-rice-making-line-structure-240x180.webp 240w\" sizes=\"auto, (max-width: 720px) 100vw, 720px\" \/><figcaption class=\"wp-element-caption\">Estrutura da linha de produ\u00e7\u00e3o de arroz branco de 15TPD<\/figcaption><\/figure>    <h2 class=\"wp-block-heading\">Fluxo de trabalho da linha de processamento de arroz branco<\/h2>   <div id=\"rank-math-faq\" class=\"rank-math-block\"> <div class=\"rank-math-list\"> <div id=\"faq-question-1699512742461\" class=\"rank-math-list-item\"> <h3 class=\"rank-math-question\">1. Descaro\u00e7ador de arroz de paddy<\/h3> <div class=\"rank-math-answer\">  <p>Este equipamento possui 2 camadas de peneiras, a primeira camada na parte superior remove principalmente impurezas maiores de palha, e a segunda camada na parte inferior remove pedras.<\/p>  <\/div> <\/div> <div id=\"faq-question-1699512762727\" class=\"rank-math-list-item\"> <h3 class=\"rank-math-question\">2. Descaro\u00e7ador de arroz de paddy<\/h3> <div class=\"rank-math-answer\">  <p>A fun\u00e7\u00e3o deste dispositivo \u00e9 remover a casca e a mistura de arroz integral e paddy obtida. A taxa de descascamento \u00e9 de at\u00e9 85-90 por cento.<\/p>  <\/div> <\/div> <div id=\"faq-question-1699512816614\" class=\"rank-math-list-item\"> <h3 class=\"rank-math-question\">3. Separador de arroz por gravidade<\/h3> <div class=\"rank-math-answer\">  <p>Este dispositivo \u00e9 dividido em tr\u00eas zonas, ordem de arroz integral, mistura de arroz de paddy e paddy. O paddy \u00e9 devolvido \u00e0 m\u00e1quina de descascamento para uma opera\u00e7\u00e3o secund\u00e1ria, enquanto o arroz integral pode ir para a f\u00e1brica de arroz.<\/p>  <\/div> <\/div> <div id=\"faq-question-1699512826277\" class=\"rank-math-list-item\"> <h3 class=\"rank-math-question\">4. M\u00e1quina de moagem de arroz<\/h3> <div class=\"rank-math-answer\">  <p>A m\u00e1quina mais central na f\u00e1brica de arroz moage as part\u00edculas de gr\u00e3o que foram descascadas. Este passo ajuda a separar ainda mais a por\u00e7\u00e3o de arroz ou farinha.<\/p>  <\/div> <\/div> <div id=\"faq-question-1699512836037\" class=\"rank-math-list-item\"> <h3 class=\"rank-math-question\">Classificador de arroz<\/h3> <div class=\"rank-math-answer\">  <p>No final, obter\u00e1 2% de arroz partido, a fun\u00e7\u00e3o deste equipamento \u00e9 peneirar com arroz completo. \u00c9 melhor n\u00e3o exceder 12,5% de humidade do gr\u00e3o cru. Caso contr\u00e1rio, quanto maior a humidade, maior a taxa de arroz partido.<\/p>  <\/div> <\/div> <\/div> <\/div>   <figure class=\"wp-block-gallery has-nested-images columns-default is-cropped wp-block-gallery-4 is-layout-flex wp-block-gallery-is-layout-flex\"> <figure class=\"wp-block-image size-large\"><img loading=\"lazy\" decoding=\"async\" width=\"720\" height=\"540\" data-id=\"15105\" src=\"https:\/\/www.agriculture-machine.com\/wp-content\/uploads\/2023\/11\/mini-rice-mill-plant.webp\" alt=\"pequena unidade de moagem de arroz\" class=\"wp-image-15105\" srcset=\"https:\/\/www.agriculture-machine.com\/wp-content\/uploads\/2023\/11\/mini-rice-mill-plant.webp 720w, https:\/\/www.agriculture-machine.com\/wp-content\/uploads\/2023\/11\/mini-rice-mill-plant-360x270.webp 360w, https:\/\/www.agriculture-machine.com\/wp-content\/uploads\/2023\/11\/mini-rice-mill-plant-240x180.webp 240w\" sizes=\"auto, (max-width: 720px) 100vw, 720px\" \/><figcaption class=\"wp-element-caption\">pequena unidade de moagem de arroz<\/figcaption><\/figure>    <figure class=\"wp-block-image size-large\"><img loading=\"lazy\" decoding=\"async\" width=\"720\" height=\"540\" data-id=\"15104\" src=\"https:\/\/www.agriculture-machine.com\/wp-content\/uploads\/2023\/11\/efficient-rice-processing.webp\" alt=\"processamento eficiente de arroz\" class=\"wp-image-15104\" srcset=\"https:\/\/www.agriculture-machine.com\/wp-content\/uploads\/2023\/11\/efficient-rice-processing.webp 720w, https:\/\/www.agriculture-machine.com\/wp-content\/uploads\/2023\/11\/efficient-rice-processing-360x270.webp 360w, https:\/\/www.agriculture-machine.com\/wp-content\/uploads\/2023\/11\/efficient-rice-processing-240x180.webp 240w\" sizes=\"auto, (max-width: 720px) 100vw, 720px\" \/><figcaption class=\"wp-element-caption\">processamento eficiente de arroz<\/figcaption><\/figure> <\/figure>    <h2 class=\"wp-block-heading\">Casos de sucesso de unidades de processamento de arroz eficientes<\/h2>    <p>As f\u00e1bricas de arroz s\u00e3o amplamente utilizadas em pa\u00edses de todo o mundo, especialmente em pa\u00edses que dependem fortemente de gr\u00e3os como arroz e trigo como sua principal fonte de alimento. Nossa empresa enviou esta unidade para a \u00cdndia, Qu\u00eania, Indon\u00e9sia, Bangladesh, Nig\u00e9ria, Ir\u00e3, Gana, Togo, Mal\u00e1ui, Brasil, Estados Unidos, Filipinas, e outros.<\/p>    <p class=\"translation-block\">A seguir, uma foto da m\u00e1quina sendo carregada e enviada, e uma foto de n\u00f3s recebendo uma visita de um <strong><a href=\"https:\/\/www.agriculture-machine.com\/pt\/rice-milling-machinery-nigeria-customer-visit\/\">cliente para ver a f\u00e1brica<\/a><\/strong>.<\/p>    <figure class=\"wp-block-gallery has-nested-images columns-default is-cropped wp-block-gallery-5 is-layout-flex wp-block-gallery-is-layout-flex\"> <figure class=\"wp-block-image size-large\"><img loading=\"lazy\" decoding=\"async\" width=\"720\" height=\"540\" data-id=\"15107\" src=\"https:\/\/www.agriculture-machine.com\/wp-content\/uploads\/2023\/11\/paddy-processing-equipment.webp\" alt=\"equipamento de processamento de paddy\" class=\"wp-image-15107\" srcset=\"https:\/\/www.agriculture-machine.com\/wp-content\/uploads\/2023\/11\/paddy-processing-equipment.webp 720w, https:\/\/www.agriculture-machine.com\/wp-content\/uploads\/2023\/11\/paddy-processing-equipment-360x270.webp 360w, https:\/\/www.agriculture-machine.com\/wp-content\/uploads\/2023\/11\/paddy-processing-equipment-240x180.webp 240w\" sizes=\"auto, (max-width: 720px) 100vw, 720px\" \/><figcaption class=\"wp-element-caption\">equipamento de processamento de paddy<\/figcaption><\/figure>    <figure class=\"wp-block-image size-large\"><img loading=\"lazy\" decoding=\"async\" width=\"720\" height=\"540\" data-id=\"15106\" src=\"https:\/\/www.agriculture-machine.com\/wp-content\/uploads\/2023\/11\/advanced-milling-technology.webp\" alt=\"tecnologia de moagem avan\u00e7ada\" class=\"wp-image-15106\" srcset=\"https:\/\/www.agriculture-machine.com\/wp-content\/uploads\/2023\/11\/advanced-milling-technology.webp 720w, https:\/\/www.agriculture-machine.com\/wp-content\/uploads\/2023\/11\/advanced-milling-technology-360x270.webp 360w, https:\/\/www.agriculture-machine.com\/wp-content\/uploads\/2023\/11\/advanced-milling-technology-240x180.webp 240w\" sizes=\"auto, (max-width: 720px) 100vw, 720px\" \/><figcaption class=\"wp-element-caption\">tecnologia de moagem avan\u00e7ada<\/figcaption><\/figure> <\/figure>    <p>Claro, se desejar saber mais sobre os par\u00e2metros da f\u00e1brica de moagem de arroz, instala\u00e7\u00e3o e manuten\u00e7\u00e3o, ou se quiser comprar uma linha de produ\u00e7\u00e3o de maior escala, navegue pelo nosso site, e sinta-se \u00e0 vontade para nos contactar a qualquer momento, nosso gerente de neg\u00f3cios responder\u00e1 dentro de 24 horas.<\/p>","protected":false},"excerpt":{"rendered":"<p>A complete rice mill plant is a process that helps to separate the husk and bran from the rice paddy to finally produce refined rice. By using our rice milling unit, you can get fully milled, white rice grains that are free from impurities and contain a minimum number of broken grains, and the white [&hellip;]<\/p>\n","protected":false},"author":1,"featured_media":15097,"parent":0,"comment_status":"closed","ping_status":"closed","template":"","tags":[796],"product-type":[875,906],"class_list":["post-15095","product","type-product","status-publish","has-post-thumbnail","hentry","tag-rice","product-type-rice-mill-category","product-type-rice-mill-production-line"],"_links":{"self":[{"href":"https:\/\/www.agriculture-machine.com\/pt\/wp-json\/wp\/v2\/product\/15095","targetHints":{"allow":["GET"]}}],"collection":[{"href":"https:\/\/www.agriculture-machine.com\/pt\/wp-json\/wp\/v2\/product"}],"about":[{"href":"https:\/\/www.agriculture-machine.com\/pt\/wp-json\/wp\/v2\/types\/product"}],"author":[{"embeddable":true,"href":"https:\/\/www.agriculture-machine.com\/pt\/wp-json\/wp\/v2\/users\/1"}],"replies":[{"embeddable":true,"href":"https:\/\/www.agriculture-machine.com\/pt\/wp-json\/wp\/v2\/comments?post=15095"}],"wp:featuredmedia":[{"embeddable":true,"href":"https:\/\/www.agriculture-machine.com\/pt\/wp-json\/wp\/v2\/media\/15097"}],"wp:attachment":[{"href":"https:\/\/www.agriculture-machine.com\/pt\/wp-json\/wp\/v2\/media?parent=15095"}],"wp:term":[{"taxonomy":"post_tag","embeddable":true,"href":"https:\/\/www.agriculture-machine.com\/pt\/wp-json\/wp\/v2\/tags?post=15095"},{"taxonomy":"product-type","embeddable":true,"href":"https:\/\/www.agriculture-machine.com\/pt\/wp-json\/wp\/v2\/product-type?post=15095"}],"curies":[{"name":"wp","href":"https:\/\/api.w.org\/{rel}","templated":true}]}}