{"id":15120,"date":"2023-11-13T10:46:11","date_gmt":"2023-11-13T02:46:11","guid":{"rendered":"https:\/\/www.agriculture-machine.com\/?post_type=product&#038;p=15120"},"modified":"2024-09-18T15:43:33","modified_gmt":"2024-09-18T07:43:33","slug":"paddy-milling-line","status":"publish","type":"product","link":"https:\/\/www.agriculture-machine.com\/pt\/paddy-milling-line\/","title":{"rendered":"Linha de moagem de arroz autom\u00e1tica de 25 e 30TPD"},"content":{"rendered":"<p class=\"translation-block\">A linha de moagem de arroz de capacidade de 25 e 30 toneladas\/dia <strong><a href=\"https:\/\/www.agriculture-machine.com\/pt\/rice-mill-category\/rice-mill-production-line\/\">Taizy<\/a><\/strong> \u00e9 um conjunto altamente eficiente e totalmente automatizado de equipamentos projetados para a produ\u00e7\u00e3o de arroz em grande escala. A linha integra m\u00faltiplos processos como limpeza, descasque, moagem e peneira\u00e7\u00e3o, sendo capaz de processar rapidamente o arroz de campo em arroz de alta qualidade.<\/p>    <figure class=\"wp-block-image size-full\"><img loading=\"lazy\" decoding=\"async\" width=\"720\" height=\"540\" src=\"https:\/\/www.agriculture-machine.com\/wp-content\/uploads\/2023\/11\/paddy-mill-rice-processing-line.webp\" alt=\"linha de processamento de arroz de campo\" class=\"wp-image-15153\" srcset=\"https:\/\/www.agriculture-machine.com\/wp-content\/uploads\/2023\/11\/paddy-mill-rice-processing-line.webp 720w, https:\/\/www.agriculture-machine.com\/wp-content\/uploads\/2023\/11\/paddy-mill-rice-processing-line-360x270.webp 360w, https:\/\/www.agriculture-machine.com\/wp-content\/uploads\/2023\/11\/paddy-mill-rice-processing-line-240x180.webp 240w\" sizes=\"auto, (max-width: 720px) 100vw, 720px\" \/><figcaption class=\"wp-element-caption\">linha de processamento de arroz de campo<\/figcaption><\/figure>    <p>A sua elevada capacidade de produ\u00e7\u00e3o e tecnologia avan\u00e7ada garantem efici\u00eancia na produ\u00e7\u00e3o e qualidade na moagem, cumprindo totalmente os padr\u00f5es de higiene e seguran\u00e7a alimentar. Esta linha de moagem de arroz \u00e9 adequada para uso em grandes campos de arroz ou f\u00e1bricas de processamento de arroz, oferecendo aos utilizadores uma solu\u00e7\u00e3o fi\u00e1vel e sustent\u00e1vel para a produ\u00e7\u00e3o de arroz.<\/p>    <h2 class=\"wp-block-heading\">Estrutura e par\u00e2metros das solu\u00e7\u00f5es de moagem de arroz Milltec<\/h2>    <p class=\"translation-block\">The machine&#8217;s composition of the 25 and 30-ton paddy milling lines is the same as that of the <strong><a href=\"https:\/\/www.agriculture-machine.com\/pt\/rice-mill-plant\/\">15TPD Rice Mill Plant<\/a><\/strong>. However, their size increases as production increases. The 25TPD destoner is larger than the <strong><a href=\"https:\/\/www.agriculture-machine.com\/pt\/paddy-processing-unit\/\">20TPD standard production line<\/a><\/strong> and is equipped with a flat gyratory screen.<\/p>    <p>Tanto as linhas de moagem de arroz de 25 quanto de 30 TPD t\u00eam a mesma composi\u00e7\u00e3o e fun\u00e7\u00f5es, apenas o modelo e a pot\u00eancia requerida diferem. Deve-se notar que o destonador est\u00e1 equipado com duas elevat\u00f3rias na parte traseira, que funcionam da seguinte forma:<\/p>    <ul class=\"wp-block-list\"> <li>Canal 1: Transportar o arroz limpo para o descascador de arroz<\/li>    <li>Canal 2: Reciclar mistura de arroz integral e arroz de campo de volta ao Separador de Arroz por Gravidade<\/li> <\/ul>    <h3 class=\"wp-block-heading\">M\u00e1quinas de polimento de arroz de 25TPD<\/h3>    <div class=\"wp-block-media-text is-stacked-on-mobile\"><figure class=\"wp-block-media-text__media\"><img loading=\"lazy\" decoding=\"async\" width=\"720\" height=\"540\" src=\"https:\/\/www.agriculture-machine.com\/wp-content\/uploads\/2023\/11\/25T-rice-polishing-machines-structure.webp\" alt=\"Estrutura das m\u00e1quinas de polimento de arroz de 25T\" class=\"wp-image-15122 size-full\" srcset=\"https:\/\/www.agriculture-machine.com\/wp-content\/uploads\/2023\/11\/25T-rice-polishing-machines-structure.webp 720w, https:\/\/www.agriculture-machine.com\/wp-content\/uploads\/2023\/11\/25T-rice-polishing-machines-structure-360x270.webp 360w, https:\/\/www.agriculture-machine.com\/wp-content\/uploads\/2023\/11\/25T-rice-polishing-machines-structure-240x180.webp 240w\" sizes=\"auto, (max-width: 720px) 100vw, 720px\" \/><\/figure><div class=\"wp-block-media-text__content\"> <figure class=\"wp-block-table is-style-stripes\"><table><tbody><tr><td class=\"has-text-align-center\" data-align=\"center\"><strong>N\u00e3o.<\/strong><strong><\/strong><\/td><td class=\"has-text-align-center\" data-align=\"center\"><strong>Item<\/strong><strong><\/strong><\/td><td class=\"has-text-align-center\" data-align=\"center\"><strong>Modelo<\/strong><strong><\/strong><\/td><td class=\"has-text-align-center\" data-align=\"center\"><strong>Pot\u00eancia\uff08kw\uff09<\/strong><strong><\/strong><\/td><\/tr><tr><td class=\"has-text-align-center\" data-align=\"center\">1<\/td><td class=\"has-text-align-center\" data-align=\"center\">Elevador<\/td><td class=\"has-text-align-center\" data-align=\"center\">TDTG18\/08<\/td><td class=\"has-text-align-center\" data-align=\"center\">0.75<\/td><\/tr><tr><td class=\"has-text-align-center\" data-align=\"center\">2<\/td><td class=\"has-text-align-center\" data-align=\"center\">Descaro\u00e7ador de arroz de paddy<\/td><td class=\"has-text-align-center\" data-align=\"center\">ZQS60<\/td><td class=\"has-text-align-center\" data-align=\"center\">1.1+2.2<\/td><\/tr><tr><td class=\"has-text-align-center\" data-align=\"center\">3<\/td><td class=\"has-text-align-center\" data-align=\"center\">Elevador<\/td><td class=\"has-text-align-center\" data-align=\"center\">TDTG18\/08*2<\/td><td class=\"has-text-align-center\" data-align=\"center\">0.75<\/td><\/tr><tr><td class=\"has-text-align-center\" data-align=\"center\">4<\/td><td class=\"has-text-align-center\" data-align=\"center\">Descascador de arroz de campo (rolo de borracha de 8 polegadas)<\/td><td class=\"has-text-align-center\" data-align=\"center\">LG20<\/td><td class=\"has-text-align-center\" data-align=\"center\">5.5+1.1<\/td><\/tr><tr><td class=\"has-text-align-center\" data-align=\"center\">5<\/td><td class=\"has-text-align-center\" data-align=\"center\">Separador de arroz por gravidade<\/td><td class=\"has-text-align-center\" data-align=\"center\">MGCZ80*5<\/td><td class=\"has-text-align-center\" data-align=\"center\">0.75<\/td><\/tr><tr><td class=\"has-text-align-center\" data-align=\"center\">6<\/td><td class=\"has-text-align-center\" data-align=\"center\">Moagem de arroz (rolo de esmeril)<\/td><td class=\"has-text-align-center\" data-align=\"center\">NS150<\/td><td class=\"has-text-align-center\" data-align=\"center\">18.5<\/td><\/tr><tr><td class=\"has-text-align-center\" data-align=\"center\">7<\/td><td class=\"has-text-align-center\" data-align=\"center\">Classificador de arroz<\/td><td class=\"has-text-align-center\" data-align=\"center\">40<\/td><td class=\"has-text-align-center\" data-align=\"center\">0.55<\/td><\/tr><\/tbody><\/table><\/figure> <\/div><\/div>    <h3 class=\"wp-block-heading\">Linha de processamento de moagem de arroz de 30TPD<\/h3>    <div class=\"wp-block-media-text is-stacked-on-mobile\"><figure class=\"wp-block-media-text__media\"><img loading=\"lazy\" decoding=\"async\" width=\"720\" height=\"540\" src=\"https:\/\/www.agriculture-machine.com\/wp-content\/uploads\/2023\/11\/30T-rice-polishing-machines-structure.webp\" alt=\"Estrutura das m\u00e1quinas de polimento de arroz de 30T\" class=\"wp-image-15123 size-full\" srcset=\"https:\/\/www.agriculture-machine.com\/wp-content\/uploads\/2023\/11\/30T-rice-polishing-machines-structure.webp 720w, https:\/\/www.agriculture-machine.com\/wp-content\/uploads\/2023\/11\/30T-rice-polishing-machines-structure-360x270.webp 360w, https:\/\/www.agriculture-machine.com\/wp-content\/uploads\/2023\/11\/30T-rice-polishing-machines-structure-240x180.webp 240w\" sizes=\"auto, (max-width: 720px) 100vw, 720px\" \/><\/figure><div class=\"wp-block-media-text__content\"> <figure class=\"wp-block-table is-style-stripes\"><table><tbody><tr><td class=\"has-text-align-center\" data-align=\"center\"><strong>N\u00e3o.<\/strong><strong><\/strong><\/td><td class=\"has-text-align-center\" data-align=\"center\"><strong>Item<\/strong><strong><\/strong><\/td><td class=\"has-text-align-center\" data-align=\"center\"><strong>Modelo<\/strong><strong><\/strong><\/td><td class=\"has-text-align-center\" data-align=\"center\"><strong>Pot\u00eancia\uff08kw\uff09<\/strong><strong><\/strong><\/td><\/tr><tr><td class=\"has-text-align-center\" data-align=\"center\">1<\/td><td class=\"has-text-align-center\" data-align=\"center\">Elevador<\/td><td class=\"has-text-align-center\" data-align=\"center\">TDTG20\/11<\/td><td class=\"has-text-align-center\" data-align=\"center\">1.1<\/td><\/tr><tr><td class=\"has-text-align-center\" data-align=\"center\">2<\/td><td class=\"has-text-align-center\" data-align=\"center\">Descaro\u00e7ador de arroz de paddy<\/td><td class=\"has-text-align-center\" data-align=\"center\">ZQS70<\/td><td class=\"has-text-align-center\" data-align=\"center\">0.5+3<\/td><\/tr><tr><td class=\"has-text-align-center\" data-align=\"center\">3<\/td><td class=\"has-text-align-center\" data-align=\"center\">Elevador<\/td><td class=\"has-text-align-center\" data-align=\"center\">TDTG18\/08*2<\/td><td class=\"has-text-align-center\" data-align=\"center\">1.1<\/td><\/tr><tr><td class=\"has-text-align-center\" data-align=\"center\">4<\/td><td class=\"has-text-align-center\" data-align=\"center\">Descascador de arroz de campo (rolo de borracha de 8 polegadas)<\/td><td class=\"has-text-align-center\" data-align=\"center\">LG20<\/td><td class=\"has-text-align-center\" data-align=\"center\">5.5+1.1<\/td><\/tr><tr><td class=\"has-text-align-center\" data-align=\"center\">5<\/td><td class=\"has-text-align-center\" data-align=\"center\">Separador de arroz por gravidade<\/td><td class=\"has-text-align-center\" data-align=\"center\">MGCZ80*7<\/td><td class=\"has-text-align-center\" data-align=\"center\">1.1<\/td><\/tr><tr><td class=\"has-text-align-center\" data-align=\"center\">6<\/td><td class=\"has-text-align-center\" data-align=\"center\">F\u00e1brica de arroz (rolo de esmeril)<\/td><td class=\"has-text-align-center\" data-align=\"center\">MNMS15B<\/td><td class=\"has-text-align-center\" data-align=\"center\">18.5<\/td><\/tr><tr><td class=\"has-text-align-center\" data-align=\"center\">7<\/td><td class=\"has-text-align-center\" data-align=\"center\">Classificador de arroz<\/td><td class=\"has-text-align-center\" data-align=\"center\">40<\/td><td class=\"has-text-align-center\" data-align=\"center\">0.55<\/td><\/tr><\/tbody><\/table><\/figure> <\/div><\/div>    <h2 class=\"wp-block-heading\">Aplica\u00e7\u00e3o principal da linha de moagem de arroz<\/h2>    <p>Esta unidade de moagem de arroz nossa pode receber arroz colhido no campo (humidade do gr\u00e3o cru deve estar abaixo de 12,5%) e produzir arroz branco, limpo, atrav\u00e9s de uma s\u00e9rie de opera\u00e7\u00f5es como mostrado na imagem abaixo. O arroz final obtido \u00e9 70% do gr\u00e3o original, com 10% de farelo e embri\u00e3o. Normalmente, inserir 1000kg de arroz de campo \u2192 resultado 700kg de arroz branco.<\/p>    <figure class=\"wp-block-gallery has-nested-images columns-default is-cropped wp-block-gallery-2 is-layout-flex wp-block-gallery-is-layout-flex\"> <figure class=\"wp-block-image size-large\"><img loading=\"lazy\" decoding=\"async\" width=\"720\" height=\"540\" data-id=\"15125\" src=\"https:\/\/www.agriculture-machine.com\/wp-content\/uploads\/2023\/11\/rice-processing-plant-application.webp\" alt=\"Aplica\u00e7\u00e3o da planta de processamento de arroz\" class=\"wp-image-15125\" srcset=\"https:\/\/www.agriculture-machine.com\/wp-content\/uploads\/2023\/11\/rice-processing-plant-application.webp 720w, https:\/\/www.agriculture-machine.com\/wp-content\/uploads\/2023\/11\/rice-processing-plant-application-360x270.webp 360w, https:\/\/www.agriculture-machine.com\/wp-content\/uploads\/2023\/11\/rice-processing-plant-application-240x180.webp 240w\" sizes=\"auto, (max-width: 720px) 100vw, 720px\" \/><figcaption class=\"wp-element-caption\">Aplica\u00e7\u00e3o da planta de processamento de arroz<\/figcaption><\/figure> <\/figure>    <figure class=\"wp-block-image size-full\"><img loading=\"lazy\" decoding=\"async\" width=\"720\" height=\"540\" src=\"https:\/\/www.agriculture-machine.com\/wp-content\/uploads\/2023\/11\/rice-processing-analysis.webp\" alt=\"An\u00e1lise de processamento de arroz\" class=\"wp-image-15126\" srcset=\"https:\/\/www.agriculture-machine.com\/wp-content\/uploads\/2023\/11\/rice-processing-analysis.webp 720w, https:\/\/www.agriculture-machine.com\/wp-content\/uploads\/2023\/11\/rice-processing-analysis-360x270.webp 360w, https:\/\/www.agriculture-machine.com\/wp-content\/uploads\/2023\/11\/rice-processing-analysis-240x180.webp 240w\" sizes=\"auto, (max-width: 720px) 100vw, 720px\" \/><figcaption class=\"wp-element-caption\">An\u00e1lise de processamento de arroz<\/figcaption><\/figure>    <h2 class=\"wp-block-heading\">Benef\u00edcios e fun\u00e7\u00f5es da planta autom\u00e1tica de moagem de arroz<\/h2>    <ul class=\"wp-block-list\"> <li>Esta linha de moagem de arroz adota o m\u00e9todo de arranjo e combina\u00e7\u00e3o, e a apar\u00eancia \u00e9 mais bonita e compacta;<\/li>    <li>Parafusos de \u00e2ncora s\u00e3o adicionados \u00e0 parte exc\u00eantrica em funcionamento para melhorar a estabilidade;<\/li>    <li>The height of some parts of the machine is reduced, which makes it easy to operate (especially suitable for individual farmers&#8217; processing);<\/li>    <li>A combina\u00e7\u00e3o e separa\u00e7\u00e3o de cada parte podem ser feitas de forma independente, facilitando a manuten\u00e7\u00e3o e o transporte.<\/li>    <li>Adotando removedor de pedras do tipo suc\u00e7\u00e3o, o efeito \u00e9 mais confi\u00e1vel e est\u00e1vel, podendo tamb\u00e9m reduzir a polui\u00e7\u00e3o por poeira no processo de alimenta\u00e7\u00e3o.<\/li>    <li>Praticidade forte, esta linha de moagem de arroz n\u00e3o s\u00f3 processa produtos agr\u00edcolas individuais, mas tamb\u00e9m processa continuamente gr\u00e3os comerciais;<\/li>    <li>Aumento do processo de tritura\u00e7\u00e3o, conveniente para os agricultores misturarem grande quantidade de palha e palha de rede, processando uma s\u00f3 vez em p\u00f3 de palha para aproveitar ao m\u00e1ximo os subprodutos.<\/li> <\/ul>    <figure class=\"wp-block-gallery has-nested-images columns-default is-cropped wp-block-gallery-3 is-layout-flex wp-block-gallery-is-layout-flex\"> <figure class=\"wp-block-image size-large\"><img loading=\"lazy\" decoding=\"async\" width=\"405\" height=\"540\" data-id=\"15130\" src=\"https:\/\/www.agriculture-machine.com\/wp-content\/uploads\/2023\/11\/paddy-milling-plant-405x540.webp\" alt=\"Planta de moagem de arroz\" class=\"wp-image-15130\" srcset=\"https:\/\/www.agriculture-machine.com\/wp-content\/uploads\/2023\/11\/paddy-milling-plant-405x540.webp 405w, https:\/\/www.agriculture-machine.com\/wp-content\/uploads\/2023\/11\/paddy-milling-plant-203x270.webp 203w, https:\/\/www.agriculture-machine.com\/wp-content\/uploads\/2023\/11\/paddy-milling-plant.webp 540w\" sizes=\"auto, (max-width: 405px) 100vw, 405px\" \/><figcaption class=\"wp-element-caption\">Planta de moagem de arroz<\/figcaption><\/figure>    <figure class=\"wp-block-image size-large\"><img loading=\"lazy\" decoding=\"async\" width=\"405\" height=\"540\" data-id=\"15129\" src=\"https:\/\/www.agriculture-machine.com\/wp-content\/uploads\/2023\/11\/30T-paddy-processing-line-405x540.webp\" alt=\"Linha de processamento de arroz de 30T\" class=\"wp-image-15129\" srcset=\"https:\/\/www.agriculture-machine.com\/wp-content\/uploads\/2023\/11\/30T-paddy-processing-line-405x540.webp 405w, https:\/\/www.agriculture-machine.com\/wp-content\/uploads\/2023\/11\/30T-paddy-processing-line-203x270.webp 203w, https:\/\/www.agriculture-machine.com\/wp-content\/uploads\/2023\/11\/30T-paddy-processing-line.webp 540w\" sizes=\"auto, (max-width: 405px) 100vw, 405px\" \/><figcaption class=\"wp-element-caption\">Linha de processamento de arroz de 30T<\/figcaption><\/figure> <\/figure>    <h2 class=\"wp-block-heading\">Detalhes das m\u00e1quinas de produ\u00e7\u00e3o de arroz branco <\/h2>    <p>Aqui est\u00e3o alguns dos componentes importantes que fazem a m\u00e1quina funcionar. Claro, se desejar ver mais fotos, v\u00eddeos, etc., sinta-se \u00e0 vontade para nos contactar.<\/p>    <figure class=\"wp-block-gallery has-nested-images columns-default is-cropped wp-block-gallery-4 is-layout-flex wp-block-gallery-is-layout-flex\"> <figure class=\"wp-block-image size-large\"><img loading=\"lazy\" decoding=\"async\" width=\"405\" height=\"540\" data-id=\"15131\" src=\"https:\/\/www.agriculture-machine.com\/wp-content\/uploads\/2023\/11\/paddy-milling-line-detail-405x540.webp\" alt=\"Detalhes da linha de moagem de arroz\" class=\"wp-image-15131\" srcset=\"https:\/\/www.agriculture-machine.com\/wp-content\/uploads\/2023\/11\/paddy-milling-line-detail-405x540.webp 405w, https:\/\/www.agriculture-machine.com\/wp-content\/uploads\/2023\/11\/paddy-milling-line-detail-203x270.webp 203w, https:\/\/www.agriculture-machine.com\/wp-content\/uploads\/2023\/11\/paddy-milling-line-detail.webp 540w\" sizes=\"auto, (max-width: 405px) 100vw, 405px\" \/><figcaption class=\"wp-element-caption\">Detalhes da linha de moagem de arroz<\/figcaption><\/figure>    <figure class=\"wp-block-image size-large\"><img loading=\"lazy\" decoding=\"async\" width=\"405\" height=\"540\" data-id=\"15132\" src=\"https:\/\/www.agriculture-machine.com\/wp-content\/uploads\/2023\/11\/rice-grading-machine-405x540.webp\" alt=\"M\u00e1quina de classifica\u00e7\u00e3o de arroz\" class=\"wp-image-15132\" srcset=\"https:\/\/www.agriculture-machine.com\/wp-content\/uploads\/2023\/11\/rice-grading-machine-405x540.webp 405w, https:\/\/www.agriculture-machine.com\/wp-content\/uploads\/2023\/11\/rice-grading-machine-203x270.webp 203w, https:\/\/www.agriculture-machine.com\/wp-content\/uploads\/2023\/11\/rice-grading-machine.webp 540w\" sizes=\"auto, (max-width: 405px) 100vw, 405px\" \/><figcaption class=\"wp-element-caption\">M\u00e1quina de classifica\u00e7\u00e3o de arroz<\/figcaption><\/figure> <\/figure>    <h2 class=\"wp-block-heading\">Casos de sucesso de m\u00e1quinas de processamento de arroz e arroz de campo<\/h2>    <p>A versatilidade e aplicabilidade das linhas de moagem de arroz para atender \u00e0s necessidades de diferentes mercados a n\u00edvel global s\u00e3o geralmente mais populares nas principais regi\u00f5es produtoras de arroz da \u00c1sia, \u00c1frica e Am\u00e9rica Latina. As nossas grandes m\u00e1quinas de moagem de arroz foram enviadas para muitos pa\u00edses, incluindo Qu\u00e9nia, Nig\u00e9ria, Mal\u00e1ui, Gana, Paquist\u00e3o, entre outros.<\/p>    <figure class=\"wp-block-gallery has-nested-images columns-default is-cropped wp-block-gallery-5 is-layout-flex wp-block-gallery-is-layout-flex\"> <figure class=\"wp-block-image size-large\"><img loading=\"lazy\" decoding=\"async\" width=\"720\" height=\"540\" data-id=\"15127\" src=\"https:\/\/www.agriculture-machine.com\/wp-content\/uploads\/2023\/11\/rice-huller-machine.webp\" alt=\"M\u00e1quina de descasque de arroz\" class=\"wp-image-15127\" srcset=\"https:\/\/www.agriculture-machine.com\/wp-content\/uploads\/2023\/11\/rice-huller-machine.webp 720w, https:\/\/www.agriculture-machine.com\/wp-content\/uploads\/2023\/11\/rice-huller-machine-360x270.webp 360w, https:\/\/www.agriculture-machine.com\/wp-content\/uploads\/2023\/11\/rice-huller-machine-240x180.webp 240w\" sizes=\"auto, (max-width: 720px) 100vw, 720px\" \/><figcaption class=\"wp-element-caption\">M\u00e1quina de descasque de arroz<\/figcaption><\/figure>    <figure class=\"wp-block-image size-large\"><img loading=\"lazy\" decoding=\"async\" width=\"720\" height=\"540\" data-id=\"15128\" src=\"https:\/\/www.agriculture-machine.com\/wp-content\/uploads\/2023\/11\/rice-whitener.webp\" alt=\"Branqueador de arroz\" class=\"wp-image-15128\" srcset=\"https:\/\/www.agriculture-machine.com\/wp-content\/uploads\/2023\/11\/rice-whitener.webp 720w, https:\/\/www.agriculture-machine.com\/wp-content\/uploads\/2023\/11\/rice-whitener-360x270.webp 360w, https:\/\/www.agriculture-machine.com\/wp-content\/uploads\/2023\/11\/rice-whitener-240x180.webp 240w\" sizes=\"auto, (max-width: 720px) 100vw, 720px\" \/><figcaption class=\"wp-element-caption\">Branqueador de arroz<\/figcaption><\/figure> <\/figure>    <p>Al\u00e9m de v\u00e1rias linhas padr\u00e3o, tamb\u00e9m temos extens\u00f5es avan\u00e7adas e atualizadas, que podem ser escolhidas conforme a demanda, de acordo com o or\u00e7amento e o grau de requisitos para o produto final, etc. Por favor, navegue pelo nosso site e sinta-se \u00e0 vontade para nos contactar!<\/p>","protected":false},"excerpt":{"rendered":"<p>Taizy 25 and 30 Ton\/Day capacity rice paddy milling line is a highly efficient, fully automated set of equipment designed for large-scale rice production. The line integrates multiple processes such as cleaning, hulling, milling, and sieving, and is capable of quickly processing paddy into high-quality rice. Its high throughput and advanced technology ensure production efficiency [&hellip;]<\/p>\n","protected":false},"author":1,"featured_media":15151,"parent":0,"comment_status":"closed","ping_status":"closed","template":"","tags":[796],"product-type":[875,906],"class_list":["post-15120","product","type-product","status-publish","has-post-thumbnail","hentry","tag-rice","product-type-rice-mill-category","product-type-rice-mill-production-line"],"_links":{"self":[{"href":"https:\/\/www.agriculture-machine.com\/pt\/wp-json\/wp\/v2\/product\/15120","targetHints":{"allow":["GET"]}}],"collection":[{"href":"https:\/\/www.agriculture-machine.com\/pt\/wp-json\/wp\/v2\/product"}],"about":[{"href":"https:\/\/www.agriculture-machine.com\/pt\/wp-json\/wp\/v2\/types\/product"}],"author":[{"embeddable":true,"href":"https:\/\/www.agriculture-machine.com\/pt\/wp-json\/wp\/v2\/users\/1"}],"replies":[{"embeddable":true,"href":"https:\/\/www.agriculture-machine.com\/pt\/wp-json\/wp\/v2\/comments?post=15120"}],"wp:featuredmedia":[{"embeddable":true,"href":"https:\/\/www.agriculture-machine.com\/pt\/wp-json\/wp\/v2\/media\/15151"}],"wp:attachment":[{"href":"https:\/\/www.agriculture-machine.com\/pt\/wp-json\/wp\/v2\/media?parent=15120"}],"wp:term":[{"taxonomy":"post_tag","embeddable":true,"href":"https:\/\/www.agriculture-machine.com\/pt\/wp-json\/wp\/v2\/tags?post=15120"},{"taxonomy":"product-type","embeddable":true,"href":"https:\/\/www.agriculture-machine.com\/pt\/wp-json\/wp\/v2\/product-type?post=15120"}],"curies":[{"name":"wp","href":"https:\/\/api.w.org\/{rel}","templated":true}]}}