{"id":15160,"date":"2023-11-16T14:46:25","date_gmt":"2023-11-16T06:46:25","guid":{"rendered":"https:\/\/www.agriculture-machine.com\/?post_type=product&#038;p=15160"},"modified":"2024-08-20T17:43:57","modified_gmt":"2024-08-20T09:43:57","slug":"combined-wheat-rice-harvester","status":"publish","type":"product","link":"https:\/\/www.agriculture-machine.com\/pt\/combined-wheat-rice-harvester\/","title":{"rendered":"M\u00e1quina combinada de colheitadeira de trigo e arroz com fun\u00e7\u00e3o de debulhar"},"content":{"rendered":"<p class=\"translation-block\">A <strong>colheitadeira combinada de trigo e arroz<\/strong> \u00e9 um tipo de colheitadeira multifuncional. \u00c9 principalmente adequada para a colheita de arroz e trigo em pequena escala. Combina ceifa, debulha, stripping, aera\u00e7\u00e3o e empacotamento numa opera\u00e7\u00e3o de todo o processo de uma s\u00f3 vez. <\/p>    <p>This machine can control wheat losses to within 3.5% and rice&#8217;s to within only 2%. It is suitable for mountainous regions, hilly terrain, paddy fields, terraced fields, and muddy areas where conventional combine harvesters cannot operate.<\/p>    <figure class=\"wp-block-embed aligncenter is-type-video is-provider-youtube wp-block-embed-youtube wp-embed-aspect-16-9 wp-has-aspect-ratio\"><div class=\"wp-block-embed__wrapper\"> <iframe loading=\"lazy\" title=\"M\u00e1quina combinada de colheita e debulha de arroz e trigo!#arroz #trigo\" width=\"500\" height=\"281\" src=\"https:\/\/www.youtube.com\/embed\/5PJ4BnZYd2M?feature=oembed\" frameborder=\"0\" allow=\"accelerometer; autoplay; clipboard-write; encrypted-media; gyroscope; picture-in-picture; web-share\" referrerpolicy=\"strict-origin-when-cross-origin\" allowfullscreen><\/iframe> <\/div><figcaption class=\"wp-element-caption\">m\u00e1quina combinada de arroz e trigo com debulhadora<\/figcaption><\/figure>    <p>Esta m\u00e1quina alivia o trabalho pesado envolvido na colheita de culturas de gr\u00e3os para os agricultores. A sua forte adaptabilidade, estrutura compacta, desempenho fi\u00e1vel, opera\u00e7\u00e3o f\u00e1cil e manuten\u00e7\u00e3o simples tornaram-na popular entre utilizadores e distribuidores, tanto a n\u00edvel nacional como internacional.<\/p>    <figure class=\"wp-block-image aligncenter size-full\"><img loading=\"lazy\" decoding=\"async\" width=\"720\" height=\"540\" src=\"https:\/\/www.agriculture-machine.com\/wp-content\/uploads\/2023\/11\/combined-wheat-rice-harvester.webp\" alt=\"colheitadeira combinada de trigo e arroz\" class=\"wp-image-15163\" srcset=\"https:\/\/www.agriculture-machine.com\/wp-content\/uploads\/2023\/11\/combined-wheat-rice-harvester.webp 720w, https:\/\/www.agriculture-machine.com\/wp-content\/uploads\/2023\/11\/combined-wheat-rice-harvester-360x270.webp 360w, https:\/\/www.agriculture-machine.com\/wp-content\/uploads\/2023\/11\/combined-wheat-rice-harvester-240x180.webp 240w\" sizes=\"auto, (max-width: 720px) 100vw, 720px\" \/><figcaption class=\"wp-element-caption\">colheitadeira combinada de trigo e arroz<\/figcaption><\/figure>    <h2 class=\"wp-block-heading\">Dois tipos de colheitadeiras combinadas de trigo e arroz<\/h2>    <p>A empresa Taizy produz dois tipos principais de colheitadeiras: rastos triangulares e rastos planos. Os clientes podem escolher de acordo com o solo da sua terra agr\u00edcola e outras condi\u00e7\u00f5es. <\/p>    <p>A faixa triangular \u00e9 adequada para terras secas e campos de arroz sem p\u00e9s de lama profunda, enquanto a faixa plana tem uma \u00e1rea de contato maior com o solo e \u00e9 mais adequada para campos de arroz com p\u00e9s de lama mais profunda. Para exporta\u00e7\u00e3o para a \u00c1frica, a faixa triangular pode fazer o trabalho, enquanto a faixa plana \u00e9 recomendada para o Sudeste Asi\u00e1tico.<\/p>    <figure class=\"wp-block-gallery has-nested-images columns-default is-cropped wp-block-gallery-2 is-layout-flex wp-block-gallery-is-layout-flex\"> <figure class=\"wp-block-image size-large\"><img loading=\"lazy\" decoding=\"async\" width=\"720\" height=\"540\" data-id=\"15164\" src=\"https:\/\/www.agriculture-machine.com\/wp-content\/uploads\/2023\/11\/combine-harvester-for-sale.webp\" alt=\"colheitadeira \u00e0 venda\" class=\"wp-image-15164\" srcset=\"https:\/\/www.agriculture-machine.com\/wp-content\/uploads\/2023\/11\/combine-harvester-for-sale.webp 720w, https:\/\/www.agriculture-machine.com\/wp-content\/uploads\/2023\/11\/combine-harvester-for-sale-360x270.webp 360w, https:\/\/www.agriculture-machine.com\/wp-content\/uploads\/2023\/11\/combine-harvester-for-sale-240x180.webp 240w\" sizes=\"auto, (max-width: 720px) 100vw, 720px\" \/><figcaption class=\"wp-element-caption\">colheitadeira \u00e0 venda<\/figcaption><\/figure>    <figure class=\"wp-block-image size-large\"><img loading=\"lazy\" decoding=\"async\" width=\"720\" height=\"540\" data-id=\"15166\" src=\"https:\/\/www.agriculture-machine.com\/wp-content\/uploads\/2023\/11\/crop-harvesting-equipment.webp\" alt=\"Equipamento de colheita de culturas\" class=\"wp-image-15166\" srcset=\"https:\/\/www.agriculture-machine.com\/wp-content\/uploads\/2023\/11\/crop-harvesting-equipment.webp 720w, https:\/\/www.agriculture-machine.com\/wp-content\/uploads\/2023\/11\/crop-harvesting-equipment-360x270.webp 360w, https:\/\/www.agriculture-machine.com\/wp-content\/uploads\/2023\/11\/crop-harvesting-equipment-240x180.webp 240w\" sizes=\"auto, (max-width: 720px) 100vw, 720px\" \/><figcaption class=\"wp-element-caption\">Equipamento de colheita de culturas<\/figcaption><\/figure> <\/figure>    <h2 class=\"wp-block-heading\">Par\u00e2metros das m\u00e1quinas de colheita de trigo<\/h2>    <p>Quer seja uma rastos planos ou triangulares, ambos os tipos de colheitadeiras combinadas de trigo e arroz s\u00e3o apenas adequados para diferentes cen\u00e1rios de terreno. Abaixo est\u00e3o alguns dos principais dados t\u00e9cnicos da colheitadeira de arroz e trigo.<\/p>    <figure class=\"wp-block-table is-style-stripes\"><table><tbody><tr><td class=\"has-text-align-center\" data-align=\"center\">Tamanho (MM)<\/td><td class=\"has-text-align-center\" data-align=\"center\">3100*1440*1630<\/td><\/tr><tr><td class=\"has-text-align-center\" data-align=\"center\">Peso (KG)<\/td><td class=\"has-text-align-center\" data-align=\"center\">570<\/td><\/tr><tr><td class=\"has-text-align-center\" data-align=\"center\">Largura de corte (MM)<\/td><td class=\"has-text-align-center\" data-align=\"center\">1100<\/td><\/tr><tr><td class=\"has-text-align-center\" data-align=\"center\">Altura m\u00ednima do solo (MM)<\/td><td class=\"has-text-align-center\" data-align=\"center\">190<\/td><\/tr><tr><td class=\"has-text-align-center\" data-align=\"center\">Press\u00e3o m\u00e9dia no solo (KPA)<\/td><td class=\"has-text-align-center\" data-align=\"center\">10.9<\/td><\/tr><tr><td class=\"has-text-align-center\" data-align=\"center\">Volume de alimenta\u00e7\u00e3o (KG\/S)<\/td><td class=\"has-text-align-center\" data-align=\"center\">1.05<\/td><\/tr><tr><td class=\"has-text-align-center\" data-align=\"center\">Mudan\u00e7a de engrenagem<\/td><td class=\"has-text-align-center\" data-align=\"center\">1, 2, 3, 0, -1, -2, -3<\/td><\/tr><tr><td class=\"has-text-align-center\" data-align=\"center\">Modelo do motor<\/td><td class=\"has-text-align-center\" data-align=\"center\">KD1100FB DIESEL<\/td><\/tr><tr><td class=\"has-text-align-center\" data-align=\"center\">Pot\u00eancia nominal (KW)<\/td><td class=\"has-text-align-center\" data-align=\"center\">11<\/td><\/tr><tr><td class=\"has-text-align-center\" data-align=\"center\">Pot\u00eancia\/RPM<\/td><td class=\"has-text-align-center\" data-align=\"center\">3600<\/td><\/tr><tr><td class=\"has-text-align-center\" data-align=\"center\">M\u00e9todo de arranque<\/td><td class=\"has-text-align-center\" data-align=\"center\">Arranque el\u00e9trico<\/td><\/tr><tr><td class=\"has-text-align-center\" data-align=\"center\">Combust\u00edvel<\/td><td class=\"has-text-align-center\" data-align=\"center\">Gas\u00f3leo<\/td><\/tr><\/tbody><\/table><figcaption class=\"wp-element-caption\">Dados t\u00e9cnicos da m\u00e1quina de colheita de arroz e debulhadora<\/figcaption><\/figure>    <h2 class=\"wp-block-heading\">Como funciona a colheitadeira combinada de arroz e trigo?<\/h2>   <div id=\"rank-math-howto\" class=\"rank-math-block\" > <div class=\"rank-math-howto-description\"> <img loading=\"lazy\" decoding=\"async\" width=\"720\" height=\"540\" src=\"https:\/\/www.agriculture-machine.com\/wp-content\/uploads\/2023\/11\/versatile-harvesting-machine.webp\" class=\"attachment-full size-full\" alt=\"M\u00e1quina de colheita vers\u00e1til\" srcset=\"https:\/\/www.agriculture-machine.com\/wp-content\/uploads\/2023\/11\/versatile-harvesting-machine.webp 720w, https:\/\/www.agriculture-machine.com\/wp-content\/uploads\/2023\/11\/versatile-harvesting-machine-360x270.webp 360w, https:\/\/www.agriculture-machine.com\/wp-content\/uploads\/2023\/11\/versatile-harvesting-machine-240x180.webp 240w\" sizes=\"auto, (max-width: 720px) 100vw, 720px\" \/> <\/div>  <div class=\"rank-math-steps\"> <div id=\"howto-step-1700031329594\" class=\"rank-math-step\"> <h3 class=\"rank-math-step-title\">Colheita<\/h3> <div class=\"rank-math-step-content\"><p>A m\u00e1quina combinada de trigo e arroz corta e colhe culturas como arroz ou trigo usando l\u00e2minas ou mesas de corte.<\/p> <\/div> <\/div> <div id=\"howto-step-1700031368960\" class=\"rank-math-step\"> <h3 class=\"rank-math-step-title\">Transporte<\/h3> <div class=\"rank-math-step-content\"><p>Empregando uma correia transportadora ou outro mecanismo de transporte, a cultura cortada \u00e9 conduzida para a pr\u00f3xima unidade de trabalho.<\/p> <\/div> <\/div> <div id=\"howto-step-1700031383697\" class=\"rank-math-step\"> <h3 class=\"rank-math-step-title\">Debulha<\/h3> <div class=\"rank-math-step-content\"><p>A cultura passa por um mecanismo de debulha, geralmente um moinho de pellets ou dispositivo semelhante, que separa as sementes (arroz, trigo, etc.) do palha.<\/p> <\/div> <\/div> <div id=\"howto-step-1700031397727\" class=\"rank-math-step\"> <h3 class=\"rank-math-step-title\">Limpeza<\/h3> <div class=\"rank-math-step-content\"><p>As sementes separadas s\u00e3o enviadas para um sistema de limpeza que remove impurezas residuais, palha e outros materiais indesejados.<\/p> <\/div> <\/div> <div id=\"howto-step-1700031413232\" class=\"rank-math-step\"> <h3 class=\"rank-math-step-title\">Armazenamento\/Descarga<\/h3> <div class=\"rank-math-step-content\"><p>The cleaned seeds can be stored in the machine&#8217;s grain storage tank or unloaded into the collector using a conveyor belt, etc. The cleaning system is highly automated.<\/p> <\/div> <\/div> <\/div> <\/div>       <figure class=\"wp-block-embed aligncenter is-type-video is-provider-youtube wp-block-embed-youtube wp-embed-aspect-16-9 wp-has-aspect-ratio\"><div class=\"wp-block-embed__wrapper\"> <iframe loading=\"lazy\" title=\"Tecnologia avan\u00e7ada, uma m\u00e1quina! A colheitadeira de arroz e trigo faz uma apari\u00e7\u00e3o surpreendente!\" width=\"500\" height=\"281\" src=\"https:\/\/www.youtube.com\/embed\/-JwfU0i0ZWo?start=1&#038;feature=oembed\" frameborder=\"0\" allow=\"accelerometer; autoplay; clipboard-write; encrypted-media; gyroscope; picture-in-picture; web-share\" referrerpolicy=\"strict-origin-when-cross-origin\" allowfullscreen><\/iframe> <\/div><figcaption class=\"wp-element-caption\">Cena de trabalho da colheita de arroz de campo<\/figcaption><\/figure>    <h2 class=\"wp-block-heading\">Benef\u00edcios da colheitadeira de arroz e trigo<\/h2>    <ul class=\"wp-block-list\"> <li>Design leve que permite uma condu\u00e7\u00e3o f\u00e1cil e \u00e1gil.<\/li>    <li>Tecnologia de debulha de alta efici\u00eancia garante uma separa\u00e7\u00e3o limpa e completa de sementes e gr\u00e3os.<\/li>    <li>Adotando um tambor tr\u00eas em um, carga pequena, baixa taxa de quebra, apenas 5%.<\/li>    <li>Altura de corte ajust\u00e1vel, geralmente entre 12-75cm.<\/li>    <li>Abertura de alimenta\u00e7\u00e3o mais ampla, permitindo que a mat\u00e9ria-prima seja introduzida suavemente na colheitadeira combinada de trigo e arroz, sem fen\u00f4menos de bloqueio.<\/li>    <li>Transportador de eleva\u00e7\u00e3o mais largo, facilitando o transporte de culturas.<\/li>    <li>Equipado com rodas especializadas para campos de arroz, pode lidar com profundidades de lama de at\u00e9 30 cm.<\/li> <\/ul>    <figure class=\"wp-block-gallery has-nested-images columns-default is-cropped wp-block-gallery-3 is-layout-flex wp-block-gallery-is-layout-flex\"> <figure class=\"wp-block-image size-large\"><img loading=\"lazy\" decoding=\"async\" width=\"720\" height=\"540\" data-id=\"15168\" src=\"https:\/\/www.agriculture-machine.com\/wp-content\/uploads\/2023\/11\/efficient-harvesting-technology.webp\" alt=\"Tecnologia de colheita eficiente\" class=\"wp-image-15168\" srcset=\"https:\/\/www.agriculture-machine.com\/wp-content\/uploads\/2023\/11\/efficient-harvesting-technology.webp 720w, https:\/\/www.agriculture-machine.com\/wp-content\/uploads\/2023\/11\/efficient-harvesting-technology-360x270.webp 360w, https:\/\/www.agriculture-machine.com\/wp-content\/uploads\/2023\/11\/efficient-harvesting-technology-240x180.webp 240w\" sizes=\"auto, (max-width: 720px) 100vw, 720px\" \/><figcaption class=\"wp-element-caption\">Tecnologia de colheita eficiente<\/figcaption><\/figure>    <figure class=\"wp-block-image size-large\"><img loading=\"lazy\" decoding=\"async\" width=\"720\" height=\"540\" data-id=\"15169\" src=\"https:\/\/www.agriculture-machine.com\/wp-content\/uploads\/2023\/11\/rice-wheat-harvester-factory.webp\" alt=\"F\u00e1brica de colheitadeiras de arroz e trigo\" class=\"wp-image-15169\" srcset=\"https:\/\/www.agriculture-machine.com\/wp-content\/uploads\/2023\/11\/rice-wheat-harvester-factory.webp 720w, https:\/\/www.agriculture-machine.com\/wp-content\/uploads\/2023\/11\/rice-wheat-harvester-factory-360x270.webp 360w, https:\/\/www.agriculture-machine.com\/wp-content\/uploads\/2023\/11\/rice-wheat-harvester-factory-240x180.webp 240w\" sizes=\"auto, (max-width: 720px) 100vw, 720px\" \/><figcaption class=\"wp-element-caption\">F\u00e1brica de colheitadeiras de arroz e trigo<\/figcaption><\/figure> <\/figure>    <h2 class=\"wp-block-heading\">Casos de sucesso na colheita de trigo e arroz<\/h2>    <p>As colheitadeiras combinadas de trigo e arroz s\u00e3o amplamente populares em muitos pa\u00edses desenvolvidos agr\u00edcola e na produ\u00e7\u00e3o de gr\u00e3os ao redor do mundo. <\/p>    <p>Devido ao fato de muitos pa\u00edses cultivarem grandes \u00e1reas de arroz, trigo, etc., esta m\u00e1quina \u00e9 um sucesso de vendas e costumava ser enviada para a \u00cdndia, Vietname, Tail\u00e2ndia, Fran\u00e7a, Alemanha, R\u00fassia, Estados Unidos, Canad\u00e1, Austr\u00e1lia, Qu\u00eania, Nig\u00e9ria, Brasil, Argentina, entre outros.<\/p>    <p class=\"translation-block\">A seguir, uma demonstra\u00e7\u00e3o ao vivo de um campo de arroz de um cliente do Bangladesh (<em>Artigo relacionado: <a href=\"https:\/\/www.agriculture-machine.com\/pt\/wheat-and-rice-harvester-thresher-machine-in-bangladesh\/\"><strong>Cliente do Bangladesh comprou com sucesso a m\u00e1quina de trigo e arroz Taizy<\/strong><\/a><\/em>).<\/p>    <figure class=\"wp-block-gallery has-nested-images columns-2 is-cropped wp-block-gallery-4 is-layout-flex wp-block-gallery-is-layout-flex\"> <figure class=\"wp-block-image size-large\"><img loading=\"lazy\" decoding=\"async\" width=\"720\" height=\"540\" data-id=\"15171\" src=\"https:\/\/www.agriculture-machine.com\/wp-content\/uploads\/2023\/11\/wheat-rice-combine-paddy-harvester.webp\" alt=\"colheitadeira de arroz e trigo de campo de arroz\" class=\"wp-image-15171\" srcset=\"https:\/\/www.agriculture-machine.com\/wp-content\/uploads\/2023\/11\/wheat-rice-combine-paddy-harvester.webp 720w, https:\/\/www.agriculture-machine.com\/wp-content\/uploads\/2023\/11\/wheat-rice-combine-paddy-harvester-360x270.webp 360w, https:\/\/www.agriculture-machine.com\/wp-content\/uploads\/2023\/11\/wheat-rice-combine-paddy-harvester-240x180.webp 240w\" sizes=\"auto, (max-width: 720px) 100vw, 720px\" \/><figcaption class=\"wp-element-caption\">colheitadeira de arroz e trigo de campo de arroz<\/figcaption><\/figure>    <figure class=\"wp-block-image size-large\"><img loading=\"lazy\" decoding=\"async\" width=\"720\" height=\"540\" data-id=\"15170\" src=\"https:\/\/www.agriculture-machine.com\/wp-content\/uploads\/2023\/11\/crop-yield-optimization.webp\" alt=\"Otimiza\u00e7\u00e3o do rendimento da cultura\" class=\"wp-image-15170\" srcset=\"https:\/\/www.agriculture-machine.com\/wp-content\/uploads\/2023\/11\/crop-yield-optimization.webp 720w, https:\/\/www.agriculture-machine.com\/wp-content\/uploads\/2023\/11\/crop-yield-optimization-360x270.webp 360w, https:\/\/www.agriculture-machine.com\/wp-content\/uploads\/2023\/11\/crop-yield-optimization-240x180.webp 240w\" sizes=\"auto, (max-width: 720px) 100vw, 720px\" \/><figcaption class=\"wp-element-caption\">Otimiza\u00e7\u00e3o do rendimento da cultura<\/figcaption><\/figure>    <figure class=\"wp-block-image size-large\"><img loading=\"lazy\" decoding=\"async\" width=\"720\" height=\"540\" data-id=\"15173\" src=\"https:\/\/www.agriculture-machine.com\/wp-content\/uploads\/2023\/11\/wheat-harvesting-and-threshing-machine.webp\" alt=\"Local de trabalho da m\u00e1quina de colheita e debulha de trigo\" class=\"wp-image-15173\" srcset=\"https:\/\/www.agriculture-machine.com\/wp-content\/uploads\/2023\/11\/wheat-harvesting-and-threshing-machine.webp 720w, https:\/\/www.agriculture-machine.com\/wp-content\/uploads\/2023\/11\/wheat-harvesting-and-threshing-machine-360x270.webp 360w, https:\/\/www.agriculture-machine.com\/wp-content\/uploads\/2023\/11\/wheat-harvesting-and-threshing-machine-240x180.webp 240w\" sizes=\"auto, (max-width: 720px) 100vw, 720px\" \/><figcaption class=\"wp-element-caption\">Local de trabalho da m\u00e1quina de colheita e debulha de trigo<\/figcaption><\/figure>    <figure class=\"wp-block-image size-large\"><img loading=\"lazy\" decoding=\"async\" width=\"720\" height=\"540\" data-id=\"15172\" src=\"https:\/\/www.agriculture-machine.com\/wp-content\/uploads\/2023\/11\/customer-rice-field.webp\" alt=\"Campo de arroz do cliente\" class=\"wp-image-15172\" srcset=\"https:\/\/www.agriculture-machine.com\/wp-content\/uploads\/2023\/11\/customer-rice-field.webp 720w, https:\/\/www.agriculture-machine.com\/wp-content\/uploads\/2023\/11\/customer-rice-field-360x270.webp 360w, https:\/\/www.agriculture-machine.com\/wp-content\/uploads\/2023\/11\/customer-rice-field-240x180.webp 240w\" sizes=\"auto, (max-width: 720px) 100vw, 720px\" \/><figcaption class=\"wp-element-caption\">Campo de arroz do cliente<\/figcaption><\/figure> <\/figure>    <h2 class=\"wp-block-heading\">Precau\u00e7\u00f5es ao usar a colheitadeira<\/h2>    <p>Existem algumas coisas importantes a ter em mente ao usar uma colheitadeira combinada de trigo e arroz para garantir que a colheita agr\u00edcola seja feita de forma segura e eficiente:<\/p>    <ul class=\"wp-block-list\"> <li><strong>Inspe\u00e7\u00e3o e manuten\u00e7\u00e3o:<\/strong> Antes de usar, inspecione cuidadosamente todas as partes da m\u00e1quina para garantir que todos os sistemas de transmiss\u00e3o, l\u00e2minas e dispositivos de seguran\u00e7a estejam em boas condi\u00e7\u00f5es. Realize manuten\u00e7\u00e3o regular para manter a m\u00e1quina em boas condi\u00e7\u00f5es de funcionamento.<\/li>    <li><strong>Inspe\u00e7\u00e3o do ambiente de trabalho:<\/strong> Antes de iniciar o trabalho, inspecione a \u00e1rea de trabalho, remova obst\u00e1culos poss\u00edveis e assegure uma superf\u00edcie plana e est\u00e1vel para minimizar solavancos e inclina\u00e7\u00f5es da m\u00e1quina.<\/li>    <li><strong>Adapta\u00e7\u00e3o e ajuste:<\/strong> adjust the machine&#8217;s tool height, operating speed, and other parameters according to different crop types and growth stages to ensure optimal harvesting results.<\/li>    <li><strong>Limpeza final:<\/strong> No final do trabalho, limpe adequadamente a m\u00e1quina para evitar que restos de cultura, talos e detritos afetem a pr\u00f3xima opera\u00e7\u00e3o.<\/li> <\/ul>    <p>Se tiver d\u00favidas sobre o desempenho de colheita desta m\u00e1quina combinada de trigo e arroz, pode contactar-nos diretamente atrav\u00e9s do formul\u00e1rio \u00e0 direita para mais v\u00eddeos ou pre\u00e7os detalhados da m\u00e1quina e par\u00e2metros t\u00e9cnicos!<\/p>","protected":false},"excerpt":{"rendered":"<p>A colheitadeira combinada de trigo e arroz combina colheita, debulha e limpeza numa s\u00f3 m\u00e1quina. Este artigo mostra em detalhe como funciona e algumas precau\u00e7\u00f5es de uso, facilitando a sua escolha.<\/p>","protected":false},"author":1,"featured_media":15162,"parent":0,"comment_status":"closed","ping_status":"closed","template":"","tags":[796,158],"product-type":[871],"class_list":["post-15160","product","type-product","status-publish","has-post-thumbnail","hentry","tag-rice","tag-wheat","product-type-harvester"],"_links":{"self":[{"href":"https:\/\/www.agriculture-machine.com\/pt\/wp-json\/wp\/v2\/product\/15160","targetHints":{"allow":["GET"]}}],"collection":[{"href":"https:\/\/www.agriculture-machine.com\/pt\/wp-json\/wp\/v2\/product"}],"about":[{"href":"https:\/\/www.agriculture-machine.com\/pt\/wp-json\/wp\/v2\/types\/product"}],"author":[{"embeddable":true,"href":"https:\/\/www.agriculture-machine.com\/pt\/wp-json\/wp\/v2\/users\/1"}],"replies":[{"embeddable":true,"href":"https:\/\/www.agriculture-machine.com\/pt\/wp-json\/wp\/v2\/comments?post=15160"}],"wp:featuredmedia":[{"embeddable":true,"href":"https:\/\/www.agriculture-machine.com\/pt\/wp-json\/wp\/v2\/media\/15162"}],"wp:attachment":[{"href":"https:\/\/www.agriculture-machine.com\/pt\/wp-json\/wp\/v2\/media?parent=15160"}],"wp:term":[{"taxonomy":"post_tag","embeddable":true,"href":"https:\/\/www.agriculture-machine.com\/pt\/wp-json\/wp\/v2\/tags?post=15160"},{"taxonomy":"product-type","embeddable":true,"href":"https:\/\/www.agriculture-machine.com\/pt\/wp-json\/wp\/v2\/product-type?post=15160"}],"curies":[{"name":"wp","href":"https:\/\/api.w.org\/{rel}","templated":true}]}}