{"id":15161,"date":"2023-11-16T15:43:31","date_gmt":"2023-11-16T07:43:31","guid":{"rendered":"https:\/\/www.agriculture-machine.com\/?post_type=product&#038;p=15161"},"modified":"2024-09-18T16:09:44","modified_gmt":"2024-09-18T08:09:44","slug":"grain-threshing-machine","status":"publish","type":"product","link":"https:\/\/www.agriculture-machine.com\/pt\/grain-threshing-machine\/","title":{"rendered":"M\u00e1quina de debulhar gr\u00e3os de arroz e trigo | M\u00e1quina de debulhar m\u00faltiplas culturas para venda"},"content":{"rendered":"<p class=\"translation-block\">M\u00e1quina de Debulhar de Arroz e Trigo   \u00e9 uma m\u00e1quina agr\u00edcola especializada amplamente utilizada no processo de debulhar gr\u00e3os como arroz e trigo. A m\u00e1quina separa de forma eficiente as part\u00edculas de gr\u00e3os colhidos da camada de casca atrav\u00e9s do mecanismo de corte e debulhar embutido para obter gr\u00e3os limpos. <\/p>    <figure class=\"wp-block-image size-full\"><img loading=\"lazy\" decoding=\"async\" width=\"720\" height=\"540\" src=\"https:\/\/www.agriculture-machine.com\/wp-content\/uploads\/2023\/11\/multifunctional-thresher-for-sale.webp\" alt=\"Debulhadora multifuncional \u00e0 venda\" class=\"wp-image-15183\" srcset=\"https:\/\/www.agriculture-machine.com\/wp-content\/uploads\/2023\/11\/multifunctional-thresher-for-sale.webp 720w, https:\/\/www.agriculture-machine.com\/wp-content\/uploads\/2023\/11\/multifunctional-thresher-for-sale-360x270.webp 360w, https:\/\/www.agriculture-machine.com\/wp-content\/uploads\/2023\/11\/multifunctional-thresher-for-sale-240x180.webp 240w\" sizes=\"auto, (max-width: 720px) 100vw, 720px\" \/><figcaption class=\"wp-element-caption\">Debulhadora multifuncional \u00e0 venda<\/figcaption><\/figure>    <p>Esta m\u00e1quina tem alta efici\u00eancia de produ\u00e7\u00e3o, debulha limpa, sem quebras e baixo conte\u00fado de impurezas. Pode ser alimentada por tr\u00eas tipos de energia: motor a diesel, motor a gasolina e motor el\u00e9trico, podendo escolher conforme as suas necessidades.<\/p>    <h2 class=\"wp-block-heading\">Amplas aplica\u00e7\u00f5es da m\u00e1quina de debulhar gr\u00e3os<\/h2>    <p class=\"translation-block\">A m\u00e1quina de debulhar arroz e trigo \u00e9 usada para debulhar v\u00e1rias culturas \u2014<strong> trigo, arroz, soja, colza, millet, sorgo, quinoa, etc.<\/strong>. A ajustabilidade e adaptabilidade da m\u00e1quina de debulhar gr\u00e3os tornam-na adequada para diferentes tipos e tamanhos de explora\u00e7\u00f5es agr\u00edcolas.<\/p>    <figure class=\"wp-block-gallery has-nested-images columns-default is-cropped wp-block-gallery-2 is-layout-flex wp-block-gallery-is-layout-flex\"> <figure class=\"wp-block-image size-large\"><img loading=\"lazy\" decoding=\"async\" width=\"405\" height=\"540\" data-id=\"15178\" src=\"https:\/\/www.agriculture-machine.com\/wp-content\/uploads\/2023\/11\/wheat-thresher-applications-405x540.webp\" alt=\"Aplica\u00e7\u00f5es da debulhadora de trigo\" class=\"wp-image-15178\" srcset=\"https:\/\/www.agriculture-machine.com\/wp-content\/uploads\/2023\/11\/wheat-thresher-applications-405x540.webp 405w, https:\/\/www.agriculture-machine.com\/wp-content\/uploads\/2023\/11\/wheat-thresher-applications-203x270.webp 203w, https:\/\/www.agriculture-machine.com\/wp-content\/uploads\/2023\/11\/wheat-thresher-applications.webp 540w\" sizes=\"auto, (max-width: 405px) 100vw, 405px\" \/><figcaption class=\"wp-element-caption\">Aplica\u00e7\u00f5es da debulhadora de trigo<\/figcaption><\/figure>    <figure class=\"wp-block-image size-large\"><img loading=\"lazy\" decoding=\"async\" width=\"405\" height=\"540\" data-id=\"15177\" src=\"https:\/\/www.agriculture-machine.com\/wp-content\/uploads\/2023\/11\/rice-thresher-applications-405x540.webp\" alt=\"Aplica\u00e7\u00f5es da debulhadora de arroz\" class=\"wp-image-15177\" srcset=\"https:\/\/www.agriculture-machine.com\/wp-content\/uploads\/2023\/11\/rice-thresher-applications-405x540.webp 405w, https:\/\/www.agriculture-machine.com\/wp-content\/uploads\/2023\/11\/rice-thresher-applications-203x270.webp 203w, https:\/\/www.agriculture-machine.com\/wp-content\/uploads\/2023\/11\/rice-thresher-applications.webp 540w\" sizes=\"auto, (max-width: 405px) 100vw, 405px\" \/><figcaption class=\"wp-element-caption\">Aplica\u00e7\u00f5es da debulhadora de arroz<\/figcaption><\/figure> <\/figure>    <h2 class=\"wp-block-heading\">Exibi\u00e7\u00e3o do Produto Final da Debulhadora<\/h2>    <p>O produto acabado obtido desta m\u00e1quina de debulhar gr\u00e3os \u00e9 muito limpo e mant\u00e9m a integridade do gr\u00e3o com gr\u00e3os uniformes, garantindo a qualidade do produto final e melhorando a taxa de colheita do gr\u00e3o.<\/p>    <figure class=\"wp-block-gallery has-nested-images columns-default is-cropped wp-block-gallery-3 is-layout-flex wp-block-gallery-is-layout-flex\"> <figure class=\"wp-block-image size-large\"><img loading=\"lazy\" decoding=\"async\" width=\"405\" height=\"540\" data-id=\"15179\" src=\"https:\/\/www.agriculture-machine.com\/wp-content\/uploads\/2023\/11\/beans-and-wheat-405x540.webp\" alt=\"Feij\u00e3o e trigo\" class=\"wp-image-15179\" srcset=\"https:\/\/www.agriculture-machine.com\/wp-content\/uploads\/2023\/11\/beans-and-wheat-405x540.webp 405w, https:\/\/www.agriculture-machine.com\/wp-content\/uploads\/2023\/11\/beans-and-wheat-203x270.webp 203w, https:\/\/www.agriculture-machine.com\/wp-content\/uploads\/2023\/11\/beans-and-wheat.webp 540w\" sizes=\"auto, (max-width: 405px) 100vw, 405px\" \/><figcaption class=\"wp-element-caption\">Feij\u00e3o e trigo<\/figcaption><\/figure>    <figure class=\"wp-block-image size-large\"><img loading=\"lazy\" decoding=\"async\" width=\"405\" height=\"540\" data-id=\"15180\" src=\"https:\/\/www.agriculture-machine.com\/wp-content\/uploads\/2023\/11\/paddy-rice-and-millet-405x540.webp\" alt=\"Arroz de casca e millet\" class=\"wp-image-15180\" srcset=\"https:\/\/www.agriculture-machine.com\/wp-content\/uploads\/2023\/11\/paddy-rice-and-millet-405x540.webp 405w, https:\/\/www.agriculture-machine.com\/wp-content\/uploads\/2023\/11\/paddy-rice-and-millet-203x270.webp 203w, https:\/\/www.agriculture-machine.com\/wp-content\/uploads\/2023\/11\/paddy-rice-and-millet.webp 540w\" sizes=\"auto, (max-width: 405px) 100vw, 405px\" \/><figcaption class=\"wp-element-caption\">Arroz de casca e millet<\/figcaption><\/figure>    <figure class=\"wp-block-image size-large\"><img loading=\"lazy\" decoding=\"async\" width=\"405\" height=\"540\" data-id=\"15181\" src=\"https:\/\/www.agriculture-machine.com\/wp-content\/uploads\/2023\/11\/sorghum-and-rapeseed-405x540.webp\" alt=\"Sorgo e colza\" class=\"wp-image-15181\" srcset=\"https:\/\/www.agriculture-machine.com\/wp-content\/uploads\/2023\/11\/sorghum-and-rapeseed-405x540.webp 405w, https:\/\/www.agriculture-machine.com\/wp-content\/uploads\/2023\/11\/sorghum-and-rapeseed-203x270.webp 203w, https:\/\/www.agriculture-machine.com\/wp-content\/uploads\/2023\/11\/sorghum-and-rapeseed.webp 540w\" sizes=\"auto, (max-width: 405px) 100vw, 405px\" \/><figcaption class=\"wp-element-caption\">Sorgo e colza<\/figcaption><\/figure> <\/figure>    <h2 class=\"wp-block-heading\">Estrutura principal da m\u00e1quina de debulhar trigo e arroz<\/h2>    <p>A estrutura desta m\u00e1quina de debulhar gr\u00e3os \u00e9 muito simples e consiste principalmente numa cuba de alimenta\u00e7\u00e3o, sa\u00edda, tambor de debulhar, peneira, soprador, motor, etc. Os rolamentos s\u00e3o bem desenhados e f\u00e1ceis de mover com rodas. Al\u00e9m disso, est\u00e3o dispon\u00edveis peneiras de diferentes tamanhos para diferentes gr\u00e3os.<\/p>    <figure class=\"wp-block-image size-full\"><img loading=\"lazy\" decoding=\"async\" width=\"720\" height=\"540\" src=\"https:\/\/www.agriculture-machine.com\/wp-content\/uploads\/2023\/11\/crop-threshing-machine-structure.webp\" alt=\"Estrutura da m\u00e1quina de debulhar culturas\" class=\"wp-image-15182\" srcset=\"https:\/\/www.agriculture-machine.com\/wp-content\/uploads\/2023\/11\/crop-threshing-machine-structure.webp 720w, https:\/\/www.agriculture-machine.com\/wp-content\/uploads\/2023\/11\/crop-threshing-machine-structure-360x270.webp 360w, https:\/\/www.agriculture-machine.com\/wp-content\/uploads\/2023\/11\/crop-threshing-machine-structure-240x180.webp 240w\" sizes=\"auto, (max-width: 720px) 100vw, 720px\" \/><figcaption class=\"wp-element-caption\">Estrutura da m\u00e1quina de debulhar culturas<\/figcaption><\/figure>    <h2 class=\"wp-block-heading\">Como funciona a debulhadora de trigo e arroz<\/h2>    <p>A m\u00e1quina de debulhar arroz e trigo funciona em duas fases principais: corte e debulhar.<\/p>    <ol class=\"wp-block-list\"> <li><strong>Fase de corte:<\/strong> Nesta fase, a m\u00e1quina de debulhar gr\u00e3os corta os talos do gr\u00e3o colhido (como arroz ou trigo). Este processo de corte ajuda a separar toda a planta das ra\u00edzes, preparando-se para a fase seguinte de debulhar.<\/li>    <li><strong>Fase de debulhar:<\/strong> A planta cortada passa pela sec\u00e7\u00e3o de debulhar da m\u00e1quina. Nesta sec\u00e7\u00e3o, a m\u00e1quina geralmente consiste num rolo ou cilindro com dentes serrilhados ou sulcados, acoplados a uma p\u00e1 ou raspador. \u00c0 medida que a planta passa por estas sec\u00e7\u00f5es, o gr\u00e3o \u00e9 submetido a for\u00e7as mec\u00e2nicas que o separam do talo e da casca. Assim, a m\u00e1quina consegue separar de forma eficiente a parte comest\u00edvel do gr\u00e3o (sementes) da parte n\u00e3o comest\u00edvel (cascas e talos).<\/li> <\/ol>    <figure class=\"wp-block-gallery has-nested-images columns-default is-cropped wp-block-gallery-4 is-layout-flex wp-block-gallery-is-layout-flex\"> <figure class=\"wp-block-image size-large\"><img loading=\"lazy\" decoding=\"async\" width=\"720\" height=\"540\" data-id=\"15185\" src=\"https:\/\/www.agriculture-machine.com\/wp-content\/uploads\/2023\/11\/wheat-rice-threshing-machine.webp\" alt=\"M\u00e1quina de debulhar arroz e trigo\" class=\"wp-image-15185\" srcset=\"https:\/\/www.agriculture-machine.com\/wp-content\/uploads\/2023\/11\/wheat-rice-threshing-machine.webp 720w, https:\/\/www.agriculture-machine.com\/wp-content\/uploads\/2023\/11\/wheat-rice-threshing-machine-360x270.webp 360w, https:\/\/www.agriculture-machine.com\/wp-content\/uploads\/2023\/11\/wheat-rice-threshing-machine-240x180.webp 240w\" sizes=\"auto, (max-width: 720px) 100vw, 720px\" \/><figcaption class=\"wp-element-caption\">M\u00e1quina de debulhar arroz e trigo<\/figcaption><\/figure>    <figure class=\"wp-block-image size-large\"><img loading=\"lazy\" decoding=\"async\" width=\"720\" height=\"540\" data-id=\"15184\" src=\"https:\/\/www.agriculture-machine.com\/wp-content\/uploads\/2023\/11\/crop-threshing-equipment.webp\" alt=\"Equipamento de debulhar culturas\" class=\"wp-image-15184\" srcset=\"https:\/\/www.agriculture-machine.com\/wp-content\/uploads\/2023\/11\/crop-threshing-equipment.webp 720w, https:\/\/www.agriculture-machine.com\/wp-content\/uploads\/2023\/11\/crop-threshing-equipment-360x270.webp 360w, https:\/\/www.agriculture-machine.com\/wp-content\/uploads\/2023\/11\/crop-threshing-equipment-240x180.webp 240w\" sizes=\"auto, (max-width: 720px) 100vw, 720px\" \/><figcaption class=\"wp-element-caption\">Equipamento de debulhar culturas<\/figcaption><\/figure> <\/figure>    <h2 class=\"wp-block-heading\">Vantagens da m\u00e1quina de debulhar arroz de casca<\/h2>    <ol class=\"wp-block-list\"> <li>Estrutura simples, opera\u00e7\u00e3o conveniente e f\u00e1cil manuten\u00e7\u00e3o.<\/li>    <li>A taxa de debulhar chega a 98%, e os gr\u00e3os finais s\u00e3o muito limpos.<\/li>    <li>Alta aplicabilidade, pode processar arroz, trigo, sorgo, millet, feij\u00e3o e outras culturas.<\/li>    <li>Com par\u00e2metros ajust\u00e1veis, os agricultores podem ajustar conforme fatores como o tipo de gr\u00e3o e humidade para obter os melhores resultados de debulhar.<\/li> <\/ol>    <figure class=\"wp-block-gallery has-nested-images columns-default is-cropped wp-block-gallery-5 is-layout-flex wp-block-gallery-is-layout-flex\"> <figure class=\"wp-block-image size-large\"><img loading=\"lazy\" decoding=\"async\" width=\"720\" height=\"540\" data-id=\"15186\" src=\"https:\/\/www.agriculture-machine.com\/wp-content\/uploads\/2023\/11\/efficient-crop-processing-machine.webp\" alt=\"m\u00e1quina eficiente de processamento de culturas\" class=\"wp-image-15186\" srcset=\"https:\/\/www.agriculture-machine.com\/wp-content\/uploads\/2023\/11\/efficient-crop-processing-machine.webp 720w, https:\/\/www.agriculture-machine.com\/wp-content\/uploads\/2023\/11\/efficient-crop-processing-machine-360x270.webp 360w, https:\/\/www.agriculture-machine.com\/wp-content\/uploads\/2023\/11\/efficient-crop-processing-machine-240x180.webp 240w\" sizes=\"auto, (max-width: 720px) 100vw, 720px\" \/><figcaption class=\"wp-element-caption\">m\u00e1quina eficiente de processamento de culturas<\/figcaption><\/figure>    <figure class=\"wp-block-image size-large\"><img loading=\"lazy\" decoding=\"async\" width=\"720\" height=\"540\" data-id=\"15187\" src=\"https:\/\/www.agriculture-machine.com\/wp-content\/uploads\/2023\/11\/grain-threshing-machine-for-sale.webp\" alt=\"m\u00e1quina de debulhar gr\u00e3os \u00e0 venda\" class=\"wp-image-15187\" srcset=\"https:\/\/www.agriculture-machine.com\/wp-content\/uploads\/2023\/11\/grain-threshing-machine-for-sale.webp 720w, https:\/\/www.agriculture-machine.com\/wp-content\/uploads\/2023\/11\/grain-threshing-machine-for-sale-360x270.webp 360w, https:\/\/www.agriculture-machine.com\/wp-content\/uploads\/2023\/11\/grain-threshing-machine-for-sale-240x180.webp 240w\" sizes=\"auto, (max-width: 720px) 100vw, 720px\" \/><figcaption class=\"wp-element-caption\">m\u00e1quina de debulhar gr\u00e3os \u00e0 venda<\/figcaption><\/figure> <\/figure>    <p>O m\u00e9todo tradicional manual de debulhar era ineficiente e propenso \u00e0 perda de gr\u00e3os. Com a introdu\u00e7\u00e3o da debulhadora multifuncional, n\u00e3o s\u00f3 \u00e9 poss\u00edvel colher mais na mesma quantidade de tempo, como tamb\u00e9m reduz o desperd\u00edcio de alimentos.<\/p>    <p>A m\u00e1quina de debulhar gr\u00e3os multiuso \u00e9 amplamente bem-vista em muitos pa\u00edses, especialmente na \u00c1sia, \u00c1frica e Am\u00e9rica Latina, onde a agricultura predomina, e j\u00e1 foi enviada para Qu\u00e9nia, Nig\u00e9ria, \u00cdndia, Indon\u00e9sia, Estados Unidos, R\u00fassia, Bangladesh, Austr\u00e1lia e outros pa\u00edses.<\/p>    <h2 class=\"wp-block-heading\">Par\u00e2metros da m\u00e1quina de debulhar arroz de casca<\/h2>    <ul class=\"wp-block-list\"> <li><strong>Modelo:<\/strong> 5TYC1-90<\/li>    <li><strong>Pot\u00eancia:<\/strong>Motor a gasolina 170F, roda de correia com di\u00e2metro de 70cm, velocidade nominal de 3600 rpm<\/li>    <li><strong>Capacidade:<\/strong> 600-800kg\/h<\/li>    <li><strong>Cilindro de debulhar:<\/strong> Di\u00e2metro 360*Comprimento 900mm <\/li>    <li><strong>Tamanho da peneira:<\/strong> 870*610mm<\/li>    <li><strong>Peso:<\/strong> 90kg sem motor<\/li>    <li><strong>Tamanho total:<\/strong>1640*1640*1280mm<\/li>    <li>24 pe\u00e7as\/20GP, 66 pe\u00e7as\/40HQ<\/li> <\/ul>    <p>Este \u00e9 um modelo popular que atende ao p\u00fablico para processamento de culturas, temos tamb\u00e9m outros modelos dispon\u00edveis, n\u00e3o hesite em contactar-nos para mais informa\u00e7\u00f5es sobre m\u00e1quinas de debulhar gr\u00e3os e modelos relacionados.<\/p>","protected":false},"excerpt":{"rendered":"<p>Rice and Wheat Grain Threshing Machine is a specialized agricultural machine widely used in the threshing process of grains such as rice and wheat. The machine efficiently separates the harvested grain particles from the husk layer through the built-in cutting and threshing mechanism to obtain clean grains. This machine has high production efficiency, clean threshing, [&hellip;]<\/p>\n","protected":false},"author":1,"featured_media":16131,"parent":0,"comment_status":"closed","ping_status":"closed","template":"","tags":[2614],"product-type":[872],"class_list":["post-15161","product","type-product","status-publish","has-post-thumbnail","hentry","tag-thresher","product-type-thresher-sheller"],"_links":{"self":[{"href":"https:\/\/www.agriculture-machine.com\/pt\/wp-json\/wp\/v2\/product\/15161","targetHints":{"allow":["GET"]}}],"collection":[{"href":"https:\/\/www.agriculture-machine.com\/pt\/wp-json\/wp\/v2\/product"}],"about":[{"href":"https:\/\/www.agriculture-machine.com\/pt\/wp-json\/wp\/v2\/types\/product"}],"author":[{"embeddable":true,"href":"https:\/\/www.agriculture-machine.com\/pt\/wp-json\/wp\/v2\/users\/1"}],"replies":[{"embeddable":true,"href":"https:\/\/www.agriculture-machine.com\/pt\/wp-json\/wp\/v2\/comments?post=15161"}],"wp:featuredmedia":[{"embeddable":true,"href":"https:\/\/www.agriculture-machine.com\/pt\/wp-json\/wp\/v2\/media\/16131"}],"wp:attachment":[{"href":"https:\/\/www.agriculture-machine.com\/pt\/wp-json\/wp\/v2\/media?parent=15161"}],"wp:term":[{"taxonomy":"post_tag","embeddable":true,"href":"https:\/\/www.agriculture-machine.com\/pt\/wp-json\/wp\/v2\/tags?post=15161"},{"taxonomy":"product-type","embeddable":true,"href":"https:\/\/www.agriculture-machine.com\/pt\/wp-json\/wp\/v2\/product-type?post=15161"}],"curies":[{"name":"wp","href":"https:\/\/api.w.org\/{rel}","templated":true}]}}