{"id":15188,"date":"2023-11-17T10:22:59","date_gmt":"2023-11-17T02:22:59","guid":{"rendered":"https:\/\/www.agriculture-machine.com\/?post_type=product&#038;p=15188"},"modified":"2024-09-18T15:42:35","modified_gmt":"2024-09-18T07:42:35","slug":"rice-mill-production-line","status":"publish","type":"product","link":"https:\/\/www.agriculture-machine.com\/pt\/rice-mill-production-line\/","title":{"rendered":"Linha de produ\u00e7\u00e3o de arroz de 15TPD com polidor e classificador de arroz branco"},"content":{"rendered":"<p class=\"translation-block\">Esta linha de produ\u00e7\u00e3o de arroz come\u00e7a com a <strong><a href=\"https:\/\/www.agriculture-machine.com\/pt\/rice-mill-plant\/\">unidade padr\u00e3o de beneficiamento de arroz de 15TPD<\/a><\/strong>, cuja principal tarefa \u00e9 descascar, polir e moer os gr\u00e3os para convert\u00ea-los em arroz branco regular.<\/p>    <p>Em seguida, entra em a\u00e7\u00e3o a m\u00e1quina de polimento, removendo uma camada de pele exterior do arroz branco por fric\u00e7\u00e3o, tornando os gr\u00e3os mais suaves e melhorando a apar\u00eancia e o sabor geral.<\/p>    <p>Subsequentemente, a m\u00e1quina de classifica\u00e7\u00e3o de arroz branco classifica com precis\u00e3o o arroz de acordo com o tamanho e a forma dos gr\u00e3os. Isto ajuda a manter a consist\u00eancia e a qualidade do produto, garantindo que cada saco de arroz seja de qualidade uniforme e atenda \u00e0 procura do mercado.<\/p>    <figure class=\"wp-block-image size-full\"><img loading=\"lazy\" decoding=\"async\" width=\"720\" height=\"540\" src=\"https:\/\/www.agriculture-machine.com\/wp-content\/uploads\/2023\/11\/15TPD-rice-milling-plant.webp\" alt=\"F\u00e1brica de beneficiamento de arroz de 15TPD\" class=\"wp-image-15192\" srcset=\"https:\/\/www.agriculture-machine.com\/wp-content\/uploads\/2023\/11\/15TPD-rice-milling-plant.webp 720w, https:\/\/www.agriculture-machine.com\/wp-content\/uploads\/2023\/11\/15TPD-rice-milling-plant-360x270.webp 360w, https:\/\/www.agriculture-machine.com\/wp-content\/uploads\/2023\/11\/15TPD-rice-milling-plant-240x180.webp 240w\" sizes=\"auto, (max-width: 720px) 100vw, 720px\" \/><figcaption class=\"wp-element-caption\">F\u00e1brica de beneficiamento de arroz de 15TPD<\/figcaption><\/figure>    <h2 class=\"wp-block-heading\">Estrutura Principal da Linha de Produ\u00e7\u00e3o de Arroz<\/h2>    <figure class=\"wp-block-image size-full\"><img loading=\"lazy\" decoding=\"async\" width=\"720\" height=\"540\" src=\"https:\/\/www.agriculture-machine.com\/wp-content\/uploads\/2023\/11\/rice-mill-production-line-structure.webp\" alt=\"estrutura da linha de produ\u00e7\u00e3o de arroz\" class=\"wp-image-15194\" srcset=\"https:\/\/www.agriculture-machine.com\/wp-content\/uploads\/2023\/11\/rice-mill-production-line-structure.webp 720w, https:\/\/www.agriculture-machine.com\/wp-content\/uploads\/2023\/11\/rice-mill-production-line-structure-360x270.webp 360w, https:\/\/www.agriculture-machine.com\/wp-content\/uploads\/2023\/11\/rice-mill-production-line-structure-240x180.webp 240w\" sizes=\"auto, (max-width: 720px) 100vw, 720px\" \/><figcaption class=\"wp-element-caption\">estrutura da linha de produ\u00e7\u00e3o de arroz<\/figcaption><\/figure>    <h2 class=\"wp-block-heading\">Princ\u00edpio da M\u00e1quina de Polimento de Arroz<\/h2>    <ul class=\"wp-block-list\"> <li>Este equipamento funciona principalmente atrav\u00e9s de uma ligeira fric\u00e7\u00e3o para aderir \u00e0 superf\u00edcie do arroz branco no p\u00f3 de casca removido, garantindo que o arroz branco esteja limpo, melhorando a apar\u00eancia do produto acabado e a cor, al\u00e9m de facilitar o armazenamento e a reciclagem da casca de arroz, e tamb\u00e9m tornando o equipamento de classifica\u00e7\u00e3o de arroz branco subsequente menos propenso a bloquear a superf\u00edcie de trabalho, garantindo o efeito de classifica\u00e7\u00e3o.<\/li>    <li>Rub rice process, because the white rice grain strength is low, so it should be slow and not strong, to prevent producing too much broken rice. The white rice out of the machine after rubbing the rice, produce the broken rice can&#8217;t be more than 1%, contain chaff quantity can&#8217;t be more than 0.1%.<\/li> <\/ul>    <figure class=\"wp-block-gallery has-nested-images columns-default is-cropped wp-block-gallery-2 is-layout-flex wp-block-gallery-is-layout-flex\"> <figure class=\"wp-block-image size-large\"><img loading=\"lazy\" decoding=\"async\" width=\"720\" height=\"540\" data-id=\"15196\" src=\"https:\/\/www.agriculture-machine.com\/wp-content\/uploads\/2023\/11\/rice-milling-machines.webp\" alt=\"m\u00e1quinas de beneficiamento de arroz\" class=\"wp-image-15196\" srcset=\"https:\/\/www.agriculture-machine.com\/wp-content\/uploads\/2023\/11\/rice-milling-machines.webp 720w, https:\/\/www.agriculture-machine.com\/wp-content\/uploads\/2023\/11\/rice-milling-machines-360x270.webp 360w, https:\/\/www.agriculture-machine.com\/wp-content\/uploads\/2023\/11\/rice-milling-machines-240x180.webp 240w\" sizes=\"auto, (max-width: 720px) 100vw, 720px\" \/><figcaption class=\"wp-element-caption\">m\u00e1quinas de beneficiamento de arroz<\/figcaption><\/figure>    <figure class=\"wp-block-image size-large\"><img loading=\"lazy\" decoding=\"async\" width=\"720\" height=\"540\" data-id=\"15195\" src=\"https:\/\/www.agriculture-machine.com\/wp-content\/uploads\/2023\/11\/complete-rice-milling-production-line.webp\" alt=\"linha de produ\u00e7\u00e3o de beneficiamento de arroz completa\" class=\"wp-image-15195\" srcset=\"https:\/\/www.agriculture-machine.com\/wp-content\/uploads\/2023\/11\/complete-rice-milling-production-line.webp 720w, https:\/\/www.agriculture-machine.com\/wp-content\/uploads\/2023\/11\/complete-rice-milling-production-line-360x270.webp 360w, https:\/\/www.agriculture-machine.com\/wp-content\/uploads\/2023\/11\/complete-rice-milling-production-line-240x180.webp 240w\" sizes=\"auto, (max-width: 720px) 100vw, 720px\" \/><figcaption class=\"wp-element-caption\">linha de produ\u00e7\u00e3o de beneficiamento de arroz completa<\/figcaption><\/figure> <\/figure>    <h2 class=\"wp-block-heading\">Fun\u00e7\u00e3o do Classificador de Arroz Branco<\/h2>    <ul class=\"wp-block-list\"> <li>Pa\u00edses de todo o mundo consideram o arroz partido um \u00edndice importante para distinguir a qualidade do arroz. Assim, a classifica\u00e7\u00e3o do arroz branco visa adaptar-se aos requisitos especiais internacionais de qualidade do arroz (geralmente de acordo com a quantidade de arroz partido classificado e estabelecer um processo). <\/li>    <li>O arroz com a mesma precis\u00e3o muitas vezes tem uma grande diferen\u00e7a de pre\u00e7o devido \u00e0 diferen\u00e7a de arroz partido. Contendo menos arroz partido, o pre\u00e7o \u00e9 muito mais alto do que com mais arroz partido, e a qualidade do arroz cozido tamb\u00e9m \u00e9 muito melhor, por isso, tente reduzir a taxa de arroz partido na linha de produ\u00e7\u00e3o de beneficiamento de arroz.<\/li>    <li>Equipamento de classifica\u00e7\u00e3o de arroz branco utilizado: peneira rotativa plana, seletor de tambor, entre outros. Atrav\u00e9s do processamento com peneira de classifica\u00e7\u00e3o de arroz branco, pode-se dividir em arroz partido pequeno, arroz partido grande e arroz acabado, e depois processar de acordo com o padr\u00e3o de grau requerido.<\/li> <\/ul>    <figure class=\"wp-block-gallery has-nested-images columns-default is-cropped wp-block-gallery-3 is-layout-flex wp-block-gallery-is-layout-flex\"> <figure class=\"wp-block-image size-large\"><img loading=\"lazy\" decoding=\"async\" width=\"720\" height=\"540\" data-id=\"15198\" src=\"https:\/\/www.agriculture-machine.com\/wp-content\/uploads\/2023\/11\/rice-milling-machine-manufacturer.webp\" alt=\"fabricante de m\u00e1quinas de beneficiamento de arroz\" class=\"wp-image-15198\" srcset=\"https:\/\/www.agriculture-machine.com\/wp-content\/uploads\/2023\/11\/rice-milling-machine-manufacturer.webp 720w, https:\/\/www.agriculture-machine.com\/wp-content\/uploads\/2023\/11\/rice-milling-machine-manufacturer-360x270.webp 360w, https:\/\/www.agriculture-machine.com\/wp-content\/uploads\/2023\/11\/rice-milling-machine-manufacturer-240x180.webp 240w\" sizes=\"auto, (max-width: 720px) 100vw, 720px\" \/><figcaption class=\"wp-element-caption\">fabricante de m\u00e1quinas de beneficiamento de arroz<\/figcaption><\/figure>    <figure class=\"wp-block-image size-large\"><img loading=\"lazy\" decoding=\"async\" width=\"720\" height=\"540\" data-id=\"15197\" src=\"https:\/\/www.agriculture-machine.com\/wp-content\/uploads\/2023\/11\/integrated-rice-processing-line.webp\" alt=\"linha de processamento de arroz integrada\" class=\"wp-image-15197\" srcset=\"https:\/\/www.agriculture-machine.com\/wp-content\/uploads\/2023\/11\/integrated-rice-processing-line.webp 720w, https:\/\/www.agriculture-machine.com\/wp-content\/uploads\/2023\/11\/integrated-rice-processing-line-360x270.webp 360w, https:\/\/www.agriculture-machine.com\/wp-content\/uploads\/2023\/11\/integrated-rice-processing-line-240x180.webp 240w\" sizes=\"auto, (max-width: 720px) 100vw, 720px\" \/><figcaption class=\"wp-element-caption\">linha de processamento de arroz integrada<\/figcaption><\/figure> <\/figure>    <h2 class=\"wp-block-heading\">Fluxo de trabalho do equipamento de processamento de palha <\/h2>   <div id=\"rank-math-howto\" class=\"rank-math-block\" > <div class=\"rank-math-howto-description\"> <img loading=\"lazy\" decoding=\"async\" width=\"720\" height=\"540\" src=\"https:\/\/www.agriculture-machine.com\/wp-content\/uploads\/2023\/11\/complete-rice-milling-plant.webp\" class=\"attachment-full size-full\" alt=\"f\u00e1brica de beneficiamento de arroz completa\" srcset=\"https:\/\/www.agriculture-machine.com\/wp-content\/uploads\/2023\/11\/complete-rice-milling-plant.webp 720w, https:\/\/www.agriculture-machine.com\/wp-content\/uploads\/2023\/11\/complete-rice-milling-plant-360x270.webp 360w, https:\/\/www.agriculture-machine.com\/wp-content\/uploads\/2023\/11\/complete-rice-milling-plant-240x180.webp 240w\" sizes=\"auto, (max-width: 720px) 100vw, 720px\" \/> <p>Um sistema avan\u00e7ado de controlo autom\u00e1tico gere toda a linha de produ\u00e7\u00e3o de arroz. Isto n\u00e3o s\u00f3 melhora a efici\u00eancia de produ\u00e7\u00e3o, mas tamb\u00e9m garante um controlo preciso de cada etapa.<\/p>  <\/div>  <div class=\"rank-math-steps\"> <div id=\"howto-step-1700124463914\" class=\"rank-math-step\"> <h3 class=\"rank-math-step-title\">1. Unidade Padr\u00e3o de Beneficiamento de Arroz<\/h3> <div class=\"rank-math-step-content\"><p>Este conjunto de equipamentos \u00e9 o n\u00facleo de toda a linha de produ\u00e7\u00e3o de beneficiamento de arroz, integrando descascamento, polimento e moagem, podendo transformar eficientemente os gr\u00e3os em arroz branco comest\u00edvel.<\/p> <\/div> <\/div> <div id=\"howto-step-1700124513712\" class=\"rank-math-step\"> <h3 class=\"rank-math-step-title\">2. Polidor de Arroz<\/h3> <div class=\"rank-math-step-content\"><p>Adotando tecnologia avan\u00e7ada de tratamento de superf\u00edcie, esta m\u00e1quina remove a pele exterior do arroz branco por fric\u00e7\u00e3o, tornando os gr\u00e3os mais suaves. Este passo n\u00e3o s\u00f3 melhora a apar\u00eancia do arroz, mas tamb\u00e9m aprimora o sabor, oferecendo mais op\u00e7\u00f5es para o mercado de alta gama.<\/p> <\/div> <\/div> <div id=\"howto-step-1700124538104\" class=\"rank-math-step\"> <h3 class=\"rank-math-step-title\">3. Classificador de Arroz Branco <\/h3> <div class=\"rank-math-step-content\"><p>Nesta \u00e1rea, h\u00e1 duas camadas de peneiras que categorizam o arroz em tr\u00eas n\u00edveis: gr\u00e3os grandes inteiros, gr\u00e3os pequenos inteiros e arroz partido. Isso permite classificar o arroz de acordo com o tamanho e a forma, garantindo que cada saco de arroz tenha qualidade uniforme.<\/p> <\/div> <\/div> <\/div> <\/div>       <h2 class=\"wp-block-heading\">Instala\u00e7\u00e3o da F\u00e1brica de Beneficiamento de Arroz<\/h2>    <figure class=\"wp-block-gallery has-nested-images columns-default is-cropped wp-block-gallery-4 is-layout-flex wp-block-gallery-is-layout-flex\"> <figure class=\"wp-block-image size-large\"><img loading=\"lazy\" decoding=\"async\" width=\"720\" height=\"540\" data-id=\"15200\" src=\"https:\/\/www.agriculture-machine.com\/wp-content\/uploads\/2023\/11\/rice-mill-plant-installation-drawing.webp\" alt=\"desenho de instala\u00e7\u00e3o da f\u00e1brica de beneficiamento de arroz\" class=\"wp-image-15200\" srcset=\"https:\/\/www.agriculture-machine.com\/wp-content\/uploads\/2023\/11\/rice-mill-plant-installation-drawing.webp 720w, https:\/\/www.agriculture-machine.com\/wp-content\/uploads\/2023\/11\/rice-mill-plant-installation-drawing-360x270.webp 360w, https:\/\/www.agriculture-machine.com\/wp-content\/uploads\/2023\/11\/rice-mill-plant-installation-drawing-240x180.webp 240w\" sizes=\"auto, (max-width: 720px) 100vw, 720px\" \/><figcaption class=\"wp-element-caption\">desenho de instala\u00e7\u00e3o da f\u00e1brica de beneficiamento de arroz<\/figcaption><\/figure>    <figure class=\"wp-block-image size-large\"><img loading=\"lazy\" decoding=\"async\" width=\"720\" height=\"540\" data-id=\"15201\" src=\"https:\/\/www.agriculture-machine.com\/wp-content\/uploads\/2023\/11\/rice-mill-production-line-drawing.webp\" alt=\"desenho da linha de produ\u00e7\u00e3o de beneficiamento de arroz\" class=\"wp-image-15201\" srcset=\"https:\/\/www.agriculture-machine.com\/wp-content\/uploads\/2023\/11\/rice-mill-production-line-drawing.webp 720w, https:\/\/www.agriculture-machine.com\/wp-content\/uploads\/2023\/11\/rice-mill-production-line-drawing-360x270.webp 360w, https:\/\/www.agriculture-machine.com\/wp-content\/uploads\/2023\/11\/rice-mill-production-line-drawing-240x180.webp 240w\" sizes=\"auto, (max-width: 720px) 100vw, 720px\" \/><figcaption class=\"wp-element-caption\">desenho da linha de produ\u00e7\u00e3o de beneficiamento de arroz<\/figcaption><\/figure> <\/figure>    <h2 class=\"wp-block-heading\">Exibi\u00e7\u00e3o das M\u00e1quinas da F\u00e1brica Taizy<\/h2>    <p>Bem-vindo \u00e0 visita \u00e0 nossa f\u00e1brica de linha de produ\u00e7\u00e3o de beneficiamento de arroz, onde exibimos equipamentos de processamento de arroz eficientes e avan\u00e7ados.<\/p>    <figure class=\"wp-block-gallery has-nested-images columns-default is-cropped wp-block-gallery-5 is-layout-flex wp-block-gallery-is-layout-flex\"> <figure class=\"wp-block-image size-large\"><img loading=\"lazy\" decoding=\"async\" width=\"720\" height=\"540\" data-id=\"15202\" src=\"https:\/\/www.agriculture-machine.com\/wp-content\/uploads\/2023\/11\/rice-mill-machines-factory.webp\" alt=\"f\u00e1brica de m\u00e1quinas de beneficiamento de arroz\" class=\"wp-image-15202\" srcset=\"https:\/\/www.agriculture-machine.com\/wp-content\/uploads\/2023\/11\/rice-mill-machines-factory.webp 720w, https:\/\/www.agriculture-machine.com\/wp-content\/uploads\/2023\/11\/rice-mill-machines-factory-360x270.webp 360w, https:\/\/www.agriculture-machine.com\/wp-content\/uploads\/2023\/11\/rice-mill-machines-factory-240x180.webp 240w\" sizes=\"auto, (max-width: 720px) 100vw, 720px\" \/><figcaption class=\"wp-element-caption\">f\u00e1brica de m\u00e1quinas de beneficiamento de arroz<\/figcaption><\/figure>    <figure class=\"wp-block-image size-large\"><img loading=\"lazy\" decoding=\"async\" width=\"720\" height=\"540\" data-id=\"15203\" src=\"https:\/\/www.agriculture-machine.com\/wp-content\/uploads\/2023\/11\/rice-mill-production-line-packing-and-shipping-site.webp\" alt=\"local de embalagem e expedi\u00e7\u00e3o da linha de produ\u00e7\u00e3o de beneficiamento de arroz\" class=\"wp-image-15203\" srcset=\"https:\/\/www.agriculture-machine.com\/wp-content\/uploads\/2023\/11\/rice-mill-production-line-packing-and-shipping-site.webp 720w, https:\/\/www.agriculture-machine.com\/wp-content\/uploads\/2023\/11\/rice-mill-production-line-packing-and-shipping-site-360x270.webp 360w, https:\/\/www.agriculture-machine.com\/wp-content\/uploads\/2023\/11\/rice-mill-production-line-packing-and-shipping-site-240x180.webp 240w\" sizes=\"auto, (max-width: 720px) 100vw, 720px\" \/><figcaption class=\"wp-element-caption\">local de embalagem e expedi\u00e7\u00e3o da linha de produ\u00e7\u00e3o de beneficiamento de arroz<\/figcaption><\/figure> <\/figure>    <p>Ficamos \u00e0 sua disposi\u00e7\u00e3o para visitar a nossa f\u00e1brica a qualquer momento, experimentar a opera\u00e7\u00e3o eficiente da linha de produ\u00e7\u00e3o de beneficiamento de arroz e o charme da tecnologia avan\u00e7ada, o que lhe proporcionar\u00e1 uma compreens\u00e3o mais profunda do nosso processo de produ\u00e7\u00e3o e inova\u00e7\u00e3o tecnol\u00f3gica.<\/p>","protected":false},"excerpt":{"rendered":"<p>This rice mill production line begins with the standard 15TPD rice milling unit, whose main task is to hull, peel, and mill the grains to convert them into regular white rice. Next, the polishing machine comes into play, removing a layer of outer skin from the surface of the white rice by friction, making the [&hellip;]<\/p>\n","protected":false},"author":1,"featured_media":15193,"parent":0,"comment_status":"closed","ping_status":"closed","template":"","tags":[796],"product-type":[875,906],"class_list":["post-15188","product","type-product","status-publish","has-post-thumbnail","hentry","tag-rice","product-type-rice-mill-category","product-type-rice-mill-production-line"],"_links":{"self":[{"href":"https:\/\/www.agriculture-machine.com\/pt\/wp-json\/wp\/v2\/product\/15188","targetHints":{"allow":["GET"]}}],"collection":[{"href":"https:\/\/www.agriculture-machine.com\/pt\/wp-json\/wp\/v2\/product"}],"about":[{"href":"https:\/\/www.agriculture-machine.com\/pt\/wp-json\/wp\/v2\/types\/product"}],"author":[{"embeddable":true,"href":"https:\/\/www.agriculture-machine.com\/pt\/wp-json\/wp\/v2\/users\/1"}],"replies":[{"embeddable":true,"href":"https:\/\/www.agriculture-machine.com\/pt\/wp-json\/wp\/v2\/comments?post=15188"}],"wp:featuredmedia":[{"embeddable":true,"href":"https:\/\/www.agriculture-machine.com\/pt\/wp-json\/wp\/v2\/media\/15193"}],"wp:attachment":[{"href":"https:\/\/www.agriculture-machine.com\/pt\/wp-json\/wp\/v2\/media?parent=15188"}],"wp:term":[{"taxonomy":"post_tag","embeddable":true,"href":"https:\/\/www.agriculture-machine.com\/pt\/wp-json\/wp\/v2\/tags?post=15188"},{"taxonomy":"product-type","embeddable":true,"href":"https:\/\/www.agriculture-machine.com\/pt\/wp-json\/wp\/v2\/product-type?post=15188"}],"curies":[{"name":"wp","href":"https:\/\/api.w.org\/{rel}","templated":true}]}}