{"id":15191,"date":"2023-11-17T11:23:54","date_gmt":"2023-11-17T03:23:54","guid":{"rendered":"https:\/\/www.agriculture-machine.com\/?post_type=product&#038;p=15191"},"modified":"2024-09-18T15:42:45","modified_gmt":"2024-09-18T07:42:45","slug":"rice-processing-line","status":"publish","type":"product","link":"https:\/\/www.agriculture-machine.com\/pt\/rice-processing-line\/","title":{"rendered":"Linha de processamento de arroz de 15TPD aprimorada com classifica\u00e7\u00e3o de cor e m\u00e1quinas de embalagem\u2026"},"content":{"rendered":"<p class=\"translation-block\">Esta linha avan\u00e7ada de processamento de arroz, formada por <strong><a href=\"https:\/\/www.agriculture-machine.com\/pt\/rice-mill-production-line\/\">atualiza\u00e7\u00e3o da unidade de moagem de arroz<\/a><\/strong> mais o classificador de cor e a m\u00e1quina de embalagem, \u00e9 uma solu\u00e7\u00e3o abrangente para melhorar a qualidade e a efici\u00eancia do processamento de arroz.<\/p>    <p>O classificador de cor inspeciona inteligentemente os gr\u00e3os de arroz atrav\u00e9s de tecnologia \u00f3tica para garantir uma cor, forma e qualidade mais consistentes do produto final. Por fim, a m\u00e1quina de embalagem embala automaticamente o arroz processado e inspecionado para manter a frescura do produto.<\/p>    <p>Esta linha de produ\u00e7\u00e3o otimiza a apar\u00eancia e a qualidade do produto, trazendo um n\u00edvel mais elevado de automa\u00e7\u00e3o e produ\u00e7\u00e3o padronizada para a ind\u00fastria de processamento de arroz.<\/p>    <figure class=\"wp-block-gallery has-nested-images columns-default is-cropped wp-block-gallery-2 is-layout-flex wp-block-gallery-is-layout-flex\"> <figure class=\"wp-block-image size-large\"><img loading=\"lazy\" decoding=\"async\" width=\"720\" height=\"540\" data-id=\"15205\" src=\"https:\/\/www.agriculture-machine.com\/wp-content\/uploads\/2023\/11\/rice-processing-line-for-sale.webp\" alt=\"linha de processamento de arroz \u00e0 venda\" class=\"wp-image-15205\" srcset=\"https:\/\/www.agriculture-machine.com\/wp-content\/uploads\/2023\/11\/rice-processing-line-for-sale.webp 720w, https:\/\/www.agriculture-machine.com\/wp-content\/uploads\/2023\/11\/rice-processing-line-for-sale-360x270.webp 360w, https:\/\/www.agriculture-machine.com\/wp-content\/uploads\/2023\/11\/rice-processing-line-for-sale-240x180.webp 240w\" sizes=\"auto, (max-width: 720px) 100vw, 720px\" \/><figcaption class=\"wp-element-caption\">linha de processamento de arroz \u00e0 venda<\/figcaption><\/figure>    <figure class=\"wp-block-image size-full\"><img loading=\"lazy\" decoding=\"async\" width=\"720\" height=\"540\" data-id=\"15219\" src=\"https:\/\/www.agriculture-machine.com\/wp-content\/uploads\/2023\/11\/rice-mill-machine-application-1.webp\" alt=\"Aplica\u00e7\u00e3o da m\u00e1quina de moagem de arroz\" class=\"wp-image-15219\" srcset=\"https:\/\/www.agriculture-machine.com\/wp-content\/uploads\/2023\/11\/rice-mill-machine-application-1.webp 720w, https:\/\/www.agriculture-machine.com\/wp-content\/uploads\/2023\/11\/rice-mill-machine-application-1-360x270.webp 360w, https:\/\/www.agriculture-machine.com\/wp-content\/uploads\/2023\/11\/rice-mill-machine-application-1-240x180.webp 240w\" sizes=\"auto, (max-width: 720px) 100vw, 720px\" \/><figcaption class=\"wp-element-caption\">Aplica\u00e7\u00e3o da m\u00e1quina de moagem de arroz<\/figcaption><\/figure> <\/figure>    <h2 class=\"wp-block-heading\">Estrutura principal da linha de processamento de arroz<\/h2>    <figure class=\"wp-block-image size-full\"><img loading=\"lazy\" decoding=\"async\" width=\"720\" height=\"540\" src=\"https:\/\/www.agriculture-machine.com\/wp-content\/uploads\/2023\/11\/integrated-rice-mill-unit-structure.webp\" alt=\"Estrutura integrada da unidade de moagem de arroz\" class=\"wp-image-15206\" srcset=\"https:\/\/www.agriculture-machine.com\/wp-content\/uploads\/2023\/11\/integrated-rice-mill-unit-structure.webp 720w, https:\/\/www.agriculture-machine.com\/wp-content\/uploads\/2023\/11\/integrated-rice-mill-unit-structure-360x270.webp 360w, https:\/\/www.agriculture-machine.com\/wp-content\/uploads\/2023\/11\/integrated-rice-mill-unit-structure-240x180.webp 240w\" sizes=\"auto, (max-width: 720px) 100vw, 720px\" \/><figcaption class=\"wp-element-caption\">Estrutura integrada da unidade de moagem de arroz<\/figcaption><\/figure>    <h2 class=\"wp-block-heading\">Fluxo de trabalho do equipamento de processamento de arroz branco<\/h2>   <div id=\"rank-math-howto\" class=\"rank-math-block\" > <div class=\"rank-math-howto-description\">  <\/div>  <div class=\"rank-math-steps\"> <div id=\"howto-step-1700127739794\" class=\"rank-math-step\"> <h3 class=\"rank-math-step-title\">1. Etapa de processamento prim\u00e1rio do arroz<\/h3> <div class=\"rank-math-step-content\"><p>O arroz parboilizado \u00e9 primeiro removido de grandes palhas e pedras, depois descascado, seguido de moagem e moagem secund\u00e1ria (branqueador de arroz) e classifica\u00e7\u00e3o do arroz branco.<\/p> <\/div> <\/div> <div id=\"howto-step-1700128013016\" class=\"rank-math-step\"> <h3 class=\"rank-math-step-title\">2. Etapa de classifica\u00e7\u00e3o de cor<\/h3> <div class=\"rank-math-step-content\"><p>O classificador de cor usa tecnologia \u00f3ptica avan\u00e7ada para detectar inteligentemente impurezas e part\u00edculas inferiores na farinha de arroz. Com base nos resultados da detec\u00e7\u00e3o, o classificador de cor automaticamente separa os gr\u00e3os de arroz com diferen\u00e7as de cor ou produtos inferiores para garantir a cor e a qualidade dos produtos finais.<\/p> <\/div> <\/div> <div id=\"howto-step-1700128062546\" class=\"rank-math-step\"> <h3 class=\"rank-math-step-title\">3. Etapa de embalagem<\/h3> <div class=\"rank-math-step-content\"><p>O arroz branco de alta qualidade e qualificado \u00e9 conduzido at\u00e9 a m\u00e1quina de embalagem. A m\u00e1quina de embalagem mede e embala de acordo com os par\u00e2metros predefinidos, realizando um processo de embalagem automatizado. Ap\u00f3s a embalagem, o produto final pode ser rotulado e encapsulado, sendo enviado ao armaz\u00e9m ou ao mercado.<\/p> <\/div> <\/div> <\/div> <\/div>       <figure class=\"wp-block-gallery has-nested-images columns-default is-cropped wp-block-gallery-3 is-layout-flex wp-block-gallery-is-layout-flex\"> <figure class=\"wp-block-image size-large\"><img loading=\"lazy\" decoding=\"async\" width=\"720\" height=\"540\" data-id=\"15208\" src=\"https:\/\/www.agriculture-machine.com\/wp-content\/uploads\/2023\/11\/rice-processing-line.webp\" alt=\"linha de processamento de arroz\" class=\"wp-image-15208\" srcset=\"https:\/\/www.agriculture-machine.com\/wp-content\/uploads\/2023\/11\/rice-processing-line.webp 720w, https:\/\/www.agriculture-machine.com\/wp-content\/uploads\/2023\/11\/rice-processing-line-360x270.webp 360w, https:\/\/www.agriculture-machine.com\/wp-content\/uploads\/2023\/11\/rice-processing-line-240x180.webp 240w\" sizes=\"auto, (max-width: 720px) 100vw, 720px\" \/><figcaption class=\"wp-element-caption\">linha de processamento de arroz<\/figcaption><\/figure>    <figure class=\"wp-block-image size-large\"><img loading=\"lazy\" decoding=\"async\" width=\"720\" height=\"540\" data-id=\"15207\" src=\"https:\/\/www.agriculture-machine.com\/wp-content\/uploads\/2023\/11\/paddy-rice-processing-production-line.webp\" alt=\"Linha de produ\u00e7\u00e3o de processamento de arroz parboilizado\" class=\"wp-image-15207\" srcset=\"https:\/\/www.agriculture-machine.com\/wp-content\/uploads\/2023\/11\/paddy-rice-processing-production-line.webp 720w, https:\/\/www.agriculture-machine.com\/wp-content\/uploads\/2023\/11\/paddy-rice-processing-production-line-360x270.webp 360w, https:\/\/www.agriculture-machine.com\/wp-content\/uploads\/2023\/11\/paddy-rice-processing-production-line-240x180.webp 240w\" sizes=\"auto, (max-width: 720px) 100vw, 720px\" \/><figcaption class=\"wp-element-caption\">Linha de produ\u00e7\u00e3o de processamento de arroz parboilizado<\/figcaption><\/figure> <\/figure>    <h2 class=\"wp-block-heading\">Princ\u00edpio de funcionamento do classificador de cor na linha de processamento de arroz<\/h2>    <ul class=\"wp-block-list\"> <li>A classifica\u00e7\u00e3o de cor \u00e9 uma opera\u00e7\u00e3o que usa fotoeletricidade para detectar e separar indiv\u00edduos (gr\u00e3os, blocos ou bolas) e inclus\u00f5es estranhas que tenham cor anormal ou estejam infestados por pragas e doen\u00e7as de uma grande quantidade de produtos a granel.<\/li>    <li>O processo de armazenamento, devido ao calor e outros motivos, far\u00e1 com que parte do arroz deteriorar, tornando-se arroz de gr\u00e3o amarelo. O arroz de gr\u00e3o amarelo cont\u00e9m ingredientes nocivos, o arroz final contendo arroz de gr\u00e3o amarelo n\u00e3o s\u00f3 afeta o valor comercial do arroz, mas tamb\u00e9m a sa\u00fade dos consumidores, devendo ser removido o m\u00e1ximo poss\u00edvel.<\/li>    <li>Devido ao arroz de gr\u00e3o amarelo e ao arroz branco normal sem caracter\u00edsticas f\u00edsicas gerais, a diferen\u00e7a entre o arroz de gr\u00e3o amarelo e o arroz branco s\u00f3 pode ser usada entre a cor e diferen\u00e7as de refletividade, com m\u00e9todos e equipamentos de colorimetria fotoel\u00e9trica removidos. A diferen\u00e7a de cor tamb\u00e9m pode ser usada para remover gr\u00e3os de cor estrangeira, como pequenos peda\u00e7os de vidro e cinzas misturados no arroz.<\/li> <\/ul>    <figure class=\"wp-block-gallery has-nested-images columns-default is-cropped wp-block-gallery-4 is-layout-flex wp-block-gallery-is-layout-flex\"> <figure class=\"wp-block-image size-large\"><img loading=\"lazy\" decoding=\"async\" width=\"720\" height=\"540\" data-id=\"15209\" src=\"https:\/\/www.agriculture-machine.com\/wp-content\/uploads\/2023\/11\/color-sorter.webp\" alt=\"classificador de cor\" class=\"wp-image-15209\" srcset=\"https:\/\/www.agriculture-machine.com\/wp-content\/uploads\/2023\/11\/color-sorter.webp 720w, https:\/\/www.agriculture-machine.com\/wp-content\/uploads\/2023\/11\/color-sorter-360x270.webp 360w, https:\/\/www.agriculture-machine.com\/wp-content\/uploads\/2023\/11\/color-sorter-240x180.webp 240w\" sizes=\"auto, (max-width: 720px) 100vw, 720px\" \/><figcaption class=\"wp-element-caption\">classificador de cor<\/figcaption><\/figure>    <figure class=\"wp-block-image size-large\"><img loading=\"lazy\" decoding=\"async\" width=\"720\" height=\"540\" data-id=\"15210\" src=\"https:\/\/www.agriculture-machine.com\/wp-content\/uploads\/2023\/11\/rice-color-sorting-machine.webp\" alt=\"m\u00e1quina de classifica\u00e7\u00e3o de cor do arroz\" class=\"wp-image-15210\" srcset=\"https:\/\/www.agriculture-machine.com\/wp-content\/uploads\/2023\/11\/rice-color-sorting-machine.webp 720w, https:\/\/www.agriculture-machine.com\/wp-content\/uploads\/2023\/11\/rice-color-sorting-machine-360x270.webp 360w, https:\/\/www.agriculture-machine.com\/wp-content\/uploads\/2023\/11\/rice-color-sorting-machine-240x180.webp 240w\" sizes=\"auto, (max-width: 720px) 100vw, 720px\" \/><figcaption class=\"wp-element-caption\">m\u00e1quina de classifica\u00e7\u00e3o de cor do arroz<\/figcaption><\/figure> <\/figure>    <figure class=\"wp-block-gallery has-nested-images columns-default is-cropped wp-block-gallery-5 is-layout-flex wp-block-gallery-is-layout-flex\"> <figure class=\"wp-block-image size-large\"><img loading=\"lazy\" decoding=\"async\" width=\"720\" height=\"540\" data-id=\"15215\" src=\"https:\/\/www.agriculture-machine.com\/wp-content\/uploads\/2023\/11\/automatic-rice-milling-plant.webp\" alt=\"F\u00e1brica de planta de moagem de arroz autom\u00e1tica\" class=\"wp-image-15215\" srcset=\"https:\/\/www.agriculture-machine.com\/wp-content\/uploads\/2023\/11\/automatic-rice-milling-plant.webp 720w, https:\/\/www.agriculture-machine.com\/wp-content\/uploads\/2023\/11\/automatic-rice-milling-plant-360x270.webp 360w, https:\/\/www.agriculture-machine.com\/wp-content\/uploads\/2023\/11\/automatic-rice-milling-plant-240x180.webp 240w\" sizes=\"auto, (max-width: 720px) 100vw, 720px\" \/><figcaption class=\"wp-element-caption\">F\u00e1brica de planta de moagem de arroz autom\u00e1tica<\/figcaption><\/figure>    <figure class=\"wp-block-image size-large\"><img loading=\"lazy\" decoding=\"async\" width=\"720\" height=\"540\" data-id=\"15216\" src=\"https:\/\/www.agriculture-machine.com\/wp-content\/uploads\/2023\/11\/complete-paddy-rice-milling-line.webp\" alt=\"linha completa de moagem de arroz parboilizado\" class=\"wp-image-15216\" srcset=\"https:\/\/www.agriculture-machine.com\/wp-content\/uploads\/2023\/11\/complete-paddy-rice-milling-line.webp 720w, https:\/\/www.agriculture-machine.com\/wp-content\/uploads\/2023\/11\/complete-paddy-rice-milling-line-360x270.webp 360w, https:\/\/www.agriculture-machine.com\/wp-content\/uploads\/2023\/11\/complete-paddy-rice-milling-line-240x180.webp 240w\" sizes=\"auto, (max-width: 720px) 100vw, 720px\" \/><figcaption class=\"wp-element-caption\">linha completa de moagem de arroz parboilizado<\/figcaption><\/figure> <\/figure>    <h2 class=\"wp-block-heading\">Mostru\u00e1rio de pe\u00e7as de reposi\u00e7\u00e3o do unidade de moagem de arroz parboilizado<\/h2>    <p>Para a linha de processamento de arroz com maior intensidade de trabalho, para melhor manter a m\u00e1quina e prolongar sua vida \u00fatil, as pe\u00e7as de desgaste precisam ser substitu\u00eddas regularmente. As pe\u00e7as podem ser adquiridas com descontos.<\/p>    <figure class=\"wp-block-gallery has-nested-images columns-default is-cropped wp-block-gallery-6 is-layout-flex wp-block-gallery-is-layout-flex\"> <figure class=\"wp-block-image size-large\"><img loading=\"lazy\" decoding=\"async\" width=\"720\" height=\"540\" data-id=\"15211\" src=\"https:\/\/www.agriculture-machine.com\/wp-content\/uploads\/2023\/11\/iron-roller.webp\" alt=\"rolo de ferro\" class=\"wp-image-15211\" srcset=\"https:\/\/www.agriculture-machine.com\/wp-content\/uploads\/2023\/11\/iron-roller.webp 720w, https:\/\/www.agriculture-machine.com\/wp-content\/uploads\/2023\/11\/iron-roller-360x270.webp 360w, https:\/\/www.agriculture-machine.com\/wp-content\/uploads\/2023\/11\/iron-roller-240x180.webp 240w\" sizes=\"auto, (max-width: 720px) 100vw, 720px\" \/><figcaption class=\"wp-element-caption\">rolo de ferro<\/figcaption><\/figure>    <figure class=\"wp-block-image size-large\"><img loading=\"lazy\" decoding=\"async\" width=\"720\" height=\"540\" data-id=\"15212\" src=\"https:\/\/www.agriculture-machine.com\/wp-content\/uploads\/2023\/11\/polisher-Emery-roller.webp\" alt=\"rolo de polimento de esmeril\" class=\"wp-image-15212\" srcset=\"https:\/\/www.agriculture-machine.com\/wp-content\/uploads\/2023\/11\/polisher-Emery-roller.webp 720w, https:\/\/www.agriculture-machine.com\/wp-content\/uploads\/2023\/11\/polisher-Emery-roller-360x270.webp 360w, https:\/\/www.agriculture-machine.com\/wp-content\/uploads\/2023\/11\/polisher-Emery-roller-240x180.webp 240w\" sizes=\"auto, (max-width: 720px) 100vw, 720px\" \/><figcaption class=\"wp-element-caption\">rolo de polimento de esmeril<\/figcaption><\/figure> <\/figure>    <p class=\"translation-block\">Entre elas, existem dois tipos de m\u00e1quinas de polimento dispon\u00edveis, rolos de ferro e rolos de esmeril. A diferen\u00e7a entre eles \u00e9 que o <strong>rolo de ferro<\/strong> \u00e9 adequado para arroz redondo, e o produto final \u00e9 mais brilhante, mas o arroz \u00e9 f\u00e1cil de quebrar; o <strong>rolo de esmeril<\/strong> \u00e9 mais adequado para arroz longo, sua resist\u00eancia \u00e9 relativamente menor, e o arroz obtido n\u00e3o \u00e9 f\u00e1cil de quebrar. Deve-se notar que esses dois rolos podem ser usados por mais tempo em compara\u00e7\u00e3o com outras pe\u00e7as de desgaste.<\/p>    <h2 class=\"wp-block-heading\">Mostru\u00e1rio de m\u00e1quinas de linha de processamento de arroz<\/h2>    <figure class=\"wp-block-gallery has-nested-images columns-default is-cropped wp-block-gallery-7 is-layout-flex wp-block-gallery-is-layout-flex\"> <figure class=\"wp-block-image size-large\"><img loading=\"lazy\" decoding=\"async\" width=\"720\" height=\"540\" data-id=\"15214\" src=\"https:\/\/www.agriculture-machine.com\/wp-content\/uploads\/2023\/11\/rice-processing-line-factory-show.webp\" alt=\"Mostru\u00e1rio da f\u00e1brica de linha de processamento de arroz\" class=\"wp-image-15214\" srcset=\"https:\/\/www.agriculture-machine.com\/wp-content\/uploads\/2023\/11\/rice-processing-line-factory-show.webp 720w, https:\/\/www.agriculture-machine.com\/wp-content\/uploads\/2023\/11\/rice-processing-line-factory-show-360x270.webp 360w, https:\/\/www.agriculture-machine.com\/wp-content\/uploads\/2023\/11\/rice-processing-line-factory-show-240x180.webp 240w\" sizes=\"auto, (max-width: 720px) 100vw, 720px\" \/><figcaption class=\"wp-element-caption\">Mostru\u00e1rio da f\u00e1brica de linha de processamento de arroz<\/figcaption><\/figure>    <figure class=\"wp-block-image size-large\"><img loading=\"lazy\" decoding=\"async\" width=\"720\" height=\"540\" data-id=\"15213\" src=\"https:\/\/www.agriculture-machine.com\/wp-content\/uploads\/2023\/11\/paddy-processing-line-factory.webp\" alt=\"f\u00e1brica de linha de processamento de arroz parboilizado\" class=\"wp-image-15213\" srcset=\"https:\/\/www.agriculture-machine.com\/wp-content\/uploads\/2023\/11\/paddy-processing-line-factory.webp 720w, https:\/\/www.agriculture-machine.com\/wp-content\/uploads\/2023\/11\/paddy-processing-line-factory-360x270.webp 360w, https:\/\/www.agriculture-machine.com\/wp-content\/uploads\/2023\/11\/paddy-processing-line-factory-240x180.webp 240w\" sizes=\"auto, (max-width: 720px) 100vw, 720px\" \/><figcaption class=\"wp-element-caption\">f\u00e1brica de linha de processamento de arroz parboilizado<\/figcaption><\/figure> <\/figure>    <p>Nossa f\u00e1brica possui uma exibi\u00e7\u00e3o de estoque, bem-vindo \u00e0 visita \u00e0 nossa linha de produ\u00e7\u00e3o de unidade de moagem de arroz avan\u00e7ada e atualizada, esperamos cooperar com voc\u00ea. Al\u00e9m disso, se tiver alguma d\u00favida sobre a m\u00e1quina, sinta-se \u00e0 vontade para nos contactar.<\/p>","protected":false},"excerpt":{"rendered":"<p>This advanced rice processing line formed by upgrading the rice milling unit plus the color sorter and packaging machine is a comprehensive solution to improve the quality and efficiency of rice processing. The color sorter intelligently screens the rice grains through optical technology to ensure more consistent color, shape, and quality of the finished product. [&hellip;]<\/p>\n","protected":false},"author":1,"featured_media":15204,"parent":0,"comment_status":"closed","ping_status":"closed","template":"","tags":[796],"product-type":[875,906],"class_list":["post-15191","product","type-product","status-publish","has-post-thumbnail","hentry","tag-rice","product-type-rice-mill-category","product-type-rice-mill-production-line"],"_links":{"self":[{"href":"https:\/\/www.agriculture-machine.com\/pt\/wp-json\/wp\/v2\/product\/15191","targetHints":{"allow":["GET"]}}],"collection":[{"href":"https:\/\/www.agriculture-machine.com\/pt\/wp-json\/wp\/v2\/product"}],"about":[{"href":"https:\/\/www.agriculture-machine.com\/pt\/wp-json\/wp\/v2\/types\/product"}],"author":[{"embeddable":true,"href":"https:\/\/www.agriculture-machine.com\/pt\/wp-json\/wp\/v2\/users\/1"}],"replies":[{"embeddable":true,"href":"https:\/\/www.agriculture-machine.com\/pt\/wp-json\/wp\/v2\/comments?post=15191"}],"wp:featuredmedia":[{"embeddable":true,"href":"https:\/\/www.agriculture-machine.com\/pt\/wp-json\/wp\/v2\/media\/15204"}],"wp:attachment":[{"href":"https:\/\/www.agriculture-machine.com\/pt\/wp-json\/wp\/v2\/media?parent=15191"}],"wp:term":[{"taxonomy":"post_tag","embeddable":true,"href":"https:\/\/www.agriculture-machine.com\/pt\/wp-json\/wp\/v2\/tags?post=15191"},{"taxonomy":"product-type","embeddable":true,"href":"https:\/\/www.agriculture-machine.com\/pt\/wp-json\/wp\/v2\/product-type?post=15191"}],"curies":[{"name":"wp","href":"https:\/\/api.w.org\/{rel}","templated":true}]}}