{"id":15220,"date":"2023-11-20T11:46:30","date_gmt":"2023-11-20T03:46:30","guid":{"rendered":"https:\/\/www.agriculture-machine.com\/?post_type=product&#038;p=15220"},"modified":"2024-09-18T16:04:46","modified_gmt":"2024-09-18T08:04:46","slug":"rice-mill-line","status":"publish","type":"product","link":"https:\/\/www.agriculture-machine.com\/pt\/rice-mill-line\/","title":{"rendered":"Linha de moagem de arroz de padr\u00e3o elevado de 15TPD com polidor de \u00e1gua e recipiente de armazenamento"},"content":{"rendered":"<p class=\"translation-block\">Welcome to our upgraded rice mill line&#8217;s advanced production plant, which combines color sorting and packaging machines with a high-standard water polishing machine and intelligent storage bin to provide you with the ultimate <strong><a href=\"https:\/\/www.agriculture-machine.com\/pt\/rice-mill-category\/\">rice processing experience<\/a><\/strong>.<\/p>    <figure class=\"wp-block-gallery has-nested-images columns-default is-cropped wp-block-gallery-2 is-layout-flex wp-block-gallery-is-layout-flex\"> <figure class=\"wp-block-image size-large\"><img loading=\"lazy\" decoding=\"async\" width=\"720\" height=\"540\" data-id=\"15222\" src=\"https:\/\/www.agriculture-machine.com\/wp-content\/uploads\/2023\/11\/rice-mill-line-for-sale.webp\" alt=\"linha de moinho de arroz \u00e0 venda\" class=\"wp-image-15222\" srcset=\"https:\/\/www.agriculture-machine.com\/wp-content\/uploads\/2023\/11\/rice-mill-line-for-sale.webp 720w, https:\/\/www.agriculture-machine.com\/wp-content\/uploads\/2023\/11\/rice-mill-line-for-sale-360x270.webp 360w, https:\/\/www.agriculture-machine.com\/wp-content\/uploads\/2023\/11\/rice-mill-line-for-sale-240x180.webp 240w\" sizes=\"auto, (max-width: 720px) 100vw, 720px\" \/><figcaption class=\"wp-element-caption\">linha de moinho de arroz \u00e0 venda<\/figcaption><\/figure>    <figure class=\"wp-block-image size-large\"><img loading=\"lazy\" decoding=\"async\" width=\"720\" height=\"540\" data-id=\"15223\" src=\"https:\/\/www.agriculture-machine.com\/wp-content\/uploads\/2023\/11\/united-rice-mill.webp\" alt=\"moinho de arroz unido\" class=\"wp-image-15223\" srcset=\"https:\/\/www.agriculture-machine.com\/wp-content\/uploads\/2023\/11\/united-rice-mill.webp 720w, https:\/\/www.agriculture-machine.com\/wp-content\/uploads\/2023\/11\/united-rice-mill-360x270.webp 360w, https:\/\/www.agriculture-machine.com\/wp-content\/uploads\/2023\/11\/united-rice-mill-240x180.webp 240w\" sizes=\"auto, (max-width: 720px) 100vw, 720px\" \/><figcaption class=\"wp-element-caption\">moinho de arroz unido<\/figcaption><\/figure> <\/figure>    <h2 class=\"wp-block-heading\">Linha de usinagem de arroz 15TPD de padr\u00e3o elevado<\/h2>    <p class=\"translation-block\"><strong>1. Pe\u00e7as Necess\u00e1rias: (precisa comprar todas)<\/strong><\/p>    <p>Pre-cleaner&#8212; Destoner&#8212; Paddy Husker&#8211; Gravity Separator &#8212;-Rice Mill&#8212;<\/p>    <p class=\"translation-block\"><strong>2. Pe\u00e7as opcionais: (pode escolher uma ou mais das seguintes m\u00e1quinas conforme o seu or\u00e7amento)<\/strong><\/p>    <p>Rice Polisher&#8212;Rice Grader&#8212;-Color Sorter&#8212;Storage Bin &#8212;Weighting and Packing Scale<\/p>    <p class=\"translation-block\"><strong>Resultado: quanto mais m\u00e1quinas comprar, maior ser\u00e1 a brancura e suavidade do arroz.<\/strong><\/p>    <figure class=\"wp-block-image size-full\"><img loading=\"lazy\" decoding=\"async\" width=\"720\" height=\"540\" src=\"https:\/\/www.agriculture-machine.com\/wp-content\/uploads\/2023\/11\/rice-mill-line-main-structure.webp\" alt=\"estrutura principal da linha de moinho de arroz\" class=\"wp-image-15224\" srcset=\"https:\/\/www.agriculture-machine.com\/wp-content\/uploads\/2023\/11\/rice-mill-line-main-structure.webp 720w, https:\/\/www.agriculture-machine.com\/wp-content\/uploads\/2023\/11\/rice-mill-line-main-structure-360x270.webp 360w, https:\/\/www.agriculture-machine.com\/wp-content\/uploads\/2023\/11\/rice-mill-line-main-structure-240x180.webp 240w\" sizes=\"auto, (max-width: 720px) 100vw, 720px\" \/><figcaption class=\"wp-element-caption\">estrutura principal da linha de moinho de arroz<\/figcaption><\/figure>    <h2 class=\"wp-block-heading\"><strong>Solu\u00e7\u00e3o para Linha de Moinho de Arroz 600-800 kg\/h<\/strong><\/h2>    <figure class=\"wp-block-table is-style-stripes\"><table><tbody><tr><td><strong>Especifica\u00e7\u00e3o<\/strong><strong><\/strong><\/td><td><strong>&nbsp;Fun\u00e7\u00e3o <\/strong><strong><\/strong><\/td><\/tr><tr><td><strong>Casqueador de arroz paddy <\/strong><br>Modelo: LG15Power:5,5 kW<\/td><td>Separar o arroz pardo do palha pela diferen\u00e7a de gravidade e atrito de superf\u00edcie<\/td><\/tr><tr><td><strong>Pr\u00e9-limpador de arroz paddy <\/strong><br>Modelo: SCQY40 Pot\u00eancia:0,75 3\u00a0\u00a0<\/td><td>Principalmente para remover a pedra no palha, mas tamb\u00e9m remover alguma palha maior que o arroz de palha e areia ou p\u00f3 menor que o arroz de palha.<\/td><\/tr><tr><td><strong>Casqueador de arroz paddy <\/strong><br>Modelo: LG15 Pot\u00eancia: 5,5 kW<\/td><td>Remover o exterior da casca para obter arroz marrom<\/td><\/tr><tr><td><strong>Separador de arroz por gravidade<\/strong><br>Modelo:MGCZ70*5 Pot\u00eancia:0,75 kW \u00a0\u00a0<\/td><td>Usar o 2\u00ba moinho de arroz para obter arroz mais branco e reduzir a taxa de quebras.<\/td><\/tr><tr><td><strong>Primeiro Moinho de Arroz<\/strong>\u00a0<br>Modelo:NS150 Pot\u00eancia:15 kW \u00a0\u00a0\u00a0\u00a0\u00a0\u00a0<\/td><td>Usar o 1\u00ba moinho de arroz para remover a casca marrom para obter arroz branco<\/td><\/tr><tr><td><strong>Separador Magn\u00e9tico<\/strong><\/td><td>Remover pequenos metais do arroz<\/td><\/tr><tr><td><strong>Polidor de Arroz com \u00e1gua <\/strong><br>Modelo: MP12.5 Pot\u00eancia:15 kW 4 kW<\/td><td>Selecionar outras cores de arroz ou arroz mofado do arroz branco.<\/td><\/tr><tr><td><strong>Polidor de Arroz com \u00e1gua<\/strong><br>Modelo: MP12.5 Pot\u00eancia:15 kW 4 kW<\/td><td>Polir o arroz branco com \u00e1gua pulverizada, tornando-o mais branco e leve.<\/td><\/tr><tr><td><strong>Color Sorter<\/strong><br>Modelo:6SXM-64(CCD) Pot\u00eancia:1,5 kW \u00a0<strong>\u00a0<\/strong><\/td><td>Obter arroz inteiro em 2 categorias e separar arroz inteiro de quebrado.<\/td><\/tr><tr><td><strong>Classificador de Arroz Branco<\/strong><br>Modelo:MMJP50X2 Pot\u00eancia:0,35 kW \u00a0<\/td><td>O arroz acabado pode permanecer no silo por um longo tempo, sem necessidade de uma pessoa a trabalhar junto da m\u00e1quina de embalagem sem parar. Se quiser poupar m\u00e3o de obra, podemos instalar um silo de armazenamento antes da m\u00e1quina de embalagem.\u00a0<\/td><\/tr><tr><td><strong>Silo de Armazenamento e Elevador<\/strong><br>Volume:3 toneladas<strong>\u00a0\u00a0<\/strong><\/td><td>Para remover p\u00f3, casca de arroz e outras impurezas pequenas<\/td><\/tr><tr><td><strong>M\u00e1quina de Pesagem e Embalagem <\/strong><br>Modelo: DCS-50 Pot\u00eancia: 0,37 0,37 kW<\/td><td>Pesagem, enchimento na saco e costura do saco. Alcance de pesagem: 5-50 kg \u00a0\u00a0\u00a0<\/td><\/tr><tr><td><strong>Classificador de Arroz Branco<\/strong><br>Modelo: MMJP50X2 Pot\u00eancia:0,35 kW \u00a0<\/td><td>Usado para conectar todas as m\u00e1quinas a trabalharem em conjunto<\/td><\/tr><tr><td><strong>Tubos de exaust\u00e3o de p\u00f3 e ciclone e outros pequenos acess\u00f3rios<\/strong><\/td><td>Para remover p\u00f3, casca de arroz e outras impurezas pequenas<\/td><\/tr><tr><td><strong>Cabine El\u00e9trica <\/strong>\u00a0<\/td><td>F\u00e1cil e seguro de operar \u00a0<\/td><\/tr><tr><td><strong>Ferramentas<\/strong><\/td><td>Ferramentas para instala\u00e7\u00e3o e manuten\u00e7\u00e3o<\/td><\/tr><\/tbody><\/table><\/figure>    <h2 class=\"wp-block-heading\">Porqu\u00ea Usar uma M\u00e1quina Polidora de \u00c1gua<\/h2>    <ul class=\"wp-block-list\"> <li>O polidor de \u00e1gua e a m\u00e1quina de moagem de arroz parecem muito semelhantes, a principal diferen\u00e7a \u00e9 que a m\u00e1quina de polimento com n\u00e9voa de \u00e1gua est\u00e1 equipada com uma mangueira de \u00e1gua, uma bomba de \u00e1gua e um balde de \u00e1gua. <\/li>    <li>A m\u00e1quina de moagem de arroz pode usar rolos de ferro ou rolos de esmeril; o polidor de \u00e1gua usa rolos de ferro. A fun\u00e7\u00e3o \u00e9 principalmente com uma fina n\u00e9voa de \u00e1gua para tornar o arroz mais suave e branco.<\/li> <\/ul>    <figure class=\"wp-block-gallery has-nested-images columns-default is-cropped wp-block-gallery-3 is-layout-flex wp-block-gallery-is-layout-flex\"> <figure class=\"wp-block-image size-large\"><img loading=\"lazy\" decoding=\"async\" width=\"720\" height=\"540\" data-id=\"15225\" src=\"https:\/\/www.agriculture-machine.com\/wp-content\/uploads\/2023\/11\/integrated-rice-milling-unit.webp\" alt=\"unidade integrada de beneficiamento de arroz\" class=\"wp-image-15225\" srcset=\"https:\/\/www.agriculture-machine.com\/wp-content\/uploads\/2023\/11\/integrated-rice-milling-unit.webp 720w, https:\/\/www.agriculture-machine.com\/wp-content\/uploads\/2023\/11\/integrated-rice-milling-unit-360x270.webp 360w, https:\/\/www.agriculture-machine.com\/wp-content\/uploads\/2023\/11\/integrated-rice-milling-unit-240x180.webp 240w\" sizes=\"auto, (max-width: 720px) 100vw, 720px\" \/><figcaption class=\"wp-element-caption\">unidade integrada de beneficiamento de arroz<\/figcaption><\/figure>    <figure class=\"wp-block-image size-large\"><img loading=\"lazy\" decoding=\"async\" width=\"720\" height=\"540\" data-id=\"15226\" src=\"https:\/\/www.agriculture-machine.com\/wp-content\/uploads\/2023\/11\/paddy-processing-unit-rice-mill.webp\" alt=\"processamento de palha de arroz linha de moinho de arroz\" class=\"wp-image-15226\" srcset=\"https:\/\/www.agriculture-machine.com\/wp-content\/uploads\/2023\/11\/paddy-processing-unit-rice-mill.webp 720w, https:\/\/www.agriculture-machine.com\/wp-content\/uploads\/2023\/11\/paddy-processing-unit-rice-mill-360x270.webp 360w, https:\/\/www.agriculture-machine.com\/wp-content\/uploads\/2023\/11\/paddy-processing-unit-rice-mill-240x180.webp 240w\" sizes=\"auto, (max-width: 720px) 100vw, 720px\" \/><figcaption class=\"wp-element-caption\">processamento de palha de arroz linha de moinho de arroz<\/figcaption><\/figure> <\/figure>    <h2 class=\"wp-block-heading\"><strong>Qual \u00e9 a Fun\u00e7\u00e3o do Silo de Armazenamento<\/strong><\/h2>    <ul class=\"wp-block-list\"> <li>Porque a m\u00e1quina de embalagem \u00e9 muito r\u00e1pida, pode embalar um saco de 50 kg de arroz em menos de um minuto e, portanto, pode embalar tr\u00eas toneladas de arroz por hora. Uma linha de moinho de arroz de 15 TPD produz 600 kg de arroz branco por hora.<\/li>    <li>Se um silo de armazenamento de 3 toneladas for colocado diante da m\u00e1quina de embalagem, leva 5 horas para encher o silo. Quando o silo est\u00e1 cheio, a empacotadora \u00e9 ligada e o processo de embalagem come\u00e7a. Deste modo, a m\u00e1quina de embalagem n\u00e3o precisa trabalhar constantemente e um operador n\u00e3o precisa estar l\u00e1 o tempo todo.<\/li> <\/ul>    <figure class=\"wp-block-gallery has-nested-images columns-default is-cropped wp-block-gallery-4 is-layout-flex wp-block-gallery-is-layout-flex\"> <figure class=\"wp-block-image size-large\"><img loading=\"lazy\" decoding=\"async\" width=\"720\" height=\"540\" data-id=\"15228\" src=\"https:\/\/www.agriculture-machine.com\/wp-content\/uploads\/2023\/11\/rice-mill-processing-unit.webp\" alt=\"unidade de processamento de moinho de arroz\" class=\"wp-image-15228\" srcset=\"https:\/\/www.agriculture-machine.com\/wp-content\/uploads\/2023\/11\/rice-mill-processing-unit.webp 720w, https:\/\/www.agriculture-machine.com\/wp-content\/uploads\/2023\/11\/rice-mill-processing-unit-360x270.webp 360w, https:\/\/www.agriculture-machine.com\/wp-content\/uploads\/2023\/11\/rice-mill-processing-unit-240x180.webp 240w\" sizes=\"auto, (max-width: 720px) 100vw, 720px\" \/><figcaption class=\"wp-element-caption\">unidade de processamento de moinho de arroz<\/figcaption><\/figure>    <figure class=\"wp-block-image size-large\"><img loading=\"lazy\" decoding=\"async\" width=\"720\" height=\"540\" data-id=\"15227\" src=\"https:\/\/www.agriculture-machine.com\/wp-content\/uploads\/2023\/11\/fully-automatic-rice-mill-plant-cost.webp\" alt=\"custo da planta de moinho de arroz totalmente autom\u00e1tica\" class=\"wp-image-15227\" srcset=\"https:\/\/www.agriculture-machine.com\/wp-content\/uploads\/2023\/11\/fully-automatic-rice-mill-plant-cost.webp 720w, https:\/\/www.agriculture-machine.com\/wp-content\/uploads\/2023\/11\/fully-automatic-rice-mill-plant-cost-360x270.webp 360w, https:\/\/www.agriculture-machine.com\/wp-content\/uploads\/2023\/11\/fully-automatic-rice-mill-plant-cost-240x180.webp 240w\" sizes=\"auto, (max-width: 720px) 100vw, 720px\" \/><figcaption class=\"wp-element-caption\">custo da planta de moinho de arroz totalmente autom\u00e1tica<\/figcaption><\/figure> <\/figure>    <h2 class=\"wp-block-heading\">Desenhos de Design Referenci\u00e1veis<\/h2>    <figure class=\"wp-block-image size-full\"><img loading=\"lazy\" decoding=\"async\" width=\"720\" height=\"540\" src=\"https:\/\/www.agriculture-machine.com\/wp-content\/uploads\/2023\/11\/rice-mill-line-installation-drawing.webp\" alt=\"desenho de instala\u00e7\u00e3o da linha de moinho de arroz\" class=\"wp-image-15229\" srcset=\"https:\/\/www.agriculture-machine.com\/wp-content\/uploads\/2023\/11\/rice-mill-line-installation-drawing.webp 720w, https:\/\/www.agriculture-machine.com\/wp-content\/uploads\/2023\/11\/rice-mill-line-installation-drawing-360x270.webp 360w, https:\/\/www.agriculture-machine.com\/wp-content\/uploads\/2023\/11\/rice-mill-line-installation-drawing-240x180.webp 240w\" sizes=\"auto, (max-width: 720px) 100vw, 720px\" \/><figcaption class=\"wp-element-caption\">desenho de instala\u00e7\u00e3o da linha de moinho de arroz<\/figcaption><\/figure>    <h2 class=\"wp-block-heading\">F\u00e1brica de M\u00e1quinas da Linha de Moagem de Arroz Taizy<\/h2>    <figure class=\"wp-block-gallery has-nested-images columns-2 is-cropped wp-block-gallery-5 is-layout-flex wp-block-gallery-is-layout-flex\"> <figure class=\"wp-block-image size-large\"><img loading=\"lazy\" decoding=\"async\" width=\"720\" height=\"540\" data-id=\"15231\" src=\"https:\/\/www.agriculture-machine.com\/wp-content\/uploads\/2023\/11\/paddy-processing-machine-factory.webp\" alt=\"f\u00e1brica de m\u00e1quina de processamento de palha\" class=\"wp-image-15231\" srcset=\"https:\/\/www.agriculture-machine.com\/wp-content\/uploads\/2023\/11\/paddy-processing-machine-factory.webp 720w, https:\/\/www.agriculture-machine.com\/wp-content\/uploads\/2023\/11\/paddy-processing-machine-factory-360x270.webp 360w, https:\/\/www.agriculture-machine.com\/wp-content\/uploads\/2023\/11\/paddy-processing-machine-factory-240x180.webp 240w\" sizes=\"auto, (max-width: 720px) 100vw, 720px\" \/><figcaption class=\"wp-element-caption\">f\u00e1brica de m\u00e1quina de processamento de palha<\/figcaption><\/figure>    <figure class=\"wp-block-image size-large\"><img loading=\"lazy\" decoding=\"async\" width=\"720\" height=\"540\" data-id=\"15230\" src=\"https:\/\/www.agriculture-machine.com\/wp-content\/uploads\/2023\/11\/complete-rice-milling-plant-machinery.webp\" alt=\"planta completa de moagem de arroz e maquinaria\" class=\"wp-image-15230\" srcset=\"https:\/\/www.agriculture-machine.com\/wp-content\/uploads\/2023\/11\/complete-rice-milling-plant-machinery.webp 720w, https:\/\/www.agriculture-machine.com\/wp-content\/uploads\/2023\/11\/complete-rice-milling-plant-machinery-360x270.webp 360w, https:\/\/www.agriculture-machine.com\/wp-content\/uploads\/2023\/11\/complete-rice-milling-plant-machinery-240x180.webp 240w\" sizes=\"auto, (max-width: 720px) 100vw, 720px\" \/><figcaption class=\"wp-element-caption\">planta completa de moagem de arroz e maquinaria<\/figcaption><\/figure>    <figure class=\"wp-block-image size-large\"><img loading=\"lazy\" decoding=\"async\" width=\"720\" height=\"540\" data-id=\"15232\" src=\"https:\/\/www.agriculture-machine.com\/wp-content\/uploads\/2023\/11\/rice-mill-line-factory.webp\" alt=\"linha de f\u00e1brica de moagem de arroz\" class=\"wp-image-15232\" srcset=\"https:\/\/www.agriculture-machine.com\/wp-content\/uploads\/2023\/11\/rice-mill-line-factory.webp 720w, https:\/\/www.agriculture-machine.com\/wp-content\/uploads\/2023\/11\/rice-mill-line-factory-360x270.webp 360w, https:\/\/www.agriculture-machine.com\/wp-content\/uploads\/2023\/11\/rice-mill-line-factory-240x180.webp 240w\" sizes=\"auto, (max-width: 720px) 100vw, 720px\" \/><figcaption class=\"wp-element-caption\">linha de f\u00e1brica de moagem de arroz<\/figcaption><\/figure>    <figure class=\"wp-block-image size-large\"><img loading=\"lazy\" decoding=\"async\" width=\"720\" height=\"540\" data-id=\"15233\" src=\"https:\/\/www.agriculture-machine.com\/wp-content\/uploads\/2023\/11\/rice-milling-plant-packing-and-shipping.webp\" alt=\"Embalagem e envio da planta de moagem de arroz\" class=\"wp-image-15233\" srcset=\"https:\/\/www.agriculture-machine.com\/wp-content\/uploads\/2023\/11\/rice-milling-plant-packing-and-shipping.webp 720w, https:\/\/www.agriculture-machine.com\/wp-content\/uploads\/2023\/11\/rice-milling-plant-packing-and-shipping-360x270.webp 360w, https:\/\/www.agriculture-machine.com\/wp-content\/uploads\/2023\/11\/rice-milling-plant-packing-and-shipping-240x180.webp 240w\" sizes=\"auto, (max-width: 720px) 100vw, 720px\" \/><figcaption class=\"wp-element-caption\">Embalagem e envio da planta de moagem de arroz<\/figcaption><\/figure> <\/figure>    <p>Welcome to the advanced production line of our upgraded rice mill line, which combines color sorting and packaging machines with a high-quality rice polisher with water and an intelligent bin, presenting you with the ultimate rice processing experience and demonstrating our company&#8217;s commitment to providing advanced technology and high-quality rice production process, we look forward to your visit and cooperation.<\/p>","protected":false},"excerpt":{"rendered":"<p>Welcome to our upgraded rice mill line&#8217;s advanced production plant, which combines color sorting and packaging machines with a high-standard water polishing machine and intelligent storage bin to provide you with the ultimate rice processing experience. High Standard 15TPD Rice Mill Line Structure 1. Necessary Parts : (you need to buy all ) Pre-cleaner&#8212; Destoner&#8212; [&hellip;]<\/p>\n","protected":false},"author":1,"featured_media":15234,"parent":0,"comment_status":"closed","ping_status":"closed","template":"","tags":[796],"product-type":[875,906],"class_list":["post-15220","product","type-product","status-publish","has-post-thumbnail","hentry","tag-rice","product-type-rice-mill-category","product-type-rice-mill-production-line"],"_links":{"self":[{"href":"https:\/\/www.agriculture-machine.com\/pt\/wp-json\/wp\/v2\/product\/15220","targetHints":{"allow":["GET"]}}],"collection":[{"href":"https:\/\/www.agriculture-machine.com\/pt\/wp-json\/wp\/v2\/product"}],"about":[{"href":"https:\/\/www.agriculture-machine.com\/pt\/wp-json\/wp\/v2\/types\/product"}],"author":[{"embeddable":true,"href":"https:\/\/www.agriculture-machine.com\/pt\/wp-json\/wp\/v2\/users\/1"}],"replies":[{"embeddable":true,"href":"https:\/\/www.agriculture-machine.com\/pt\/wp-json\/wp\/v2\/comments?post=15220"}],"wp:featuredmedia":[{"embeddable":true,"href":"https:\/\/www.agriculture-machine.com\/pt\/wp-json\/wp\/v2\/media\/15234"}],"wp:attachment":[{"href":"https:\/\/www.agriculture-machine.com\/pt\/wp-json\/wp\/v2\/media?parent=15220"}],"wp:term":[{"taxonomy":"post_tag","embeddable":true,"href":"https:\/\/www.agriculture-machine.com\/pt\/wp-json\/wp\/v2\/tags?post=15220"},{"taxonomy":"product-type","embeddable":true,"href":"https:\/\/www.agriculture-machine.com\/pt\/wp-json\/wp\/v2\/product-type?post=15220"}],"curies":[{"name":"wp","href":"https:\/\/api.w.org\/{rel}","templated":true}]}}