{"id":15261,"date":"2023-11-24T15:08:23","date_gmt":"2023-11-24T07:08:23","guid":{"rendered":"https:\/\/www.agriculture-machine.com\/?post_type=product&#038;p=15261"},"modified":"2024-09-18T15:43:43","modified_gmt":"2024-09-18T07:43:43","slug":"25tpd-rice-miller-unit","status":"publish","type":"product","link":"https:\/\/www.agriculture-machine.com\/pt\/25tpd-rice-miller-unit\/","title":{"rendered":"Unidade de moagem de arroz de 25 toneladas\/dia sem estrutura de a\u00e7o"},"content":{"rendered":"<p>Recentemente, nossa orgulhosa unidade de moagem de arroz que pode processar 25 toneladas de gr\u00e3os por dia foi oferecida para venda novamente. Diferente do design tradicional, esta linha de produ\u00e7\u00e3o remove propositalmente a configura\u00e7\u00e3o da estrutura de a\u00e7o, tornando o todo mais compacto e conveniente, adaptando-se a todos os tipos de limita\u00e7\u00f5es de espa\u00e7o da planta.<\/p>    <figure class=\"wp-block-image size-full\"><img loading=\"lazy\" decoding=\"async\" width=\"720\" height=\"540\" src=\"https:\/\/www.agriculture-machine.com\/wp-content\/uploads\/2023\/11\/25TPD-rice-miller-unit-main-structure.webp\" alt=\"estrutura principal da unidade de moagem de arroz de 25TPD\" class=\"wp-image-15274\" srcset=\"https:\/\/www.agriculture-machine.com\/wp-content\/uploads\/2023\/11\/25TPD-rice-miller-unit-main-structure.webp 720w, https:\/\/www.agriculture-machine.com\/wp-content\/uploads\/2023\/11\/25TPD-rice-miller-unit-main-structure-360x270.webp 360w, https:\/\/www.agriculture-machine.com\/wp-content\/uploads\/2023\/11\/25TPD-rice-miller-unit-main-structure-240x180.webp 240w\" sizes=\"auto, (max-width: 720px) 100vw, 720px\" \/><figcaption class=\"wp-element-caption\">estrutura principal da unidade de moagem de arroz de 25TPD<\/figcaption><\/figure>    <p class=\"translation-block\">Claro, tamb\u00e9m temos a linha de produ\u00e7\u00e3o correspondente com uma estrutura de a\u00e7o, por favor clique para visualizar: a <strong><a href=\"https:\/\/www.agriculture-machine.com\/pt\/25tpd-rice-milling-line\/\">Linha de Moagem de Arroz de 25TPD Com Estrutura de A\u00e7o<\/a><\/strong>.<\/p>    <h2 class=\"wp-block-heading\">Cinco Configura\u00e7\u00f5es da Unidade de Moagem de Arroz Mostram<\/h2>    <p>Entre as linhas de produtos das quais a nossa empresa se orgulha, a unidade de moagem de arroz com capacidade de 25 toneladas por dia \u00e9 conhecida n\u00e3o apenas pela sua alta produ\u00e7\u00e3o, mas tamb\u00e9m \u00e9 popular entre os clientes pelas suas m\u00faltiplas configura\u00e7\u00f5es que respondem de forma flex\u00edvel a diferentes necessidades. Voc\u00ea pode escolher todas elas de acordo com suas necessidades e or\u00e7amento.<\/p>    <p>Cinco combina\u00e7\u00f5es est\u00e3o brevemente listadas abaixo. Claro, se voc\u00ea tiver outras ideias, sinta-se \u00e0 vontade para nos contatar e n\u00f3s recomendaremos a op\u00e7\u00e3o mais adequada para voc\u00ea.<\/p>    <h3 class=\"wp-block-heading\">Tipo 1<\/h3>    <figure class=\"wp-block-gallery has-nested-images columns-default is-cropped wp-block-gallery-2 is-layout-flex wp-block-gallery-is-layout-flex\"> <figure class=\"wp-block-image size-large\"><img loading=\"lazy\" decoding=\"async\" width=\"720\" height=\"540\" data-id=\"15264\" src=\"https:\/\/www.agriculture-machine.com\/wp-content\/uploads\/2023\/11\/rice-millers-for-sale.webp\" alt=\"moinhos de arroz \u00e0 venda\" class=\"wp-image-15264\" srcset=\"https:\/\/www.agriculture-machine.com\/wp-content\/uploads\/2023\/11\/rice-millers-for-sale.webp 720w, https:\/\/www.agriculture-machine.com\/wp-content\/uploads\/2023\/11\/rice-millers-for-sale-360x270.webp 360w, https:\/\/www.agriculture-machine.com\/wp-content\/uploads\/2023\/11\/rice-millers-for-sale-240x180.webp 240w\" sizes=\"auto, (max-width: 720px) 100vw, 720px\" \/><figcaption class=\"wp-element-caption\">moinhos de arroz \u00e0 venda<\/figcaption><\/figure>    <figure class=\"wp-block-image size-large\"><img loading=\"lazy\" decoding=\"async\" width=\"720\" height=\"540\" data-id=\"15263\" src=\"https:\/\/www.agriculture-machine.com\/wp-content\/uploads\/2023\/11\/paddy-rice-process-equipment.webp\" alt=\"equipamento de processamento de arroz em casca\" class=\"wp-image-15263\" srcset=\"https:\/\/www.agriculture-machine.com\/wp-content\/uploads\/2023\/11\/paddy-rice-process-equipment.webp 720w, https:\/\/www.agriculture-machine.com\/wp-content\/uploads\/2023\/11\/paddy-rice-process-equipment-360x270.webp 360w, https:\/\/www.agriculture-machine.com\/wp-content\/uploads\/2023\/11\/paddy-rice-process-equipment-240x180.webp 240w\" sizes=\"auto, (max-width: 720px) 100vw, 720px\" \/><figcaption class=\"wp-element-caption\">equipamento de processamento de arroz em casca<\/figcaption><\/figure> <\/figure>    <p class=\"translation-block\">Esta \u00e9 uma combina\u00e7\u00e3o de unidade de moagem de arroz relativamente simples, e as m\u00e1quinas inclu\u00eddas em toda a linha s\u00e3o, em ordem, um funil de alimenta\u00e7\u00e3o, um desstoneador, um descascador de arroz, um separador de arroz em gravidade, duas moinhos de arroz e um classificador de arroz branco. A configura\u00e7\u00e3o geral \u00e9 a mesma que 15T\/D (<a href=\"https:\/\/www.agriculture-machine.com\/pt\/rice-mill-production-line\/\"><strong>Linha de Produ\u00e7\u00e3o de Moagem de Arroz de 15TPD Com Polidor e Classificador de Arroz Branco<\/strong><\/a>), mas o tamanho de cada m\u00e1quina \u00e9 correspondentemente maior.<\/p>    <h3 class=\"wp-block-heading\">Planta completa de processamento de arroz<\/h3>    <figure class=\"wp-block-gallery has-nested-images columns-default is-cropped wp-block-gallery-3 is-layout-flex wp-block-gallery-is-layout-flex\"> <figure class=\"wp-block-image size-large\"><img loading=\"lazy\" decoding=\"async\" width=\"720\" height=\"540\" data-id=\"15266\" src=\"https:\/\/www.agriculture-machine.com\/wp-content\/uploads\/2023\/11\/white-rice-making-line.webp\" alt=\"linha de produ\u00e7\u00e3o de arroz branco\" class=\"wp-image-15266\" srcset=\"https:\/\/www.agriculture-machine.com\/wp-content\/uploads\/2023\/11\/white-rice-making-line.webp 720w, https:\/\/www.agriculture-machine.com\/wp-content\/uploads\/2023\/11\/white-rice-making-line-360x270.webp 360w, https:\/\/www.agriculture-machine.com\/wp-content\/uploads\/2023\/11\/white-rice-making-line-240x180.webp 240w\" sizes=\"auto, (max-width: 720px) 100vw, 720px\" \/><figcaption class=\"wp-element-caption\">linha de produ\u00e7\u00e3o de arroz branco<\/figcaption><\/figure>    <figure class=\"wp-block-image size-large\"><img loading=\"lazy\" decoding=\"async\" width=\"720\" height=\"540\" data-id=\"15265\" src=\"https:\/\/www.agriculture-machine.com\/wp-content\/uploads\/2023\/11\/rice-paddy-processing-plant.webp\" alt=\"planta de processamento de arroz em casca\" class=\"wp-image-15265\" srcset=\"https:\/\/www.agriculture-machine.com\/wp-content\/uploads\/2023\/11\/rice-paddy-processing-plant.webp 720w, https:\/\/www.agriculture-machine.com\/wp-content\/uploads\/2023\/11\/rice-paddy-processing-plant-360x270.webp 360w, https:\/\/www.agriculture-machine.com\/wp-content\/uploads\/2023\/11\/rice-paddy-processing-plant-240x180.webp 240w\" sizes=\"auto, (max-width: 720px) 100vw, 720px\" \/><figcaption class=\"wp-element-caption\">planta de processamento de arroz em casca<\/figcaption><\/figure> <\/figure>    <p class=\"translation-block\">Este grupo de m\u00e1quinas \u00e9 baseado em <strong>Tipo 1<\/strong> com a adi\u00e7\u00e3o de uma m\u00e1quina de moagem de arroz extra e um polidor, bem como uma m\u00e1quina de embalagem de arroz no final da linha.<\/p>    <h3 class=\"wp-block-heading\">f\u00e1brica moderna de moagem de arroz<\/h3>    <figure class=\"wp-block-gallery has-nested-images columns-default is-cropped wp-block-gallery-4 is-layout-flex wp-block-gallery-is-layout-flex\"> <figure class=\"wp-block-image size-large\"><img loading=\"lazy\" decoding=\"async\" width=\"720\" height=\"540\" data-id=\"15267\" src=\"https:\/\/www.agriculture-machine.com\/wp-content\/uploads\/2023\/11\/automatic-rice-mill-production-line.webp\" alt=\"sistema de moagem de arroz\" class=\"wp-image-15267\" srcset=\"https:\/\/www.agriculture-machine.com\/wp-content\/uploads\/2023\/11\/automatic-rice-mill-production-line.webp 720w, https:\/\/www.agriculture-machine.com\/wp-content\/uploads\/2023\/11\/automatic-rice-mill-production-line-360x270.webp 360w, https:\/\/www.agriculture-machine.com\/wp-content\/uploads\/2023\/11\/automatic-rice-mill-production-line-240x180.webp 240w\" sizes=\"auto, (max-width: 720px) 100vw, 720px\" \/><figcaption class=\"wp-element-caption\">sistema de moagem de arroz<\/figcaption><\/figure>    <figure class=\"wp-block-image size-large\"><img loading=\"lazy\" decoding=\"async\" width=\"720\" height=\"540\" data-id=\"15268\" src=\"https:\/\/www.agriculture-machine.com\/wp-content\/uploads\/2023\/11\/rice-milling-system.webp\" alt=\"unidade de moagem de arroz\" class=\"wp-image-15268\" srcset=\"https:\/\/www.agriculture-machine.com\/wp-content\/uploads\/2023\/11\/rice-milling-system.webp 720w, https:\/\/www.agriculture-machine.com\/wp-content\/uploads\/2023\/11\/rice-milling-system-360x270.webp 360w, https:\/\/www.agriculture-machine.com\/wp-content\/uploads\/2023\/11\/rice-milling-system-240x180.webp 240w\" sizes=\"auto, (max-width: 720px) 100vw, 720px\" \/><figcaption class=\"wp-element-caption\">unidade de moagem de arroz<\/figcaption><\/figure> <\/figure>    <p class=\"translation-block\">A combina\u00e7\u00e3o desta unidade de moagem de arroz tamb\u00e9m \u00e9 relativamente simples, bastando adicionar um classificador de cor e uma m\u00e1quina de embalagem extra no final de <strong>Tipo 1<\/strong>. Entre eles, o classificador de cor detecta a cor e a forma do arroz por meio de um sistema \u00f3ptico altamente inteligente, permitindo assim a rejei\u00e7\u00e3o de arroz n\u00e3o qualificado, manchas de cor, objetos estranhos e outros tipos problem\u00e1ticos de arroz.<\/p>    <h3 class=\"wp-block-heading\">polidor de \u00e1gua, classificador de cor<\/h3>    <figure class=\"wp-block-gallery has-nested-images columns-default is-cropped wp-block-gallery-5 is-layout-flex wp-block-gallery-is-layout-flex\"> <figure class=\"wp-block-image size-large\"><img loading=\"lazy\" decoding=\"async\" width=\"720\" height=\"540\" data-id=\"15269\" src=\"https:\/\/www.agriculture-machine.com\/wp-content\/uploads\/2023\/11\/rice-miller-unit.webp\" alt=\"linha de processamento de arroz integrada\" class=\"wp-image-15269\" srcset=\"https:\/\/www.agriculture-machine.com\/wp-content\/uploads\/2023\/11\/rice-miller-unit.webp 720w, https:\/\/www.agriculture-machine.com\/wp-content\/uploads\/2023\/11\/rice-miller-unit-360x270.webp 360w, https:\/\/www.agriculture-machine.com\/wp-content\/uploads\/2023\/11\/rice-miller-unit-240x180.webp 240w\" sizes=\"auto, (max-width: 720px) 100vw, 720px\" \/><figcaption class=\"wp-element-caption\">linha de processamento de arroz integrada<\/figcaption><\/figure>    <figure class=\"wp-block-image size-large\"><img loading=\"lazy\" decoding=\"async\" width=\"720\" height=\"540\" data-id=\"15270\" src=\"https:\/\/www.agriculture-machine.com\/wp-content\/uploads\/2023\/11\/water-polisher-color-sorter.webp\" alt=\"moinhos de arroz e processamento de arroz\" class=\"wp-image-15270\" srcset=\"https:\/\/www.agriculture-machine.com\/wp-content\/uploads\/2023\/11\/water-polisher-color-sorter.webp 720w, https:\/\/www.agriculture-machine.com\/wp-content\/uploads\/2023\/11\/water-polisher-color-sorter-360x270.webp 360w, https:\/\/www.agriculture-machine.com\/wp-content\/uploads\/2023\/11\/water-polisher-color-sorter-240x180.webp 240w\" sizes=\"auto, (max-width: 720px) 100vw, 720px\" \/><figcaption class=\"wp-element-caption\">moinhos de arroz e processamento de arroz<\/figcaption><\/figure> <\/figure>    <p class=\"translation-block\">Esta configura\u00e7\u00e3o baseia-se em <strong>Tipo 1<\/strong>, adicionando uma m\u00e1quina de polimento a \u00e1gua imediatamente ap\u00f3s a m\u00e1quina de moagem de arroz, al\u00e9m de equipamentos de classifica\u00e7\u00e3o de cor e embalagem imediatamente ap\u00f3s o classificador de arroz branco (detalhes das m\u00e1quinas adicionais est\u00e3o mostrados \u00e0 direita).<\/p>    <h3 class=\"wp-block-heading\">Servi\u00e7o de Desenho de Projeto<\/h3>    <figure class=\"wp-block-gallery has-nested-images columns-default is-cropped wp-block-gallery-6 is-layout-flex wp-block-gallery-is-layout-flex\"> <figure class=\"wp-block-image size-large\"><img loading=\"lazy\" decoding=\"async\" width=\"720\" height=\"540\" data-id=\"15271\" src=\"https:\/\/www.agriculture-machine.com\/wp-content\/uploads\/2023\/11\/integrated-rice-processsing-line.webp\" alt=\"Ap\u00f3s receber o dep\u00f3sito, voc\u00ea pode nos enviar o desenho do layout da oficina de produ\u00e7\u00e3o. Pediremos aos nossos engenheiros que desenhem todo o design da unidade de moagem de arroz de acordo com o tamanho da sua oficina. Um exemplo de desenho \u00e9 dado abaixo.\" class=\"wp-image-15271\" srcset=\"https:\/\/www.agriculture-machine.com\/wp-content\/uploads\/2023\/11\/integrated-rice-processsing-line.webp 720w, https:\/\/www.agriculture-machine.com\/wp-content\/uploads\/2023\/11\/integrated-rice-processsing-line-360x270.webp 360w, https:\/\/www.agriculture-machine.com\/wp-content\/uploads\/2023\/11\/integrated-rice-processsing-line-240x180.webp 240w\" sizes=\"auto, (max-width: 720px) 100vw, 720px\" \/><figcaption class=\"wp-element-caption\">Ap\u00f3s receber o dep\u00f3sito, voc\u00ea pode nos enviar o desenho do layout da oficina de produ\u00e7\u00e3o. Pediremos aos nossos engenheiros que desenhem todo o design da unidade de moagem de arroz de acordo com o tamanho da sua oficina. Um exemplo de desenho \u00e9 dado abaixo.<\/figcaption><\/figure>    <figure class=\"wp-block-image size-large\"><img loading=\"lazy\" decoding=\"async\" width=\"720\" height=\"540\" data-id=\"15272\" src=\"https:\/\/www.agriculture-machine.com\/wp-content\/uploads\/2023\/11\/paddy-and-rice-processing-mills.webp\" alt=\"desenho de instala\u00e7\u00e3o da unidade de moagem de arroz\" class=\"wp-image-15272\" srcset=\"https:\/\/www.agriculture-machine.com\/wp-content\/uploads\/2023\/11\/paddy-and-rice-processing-mills.webp 720w, https:\/\/www.agriculture-machine.com\/wp-content\/uploads\/2023\/11\/paddy-and-rice-processing-mills-360x270.webp 360w, https:\/\/www.agriculture-machine.com\/wp-content\/uploads\/2023\/11\/paddy-and-rice-processing-mills-240x180.webp 240w\" sizes=\"auto, (max-width: 720px) 100vw, 720px\" \/><figcaption class=\"wp-element-caption\">desenho de instala\u00e7\u00e3o da unidade de moagem de arroz<\/figcaption><\/figure> <\/figure>    <p class=\"translation-block\">O conjunto \u00e9 semelhante \u00e0 configura\u00e7\u00e3o de <strong>Tipo 4<\/strong>, com a diferen\u00e7a de que a ordem de coloca\u00e7\u00e3o de algumas das m\u00e1quinas foi trocada. O classificador de cor foi colocado ap\u00f3s a primeira m\u00e1quina de moagem de arroz, o polidor de n\u00e9voa de \u00e1gua foi colocado ap\u00f3s o classificador de arroz branco, e um bin de armazenamento extra foi adicionado imediatamente ap\u00f3s para evitar que a velocidade de moagem n\u00e3o acompanhasse a m\u00e1quina de embalagem.<\/p>    <h2 class=\"wp-block-heading\">Com base nas cinco diferentes combina\u00e7\u00f5es de unidades de moagem de arroz acima, \u00e9 f\u00e1cil ver que suas op\u00e7\u00f5es podem ser muito flex\u00edveis quando se trata de comprar uma m\u00e1quina para processar arroz. Voc\u00ea pode escolher se deseja ou n\u00e3o comprar certas m\u00e1quinas adicionais, e tamb\u00e9m pode ajustar algumas das m\u00e1quinas para atender \u00e0s suas prefer\u00eancias. Essa versatilidade permite que a linha atenda a cen\u00e1rios de produ\u00e7\u00e3o de arroz com diferentes requisitos de processamento.<\/h2>    <p>linha de moagem de arroz de 25TPD<\/p>    <figure class=\"wp-block-image size-full\"><img loading=\"lazy\" decoding=\"async\" width=\"720\" height=\"540\" src=\"https:\/\/www.agriculture-machine.com\/wp-content\/uploads\/2023\/11\/rice-miller-unit-installation-drawing.webp\" alt=\"Recentemente, nossa orgulhosa unidade de moagem de arroz que pode processar 25 toneladas de gr\u00e3os por dia foi oferecida para venda novamente. Esta linha remove a configura\u00e7\u00e3o da estrutura de a\u00e7o, tornando o todo mais compacto e conveniente, adaptando-se a todos os tipos de limita\u00e7\u00f5es de espa\u00e7o da planta.\" class=\"wp-image-15273\" srcset=\"https:\/\/www.agriculture-machine.com\/wp-content\/uploads\/2023\/11\/rice-miller-unit-installation-drawing.webp 720w, https:\/\/www.agriculture-machine.com\/wp-content\/uploads\/2023\/11\/rice-miller-unit-installation-drawing-360x270.webp 360w, https:\/\/www.agriculture-machine.com\/wp-content\/uploads\/2023\/11\/rice-miller-unit-installation-drawing-240x180.webp 240w\" sizes=\"auto, (max-width: 720px) 100vw, 720px\" \/><figcaption class=\"wp-element-caption\">Recentemente, nossa orgulhosa unidade de moagem de arroz que pode processar 25 toneladas de gr\u00e3os por dia foi oferecida para venda novamente. Esta linha remove a configura\u00e7\u00e3o da estrutura de a\u00e7o, tornando o todo mais compacto e conveniente, adaptando-se a todos os tipos de limita\u00e7\u00f5es de espa\u00e7o da planta.<\/figcaption><\/figure>    <p>Based on the five different rice miller unit combinations above, it&#8217;s easy to see that your options can be very flexible when it comes to purchasing a machine to process rice. You can choose whether or not to purchase certain additional machines, and you can also adjust some of the machines to suit your preferences. This versatility allows the line to meet rice production scenarios with different processing requirements.<\/p>    <p class=\"translation-block\">Para mais configura\u00e7\u00f5es de linha de produ\u00e7\u00e3o de moagem de arroz, por favor visite este site: <a href=\"https:\/\/www.agriculture-machine.com\/pt\/rice-mill-category\/\"><strong>https:\/\/www.agriculture-machine.com\/rice-mill-category\/<\/strong><\/a>, e sinta-se \u00e0 vontade para nos contatar para consulta e cota\u00e7\u00e3o.<\/p>","protected":false},"excerpt":{"rendered":"<p>Recently, our proud rice miller unit that can process 25 tons of grain per day has been successfully offered for sale again. Different from the traditional design, this production line purposely removes the steel frame configuration, making the whole more compact and convenient, adapting to all kinds of plant space limitations. Of course, we also [&hellip;]<\/p>\n","protected":false},"author":1,"featured_media":15262,"parent":0,"comment_status":"closed","ping_status":"closed","template":"","tags":[796],"product-type":[875,906],"class_list":["post-15261","product","type-product","status-publish","has-post-thumbnail","hentry","tag-rice","product-type-rice-mill-category","product-type-rice-mill-production-line"],"_links":{"self":[{"href":"https:\/\/www.agriculture-machine.com\/pt\/wp-json\/wp\/v2\/product\/15261","targetHints":{"allow":["GET"]}}],"collection":[{"href":"https:\/\/www.agriculture-machine.com\/pt\/wp-json\/wp\/v2\/product"}],"about":[{"href":"https:\/\/www.agriculture-machine.com\/pt\/wp-json\/wp\/v2\/types\/product"}],"author":[{"embeddable":true,"href":"https:\/\/www.agriculture-machine.com\/pt\/wp-json\/wp\/v2\/users\/1"}],"replies":[{"embeddable":true,"href":"https:\/\/www.agriculture-machine.com\/pt\/wp-json\/wp\/v2\/comments?post=15261"}],"wp:featuredmedia":[{"embeddable":true,"href":"https:\/\/www.agriculture-machine.com\/pt\/wp-json\/wp\/v2\/media\/15262"}],"wp:attachment":[{"href":"https:\/\/www.agriculture-machine.com\/pt\/wp-json\/wp\/v2\/media?parent=15261"}],"wp:term":[{"taxonomy":"post_tag","embeddable":true,"href":"https:\/\/www.agriculture-machine.com\/pt\/wp-json\/wp\/v2\/tags?post=15261"},{"taxonomy":"product-type","embeddable":true,"href":"https:\/\/www.agriculture-machine.com\/pt\/wp-json\/wp\/v2\/product-type?post=15261"}],"curies":[{"name":"wp","href":"https:\/\/api.w.org\/{rel}","templated":true}]}}