{"id":15278,"date":"2023-11-24T17:17:45","date_gmt":"2023-11-24T09:17:45","guid":{"rendered":"https:\/\/www.agriculture-machine.com\/?post_type=product&#038;p=15278"},"modified":"2024-09-18T15:44:15","modified_gmt":"2024-09-18T07:44:15","slug":"25tpd-rice-milling-line","status":"publish","type":"product","link":"https:\/\/www.agriculture-machine.com\/pt\/25tpd-rice-milling-line\/","title":{"rendered":"Linha de moagem de arroz de 25TPD com estrutura de a\u00e7o"},"content":{"rendered":"<p>A empresa Taizy oferece uma linha de moagem de arroz com capacidade de 25 toneladas por dia, com uma estrutura de a\u00e7o robusta, projetada para fornecer uma solu\u00e7\u00e3o eficiente e confi\u00e1vel para sua produ\u00e7\u00e3o de arroz. A capacidade de 25 toneladas por dia garante que voc\u00ea possa atender \u00e0s necessidades de moagem de arroz em grande escala, tanto para produtores m\u00e9dios quanto grandes.<\/p>    <figure class=\"wp-block-image size-full\"><img loading=\"lazy\" decoding=\"async\" width=\"720\" height=\"540\" src=\"https:\/\/www.agriculture-machine.com\/wp-content\/uploads\/2023\/11\/rice-milling-line-with-frame-structure.webp\" alt=\"A empresa Taizy oferece uma linha de moagem de arroz com capacidade de 25 toneladas por dia, com uma estrutura de a\u00e7o robusta, projetada para fornecer uma solu\u00e7\u00e3o eficiente e confi\u00e1vel para sua produ\u00e7\u00e3o de arroz.\" class=\"wp-image-15282\" srcset=\"https:\/\/www.agriculture-machine.com\/wp-content\/uploads\/2023\/11\/rice-milling-line-with-frame-structure.webp 720w, https:\/\/www.agriculture-machine.com\/wp-content\/uploads\/2023\/11\/rice-milling-line-with-frame-structure-360x270.webp 360w, https:\/\/www.agriculture-machine.com\/wp-content\/uploads\/2023\/11\/rice-milling-line-with-frame-structure-240x180.webp 240w\" sizes=\"auto, (max-width: 720px) 100vw, 720px\" \/><figcaption class=\"wp-element-caption\">linha de moagem de arroz com estrutura de estrutura de a\u00e7o<\/figcaption><\/figure>    <p class=\"translation-block\">Enquanto isso, tamb\u00e9m temos dispon\u00edvel a mesma linha de produ\u00e7\u00e3o sem estrutura de a\u00e7o, por favor, clique para ver: a <strong><a href=\"https:\/\/www.agriculture-machine.com\/pt\/25tpd-rice-miller-unit\/\">Unidade de Moagem de Arroz de 25 Toneladas\/Dia Sem Estrutura de A\u00e7o<\/a><\/strong>.<\/p>    <h2 class=\"wp-block-heading\">This Paddy Processing Line&#8217;s Main Features<\/h2>    <ul class=\"wp-block-list\"> <li><strong>Estrutura de a\u00e7o robusta:<\/strong> Projetada com a\u00e7o de alta qualidade, a estrutura \u00e9 robusta e dur\u00e1vel, garantindo a estabilidade e confiabilidade a longo prazo de toda a linha de produ\u00e7\u00e3o.<\/li>    <li><strong>Altamente personaliz\u00e1vel:<\/strong> Voc\u00ea pode escolher a configura\u00e7\u00e3o adequada de acordo com sua escala de produ\u00e7\u00e3o e requisitos, possibilitando uma personaliza\u00e7\u00e3o altamente adaptada da linha de moagem de arroz.<\/li>    <li><strong>Economia de espa\u00e7o:<\/strong> A estrutura compacta e robusta de estrutura de a\u00e7o n\u00e3o s\u00f3 oferece suporte forte, mas tamb\u00e9m utiliza de forma eficiente o espa\u00e7o da planta para garantir uma disposi\u00e7\u00e3o eficiente dos equipamentos.<\/li>    <li><strong>Configura\u00e7\u00e3o flex\u00edvel:<\/strong> It can be customized according to the customer&#8217;s needs, including components such as rice milling machine type, polishing machine, color sorter, etc. to meet different rice milling requirements.<\/li> <\/ul>    <figure class=\"wp-block-gallery has-nested-images columns-default is-cropped wp-block-gallery-2 is-layout-flex wp-block-gallery-is-layout-flex\"> <figure class=\"wp-block-image size-large\"><img loading=\"lazy\" decoding=\"async\" width=\"720\" height=\"540\" data-id=\"15280\" src=\"https:\/\/www.agriculture-machine.com\/wp-content\/uploads\/2023\/11\/paddy-mill-production-line.webp\" alt=\"Linha de produ\u00e7\u00e3o de arroz de casca\" class=\"wp-image-15280\" srcset=\"https:\/\/www.agriculture-machine.com\/wp-content\/uploads\/2023\/11\/paddy-mill-production-line.webp 720w, https:\/\/www.agriculture-machine.com\/wp-content\/uploads\/2023\/11\/paddy-mill-production-line-360x270.webp 360w, https:\/\/www.agriculture-machine.com\/wp-content\/uploads\/2023\/11\/paddy-mill-production-line-240x180.webp 240w\" sizes=\"auto, (max-width: 720px) 100vw, 720px\" \/><figcaption class=\"wp-element-caption\">Linha de produ\u00e7\u00e3o de arroz de casca<\/figcaption><\/figure>    <figure class=\"wp-block-image size-large\"><img loading=\"lazy\" decoding=\"async\" width=\"720\" height=\"540\" data-id=\"15281\" src=\"https:\/\/www.agriculture-machine.com\/wp-content\/uploads\/2023\/11\/paddy-rice-processing-system.webp\" alt=\"Sistema de processamento de arroz de casca\" class=\"wp-image-15281\" srcset=\"https:\/\/www.agriculture-machine.com\/wp-content\/uploads\/2023\/11\/paddy-rice-processing-system.webp 720w, https:\/\/www.agriculture-machine.com\/wp-content\/uploads\/2023\/11\/paddy-rice-processing-system-360x270.webp 360w, https:\/\/www.agriculture-machine.com\/wp-content\/uploads\/2023\/11\/paddy-rice-processing-system-240x180.webp 240w\" sizes=\"auto, (max-width: 720px) 100vw, 720px\" \/><figcaption class=\"wp-element-caption\">Sistema de processamento de arroz de casca<\/figcaption><\/figure> <\/figure>    <p>A plataforma subjacente \u00e9 estrategicamente integrada para garantir que todas as m\u00e1quinas operem de forma harmoniosa ao mesmo n\u00edvel. Isso n\u00e3o s\u00f3 promove um fluxo de trabalho harmonioso, mas tamb\u00e9m facilita a conectividade eficiente entre os diversos componentes. A plataforma superior oferece um espa\u00e7o conveniente para inspe\u00e7\u00f5es e manuten\u00e7\u00e3o do elevador, reduzindo o tempo de inatividade e melhorando a vida \u00fatil geral da unidade.<\/p>    <h2 class=\"wp-block-heading\">Tr\u00eas tipos de linhas de moagem de arroz com estrutura de a\u00e7o<\/h2>    <p>As linhas de produ\u00e7\u00e3o de moagem de arroz podem ser combinadas de v\u00e1rias maneiras. Abaixo est\u00e3o listadas tr\u00eas configura\u00e7\u00f5es, descrevendo brevemente a composi\u00e7\u00e3o de cada linha.<\/p>    <h3 class=\"wp-block-heading\">Tipo 1<\/h3>    <figure class=\"wp-block-gallery has-nested-images columns-default is-cropped wp-block-gallery-3 is-layout-flex wp-block-gallery-is-layout-flex\"> <figure class=\"wp-block-image size-large\"><img loading=\"lazy\" decoding=\"async\" width=\"720\" height=\"540\" data-id=\"15284\" src=\"https:\/\/www.agriculture-machine.com\/wp-content\/uploads\/2023\/11\/rice-miller-equipments.webp\" alt=\"Linha de moagem de arroz autom\u00e1tica acess\u00edvel de 25 TPD com estrutura de a\u00e7o\" class=\"wp-image-15284\" srcset=\"https:\/\/www.agriculture-machine.com\/wp-content\/uploads\/2023\/11\/rice-miller-equipments.webp 720w, https:\/\/www.agriculture-machine.com\/wp-content\/uploads\/2023\/11\/rice-miller-equipments-360x270.webp 360w, https:\/\/www.agriculture-machine.com\/wp-content\/uploads\/2023\/11\/rice-miller-equipments-240x180.webp 240w\" sizes=\"auto, (max-width: 720px) 100vw, 720px\" \/><figcaption class=\"wp-element-caption\">Equipamentos de moagem de arroz<\/figcaption><\/figure>    <figure class=\"wp-block-image size-large\"><img loading=\"lazy\" decoding=\"async\" width=\"720\" height=\"540\" data-id=\"15283\" src=\"https:\/\/www.agriculture-machine.com\/wp-content\/uploads\/2023\/11\/complete-rice-milling-machine.webp\" alt=\"M\u00e1quina de moagem de arroz completa\" class=\"wp-image-15283\" srcset=\"https:\/\/www.agriculture-machine.com\/wp-content\/uploads\/2023\/11\/complete-rice-milling-machine.webp 720w, https:\/\/www.agriculture-machine.com\/wp-content\/uploads\/2023\/11\/complete-rice-milling-machine-360x270.webp 360w, https:\/\/www.agriculture-machine.com\/wp-content\/uploads\/2023\/11\/complete-rice-milling-machine-240x180.webp 240w\" sizes=\"auto, (max-width: 720px) 100vw, 720px\" \/><figcaption class=\"wp-element-caption\">M\u00e1quina de moagem de arroz completa<\/figcaption><\/figure> <\/figure>    <p>Esta combina\u00e7\u00e3o de linha de moagem de arroz \u00e9 uma destonadora de arroz de casca convencional, descascador, separador de arroz por gravidade, dois moinhos de arroz, seguido por um classificador de cor, polidor, classificador de arroz branco e uma m\u00e1quina de pesagem e embalagem.<\/p>    <h3 class=\"wp-block-heading\">Planta completa de processamento de arroz<\/h3>    <figure class=\"wp-block-gallery has-nested-images columns-default is-cropped wp-block-gallery-4 is-layout-flex wp-block-gallery-is-layout-flex\"> <figure class=\"wp-block-image size-large\"><img loading=\"lazy\" decoding=\"async\" width=\"720\" height=\"540\" data-id=\"15285\" src=\"https:\/\/www.agriculture-machine.com\/wp-content\/uploads\/2023\/11\/complete-rice-processing-plant.webp\" alt=\"Servi\u00e7o de processamento de arroz branco\" class=\"wp-image-15285\" srcset=\"https:\/\/www.agriculture-machine.com\/wp-content\/uploads\/2023\/11\/complete-rice-processing-plant.webp 720w, https:\/\/www.agriculture-machine.com\/wp-content\/uploads\/2023\/11\/complete-rice-processing-plant-360x270.webp 360w, https:\/\/www.agriculture-machine.com\/wp-content\/uploads\/2023\/11\/complete-rice-processing-plant-240x180.webp 240w\" sizes=\"auto, (max-width: 720px) 100vw, 720px\" \/><figcaption class=\"wp-element-caption\">Servi\u00e7o de processamento de arroz branco<\/figcaption><\/figure>    <figure class=\"wp-block-image size-large\"><img loading=\"lazy\" decoding=\"async\" width=\"720\" height=\"540\" data-id=\"15286\" src=\"https:\/\/www.agriculture-machine.com\/wp-content\/uploads\/2023\/11\/white-rice-processing-service.webp\" alt=\"Processo de fabrica\u00e7\u00e3o de arroz branco\" class=\"wp-image-15286\" srcset=\"https:\/\/www.agriculture-machine.com\/wp-content\/uploads\/2023\/11\/white-rice-processing-service.webp 720w, https:\/\/www.agriculture-machine.com\/wp-content\/uploads\/2023\/11\/white-rice-processing-service-360x270.webp 360w, https:\/\/www.agriculture-machine.com\/wp-content\/uploads\/2023\/11\/white-rice-processing-service-240x180.webp 240w\" sizes=\"auto, (max-width: 720px) 100vw, 720px\" \/><figcaption class=\"wp-element-caption\">Processo de fabrica\u00e7\u00e3o de arroz branco<\/figcaption><\/figure> <\/figure>    <p class=\"translation-block\">This set is basically the same as the <strong>Type 1<\/strong>&#8216;s, with the only difference being the replacement of the polisher with a water-mist polishing machine, plus the addition of a storage bin after the white rice grader.<\/p>    <h3 class=\"wp-block-heading\">f\u00e1brica moderna de moagem de arroz<\/h3>    <figure class=\"wp-block-gallery has-nested-images columns-default is-cropped wp-block-gallery-5 is-layout-flex wp-block-gallery-is-layout-flex\"> <figure class=\"wp-block-image size-large\"><img loading=\"lazy\" decoding=\"async\" width=\"720\" height=\"540\" data-id=\"15288\" src=\"https:\/\/www.agriculture-machine.com\/wp-content\/uploads\/2023\/11\/white-rice-making-process.webp\" alt=\"Comparado \u00e0s duas configura\u00e7\u00f5es acima, este conjunto usa tr\u00eas moinhos de arroz para produzir arroz de maior qualidade. Tamb\u00e9m utiliza uma m\u00e1quina de embalagem a v\u00e1cuo avan\u00e7ada para garantir a frescura e qualidade do arroz, al\u00e9m de prolongar sua vida \u00fatil.\" class=\"wp-image-15288\" srcset=\"https:\/\/www.agriculture-machine.com\/wp-content\/uploads\/2023\/11\/white-rice-making-process.webp 720w, https:\/\/www.agriculture-machine.com\/wp-content\/uploads\/2023\/11\/white-rice-making-process-360x270.webp 360w, https:\/\/www.agriculture-machine.com\/wp-content\/uploads\/2023\/11\/white-rice-making-process-240x180.webp 240w\" sizes=\"auto, (max-width: 720px) 100vw, 720px\" \/><figcaption class=\"wp-element-caption\">Comparado \u00e0s duas configura\u00e7\u00f5es acima, este conjunto usa tr\u00eas moinhos de arroz para produzir arroz de maior qualidade. Tamb\u00e9m utiliza uma m\u00e1quina de embalagem a v\u00e1cuo avan\u00e7ada para garantir a frescura e qualidade do arroz, al\u00e9m de prolongar sua vida \u00fatil.<\/figcaption><\/figure>    <figure class=\"wp-block-image size-large\"><img loading=\"lazy\" decoding=\"async\" width=\"720\" height=\"540\" data-id=\"15287\" src=\"https:\/\/www.agriculture-machine.com\/wp-content\/uploads\/2023\/11\/modern-rice-milling-line-factory.webp\" alt=\"Mostru\u00e1rio da f\u00e1brica e visita ao cliente\" class=\"wp-image-15287\" srcset=\"https:\/\/www.agriculture-machine.com\/wp-content\/uploads\/2023\/11\/modern-rice-milling-line-factory.webp 720w, https:\/\/www.agriculture-machine.com\/wp-content\/uploads\/2023\/11\/modern-rice-milling-line-factory-360x270.webp 360w, https:\/\/www.agriculture-machine.com\/wp-content\/uploads\/2023\/11\/modern-rice-milling-line-factory-240x180.webp 240w\" sizes=\"auto, (max-width: 720px) 100vw, 720px\" \/><figcaption class=\"wp-element-caption\">Mostru\u00e1rio da f\u00e1brica e visita ao cliente<\/figcaption><\/figure> <\/figure>    <p>Bem-vindo \u00e0 nossa f\u00e1brica. Destacamo-nos pelo nosso forte invent\u00e1rio e log\u00edstica eficiente para garantir entregas pontuais que atendam \u00e0s suas necessidades.<\/p>    <h2 class=\"wp-block-heading\">Demonstra\u00e7\u00e3o no local da linha de moagem de arroz<\/h2>    <p>Visita ao cliente na unidade de moagem de arroz<\/p>    <figure class=\"wp-block-gallery has-nested-images columns-default is-cropped wp-block-gallery-6 is-layout-flex wp-block-gallery-is-layout-flex\"> <figure class=\"wp-block-image size-large\"><img loading=\"lazy\" decoding=\"async\" width=\"720\" height=\"540\" data-id=\"15290\" src=\"https:\/\/www.agriculture-machine.com\/wp-content\/uploads\/2023\/11\/rice-milling-line-on-site-demonstration.webp\" alt=\"Servi\u00e7o p\u00f3s-venda da Linha de Moagem de Arroz\" class=\"wp-image-15290\" srcset=\"https:\/\/www.agriculture-machine.com\/wp-content\/uploads\/2023\/11\/rice-milling-line-on-site-demonstration.webp 720w, https:\/\/www.agriculture-machine.com\/wp-content\/uploads\/2023\/11\/rice-milling-line-on-site-demonstration-360x270.webp 360w, https:\/\/www.agriculture-machine.com\/wp-content\/uploads\/2023\/11\/rice-milling-line-on-site-demonstration-240x180.webp 240w\" sizes=\"auto, (max-width: 720px) 100vw, 720px\" \/><figcaption class=\"wp-element-caption\">Servi\u00e7o p\u00f3s-venda da Linha de Moagem de Arroz<\/figcaption><\/figure>    <figure class=\"wp-block-image size-large\"><img loading=\"lazy\" decoding=\"async\" width=\"720\" height=\"540\" data-id=\"15289\" src=\"https:\/\/www.agriculture-machine.com\/wp-content\/uploads\/2023\/11\/rice-mill-unit-customer-visit.webp\" alt=\"Ap\u00f3s concluir todas as m\u00e1quinas da linha de moagem de arroz, cada parte ser\u00e1 etiquetada. Tamb\u00e9m fornecemos instru\u00e7\u00f5es de opera\u00e7\u00e3o para cada m\u00e1quina.\" class=\"wp-image-15289\" srcset=\"https:\/\/www.agriculture-machine.com\/wp-content\/uploads\/2023\/11\/rice-mill-unit-customer-visit.webp 720w, https:\/\/www.agriculture-machine.com\/wp-content\/uploads\/2023\/11\/rice-mill-unit-customer-visit-360x270.webp 360w, https:\/\/www.agriculture-machine.com\/wp-content\/uploads\/2023\/11\/rice-mill-unit-customer-visit-240x180.webp 240w\" sizes=\"auto, (max-width: 720px) 100vw, 720px\" \/><figcaption class=\"wp-element-caption\">Ap\u00f3s concluir todas as m\u00e1quinas da linha de moagem de arroz, cada parte ser\u00e1 etiquetada. Tamb\u00e9m fornecemos instru\u00e7\u00f5es de opera\u00e7\u00e3o para cada m\u00e1quina.<\/figcaption><\/figure> <\/figure>    <h2 class=\"wp-block-heading\">Instalamos cada parte em nossa f\u00e1brica e fazemos um v\u00eddeo claro do processo de instala\u00e7\u00e3o. Voc\u00ea acompanha nossas fotos e v\u00eddeos para a instala\u00e7\u00e3o.<\/h2>    <ol class=\"wp-block-list\"> <li>Alguma d\u00favida? Voc\u00ea pode tirar fotos e v\u00eddeos, oferecemos atendimento online. Ou podemos fazer uma videochamada diretamente.<\/li>    <li>Podemos providenciar engenheiros para sua instala\u00e7\u00e3o, depura\u00e7\u00e3o e treinamento da equipe no local.<\/li>    <li>Exceto por pe\u00e7as de desgaste, danos humanos e opera\u00e7\u00e3o incorreta, o equipamento principal e o motor t\u00eam garantia de 1 ano, e oferecemos suporte t\u00e9cnico online vital\u00edcio.<\/li>    <li>linha de moagem de arroz com estrutura de a\u00e7o<\/li>    <li>linha de moagem de arroz com estrutura de quadro<\/li> <\/ol>    <p class=\"translation-block\">Para saber mais sobre solu\u00e7\u00f5es de arroz, visite este site <strong><a href=\"https:\/\/www.agriculture-machine.com\/pt\/rice-mill-category\/\">https:\/\/www.agriculture-machine.com\/rice-mill-category\/<\/a><\/strong>. Alguma d\u00favida, n\u00e3o hesite em contactar-nos, oferecemos a solu\u00e7\u00e3o ideal para voc\u00ea!<\/p>","protected":false},"excerpt":{"rendered":"<p>Taizy company offers a 25 tons per day output rice milling line that carries a sturdy steel frame configuration designed to provide an efficient and reliable solution for your rice production. The 25 tons per day capacity ensures that you can cope with large-scale rice milling needs for both medium and large rice producers. Meanwhile, [&hellip;]<\/p>\n","protected":false},"author":1,"featured_media":15279,"parent":0,"comment_status":"closed","ping_status":"closed","template":"","tags":[796],"product-type":[875,906],"class_list":["post-15278","product","type-product","status-publish","has-post-thumbnail","hentry","tag-rice","product-type-rice-mill-category","product-type-rice-mill-production-line"],"_links":{"self":[{"href":"https:\/\/www.agriculture-machine.com\/pt\/wp-json\/wp\/v2\/product\/15278","targetHints":{"allow":["GET"]}}],"collection":[{"href":"https:\/\/www.agriculture-machine.com\/pt\/wp-json\/wp\/v2\/product"}],"about":[{"href":"https:\/\/www.agriculture-machine.com\/pt\/wp-json\/wp\/v2\/types\/product"}],"author":[{"embeddable":true,"href":"https:\/\/www.agriculture-machine.com\/pt\/wp-json\/wp\/v2\/users\/1"}],"replies":[{"embeddable":true,"href":"https:\/\/www.agriculture-machine.com\/pt\/wp-json\/wp\/v2\/comments?post=15278"}],"wp:featuredmedia":[{"embeddable":true,"href":"https:\/\/www.agriculture-machine.com\/pt\/wp-json\/wp\/v2\/media\/15279"}],"wp:attachment":[{"href":"https:\/\/www.agriculture-machine.com\/pt\/wp-json\/wp\/v2\/media?parent=15278"}],"wp:term":[{"taxonomy":"post_tag","embeddable":true,"href":"https:\/\/www.agriculture-machine.com\/pt\/wp-json\/wp\/v2\/tags?post=15278"},{"taxonomy":"product-type","embeddable":true,"href":"https:\/\/www.agriculture-machine.com\/pt\/wp-json\/wp\/v2\/product-type?post=15278"}],"curies":[{"name":"wp","href":"https:\/\/api.w.org\/{rel}","templated":true}]}}