{"id":15370,"date":"2023-12-07T13:37:51","date_gmt":"2023-12-07T05:37:51","guid":{"rendered":"https:\/\/www.agriculture-machine.com\/?post_type=product&#038;p=15370"},"modified":"2024-09-18T15:45:01","modified_gmt":"2024-09-18T07:45:01","slug":"40ton-paddy-husking-and-milling-line","status":"publish","type":"product","link":"https:\/\/www.agriculture-machine.com\/pt\/40ton-paddy-husking-and-milling-line\/","title":{"rendered":"Linha automatizada de descascamento e moagem de paddy de 40 toneladas\/dia"},"content":{"rendered":"<p class=\"translation-block\">Taizy&#8217;s 30 tons per day output paddy husking and milling line is a set of highly efficient automated rice processing systems. The line includes a storage bin, water polishing, color sorting, and <strong><a href=\"https:\/\/www.agriculture-machine.com\/pt\/rice-milling-plant-machine\/\">necessary essential infrastructure equipment<\/a><\/strong>, providing an integrated solution for farmers and rice processors, and reliable support for the modernization of the agricultural production chain.<\/p>    <figure class=\"wp-block-image size-full\"><img loading=\"lazy\" decoding=\"async\" width=\"720\" height=\"540\" src=\"https:\/\/www.agriculture-machine.com\/wp-content\/uploads\/2023\/12\/paddy-husking-and-milling-line-machines.webp\" alt=\"m\u00e1quinas da linha de descascamento e moagem de paddy\" class=\"wp-image-15373\" srcset=\"https:\/\/www.agriculture-machine.com\/wp-content\/uploads\/2023\/12\/paddy-husking-and-milling-line-machines.webp 720w, https:\/\/www.agriculture-machine.com\/wp-content\/uploads\/2023\/12\/paddy-husking-and-milling-line-machines-360x270.webp 360w, https:\/\/www.agriculture-machine.com\/wp-content\/uploads\/2023\/12\/paddy-husking-and-milling-line-machines-240x180.webp 240w\" sizes=\"auto, (max-width: 720px) 100vw, 720px\" \/><figcaption class=\"wp-element-caption\">m\u00e1quinas da linha de descascamento e moagem de paddy<\/figcaption><\/figure>    <h2 class=\"wp-block-heading\">Estrutura da Linha de Descascamento e Moagem de Paddy de 40 TPD<\/h2>    <p>A linha vai da direita para a esquerda, come\u00e7ando com uma m\u00e1quina de pr\u00e9-limpeza, seguida por uma m\u00e1quina de destonagem (tamb\u00e9m dispon\u00edvel como uma m\u00e1quina de limpeza e destonagem completa), depois o familiar descascador, classificador de gravidade com tr\u00eas passagens de arroz (ou pode usar apenas duas moinhos), seguido por um dep\u00f3sito e um polidor de \u00e1gua, classifica\u00e7\u00e3o por cor, embalagem a v\u00e1cuo e uma m\u00e1quina de embalagem. Al\u00e9m disso, utilizar\u00e1 um tanque de desgasifica\u00e7\u00e3o e um compressor de ar.<\/p>    <figure class=\"wp-block-image size-full\"><img loading=\"lazy\" decoding=\"async\" width=\"720\" height=\"540\" src=\"https:\/\/www.agriculture-machine.com\/wp-content\/uploads\/2023\/12\/rice-mill-machine-production-line.webp\" alt=\"linha de produ\u00e7\u00e3o de m\u00e1quinas de moagem de arroz\" class=\"wp-image-15371\" srcset=\"https:\/\/www.agriculture-machine.com\/wp-content\/uploads\/2023\/12\/rice-mill-machine-production-line.webp 720w, https:\/\/www.agriculture-machine.com\/wp-content\/uploads\/2023\/12\/rice-mill-machine-production-line-360x270.webp 360w, https:\/\/www.agriculture-machine.com\/wp-content\/uploads\/2023\/12\/rice-mill-machine-production-line-240x180.webp 240w\" sizes=\"auto, (max-width: 720px) 100vw, 720px\" \/><figcaption class=\"wp-element-caption\">linha de produ\u00e7\u00e3o de m\u00e1quinas de moagem de arroz<\/figcaption><\/figure>    <h2 class=\"wp-block-heading\"><strong>Melhor Humidade do Arroz de Paddy para Moagem<\/strong><\/h2>    <ul class=\"wp-block-list\"> <li>A humidade ideal do arroz de paddy deve ser de 14,5%, e a taxa de quebra do arroz deve rondar os 2% no processo de moagem.<\/li>    <li>Se for inferior a 14,5%, a taxa de quebra ser\u00e1 maior.<\/li>    <li>Higher than 14.5%, the breakage rate will be higher, and part of the paddy husk and bran will be blocked inside the machine, affecting the machine&#8217;s normal running, even motor burns.<\/li> <\/ul>    <figure class=\"wp-block-image size-full\"><img loading=\"lazy\" decoding=\"async\" width=\"720\" height=\"540\" src=\"https:\/\/www.agriculture-machine.com\/wp-content\/uploads\/2023\/12\/automatic-white-rice-processing-equipment.webp\" alt=\"equipamento autom\u00e1tico de processamento de arroz branco\" class=\"wp-image-15375\" srcset=\"https:\/\/www.agriculture-machine.com\/wp-content\/uploads\/2023\/12\/automatic-white-rice-processing-equipment.webp 720w, https:\/\/www.agriculture-machine.com\/wp-content\/uploads\/2023\/12\/automatic-white-rice-processing-equipment-360x270.webp 360w, https:\/\/www.agriculture-machine.com\/wp-content\/uploads\/2023\/12\/automatic-white-rice-processing-equipment-240x180.webp 240w\" sizes=\"auto, (max-width: 720px) 100vw, 720px\" \/><figcaption class=\"wp-element-caption\">equipamento autom\u00e1tico de processamento de arroz branco<\/figcaption><\/figure>    <h2 class=\"wp-block-heading\">Usos de Plataformas de Estrutura de A\u00e7o<\/h2>    <ul class=\"wp-block-list\"> <li>A plataforma inferior \u00e9 usada para colocar todas as m\u00e1quinas da linha de descascamento e moagem de paddy ao mesmo n\u00edvel, para que funcionem bem em conjunto.<\/li>    <li>A plataforma superior \u00e9 usada para verificar e reparar os elevadores.<\/li>    <li>Se conseguir construir a plataforma de cimento por si pr\u00f3prio, pode remov\u00ea-la e reduzir o pre\u00e7o relacionado.<\/li> <\/ul>    <h2 class=\"wp-block-heading\">Casos de sucesso na Linha de Descascamento e Moagem de Paddy<\/h2>    <p>Our company&#8217;s rice milling unit production line has achieved remarkable success, not only recognized in the domestic market but also frequent transactions worldwide, involving more than ten countries including but not limited to Saudi Arabia, Vietnam, India, Pakistan, Bangladesh, Thailand, Nigeria, Kenya, Egypt, Brazil, Peru, and other countries.<\/p>    <figure class=\"wp-block-image size-full\"><img loading=\"lazy\" decoding=\"async\" width=\"720\" height=\"540\" src=\"https:\/\/www.agriculture-machine.com\/wp-content\/uploads\/2023\/12\/rice-milling-whitening-plant.webp\" alt=\"planta de branqueamento de moagem de arroz\" class=\"wp-image-15376\" srcset=\"https:\/\/www.agriculture-machine.com\/wp-content\/uploads\/2023\/12\/rice-milling-whitening-plant.webp 720w, https:\/\/www.agriculture-machine.com\/wp-content\/uploads\/2023\/12\/rice-milling-whitening-plant-360x270.webp 360w, https:\/\/www.agriculture-machine.com\/wp-content\/uploads\/2023\/12\/rice-milling-whitening-plant-240x180.webp 240w\" sizes=\"auto, (max-width: 720px) 100vw, 720px\" \/><figcaption class=\"wp-element-caption\">planta de branqueamento de moagem de arroz<\/figcaption><\/figure>    <p>A linha de produ\u00e7\u00e3o est\u00e1 equipada com um sistema de controlo inteligente, que \u00e9 f\u00e1cil de operar, reduz os custos de m\u00e3o-de-obra e melhora a efici\u00eancia de produ\u00e7\u00e3o. Al\u00e9m disso, ap\u00f3s um design cuidadoso, caracteriza-se por forte estabilidade e alta durabilidade, o que reduz efetivamente os custos de manuten\u00e7\u00e3o do equipamento e prolonga a sua vida \u00fatil. Estas vantagens fazem com que a nossa linha de produ\u00e7\u00e3o de moagem de arroz se destaque no mercado e seja altamente apreciada pelos clientes.<\/p>    <figure class=\"wp-block-image size-full\"><img loading=\"lazy\" decoding=\"async\" width=\"720\" height=\"540\" src=\"https:\/\/www.agriculture-machine.com\/wp-content\/uploads\/2023\/12\/40TPD-rice-husking-and-milling-line.webp\" alt=\"Linha de descascamento e moagem de arroz de 40 TPD\" class=\"wp-image-15377\" srcset=\"https:\/\/www.agriculture-machine.com\/wp-content\/uploads\/2023\/12\/40TPD-rice-husking-and-milling-line.webp 720w, https:\/\/www.agriculture-machine.com\/wp-content\/uploads\/2023\/12\/40TPD-rice-husking-and-milling-line-360x270.webp 360w, https:\/\/www.agriculture-machine.com\/wp-content\/uploads\/2023\/12\/40TPD-rice-husking-and-milling-line-240x180.webp 240w\" sizes=\"auto, (max-width: 720px) 100vw, 720px\" \/><figcaption class=\"wp-element-caption\">Linha de descascamento e moagem de arroz de 40 TPD<\/figcaption><\/figure>    <h2 class=\"wp-block-heading\">Classifica\u00e7\u00e3o de Subprodutos na Linha de Moagem de Arroz<\/h2>    <p>O subproduto obtido a partir da linha de descascamento e moagem de paddy e do acabamento do produto final \u00e9 a mistura de farelo e palha, que cont\u00e9m n\u00e3o s\u00f3 farelo de arroz e palha de arroz (gr\u00e3os de endosperma com um tamanho de gr\u00e3o menor do que o do arroz partido pequeno), mas tamb\u00e9m gr\u00e3os de arroz completos devido \u00e0 ruptura do orif\u00edcio da peneira de arroz ou por motivo de opera\u00e7\u00e3o incorreta, entre outros.<\/p>    <ul class=\"wp-block-list\"> <li>O farelo de arroz tem um alto valor econ\u00f3mico, n\u00e3o s\u00f3 para a produ\u00e7\u00e3o de \u00f3leo de farelo de arroz, mas tamb\u00e9m para a extra\u00e7\u00e3o de produtos como gl\u00faten, fitato de c\u00e1lcio, etc., bem como para a produ\u00e7\u00e3o de ra\u00e7\u00e3o.<\/li>    <li>A composi\u00e7\u00e3o qu\u00edmica do palha de arroz \u00e9 a mesma que a do arroz inteiro, podendo ser usada como mat\u00e9ria-prima para fazer a\u00e7\u00facar e vinho.<\/li>    <li>Os gr\u00e3os de arroz inteiros precisam ser devolvidos \u00e0 moagem para obter uma maior produtividade.<\/li>    <li>O arroz partido pode ser usado para produzir farinha de arroz de alto teor de prote\u00edna, fazer bebidas, fazer vinho e fazer mingau conveniente.<\/li> <\/ul>    <figure class=\"wp-block-image size-full\"><img loading=\"lazy\" decoding=\"async\" width=\"720\" height=\"540\" src=\"https:\/\/www.agriculture-machine.com\/wp-content\/uploads\/2023\/12\/white-rice-processing.webp\" alt=\"processamento de arroz branco\" class=\"wp-image-15372\" srcset=\"https:\/\/www.agriculture-machine.com\/wp-content\/uploads\/2023\/12\/white-rice-processing.webp 720w, https:\/\/www.agriculture-machine.com\/wp-content\/uploads\/2023\/12\/white-rice-processing-360x270.webp 360w, https:\/\/www.agriculture-machine.com\/wp-content\/uploads\/2023\/12\/white-rice-processing-240x180.webp 240w\" sizes=\"auto, (max-width: 720px) 100vw, 720px\" \/><figcaption class=\"wp-element-caption\">processamento de arroz branco<\/figcaption><\/figure>    <p>Para este prop\u00f3sito, \u00e9 necess\u00e1rio separar o farelo de arroz, palha de arroz, arroz partido e arroz inteiro um a um, para fazer o melhor uso deles, o que \u00e9 chamado de classifica\u00e7\u00e3o de subprodutos.<\/p>    <p class=\"translation-block\">Se estiver interessado na tecnologia de processamento de arroz branco da linha de descascamento e moagem de paddy, bem-vindo a visitar esta p\u00e1gina: <a href=\"https:\/\/www.agriculture-machine.com\/pt\/rice-mill-category\/\"><strong>https:\/\/www.agriculture-machine.com\/rice-mill-category\/<\/strong><\/a> para ver mais configura\u00e7\u00f5es, e pode sempre contactar-nos, n\u00f3s projetamos o programa mais adequado para si.<\/p>","protected":false},"excerpt":{"rendered":"<p>Taizy&#8217;s 30 tons per day output paddy husking and milling line is a set of highly efficient automated rice processing systems. The line includes a storage bin, water polishing, color sorting, and necessary essential infrastructure equipment, providing an integrated solution for farmers and rice processors, and reliable support for the modernization of the agricultural production [&hellip;]<\/p>\n","protected":false},"author":1,"featured_media":15398,"parent":0,"comment_status":"closed","ping_status":"closed","template":"","tags":[796],"product-type":[875,906],"class_list":["post-15370","product","type-product","status-publish","has-post-thumbnail","hentry","tag-rice","product-type-rice-mill-category","product-type-rice-mill-production-line"],"_links":{"self":[{"href":"https:\/\/www.agriculture-machine.com\/pt\/wp-json\/wp\/v2\/product\/15370","targetHints":{"allow":["GET"]}}],"collection":[{"href":"https:\/\/www.agriculture-machine.com\/pt\/wp-json\/wp\/v2\/product"}],"about":[{"href":"https:\/\/www.agriculture-machine.com\/pt\/wp-json\/wp\/v2\/types\/product"}],"author":[{"embeddable":true,"href":"https:\/\/www.agriculture-machine.com\/pt\/wp-json\/wp\/v2\/users\/1"}],"replies":[{"embeddable":true,"href":"https:\/\/www.agriculture-machine.com\/pt\/wp-json\/wp\/v2\/comments?post=15370"}],"wp:featuredmedia":[{"embeddable":true,"href":"https:\/\/www.agriculture-machine.com\/pt\/wp-json\/wp\/v2\/media\/15398"}],"wp:attachment":[{"href":"https:\/\/www.agriculture-machine.com\/pt\/wp-json\/wp\/v2\/media?parent=15370"}],"wp:term":[{"taxonomy":"post_tag","embeddable":true,"href":"https:\/\/www.agriculture-machine.com\/pt\/wp-json\/wp\/v2\/tags?post=15370"},{"taxonomy":"product-type","embeddable":true,"href":"https:\/\/www.agriculture-machine.com\/pt\/wp-json\/wp\/v2\/product-type?post=15370"}],"curies":[{"name":"wp","href":"https:\/\/api.w.org\/{rel}","templated":true}]}}