{"id":15378,"date":"2023-12-08T15:22:17","date_gmt":"2023-12-08T07:22:17","guid":{"rendered":"https:\/\/www.agriculture-machine.com\/?post_type=product&#038;p=15378"},"modified":"2024-09-18T15:45:09","modified_gmt":"2024-09-18T07:45:09","slug":"60tpd-rice-processing-unit","status":"publish","type":"product","link":"https:\/\/www.agriculture-machine.com\/pt\/60tpd-rice-processing-unit\/","title":{"rendered":"Unidade completa de processamento de arroz de 50-60 toneladas por dia"},"content":{"rendered":"<p>Esta linha de produ\u00e7\u00e3o de processamento de arroz foi projetada de forma \u00fanica para lidar com 50-60 toneladas de arroz paddy por dia, garantindo alta produtividade e qualidade do arroz, sendo adequada para grandes moinhos de arroz ou empresas de processamento de gr\u00e3os.<\/p>    <p>Esta linha de produ\u00e7\u00e3o pode ser personalizada com diferentes configura\u00e7\u00f5es de acordo com as necessidades do utilizador. N\u00e3o s\u00f3 melhora a efici\u00eancia de produ\u00e7\u00e3o de arroz, mas tamb\u00e9m realiza economias de custos consider\u00e1veis, oferecendo aos produtores de arroz uma solu\u00e7\u00e3o de produ\u00e7\u00e3o fi\u00e1vel, eficiente e avan\u00e7ada.<\/p>    <figure class=\"wp-block-image size-full\"><img loading=\"lazy\" decoding=\"async\" width=\"720\" height=\"540\" src=\"https:\/\/www.agriculture-machine.com\/wp-content\/uploads\/2023\/12\/60TPD-rice-processing-unit.webp\" alt=\"Unidade de processamento de arroz de 60TPD\" class=\"wp-image-15380\" srcset=\"https:\/\/www.agriculture-machine.com\/wp-content\/uploads\/2023\/12\/60TPD-rice-processing-unit.webp 720w, https:\/\/www.agriculture-machine.com\/wp-content\/uploads\/2023\/12\/60TPD-rice-processing-unit-360x270.webp 360w, https:\/\/www.agriculture-machine.com\/wp-content\/uploads\/2023\/12\/60TPD-rice-processing-unit-240x180.webp 240w\" sizes=\"auto, (max-width: 720px) 100vw, 720px\" \/><figcaption class=\"wp-element-caption\">Unidade de processamento de arroz de 60TPD<\/figcaption><\/figure>    <h2 class=\"wp-block-heading\">Estrutura principal da unidade de processamento de arroz de 60TPD<\/h2>    <p class=\"translation-block\">Os componentes desta linha est\u00e3o listados abaixo. \u00c9 importante notar que numa <strong><a href=\"https:\/\/www.agriculture-machine.com\/pt\/40ton-paddy-husking-and-milling-line\/\">linha de produ\u00e7\u00e3o com capacidade de 40 toneladas por dia<\/a><\/strong>, podem ser utilizados 2 ou 3 moinhos de arroz, mas neste caso, com capacidade de 50-60 toneladas, devem ser utilizados tr\u00eas moinhos.<\/p>    <figure class=\"wp-block-image size-full\"><img loading=\"lazy\" decoding=\"async\" width=\"720\" height=\"540\" src=\"https:\/\/www.agriculture-machine.com\/wp-content\/uploads\/2023\/12\/rice-processing-equipment.webp\" alt=\"equipamento de processamento de arroz\" class=\"wp-image-15381\" srcset=\"https:\/\/www.agriculture-machine.com\/wp-content\/uploads\/2023\/12\/rice-processing-equipment.webp 720w, https:\/\/www.agriculture-machine.com\/wp-content\/uploads\/2023\/12\/rice-processing-equipment-360x270.webp 360w, https:\/\/www.agriculture-machine.com\/wp-content\/uploads\/2023\/12\/rice-processing-equipment-240x180.webp 240w\" sizes=\"auto, (max-width: 720px) 100vw, 720px\" \/><figcaption class=\"wp-element-caption\">equipamento de processamento de arroz<\/figcaption><\/figure>    <h2 class=\"wp-block-heading\">Prop\u00f3sito e Requisitos da Moagem de Arroz<\/h2>    <p class=\"translation-block\">A moagem do arroz ocupa uma posi\u00e7\u00e3o importante em toda a <strong><a href=\"https:\/\/www.agriculture-machine.com\/pt\/rice-milling-plant-machine\/\">linha de produ\u00e7\u00e3o de arroz branco<\/a><\/strong>, que \u00e9 o processo mais importante do processamento de arroz, e tamb\u00e9m um elo importante para garantir a qualidade do arroz, aumentar a produtividade e reduzir o consumo de energia.<\/p>    <ul class=\"wp-block-list\"> <li>A camada superficial do arroz integral cont\u00e9m muita fibra bruta, que o corpo humano n\u00e3o \u00e9 f\u00e1cil de digerir; al\u00e9m disso, o arroz integral n\u00e3o absorve facilmente \u00e1gua e expande, aumentando o tempo de cozedura, reduzindo a taxa de arroz, e a cor \u00e9 escura, a viscosidade \u00e9 pobre, o sabor \u00e9 ruim. Portanto, o arroz integral deve ser removido da sua casca atrav\u00e9s da unidade de processamento de arroz.<\/li>    <li>O grau de descascamento do arroz integral determina a precis\u00e3o do arroz. Quanto mais cascas forem removidas do arroz integral, maior ser\u00e1 a precis\u00e3o do arroz acabado, embora a perda de nutrientes seja mais grave. V\u00e1rios graus de arroz, al\u00e9m dos diferentes graus de reten\u00e7\u00e3o da casca, t\u00eam outros indicadores diferentes, como a inclus\u00e3o de impurezas, quebras, etc.<\/li> <\/ul>    <figure class=\"wp-block-image size-full\"><img loading=\"lazy\" decoding=\"async\" width=\"720\" height=\"540\" src=\"https:\/\/www.agriculture-machine.com\/wp-content\/uploads\/2023\/12\/grain-processing-and-rice-polishing-machine.webp\" alt=\"m\u00e1quina de processamento de gr\u00e3os e polimento de arroz\" class=\"wp-image-15382\" srcset=\"https:\/\/www.agriculture-machine.com\/wp-content\/uploads\/2023\/12\/grain-processing-and-rice-polishing-machine.webp 720w, https:\/\/www.agriculture-machine.com\/wp-content\/uploads\/2023\/12\/grain-processing-and-rice-polishing-machine-360x270.webp 360w, https:\/\/www.agriculture-machine.com\/wp-content\/uploads\/2023\/12\/grain-processing-and-rice-polishing-machine-240x180.webp 240w\" sizes=\"auto, (max-width: 720px) 100vw, 720px\" \/><figcaption class=\"wp-element-caption\">m\u00e1quina de processamento de gr\u00e3os e polimento de arroz<\/figcaption><\/figure>    <p>Na unidade de processamento de arroz integral, a nossa m\u00e1quina pode alcan\u00e7ar o arroz acabado em conformidade com os padr\u00f5es de qualidade prescritos, mantendo a integridade do gr\u00e3o de arroz, reduzindo o arroz partido, melhorando a resist\u00eancia do arroz, reduzindo custos e garantindo a seguran\u00e7a da produ\u00e7\u00e3o.<\/p>    <h2 class=\"wp-block-heading\">Produto acabado de moinho de arroz comercial combinado<\/h2>    <ul class=\"wp-block-list\"> <li>Ap\u00f3s a moagem do arroz na m\u00e1quina de moagem, o arroz branco misturado com palha e arroz partido, e a temperatura do arroz \u00e9 relativamente alta, o que n\u00e3o s\u00f3 afeta a qualidade do produto final, mas tamb\u00e9m n\u00e3o favorece o armazenamento do arroz.<\/li>    <li>Portanto, o arroz branco fora da m\u00e1quina no produto acabado antes do embalamento deve ser separado, de modo que o arroz acabado contenha palha, com taxa de quebras em conformidade com os requisitos padr\u00e3o, para que a temperatura do arroz des\u00e7a para a faixa de armazenamento, mas tamb\u00e9m de acordo com as disposi\u00e7\u00f5es nacionais de padr\u00e3o de classifica\u00e7\u00e3o de quebras do produto acabado.<\/li>    <li>In addition, the people&#8217;s standard of living has been improved, and high taste and high-quality rice is gradually favored by consumers so that the rice can be surface treated so that it is crystal clear.<\/li>    <li>Tamb\u00e9m pode estar contido na cor do gr\u00e3o de arroz (principalmente arroz amarelo, ou seja, o endosperma \u00e9 amarelo, e a cor normal do gr\u00e3o de arroz \u00e9 diferente do arroz) para remover, aumentar o seu valor comercial e melhorar a qualidade do alimento.<\/li> <\/ul>    <figure class=\"wp-block-image size-full\"><img loading=\"lazy\" decoding=\"async\" width=\"720\" height=\"540\" src=\"https:\/\/www.agriculture-machine.com\/wp-content\/uploads\/2023\/12\/grain-paddy-rice-processing-unit.webp\" alt=\"unidade de processamento de arroz de gr\u00e3o paddy\" class=\"wp-image-15384\" srcset=\"https:\/\/www.agriculture-machine.com\/wp-content\/uploads\/2023\/12\/grain-paddy-rice-processing-unit.webp 720w, https:\/\/www.agriculture-machine.com\/wp-content\/uploads\/2023\/12\/grain-paddy-rice-processing-unit-360x270.webp 360w, https:\/\/www.agriculture-machine.com\/wp-content\/uploads\/2023\/12\/grain-paddy-rice-processing-unit-240x180.webp 240w\" sizes=\"auto, (max-width: 720px) 100vw, 720px\" \/><figcaption class=\"wp-element-caption\">unidade de processamento de arroz de gr\u00e3o paddy<\/figcaption><\/figure>    <h2 class=\"wp-block-heading\">Servi\u00e7o p\u00f3s-venda e instala\u00e7\u00e3o<\/h2>    <ul class=\"wp-block-list\"> <li>Podemos desenhar plantas de instala\u00e7\u00e3o de acordo com o seu local de processamento, etc., e garantir servi\u00e7os de instala\u00e7\u00e3o no local r\u00e1pidos e precisos ap\u00f3s a compra das nossas unidades de processamento de arroz.<\/li>    <li>Al\u00e9m disso, fornecemos uma forma\u00e7\u00e3o completa para garantir que os nossos clientes entendam como operar e manter corretamente o equipamento.<\/li>    <li>A nossa equipa de servi\u00e7o p\u00f3s-venda est\u00e1 sempre de prontid\u00e3o para garantir que possamos responder rapidamente a problemas encontrados na opera\u00e7\u00e3o do equipamento e fornecer suporte remoto ou servi\u00e7o no local.<\/li> <\/ul>    <figure class=\"wp-block-image size-full\"><img loading=\"lazy\" decoding=\"async\" width=\"720\" height=\"540\" src=\"https:\/\/www.agriculture-machine.com\/wp-content\/uploads\/2023\/12\/60TPD-rice-processing-unit-drawing.webp\" alt=\"Desenho da unidade de processamento de arroz de 60TPD\" class=\"wp-image-15383\" srcset=\"https:\/\/www.agriculture-machine.com\/wp-content\/uploads\/2023\/12\/60TPD-rice-processing-unit-drawing.webp 720w, https:\/\/www.agriculture-machine.com\/wp-content\/uploads\/2023\/12\/60TPD-rice-processing-unit-drawing-360x270.webp 360w, https:\/\/www.agriculture-machine.com\/wp-content\/uploads\/2023\/12\/60TPD-rice-processing-unit-drawing-240x180.webp 240w\" sizes=\"auto, (max-width: 720px) 100vw, 720px\" \/><figcaption class=\"wp-element-caption\">Desenho da unidade de processamento de arroz de 60TPD<\/figcaption><\/figure>    <p>Por fim, tamb\u00e9m podemos desenhar e produzir uma unidade de processamento de arroz com capacidade de produ\u00e7\u00e3o de 100 toneladas por dia, como mostrado na figura abaixo para refer\u00eancia:<\/p>    <figure class=\"wp-block-image size-full\"><img loading=\"lazy\" decoding=\"async\" width=\"720\" height=\"540\" src=\"https:\/\/www.agriculture-machine.com\/wp-content\/uploads\/2023\/12\/paddy-rice-milling-plant-drawing.webp\" alt=\"Desenho da planta de moagem de arroz paddy\" class=\"wp-image-15385\" srcset=\"https:\/\/www.agriculture-machine.com\/wp-content\/uploads\/2023\/12\/paddy-rice-milling-plant-drawing.webp 720w, https:\/\/www.agriculture-machine.com\/wp-content\/uploads\/2023\/12\/paddy-rice-milling-plant-drawing-360x270.webp 360w, https:\/\/www.agriculture-machine.com\/wp-content\/uploads\/2023\/12\/paddy-rice-milling-plant-drawing-240x180.webp 240w\" sizes=\"auto, (max-width: 720px) 100vw, 720px\" \/><figcaption class=\"wp-element-caption\">Desenho da planta de moagem de arroz paddy<\/figcaption><\/figure>    <p>Bem-vindo a navegar neste site para obter mais configura\u00e7\u00f5es e outputs diferentes de processamento de arroz, e, pode sempre contactar-nos para mais informa\u00e7\u00f5es de par\u00e2metros e or\u00e7amentos.<\/p>","protected":false},"excerpt":{"rendered":"<p>This rice processing unit production line is uniquely designed to handle 50-60 tons of paddy per day, ensuring high yield and quality of rice, and is suitable for large-scale rice mills or grain processing enterprises. This production line can be customized with different configurations according to user needs. It not only improves rice production efficiency [&hellip;]<\/p>\n","protected":false},"author":1,"featured_media":15379,"parent":0,"comment_status":"closed","ping_status":"closed","template":"","tags":[796],"product-type":[875,906],"class_list":["post-15378","product","type-product","status-publish","has-post-thumbnail","hentry","tag-rice","product-type-rice-mill-category","product-type-rice-mill-production-line"],"_links":{"self":[{"href":"https:\/\/www.agriculture-machine.com\/pt\/wp-json\/wp\/v2\/product\/15378","targetHints":{"allow":["GET"]}}],"collection":[{"href":"https:\/\/www.agriculture-machine.com\/pt\/wp-json\/wp\/v2\/product"}],"about":[{"href":"https:\/\/www.agriculture-machine.com\/pt\/wp-json\/wp\/v2\/types\/product"}],"author":[{"embeddable":true,"href":"https:\/\/www.agriculture-machine.com\/pt\/wp-json\/wp\/v2\/users\/1"}],"replies":[{"embeddable":true,"href":"https:\/\/www.agriculture-machine.com\/pt\/wp-json\/wp\/v2\/comments?post=15378"}],"wp:featuredmedia":[{"embeddable":true,"href":"https:\/\/www.agriculture-machine.com\/pt\/wp-json\/wp\/v2\/media\/15379"}],"wp:attachment":[{"href":"https:\/\/www.agriculture-machine.com\/pt\/wp-json\/wp\/v2\/media?parent=15378"}],"wp:term":[{"taxonomy":"post_tag","embeddable":true,"href":"https:\/\/www.agriculture-machine.com\/pt\/wp-json\/wp\/v2\/tags?post=15378"},{"taxonomy":"product-type","embeddable":true,"href":"https:\/\/www.agriculture-machine.com\/pt\/wp-json\/wp\/v2\/product-type?post=15378"}],"curies":[{"name":"wp","href":"https:\/\/api.w.org\/{rel}","templated":true}]}}