{"id":15451,"date":"2023-12-25T15:05:47","date_gmt":"2023-12-25T07:05:47","guid":{"rendered":"https:\/\/www.agriculture-machine.com\/?post_type=product&#038;p=15451"},"modified":"2024-09-23T11:26:51","modified_gmt":"2024-09-23T03:26:51","slug":"corn-cleaner-machine","status":"publish","type":"product","link":"https:\/\/www.agriculture-machine.com\/pt\/corn-cleaner-machine\/","title":{"rendered":"M\u00e1quina limpa milho de alta efici\u00eancia \u00e0 venda"},"content":{"rendered":"<p class=\"translation-block\">A <strong>m\u00e1quina de limpeza de milho<\/strong> \u00e9 principalmente usada para limpar trigo, milho, soja e outros gr\u00e3os com impurezas grandes, m\u00e9dias e pequenas. \u00c9 um equipamento importante indispens\u00e1vel para limpar o gr\u00e3o original antes do processamento de farinha de trigo. A produ\u00e7\u00e3o pode atingir 500-600kg\/h.<\/p>    <figure class=\"wp-block-embed aligncenter is-type-video is-provider-youtube wp-block-embed-youtube wp-embed-aspect-16-9 wp-has-aspect-ratio\"><div class=\"wp-block-embed__wrapper\"> <iframe loading=\"lazy\" title=\"\u00d3tima m\u00e1quina de limpeza de gr\u00e3os para uma vasta gama de culturas!\" width=\"500\" height=\"281\" src=\"https:\/\/www.youtube.com\/embed\/853oAV9d2gA?feature=oembed\" frameborder=\"0\" allow=\"accelerometer; autoplay; clipboard-write; encrypted-media; gyroscope; picture-in-picture; web-share\" referrerpolicy=\"strict-origin-when-cross-origin\" allowfullscreen><\/iframe> <\/div><figcaption class=\"wp-element-caption\">V\u00eddeo de funcionamento da m\u00e1quina de limpeza de gr\u00e3os<\/figcaption><\/figure>    <p class=\"translation-block\">Este equipamento de limpeza de gr\u00e3os possui quatro partes: carregamento autom\u00e1tico, triagem de duas camadas, desbaste de gr\u00e3os na rede, tritura\u00e7\u00e3o de trigo e desmisturamento. Tem as vantagens de volume pequeno, peso leve, baixo consumo de energia, desempenho est\u00e1vel, processo avan\u00e7ado e integra\u00e7\u00e3o multifuncional. A m\u00e1quina de limpeza de milho \u00e9 o equipamento de apoio ideal para <strong><a href=\"https:\/\/www.agriculture-machine.com\/pt\/corn-grits-making-machine\/\"><em>m\u00e1quina de fazer gr\u00e3os de milho<\/em><\/a><\/strong> e <strong><a href=\"https:\/\/www.agriculture-machine.com\/pt\/corn-grinder-machine\/\"><em>m\u00e1quina de moagem de farinha de milho<\/em><\/a><\/strong>.<\/p>    <figure class=\"wp-block-gallery has-nested-images columns-2 is-cropped wp-block-gallery-2 is-layout-flex wp-block-gallery-is-layout-flex\"> <figure class=\"wp-block-image size-large\"><img loading=\"lazy\" decoding=\"async\" width=\"720\" height=\"540\" data-id=\"16348\" src=\"https:\/\/www.agriculture-machine.com\/wp-content\/uploads\/2023\/12\/grain-seed-cleaner.webp\" alt=\"limpador de sementes de gr\u00e3os\" class=\"wp-image-16348\" srcset=\"https:\/\/www.agriculture-machine.com\/wp-content\/uploads\/2023\/12\/grain-seed-cleaner.webp 720w, https:\/\/www.agriculture-machine.com\/wp-content\/uploads\/2023\/12\/grain-seed-cleaner-360x270.webp 360w, https:\/\/www.agriculture-machine.com\/wp-content\/uploads\/2023\/12\/grain-seed-cleaner-240x180.webp 240w, https:\/\/www.agriculture-machine.com\/wp-content\/uploads\/2023\/12\/grain-seed-cleaner-16x12.webp 16w\" sizes=\"auto, (max-width: 720px) 100vw, 720px\" \/><figcaption class=\"wp-element-caption\">limpador de sementes de gr\u00e3os<\/figcaption><\/figure>    <figure class=\"wp-block-image size-large\"><img loading=\"lazy\" decoding=\"async\" width=\"720\" height=\"540\" data-id=\"16347\" src=\"https:\/\/www.agriculture-machine.com\/wp-content\/uploads\/2023\/12\/crop-cleaning-machine.webp\" alt=\"m\u00e1quina de limpeza de culturas\" class=\"wp-image-16347\" srcset=\"https:\/\/www.agriculture-machine.com\/wp-content\/uploads\/2023\/12\/crop-cleaning-machine.webp 720w, https:\/\/www.agriculture-machine.com\/wp-content\/uploads\/2023\/12\/crop-cleaning-machine-360x270.webp 360w, https:\/\/www.agriculture-machine.com\/wp-content\/uploads\/2023\/12\/crop-cleaning-machine-240x180.webp 240w, https:\/\/www.agriculture-machine.com\/wp-content\/uploads\/2023\/12\/crop-cleaning-machine-16x12.webp 16w\" sizes=\"auto, (max-width: 720px) 100vw, 720px\" \/><figcaption class=\"wp-element-caption\">m\u00e1quina de limpeza de culturas<\/figcaption><\/figure>    <figure class=\"wp-block-image size-large\"><img loading=\"lazy\" decoding=\"async\" width=\"720\" height=\"540\" data-id=\"16349\" src=\"https:\/\/www.agriculture-machine.com\/wp-content\/uploads\/2023\/12\/grain-sifter.webp\" alt=\"separador de gr\u00e3os\" class=\"wp-image-16349\" srcset=\"https:\/\/www.agriculture-machine.com\/wp-content\/uploads\/2023\/12\/grain-sifter.webp 720w, https:\/\/www.agriculture-machine.com\/wp-content\/uploads\/2023\/12\/grain-sifter-360x270.webp 360w, https:\/\/www.agriculture-machine.com\/wp-content\/uploads\/2023\/12\/grain-sifter-240x180.webp 240w, https:\/\/www.agriculture-machine.com\/wp-content\/uploads\/2023\/12\/grain-sifter-16x12.webp 16w\" sizes=\"auto, (max-width: 720px) 100vw, 720px\" \/><figcaption class=\"wp-element-caption\">separador de gr\u00e3os<\/figcaption><\/figure>    <figure class=\"wp-block-image size-large\"><img loading=\"lazy\" decoding=\"async\" width=\"720\" height=\"540\" data-id=\"16350\" src=\"https:\/\/www.agriculture-machine.com\/wp-content\/uploads\/2023\/12\/grain-sorter.webp\" alt=\"separador de gr\u00e3os\" class=\"wp-image-16350\" srcset=\"https:\/\/www.agriculture-machine.com\/wp-content\/uploads\/2023\/12\/grain-sorter.webp 720w, https:\/\/www.agriculture-machine.com\/wp-content\/uploads\/2023\/12\/grain-sorter-360x270.webp 360w, https:\/\/www.agriculture-machine.com\/wp-content\/uploads\/2023\/12\/grain-sorter-240x180.webp 240w, https:\/\/www.agriculture-machine.com\/wp-content\/uploads\/2023\/12\/grain-sorter-16x12.webp 16w\" sizes=\"auto, (max-width: 720px) 100vw, 720px\" \/><figcaption class=\"wp-element-caption\">separador de gr\u00e3os<\/figcaption><\/figure> <\/figure>    <h2 class=\"wp-block-heading\">Estrutura e fun\u00e7\u00e3o do limpador de milho<\/h2>    <ul class=\"wp-block-list\"> <li><strong>Ventilador:<\/strong> Carregamento autom\u00e1tico e suc\u00e7\u00e3o de p\u00f3, o material processado \u00e9 transportado e elevado por fluxo de ar de alta velocidade e entra no descarregador de caixa triangular atrav\u00e9s do tubo de transporte. Por gravidade, o material afunda e sai pelo tubo de ar fechado, entrando na primeira tela plana.<\/li>    <li><strong>peneira plana:<\/strong> O uso de materiais e impurezas de diferentes tamanhos de part\u00edculas, removendo as impurezas menores ou maiores que o material. A peneira adota estrutura de dupla peneira superior e inferior, grande amplitude e alta taxa de remo\u00e7\u00e3o de impurezas.<\/li>    <li><strong>M\u00e1quina de desbaste:<\/strong> O uso de materiais com uma gravidade espec\u00edfica diferente faz com que a velocidade de suspens\u00e3o seja diferente. A a\u00e7\u00e3o do ventilador na corrente de ar, devido \u00e0 vibra\u00e7\u00e3o da placa da peneira, remove o material das impurezas grandes.<\/li>    <li><strong>agitador de trigo:<\/strong> O uso de rota\u00e7\u00e3o de alta velocidade da placa de batimento para combater materiais e impurezas. A terra e impurezas fr\u00e1geis aderidas ao material ser\u00e3o quebradas e descarregadas atrav\u00e9s da porta de descarga.<\/li> <\/ul>    <figure class=\"wp-block-gallery has-nested-images columns-default is-cropped wp-block-gallery-3 is-layout-flex wp-block-gallery-is-layout-flex\"> <figure class=\"wp-block-image size-large\"><img loading=\"lazy\" decoding=\"async\" width=\"720\" height=\"540\" data-id=\"16346\" src=\"https:\/\/www.agriculture-machine.com\/wp-content\/uploads\/2023\/12\/structure-of-grain-cleaning-machine.webp\" alt=\"estrutura da m\u00e1quina de limpeza de gr\u00e3os\" class=\"wp-image-16346\" srcset=\"https:\/\/www.agriculture-machine.com\/wp-content\/uploads\/2023\/12\/structure-of-grain-cleaning-machine.webp 720w, https:\/\/www.agriculture-machine.com\/wp-content\/uploads\/2023\/12\/structure-of-grain-cleaning-machine-360x270.webp 360w, https:\/\/www.agriculture-machine.com\/wp-content\/uploads\/2023\/12\/structure-of-grain-cleaning-machine-240x180.webp 240w, https:\/\/www.agriculture-machine.com\/wp-content\/uploads\/2023\/12\/structure-of-grain-cleaning-machine-16x12.webp 16w\" sizes=\"auto, (max-width: 720px) 100vw, 720px\" \/><figcaption class=\"wp-element-caption\">estrutura da m\u00e1quina de limpeza de gr\u00e3os<\/figcaption><\/figure>    <figure class=\"wp-block-image size-large\"><img loading=\"lazy\" decoding=\"async\" width=\"720\" height=\"540\" data-id=\"16345\" src=\"https:\/\/www.agriculture-machine.com\/wp-content\/uploads\/2023\/12\/grain-cleaner-basic-components.webp\" alt=\"Componentes b\u00e1sicos da m\u00e1quina de limpeza de gr\u00e3os\" class=\"wp-image-16345\" srcset=\"https:\/\/www.agriculture-machine.com\/wp-content\/uploads\/2023\/12\/grain-cleaner-basic-components.webp 720w, https:\/\/www.agriculture-machine.com\/wp-content\/uploads\/2023\/12\/grain-cleaner-basic-components-360x270.webp 360w, https:\/\/www.agriculture-machine.com\/wp-content\/uploads\/2023\/12\/grain-cleaner-basic-components-240x180.webp 240w, https:\/\/www.agriculture-machine.com\/wp-content\/uploads\/2023\/12\/grain-cleaner-basic-components-16x12.webp 16w\" sizes=\"auto, (max-width: 720px) 100vw, 720px\" \/><figcaption class=\"wp-element-caption\">Componentes b\u00e1sicos da m\u00e1quina de limpeza de gr\u00e3os<\/figcaption><\/figure> <\/figure>    <h2 class=\"wp-block-heading\">Par\u00e2metros t\u00e9cnicos da m\u00e1quina de limpeza de milho<\/h2>    <ul class=\"wp-block-list\"> <li>Dimens\u00f5es externas: 1200*770*2900mm (comprimento\u00d7largura\u00d7altura)<\/li>    <li>Peso: 300kg<\/li>    <li>Produ\u00e7\u00e3o: 600kg\/h<\/li>    <li>Pot\u00eancia de suporte: 4 n\u00edveis 3kw<\/li>    <li>Velocidade do soprador: 3100rpm <\/li>    <li>Velocidade do agitador de trigo: 1200rpm<\/li>    <li>Frequ\u00eancia de vibra\u00e7\u00e3o do corpo da peneira: 550rpm<\/li>    <li>Velocidade do ventilador de desbastamento: 1230rpm<\/li> <\/ul>    <figure class=\"wp-block-gallery has-nested-images columns-default is-cropped wp-block-gallery-4 is-layout-flex wp-block-gallery-is-layout-flex\"> <figure class=\"wp-block-image size-large\"><img loading=\"lazy\" decoding=\"async\" width=\"720\" height=\"540\" data-id=\"15452\" src=\"https:\/\/www.agriculture-machine.com\/wp-content\/uploads\/2023\/12\/maize-cleaning-machine.webp\" alt=\"m\u00e1quina de limpeza de milho\" class=\"wp-image-15452\" srcset=\"https:\/\/www.agriculture-machine.com\/wp-content\/uploads\/2023\/12\/maize-cleaning-machine.webp 720w, https:\/\/www.agriculture-machine.com\/wp-content\/uploads\/2023\/12\/maize-cleaning-machine-360x270.webp 360w, https:\/\/www.agriculture-machine.com\/wp-content\/uploads\/2023\/12\/maize-cleaning-machine-240x180.webp 240w\" sizes=\"auto, (max-width: 720px) 100vw, 720px\" \/><figcaption class=\"wp-element-caption\">m\u00e1quina de limpeza de milho<\/figcaption><\/figure>    <figure class=\"wp-block-image size-large\"><img loading=\"lazy\" decoding=\"async\" width=\"720\" height=\"540\" data-id=\"15456\" src=\"https:\/\/www.agriculture-machine.com\/wp-content\/uploads\/2023\/12\/grain-cleaning-equipment.webp\" alt=\"equipamento de limpeza de gr\u00e3os\" class=\"wp-image-15456\" srcset=\"https:\/\/www.agriculture-machine.com\/wp-content\/uploads\/2023\/12\/grain-cleaning-equipment.webp 720w, https:\/\/www.agriculture-machine.com\/wp-content\/uploads\/2023\/12\/grain-cleaning-equipment-360x270.webp 360w, https:\/\/www.agriculture-machine.com\/wp-content\/uploads\/2023\/12\/grain-cleaning-equipment-240x180.webp 240w\" sizes=\"auto, (max-width: 720px) 100vw, 720px\" \/><figcaption class=\"wp-element-caption\">equipamento de limpeza de gr\u00e3os<\/figcaption><\/figure> <\/figure>    <h2 class=\"wp-block-heading\">Precau\u00e7\u00f5es na instala\u00e7\u00e3o do limpador de gr\u00e3os<\/h2>    <ul class=\"wp-block-list\"> <li>A funda\u00e7\u00e3o de instala\u00e7\u00e3o deve estar nivelada e os parafusos de ancoragem devem estar apertados.<\/li>    <li>A dire\u00e7\u00e3o de rota\u00e7\u00e3o do motor deve ser consistente com a dire\u00e7\u00e3o de rota\u00e7\u00e3o marcada no eixo.<\/li>    <li>A instala\u00e7\u00e3o de fios e motores deve ser conclu\u00edda por eletricistas e t\u00e9cnicos em conjunto.<\/li>    <li>Esta m\u00e1quina de limpeza de milho \u00e9 usada em conjunto com outros equipamentos de moagem, considerando a posi\u00e7\u00e3o relativa do silo de gr\u00e3os.<\/li> <\/ul>    <figure class=\"wp-block-gallery has-nested-images columns-default is-cropped wp-block-gallery-5 is-layout-flex wp-block-gallery-is-layout-flex\"> <figure class=\"wp-block-image size-large\"><img loading=\"lazy\" decoding=\"async\" width=\"720\" height=\"540\" data-id=\"15453\" src=\"https:\/\/www.agriculture-machine.com\/wp-content\/uploads\/2023\/12\/corn-cleaner-for-sale.webp\" alt=\"m\u00e1quina de limpeza de milho \u00e0 venda\" class=\"wp-image-15453\" srcset=\"https:\/\/www.agriculture-machine.com\/wp-content\/uploads\/2023\/12\/corn-cleaner-for-sale.webp 720w, https:\/\/www.agriculture-machine.com\/wp-content\/uploads\/2023\/12\/corn-cleaner-for-sale-360x270.webp 360w, https:\/\/www.agriculture-machine.com\/wp-content\/uploads\/2023\/12\/corn-cleaner-for-sale-240x180.webp 240w\" sizes=\"auto, (max-width: 720px) 100vw, 720px\" \/><figcaption class=\"wp-element-caption\">m\u00e1quina de limpeza de milho \u00e0 venda<\/figcaption><\/figure>    <figure class=\"wp-block-image size-large\"><img loading=\"lazy\" decoding=\"async\" width=\"720\" height=\"540\" data-id=\"15454\" src=\"https:\/\/www.agriculture-machine.com\/wp-content\/uploads\/2023\/12\/corn-cleaning-machine-for-sale.webp\" alt=\"m\u00e1quina de limpeza de milho para venda\" class=\"wp-image-15454\" srcset=\"https:\/\/www.agriculture-machine.com\/wp-content\/uploads\/2023\/12\/corn-cleaning-machine-for-sale.webp 720w, https:\/\/www.agriculture-machine.com\/wp-content\/uploads\/2023\/12\/corn-cleaning-machine-for-sale-360x270.webp 360w, https:\/\/www.agriculture-machine.com\/wp-content\/uploads\/2023\/12\/corn-cleaning-machine-for-sale-240x180.webp 240w\" sizes=\"auto, (max-width: 720px) 100vw, 720px\" \/><figcaption class=\"wp-element-caption\">m\u00e1quina de limpeza de milho para venda<\/figcaption><\/figure> <\/figure>    <h2 class=\"wp-block-heading\"><strong>Ajuste de instala\u00e7\u00e3o e opera\u00e7\u00e3o<\/strong><\/h2>    <p>Antes da instala\u00e7\u00e3o, verifique se h\u00e1 detritos no equipamento. O operador deve primeiro garantir a seguran\u00e7a das pessoas e das m\u00e1quinas.<\/p>    <ul class=\"wp-block-list\"> <li>Ap\u00f3s o limpador de milho estar em marcha lenta por 1-2 minutos, abra o alimentador sob condi\u00e7\u00f5es normais e ajuste a comporta para a posi\u00e7\u00e3o adequada, de pequena a grande.<\/li>    <li>A press\u00e3o da banda el\u00e1stica do tubo de ar fechado deve ser ajustada para que o milho seja descarregado de forma uniforme, sem sair da sa\u00edda do ventilador. N\u00e3o deve estar demasiado solta nem demasiado apertada.<\/li>    <li>A desbaste de desbaste sob a boca e a coordena\u00e7\u00e3o adequada da folga de entrada do agitador de trigo. Caso contr\u00e1rio, qualquer impacto afetar\u00e1 o efeito do desbaste.<\/li>    <li>Coopera\u00e7\u00e3o estreita entre a sa\u00edda do agitador de trigo e a entrada do misturador. N\u00e3o deve haver fuga de material em funcionamento.<\/li>    <li>Assegure que a humidade do trigo, a humidade do trigo duro podem estar entre 15,5%-16,5%.<\/li>    <li>A sa\u00edda de ar do ventilador n\u00e3o deve estar ligada a sacos para garantir que a sa\u00edda de ar n\u00e3o esteja obstru\u00edda.<\/li> <\/ul>    <figure class=\"wp-block-gallery has-nested-images columns-default is-cropped wp-block-gallery-6 is-layout-flex wp-block-gallery-is-layout-flex\"> <figure class=\"wp-block-image size-large\"><img loading=\"lazy\" decoding=\"async\" width=\"720\" height=\"540\" data-id=\"15455\" src=\"https:\/\/www.agriculture-machine.com\/wp-content\/uploads\/2023\/12\/maize-corn-cleaner-machine.webp\" alt=\"m\u00e1quina de limpeza de milho\" class=\"wp-image-15455\" srcset=\"https:\/\/www.agriculture-machine.com\/wp-content\/uploads\/2023\/12\/maize-corn-cleaner-machine.webp 720w, https:\/\/www.agriculture-machine.com\/wp-content\/uploads\/2023\/12\/maize-corn-cleaner-machine-360x270.webp 360w, https:\/\/www.agriculture-machine.com\/wp-content\/uploads\/2023\/12\/maize-corn-cleaner-machine-240x180.webp 240w\" sizes=\"auto, (max-width: 720px) 100vw, 720px\" \/><figcaption class=\"wp-element-caption\">m\u00e1quina de limpeza de milho<\/figcaption><\/figure>    <figure class=\"wp-block-image size-large\"><img loading=\"lazy\" decoding=\"async\" width=\"720\" height=\"540\" data-id=\"15457\" src=\"https:\/\/www.agriculture-machine.com\/wp-content\/uploads\/2023\/12\/grain-cleaner-packing-site.webp\" alt=\"local de embalagem do limpador de gr\u00e3os\" class=\"wp-image-15457\" srcset=\"https:\/\/www.agriculture-machine.com\/wp-content\/uploads\/2023\/12\/grain-cleaner-packing-site.webp 720w, https:\/\/www.agriculture-machine.com\/wp-content\/uploads\/2023\/12\/grain-cleaner-packing-site-360x270.webp 360w, https:\/\/www.agriculture-machine.com\/wp-content\/uploads\/2023\/12\/grain-cleaner-packing-site-240x180.webp 240w\" sizes=\"auto, (max-width: 720px) 100vw, 720px\" \/><figcaption class=\"wp-element-caption\">local de embalagem do limpador de gr\u00e3os<\/figcaption><\/figure> <\/figure>    <p>Desde o plantio do milho at\u00e9 \u00e0 colheita, moagem de gr\u00e3os e outros processos, temos as m\u00e1quinas correspondentes. Por favor, entre em contacto connosco, diga-nos as suas necessidades, e recomendaremos a m\u00e1quina mais adequada para si.<\/p>","protected":false},"excerpt":{"rendered":"<p>Corn cleaner&#8217;s main function is to clean the impurities in corn and other grains, in line with the requirements of the market and food safety.<\/p>","protected":false},"author":1,"featured_media":16353,"parent":0,"comment_status":"closed","ping_status":"closed","template":"","tags":[2636],"product-type":[873],"class_list":["post-15451","product","type-product","status-publish","has-post-thumbnail","hentry","tag-cleaning","product-type-corn-grains-grinding-equipment"],"_links":{"self":[{"href":"https:\/\/www.agriculture-machine.com\/pt\/wp-json\/wp\/v2\/product\/15451","targetHints":{"allow":["GET"]}}],"collection":[{"href":"https:\/\/www.agriculture-machine.com\/pt\/wp-json\/wp\/v2\/product"}],"about":[{"href":"https:\/\/www.agriculture-machine.com\/pt\/wp-json\/wp\/v2\/types\/product"}],"author":[{"embeddable":true,"href":"https:\/\/www.agriculture-machine.com\/pt\/wp-json\/wp\/v2\/users\/1"}],"replies":[{"embeddable":true,"href":"https:\/\/www.agriculture-machine.com\/pt\/wp-json\/wp\/v2\/comments?post=15451"}],"wp:featuredmedia":[{"embeddable":true,"href":"https:\/\/www.agriculture-machine.com\/pt\/wp-json\/wp\/v2\/media\/16353"}],"wp:attachment":[{"href":"https:\/\/www.agriculture-machine.com\/pt\/wp-json\/wp\/v2\/media?parent=15451"}],"wp:term":[{"taxonomy":"post_tag","embeddable":true,"href":"https:\/\/www.agriculture-machine.com\/pt\/wp-json\/wp\/v2\/tags?post=15451"},{"taxonomy":"product-type","embeddable":true,"href":"https:\/\/www.agriculture-machine.com\/pt\/wp-json\/wp\/v2\/product-type?post=15451"}],"curies":[{"name":"wp","href":"https:\/\/api.w.org\/{rel}","templated":true}]}}