{"id":15641,"date":"2024-01-25T14:30:54","date_gmt":"2024-01-25T06:30:54","guid":{"rendered":"https:\/\/www.agriculture-machine.com\/?post_type=product&#038;p=15641"},"modified":"2025-08-25T16:48:08","modified_gmt":"2025-08-25T08:48:08","slug":"silage-spreader-feeding-car","status":"publish","type":"product","link":"https:\/\/www.agriculture-machine.com\/pt\/silage-spreader-feeding-car\/","title":{"rendered":"Misturador de relva el\u00e9trico, espalhador de silagem, ve\u00edculo de alimenta\u00e7\u00e3o para cria\u00e7\u00e3o de animais"},"content":{"rendered":"<p>O espalhador de silagem \u00e9 usado principalmente para misturar ra\u00e7\u00e3o de silagem ou outra ra\u00e7\u00e3o uniformemente e, em seguida, espalh\u00e1-la rapidamente e uniformemente nas \u00e1reas de alimenta\u00e7\u00e3o para gado e ovelhas. O uso deste equipamento pode aumentar a utiliza\u00e7\u00e3o da ra\u00e7\u00e3o em 15%-20%, reduzindo significativamente o desperd\u00edcio.<\/p>    <p>Esta m\u00e1quina integra fun\u00e7\u00f5es de mistura, transporte e espalhamento, oferecendo opera\u00e7\u00e3o conveniente e alta efici\u00eancia, permitindo a distribui\u00e7\u00e3o cient\u00edfica e em larga escala da ra\u00e7\u00e3o.<\/p>    <p>N\u00e3o s\u00f3 melhora efetivamente a efici\u00eancia da alimenta\u00e7\u00e3o e os padr\u00f5es de gest\u00e3o da fazenda, mas tamb\u00e9m garante que o gado e as ovelhas recebam nutri\u00e7\u00e3o equilibrada, promovendo assim o crescimento saud\u00e1vel e reduzindo os custos de alimenta\u00e7\u00e3o.<\/p>    <figure class=\"wp-block-embed aligncenter is-type-video is-provider-youtube wp-block-embed-youtube wp-embed-aspect-16-9 wp-has-aspect-ratio\"><div class=\"wp-block-embed__wrapper\"> <iframe loading=\"lazy\" title=\"Manuseio eficiente de silagem! V\u00eddeo de opera\u00e7\u00e3o ao vivo do caminh\u00e3o espalhador de silagem de forragem misturadora de grama #silagem\" width=\"500\" height=\"281\" src=\"https:\/\/www.youtube.com\/embed\/OP465T0OIl0?feature=oembed\" frameborder=\"0\" allow=\"accelerometer; autoplay; clipboard-write; encrypted-media; gyroscope; picture-in-picture; web-share\" referrerpolicy=\"strict-origin-when-cross-origin\" allowfullscreen><\/iframe> <\/div><figcaption class=\"wp-element-caption\">V\u00eddeo de trabalho do alimentador de aves<\/figcaption><\/figure>    <h2 class=\"wp-block-heading\">Aplica\u00e7\u00f5es da m\u00e1quina de espalhamento de silagem<\/h2>    <ul class=\"wp-block-list\"> <li>Alimenta\u00e7\u00e3o de gado para fazendas: adequado para fazendas de grande escala e opera\u00e7\u00f5es de pecu\u00e1ria familiares, este sistema \u00e9 projetado para alimentar animais ruminantes, como gado e ovelhas, com silagem, palha, forragem e ra\u00e7\u00e3o em pellet.<\/li>    <li>Compat\u00edvel com v\u00e1rios tipos de ra\u00e7\u00e3o: capaz de processar v\u00e1rios materiais de ra\u00e7\u00e3o, incluindo silagem de milho, farelo de palha, feno e ra\u00e7\u00e3o composta.<\/li>    <li>Aplica\u00e7\u00e3o em m\u00faltiplos ambientes: seja em pastagens abertas, est\u00e1bulos ou ambientes agr\u00edcolas semi-fechados, pode operar de forma flex\u00edvel para garantir a distribui\u00e7\u00e3o uniforme da ra\u00e7\u00e3o.<\/li>    <li>Adequado para diferentes escalas de agricultura: adequado tanto para pequenas propriedades familiares quanto para grandes empresas de pecu\u00e1ria, com op\u00e7\u00f5es para diferentes capacidades e modelos com base nas necessidades.<\/li> <\/ul>    <figure class=\"wp-block-image aligncenter size-full\"><img loading=\"lazy\" decoding=\"async\" width=\"720\" height=\"540\" src=\"https:\/\/www.agriculture-machine.com\/wp-content\/uploads\/2024\/01\/automatic-animal-feed-spreader.webp\" alt=\"espalhador autom\u00e1tico de ra\u00e7\u00e3o animal\" class=\"wp-image-15647\" srcset=\"https:\/\/www.agriculture-machine.com\/wp-content\/uploads\/2024\/01\/automatic-animal-feed-spreader.webp 720w, https:\/\/www.agriculture-machine.com\/wp-content\/uploads\/2024\/01\/automatic-animal-feed-spreader-360x270.webp 360w, https:\/\/www.agriculture-machine.com\/wp-content\/uploads\/2024\/01\/automatic-animal-feed-spreader-240x180.webp 240w\" sizes=\"auto, (max-width: 720px) 100vw, 720px\" \/><figcaption class=\"wp-element-caption\">espalhador autom\u00e1tico de ra\u00e7\u00e3o animal<\/figcaption><\/figure>    <h2 class=\"wp-block-heading\">Benef\u00edcios do carro de alimenta\u00e7\u00e3o para pecu\u00e1ria<\/h2>    <ul class=\"wp-block-list\"> <li>Altamente eficiente e economizador de energia: v\u00e1rias vezes mais eficiente do que a alimenta\u00e7\u00e3o manual, com uma \u00fanica m\u00e1quina capaz de alimentar centenas de gado e ovelhas por hora.<\/li>    <li>Alta utiliza\u00e7\u00e3o da ra\u00e7\u00e3o: a distribui\u00e7\u00e3o uniforme da ra\u00e7\u00e3o previne a alimenta\u00e7\u00e3o seletiva e o desperd\u00edcio, melhorando a utiliza\u00e7\u00e3o da ra\u00e7\u00e3o em 15%-20%.<\/li>    <li>Custos de m\u00e3o de obra reduzidos: a opera\u00e7\u00e3o automatizada reduz significativamente a entrada de m\u00e3o de obra e diminui os custos de m\u00e3o de obra.<\/li>    <li>Flex\u00edvel e manobr\u00e1vel: design compacto e opera\u00e7\u00e3o flex\u00edvel permitem movimento e opera\u00e7\u00e3o livres em v\u00e1rios terrenos e ambientes agr\u00edcolas.<\/li>    <li>Seguro e confi\u00e1vel: constru\u00eddo com a\u00e7o resistente ao desgaste e um sistema de transmiss\u00e3o de alto desempenho, a m\u00e1quina apresenta uma estrutura robusta, longa vida \u00fatil e manuten\u00e7\u00e3o simples.<\/li>    <li>Promove a sa\u00fade do gado: garante que o gado receba nutri\u00e7\u00e3o equilibrada, promove o crescimento saud\u00e1vel e melhora a comercializa\u00e7\u00e3o e as taxas de produ\u00e7\u00e3o de leite.<\/li> <\/ul>    <h2 class=\"wp-block-heading\">Tipos de espalhador de silagem<\/h2>    <p>De acordo com suas necessidades, fornecemos diferentes tipos de caminh\u00f5es espalhadores de silagem, voc\u00ea pode escolher de acordo com a situa\u00e7\u00e3o real.<\/p>    <h3 class=\"wp-block-heading\">Espalhador de silagem vertical e horizontal<\/h3>    <p>A \u00fanica diferen\u00e7a entre esses dois tipos \u00e9 que o vertical \u00e9 cil\u00edndrico e o horizontal \u00e9 c\u00fabico. Os volumes est\u00e3o dispon\u00edveis em 3 e 5 metros c\u00fabicos. As duas imagens abaixo demonstram suas diferen\u00e7as.<\/p>    <figure class=\"wp-block-image aligncenter size-full\"><img loading=\"lazy\" decoding=\"async\" width=\"720\" height=\"540\" src=\"https:\/\/www.agriculture-machine.com\/wp-content\/uploads\/2024\/01\/vertical-type-silage-spreader.webp\" alt=\"espalhador de silagem tipo vertical\" class=\"wp-image-15643\" srcset=\"https:\/\/www.agriculture-machine.com\/wp-content\/uploads\/2024\/01\/vertical-type-silage-spreader.webp 720w, https:\/\/www.agriculture-machine.com\/wp-content\/uploads\/2024\/01\/vertical-type-silage-spreader-360x270.webp 360w, https:\/\/www.agriculture-machine.com\/wp-content\/uploads\/2024\/01\/vertical-type-silage-spreader-240x180.webp 240w\" sizes=\"auto, (max-width: 720px) 100vw, 720px\" \/><figcaption class=\"wp-element-caption\">espalhador de silagem tipo vertical<\/figcaption><\/figure>    <figure class=\"wp-block-image aligncenter size-full\"><img loading=\"lazy\" decoding=\"async\" width=\"720\" height=\"540\" src=\"https:\/\/www.agriculture-machine.com\/wp-content\/uploads\/2024\/01\/horizontal-type-feeding-car.webp\" alt=\"carro de alimenta\u00e7\u00e3o tipo horizontal\" class=\"wp-image-15644\" srcset=\"https:\/\/www.agriculture-machine.com\/wp-content\/uploads\/2024\/01\/horizontal-type-feeding-car.webp 720w, https:\/\/www.agriculture-machine.com\/wp-content\/uploads\/2024\/01\/horizontal-type-feeding-car-360x270.webp 360w, https:\/\/www.agriculture-machine.com\/wp-content\/uploads\/2024\/01\/horizontal-type-feeding-car-240x180.webp 240w\" sizes=\"auto, (max-width: 720px) 100vw, 720px\" \/><figcaption class=\"wp-element-caption\">carro de alimenta\u00e7\u00e3o tipo horizontal<\/figcaption><\/figure>    <h3 class=\"wp-block-heading\">Espalhador acionado por ve\u00edculo el\u00e9trico<\/h3>    <p>Este tipo de espalhador de silagem usa um ve\u00edculo el\u00e9trico como fonte de energia e geralmente \u00e9 equipado com um motor el\u00e9trico potente. <\/p>    <p>As vantagens do acionamento el\u00e9trico s\u00e3o a amigabilidade ambiental, baixo ru\u00eddo e baixo consumo de energia, tornando-o adequado para aplica\u00e7\u00f5es que exigem trabalho em um ambiente relativamente silencioso e limpo. Ao mesmo tempo, os modelos el\u00e9tricos oferecem excelente flexibilidade e controlabilidade, tornando-os mais f\u00e1ceis de operar em espa\u00e7os limitados, como pastagens e fazendas.<\/p>    <figure class=\"wp-block-image aligncenter size-full\"><img loading=\"lazy\" decoding=\"async\" width=\"720\" height=\"540\" src=\"https:\/\/www.agriculture-machine.com\/wp-content\/uploads\/2024\/01\/electric-cattle-feed-spreader.webp\" alt=\"espalhador de ra\u00e7\u00e3o el\u00e9trica para gado\" class=\"wp-image-15645\" srcset=\"https:\/\/www.agriculture-machine.com\/wp-content\/uploads\/2024\/01\/electric-cattle-feed-spreader.webp 720w, https:\/\/www.agriculture-machine.com\/wp-content\/uploads\/2024\/01\/electric-cattle-feed-spreader-360x270.webp 360w, https:\/\/www.agriculture-machine.com\/wp-content\/uploads\/2024\/01\/electric-cattle-feed-spreader-240x180.webp 240w\" sizes=\"auto, (max-width: 720px) 100vw, 720px\" \/><figcaption class=\"wp-element-caption\">espalhador de ra\u00e7\u00e3o el\u00e9trica para gado<\/figcaption><\/figure>    <p class=\"translation-block\">Esta m\u00e1quina precisa ser equipada com um misturador separado para espalhar os fardos de silagem (geralmente manuseados com um envolvedor de fardos, que tem o efeito de preservar a fermenta\u00e7\u00e3o. <strong><em><a href=\"https:\/\/www.agriculture-machine.com\/pt\/full-automatic-silage-baling-machine\/\">Artigo relacionado: M\u00e1quina de Fardos de Silagem | M\u00e1quina de Fardos de Silagem Totalmente Autom\u00e1tica<\/a><\/em><\/strong>) Isso \u00e9 ent\u00e3o fornecido ao espalhador de silagem atrav\u00e9s de uma correia transportadora.<\/p>    <h3 class=\"wp-block-heading\">Espalhador de ra\u00e7\u00e3o para gado modelo a diesel<\/h3>    <p>Esta m\u00e1quina tamb\u00e9m \u00e9 acionada por um ve\u00edculo el\u00e9trico, mas a m\u00e1quina \u00e9 equipada com um motor a diesel, de modo que a fun\u00e7\u00e3o de mistura aut\u00f4noma, diretamente ap\u00f3s a mistura e alimenta\u00e7\u00e3o, n\u00e3o h\u00e1 necessidade de um misturador separado. <\/p>    <p>A vantagem do motor a diesel \u00e9 a alta densidade energ\u00e9tica do combust\u00edvel, de modo que pode fornecer uma sa\u00edda de pot\u00eancia sustentada e forte por um longo per\u00edodo, adequada para uso intenso e prolongado.<\/p>    <figure class=\"wp-block-image aligncenter size-full\"><img loading=\"lazy\" decoding=\"async\" width=\"720\" height=\"540\" src=\"https:\/\/www.agriculture-machine.com\/wp-content\/uploads\/2024\/01\/disel-huabandry-silage-spreader.webp\" alt=\"espalhador de silagem para pecu\u00e1ria a diesel\" class=\"wp-image-15646\" srcset=\"https:\/\/www.agriculture-machine.com\/wp-content\/uploads\/2024\/01\/disel-huabandry-silage-spreader.webp 720w, https:\/\/www.agriculture-machine.com\/wp-content\/uploads\/2024\/01\/disel-huabandry-silage-spreader-360x270.webp 360w, https:\/\/www.agriculture-machine.com\/wp-content\/uploads\/2024\/01\/disel-huabandry-silage-spreader-240x180.webp 240w\" sizes=\"auto, (max-width: 720px) 100vw, 720px\" \/><figcaption class=\"wp-element-caption\">espalhador de silagem para pecu\u00e1ria a diesel<\/figcaption><\/figure>    <h2 class=\"wp-block-heading\">Como funciona o espalhador de ra\u00e7\u00e3o para gado?<\/h2>   <div id=\"rank-math-howto\" class=\"rank-math-block\" > <div class=\"rank-math-howto-description\">  <p>O princ\u00edpio de funcionamento do espalhador de ra\u00e7\u00e3o para gado e ovelhas \u00e9 dividido em duas etapas principais:<\/p>  <\/div>  <div class=\"rank-math-steps\"> <div id=\"howto-step-1706084567805\" class=\"rank-math-step\"> <h3 class=\"rank-math-step-title\">Carregamento de ra\u00e7\u00e3o<\/h3> <div class=\"rank-math-step-content\"><p>Primeiro, o operador carrega a silagem (geralmente forragem ou plantas picadas) no recipiente do espalhador. Isso pode ser feito por um sistema de carregamento mec\u00e2nico ou outro equipamento de carregamento. <\/p> <p>Alguns vag\u00f5es de espalhamento tamb\u00e9m podem ter um recurso de carregamento misto que permite misturar diferentes tipos de forragem para garantir que o gado receba nutri\u00e7\u00e3o equilibrada.<\/p> <\/div> <\/div> <div id=\"howto-step-1706084630549\" class=\"rank-math-step\"> <h3 class=\"rank-math-step-title\">Processo de espalhamento<\/h3> <div class=\"rank-math-step-content\"><p>Uma vez que a ra\u00e7\u00e3o foi carregada, o caminh\u00e3o espalhador de silagem espalha a ra\u00e7\u00e3o uniformemente sobre a \u00e1rea de alimenta\u00e7\u00e3o atrav\u00e9s de um sistema mec\u00e2nico. <\/p> <p>Isso \u00e9 geralmente realizado girando um ventilador ou espalhador circular. O espalhador ajusta a extens\u00e3o e a densidade da distribui\u00e7\u00e3o para garantir que a ra\u00e7\u00e3o seja distribu\u00edda uniformemente em toda a \u00e1rea de alimenta\u00e7\u00e3o do gado. <\/p> <p>A velocidade com que o ve\u00edculo se desloca e a velocidade com que o espalhador gira podem frequentemente ser ajustadas para atender \u00e0s necessidades de diferentes locais de alimenta\u00e7\u00e3o.<\/p> <\/div> <\/div> <\/div> <\/div>       <h2 class=\"wp-block-heading\">Par\u00e2metros do espalhador misturador de silagem<\/h2>    <figure class=\"wp-block-table is-style-stripes\"><table><tbody><tr><td class=\"has-text-align-center\" data-align=\"center\">Modelo<\/td><td class=\"has-text-align-center\" data-align=\"center\">SL-3<\/td><\/tr><tr><td class=\"has-text-align-center\" data-align=\"center\">Tamanho total<\/td><td class=\"has-text-align-center\" data-align=\"center\">3.6*1.5*2.0m<\/td><\/tr><tr><td class=\"has-text-align-center\" data-align=\"center\">Tamanho do bin<\/td><td class=\"has-text-align-center\" data-align=\"center\">2.0*1.2*1.4m<\/td><\/tr><tr><td class=\"has-text-align-center\" data-align=\"center\">Largura da correia<\/td><td class=\"has-text-align-center\" data-align=\"center\">400mm<\/td><\/tr><tr><td class=\"has-text-align-center\" data-align=\"center\">N\u00famero de baterias<\/td><td class=\"has-text-align-center\" data-align=\"center\">6<\/td><\/tr><tr><td class=\"has-text-align-center\" data-align=\"center\">Tens\u00e3o de entrada<\/td><td class=\"has-text-align-center\" data-align=\"center\">72V<\/td><\/tr><tr><td class=\"has-text-align-center\" data-align=\"center\">Especifica\u00e7\u00e3o da bateria<\/td><td class=\"has-text-align-center\" data-align=\"center\">bateria seca marca Chaowei ou Camel<\/td><\/tr><tr><td class=\"has-text-align-center\" data-align=\"center\">Modelo de pneu<\/td><td class=\"has-text-align-center\" data-align=\"center\">Rodas traseiras 3.50*12(2)   5.00*12(1)<\/td><\/tr><tr><td class=\"has-text-align-center\" data-align=\"center\">Tamanho do bin<\/td><td class=\"has-text-align-center\" data-align=\"center\">3m\u00b3<\/td><\/tr><tr><td class=\"has-text-align-center\" data-align=\"center\">Rolamento<\/td><td class=\"has-text-align-center\" data-align=\"center\">F206(4)<\/td><\/tr><tr><td class=\"has-text-align-center\" data-align=\"center\">M\u00e9todo de transporte<\/td><td class=\"has-text-align-center\" data-align=\"center\">bandeja<\/td><\/tr><tr><td class=\"has-text-align-center\" data-align=\"center\">M\u00e9todo de espalhamento<\/td><td class=\"has-text-align-center\" data-align=\"center\">bi-direcionalidade<\/td><\/tr><tr><td class=\"has-text-align-center\" data-align=\"center\">Freio<\/td><td class=\"has-text-align-center\" data-align=\"center\">freio a \u00f3leo<\/td><\/tr><tr><td class=\"has-text-align-center\" data-align=\"center\">Altura de espalhamento<\/td><td class=\"has-text-align-center\" data-align=\"center\">60cm<\/td><\/tr><tr><td class=\"has-text-align-center\" data-align=\"center\">Transmiss\u00e3o<\/td><td class=\"has-text-align-center\" data-align=\"center\">correntes<\/td><\/tr><tr><td class=\"has-text-align-center\" data-align=\"center\">Volante<\/td><td class=\"has-text-align-center\" data-align=\"center\">com bot\u00e3o<\/td><\/tr><tr><td class=\"has-text-align-center\" data-align=\"center\">Motor el\u00e9trico<\/td><td class=\"has-text-align-center\" data-align=\"center\">1.5\/1.5\/2.2<\/td><\/tr><tr><td class=\"has-text-align-center\" data-align=\"center\">Capacidade da bateria<\/td><td class=\"has-text-align-center\" data-align=\"center\">70A<\/td><\/tr><\/tbody><\/table><figcaption class=\"wp-element-caption\">dados t\u00e9cnicos do espalhador de ra\u00e7\u00e3o para gado e ovelhas<\/figcaption><\/figure>    <h2 class=\"wp-block-heading\">Contate-nos a qualquer momento<\/h2>    <p>Se voc\u00ea estiver interessado em nosso espalhador de silagem, sinta-se \u00e0 vontade para nos contatar para mais informa\u00e7\u00f5es detalhadas sobre a m\u00e1quina. Ficaremos felizes em fornecer descri\u00e7\u00f5es detalhadas do produto e sugest\u00f5es de personaliza\u00e7\u00e3o para atender \u00e0s suas necessidades espec\u00edficas. Al\u00e9m disso, tamb\u00e9m o convidamos a visitar nossa f\u00e1brica e esperamos trabalhar com voc\u00ea para criar solu\u00e7\u00f5es de alimenta\u00e7\u00e3o mais eficientes e inteligentes.<\/p>","protected":false},"excerpt":{"rendered":"<p>O espalhador de silagem pode espalhar uniformemente silagem e v\u00e1rios tipos de ra\u00e7\u00e3o nas \u00e1reas de alimenta\u00e7\u00e3o de gado e ovelhas, melhorando a utiliza\u00e7\u00e3o da ra\u00e7\u00e3o e reduzindo os custos de m\u00e3o de obra.<\/p>","protected":false},"author":1,"featured_media":15645,"parent":0,"comment_status":"closed","ping_status":"closed","template":"","tags":[591],"product-type":[876],"class_list":["post-15641","product","type-product","status-publish","has-post-thumbnail","hentry","tag-silage","product-type-silage-machine"],"_links":{"self":[{"href":"https:\/\/www.agriculture-machine.com\/pt\/wp-json\/wp\/v2\/product\/15641","targetHints":{"allow":["GET"]}}],"collection":[{"href":"https:\/\/www.agriculture-machine.com\/pt\/wp-json\/wp\/v2\/product"}],"about":[{"href":"https:\/\/www.agriculture-machine.com\/pt\/wp-json\/wp\/v2\/types\/product"}],"author":[{"embeddable":true,"href":"https:\/\/www.agriculture-machine.com\/pt\/wp-json\/wp\/v2\/users\/1"}],"replies":[{"embeddable":true,"href":"https:\/\/www.agriculture-machine.com\/pt\/wp-json\/wp\/v2\/comments?post=15641"}],"wp:featuredmedia":[{"embeddable":true,"href":"https:\/\/www.agriculture-machine.com\/pt\/wp-json\/wp\/v2\/media\/15645"}],"wp:attachment":[{"href":"https:\/\/www.agriculture-machine.com\/pt\/wp-json\/wp\/v2\/media?parent=15641"}],"wp:term":[{"taxonomy":"post_tag","embeddable":true,"href":"https:\/\/www.agriculture-machine.com\/pt\/wp-json\/wp\/v2\/tags?post=15641"},{"taxonomy":"product-type","embeddable":true,"href":"https:\/\/www.agriculture-machine.com\/pt\/wp-json\/wp\/v2\/product-type?post=15641"}],"curies":[{"name":"wp","href":"https:\/\/api.w.org\/{rel}","templated":true}]}}