{"id":15769,"date":"2024-03-07T16:43:43","date_gmt":"2024-03-07T08:43:43","guid":{"rendered":"https:\/\/www.agriculture-machine.com\/?post_type=product&#038;p=15769"},"modified":"2024-08-20T17:42:26","modified_gmt":"2024-08-20T09:42:26","slug":"peanut-roasting-machine","status":"publish","type":"product","link":"https:\/\/www.agriculture-machine.com\/pt\/peanut-roasting-machine\/","title":{"rendered":"M\u00e1quina el\u00e9trica e a g\u00e1s de torrefa\u00e7\u00e3o de amendoim, torrador de amendoim \u00e0 venda"},"content":{"rendered":"<p class=\"translation-block\">A <strong>m\u00e1quina de torrar amendoim<\/strong> \u00e9 principalmente usada para torrar ou secar amendoins, nozes, am\u00eandoas, feij\u00f5es, gr\u00e3os de caf\u00e9, sementes de mel\u00e3o e outros materiais granulares e p\u00f3s.<\/p>    <p>Esta m\u00e1quina usa aquecimento el\u00e9trico, \u00f3leo, g\u00e1s ou carv\u00e3o como fonte de calor. Adota um tambor rotativo, princ\u00edpios de condu\u00e7\u00e3o de calor e radia\u00e7\u00e3o t\u00e9rmica, e usa carv\u00e3o como combust\u00edvel, tendo baixo custo de produ\u00e7\u00e3o. A m\u00e1quina possui vantagens de f\u00e1cil utiliza\u00e7\u00e3o, alta efici\u00eancia, economia de energia e durabilidade. Os produtos assados s\u00e3o de boa qualidade, sabor higi\u00e9nico, e podem cumprir os padr\u00f5es de exporta\u00e7\u00e3o.<\/p>    <figure class=\"wp-block-embed aligncenter is-type-video is-provider-youtube wp-block-embed-youtube wp-embed-aspect-16-9 wp-has-aspect-ratio\"><div class=\"wp-block-embed__wrapper\"> <iframe loading=\"lazy\" title=\"Domine a Arte de Torrar Amendoim: Guia Definitivo para Usar uma M\u00e1quina de Torrar Amendoim!\" width=\"500\" height=\"281\" src=\"https:\/\/www.youtube.com\/embed\/ywy1h1PrqeQ?feature=oembed\" frameborder=\"0\" allow=\"accelerometer; autoplay; clipboard-write; encrypted-media; gyroscope; picture-in-picture; web-share\" referrerpolicy=\"strict-origin-when-cross-origin\" allowfullscreen><\/iframe> <\/div><figcaption class=\"wp-element-caption\">V\u00eddeo de funcionamento da m\u00e1quina de torrar amendoim<\/figcaption><\/figure>    <h2 class=\"wp-block-heading\">Como funciona a m\u00e1quina de torrar amendoim?<\/h2>   <div id=\"rank-math-howto\" class=\"rank-math-block\" > <div class=\"rank-math-howto-description\">  <p>O princ\u00edpio de funcionamento da m\u00e1quina de torrar amendoim divide-se nos seguintes passos:<\/p>  <\/div>  <div class=\"rank-math-steps\"> <div id=\"howto-step-1709796115027\" class=\"rank-math-step\"> <h3 class=\"rank-math-step-title\">Carregamento<\/h3> <div class=\"rank-math-step-content\"><p>Os amendoins s\u00e3o colocados na entrada e entram na c\u00e2mara de assar atrav\u00e9s de uma correia transportadora ou outros meios.<\/p> <\/div> <\/div> <div id=\"howto-step-1709796163601\" class=\"rank-math-step\"> <h3 class=\"rank-math-step-title\">Pr\u00e9-aquecimento<\/h3> <div class=\"rank-math-step-content\"><p>Antes de os amendoins entrarem na c\u00e2mara de assar, a m\u00e1quina faz um pr\u00e9-aquecimento breve. Isto garante que todo o sistema esteja na temperatura adequada para iniciar um processo de assar eficiente. Geralmente, \u00e9 definido a temperatura ambiente de 300 graus.<\/p> <\/div> <\/div> <div id=\"howto-step-1709796223154\" class=\"rank-math-step\"> <h3 class=\"rank-math-step-title\">Torrar<\/h3> <div class=\"rank-math-step-content\"><p>Os amendoins s\u00e3o torrados por um determinado per\u00edodo na c\u00e2mara de assar atrav\u00e9s de ar quente ou aquecimento radiante. O controlo de temperatura e tempo \u00e9 muito cr\u00edtico para garantir que os amendoins sejam aquecidos de forma uniforme e atinjam o sabor e cor desejados.<\/p> <\/div> <\/div> <div id=\"howto-step-1709796242114\" class=\"rank-math-step\"> <h3 class=\"rank-math-step-title\">Resfriamento<\/h3> <div class=\"rank-math-step-content\"><p>Ap\u00f3s assar, os amendoins torrados precisam de ser arrefecidos na m\u00e1quina. Esta etapa ajuda a estabilizar a temperatura dos amendoins, garantindo que n\u00e3o superaque\u00e7am e afetem a sua qualidade.<\/p> <\/div> <\/div> <div id=\"howto-step-1709796257088\" class=\"rank-math-step\"> <h3 class=\"rank-math-step-title\">Descarregamento<\/h3> <div class=\"rank-math-step-content\"><p>Os amendoins arrefecidos finalmente deixam a m\u00e1quina e podem ser recolhidos por correias transportadoras ou outros sistemas ou entrar em etapas de processamento subsequentes.<\/p> <\/div> <\/div> <\/div> <\/div>       <figure class=\"wp-block-embed aligncenter is-type-video is-provider-youtube wp-block-embed-youtube wp-embed-aspect-16-9 wp-has-aspect-ratio\"><div class=\"wp-block-embed__wrapper\"> <iframe loading=\"lazy\" title=\"M\u00e1quina eficiente de torra e arrefecimento de amendoim em a\u00e7\u00e3o!#amendoim #groundnut #torrar\" width=\"500\" height=\"281\" src=\"https:\/\/www.youtube.com\/embed\/4rRCnqDT7xk?feature=oembed\" frameborder=\"0\" allow=\"accelerometer; autoplay; clipboard-write; encrypted-media; gyroscope; picture-in-picture; web-share\" referrerpolicy=\"strict-origin-when-cross-origin\" allowfullscreen><\/iframe> <\/div><figcaption class=\"wp-element-caption\">V\u00eddeo de torra e arrefecimento de amendoim em a\u00e7\u00e3o<\/figcaption><\/figure>    <h2 class=\"wp-block-heading\">Par\u00e2metros da m\u00e1quina de torrar amendoim<\/h2>    <figure class=\"wp-block-table is-style-stripes\"><table><tbody><tr><td class=\"has-text-align-center\" data-align=\"center\"><strong>Modelo<\/strong><\/td><td class=\"has-text-align-center\" data-align=\"center\"><strong>Dimens\u00e3o (mm)<\/strong><\/td><td class=\"has-text-align-center\" data-align=\"center\"><strong>Capacidade (kg\/h)<\/strong><\/td><td class=\"has-text-align-center\" data-align=\"center\"><strong>Pot\u00eancia(kW)<\/strong><\/td><td class=\"has-text-align-center\" data-align=\"center\"><strong>Pot\u00eancia de Aquecimento El\u00e9ctrico(kW)<\/strong><\/td><td class=\"has-text-align-center\" data-align=\"center\"><strong>Consumo de G\u00e1s(kg)<\/strong><\/td><\/tr><tr><td class=\"has-text-align-center\" data-align=\"center\">MHK\u20141<\/td><td class=\"has-text-align-center\" data-align=\"center\">3000*1200*1700<\/td><td class=\"has-text-align-center\" data-align=\"center\">80\u2014120<\/td><td class=\"has-text-align-center\" data-align=\"center\">1.1<\/td><td class=\"has-text-align-center\" data-align=\"center\">22<\/td><td class=\"has-text-align-center\" data-align=\"center\">2-3<\/td><\/tr><tr><td class=\"has-text-align-center\" data-align=\"center\">MHK\u20142<\/td><td class=\"has-text-align-center\" data-align=\"center\">3000*2200*1700<\/td><td class=\"has-text-align-center\" data-align=\"center\">180\u2014250<\/td><td class=\"has-text-align-center\" data-align=\"center\">2.2<\/td><td class=\"has-text-align-center\" data-align=\"center\">44<\/td><td class=\"has-text-align-center\" data-align=\"center\">3-6<\/td><\/tr><tr><td class=\"has-text-align-center\" data-align=\"center\">MHK\u20143<\/td><td class=\"has-text-align-center\" data-align=\"center\">3000*3300*1700<\/td><td class=\"has-text-align-center\" data-align=\"center\">280\u2014350<\/td><td class=\"has-text-align-center\" data-align=\"center\">3.3<\/td><td class=\"has-text-align-center\" data-align=\"center\">66<\/td><td class=\"has-text-align-center\" data-align=\"center\">6-9<\/td><\/tr><tr><td class=\"has-text-align-center\" data-align=\"center\">MHK\u20144<\/td><td class=\"has-text-align-center\" data-align=\"center\">3000*4400*1700<\/td><td class=\"has-text-align-center\" data-align=\"center\">380\u2014450<\/td><td class=\"has-text-align-center\" data-align=\"center\">4.4<\/td><td class=\"has-text-align-center\" data-align=\"center\">88<\/td><td class=\"has-text-align-center\" data-align=\"center\">9-12<\/td><\/tr><tr><td class=\"has-text-align-center\" data-align=\"center\">MHK\u20145<\/td><td class=\"has-text-align-center\" data-align=\"center\">3000*5500*1700<\/td><td class=\"has-text-align-center\" data-align=\"center\">500&#8211;650<\/td><td class=\"has-text-align-center\" data-align=\"center\">5.5<\/td><td class=\"has-text-align-center\" data-align=\"center\">110<\/td><td class=\"has-text-align-center\" data-align=\"center\">12-15<\/td><\/tr><\/tbody><\/table><figcaption class=\"wp-element-caption\">Dados t\u00e9cnicos detalhados do torrador de amendoim<\/figcaption><\/figure>    <figure class=\"wp-block-gallery has-nested-images columns-default is-cropped wp-block-gallery-2 is-layout-flex wp-block-gallery-is-layout-flex\"> <figure class=\"wp-block-image size-large\"><img loading=\"lazy\" decoding=\"async\" width=\"720\" height=\"540\" data-id=\"15805\" src=\"https:\/\/www.agriculture-machine.com\/wp-content\/uploads\/2024\/03\/automatic-nut-roasting-equipment.webp\" alt=\"equipamento autom\u00e1tico de torra de frutos secos\" class=\"wp-image-15805\" srcset=\"https:\/\/www.agriculture-machine.com\/wp-content\/uploads\/2024\/03\/automatic-nut-roasting-equipment.webp 720w, https:\/\/www.agriculture-machine.com\/wp-content\/uploads\/2024\/03\/automatic-nut-roasting-equipment-360x270.webp 360w, https:\/\/www.agriculture-machine.com\/wp-content\/uploads\/2024\/03\/automatic-nut-roasting-equipment-240x180.webp 240w, https:\/\/www.agriculture-machine.com\/wp-content\/uploads\/2024\/03\/automatic-nut-roasting-equipment-16x12.webp 16w\" sizes=\"auto, (max-width: 720px) 100vw, 720px\" \/><figcaption class=\"wp-element-caption\">equipamento autom\u00e1tico de torra de frutos secos<\/figcaption><\/figure>    <figure class=\"wp-block-image size-large\"><img loading=\"lazy\" decoding=\"async\" width=\"720\" height=\"540\" data-id=\"15806\" src=\"https:\/\/www.agriculture-machine.com\/wp-content\/uploads\/2024\/03\/efficient-nut-roasting-machine.webp\" alt=\"m\u00e1quina eficiente de torra de frutos secos\" class=\"wp-image-15806\" srcset=\"https:\/\/www.agriculture-machine.com\/wp-content\/uploads\/2024\/03\/efficient-nut-roasting-machine.webp 720w, https:\/\/www.agriculture-machine.com\/wp-content\/uploads\/2024\/03\/efficient-nut-roasting-machine-360x270.webp 360w, https:\/\/www.agriculture-machine.com\/wp-content\/uploads\/2024\/03\/efficient-nut-roasting-machine-240x180.webp 240w, https:\/\/www.agriculture-machine.com\/wp-content\/uploads\/2024\/03\/efficient-nut-roasting-machine-16x12.webp 16w\" sizes=\"auto, (max-width: 720px) 100vw, 720px\" \/><figcaption class=\"wp-element-caption\">m\u00e1quina eficiente de torra de frutos secos<\/figcaption><\/figure> <\/figure>    <h2 class=\"wp-block-heading\">V\u00e1rios tipos de m\u00e1quinas<\/h2>    <p>A nossa f\u00e1brica produz torradores com 1-5 cilindros. Al\u00e9m disso, al\u00e9m do tipo tambor, tamb\u00e9m podemos fornecer torradores cont\u00ednuos com correia transportadora, bem como m\u00e1quinas integradas de torra e arrefecimento.<\/p>    <p>Dependendo das suas necessidades de tamanho e produ\u00e7\u00e3o, podemos fabricar diferentes tipos para atender \u00e0s suas necessidades. <\/p>    <p>A seguir, dois tipos de m\u00e1quinas de torra de amendoim, cilindro \u00fanico e cilindro duplo. Estes s\u00e3o tamb\u00e9m os mais vendidos.<\/p>    <h3 class=\"wp-block-heading\">Torrador de amendoim de cilindro \u00fanico<\/h3>    <figure class=\"wp-block-gallery has-nested-images columns-default is-cropped wp-block-gallery-3 is-layout-flex wp-block-gallery-is-layout-flex\"> <figure class=\"wp-block-image size-large\"><img loading=\"lazy\" decoding=\"async\" width=\"720\" height=\"540\" data-id=\"15808\" src=\"https:\/\/www.agriculture-machine.com\/wp-content\/uploads\/2024\/03\/small-scale-nut-roasting-machine.webp\" alt=\"m\u00e1quina de torra de frutos secos de pequena escala\" class=\"wp-image-15808\" srcset=\"https:\/\/www.agriculture-machine.com\/wp-content\/uploads\/2024\/03\/small-scale-nut-roasting-machine.webp 720w, https:\/\/www.agriculture-machine.com\/wp-content\/uploads\/2024\/03\/small-scale-nut-roasting-machine-360x270.webp 360w, https:\/\/www.agriculture-machine.com\/wp-content\/uploads\/2024\/03\/small-scale-nut-roasting-machine-240x180.webp 240w, https:\/\/www.agriculture-machine.com\/wp-content\/uploads\/2024\/03\/small-scale-nut-roasting-machine-16x12.webp 16w\" sizes=\"auto, (max-width: 720px) 100vw, 720px\" \/><figcaption class=\"wp-element-caption\">m\u00e1quina de torra de frutos secos de pequena escala<\/figcaption><\/figure>    <figure class=\"wp-block-image size-large\"><img loading=\"lazy\" decoding=\"async\" width=\"720\" height=\"540\" data-id=\"15807\" src=\"https:\/\/www.agriculture-machine.com\/wp-content\/uploads\/2024\/03\/peanut-processing-machinery.webp\" alt=\"m\u00e1quinas de processamento de amendoim\" class=\"wp-image-15807\" srcset=\"https:\/\/www.agriculture-machine.com\/wp-content\/uploads\/2024\/03\/peanut-processing-machinery.webp 720w, https:\/\/www.agriculture-machine.com\/wp-content\/uploads\/2024\/03\/peanut-processing-machinery-360x270.webp 360w, https:\/\/www.agriculture-machine.com\/wp-content\/uploads\/2024\/03\/peanut-processing-machinery-240x180.webp 240w, https:\/\/www.agriculture-machine.com\/wp-content\/uploads\/2024\/03\/peanut-processing-machinery-16x12.webp 16w\" sizes=\"auto, (max-width: 720px) 100vw, 720px\" \/><figcaption class=\"wp-element-caption\">m\u00e1quinas de processamento de amendoim<\/figcaption><\/figure> <\/figure>    <h3 class=\"wp-block-heading\">M\u00e1quina de torra de amendoim de cilindro duplo<\/h3>    <figure class=\"wp-block-gallery has-nested-images columns-default is-cropped wp-block-gallery-4 is-layout-flex wp-block-gallery-is-layout-flex\"> <figure class=\"wp-block-image size-large\"><img loading=\"lazy\" decoding=\"async\" width=\"720\" height=\"540\" data-id=\"15810\" src=\"https:\/\/www.agriculture-machine.com\/wp-content\/uploads\/2024\/03\/roasted-nut-production-machine.webp\" alt=\"m\u00e1quina de produ\u00e7\u00e3o de frutos secos torrados\" class=\"wp-image-15810\" srcset=\"https:\/\/www.agriculture-machine.com\/wp-content\/uploads\/2024\/03\/roasted-nut-production-machine.webp 720w, https:\/\/www.agriculture-machine.com\/wp-content\/uploads\/2024\/03\/roasted-nut-production-machine-360x270.webp 360w, https:\/\/www.agriculture-machine.com\/wp-content\/uploads\/2024\/03\/roasted-nut-production-machine-240x180.webp 240w, https:\/\/www.agriculture-machine.com\/wp-content\/uploads\/2024\/03\/roasted-nut-production-machine-16x12.webp 16w\" sizes=\"auto, (max-width: 720px) 100vw, 720px\" \/><figcaption class=\"wp-element-caption\">m\u00e1quina de produ\u00e7\u00e3o de frutos secos torrados<\/figcaption><\/figure>    <figure class=\"wp-block-image size-large\"><img loading=\"lazy\" decoding=\"async\" width=\"720\" height=\"540\" data-id=\"15809\" src=\"https:\/\/www.agriculture-machine.com\/wp-content\/uploads\/2024\/03\/high-capacity-peanut-roasting-machine.webp\" alt=\"m\u00e1quina de torra de amendoim de alta capacidade\" class=\"wp-image-15809\" srcset=\"https:\/\/www.agriculture-machine.com\/wp-content\/uploads\/2024\/03\/high-capacity-peanut-roasting-machine.webp 720w, https:\/\/www.agriculture-machine.com\/wp-content\/uploads\/2024\/03\/high-capacity-peanut-roasting-machine-360x270.webp 360w, https:\/\/www.agriculture-machine.com\/wp-content\/uploads\/2024\/03\/high-capacity-peanut-roasting-machine-240x180.webp 240w, https:\/\/www.agriculture-machine.com\/wp-content\/uploads\/2024\/03\/high-capacity-peanut-roasting-machine-16x12.webp 16w\" sizes=\"auto, (max-width: 720px) 100vw, 720px\" \/><figcaption class=\"wp-element-caption\">m\u00e1quina de torra de amendoim de alta capacidade<\/figcaption><\/figure> <\/figure>    <h2 class=\"wp-block-heading\">Principais benef\u00edcios da m\u00e1quina de torra de amendoim<\/h2>    <ol class=\"wp-block-list\"> <li><strong>Torragem uniforme<\/strong>: a m\u00e1quina de torrar amendoim adota tecnologia avan\u00e7ada de tambor para garantir que os amendoins sejam aquecidos de forma uniforme, evitar problemas de supertorra ou subcozimento, e assegurar um sabor consistente do produto.<\/li>    <li><strong>Sistema de controlo inteligente<\/strong>: equipada com um sistema inteligente de controlo de temperatura e tempo, que torna a opera\u00e7\u00e3o mais f\u00e1cil, o processo de produ\u00e7\u00e3o mais control\u00e1vel, reduz erros humanos e melhora a efici\u00eancia de produ\u00e7\u00e3o.<\/li>    <li><strong>Alta efici\u00eancia de produ\u00e7\u00e3o<\/strong>: atrav\u00e9s de processos automatizados e opera\u00e7\u00e3o cont\u00ednua, a m\u00e1quina de torrar amendoim pode completar a produ\u00e7\u00e3o em massa em pouco tempo, melhorando a efici\u00eancia de produ\u00e7\u00e3o e reduzindo custos.<\/li>    <li><strong>Design multifuncional<\/strong>: \u00e9 adequado para torrar frutos secos de diferentes tipos e especifica\u00e7\u00f5es, e possui forte versatilidade, tornando-se uma escolha ideal para empresas de processamento de alimentos responderem de forma flex\u00edvel \u00e0s demandas do mercado.<\/li>    <li><strong>Qualidade de produto est\u00e1vel<\/strong>: the machine&#8217;s precise temperature control and operating system ensure the consistency of the roasting quality of each batch of peanuts, providing manufacturers with more reliable products.<\/li> <\/ol>    <figure class=\"wp-block-gallery has-nested-images columns-default is-cropped wp-block-gallery-5 is-layout-flex wp-block-gallery-is-layout-flex\"> <figure class=\"wp-block-image size-large\"><img loading=\"lazy\" decoding=\"async\" width=\"720\" height=\"540\" data-id=\"15803\" src=\"https:\/\/www.agriculture-machine.com\/wp-content\/uploads\/2024\/03\/peanut-roasting-machine-working-site.webp\" alt=\"local de trabalho da m\u00e1quina de torrar amendoim\" class=\"wp-image-15803\" srcset=\"https:\/\/www.agriculture-machine.com\/wp-content\/uploads\/2024\/03\/peanut-roasting-machine-working-site.webp 720w, https:\/\/www.agriculture-machine.com\/wp-content\/uploads\/2024\/03\/peanut-roasting-machine-working-site-360x270.webp 360w, https:\/\/www.agriculture-machine.com\/wp-content\/uploads\/2024\/03\/peanut-roasting-machine-working-site-240x180.webp 240w, https:\/\/www.agriculture-machine.com\/wp-content\/uploads\/2024\/03\/peanut-roasting-machine-working-site-16x12.webp 16w\" sizes=\"auto, (max-width: 720px) 100vw, 720px\" \/><figcaption class=\"wp-element-caption\">local de trabalho da m\u00e1quina de torrar amendoim<\/figcaption><\/figure>    <figure class=\"wp-block-image size-large\"><img loading=\"lazy\" decoding=\"async\" width=\"720\" height=\"540\" data-id=\"15804\" src=\"https:\/\/www.agriculture-machine.com\/wp-content\/uploads\/2024\/03\/professional-nut-roasting-system.webp\" alt=\"sistema profissional de torra de frutos secos\" class=\"wp-image-15804\" srcset=\"https:\/\/www.agriculture-machine.com\/wp-content\/uploads\/2024\/03\/professional-nut-roasting-system.webp 720w, https:\/\/www.agriculture-machine.com\/wp-content\/uploads\/2024\/03\/professional-nut-roasting-system-360x270.webp 360w, https:\/\/www.agriculture-machine.com\/wp-content\/uploads\/2024\/03\/professional-nut-roasting-system-240x180.webp 240w, https:\/\/www.agriculture-machine.com\/wp-content\/uploads\/2024\/03\/professional-nut-roasting-system-16x12.webp 16w\" sizes=\"auto, (max-width: 720px) 100vw, 720px\" \/><figcaption class=\"wp-element-caption\">sistema profissional de torra de frutos secos<\/figcaption><\/figure> <\/figure>    <h2 class=\"wp-block-heading\">Casos de sucesso de torra de amendoim<\/h2>    <p>A nossa m\u00e1quina de torrar amendoim foi enviada com sucesso para muitos pa\u00edses, como Gana, Tanz\u00e2nia, Paquist\u00e3o, Bangladesh, Alemanha, etc. A imagem abaixo mostra o embalamento e o diagrama de envio da m\u00e1quina.<\/p>    <p>Recentemente, envi\u00e1mos com sucesso duas unidades da nossa m\u00e1quina de torrar amendoim para um cliente em Gana. Este cliente opera um neg\u00f3cio de snacks movimentado, especializado na produ\u00e7\u00e3o e venda de amendoins torrados e outros snacks \u00e0 base de frutos secos.<\/p>    <p>Com a nossa m\u00e1quina, eles pretendem atender \u00e0 crescente procura dos mercados locais, enquanto expandem a sua oferta de produtos para incluir varia\u00e7\u00f5es inovadoras de snacks.<\/p>    <figure class=\"wp-block-gallery has-nested-images columns-default is-cropped wp-block-gallery-6 is-layout-flex wp-block-gallery-is-layout-flex\"> <figure class=\"wp-block-image size-large\"><img loading=\"lazy\" decoding=\"async\" width=\"720\" height=\"540\" data-id=\"15801\" src=\"https:\/\/www.agriculture-machine.com\/wp-content\/uploads\/2024\/03\/commercial-nut-roaster.webp\" alt=\"torrador comercial de frutos secos\" class=\"wp-image-15801\" srcset=\"https:\/\/www.agriculture-machine.com\/wp-content\/uploads\/2024\/03\/commercial-nut-roaster.webp 720w, https:\/\/www.agriculture-machine.com\/wp-content\/uploads\/2024\/03\/commercial-nut-roaster-360x270.webp 360w, https:\/\/www.agriculture-machine.com\/wp-content\/uploads\/2024\/03\/commercial-nut-roaster-240x180.webp 240w, https:\/\/www.agriculture-machine.com\/wp-content\/uploads\/2024\/03\/commercial-nut-roaster-16x12.webp 16w\" sizes=\"auto, (max-width: 720px) 100vw, 720px\" \/><figcaption class=\"wp-element-caption\">torrador comercial de frutos secos<\/figcaption><\/figure>    <figure class=\"wp-block-image size-large\"><img loading=\"lazy\" decoding=\"async\" width=\"720\" height=\"540\" data-id=\"15802\" src=\"https:\/\/www.agriculture-machine.com\/wp-content\/uploads\/2024\/03\/industrial-peanut-roaster.webp\" alt=\"torrador industrial de amendoim\" class=\"wp-image-15802\" srcset=\"https:\/\/www.agriculture-machine.com\/wp-content\/uploads\/2024\/03\/industrial-peanut-roaster.webp 720w, https:\/\/www.agriculture-machine.com\/wp-content\/uploads\/2024\/03\/industrial-peanut-roaster-360x270.webp 360w, https:\/\/www.agriculture-machine.com\/wp-content\/uploads\/2024\/03\/industrial-peanut-roaster-240x180.webp 240w, https:\/\/www.agriculture-machine.com\/wp-content\/uploads\/2024\/03\/industrial-peanut-roaster-16x12.webp 16w\" sizes=\"auto, (max-width: 720px) 100vw, 720px\" \/><figcaption class=\"wp-element-caption\">torrador industrial de amendoim<\/figcaption><\/figure> <\/figure>    <h2 class=\"wp-block-heading\">Contate-nos a qualquer momento<\/h2>    <p>Se estiver interessado nesta m\u00e1quina de torrar amendoim, n\u00e3o hesite em contactar-nos. Enviaremos mais detalhes e uma cota\u00e7\u00e3o. <\/p>    <p class=\"translation-block\">Para melhorar de forma abrangente a sua cadeia de produ\u00e7\u00e3o, tamb\u00e9m recomendamos outras m\u00e1quinas de processamento relacionadas com amendoim da nossa empresa, incluindo <strong><em><a href=\"https:\/\/www.agriculture-machine.com\/pt\/peanut-planter-peanut-planting-machine\/\">semeadores de amendoim<\/a><\/em><\/strong>, <strong><em><a href=\"https:\/\/www.agriculture-machine.com\/pt\/peanut-harvester\/\">colheitadeiras de amendoim<\/a><\/em><\/strong>, <strong><em><a href=\"https:\/\/www.agriculture-machine.com\/pt\/peanut-sheller\/\">m\u00e1quinas de descasque de amendoim<\/a><\/em><\/strong>, etc., para garantir uma solu\u00e7\u00e3o completa. <\/p>    <p>Sinta-se \u00e0 vontade para visitar a nossa f\u00e1brica para experimentar e compreender estas tecnologias inovadoras em primeira m\u00e3o. Vamos trabalhar juntos para ajud\u00e1-lo a alcan\u00e7ar maior sucesso na sua jornada na ind\u00fastria do amendoim!<\/p>","protected":false},"excerpt":{"rendered":"<p>A m\u00e1quina de torrar amendoim oferece solu\u00e7\u00f5es eficientes, uniformes e de excelente qualidade atrav\u00e9s de tecnologia avan\u00e7ada de torra e sistema de controlo inteligente.<\/p>","protected":false},"author":1,"featured_media":15811,"parent":0,"comment_status":"closed","ping_status":"closed","template":"","tags":[798,797],"product-type":[1],"class_list":["post-15769","product","type-product","status-publish","has-post-thumbnail","hentry","tag-groundnut","tag-peanut","product-type-other"],"_links":{"self":[{"href":"https:\/\/www.agriculture-machine.com\/pt\/wp-json\/wp\/v2\/product\/15769","targetHints":{"allow":["GET"]}}],"collection":[{"href":"https:\/\/www.agriculture-machine.com\/pt\/wp-json\/wp\/v2\/product"}],"about":[{"href":"https:\/\/www.agriculture-machine.com\/pt\/wp-json\/wp\/v2\/types\/product"}],"author":[{"embeddable":true,"href":"https:\/\/www.agriculture-machine.com\/pt\/wp-json\/wp\/v2\/users\/1"}],"replies":[{"embeddable":true,"href":"https:\/\/www.agriculture-machine.com\/pt\/wp-json\/wp\/v2\/comments?post=15769"}],"wp:featuredmedia":[{"embeddable":true,"href":"https:\/\/www.agriculture-machine.com\/pt\/wp-json\/wp\/v2\/media\/15811"}],"wp:attachment":[{"href":"https:\/\/www.agriculture-machine.com\/pt\/wp-json\/wp\/v2\/media?parent=15769"}],"wp:term":[{"taxonomy":"post_tag","embeddable":true,"href":"https:\/\/www.agriculture-machine.com\/pt\/wp-json\/wp\/v2\/tags?post=15769"},{"taxonomy":"product-type","embeddable":true,"href":"https:\/\/www.agriculture-machine.com\/pt\/wp-json\/wp\/v2\/product-type?post=15769"}],"curies":[{"name":"wp","href":"https:\/\/api.w.org\/{rel}","templated":true}]}}