{"id":16007,"date":"2024-05-15T16:41:38","date_gmt":"2024-05-15T08:41:38","guid":{"rendered":"https:\/\/www.agriculture-machine.com\/?post_type=product&#038;p=16007"},"modified":"2024-08-20T17:44:02","modified_gmt":"2024-08-20T09:44:02","slug":"peanut-peeling-machine","status":"publish","type":"product","link":"https:\/\/www.agriculture-machine.com\/pt\/peanut-peeling-machine\/","title":{"rendered":"M\u00e1quina de descasque de amendoim Remover pele de amendoim torrado \u00e0 venda"},"content":{"rendered":"<p class=\"translation-block\">A <strong>m\u00e1quina de descasque de amendoim<\/strong> \u00e9 especialmente projetada para descascar amendoins torrados. Esta m\u00e1quina adota o princ\u00edpio de transmiss\u00e3o por fric\u00e7\u00e3o de rolos diferenciais. Pode remover automaticamente a casca vermelha sem causar danos aos kernels de amendoim. <\/p>    <p>Our factory processes different models of roasted peanut red skin peeler machines for choice, with output ranging from 200-1000kg\/h. The peanut&#8217;s peeling rate is as high as 98%, and the kernel damage rate is less than 2%.<\/p>    <p>Esta m\u00e1quina de descasque de amendoim \u00e9 amplamente utilizada na produ\u00e7\u00e3o de amendoins fritos, amendoins multi-sabor, leite de amendoim, p\u00f3 de prote\u00edna de amendoim, doces de amendoim, amendoim caramelizado, bolo de amendoim, manteiga de amendoim e produtos enlatados.<\/p>    <figure class=\"wp-block-embed aligncenter is-type-video is-provider-youtube wp-block-embed-youtube wp-embed-aspect-16-9 wp-has-aspect-ratio\"><div class=\"wp-block-embed__wrapper\"> <iframe loading=\"lazy\" title=\"M\u00e1quina eficiente de descasque de amendoim para processamento de alimentos de amendoim!#amendoim #amendoim #descasque\" width=\"500\" height=\"281\" src=\"https:\/\/www.youtube.com\/embed\/_HGeXxUyVp0?feature=oembed\" frameborder=\"0\" allow=\"accelerometer; autoplay; clipboard-write; encrypted-media; gyroscope; picture-in-picture; web-share\" referrerpolicy=\"strict-origin-when-cross-origin\" allowfullscreen><\/iframe> <\/div><figcaption class=\"wp-element-caption\">v\u00eddeo de trabalho de uma m\u00e1quina de descasque de amendoim torrado<\/figcaption><\/figure>    <h2 class=\"wp-block-heading\">Requisitos para materiais brutos<\/h2>    <ol class=\"wp-block-list\"> <li>O teor de umidade dos materiais ap\u00f3s serem fritos\/torrados \u00e9 de cerca de 4%.<\/li>    <li>Ap\u00f3s a sa\u00edda dos materiais brutos do forno, a temperatura est\u00e1 muito alta, o que afetar\u00e1 o efeito do descasque e danificar\u00e1 a m\u00e1quina.<\/li>    <li>Os materiais brutos que precisam ser descascados n\u00e3o devem conter impurezas como limalhas de ferro e pedras para evitar danos \u00e0 m\u00e1quina.<\/li> <\/ol>    <p class=\"translation-block\">Os amendoins geralmente s\u00e3o usados com uma m\u00e1quina de torrefa\u00e7\u00e3o de amendoim antes de serem descascados, o que tamb\u00e9m podemos fornecer. Para mais informa\u00e7\u00f5es, clique em <strong><em><a href=\"https:\/\/www.agriculture-machine.com\/pt\/peanut-roasting-machine\/\">M\u00e1quina de Torrefa\u00e7\u00e3o de Amendoim El\u00e9trica e a G\u00e1s para Venda<\/a><\/em><\/strong>.<\/p>    <h2 class=\"wp-block-heading\">M\u00e9todo de fia\u00e7\u00e3o e opera\u00e7\u00e3o<\/h2>    <ol class=\"wp-block-list\"> <li>Tens\u00e3o: 380V, trif\u00e1sico, 50hz.<\/li>    <li>Ap\u00f3s a fia\u00e7\u00e3o do funil na parte traseira da m\u00e1quina, h\u00e1 um interruptor. Ligue o interruptor para fia\u00e7\u00e3o.<\/li>    <li>Coloque a m\u00e1quina de forma est\u00e1vel, mantenha-a nivelada e coloque uma bolsa de couro na boca do ventilador.<\/li>    <li>Antes de ligar a m\u00e1quina, verifique se a linha de energia est\u00e1 normal, se os componentes est\u00e3o soltos e se a opera\u00e7\u00e3o de teste est\u00e1 normal.<\/li>    <li>Certifique-se de que a unidade principal e o ventilador estejam girando para frente.<\/li> <\/ol>    <figure class=\"wp-block-gallery has-nested-images columns-default is-cropped wp-block-gallery-2 is-layout-flex wp-block-gallery-is-layout-flex\"> <figure class=\"wp-block-image size-large\"><img loading=\"lazy\" decoding=\"async\" width=\"720\" height=\"540\" data-id=\"16011\" src=\"https:\/\/www.agriculture-machine.com\/wp-content\/uploads\/2024\/05\/peanut-peeling-machine-for-sale.webp\" alt=\"m\u00e1quina de descasque de amendoim \u00e0 venda\" class=\"wp-image-16011\" srcset=\"https:\/\/www.agriculture-machine.com\/wp-content\/uploads\/2024\/05\/peanut-peeling-machine-for-sale.webp 720w, https:\/\/www.agriculture-machine.com\/wp-content\/uploads\/2024\/05\/peanut-peeling-machine-for-sale-360x270.webp 360w, https:\/\/www.agriculture-machine.com\/wp-content\/uploads\/2024\/05\/peanut-peeling-machine-for-sale-240x180.webp 240w, https:\/\/www.agriculture-machine.com\/wp-content\/uploads\/2024\/05\/peanut-peeling-machine-for-sale-16x12.webp 16w\" sizes=\"auto, (max-width: 720px) 100vw, 720px\" \/><figcaption class=\"wp-element-caption\">m\u00e1quina de descasque de amendoim \u00e0 venda<\/figcaption><\/figure>    <figure class=\"wp-block-image size-large\"><img loading=\"lazy\" decoding=\"async\" width=\"720\" height=\"540\" data-id=\"16010\" src=\"https:\/\/www.agriculture-machine.com\/wp-content\/uploads\/2024\/05\/high-efficiency-peanut-peeler.webp\" alt=\"descascador de amendoim de alta efici\u00eancia\" class=\"wp-image-16010\" srcset=\"https:\/\/www.agriculture-machine.com\/wp-content\/uploads\/2024\/05\/high-efficiency-peanut-peeler.webp 720w, https:\/\/www.agriculture-machine.com\/wp-content\/uploads\/2024\/05\/high-efficiency-peanut-peeler-360x270.webp 360w, https:\/\/www.agriculture-machine.com\/wp-content\/uploads\/2024\/05\/high-efficiency-peanut-peeler-240x180.webp 240w, https:\/\/www.agriculture-machine.com\/wp-content\/uploads\/2024\/05\/high-efficiency-peanut-peeler-16x12.webp 16w\" sizes=\"auto, (max-width: 720px) 100vw, 720px\" \/><figcaption class=\"wp-element-caption\">descascador de amendoim de alta efici\u00eancia<\/figcaption><\/figure> <\/figure>    <h2 class=\"wp-block-heading\">Estrutura principal e fun\u00e7\u00e3o<\/h2>    <p>Esta unidade consiste em uma m\u00e1quina de descasque de amendoim e equipamento de armazenamento de casca:<\/p>    <ol class=\"wp-block-list\"> <li>A m\u00e1quina de descasque \u00e9 usada para remover a casca vermelha de amendoins de v\u00e1rias especifica\u00e7\u00f5es.<\/li>    <li>O equipamento de armazenamento de casca \u00e9 usado para absorver as cascas de amendoim descascadas na bolsa de casca atrav\u00e9s do ventilador.<\/li> <\/ol>    <p>Fun\u00e7\u00e3o principal:<\/p>    <p>Adotando a estrutura de fric\u00e7\u00e3o por rolos, o kernel de amendoim seco entra na m\u00e1quina principal atrav\u00e9s do funil. A casca vermelha \u00e9 removida pelo rolo de fric\u00e7\u00e3o de alta velocidade e sugada pelo ventilador, e o kernel branco de amendoim ap\u00f3s o descasque \u00e9 descarregado atrav\u00e9s da porta de material frontal.<\/p>    <h2 class=\"wp-block-heading\">Opera\u00e7\u00e3o da m\u00e1quina de descasque de amendoim<\/h2>    <p>Antes de ligar a m\u00e1quina, verifique se o circuito de energia est\u00e1 normal e se a opera\u00e7\u00e3o de teste est\u00e1 normal.<\/p>   <div id=\"rank-math-howto\" class=\"rank-math-block\" > <div class=\"rank-math-howto-description\">  <\/div>  <div class=\"rank-math-steps\"> <div id=\"howto-step-1715758075524\" class=\"rank-math-step\"> <div class=\"rank-math-step-content\"><p>Primeiro, inicie a m\u00e1quina de descasque de amendoim, depois coloque os amendoins cozidos e resfriados.<\/p> <\/div> <\/div> <div id=\"howto-step-1715758090000\" class=\"rank-math-step\"> <div class=\"rank-math-step-content\"><p>Rotate the peeler machine&#8217;s discharge plate rod to the right to raise the discharge plate and slow the rapid outflow of peanuts.<\/p> <\/div> <\/div> <div id=\"howto-step-1715758095905\" class=\"rank-math-step\"> <div class=\"rank-math-step-content\"><p>Reajuste a placa de descarga para a altura mais baixa com uma taxa de gr\u00e3os baixos e alta taxa de descasque.<\/p> <\/div> <\/div> <\/div> <\/div>       <figure class=\"wp-block-gallery has-nested-images columns-default is-cropped wp-block-gallery-3 is-layout-flex wp-block-gallery-is-layout-flex\"> <figure class=\"wp-block-image size-large\"><img loading=\"lazy\" decoding=\"async\" width=\"720\" height=\"540\" data-id=\"16013\" src=\"https:\/\/www.agriculture-machine.com\/wp-content\/uploads\/2024\/05\/groundnut-dry-peeling-machine.webp\" alt=\"m\u00e1quina de descasque de amendoim seca\" class=\"wp-image-16013\" srcset=\"https:\/\/www.agriculture-machine.com\/wp-content\/uploads\/2024\/05\/groundnut-dry-peeling-machine.webp 720w, https:\/\/www.agriculture-machine.com\/wp-content\/uploads\/2024\/05\/groundnut-dry-peeling-machine-360x270.webp 360w, https:\/\/www.agriculture-machine.com\/wp-content\/uploads\/2024\/05\/groundnut-dry-peeling-machine-240x180.webp 240w, https:\/\/www.agriculture-machine.com\/wp-content\/uploads\/2024\/05\/groundnut-dry-peeling-machine-16x12.webp 16w\" sizes=\"auto, (max-width: 720px) 100vw, 720px\" \/><figcaption class=\"wp-element-caption\">m\u00e1quina de descasque de amendoim seca<\/figcaption><\/figure>    <figure class=\"wp-block-image size-large\"><img loading=\"lazy\" decoding=\"async\" width=\"720\" height=\"540\" data-id=\"16012\" src=\"https:\/\/www.agriculture-machine.com\/wp-content\/uploads\/2024\/05\/automatic-groundnut-peeler.webp\" alt=\"descascador autom\u00e1tico de amendoim\" class=\"wp-image-16012\" srcset=\"https:\/\/www.agriculture-machine.com\/wp-content\/uploads\/2024\/05\/automatic-groundnut-peeler.webp 720w, https:\/\/www.agriculture-machine.com\/wp-content\/uploads\/2024\/05\/automatic-groundnut-peeler-360x270.webp 360w, https:\/\/www.agriculture-machine.com\/wp-content\/uploads\/2024\/05\/automatic-groundnut-peeler-240x180.webp 240w, https:\/\/www.agriculture-machine.com\/wp-content\/uploads\/2024\/05\/automatic-groundnut-peeler-16x12.webp 16w\" sizes=\"auto, (max-width: 720px) 100vw, 720px\" \/><figcaption class=\"wp-element-caption\">descascador autom\u00e1tico de amendoim<\/figcaption><\/figure> <\/figure>    <h2 class=\"wp-block-heading\">Vantagens do removedor de casca de amendoim<\/h2>    <ul class=\"wp-block-list\"> <li>A taxa de descasque \u00e9 de at\u00e9 98% e a taxa de esmagamento \u00e9 baixa.<\/li>    <li>A m\u00e1quina \u00e9 de tamanho compacto, f\u00e1cil de instalar e operar.<\/li>    <li>O kernel de amendoim e a casca vermelha s\u00e3o separados automaticamente, f\u00e1cil de coletar.<\/li>    <li>A casca vermelha \u00e9 coletada por uma m\u00e1quina de vento, conveniente para outros usos, como farmac\u00eauticos.<\/li> <\/ul>    <figure class=\"wp-block-gallery has-nested-images columns-default is-cropped wp-block-gallery-4 is-layout-flex wp-block-gallery-is-layout-flex\"> <figure class=\"wp-block-image size-large\"><img loading=\"lazy\" decoding=\"async\" width=\"405\" height=\"540\" data-id=\"16008\" src=\"https:\/\/www.agriculture-machine.com\/wp-content\/uploads\/2024\/05\/commercial-nut-processing-machine-405x540.webp\" alt=\"m\u00e1quina de processamento de nozes comercial\" class=\"wp-image-16008\" srcset=\"https:\/\/www.agriculture-machine.com\/wp-content\/uploads\/2024\/05\/commercial-nut-processing-machine-405x540.webp 405w, https:\/\/www.agriculture-machine.com\/wp-content\/uploads\/2024\/05\/commercial-nut-processing-machine-203x270.webp 203w, https:\/\/www.agriculture-machine.com\/wp-content\/uploads\/2024\/05\/commercial-nut-processing-machine-9x12.webp 9w, https:\/\/www.agriculture-machine.com\/wp-content\/uploads\/2024\/05\/commercial-nut-processing-machine.webp 540w\" sizes=\"auto, (max-width: 405px) 100vw, 405px\" \/><figcaption class=\"wp-element-caption\">m\u00e1quina de processamento de nozes comercial<\/figcaption><\/figure>    <figure class=\"wp-block-image size-large\"><img loading=\"lazy\" decoding=\"async\" width=\"405\" height=\"540\" data-id=\"16009\" src=\"https:\/\/www.agriculture-machine.com\/wp-content\/uploads\/2024\/05\/peanut-skin-removal-machine-405x540.webp\" alt=\"m\u00e1quina de remo\u00e7\u00e3o de casca de amendoim\" class=\"wp-image-16009\" srcset=\"https:\/\/www.agriculture-machine.com\/wp-content\/uploads\/2024\/05\/peanut-skin-removal-machine-405x540.webp 405w, https:\/\/www.agriculture-machine.com\/wp-content\/uploads\/2024\/05\/peanut-skin-removal-machine-203x270.webp 203w, https:\/\/www.agriculture-machine.com\/wp-content\/uploads\/2024\/05\/peanut-skin-removal-machine-9x12.webp 9w, https:\/\/www.agriculture-machine.com\/wp-content\/uploads\/2024\/05\/peanut-skin-removal-machine.webp 540w\" sizes=\"auto, (max-width: 405px) 100vw, 405px\" \/><figcaption class=\"wp-element-caption\">m\u00e1quina de remo\u00e7\u00e3o de casca de amendoim<\/figcaption><\/figure> <\/figure>    <h2 class=\"wp-block-heading\">Par\u00e2metros da m\u00e1quina de remo\u00e7\u00e3o de casca de amendoim<\/h2>    <figure class=\"wp-block-table is-style-stripes\"><table><tbody><tr><td>Modelo<\/td><td>Capacidade<\/td><td>Par\u00e2metros<\/td><\/tr><tr><td>ht-1<\/td><td>200-250kg\/h<\/td><td>Pot\u00eancia do motor: 0.55kw<br>Pot\u00eancia do ventilador: 0.37kw<br>Tens\u00e3o: 380V\/220V<br>Frequ\u00eancia: 50HZ<br>Peso: 110kg<br>Taxa de descasque: \u226598%<br>Dimens\u00e3o: 1200*500*1200mm<\/td><\/tr><tr><td>ht-2<\/td><td>400-500kg\/h<\/td><td>Pot\u00eancia do motor: 0.55kw*2<br>Pot\u00eancia do ventilador: 0.55kw<br>Tens\u00e3o: 380V\/220V<br>Frequ\u00eancia: 50HZ<br>Peso: 200kg<br>Taxa de descasque: \u226598%<br>Dimens\u00e3o: 1200*750*1200mm<\/td><\/tr><tr><td>ht-3<\/td><td>600-750kg\/h<\/td><td>Pot\u00eancia do motor: 0.55kw*3<br>Pot\u00eancia do ventilador: 0.75kw<br>Tens\u00e3o: 380V\/220V<br>Frequ\u00eancia: 50HZ<br>Peso: 280kg<br>Taxa de descasque: \u226598%<br>Dimens\u00e3o: 1200*1050*1200mm<\/td><\/tr><tr><td>ht-4<\/td><td>800-1000kg\/h<\/td><td>Pot\u00eancia do motor: 0.55kw*4<br>Pot\u00eancia do ventilador: 1.5kw<br>Tens\u00e3o: 380V\/220V<br>Frequ\u00eancia: 50HZ<br>Peso: 360kg<br>Taxa de descasque: \u226598%<br>Dimens\u00e3o: 1200*1400*1200mm<\/td><\/tr><\/tbody><\/table><figcaption class=\"wp-element-caption\">dados t\u00e9cnicos da m\u00e1quina de descasque de amendoim<\/figcaption><\/figure>    <h2 class=\"wp-block-heading\">M\u00e1quina <strong>manuten\u00e7\u00e3o e reparo<\/strong><\/h2>    <ul class=\"wp-block-list\"> <li>Ap\u00f3s a conclus\u00e3o do trabalho, o res\u00edduo do rolo de areia deve ser removido com uma escova e os res\u00edduos de couro partido da bolsa de armazenamento (caixa) devem ser limpos.<\/li>    <li>Limpe regularmente o rolo de lixamento.<\/li>    <li>Limpe diariamente os amendoins e gr\u00e2nulos no balde do ventilador e abra a porta deslizante na extremidade inferior da m\u00e1quina para liberar as part\u00edculas.<\/li>    <li>Se o \u00fanico gr\u00e3o de areia n\u00e3o girar, substitua a correia.<\/li>    <li>Limpe regularmente o impulsor do ventilador (p\u00f3 de amendoim e pele esmagada no impulsor).<\/li> <\/ul>    <p>Voc\u00ea pode comprar uma m\u00e1quina de descasque de amendoim de pre\u00e7o de f\u00e1brica do fornecedor Taizy Machinery Manufacturing com instru\u00e7\u00f5es gratuitas. Enviamos m\u00e1quinas a baixo custo para Espanha, Vietn\u00e3, Camar\u00f5es, Qu\u00eania, Ir\u00e3, Congo, Tanz\u00e2nia, Bol\u00edvia, Sri Lanka, Nig\u00e9ria e Egito. Voc\u00ea pode nos enviar suas necessidades espec\u00edficas atrav\u00e9s do formul\u00e1rio de mensagem \u00e0 direita, e esperamos poder fornecer o equipamento adequado para seu projeto de processamento de amendoim.<\/p>","protected":false},"excerpt":{"rendered":"<p>A m\u00e1quina de descasque de amendoim \u00e9 especialmente projetada para remover rapidamente a casca externa do amendoim, adequada para a ind\u00fastria de processamento de alimentos de amendoim em grande escala.<\/p>","protected":false},"author":1,"featured_media":16014,"parent":0,"comment_status":"closed","ping_status":"closed","template":"","tags":[798,797,799],"product-type":[162,2],"class_list":["post-16007","product","type-product","status-publish","has-post-thumbnail","hentry","tag-groundnut","tag-peanut","tag-peanut-kernel","product-type-other-type","product-type-products"],"_links":{"self":[{"href":"https:\/\/www.agriculture-machine.com\/pt\/wp-json\/wp\/v2\/product\/16007","targetHints":{"allow":["GET"]}}],"collection":[{"href":"https:\/\/www.agriculture-machine.com\/pt\/wp-json\/wp\/v2\/product"}],"about":[{"href":"https:\/\/www.agriculture-machine.com\/pt\/wp-json\/wp\/v2\/types\/product"}],"author":[{"embeddable":true,"href":"https:\/\/www.agriculture-machine.com\/pt\/wp-json\/wp\/v2\/users\/1"}],"replies":[{"embeddable":true,"href":"https:\/\/www.agriculture-machine.com\/pt\/wp-json\/wp\/v2\/comments?post=16007"}],"wp:featuredmedia":[{"embeddable":true,"href":"https:\/\/www.agriculture-machine.com\/pt\/wp-json\/wp\/v2\/media\/16014"}],"wp:attachment":[{"href":"https:\/\/www.agriculture-machine.com\/pt\/wp-json\/wp\/v2\/media?parent=16007"}],"wp:term":[{"taxonomy":"post_tag","embeddable":true,"href":"https:\/\/www.agriculture-machine.com\/pt\/wp-json\/wp\/v2\/tags?post=16007"},{"taxonomy":"product-type","embeddable":true,"href":"https:\/\/www.agriculture-machine.com\/pt\/wp-json\/wp\/v2\/product-type?post=16007"}],"curies":[{"name":"wp","href":"https:\/\/api.w.org\/{rel}","templated":true}]}}