{"id":173,"date":"2018-07-12T07:03:18","date_gmt":"2018-07-11T23:03:18","guid":{"rendered":"https:\/\/www.agriculture-machine.com\/?p=173"},"modified":"2024-09-18T16:02:03","modified_gmt":"2024-09-18T08:02:03","slug":"maize-sheller","status":"publish","type":"product","link":"https:\/\/www.agriculture-machine.com\/pt\/maize-sheller\/","title":{"rendered":"Excelente desempenho m\u00e1quina de debulhar milho\u4e28m\u00e1quina de debulhar milho"},"content":{"rendered":"<p>A debulhadora de milho \u00e9 um equipamento profissional para debulhar milho seco ao sol. A debulhadora de milho tem uma pequena \u00e1rea ocupada, alta efici\u00eancia de trabalho e \u00e9 f\u00e1cil de mover. \u00c9 f\u00e1cil para voc\u00ea mov\u00ea-la para qualquer lugar. Portanto, este debulhador de milho \u00e9 a primeira escolha para debulha de milho dom\u00e9stica. <\/p>    <p>Como fabricante de m\u00e1quinas agr\u00edcolas, estamos constantemente atualizando o debulhador de milho, e o debulhador de milho atual \u00e9 o modelo mais recente. O trabalho do debulhador de milho \u00e9 mais est\u00e1vel e dur\u00e1vel.<\/p>    <figure class=\"wp-block-embed aligncenter is-type-video is-provider-youtube wp-block-embed-youtube wp-embed-aspect-16-9 wp-has-aspect-ratio\"><div class=\"wp-block-embed__wrapper\"> <iframe loading=\"lazy\" title=\"Eficiente e Conveniente! O Guia de Opera\u00e7\u00e3o da Mais Recente M\u00e1quina Debulhadora de Milho!\" width=\"500\" height=\"281\" src=\"https:\/\/www.youtube.com\/embed\/1nKcF5ElUqA?feature=oembed\" frameborder=\"0\" allow=\"accelerometer; autoplay; clipboard-write; encrypted-media; gyroscope; picture-in-picture; web-share\" referrerpolicy=\"strict-origin-when-cross-origin\" allowfullscreen><\/iframe> <\/div><figcaption class=\"wp-element-caption\">v\u00eddeo de trabalho da m\u00e1quina debulhadora de milho<\/figcaption><\/figure>    <h2 class=\"wp-block-heading\" id=\"h-brief-introduction-of-corn-sheller-machine\">Breve introdu\u00e7\u00e3o da m\u00e1quina debulhadora de milho<\/h2>    <p>A m\u00e1quina debulhadora de milho \u00e9 equipada com uma alta capacidade (3-4t\/h). Com peso leve (86kg) e 4 rodas, \u00e9 f\u00e1cil para os agricultores moverem. Este tipo de debulhadora de milho manual tem uma alta taxa de debulha e baixa taxa de quebra, raz\u00e3o pela qual nossos clientes elogiam muito esta m\u00e1quina. O novo design do cilindro rolante permite que o milho n\u00e3o seja danificado facilmente.<\/p>    <p class=\"translation-block\">Podemos equipar este debulhador de milho com tr\u00eas pot\u00eancias diferentes: motor, motor a gasolina e motor a diesel. Assim, \u00e9 conveniente para os clientes us\u00e1-lo em qualquer lugar. Tamb\u00e9m temos outras m\u00e1quinas debulhadoras, como <a href=\"https:\/\/www.agriculture-machine.com\/pt\/multifunctional-thresher-for-maize-beans-sorghum-millet\/\">m\u00e1quina debulhadora multifuncional<\/a>, <a href=\"https:\/\/taizyfarmequipment.com\/product\/thresher-machine-for-rice-wheat\/\" target=\"_blank\" rel=\"noopener\">m\u00e1quina debulhadora de arroz e trigo<\/a>, <a href=\"https:\/\/www.agriculture-machine.com\/pt\/small-sweet-corn-sheller-for-fresh-maize\/\">m\u00e1quina debulhadora de milho fresco<\/a>, etc.<\/p>    <figure class=\"wp-block-gallery has-nested-images columns-2 is-cropped wp-block-gallery-2 is-layout-flex wp-block-gallery-is-layout-flex\"> <figure class=\"wp-block-image size-large\"><img loading=\"lazy\" decoding=\"async\" width=\"720\" height=\"540\" data-id=\"13356\" src=\"https:\/\/www.agriculture-machine.com\/wp-content\/uploads\/2022\/04\/corn-sheller-0.jpg\" alt=\"descascador de milho\" class=\"wp-image-13356\" title=\"descascador de milho\" srcset=\"https:\/\/www.agriculture-machine.com\/wp-content\/uploads\/2022\/04\/corn-sheller-0.jpg 720w, https:\/\/www.agriculture-machine.com\/wp-content\/uploads\/2022\/04\/corn-sheller-0-360x270.jpg 360w, https:\/\/www.agriculture-machine.com\/wp-content\/uploads\/2022\/04\/corn-sheller-0-240x180.jpg 240w\" sizes=\"auto, (max-width: 720px) 100vw, 720px\" \/><figcaption class=\"wp-element-caption\">descascador de milho<\/figcaption><\/figure>    <figure class=\"wp-block-image size-large\"><img loading=\"lazy\" decoding=\"async\" width=\"720\" height=\"540\" data-id=\"13357\" src=\"https:\/\/www.agriculture-machine.com\/wp-content\/uploads\/2022\/04\/corn-thresher0.jpg\" alt=\"debulhador de milho\" class=\"wp-image-13357\" title=\"debulhador de milho\" srcset=\"https:\/\/www.agriculture-machine.com\/wp-content\/uploads\/2022\/04\/corn-thresher0.jpg 720w, https:\/\/www.agriculture-machine.com\/wp-content\/uploads\/2022\/04\/corn-thresher0-360x270.jpg 360w, https:\/\/www.agriculture-machine.com\/wp-content\/uploads\/2022\/04\/corn-thresher0-240x180.jpg 240w\" sizes=\"auto, (max-width: 720px) 100vw, 720px\" \/><figcaption class=\"wp-element-caption\">debulhador de milho<\/figcaption><\/figure>    <figure class=\"wp-block-image size-large\"><img loading=\"lazy\" decoding=\"async\" width=\"720\" height=\"540\" data-id=\"13358\" src=\"https:\/\/www.agriculture-machine.com\/wp-content\/uploads\/2022\/04\/maize-threshing-machine0.jpg\" alt=\"m\u00e1quina de debulha de milho\" class=\"wp-image-13358\" title=\"m\u00e1quina de debulha de milho\" srcset=\"https:\/\/www.agriculture-machine.com\/wp-content\/uploads\/2022\/04\/maize-threshing-machine0.jpg 720w, https:\/\/www.agriculture-machine.com\/wp-content\/uploads\/2022\/04\/maize-threshing-machine0-360x270.jpg 360w, https:\/\/www.agriculture-machine.com\/wp-content\/uploads\/2022\/04\/maize-threshing-machine0-240x180.jpg 240w\" sizes=\"auto, (max-width: 720px) 100vw, 720px\" \/><figcaption class=\"wp-element-caption\">m\u00e1quina de debulha de milho<\/figcaption><\/figure>    <figure class=\"wp-block-image size-large\"><img loading=\"lazy\" decoding=\"async\" width=\"720\" height=\"540\" data-id=\"13359\" src=\"https:\/\/www.agriculture-machine.com\/wp-content\/uploads\/2022\/04\/maize-thresher0.jpg\" alt=\"debulhador de milho\" class=\"wp-image-13359\" title=\"debulhador de milho\" srcset=\"https:\/\/www.agriculture-machine.com\/wp-content\/uploads\/2022\/04\/maize-thresher0.jpg 720w, https:\/\/www.agriculture-machine.com\/wp-content\/uploads\/2022\/04\/maize-thresher0-360x270.jpg 360w, https:\/\/www.agriculture-machine.com\/wp-content\/uploads\/2022\/04\/maize-thresher0-240x180.jpg 240w\" sizes=\"auto, (max-width: 720px) 100vw, 720px\" \/><figcaption class=\"wp-element-caption\">debulhador de milho<\/figcaption><\/figure> <\/figure>    <h2 class=\"wp-block-heading\" id=\"h-main-structure-of-maize-threshing-machine\">Estrutura principal da m\u00e1quina de debulha de milho<\/h2>    <p>A estrutura principal de uma m\u00e1quina debulhadora de milho \u00e9 composta principalmente por um quadro, uma entrada de material, um dispositivo de debulha, uma tela, um motor (motor, motor a gasolina ou motor a diesel), roda, uma sa\u00edda de gr\u00e3os de milho, uma sa\u00edda de espiga de milho, etc. A m\u00e1quina de debulha de milho tem uma apar\u00eancia bonita e longa vida \u00fatil, sendo uma boa ajudante para debulhadores de milho dom\u00e9sticos.<\/p>    <figure class=\"wp-block-image aligncenter size-full\"><img loading=\"lazy\" decoding=\"async\" width=\"720\" height=\"540\" src=\"https:\/\/www.agriculture-machine.com\/wp-content\/uploads\/2022\/04\/corn-shellers-structure-1.jpg\" alt=\"estrutura do debulhador de milho \" class=\"wp-image-13360\" title=\"estrutura do debulhador de milho \" srcset=\"https:\/\/www.agriculture-machine.com\/wp-content\/uploads\/2022\/04\/corn-shellers-structure-1.jpg 720w, https:\/\/www.agriculture-machine.com\/wp-content\/uploads\/2022\/04\/corn-shellers-structure-1-360x270.jpg 360w, https:\/\/www.agriculture-machine.com\/wp-content\/uploads\/2022\/04\/corn-shellers-structure-1-240x180.jpg 240w\" sizes=\"auto, (max-width: 720px) 100vw, 720px\" \/><figcaption class=\"wp-element-caption\">corn sheller&#8217;s structure<\/figcaption><\/figure>    <h2 class=\"wp-block-heading\">Par\u00e2metro t\u00e9cnico da debulhadora de milho<\/h2>    <div class=\"table-responsive\"> <table class=\"table table-striped\"> <tbody> <tr> <td width=\"284\">Modelo<\/td> <td width=\"284\">SL-B<\/td> <\/tr> <tr> <td width=\"284\">Pot\u00eancia<\/td> <td width=\"284\">motor de 2.2kw, motor a gasolina e motor a diesel<\/td> <\/tr> <tr> <td width=\"284\">Capacidade<\/td> <td width=\"284\">3-4t\/h<\/td> <\/tr> <tr> <td width=\"284\">Peso<\/td> <td width=\"284\">86kg<\/td> <\/tr> <tr> <td width=\"284\">Tamanho<\/td> <td width=\"284\">1080*6500*1300mm<\/td> <\/tr> <\/tbody> <\/table> <\/div>    <h2 class=\"wp-block-heading\" id=\"h-what-advantages-does-the-maize-sheller-machine-has\">Quais s\u00e3o as vantagens da m\u00e1quina debulhadora de milho?<\/h2>    <p>1. A m\u00e1quina debulhadora de milho tem uma estrutura compacta e a\u00e7o de alta qualidade. Assim, as pessoas podem us\u00e1-la por muito tempo.<br>2. Alta taxa de limpeza. N\u00e3o s\u00f3 a m\u00e1quina tem uma alta taxa de remo\u00e7\u00e3o, mas o gr\u00e3o de milho final tamb\u00e9m est\u00e1 limpo.<br>3. Com material especial, nossos novos rolos de design dentro da m\u00e1quina n\u00e3o danificam os gr\u00e3os. Assim, o gr\u00e3o de milho pode ser vendido diretamente. <br>4. A debulhadora de milho \u00e9 f\u00e1cil de usar e ajustar, ocupando pequenos espa\u00e7os com alta produ\u00e7\u00e3o. Portanto, \u00e9 popular tanto em pa\u00edses dom\u00e9sticos quanto estrangeiros. <br>5. Sua estrutura flex\u00edvel pode economizar energia e tempo de trabalho, realizando opera\u00e7\u00f5es como debulha, ventila\u00e7\u00e3o e triagem.<\/p>    <figure class=\"wp-block-image aligncenter size-full\"><img loading=\"lazy\" decoding=\"async\" width=\"720\" height=\"540\" src=\"https:\/\/www.agriculture-machine.com\/wp-content\/uploads\/2022\/04\/threshing-effect-0.jpg\" alt=\"efeito de debulha\" class=\"wp-image-13382\" title=\"efeito de debulha\" srcset=\"https:\/\/www.agriculture-machine.com\/wp-content\/uploads\/2022\/04\/threshing-effect-0.jpg 720w, https:\/\/www.agriculture-machine.com\/wp-content\/uploads\/2022\/04\/threshing-effect-0-360x270.jpg 360w, https:\/\/www.agriculture-machine.com\/wp-content\/uploads\/2022\/04\/threshing-effect-0-240x180.jpg 240w\" sizes=\"auto, (max-width: 720px) 100vw, 720px\" \/><figcaption class=\"wp-element-caption\">efeito de debulha<\/figcaption><\/figure>    <h2 class=\"wp-block-heading\">Princ\u00edpio de funcionamento da m\u00e1quina debulhadora de milho<\/h2>    <p>1. Quando a debulhadora de milho est\u00e1 funcionando, os operadores primeiro colocam o milho na entrada.<br>2. O milho entra na c\u00e2mara de debulha atrav\u00e9s da porta de alimenta\u00e7\u00e3o e ent\u00e3o o rotor atinge os gr\u00e3os de milho.<br>3. Os rolos giram sob a for\u00e7a do motor e debulham o milho com uma velocidade incr\u00edvel quando o milho se move para o meio de dois rolos.<br>4. A espiga de milho \u00e9 descarregada da parte traseira da m\u00e1quina debulhadora de milho. As palhas de milho e outras impurezas s\u00e3o descarregadas pelo ventilador de arraste que pode absorver palha e algumas pequenas part\u00edculas para manter os gr\u00e3os de milho limpos.<br>5. Os gr\u00e3os de milho caem pelos buracos da peneira. H\u00e1 uma barreira na parte inferior da entrada para evitar que os gr\u00e3os de milho caindo machuquem as pessoas.<\/p>    <p>Nota: A efici\u00eancia de debulha do debulhador de milho \u00e9 determinada pelo comprimento e di\u00e2metro do tambor. O espinho no rotor \u00e9 vulner\u00e1vel. E devemos verific\u00e1-lo frequentemente. Quando um quarto dos dentes se desgasta, podemos corrigir ou substituir com soldagem el\u00e9trica para garantir o equil\u00edbrio do rotor. A tela tamb\u00e9m \u00e9 uma parte consum\u00edvel. Portanto, devemos substitu\u00ed-la quando estiver quebrada.<\/p>    <figure class=\"wp-block-gallery has-nested-images columns-default is-cropped wp-block-gallery-3 is-layout-flex wp-block-gallery-is-layout-flex\"> <figure class=\"wp-block-image size-large\"><img loading=\"lazy\" decoding=\"async\" width=\"720\" height=\"540\" data-id=\"13365\" src=\"https:\/\/www.agriculture-machine.com\/wp-content\/uploads\/2022\/04\/high-efficiency-corn-thresher-0.jpg\" alt=\"debuhador de milho de alta efici\u00eancia\" class=\"wp-image-13365\" title=\"debuhador de milho de alta efici\u00eancia\" srcset=\"https:\/\/www.agriculture-machine.com\/wp-content\/uploads\/2022\/04\/high-efficiency-corn-thresher-0.jpg 720w, https:\/\/www.agriculture-machine.com\/wp-content\/uploads\/2022\/04\/high-efficiency-corn-thresher-0-360x270.jpg 360w, https:\/\/www.agriculture-machine.com\/wp-content\/uploads\/2022\/04\/high-efficiency-corn-thresher-0-240x180.jpg 240w\" sizes=\"auto, (max-width: 720px) 100vw, 720px\" \/><figcaption class=\"wp-element-caption\">debuhador de milho de alta efici\u00eancia<\/figcaption><\/figure>    <figure class=\"wp-block-image size-large\"><img loading=\"lazy\" decoding=\"async\" width=\"720\" height=\"540\" data-id=\"13366\" src=\"https:\/\/www.agriculture-machine.com\/wp-content\/uploads\/2022\/04\/working-situation-0.jpg\" alt=\"situa\u00e7\u00e3o de trabalho\" class=\"wp-image-13366\" title=\"situa\u00e7\u00e3o de trabalho\" srcset=\"https:\/\/www.agriculture-machine.com\/wp-content\/uploads\/2022\/04\/working-situation-0.jpg 720w, https:\/\/www.agriculture-machine.com\/wp-content\/uploads\/2022\/04\/working-situation-0-360x270.jpg 360w, https:\/\/www.agriculture-machine.com\/wp-content\/uploads\/2022\/04\/working-situation-0-240x180.jpg 240w\" sizes=\"auto, (max-width: 720px) 100vw, 720px\" \/><figcaption class=\"wp-element-caption\">situa\u00e7\u00e3o de trabalho<\/figcaption><\/figure> <\/figure>    <h2 class=\"wp-block-heading\" id=\"h-application-of-corn-sheller-machine\">Aplica\u00e7\u00e3o da m\u00e1quina debulhadora de milho<\/h2>    <p>A debulhadora de milho separa os gr\u00e3os de milho das espigas a uma velocidade incr\u00edvel e os gr\u00e3os podem permanecer intactos, sendo amplamente utilizada para cria\u00e7\u00e3o de gado, fazendas, bem como uso di\u00e1rio pelas pessoas.<\/p>    <h2 class=\"wp-block-heading\" id=\"h-the-successful-case-of-corn-sheller-machine\">O caso de sucesso da m\u00e1quina debulhadora de milho<\/h2>    <p>Nossos clientes est\u00e3o muito satisfeitos com a m\u00e1quina debulhadora de milho devido \u00e0 sua baixa taxa de esmagamento, excelente capacidade de limpeza e alta efici\u00eancia. At\u00e9 agora, exportamos muitas m\u00e1quinas debulhadoras de milho para todo o mundo. <\/p>    <p>E recebemos um bom feedback deles. Com um servi\u00e7o p\u00f3s-venda perfeito e uma atitude sincera, conquistamos a confian\u00e7a dos clientes. Sempre colocamos nossos p\u00e9s nos sapatos do cliente e tratamos seu benef\u00edcio como prioridade.<\/p>    <figure class=\"wp-block-gallery has-nested-images columns-default is-cropped wp-block-gallery-4 is-layout-flex wp-block-gallery-is-layout-flex\"> <figure class=\"wp-block-image size-large\"><img loading=\"lazy\" decoding=\"async\" width=\"720\" height=\"540\" data-id=\"13375\" src=\"https:\/\/www.agriculture-machine.com\/wp-content\/uploads\/2022\/04\/maize-sheller-0.jpg\" alt=\"Debulhadora de milho\" class=\"wp-image-13375\" title=\"Debulhadora de milho\" srcset=\"https:\/\/www.agriculture-machine.com\/wp-content\/uploads\/2022\/04\/maize-sheller-0.jpg 720w, https:\/\/www.agriculture-machine.com\/wp-content\/uploads\/2022\/04\/maize-sheller-0-360x270.jpg 360w, https:\/\/www.agriculture-machine.com\/wp-content\/uploads\/2022\/04\/maize-sheller-0-240x180.jpg 240w\" sizes=\"auto, (max-width: 720px) 100vw, 720px\" \/><figcaption class=\"wp-element-caption\">Debulhadora de milho<\/figcaption><\/figure>    <figure class=\"wp-block-image size-large\"><img loading=\"lazy\" decoding=\"async\" width=\"720\" height=\"540\" data-id=\"13376\" src=\"https:\/\/www.agriculture-machine.com\/wp-content\/uploads\/2022\/04\/corn-thresher-0.jpg\" alt=\"debulhador de milho\" class=\"wp-image-13376\" title=\"debulhador de milho\" srcset=\"https:\/\/www.agriculture-machine.com\/wp-content\/uploads\/2022\/04\/corn-thresher-0.jpg 720w, https:\/\/www.agriculture-machine.com\/wp-content\/uploads\/2022\/04\/corn-thresher-0-360x270.jpg 360w, https:\/\/www.agriculture-machine.com\/wp-content\/uploads\/2022\/04\/corn-thresher-0-240x180.jpg 240w\" sizes=\"auto, (max-width: 720px) 100vw, 720px\" \/><figcaption class=\"wp-element-caption\">debulhador de milho<\/figcaption><\/figure>    <figure class=\"wp-block-image size-large\"><img loading=\"lazy\" decoding=\"async\" width=\"720\" height=\"540\" data-id=\"13377\" src=\"https:\/\/www.agriculture-machine.com\/wp-content\/uploads\/2022\/04\/shipping-of-the-corn-thresher-0.jpg\" alt=\"envio do debulhador de milho\" class=\"wp-image-13377\" title=\"envio do debulhador de milho\" srcset=\"https:\/\/www.agriculture-machine.com\/wp-content\/uploads\/2022\/04\/shipping-of-the-corn-thresher-0.jpg 720w, https:\/\/www.agriculture-machine.com\/wp-content\/uploads\/2022\/04\/shipping-of-the-corn-thresher-0-360x270.jpg 360w, https:\/\/www.agriculture-machine.com\/wp-content\/uploads\/2022\/04\/shipping-of-the-corn-thresher-0-240x180.jpg 240w\" sizes=\"auto, (max-width: 720px) 100vw, 720px\" \/><figcaption class=\"wp-element-caption\">envio do debulhador de milho<\/figcaption><\/figure> <\/figure>    <h2 class=\"wp-block-heading\" id=\"h-faq\">Perguntas Frequentes<\/h2>   <div id=\"rank-math-faq\" class=\"rank-math-block\"> <div class=\"rank-math-list\"> <div id=\"faq-question-1714386534812\" class=\"rank-math-list-item\"> <h3 class=\"rank-math-question\">Esta m\u00e1quina debulha apenas milho?<\/h3> <div class=\"rank-math-answer\">  <p>Sim, \u00e9 a m\u00e1quina apenas para milho.<\/p>  <\/div> <\/div> <div id=\"faq-question-1714386538716\" class=\"rank-math-list-item\"> <h3 class=\"rank-math-question\">Qual \u00e9 a parte vulner\u00e1vel desta m\u00e1quina?<\/h3> <div class=\"rank-math-answer\">  <p>O rolo e a tela s\u00e3o vulner\u00e1veis. E devemos substitu\u00ed-los frequentemente.<\/p>  <\/div> <\/div> <div id=\"faq-question-1714386569735\" class=\"rank-math-list-item\"> <h3 class=\"rank-math-question\">Quantos tipos de m\u00e1quinas debulhadoras de milho voc\u00ea tem?<\/h3> <div class=\"rank-math-answer\">  <p>A m\u00e1quina debulhadora de milho \u00e9 nosso produto mais vendido. Temos diferentes capacidades, como 1t\/h, 3 -4t\/h, 4t\/h, 5t\/h, 6t\/h. Bem-vindo a entrar em contato conosco para saber mais.<\/p>  <\/div> <\/div> <div id=\"faq-question-1714386580546\" class=\"rank-math-list-item\"> <h3 class=\"rank-math-question\">Como trocar a tela?<\/h3> <div class=\"rank-math-answer\">  <p>A tela \u00e9 f\u00e1cil de trocar. Forneceremos um v\u00eddeo detalhado sobre como trocar a tela.<\/p>  <\/div> <\/div> <\/div> <\/div>","protected":false},"excerpt":{"rendered":"<p>A debulhadora de milho \u00e9 um equipamento profissional para debulhar milho seco ao sol. Tem uma pequena \u00e1rea ocupada, alta efici\u00eancia de trabalho e \u00e9 f\u00e1cil de mover.<\/p>","protected":false},"author":1,"featured_media":0,"parent":0,"comment_status":"closed","ping_status":"closed","template":"","tags":[491,2613],"product-type":[893],"class_list":["post-173","product","type-product","status-publish","hentry","tag-corn","tag-peeling","product-type-corn-thresher"],"_links":{"self":[{"href":"https:\/\/www.agriculture-machine.com\/pt\/wp-json\/wp\/v2\/product\/173","targetHints":{"allow":["GET"]}}],"collection":[{"href":"https:\/\/www.agriculture-machine.com\/pt\/wp-json\/wp\/v2\/product"}],"about":[{"href":"https:\/\/www.agriculture-machine.com\/pt\/wp-json\/wp\/v2\/types\/product"}],"author":[{"embeddable":true,"href":"https:\/\/www.agriculture-machine.com\/pt\/wp-json\/wp\/v2\/users\/1"}],"replies":[{"embeddable":true,"href":"https:\/\/www.agriculture-machine.com\/pt\/wp-json\/wp\/v2\/comments?post=173"}],"wp:attachment":[{"href":"https:\/\/www.agriculture-machine.com\/pt\/wp-json\/wp\/v2\/media?parent=173"}],"wp:term":[{"taxonomy":"post_tag","embeddable":true,"href":"https:\/\/www.agriculture-machine.com\/pt\/wp-json\/wp\/v2\/tags?post=173"},{"taxonomy":"product-type","embeddable":true,"href":"https:\/\/www.agriculture-machine.com\/pt\/wp-json\/wp\/v2\/product-type?post=173"}],"curies":[{"name":"wp","href":"https:\/\/api.w.org\/{rel}","templated":true}]}}