{"id":17458,"date":"2026-02-27T17:02:53","date_gmt":"2026-02-27T09:02:53","guid":{"rendered":"https:\/\/www.agriculture-machine.com\/?post_type=product&#038;p=17458"},"modified":"2026-02-27T17:02:55","modified_gmt":"2026-02-27T09:02:55","slug":"silage-round-baler-wrapper","status":"publish","type":"product","link":"https:\/\/www.agriculture-machine.com\/pt\/silage-round-baler-wrapper\/","title":{"rendered":"Envolvedora de fardos redondos de silagem 9YDB-60 | M\u00e1quina de embrulhar forragem para fardos"},"content":{"rendered":"<p>Enfardamento eficiente e armazenamento selado de silagem s\u00e3o passos cr\u00edticos para reduzir custos de alimenta\u00e7\u00e3o e melhorar a qualidade do alimento. A envolvedora de silagem do tipo correia 9YDB-60, recentemente atualizada, apresenta uma estrutura de compress\u00e3o em espinha de peixe e um sistema de controlo PLC totalmente automatizado. Realiza automa\u00e7\u00e3o de todo o processo de enfardamento, puxar filme, envolver, abrir\/fechar o funil e virar\/descarregar o fardo.<\/p>    <p>O equipamento atinge uma efici\u00eancia de produ\u00e7\u00e3o de 50\u201375 fardos por hora, com pesos individuais de 90\u2013140kg. As especifica\u00e7\u00f5es do fardo s\u00e3o \u03a6600\u00d7520mm, e a densidade do fardo ultrapassa 800kg\/m\u00b3, permitindo uma capacidade di\u00e1ria de processamento superior a 48 toneladas.<\/p>    <p>Compacta\u00e7\u00e3o de alta densidade combinada com veda\u00e7\u00e3o de filme de forragem em m\u00faltiplas camadas bloqueia eficazmente o ar, promove a fermenta\u00e7\u00e3o de \u00e1cido l\u00e1tico e reduz significativamente as taxas de deteriora\u00e7\u00e3o. Isto faz dela o equipamento ideal de silagem para ranchos, cooperativas e grandes empresas agr\u00edcolas.<\/p>    <figure class=\"wp-block-embed aligncenter is-type-video is-provider-youtube wp-block-embed-youtube wp-embed-aspect-16-9 wp-has-aspect-ratio\"><div class=\"wp-block-embed__wrapper\"> <iframe loading=\"lazy\" title=\"New Model Belt Type Silage Baler Wrapper | Efficient &amp; Durable | Latest Design!#silage #silagebaler\" width=\"500\" height=\"281\" src=\"https:\/\/www.youtube.com\/embed\/1WBs7jM_mDE?feature=oembed\" frameborder=\"0\" allow=\"accelerometer; autoplay; clipboard-write; encrypted-media; gyroscope; picture-in-picture; web-share\" referrerpolicy=\"strict-origin-when-cross-origin\" allowfullscreen><\/iframe> <\/div><figcaption class=\"wp-element-caption\">V\u00eddeo de funcionamento do novo equipamento de enfardamento e envolvimento de silagem do tipo correia<\/figcaption><\/figure>    <h2 class=\"wp-block-heading\">\u00c1reas de aplica\u00e7\u00e3o do embrulhador de fardos redondos de silagem<\/h2>    <ul class=\"wp-block-list\"> <li>Para grandes explora\u00e7\u00f5es agr\u00edcolas: processamento centralizado e armazenamento a longo prazo de pasto, talos de milho e silagem para fazendas de latic\u00ednios, gado e ovelhas.<\/li>    <li>Para cooperativas e explora\u00e7\u00f5es familiares: melhorar a efici\u00eancia de armazenamento, reduzir m\u00e3o-de-obra e diminuir custos de alimenta\u00e7\u00e3o para explora\u00e7\u00f5es agr\u00edcolas de m\u00e9dio a pequeno porte.<\/li>    <li>Para grandes empresas agr\u00edcolas: suporte para opera\u00e7\u00e3o de alta intensidade e cont\u00ednua durante a colheita de silagem, permitindo transporte, venda e armazenamento inter-regional.<\/li>    <li>Para fornecedores de aluguer de maquinaria: oferecer servi\u00e7os de enfardamento de silagem a agricultores locais com retorno de investimento de curto prazo.<\/li> <\/ul>    <figure class=\"wp-block-gallery has-nested-images columns-default is-cropped wp-block-gallery-2 is-layout-flex wp-block-gallery-is-layout-flex\"> <figure class=\"wp-block-image size-large\"><img loading=\"lazy\" decoding=\"async\" width=\"720\" height=\"540\" data-id=\"17465\" src=\"https:\/\/www.agriculture-machine.com\/wp-content\/uploads\/2026\/02\/silage-round-baler-wrapper.webp\" alt=\"Envolvedora de fardos de silagem\" class=\"wp-image-17465\" srcset=\"https:\/\/www.agriculture-machine.com\/wp-content\/uploads\/2026\/02\/silage-round-baler-wrapper.webp 720w, https:\/\/www.agriculture-machine.com\/wp-content\/uploads\/2026\/02\/silage-round-baler-wrapper-360x270.webp 360w, https:\/\/www.agriculture-machine.com\/wp-content\/uploads\/2026\/02\/silage-round-baler-wrapper-240x180.webp 240w, https:\/\/www.agriculture-machine.com\/wp-content\/uploads\/2026\/02\/silage-round-baler-wrapper-16x12.webp 16w\" sizes=\"auto, (max-width: 720px) 100vw, 720px\" \/><figcaption class=\"wp-element-caption\">Envolvedora de fardos de silagem<\/figcaption><\/figure>    <figure class=\"wp-block-image size-large\"><img loading=\"lazy\" decoding=\"async\" width=\"720\" height=\"540\" data-id=\"17464\" src=\"https:\/\/www.agriculture-machine.com\/wp-content\/uploads\/2026\/02\/hay-silage-baler-and-wrapper.webp\" alt=\"Envolvedora e envolvimento de fardos de feno de silagem\" class=\"wp-image-17464\" srcset=\"https:\/\/www.agriculture-machine.com\/wp-content\/uploads\/2026\/02\/hay-silage-baler-and-wrapper.webp 720w, https:\/\/www.agriculture-machine.com\/wp-content\/uploads\/2026\/02\/hay-silage-baler-and-wrapper-360x270.webp 360w, https:\/\/www.agriculture-machine.com\/wp-content\/uploads\/2026\/02\/hay-silage-baler-and-wrapper-240x180.webp 240w, https:\/\/www.agriculture-machine.com\/wp-content\/uploads\/2026\/02\/hay-silage-baler-and-wrapper-16x12.webp 16w\" sizes=\"auto, (max-width: 720px) 100vw, 720px\" \/><figcaption class=\"wp-element-caption\">Envolvedora e envolvimento de fardos de feno de silagem<\/figcaption><\/figure> <\/figure>    <h2 class=\"wp-block-heading\">Estrutura da enfardadora de silagem do tipo correia<\/h2>    <p>Este equipamento de envolvimento de fardos de silagem consiste principalmente em dois componentes principais: o sistema de c\u00e2mara de enfardamento e o sistema de envolvimento.<\/p>    <p class=\"translation-block\"><strong>Se\u00e7\u00e3o da c\u00e2mara de enfardamento<\/strong><\/p>    <ul class=\"wp-block-list\"> <li>Correia de compress\u00e3o de correia em espinha de peixe<\/li>    <li>Fundi\u00e7\u00f5es de liga de alum\u00ednio de alta resist\u00eancia com m\u00faltiplos rolos<\/li>    <li>Sistema autom\u00e1tico de abertura\/fecho da c\u00e2mara<\/li>    <li>Mecanismo autom\u00e1tico de virar e ejetar o fardo<\/li> <\/ul>    <p class=\"translation-block\"><strong>Se\u00e7\u00e3o de envolvimento<\/strong><\/p>    <ul class=\"wp-block-list\"> <li>Dispositivo autom\u00e1tico de puxar filme<\/li>    <li>Redutor de engrenagem sem-fim<\/li>    <li>Sistema de ajuste do n\u00famero de camadas de envolvimento<\/li>    <li>Mecanismo autom\u00e1tico de corte de filme<\/li> <\/ul>    <p>Ao contr\u00e1rio dos modelos antigos TZ-55-52 e 70 de envolvedoras de fardos de silagem, o 9YDB-60 emprega uma estrutura de filme de forragem transparente integrada na estrutura de enfardamento e envolvimento, oferecendo desempenho superior de veda\u00e7\u00e3o.<\/p>    <figure class=\"wp-block-gallery has-nested-images columns-2 is-cropped wp-block-gallery-3 is-layout-flex wp-block-gallery-is-layout-flex\"> <figure class=\"wp-block-image size-large\"><img loading=\"lazy\" decoding=\"async\" width=\"720\" height=\"540\" data-id=\"17468\" src=\"https:\/\/www.agriculture-machine.com\/wp-content\/uploads\/2026\/02\/conveyor-belt-and-plastic-film.webp\" alt=\"Correia transportadora e filme pl\u00e1stico\" class=\"wp-image-17468\" srcset=\"https:\/\/www.agriculture-machine.com\/wp-content\/uploads\/2026\/02\/conveyor-belt-and-plastic-film.webp 720w, https:\/\/www.agriculture-machine.com\/wp-content\/uploads\/2026\/02\/conveyor-belt-and-plastic-film-360x270.webp 360w, https:\/\/www.agriculture-machine.com\/wp-content\/uploads\/2026\/02\/conveyor-belt-and-plastic-film-240x180.webp 240w, https:\/\/www.agriculture-machine.com\/wp-content\/uploads\/2026\/02\/conveyor-belt-and-plastic-film-16x12.webp 16w\" sizes=\"auto, (max-width: 720px) 100vw, 720px\" \/><figcaption class=\"wp-element-caption\">Correia transportadora e filme pl\u00e1stico<\/figcaption><\/figure>    <figure class=\"wp-block-image size-large\"><img loading=\"lazy\" decoding=\"async\" width=\"720\" height=\"540\" data-id=\"17469\" src=\"https:\/\/www.agriculture-machine.com\/wp-content\/uploads\/2026\/02\/PLC-control-cabinet-and-bin.webp\" alt=\"Arm\u00e1rio de controlo PLC e funil\" class=\"wp-image-17469\" srcset=\"https:\/\/www.agriculture-machine.com\/wp-content\/uploads\/2026\/02\/PLC-control-cabinet-and-bin.webp 720w, https:\/\/www.agriculture-machine.com\/wp-content\/uploads\/2026\/02\/PLC-control-cabinet-and-bin-360x270.webp 360w, https:\/\/www.agriculture-machine.com\/wp-content\/uploads\/2026\/02\/PLC-control-cabinet-and-bin-240x180.webp 240w, https:\/\/www.agriculture-machine.com\/wp-content\/uploads\/2026\/02\/PLC-control-cabinet-and-bin-16x12.webp 16w\" sizes=\"auto, (max-width: 720px) 100vw, 720px\" \/><figcaption class=\"wp-element-caption\">Arm\u00e1rio de controlo PLC e funil<\/figcaption><\/figure>    <figure class=\"wp-block-image size-large\"><img loading=\"lazy\" decoding=\"async\" width=\"720\" height=\"540\" data-id=\"17467\" src=\"https:\/\/www.agriculture-machine.com\/wp-content\/uploads\/2026\/02\/baling-belt-and-wrap-device.webp\" alt=\"Correia de enfardamento e dispositivo de envolvimento\" class=\"wp-image-17467\" srcset=\"https:\/\/www.agriculture-machine.com\/wp-content\/uploads\/2026\/02\/baling-belt-and-wrap-device.webp 720w, https:\/\/www.agriculture-machine.com\/wp-content\/uploads\/2026\/02\/baling-belt-and-wrap-device-360x270.webp 360w, https:\/\/www.agriculture-machine.com\/wp-content\/uploads\/2026\/02\/baling-belt-and-wrap-device-240x180.webp 240w, https:\/\/www.agriculture-machine.com\/wp-content\/uploads\/2026\/02\/baling-belt-and-wrap-device-16x12.webp 16w\" sizes=\"auto, (max-width: 720px) 100vw, 720px\" \/><figcaption class=\"wp-element-caption\">Correia de enfardamento e dispositivo de envolvimento<\/figcaption><\/figure>    <figure class=\"wp-block-image size-large\"><img loading=\"lazy\" decoding=\"async\" width=\"720\" height=\"540\" data-id=\"17466\" src=\"https:\/\/www.agriculture-machine.com\/wp-content\/uploads\/2026\/02\/automatic-film-cutting-and-alarming.webp\" alt=\"corte autom\u00e1tico de filme e alarme\" class=\"wp-image-17466\" srcset=\"https:\/\/www.agriculture-machine.com\/wp-content\/uploads\/2026\/02\/automatic-film-cutting-and-alarming.webp 720w, https:\/\/www.agriculture-machine.com\/wp-content\/uploads\/2026\/02\/automatic-film-cutting-and-alarming-360x270.webp 360w, https:\/\/www.agriculture-machine.com\/wp-content\/uploads\/2026\/02\/automatic-film-cutting-and-alarming-240x180.webp 240w, https:\/\/www.agriculture-machine.com\/wp-content\/uploads\/2026\/02\/automatic-film-cutting-and-alarming-16x12.webp 16w\" sizes=\"auto, (max-width: 720px) 100vw, 720px\" \/><figcaption class=\"wp-element-caption\">corte autom\u00e1tico de filme e alarme<\/figcaption><\/figure> <\/figure>    <h3 class=\"wp-block-heading\">Exibi\u00e7\u00e3o de detalhes principais<\/h3>    <div class=\"wp-block-media-text is-stacked-on-mobile\"><figure class=\"wp-block-media-text__media\"><img loading=\"lazy\" decoding=\"async\" width=\"720\" height=\"540\" src=\"https:\/\/www.agriculture-machine.com\/wp-content\/uploads\/2026\/02\/belt-type-silage-round-baler-wrapper-structure.webp\" alt=\"A envolvedora de fardos de silagem 9YDB-60 apresenta um sistema de correia em espinha de peixe para compress\u00e3o de alta densidade, entregando 50\u201375 fardos por hora para uma enfardagem eficiente, envolvimento e armazenamento de silagem a longo prazo.\" class=\"wp-image-17476 size-full\" srcset=\"https:\/\/www.agriculture-machine.com\/wp-content\/uploads\/2026\/02\/belt-type-silage-round-baler-wrapper-structure.webp 720w, https:\/\/www.agriculture-machine.com\/wp-content\/uploads\/2026\/02\/belt-type-silage-round-baler-wrapper-structure-360x270.webp 360w, https:\/\/www.agriculture-machine.com\/wp-content\/uploads\/2026\/02\/belt-type-silage-round-baler-wrapper-structure-240x180.webp 240w, https:\/\/www.agriculture-machine.com\/wp-content\/uploads\/2026\/02\/belt-type-silage-round-baler-wrapper-structure-16x12.webp 16w\" sizes=\"auto, (max-width: 720px) 100vw, 720px\" \/><\/figure><div class=\"wp-block-media-text__content\"> <ul class=\"wp-block-list\"> <li>Dimens\u00f5es da correia transportadora: 2500\u00d7517mm<\/li>    <li>Dimens\u00f5es da correia em espinha de peixe: 2300\u00d7517mm (Bin fixo), 2470\u00d7517mm (Bin m\u00f3vel)<\/li>    <li>Espessura da correia: 5mm<\/li>    <li>Di\u00e2metro do eixo do rolo de press\u00e3o: 30mm<\/li>    <li>Rolamento de rolo de alum\u00ednio Modelo: FC205 (Montagem de quatro parafusos)<\/li>    <li>Modelo de corrente: 12A Corrente Industrial<\/li>    <li>Espessura do painel lateral: 6mm<\/li>    <li>Unidade inteira revestida a p\u00f3 para resist\u00eancia superior \u00e0 corros\u00e3o<\/li>    <li>Equipado com pistola de ar para manuten\u00e7\u00e3o di\u00e1ria conveniente<\/li> <\/ul> <\/div><\/div>    <h2 class=\"wp-block-heading\">Princ\u00edpio de funcionamento da enfardadora e envolvedora de forragem<\/h2>    <ol class=\"wp-block-list\"> <li>Pr\u00e9-processamento de mat\u00e9ria-prima: a mat\u00e9ria-prima de silagem \u00e9 tipicamente triturada por um picador antes de ser alimentada de forma uniforme na c\u00e2mara de enfardamento atrav\u00e9s de uma correia autom\u00e1tica.<\/li>    <li>Modelagem por compress\u00e3o: a correia e os rolos de press\u00e3o trabalham juntos para comprimir o material em fardos cil\u00edndricos de alta densidade.<\/li>    <li>Envolvimento autom\u00e1tico de filme: ap\u00f3s a conclus\u00e3o do enfardamento, o filme \u00e9 automaticamente puxado e envolvido de forma uniforme ao redor do fardo, atingindo encapsulamento completo.<\/li>    <li>Vira e descarrega automaticamente: o fardo envolvido \u00e9 automaticamente virado e descarregado para facilitar o carregamento ou armazenamento.<\/li> <\/ol>    <figure class=\"wp-block-gallery has-nested-images columns-default is-cropped wp-block-gallery-4 is-layout-flex wp-block-gallery-is-layout-flex\"> <figure class=\"wp-block-image size-large\"><img loading=\"lazy\" decoding=\"async\" width=\"720\" height=\"540\" data-id=\"17470\" src=\"https:\/\/www.agriculture-machine.com\/wp-content\/uploads\/2026\/02\/automatic-forage-bale-wrapper.webp\" alt=\"Envolvedora autom\u00e1tica de fardos de forragem\" class=\"wp-image-17470\" srcset=\"https:\/\/www.agriculture-machine.com\/wp-content\/uploads\/2026\/02\/automatic-forage-bale-wrapper.webp 720w, https:\/\/www.agriculture-machine.com\/wp-content\/uploads\/2026\/02\/automatic-forage-bale-wrapper-360x270.webp 360w, https:\/\/www.agriculture-machine.com\/wp-content\/uploads\/2026\/02\/automatic-forage-bale-wrapper-240x180.webp 240w, https:\/\/www.agriculture-machine.com\/wp-content\/uploads\/2026\/02\/automatic-forage-bale-wrapper-16x12.webp 16w\" sizes=\"auto, (max-width: 720px) 100vw, 720px\" \/><figcaption class=\"wp-element-caption\">Envolvedora autom\u00e1tica de fardos de forragem<\/figcaption><\/figure>    <figure class=\"wp-block-image size-large\"><img loading=\"lazy\" decoding=\"async\" width=\"720\" height=\"540\" data-id=\"17471\" src=\"https:\/\/www.agriculture-machine.com\/wp-content\/uploads\/2026\/02\/high\u2011density-forage-bale-wrapper-machine.webp\" alt=\"m\u00e1quina de envolvimento de fardos de forragem de alta densidade\" class=\"wp-image-17471\" srcset=\"https:\/\/www.agriculture-machine.com\/wp-content\/uploads\/2026\/02\/high\u2011density-forage-bale-wrapper-machine.webp 720w, https:\/\/www.agriculture-machine.com\/wp-content\/uploads\/2026\/02\/high\u2011density-forage-bale-wrapper-machine-360x270.webp 360w, https:\/\/www.agriculture-machine.com\/wp-content\/uploads\/2026\/02\/high\u2011density-forage-bale-wrapper-machine-240x180.webp 240w, https:\/\/www.agriculture-machine.com\/wp-content\/uploads\/2026\/02\/high\u2011density-forage-bale-wrapper-machine-16x12.webp 16w\" sizes=\"auto, (max-width: 720px) 100vw, 720px\" \/><figcaption class=\"wp-element-caption\">m\u00e1quina de envolvimento de fardos de forragem de alta densidade<\/figcaption><\/figure> <\/figure>    <h2 class=\"wp-block-heading\">Especifica\u00e7\u00f5es da envolvedora de fardos de feno de silagem<\/h2>    <figure class=\"wp-block-table is-style-stripes\"><table class=\"has-fixed-layout\"><tbody><tr><td><strong>Modelo<\/strong><\/td><td><strong>Tipo Correia 9YDB-60<\/strong><\/td><\/tr><tr><td>Tamanho do fardo<\/td><td>\u03a6600\u00d7520 mm<\/td><\/tr><tr><td>Peso do fardo<\/td><td>90\u2013140 kg<\/td><\/tr><tr><td>Produtividade<\/td><td>50\u201375 fardos\/h<\/td><\/tr><tr><td>Capacidade di\u00e1ria<\/td><td>At\u00e9 48 toneladas<\/td><\/tr><tr><td>Pot\u00eancia principal<\/td><td>7,5 kW<\/td><\/tr><tr><td>Motor do compressor de ar<\/td><td>1,5 kW<\/td><\/tr><tr><td>Motor de envolvimento<\/td><td>0,75 kW<\/td><\/tr><tr><td>Velocidade nominal<\/td><td>350 r\/min<\/td><\/tr><tr><td>Densidade<\/td><td>\u2265800 kg\/m\u00b3<\/td><\/tr><tr><td>Tamanho da m\u00e1quina<\/td><td>3500\u00d71450\u00d71550 mm<\/td><\/tr><tr><td>Espessura da correia<\/td><td>5 mm<\/td><\/tr><tr><td>Espessura da placa de parede<\/td><td>Espessura de 6 mm<\/td><\/tr><tr><td>Camadas de envolvimento<\/td><td>Ajust\u00e1vel<\/td><\/tr><tr><td>Material de envolvimento<\/td><td>Filme de Silagem<\/td><\/tr><\/tbody><\/table><figcaption class=\"wp-element-caption\">Par\u00e2metros t\u00e9cnicos da envolvedora de fardos de silagem do tipo correia<\/figcaption><\/figure>    <figure class=\"wp-block-gallery has-nested-images columns-default is-cropped wp-block-gallery-5 is-layout-flex wp-block-gallery-is-layout-flex\"> <figure class=\"wp-block-image size-large\"><img loading=\"lazy\" decoding=\"async\" width=\"720\" height=\"540\" data-id=\"17473\" src=\"https:\/\/www.agriculture-machine.com\/wp-content\/uploads\/2026\/02\/silage-round-bale-packing-machine.webp\" alt=\"M\u00e1quina de embalagem de fardos de silagem\" class=\"wp-image-17473\" srcset=\"https:\/\/www.agriculture-machine.com\/wp-content\/uploads\/2026\/02\/silage-round-bale-packing-machine.webp 720w, https:\/\/www.agriculture-machine.com\/wp-content\/uploads\/2026\/02\/silage-round-bale-packing-machine-360x270.webp 360w, https:\/\/www.agriculture-machine.com\/wp-content\/uploads\/2026\/02\/silage-round-bale-packing-machine-240x180.webp 240w, https:\/\/www.agriculture-machine.com\/wp-content\/uploads\/2026\/02\/silage-round-bale-packing-machine-16x12.webp 16w\" sizes=\"auto, (max-width: 720px) 100vw, 720px\" \/><figcaption class=\"wp-element-caption\">M\u00e1quina de embalagem de fardos de silagem<\/figcaption><\/figure>    <figure class=\"wp-block-image size-large\"><img loading=\"lazy\" decoding=\"async\" width=\"720\" height=\"540\" data-id=\"17472\" src=\"https:\/\/www.agriculture-machine.com\/wp-content\/uploads\/2026\/02\/agricultural-baling-machinery.webp\" alt=\"M\u00e1quina agr\u00edcola de enfardamento\" class=\"wp-image-17472\" srcset=\"https:\/\/www.agriculture-machine.com\/wp-content\/uploads\/2026\/02\/agricultural-baling-machinery.webp 720w, https:\/\/www.agriculture-machine.com\/wp-content\/uploads\/2026\/02\/agricultural-baling-machinery-360x270.webp 360w, https:\/\/www.agriculture-machine.com\/wp-content\/uploads\/2026\/02\/agricultural-baling-machinery-240x180.webp 240w, https:\/\/www.agriculture-machine.com\/wp-content\/uploads\/2026\/02\/agricultural-baling-machinery-16x12.webp 16w\" sizes=\"auto, (max-width: 720px) 100vw, 720px\" \/><figcaption class=\"wp-element-caption\">M\u00e1quina agr\u00edcola de enfardamento<\/figcaption><\/figure> <\/figure>    <h2 class=\"wp-block-heading\">Vantagens principais da envolvedora de fardos de forragem do tipo correia<\/h2>    <ul class=\"wp-block-list\"> <li>Compress\u00e3o de alta densidade com correias em espinha de peixe: esta estrutura para c\u00e2maras m\u00f3veis e fixas, com 17 rolos de prensagem (8 m\u00f3veis   9 fixos) para compress\u00e3o uniforme e forma\u00e7\u00e3o de fardos densos.<\/li>    <li>Controlo inteligente totalmente autom\u00e1tico: arm\u00e1rio de controlo PLC com modos autom\u00e1tico\/manual; enfardamento, envolvimento, viragem e retorno autom\u00e1ticos, reduzindo significativamente a m\u00e3o-de-obra.<\/li>    <li>Sistema de densidade ajust\u00e1vel: control\u00e1vel por ajuste de corrente, adequado para materiais com diferentes teores de humidade.<\/li>    <li>Suporte de filme de mola dupla: garante estiramento uniforme e envolvimento est\u00e1vel do filme stretch, melhorando o desempenho de veda\u00e7\u00e3o.<\/li>    <li>Estrutura de rolamento externa: todos os rolamentos s\u00e3o montados externamente para facilitar a manuten\u00e7\u00e3o e maior durabilidade.<\/li> <\/ul>    <h2 class=\"wp-block-heading\">Equipamentos de suporte para envolvedora de fardos de silagem<\/h2>    <ul class=\"wp-block-list\"> <li>Alimentador autom\u00e1tico de silagem: recomendado para uso com equipamento de transporte autom\u00e1tico para alimenta\u00e7\u00e3o, para alcan\u00e7ar uma alimenta\u00e7\u00e3o cont\u00ednua e uniforme e melhorar a estabilidade operacional geral.<\/li>    <li>Carrinho de transporte gratuito: carrinho de transporte gratuito inclu\u00eddo para facilitar a transfer\u00eancia e empilhamento do fardo, melhorando a efici\u00eancia operacional.<\/li> <\/ul>    <figure class=\"wp-block-gallery has-nested-images columns-default is-cropped wp-block-gallery-6 is-layout-flex wp-block-gallery-is-layout-flex\"> <figure class=\"wp-block-image size-large\"><img loading=\"lazy\" decoding=\"async\" width=\"720\" height=\"540\" data-id=\"17475\" src=\"https:\/\/www.agriculture-machine.com\/wp-content\/uploads\/2026\/02\/silage-baler-with-a-feeder.webp\" alt=\"Envolvedora de silagem com alimentador\" class=\"wp-image-17475\" srcset=\"https:\/\/www.agriculture-machine.com\/wp-content\/uploads\/2026\/02\/silage-baler-with-a-feeder.webp 720w, https:\/\/www.agriculture-machine.com\/wp-content\/uploads\/2026\/02\/silage-baler-with-a-feeder-360x270.webp 360w, https:\/\/www.agriculture-machine.com\/wp-content\/uploads\/2026\/02\/silage-baler-with-a-feeder-240x180.webp 240w, https:\/\/www.agriculture-machine.com\/wp-content\/uploads\/2026\/02\/silage-baler-with-a-feeder-16x12.webp 16w\" sizes=\"auto, (max-width: 720px) 100vw, 720px\" \/><figcaption class=\"wp-element-caption\">Envolvedora de silagem com alimentador<\/figcaption><\/figure>    <figure class=\"wp-block-image size-large\"><img loading=\"lazy\" decoding=\"async\" width=\"720\" height=\"540\" data-id=\"17474\" src=\"https:\/\/www.agriculture-machine.com\/wp-content\/uploads\/2026\/02\/complimentary-trolley.webp\" alt=\"Carrinho de cortesia\" class=\"wp-image-17474\" srcset=\"https:\/\/www.agriculture-machine.com\/wp-content\/uploads\/2026\/02\/complimentary-trolley.webp 720w, https:\/\/www.agriculture-machine.com\/wp-content\/uploads\/2026\/02\/complimentary-trolley-360x270.webp 360w, https:\/\/www.agriculture-machine.com\/wp-content\/uploads\/2026\/02\/complimentary-trolley-240x180.webp 240w, https:\/\/www.agriculture-machine.com\/wp-content\/uploads\/2026\/02\/complimentary-trolley-16x12.webp 16w\" sizes=\"auto, (max-width: 720px) 100vw, 720px\" \/><figcaption class=\"wp-element-caption\">Carrinho de transporte gratuito para envolvedora de fardos de silagem<\/figcaption><\/figure> <\/figure>    <figure class=\"wp-block-embed aligncenter is-type-video is-provider-youtube wp-block-embed-youtube wp-embed-aspect-16-9 wp-has-aspect-ratio\"><div class=\"wp-block-embed__wrapper\"> <iframe loading=\"lazy\" title=\"Silage Baler Wrapper with Storage Hopper | Higher Efficiency &amp; Continuous Operation!#silagebaler\" width=\"500\" height=\"281\" src=\"https:\/\/www.youtube.com\/embed\/8sUb9oKwDqk?feature=oembed\" frameborder=\"0\" allow=\"accelerometer; autoplay; clipboard-write; encrypted-media; gyroscope; picture-in-picture; web-share\" referrerpolicy=\"strict-origin-when-cross-origin\" allowfullscreen><\/iframe> <\/div><figcaption class=\"wp-element-caption\">V\u00eddeo de funcionamento da envolvedora de fardos de silagem com alimentador de silagem<\/figcaption><\/figure>    <p class=\"translation-block\">Para mais modelos de equipamentos de envolvimento de fardos de silagem, por favor clique: <a href=\"https:\/\/www.agriculture-machine.com\/pt\/full-automatic-silage-baling-machine\/\"><strong><em>M\u00e1quina de Enfardamento Autom\u00e1tico de Silagem Para Envolvimento de Forragem<\/em><\/strong><\/a>.<\/p>    <p>Se desejar saber mais sobre v\u00eddeos de equipamentos, propostas de or\u00e7amento ou servi\u00e7os de personaliza\u00e7\u00e3o, n\u00e3o hesite em contactar-nos a qualquer momento. Convidamo-lo tamb\u00e9m a visitar a nossa f\u00e1brica para uma inspe\u00e7\u00e3o no local. Esperamos trabalhar consigo!<\/p>","protected":false},"excerpt":{"rendered":"<p>A envolvente de empacotamento de silagem redonda 9YDB-60 apresenta um sistema de correia em espinha de peixe para compress\u00e3o de alta densidade, entregando 50\u201375 fardos por hora para uma empacotagem eficiente, envolvimento e armazenamento de silagem a longo prazo.<\/p>","protected":false},"author":1,"featured_media":17477,"parent":0,"comment_status":"open","ping_status":"closed","template":"","tags":[772,591,807],"product-type":[876,908],"class_list":["post-17458","product","type-product","status-publish","has-post-thumbnail","hentry","tag-forage","tag-silage","tag-silage-bale","product-type-silage-machine","product-type-sliage-baler"],"_links":{"self":[{"href":"https:\/\/www.agriculture-machine.com\/pt\/wp-json\/wp\/v2\/product\/17458","targetHints":{"allow":["GET"]}}],"collection":[{"href":"https:\/\/www.agriculture-machine.com\/pt\/wp-json\/wp\/v2\/product"}],"about":[{"href":"https:\/\/www.agriculture-machine.com\/pt\/wp-json\/wp\/v2\/types\/product"}],"author":[{"embeddable":true,"href":"https:\/\/www.agriculture-machine.com\/pt\/wp-json\/wp\/v2\/users\/1"}],"replies":[{"embeddable":true,"href":"https:\/\/www.agriculture-machine.com\/pt\/wp-json\/wp\/v2\/comments?post=17458"}],"wp:featuredmedia":[{"embeddable":true,"href":"https:\/\/www.agriculture-machine.com\/pt\/wp-json\/wp\/v2\/media\/17477"}],"wp:attachment":[{"href":"https:\/\/www.agriculture-machine.com\/pt\/wp-json\/wp\/v2\/media?parent=17458"}],"wp:term":[{"taxonomy":"post_tag","embeddable":true,"href":"https:\/\/www.agriculture-machine.com\/pt\/wp-json\/wp\/v2\/tags?post=17458"},{"taxonomy":"product-type","embeddable":true,"href":"https:\/\/www.agriculture-machine.com\/pt\/wp-json\/wp\/v2\/product-type?post=17458"}],"curies":[{"name":"wp","href":"https:\/\/api.w.org\/{rel}","templated":true}]}}