{"id":17495,"date":"2026-03-05T17:40:30","date_gmt":"2026-03-05T09:40:30","guid":{"rendered":"https:\/\/www.agriculture-machine.com\/?post_type=product&#038;p=17495"},"modified":"2026-04-13T15:59:27","modified_gmt":"2026-04-13T07:59:27","slug":"silage-packing-baler","status":"publish","type":"product","link":"https:\/\/www.agriculture-machine.com\/pt\/silage-packing-baler\/","title":{"rendered":"9YDB-60-2 Compactadora de Silagem | Compactadora de Embalagem de Filme Duplo"},"content":{"rendered":"<p>A m\u00e1quina de embrulho de dupla pel\u00edcula 9YDB-60-2 montada no trator \u00e9 uma baler de fardos redondos de alta efici\u00eancia recentemente desenvolvida e um embrulhador de dupla camada, concebida especificamente para silagem de alta densidade.<\/p>    <p>Produz fardos com medidas de \u03a6550\u00d7550 mm e peso de 80-120 kg cada, atingindo uma produ\u00e7\u00e3o de 60-85 fardos por hora. Isso melhora significativamente a qualidade da fermenta\u00e7\u00e3o da ensilagem e a estabilidade do armazenamento, minimizando perdas de material. <\/p>    <p>Com acionamento por motor el\u00e9trico e sistema de correia transportadora, a m\u00e1quina oferece opera\u00e7\u00e3o simples, est\u00e1vel e com baixos custos de manuten\u00e7\u00e3o, sendo uma escolha ideal para fazendas, centros de ensilagem e distribuidores.<\/p>    <figure class=\"wp-block-embed aligncenter is-type-video is-provider-youtube wp-block-embed-youtube wp-embed-aspect-16-9 wp-has-aspect-ratio\"><div class=\"wp-block-embed__wrapper\"> <iframe loading=\"lazy\" title=\"M\u00e1quina de Envolvimento de Enfardadeira de Ensilagem Atualizada | Mais R\u00e1pida, Mais Inteligente, Mais Eficiente \ud83c\udf3e\ud83d\ude9c#ensilagem #enfardadeira\" width=\"500\" height=\"281\" src=\"https:\/\/www.youtube.com\/embed\/aGn-YblQw_g?feature=oembed\" frameborder=\"0\" allow=\"accelerometer; autoplay; clipboard-write; encrypted-media; gyroscope; picture-in-picture; web-share\" referrerpolicy=\"strict-origin-when-cross-origin\" allowfullscreen><\/iframe> <\/div><figcaption class=\"wp-element-caption\">V\u00eddeo de funcionamento do novo modelo de m\u00e1quina de envolvimento de enfardadeira de ensilagem T60<\/figcaption><\/figure>    <h2 class=\"wp-block-heading\">Aplica\u00e7\u00f5es da enfardadeira de ensilagem<\/h2>    <p>Esta m\u00e1quina de baler com embrulho de dupla pel\u00edcula \u00e9 adequada para comprimir e selar v\u00e1rias refei\u00e7\u00f5es de silagem, encontrando extensa aplica\u00e7\u00e3o nos seguintes setores:<\/p>    <ul class=\"wp-block-list\"> <li>Rancho e explora\u00e7\u00f5es leiteiras: para enfardar e envolver alimentos de ensilagem como talos de milho, relva de pastagem e alfafa.<\/li>    <li>Centros de processamento de ensilagem: para produ\u00e7\u00e3o e fornecimento de ensilagem em grande escala.<\/li>    <li>Cooperativas agr\u00edcolas: processamento centralizado de recursos de palha de culturas.<\/li>    <li>Empresas de processamento de ra\u00e7\u00e3o: melhorando a qualidade do armazenamento de ensilagem e a comercializa\u00e7\u00e3o.<\/li> <\/ul>    <p>Ap\u00f3s o envolvimento e selagem, a ensilagem fermente em condi\u00e7\u00f5es anaer\u00f3bicas, minimizando efetivamente a perda de nutrientes e prolongando a dura\u00e7\u00e3o do armazenamento.<\/p>    <h2 class=\"wp-block-heading\">Vantagens da m\u00e1quina de envolvimento de enfardamento de ensilagem<\/h2>    <ul class=\"wp-block-list\"> <li>Design de envolvimento de duas camadas: melhora a uniformidade da fermenta\u00e7\u00e3o do alimento e prolonga a dura\u00e7\u00e3o do armazenamento.<\/li>    <li>Sistema de correia transportadora   estrutura de rolos: minimiza derrames de material e reduz perdas de ensilagem.<\/li>    <li>Acionamento totalmente el\u00e9trico: garante opera\u00e7\u00e3o suave com baixos custos de manuten\u00e7\u00e3o.<\/li>    <li>Design estrutural modular: facilita manuten\u00e7\u00e3o de rotina e diagn\u00f3stico de falhas.<\/li>    <li>Materiais de alta resist\u00eancia e rolamentos refor\u00e7ados: prolongam a vida \u00fatil.<\/li>    <li>Controlo por LCD e PLC: opera\u00e7\u00e3o intuitiva com configura\u00e7\u00f5es de par\u00e2metros precisas.<\/li>    <li>Suporte de servi\u00e7o personalizado: dimens\u00f5es e m\u00e9todos de envolvimento adapt\u00e1veis \u00e0s necessidades do cliente.<\/li>    <li>Design de trator com pneus grandes: compat\u00edvel com reboque de trator para opera\u00e7\u00e3o em pastagens ou em fossos de ensilagem.<\/li> <\/ul>    <figure class=\"wp-block-gallery has-nested-images columns-default is-cropped wp-block-gallery-2 is-layout-flex wp-block-gallery-is-layout-flex\"> <figure class=\"wp-block-image size-large\"><img loading=\"lazy\" decoding=\"async\" width=\"720\" height=\"540\" data-id=\"17503\" src=\"https:\/\/www.agriculture-machine.com\/wp-content\/uploads\/2026\/03\/round-silage-baler-machine.webp\" alt=\"m\u00e1quina de enfardamento de ensilagem redonda\" class=\"wp-image-17503\" srcset=\"https:\/\/www.agriculture-machine.com\/wp-content\/uploads\/2026\/03\/round-silage-baler-machine.webp 720w, https:\/\/www.agriculture-machine.com\/wp-content\/uploads\/2026\/03\/round-silage-baler-machine-360x270.webp 360w, https:\/\/www.agriculture-machine.com\/wp-content\/uploads\/2026\/03\/round-silage-baler-machine-240x180.webp 240w, https:\/\/www.agriculture-machine.com\/wp-content\/uploads\/2026\/03\/round-silage-baler-machine-16x12.webp 16w\" sizes=\"auto, (max-width: 720px) 100vw, 720px\" \/><figcaption class=\"wp-element-caption\">m\u00e1quina de enfardamento de ensilagem redonda<\/figcaption><\/figure>    <figure class=\"wp-block-image size-large\"><img loading=\"lazy\" decoding=\"async\" width=\"720\" height=\"540\" data-id=\"17502\" src=\"https:\/\/www.agriculture-machine.com\/wp-content\/uploads\/2026\/03\/round-bale-silage-wrapper.webp\" alt=\"Envolvente de fardo redondo de ensilagem\" class=\"wp-image-17502\" srcset=\"https:\/\/www.agriculture-machine.com\/wp-content\/uploads\/2026\/03\/round-bale-silage-wrapper.webp 720w, https:\/\/www.agriculture-machine.com\/wp-content\/uploads\/2026\/03\/round-bale-silage-wrapper-360x270.webp 360w, https:\/\/www.agriculture-machine.com\/wp-content\/uploads\/2026\/03\/round-bale-silage-wrapper-240x180.webp 240w, https:\/\/www.agriculture-machine.com\/wp-content\/uploads\/2026\/03\/round-bale-silage-wrapper-16x12.webp 16w\" sizes=\"auto, (max-width: 720px) 100vw, 720px\" \/><figcaption class=\"wp-element-caption\">Envolvente de fardo redondo de ensilagem<\/figcaption><\/figure> <\/figure>    <h2 class=\"wp-block-heading\">Estrutura da m\u00e1quina de envolvimento de fardos de ensilagem<\/h2>    <ul class=\"wp-block-list\"> <li>Sistema de alimenta\u00e7\u00e3o e compress\u00e3o: conduz o alimento atrav\u00e9s de uma correia transportadora at\u00e9 \u00e0 c\u00e2mara de enfardamento para compress\u00e3o.<\/li>    <li>Sistema de enfardamento e forma\u00e7\u00e3o: comprime o alimento em fardos redondos padr\u00e3o e realiza o envolvimento inicial.<\/li>    <li>Sistema de envolvimento de duas camadas: realiza automaticamente duas camadas de filme pl\u00e1stico para garantir fermenta\u00e7\u00e3o selada do alimento.<\/li>    <li>Sistema de correia transportadora: garante transporte suave do material, minimizando derrames e bloqueios.<\/li>    <li>Sistema de acionamento e controlo do motor: opera\u00e7\u00e3o controlada por PLC para processos de enfardamento, envolvimento e descarga.<\/li> <\/ul>    <p>Design modular e transparente facilita a manuten\u00e7\u00e3o simples e garante fiabilidade operacional a longo prazo.<\/p>    <figure class=\"wp-block-gallery has-nested-images columns-default is-cropped wp-block-gallery-3 is-layout-flex wp-block-gallery-is-layout-flex\"> <figure class=\"wp-block-image size-large\"><img loading=\"lazy\" decoding=\"async\" width=\"720\" height=\"540\" data-id=\"17500\" src=\"https:\/\/www.agriculture-machine.com\/wp-content\/uploads\/2026\/03\/forage-baler-wrapper-machine.webp\" alt=\"M\u00e1quina de embrulho de ensilagem\" class=\"wp-image-17500\" srcset=\"https:\/\/www.agriculture-machine.com\/wp-content\/uploads\/2026\/03\/forage-baler-wrapper-machine.webp 720w, https:\/\/www.agriculture-machine.com\/wp-content\/uploads\/2026\/03\/forage-baler-wrapper-machine-360x270.webp 360w, https:\/\/www.agriculture-machine.com\/wp-content\/uploads\/2026\/03\/forage-baler-wrapper-machine-240x180.webp 240w, https:\/\/www.agriculture-machine.com\/wp-content\/uploads\/2026\/03\/forage-baler-wrapper-machine-16x12.webp 16w\" sizes=\"auto, (max-width: 720px) 100vw, 720px\" \/><figcaption class=\"wp-element-caption\">M\u00e1quina de embrulho de ensilagem<\/figcaption><\/figure>    <figure class=\"wp-block-image size-large\"><img loading=\"lazy\" decoding=\"async\" width=\"720\" height=\"540\" data-id=\"17501\" src=\"https:\/\/www.agriculture-machine.com\/wp-content\/uploads\/2026\/03\/silage-packing-baler-wrapper.webp\" alt=\"Enfardadeira de envolvimento de ensilagem\" class=\"wp-image-17501\" srcset=\"https:\/\/www.agriculture-machine.com\/wp-content\/uploads\/2026\/03\/silage-packing-baler-wrapper.webp 720w, https:\/\/www.agriculture-machine.com\/wp-content\/uploads\/2026\/03\/silage-packing-baler-wrapper-360x270.webp 360w, https:\/\/www.agriculture-machine.com\/wp-content\/uploads\/2026\/03\/silage-packing-baler-wrapper-240x180.webp 240w, https:\/\/www.agriculture-machine.com\/wp-content\/uploads\/2026\/03\/silage-packing-baler-wrapper-16x12.webp 16w\" sizes=\"auto, (max-width: 720px) 100vw, 720px\" \/><figcaption class=\"wp-element-caption\">Enfardadeira de envolvimento de ensilagem<\/figcaption><\/figure> <\/figure>    <h2 class=\"wp-block-heading\">Princ\u00edpio de funcionamento da enfardadeira de ensilagem redonda<\/h2>    <ol class=\"wp-block-list\"> <li>A ensilagem entra na c\u00e2mara de enfardamento atrav\u00e9s de uma correia transportadora.<\/li>    <li>O material \u00e9 comprimido em fardos redondos padr\u00e3o e passa por uma liga\u00e7\u00e3o preliminar com corda ou rede pl\u00e1stica.<\/li>    <li>Ap\u00f3s o final do v\u00ednculo, a porta da c\u00e2mara abre-se automaticamente, permitindo que o fardo redondo entre na zona de envolvimento.<\/li>    <li>Uma camada dupla de filme pl\u00e1stico envolve automaticamente o fardo, com espessura e tens\u00e3o ajust\u00e1veis atrav\u00e9s do painel de controlo PLC.<\/li>    <li>Ap\u00f3s o envolvimento, o fardo \u00e9 descarregado automaticamente.<\/li>    <li>Todo o processo funciona de forma cont\u00ednua, minimizando interven\u00e7\u00e3o manual e aumentando a efici\u00eancia da produ\u00e7\u00e3o.<\/li> <\/ol>    <figure class=\"wp-block-gallery has-nested-images columns-default is-cropped wp-block-gallery-4 is-layout-flex wp-block-gallery-is-layout-flex\"> <figure class=\"wp-block-image size-large\"><img loading=\"lazy\" decoding=\"async\" width=\"720\" height=\"540\" data-id=\"17505\" src=\"https:\/\/www.agriculture-machine.com\/wp-content\/uploads\/2026\/03\/silage-wrapping-hay-baler.webp\" alt=\"Enfardadeira de feno para envolvimento de ensilagem\" class=\"wp-image-17505\" srcset=\"https:\/\/www.agriculture-machine.com\/wp-content\/uploads\/2026\/03\/silage-wrapping-hay-baler.webp 720w, https:\/\/www.agriculture-machine.com\/wp-content\/uploads\/2026\/03\/silage-wrapping-hay-baler-360x270.webp 360w, https:\/\/www.agriculture-machine.com\/wp-content\/uploads\/2026\/03\/silage-wrapping-hay-baler-240x180.webp 240w, https:\/\/www.agriculture-machine.com\/wp-content\/uploads\/2026\/03\/silage-wrapping-hay-baler-16x12.webp 16w\" sizes=\"auto, (max-width: 720px) 100vw, 720px\" \/><figcaption class=\"wp-element-caption\">Enfardadeira de feno para envolvimento de ensilagem<\/figcaption><\/figure>    <figure class=\"wp-block-image size-large\"><img loading=\"lazy\" decoding=\"async\" width=\"720\" height=\"540\" data-id=\"17504\" src=\"https:\/\/www.agriculture-machine.com\/wp-content\/uploads\/2026\/03\/automatic-silage-baler-wrapper.webp\" alt=\"Ensiladeira autom\u00e1tica com embrulhadora\" class=\"wp-image-17504\" srcset=\"https:\/\/www.agriculture-machine.com\/wp-content\/uploads\/2026\/03\/automatic-silage-baler-wrapper.webp 720w, https:\/\/www.agriculture-machine.com\/wp-content\/uploads\/2026\/03\/automatic-silage-baler-wrapper-360x270.webp 360w, https:\/\/www.agriculture-machine.com\/wp-content\/uploads\/2026\/03\/automatic-silage-baler-wrapper-240x180.webp 240w, https:\/\/www.agriculture-machine.com\/wp-content\/uploads\/2026\/03\/automatic-silage-baler-wrapper-16x12.webp 16w\" sizes=\"auto, (max-width: 720px) 100vw, 720px\" \/><figcaption class=\"wp-element-caption\">Ensiladeira autom\u00e1tica com embrulhadora<\/figcaption><\/figure> <\/figure>    <h2 class=\"wp-block-heading\">Especifica\u00e7\u00f5es da enfardadeira de ensilagem T60<\/h2>    <figure class=\"wp-block-table is-style-stripes\"><table class=\"has-fixed-layout\"><tbody><tr><td><strong>Modelo<\/strong><\/td><td><strong>9YDB-60-2<\/strong><\/td><\/tr><tr><td>Tamanho do fardo<\/td><td>\u03a6550\u00d7550 mm<\/td><\/tr><tr><td>Peso do fardo<\/td><td>80-120 kg<\/td><\/tr><tr><td>Pot\u00eancia Nominal<\/td><td>7.5kW-6<\/td><\/tr><tr><td>Motor do Compressor<\/td><td>3 kW<\/td><\/tr><tr><td>N\u00famero de Bobinas de Filme<\/td><td>14 pe\u00e7as<\/td><\/tr><tr><td>Correia Transportadora (L\u00d7W)<\/td><td>2500\u00d763 mm<\/td><\/tr><tr><td>Espessura da Parede<\/td><td>8 mm<\/td><\/tr><tr><td>Raio de Giro do Filme<\/td><td>775 \u00b15 mm<\/td><\/tr><tr><td>Produ\u00e7\u00e3o<\/td><td>60-85 fardos\/h<\/td><\/tr><tr><td>Peso Total<\/td><td>1700 kg<\/td><\/tr><tr><td>Largura do Filme<\/td><td>600 mm<\/td><\/tr><tr><td>Filme de Silagem<\/td><td>1800m\u00d7250mm\u00d725\u03bcm<\/td><\/tr><tr><td>N\u00famero de Rodas<\/td><td>2<\/td><\/tr><\/tbody><\/table><figcaption class=\"wp-element-caption\">Par\u00e2metros t\u00e9cnicos da nova m\u00e1quina de envolvimento de fardos de ensilagem<\/figcaption><\/figure>    <p>A m\u00e1quina combinada de enfardamento e envolvimento de ensilagem T60, montada no trator, com alta produ\u00e7\u00e3o, capacidade de envolver em dupla camada e acionamento totalmente el\u00e9trico, \u00e9 a escolha ideal para fazendas e centros de processamento de ensilagem.<\/p>    <p class=\"translation-block\">Tamb\u00e9m oferecemos outros modelos de enfardadeiras e envolvedoras, como a <strong><em><a href=\"https:\/\/www.agriculture-machine.com\/pt\/baling-and-wrapping-machine\/\">enfardadeira de ensilagem redonda TZ-55-52<\/a><\/em><\/strong> e a <strong><em><a href=\"https:\/\/www.agriculture-machine.com\/pt\/silage-round-baler-wrapper\/\">m\u00e1quina de envolvimento de ensilagem 9YDB-60<\/a><\/em><\/strong>, para atender \u00e0s diversas necessidades de produ\u00e7\u00e3o dos clientes. Sinta-se \u00e0 vontade para solicitar informa\u00e7\u00f5es sobre compras a qualquer momento.<\/p>","protected":false},"excerpt":{"rendered":"<p>A baler de embrulho de dupla pel\u00edcula 9YDB-60-2 para silagem produz fardos redondos \u03a655\u00d755 cm a uma taxa de 60-85 fardos por hora. O embrulho de dupla pel\u00edcula garante fermenta\u00e7\u00e3o est\u00e1vel da alimenta\u00e7\u00e3o.<\/p>","protected":false},"author":1,"featured_media":17506,"parent":0,"comment_status":"open","ping_status":"closed","template":"","tags":[772,591,807],"product-type":[876,908],"class_list":["post-17495","product","type-product","status-publish","has-post-thumbnail","hentry","tag-forage","tag-silage","tag-silage-bale","product-type-silage-machine","product-type-sliage-baler"],"_links":{"self":[{"href":"https:\/\/www.agriculture-machine.com\/pt\/wp-json\/wp\/v2\/product\/17495","targetHints":{"allow":["GET"]}}],"collection":[{"href":"https:\/\/www.agriculture-machine.com\/pt\/wp-json\/wp\/v2\/product"}],"about":[{"href":"https:\/\/www.agriculture-machine.com\/pt\/wp-json\/wp\/v2\/types\/product"}],"author":[{"embeddable":true,"href":"https:\/\/www.agriculture-machine.com\/pt\/wp-json\/wp\/v2\/users\/1"}],"replies":[{"embeddable":true,"href":"https:\/\/www.agriculture-machine.com\/pt\/wp-json\/wp\/v2\/comments?post=17495"}],"wp:featuredmedia":[{"embeddable":true,"href":"https:\/\/www.agriculture-machine.com\/pt\/wp-json\/wp\/v2\/media\/17506"}],"wp:attachment":[{"href":"https:\/\/www.agriculture-machine.com\/pt\/wp-json\/wp\/v2\/media?parent=17495"}],"wp:term":[{"taxonomy":"post_tag","embeddable":true,"href":"https:\/\/www.agriculture-machine.com\/pt\/wp-json\/wp\/v2\/tags?post=17495"},{"taxonomy":"product-type","embeddable":true,"href":"https:\/\/www.agriculture-machine.com\/pt\/wp-json\/wp\/v2\/product-type?post=17495"}],"curies":[{"name":"wp","href":"https:\/\/api.w.org\/{rel}","templated":true}]}}