{"id":17514,"date":"2026-03-10T14:56:50","date_gmt":"2026-03-10T06:56:50","guid":{"rendered":"https:\/\/www.agriculture-machine.com\/?post_type=product&#038;p=17514"},"modified":"2026-03-10T14:58:45","modified_gmt":"2026-03-10T06:58:45","slug":"silage-baler-and-wrapper-machine","status":"publish","type":"product","link":"https:\/\/www.agriculture-machine.com\/pt\/silage-baler-and-wrapper-machine\/","title":{"rendered":"M\u00e1quina de Ensilar e Envolver 9YDB-70"},"content":{"rendered":"<p>O modelo 9YDB-70 de empacotador e embrulhador de silagem manipula v\u00e1rios materiais, incluindo palha de trigo, talos de milho e relva natural, especialmente projetado para armazenamento de ra\u00e7\u00e3o e cria\u00e7\u00e3o de gado. Produz fardos com medidas \u03a670\u00d770cm, cada um pesando entre 150-200kg. Alcan\u00e7a uma opera\u00e7\u00e3o de alta efici\u00eancia de 55-75 fardos por hora, aumentando significativamente a produtividade da fazenda.<\/p>    <p>Fardos de palha fermentada s\u00e3o mais adequados para alimenta\u00e7\u00e3o animal, oferecendo nutri\u00e7\u00e3o rica e armazenamento de longo prazo conveniente. Esta m\u00e1quina foi exportada para pa\u00edses de toda a \u00c1sia, \u00c1frica e Europa, incluindo Indon\u00e9sia, Filipinas, Portugal, Pa\u00edses Baixos, Nig\u00e9ria e Zimbabu\u00e9, recebendo amplo reconhecimento.<\/p>    <figure class=\"wp-block-embed aligncenter is-type-video is-provider-youtube wp-block-embed-youtube wp-embed-aspect-16-9 wp-has-aspect-ratio\"><div class=\"wp-block-embed__wrapper\"> <iframe loading=\"lazy\" title=\"Heavy-Duty Silage Baling &amp; Wrapping Machine | Large-Size Packaging Solution#silage #silagebaler\" width=\"500\" height=\"281\" src=\"https:\/\/www.youtube.com\/embed\/49EW7mGd7Gs?feature=oembed\" frameborder=\"0\" allow=\"accelerometer; autoplay; clipboard-write; encrypted-media; gyroscope; picture-in-picture; web-share\" referrerpolicy=\"strict-origin-when-cross-origin\" allowfullscreen><\/iframe> <\/div><figcaption class=\"wp-element-caption\">V\u00eddeo de funcionamento do empacotador e embrulhador de silagem modelo 9YDB-70<\/figcaption><\/figure>    <h2 class=\"wp-block-heading\">Cen\u00e1rios de aplica\u00e7\u00e3o para m\u00e1quinas de empacotar silagem<\/h2>    <p>A m\u00e1quina de empacotar e embrulhar silagem \u00e9 amplamente utilizada na cria\u00e7\u00e3o de gado e processamento de palha de culturas, incluindo:<\/p>    <ul class=\"wp-block-list\"> <li>Prepara\u00e7\u00e3o de ra\u00e7\u00e3o de silagem para gado, ovelhas, cavalos e outros animais.<\/li>    <li>Empacotamento e armazenamento de palha de milho e trigo.<\/li>    <li>Processamento eficiente de relva natural ap\u00f3s a colheita.<\/li>    <li>Armazenamento e transporte de palha em grande escala nas fazendas.<\/li> <\/ul>    <p>Esta m\u00e1quina \u00e9 adequada n\u00e3o s\u00f3 para empresas agr\u00edcolas de m\u00e9dio a grande porte, mas tamb\u00e9m para a gest\u00e3o de res\u00edduos, como solu\u00e7\u00e3o de gest\u00e3o de res\u00edduos.<\/p>    <figure class=\"wp-block-gallery has-nested-images columns-default is-cropped wp-block-gallery-2 is-layout-flex wp-block-gallery-is-layout-flex\"> <figure class=\"wp-block-image size-large\"><img loading=\"lazy\" decoding=\"async\" width=\"720\" height=\"540\" data-id=\"17519\" src=\"https:\/\/www.agriculture-machine.com\/wp-content\/uploads\/2026\/03\/hay-baler-and-wrapper.webp\" alt=\"empacotador e embrulhador de feno\" class=\"wp-image-17519\" srcset=\"https:\/\/www.agriculture-machine.com\/wp-content\/uploads\/2026\/03\/hay-baler-and-wrapper.webp 720w, https:\/\/www.agriculture-machine.com\/wp-content\/uploads\/2026\/03\/hay-baler-and-wrapper-360x270.webp 360w, https:\/\/www.agriculture-machine.com\/wp-content\/uploads\/2026\/03\/hay-baler-and-wrapper-240x180.webp 240w, https:\/\/www.agriculture-machine.com\/wp-content\/uploads\/2026\/03\/hay-baler-and-wrapper-16x12.webp 16w\" sizes=\"auto, (max-width: 720px) 100vw, 720px\" \/><figcaption class=\"wp-element-caption\">empacotador e embrulhador de feno<\/figcaption><\/figure>    <figure class=\"wp-block-image size-large\"><img loading=\"lazy\" decoding=\"async\" width=\"720\" height=\"540\" data-id=\"17518\" src=\"https:\/\/www.agriculture-machine.com\/wp-content\/uploads\/2026\/03\/forage-feed-bales.webp\" alt=\"fardos de alimenta\u00e7\u00e3o de forragem\" class=\"wp-image-17518\" srcset=\"https:\/\/www.agriculture-machine.com\/wp-content\/uploads\/2026\/03\/forage-feed-bales.webp 720w, https:\/\/www.agriculture-machine.com\/wp-content\/uploads\/2026\/03\/forage-feed-bales-360x270.webp 360w, https:\/\/www.agriculture-machine.com\/wp-content\/uploads\/2026\/03\/forage-feed-bales-240x180.webp 240w, https:\/\/www.agriculture-machine.com\/wp-content\/uploads\/2026\/03\/forage-feed-bales-16x12.webp 16w\" sizes=\"auto, (max-width: 720px) 100vw, 720px\" \/><figcaption class=\"wp-element-caption\">fardos de alimenta\u00e7\u00e3o de forragem<\/figcaption><\/figure> <\/figure>    <h2 class=\"wp-block-heading\">Vantagens da m\u00e1quina de empacotar e embrulhar silagem<\/h2>    <ul class=\"wp-block-list\"> <li>Opera\u00e7\u00e3o de alta efici\u00eancia: empacota de 55 a 75 fardos por hora, aumentando significativamente a efici\u00eancia operacional.<\/li>    <li>Fardos padronizados: dimens\u00f5es consistentes de \u03a670\u00d770cm com peso est\u00e1vel para f\u00e1cil armazenamento e transporte.<\/li>    <li>Otimiza\u00e7\u00e3o da fermenta\u00e7\u00e3o: pronto para processamento direto de silagem ap\u00f3s o empacotamento, aumentando o valor nutricional da ra\u00e7\u00e3o.<\/li>    <li>Configura\u00e7\u00f5es opcionais: compat\u00edvel com misturadores de ra\u00e7\u00e3o, elevadores e outros equipamentos para opera\u00e7\u00f5es totalmente automatizadas.<\/li>    <li>Aplica\u00e7\u00e3o vers\u00e1til: suporta materiais diversos incluindo palha, relva de forragem e talos de milho.<\/li>    <li>Design que economiza espa\u00e7o: fardos padronizados facilitam o empilhamento eficiente e a gest\u00e3o de armaz\u00e9m.<\/li> <\/ul>    <figure class=\"wp-block-gallery has-nested-images columns-default is-cropped wp-block-gallery-3 is-layout-flex wp-block-gallery-is-layout-flex\"> <figure class=\"wp-block-image size-large\"><img loading=\"lazy\" decoding=\"async\" width=\"720\" height=\"540\" data-id=\"17521\" src=\"https:\/\/www.agriculture-machine.com\/wp-content\/uploads\/2026\/03\/silage-baler-and-wrapper-machine.webp\" alt=\"m\u00e1quina de enfardar e embrulhar silagem\" class=\"wp-image-17521\" srcset=\"https:\/\/www.agriculture-machine.com\/wp-content\/uploads\/2026\/03\/silage-baler-and-wrapper-machine.webp 720w, https:\/\/www.agriculture-machine.com\/wp-content\/uploads\/2026\/03\/silage-baler-and-wrapper-machine-360x270.webp 360w, https:\/\/www.agriculture-machine.com\/wp-content\/uploads\/2026\/03\/silage-baler-and-wrapper-machine-240x180.webp 240w, https:\/\/www.agriculture-machine.com\/wp-content\/uploads\/2026\/03\/silage-baler-and-wrapper-machine-16x12.webp 16w\" sizes=\"auto, (max-width: 720px) 100vw, 720px\" \/><figcaption class=\"wp-element-caption\">m\u00e1quina de enfardar e embrulhar silagem<\/figcaption><\/figure>    <figure class=\"wp-block-image size-large\"><img loading=\"lazy\" decoding=\"async\" width=\"720\" height=\"540\" data-id=\"17520\" src=\"https:\/\/www.agriculture-machine.com\/wp-content\/uploads\/2026\/03\/forage-baling-wrapping-machine.webp\" alt=\"m\u00e1quina de enfardamento e embrulho de forragem\" class=\"wp-image-17520\" srcset=\"https:\/\/www.agriculture-machine.com\/wp-content\/uploads\/2026\/03\/forage-baling-wrapping-machine.webp 720w, https:\/\/www.agriculture-machine.com\/wp-content\/uploads\/2026\/03\/forage-baling-wrapping-machine-360x270.webp 360w, https:\/\/www.agriculture-machine.com\/wp-content\/uploads\/2026\/03\/forage-baling-wrapping-machine-240x180.webp 240w, https:\/\/www.agriculture-machine.com\/wp-content\/uploads\/2026\/03\/forage-baling-wrapping-machine-16x12.webp 16w\" sizes=\"auto, (max-width: 720px) 100vw, 720px\" \/><figcaption class=\"wp-element-caption\">m\u00e1quina de enfardamento e embrulho de forragem<\/figcaption><\/figure> <\/figure>    <h2 class=\"wp-block-heading\">Como funciona o empacotador de silagem redondo?<\/h2>    <p>A m\u00e1quina de empacotamento e embrulho de silagem modelo 9YDB-70 consiste principalmente nos seguintes componentes:<\/p>    <ul class=\"wp-block-list\"> <li>Unidade de empacotamento: respons\u00e1vel por comprimir mat\u00e9rias-primas em fardos de palha est\u00e1veis.<\/li>    <li>Mecanismo de embrulho: utiliza tecnologia autom\u00e1tica de corte de filme para completar o embrulho de filme pl\u00e1stico de seis camadas.<\/li>    <li>Sistema de transporte de alimenta\u00e7\u00e3o: configura\u00e7\u00e3o padr\u00e3o inclui uma correia transportadora de 700\u00d72100mm garantindo fornecimento cont\u00ednuo de material.<\/li>    <li>Sistema de controlo el\u00e9trico: m\u00faltiplos motores de pot\u00eancia integrados com uma caixa de controlo que permite opera\u00e7\u00e3o precisa.<\/li> <\/ul>    <p>Princ\u00edpio de funcionamento: as mat\u00e9rias-primas s\u00e3o transportadas para o empacotador atrav\u00e9s da correia, comprimidas em fardos de palha padr\u00e3o por rolos, e depois embrulhadas automaticamente com filme pl\u00e1stico pelo mecanismo de embrulho. Este processo eficiente e cont\u00ednuo \u00e9 ideal para opera\u00e7\u00f5es de produ\u00e7\u00e3o de ra\u00e7\u00e3o em grande escala.<\/p>    <figure class=\"wp-block-embed aligncenter is-type-video is-provider-youtube wp-block-embed-youtube wp-embed-aspect-16-9 wp-has-aspect-ratio\"><div class=\"wp-block-embed__wrapper\"> <iframe loading=\"lazy\" title=\"Feedback da m\u00e1quina de embrulho de silagem na Indon\u00e9sia!#silagem\" width=\"500\" height=\"281\" src=\"https:\/\/www.youtube.com\/embed\/RYShT_NtZWw?feature=oembed\" frameborder=\"0\" allow=\"accelerometer; autoplay; clipboard-write; encrypted-media; gyroscope; picture-in-picture; web-share\" referrerpolicy=\"strict-origin-when-cross-origin\" allowfullscreen><\/iframe> <\/div><figcaption class=\"wp-element-caption\">V\u00eddeo de feedback do cliente sobre a m\u00e1quina de empacotar e embrulhar forragem<\/figcaption><\/figure>    <h2 class=\"wp-block-heading\">Especifica\u00e7\u00f5es do empacotador de forragem e embrulhador<\/h2>    <figure class=\"wp-block-table is-style-stripes\"><table class=\"has-fixed-layout\"><tbody><tr><td><strong>Item<\/strong><\/td><td><strong>Detalhes<\/strong><\/td><\/tr><tr><td>Modelo<\/td><td>9YJD-70<\/td><\/tr><tr><td>Pot\u00eancia<\/td><td>11kw 0.55kw 0.75kw 3kw 0.37kw<\/td><\/tr><tr><td>Tamanho do fardo<\/td><td>\u03a670*70cm<\/td><\/tr><tr><td>Peso do fardo<\/td><td>150-200kg\/fardo<\/td><\/tr><tr><td>Capacidade<\/td><td>55-75 fardos\/h<\/td><\/tr><tr><td>Volume do compressor de ar<\/td><td>0,36m\u00b3<\/td><\/tr><tr><td>Transportador de alimenta\u00e7\u00e3o (L*W)<\/td><td>700*2100mm<\/td><\/tr><tr><td>Corte de filmagem<\/td><td>Autom\u00e1tico<\/td><\/tr><tr><td>Efici\u00eancia de embrulho<\/td><td>6 camadas, 22s por fardo<\/td><\/tr><tr><td>Tamanho da m\u00e1quina<\/td><td>4500\u00d71900\u00d72000mm<\/td><\/tr><tr><td>Peso da m\u00e1quina<\/td><td>1100kg<\/td><\/tr><\/tbody><\/table><figcaption class=\"wp-element-caption\">Par\u00e2metros t\u00e9cnicos do empacotador e embrulhador de silagem modelo 9YDB-70<\/figcaption><\/figure>    <figure class=\"wp-block-gallery has-nested-images columns-default is-cropped wp-block-gallery-4 is-layout-flex wp-block-gallery-is-layout-flex\"> <figure class=\"wp-block-image size-large\"><img loading=\"lazy\" decoding=\"async\" width=\"720\" height=\"540\" data-id=\"17522\" src=\"https:\/\/www.agriculture-machine.com\/wp-content\/uploads\/2026\/03\/forage-baler-wrapper.webp\" alt=\"empacotador de forragem e embrulhador\" class=\"wp-image-17522\" srcset=\"https:\/\/www.agriculture-machine.com\/wp-content\/uploads\/2026\/03\/forage-baler-wrapper.webp 720w, https:\/\/www.agriculture-machine.com\/wp-content\/uploads\/2026\/03\/forage-baler-wrapper-360x270.webp 360w, https:\/\/www.agriculture-machine.com\/wp-content\/uploads\/2026\/03\/forage-baler-wrapper-240x180.webp 240w, https:\/\/www.agriculture-machine.com\/wp-content\/uploads\/2026\/03\/forage-baler-wrapper-16x12.webp 16w\" sizes=\"auto, (max-width: 720px) 100vw, 720px\" \/><figcaption class=\"wp-element-caption\">empacotador de forragem e embrulhador<\/figcaption><\/figure>    <figure class=\"wp-block-image size-large\"><img loading=\"lazy\" decoding=\"async\" width=\"720\" height=\"540\" data-id=\"17523\" src=\"https:\/\/www.agriculture-machine.com\/wp-content\/uploads\/2026\/03\/silage-bales.webp\" alt=\"fardos de silagem\" class=\"wp-image-17523\" srcset=\"https:\/\/www.agriculture-machine.com\/wp-content\/uploads\/2026\/03\/silage-bales.webp 720w, https:\/\/www.agriculture-machine.com\/wp-content\/uploads\/2026\/03\/silage-bales-360x270.webp 360w, https:\/\/www.agriculture-machine.com\/wp-content\/uploads\/2026\/03\/silage-bales-240x180.webp 240w, https:\/\/www.agriculture-machine.com\/wp-content\/uploads\/2026\/03\/silage-bales-16x12.webp 16w\" sizes=\"auto, (max-width: 720px) 100vw, 720px\" \/><figcaption class=\"wp-element-caption\">fardos de silagem<\/figcaption><\/figure> <\/figure>    <h3 class=\"wp-block-heading\">Especifica\u00e7\u00f5es de consum\u00edveis (rede de pl\u00e1stico e filme)<\/h3>    <figure class=\"wp-block-table is-style-stripes\"><table class=\"has-fixed-layout\"><tbody><tr><td><strong>Item<\/strong><\/td><td><strong>Rede de pl\u00e1stico<\/strong><\/td><td><strong>Filme<\/strong><\/td><\/tr><tr><td>Material<\/td><td>PE<\/td><td>PE<\/td><\/tr><tr><td>Largura<\/td><td>70cm<\/td><td>33cm<\/td><\/tr><tr><td>Espessura<\/td><td>25um<\/td><td>25um<\/td><\/tr><tr><td>Peso<\/td><td>10kg<\/td><td>11,4kg<\/td><\/tr><tr><td>Comprimento total<\/td><td>1500m<\/td><td>1800m<\/td><\/tr><\/tbody><\/table><figcaption class=\"wp-element-caption\">Detalhes da rede de pl\u00e1stico e filme do empacotador de silagem<\/figcaption><\/figure>    <figure class=\"wp-block-gallery has-nested-images columns-default is-cropped wp-block-gallery-5 is-layout-flex wp-block-gallery-is-layout-flex\"> <figure class=\"wp-block-image size-large\"><img loading=\"lazy\" decoding=\"async\" width=\"720\" height=\"540\" data-id=\"17524\" src=\"https:\/\/www.agriculture-machine.com\/wp-content\/uploads\/2026\/03\/silage-bale-packing-machine.webp\" alt=\"m\u00e1quina de embalar fardos de silagem\" class=\"wp-image-17524\" srcset=\"https:\/\/www.agriculture-machine.com\/wp-content\/uploads\/2026\/03\/silage-bale-packing-machine.webp 720w, https:\/\/www.agriculture-machine.com\/wp-content\/uploads\/2026\/03\/silage-bale-packing-machine-360x270.webp 360w, https:\/\/www.agriculture-machine.com\/wp-content\/uploads\/2026\/03\/silage-bale-packing-machine-240x180.webp 240w, https:\/\/www.agriculture-machine.com\/wp-content\/uploads\/2026\/03\/silage-bale-packing-machine-16x12.webp 16w\" sizes=\"auto, (max-width: 720px) 100vw, 720px\" \/><figcaption class=\"wp-element-caption\">m\u00e1quina de embalar fardos de silagem<\/figcaption><\/figure>    <figure class=\"wp-block-image size-large\"><img loading=\"lazy\" decoding=\"async\" width=\"720\" height=\"540\" data-id=\"17525\" src=\"https:\/\/www.agriculture-machine.com\/wp-content\/uploads\/2026\/03\/silage-baling-equipment.webp\" alt=\"Equipamento de empacotamento de silagem\" class=\"wp-image-17525\" srcset=\"https:\/\/www.agriculture-machine.com\/wp-content\/uploads\/2026\/03\/silage-baling-equipment.webp 720w, https:\/\/www.agriculture-machine.com\/wp-content\/uploads\/2026\/03\/silage-baling-equipment-360x270.webp 360w, https:\/\/www.agriculture-machine.com\/wp-content\/uploads\/2026\/03\/silage-baling-equipment-240x180.webp 240w, https:\/\/www.agriculture-machine.com\/wp-content\/uploads\/2026\/03\/silage-baling-equipment-16x12.webp 16w\" sizes=\"auto, (max-width: 720px) 100vw, 720px\" \/><figcaption class=\"wp-element-caption\">Equipamento de empacotamento de silagem<\/figcaption><\/figure> <\/figure>    <h2 class=\"wp-block-heading\">Equipamento compat\u00edvel<\/h2>    <p>Para processamento de ra\u00e7\u00e3o eficiente e automatizado, a empacotadora e embrulhadora de silagem modelo 9YDB-70 pode ser usada com os seguintes equipamentos:<\/p>    <h3 class=\"wp-block-heading\"><em><a href=\"https:\/\/www.agriculture-machine.com\/pt\/4-15t-h-grass-cutting-machine-cutting-wet-grass-grass-cutter\/\">Equipamento de empacotamento de forragem<\/a><\/em><\/h3>    <ul class=\"wp-block-list\"> <li>Usado para picar mat\u00e9rias-primas como talos de milho e relva de forragem, facilitando o empacotamento e a fermenta\u00e7\u00e3o.<\/li>    <li>Melhora significativamente a qualidade do empacotamento e a efic\u00e1cia da silagem.<\/li> <\/ul>    <h3 class=\"wp-block-heading\">Misturador de silagem \/ Blender<\/h3>    <p>Usado para misturar de forma uniforme v\u00e1rias mat\u00e9rias-primas, melhorando o equil\u00edbrio nutricional da ra\u00e7\u00e3o.<\/p>    <ul class=\"wp-block-list\"> <li>Pot\u00eancia: 3kW<\/li>    <li>Capacidade: 3-5m\u00b3<\/li>    <li>Dimens\u00f5es: 3100\u00d71440\u00d71740mm<\/li>    <li>Peso: 500-800kg<\/li> <\/ul>    <figure class=\"wp-block-gallery has-nested-images columns-default is-cropped wp-block-gallery-6 is-layout-flex wp-block-gallery-is-layout-flex\"> <figure class=\"wp-block-image size-large\"><img loading=\"lazy\" decoding=\"async\" width=\"720\" height=\"540\" data-id=\"17527\" src=\"https:\/\/www.agriculture-machine.com\/wp-content\/uploads\/2026\/03\/silage-production-machine.webp\" alt=\"m\u00e1quina de produ\u00e7\u00e3o de silagem\" class=\"wp-image-17527\" srcset=\"https:\/\/www.agriculture-machine.com\/wp-content\/uploads\/2026\/03\/silage-production-machine.webp 720w, https:\/\/www.agriculture-machine.com\/wp-content\/uploads\/2026\/03\/silage-production-machine-360x270.webp 360w, https:\/\/www.agriculture-machine.com\/wp-content\/uploads\/2026\/03\/silage-production-machine-240x180.webp 240w, https:\/\/www.agriculture-machine.com\/wp-content\/uploads\/2026\/03\/silage-production-machine-16x12.webp 16w\" sizes=\"auto, (max-width: 720px) 100vw, 720px\" \/><figcaption class=\"wp-element-caption\">m\u00e1quina de produ\u00e7\u00e3o de silagem<\/figcaption><\/figure>    <figure class=\"wp-block-image size-large\"><img loading=\"lazy\" decoding=\"async\" width=\"720\" height=\"540\" data-id=\"17526\" src=\"https:\/\/www.agriculture-machine.com\/wp-content\/uploads\/2026\/03\/hay-baling-wrapping-equipment.webp\" alt=\"equipamento de empacotamento e embrulho de fardos de feno\" class=\"wp-image-17526\" srcset=\"https:\/\/www.agriculture-machine.com\/wp-content\/uploads\/2026\/03\/hay-baling-wrapping-equipment.webp 720w, https:\/\/www.agriculture-machine.com\/wp-content\/uploads\/2026\/03\/hay-baling-wrapping-equipment-360x270.webp 360w, https:\/\/www.agriculture-machine.com\/wp-content\/uploads\/2026\/03\/hay-baling-wrapping-equipment-240x180.webp 240w, https:\/\/www.agriculture-machine.com\/wp-content\/uploads\/2026\/03\/hay-baling-wrapping-equipment-16x12.webp 16w\" sizes=\"auto, (max-width: 720px) 100vw, 720px\" \/><figcaption class=\"wp-element-caption\">equipamento de empacotamento e embrulho de fardos de feno<\/figcaption><\/figure> <\/figure>    <h3 class=\"wp-block-heading\">Elevador<\/h3>    <ul class=\"wp-block-list\"> <li>Transporta mat\u00e9rias-primas picadas ou misturadas para o empacotador, garantindo opera\u00e7\u00e3o cont\u00ednua e eficiente.<\/li>    <li>A altura e o \u00e2ngulo podem ser ajustados de forma flex\u00edvel de acordo com o local e os requisitos operacionais.<\/li> <\/ul>    <p>Atrav\u00e9s do uso combinado do equipamento acima, a empacotadora e embrulhadora de silagem modelo 9YDB-70 realiza opera\u00e7\u00f5es de processo completo desde o processamento e mistura da forragem at\u00e9 ao empacotamento e embrulho, melhorando a efici\u00eancia operacional e garantindo a qualidade da ra\u00e7\u00e3o.<\/p>    <h2 class=\"wp-block-heading\">Conclus\u00e3o<\/h2>    <p class=\"translation-block\">Para clientes que requerem tamanhos de fardos diferentes, tamb\u00e9m oferecemos modelos como o <strong><em><a href=\"https:\/\/www.agriculture-machine.com\/pt\/baling-and-wrapping-machine\/\">empacotador de forragem redonda 55-52<\/a><\/em><\/strong> e o <strong><em><a href=\"https:\/\/www.agriculture-machine.com\/pt\/silage-round-baler-wrapper\/\">empacotador de silagem 9YDB-60<\/a><\/em><\/strong> para atender a diversas necessidades, de pequenos a grandes fardos de ra\u00e7\u00e3o. Sinta-se \u00e0 vontade para contactar-nos.<\/p>","protected":false},"excerpt":{"rendered":"<p>A m\u00e1quina de ensacar e envolver silagem 9YDB-70 pode produzir fardos de ra\u00e7\u00e3o de 70 \u00d7 70 cm, pesando entre 150 e 200 kg. Pode ser integrada com misturadores e elevadores para alcan\u00e7ar opera\u00e7\u00f5es totalmente automatizadas e de alta efici\u00eancia.<\/p>","protected":false},"author":1,"featured_media":17529,"parent":0,"comment_status":"open","ping_status":"closed","template":"","tags":[772,591,807],"product-type":[876,908],"class_list":["post-17514","product","type-product","status-publish","has-post-thumbnail","hentry","tag-forage","tag-silage","tag-silage-bale","product-type-silage-machine","product-type-sliage-baler"],"_links":{"self":[{"href":"https:\/\/www.agriculture-machine.com\/pt\/wp-json\/wp\/v2\/product\/17514","targetHints":{"allow":["GET"]}}],"collection":[{"href":"https:\/\/www.agriculture-machine.com\/pt\/wp-json\/wp\/v2\/product"}],"about":[{"href":"https:\/\/www.agriculture-machine.com\/pt\/wp-json\/wp\/v2\/types\/product"}],"author":[{"embeddable":true,"href":"https:\/\/www.agriculture-machine.com\/pt\/wp-json\/wp\/v2\/users\/1"}],"replies":[{"embeddable":true,"href":"https:\/\/www.agriculture-machine.com\/pt\/wp-json\/wp\/v2\/comments?post=17514"}],"wp:featuredmedia":[{"embeddable":true,"href":"https:\/\/www.agriculture-machine.com\/pt\/wp-json\/wp\/v2\/media\/17529"}],"wp:attachment":[{"href":"https:\/\/www.agriculture-machine.com\/pt\/wp-json\/wp\/v2\/media?parent=17514"}],"wp:term":[{"taxonomy":"post_tag","embeddable":true,"href":"https:\/\/www.agriculture-machine.com\/pt\/wp-json\/wp\/v2\/tags?post=17514"},{"taxonomy":"product-type","embeddable":true,"href":"https:\/\/www.agriculture-machine.com\/pt\/wp-json\/wp\/v2\/product-type?post=17514"}],"curies":[{"name":"wp","href":"https:\/\/api.w.org\/{rel}","templated":true}]}}