{"id":17539,"date":"2026-03-10T17:53:39","date_gmt":"2026-03-10T09:53:39","guid":{"rendered":"https:\/\/www.agriculture-machine.com\/?post_type=product&#038;p=17539"},"modified":"2026-04-23T16:35:09","modified_gmt":"2026-04-23T08:35:09","slug":"large-forage-bale-wrapper","status":"publish","type":"product","link":"https:\/\/www.agriculture-machine.com\/pt\/large-forage-bale-wrapper\/","title":{"rendered":"9YDB-90 Embaladora de Feno | M\u00e1quina de Envolvimento de Silagem"},"content":{"rendered":"<p>A enfoldadora de forragem 9YDB-90 \u00e9 uma unidade de processamento de silagem de alta capacidade, especificamente concebida para grandes quintas e explora\u00e7\u00f5es pecu\u00e1rias intensivas. Alcan\u00e7a enfardamento com compress\u00e3o de alta densidade e envolvimento autom\u00e1tico de palha e forragens.<\/p>    <p>Este equipamento produz grandes fardos de silagem 90\u00d790 cm, com pesos individuais por fardo a atingir 300\u2013430 kg. Opera continuamente a 55\u201360 fardos por hora, com efici\u00eancia global de processamento superior a 23 toneladas por hora.<\/p>    <p>Equipada com estrutura de bra\u00e7o duplo de envolvimento e 28 rolos de compress\u00e3o, a m\u00e1quina assegura uma compacta\u00e7\u00e3o mais apertada do alimento e fermenta\u00e7\u00e3o mais est\u00e1vel. Adequada para processar palha de milho, pastagens para forragem, culturas para silagem e outros materiais, prolonga efetivamente o per\u00edodo de armazenamento do alimento enquanto minimiza a perda de nutrientes.<\/p>    <figure class=\"wp-block-embed aligncenter is-type-video is-provider-youtube wp-block-embed-youtube wp-embed-aspect-16-9 wp-has-aspect-ratio\"><div class=\"wp-block-embed__wrapper\"> <iframe loading=\"lazy\" title=\"Enfardadora e envolvedora de silagem 90\u00d790 cm em a\u00e7\u00e3o | M\u00e1quina eficiente de embalar fardos de silagem \ud83c\udf3e\ud83d\ude9c#silagebaler\" width=\"500\" height=\"281\" src=\"https:\/\/www.youtube.com\/embed\/3rCwcse_3QM?feature=oembed\" frameborder=\"0\" allow=\"accelerometer; autoplay; clipboard-write; encrypted-media; gyroscope; picture-in-picture; web-share\" referrerpolicy=\"strict-origin-when-cross-origin\" allowfullscreen><\/iframe> <\/div><figcaption class=\"wp-element-caption\">V\u00eddeo de funcionamento da grande enfardadora de forragem para silagem 9YDB-90<\/figcaption><\/figure>    <h2 class=\"wp-block-heading\">\u00c1reas de aplica\u00e7\u00e3o da enfardadora e envolvedora de silagem 9YDB-90<\/h2>    <p>Para explora\u00e7\u00f5es que necessitam de armazenamento de silagem em grande escala, a 9YDB-90 melhora significativamente a efici\u00eancia de processamento do alimento:<\/p>    <ul class=\"wp-block-list\"> <li>Produ\u00e7\u00e3o de silagem em pastagens em grande escala<\/li>    <li>Armazenamento de alimento para explora\u00e7\u00f5es de bovinos e ovinos<\/li>    <li>Processamento de silagem de palha de milho<\/li>    <li>Enfardamento e preserva\u00e7\u00e3o por fermenta\u00e7\u00e3o de pastagem natural<\/li>    <li>Projetos de utiliza\u00e7\u00e3o abrangente da palha<\/li> <\/ul>    <p>Ao comprimir erva de pastagem ou palha em grandes fardos densos e sel\u00e1-los com pel\u00edcula pl\u00e1stica, o tempo de preserva\u00e7\u00e3o do alimento \u00e9 significativamente prolongado enquanto se reduzem os custos de transporte e armazenamento.<\/p>    <h2 class=\"wp-block-heading\">Destaques da enfoldadora de forragem 9YDB-90<\/h2>    <ul class=\"wp-block-list\"> <li>Fardos de silagem de grande dimens\u00e3o: capaz de produzir fardos grandes com 90 cm de di\u00e2metro, cada um com mais de 300 kg, tornando-os ideais para grandes quintas.<\/li>    <li>Estrutura de compress\u00e3o de alta intensidade: equipada com 28 rolos de compress\u00e3o, alcan\u00e7ando elevada compacta\u00e7\u00e3o da forragem para fermenta\u00e7\u00e3o ideal da silagem e armazenamento a longo prazo.<\/li>    <li>Sistema de envolvimento de bra\u00e7o duplo: o design de bra\u00e7o duplo aumenta a velocidade de envolvimento enquanto assegura cobertura uniforme e est\u00e1vel.<\/li>    <li>Alta capacidade de processamento: trata mais de 23 toneladas de mat\u00e9ria-prima por hora, adequada para opera\u00e7\u00f5es cont\u00ednuas em grande escala.<\/li>    <li>Alto n\u00edvel de automa\u00e7\u00e3o: utiliza acionamento coordenado multi-motor para completar automaticamente os processos de alimenta\u00e7\u00e3o, compress\u00e3o, enfardamento e envolvimento.<\/li>    <li>Conceito de recupera\u00e7\u00e3o de derrames: apresenta um dispositivo de recupera\u00e7\u00e3o por raspador para minimizar o desperd\u00edcio de material e maximizar a utiliza\u00e7\u00e3o da mat\u00e9ria-prima.<\/li> <\/ul>    <figure class=\"wp-block-gallery has-nested-images columns-default is-cropped wp-block-gallery-2 is-layout-flex wp-block-gallery-is-layout-flex\"> <figure class=\"wp-block-image size-large\"><img loading=\"lazy\" decoding=\"async\" width=\"720\" height=\"540\" data-id=\"17534\" src=\"https:\/\/www.agriculture-machine.com\/wp-content\/uploads\/2026\/03\/silage-bale-packing-machine-1.webp\" alt=\"m\u00e1quina de embalar fardos de silagem\" class=\"wp-image-17534\" srcset=\"https:\/\/www.agriculture-machine.com\/wp-content\/uploads\/2026\/03\/silage-bale-packing-machine-1.webp 720w, https:\/\/www.agriculture-machine.com\/wp-content\/uploads\/2026\/03\/silage-bale-packing-machine-1-360x270.webp 360w, https:\/\/www.agriculture-machine.com\/wp-content\/uploads\/2026\/03\/silage-bale-packing-machine-1-240x180.webp 240w, https:\/\/www.agriculture-machine.com\/wp-content\/uploads\/2026\/03\/silage-bale-packing-machine-1-16x12.webp 16w\" sizes=\"auto, (max-width: 720px) 100vw, 720px\" \/><figcaption class=\"wp-element-caption\">m\u00e1quina de embalar fardos de silagem<\/figcaption><\/figure>    <figure class=\"wp-block-image size-large\"><img loading=\"lazy\" decoding=\"async\" width=\"720\" height=\"540\" data-id=\"17533\" src=\"https:\/\/www.agriculture-machine.com\/wp-content\/uploads\/2026\/03\/9YDB-90-forage-bale-wrapper.webp\" alt=\"Envolvedora de fardos de forragem 9YDB-90\" class=\"wp-image-17533\" srcset=\"https:\/\/www.agriculture-machine.com\/wp-content\/uploads\/2026\/03\/9YDB-90-forage-bale-wrapper.webp 720w, https:\/\/www.agriculture-machine.com\/wp-content\/uploads\/2026\/03\/9YDB-90-forage-bale-wrapper-360x270.webp 360w, https:\/\/www.agriculture-machine.com\/wp-content\/uploads\/2026\/03\/9YDB-90-forage-bale-wrapper-240x180.webp 240w, https:\/\/www.agriculture-machine.com\/wp-content\/uploads\/2026\/03\/9YDB-90-forage-bale-wrapper-16x12.webp 16w\" sizes=\"auto, (max-width: 720px) 100vw, 720px\" \/><figcaption class=\"wp-element-caption\">Envolvedora de fardos de forragem 9YDB-90<\/figcaption><\/figure> <\/figure>    <h2 class=\"wp-block-heading\">Estrutura da m\u00e1quina de enfardamento e envolvimento de forragem<\/h2>    <ul class=\"wp-block-list\"> <li>Sistema de alimenta\u00e7\u00e3o: uma grande tremonha com largura superior a 170 cm acomoda maior volume de forragem, melhorando a efici\u00eancia de alimenta\u00e7\u00e3o.<\/li>    <li>Sistema de compress\u00e3o e enfardamento: composto por m\u00faltiplos conjuntos de rolos e correntes, alcan\u00e7a compress\u00e3o de alta densidade da forragem para formar fardos est\u00e1veis.<\/li>    <li>Sistema de envolvimento: bra\u00e7os de envolvimento duplos combinados com filme especializado para forragem garantem envolvimento r\u00e1pido e uniforme.<\/li>    <li>Sistema de transporte: estrutura de transportador de correia em bandeja assegura movimenta\u00e7\u00e3o suave dos fardos, aumentando a estabilidade operacional global.<\/li>    <li>Sistema de recupera\u00e7\u00e3o: um dispositivo de recupera\u00e7\u00e3o de derrames do tipo raspador recolhe automaticamente o material espalhado.<\/li> <\/ul>    <h2 class=\"wp-block-heading\">Como funciona esta envolvedora de fardos de forragem?<\/h2>    <ol class=\"wp-block-list\"> <li>Durante a opera\u00e7\u00e3o, a palha ou forragem entra na tremonha atrav\u00e9s de uma ampla entrada de alimenta\u00e7\u00e3o. Sob a\u00e7\u00e3o dos rolos de compress\u00e3o, \u00e9 continuamente compactada e gradualmente formada em fardos de alta densidade.<\/li>    <li>Quando o fardo atinge as dimens\u00f5es predefinidas, o sistema realiza automaticamente o atado e o transmite para a zona de envolvimento atrav\u00e9s do mecanismo de transporte.<\/li>    <li>Em seguida, os bra\u00e7os de envolvimento duplos giram, envolvendo uniformemente o fardo com pel\u00edcula de silagem para formar um pacote de silagem selado.<\/li> <\/ol>    <figure class=\"wp-block-gallery has-nested-images columns-default is-cropped wp-block-gallery-3 is-layout-flex wp-block-gallery-is-layout-flex\"> <figure class=\"wp-block-image size-large\"><img loading=\"lazy\" decoding=\"async\" width=\"720\" height=\"540\" data-id=\"17535\" src=\"https:\/\/www.agriculture-machine.com\/wp-content\/uploads\/2026\/03\/automatic-hay-bale-wrapper.webp\" alt=\"envolvedora autom\u00e1tica de fardos de feno\" class=\"wp-image-17535\" srcset=\"https:\/\/www.agriculture-machine.com\/wp-content\/uploads\/2026\/03\/automatic-hay-bale-wrapper.webp 720w, https:\/\/www.agriculture-machine.com\/wp-content\/uploads\/2026\/03\/automatic-hay-bale-wrapper-360x270.webp 360w, https:\/\/www.agriculture-machine.com\/wp-content\/uploads\/2026\/03\/automatic-hay-bale-wrapper-240x180.webp 240w, https:\/\/www.agriculture-machine.com\/wp-content\/uploads\/2026\/03\/automatic-hay-bale-wrapper-16x12.webp 16w\" sizes=\"auto, (max-width: 720px) 100vw, 720px\" \/><figcaption class=\"wp-element-caption\">envolvedora autom\u00e1tica de fardos de feno<\/figcaption><\/figure>    <figure class=\"wp-block-image size-large\"><img loading=\"lazy\" decoding=\"async\" width=\"720\" height=\"540\" data-id=\"17536\" src=\"https:\/\/www.agriculture-machine.com\/wp-content\/uploads\/2026\/03\/silage-bale-wrapping-machine.webp\" alt=\"M\u00e1quina de embrulho de fardo de silagem\" class=\"wp-image-17536\" srcset=\"https:\/\/www.agriculture-machine.com\/wp-content\/uploads\/2026\/03\/silage-bale-wrapping-machine.webp 720w, https:\/\/www.agriculture-machine.com\/wp-content\/uploads\/2026\/03\/silage-bale-wrapping-machine-360x270.webp 360w, https:\/\/www.agriculture-machine.com\/wp-content\/uploads\/2026\/03\/silage-bale-wrapping-machine-240x180.webp 240w, https:\/\/www.agriculture-machine.com\/wp-content\/uploads\/2026\/03\/silage-bale-wrapping-machine-16x12.webp 16w\" sizes=\"auto, (max-width: 720px) 100vw, 720px\" \/><figcaption class=\"wp-element-caption\">M\u00e1quina de embrulho de fardo de silagem<\/figcaption><\/figure> <\/figure>    <h2 class=\"wp-block-heading\">Par\u00e2metros t\u00e9cnicos do enfardador de embalagem de silagem<\/h2>    <figure class=\"wp-block-table is-style-stripes\"><table class=\"has-fixed-layout\"><tbody><tr><td><strong>Item<\/strong><\/td><td><strong>Detalhes<\/strong><\/td><\/tr><tr><td>Modelo<\/td><td>9YDB-90<\/td><\/tr><tr><td>Tamanho do fardo<\/td><td>90 \u00d7 90 cm<\/td><\/tr><tr><td>Peso do fardo<\/td><td>300\u2013430 kg<\/td><\/tr><tr><td>Produ\u00e7\u00e3o Hor\u00e1ria<\/td><td>55\u201360 fardos<\/td><\/tr><tr><td>Efici\u00eancia de Opera\u00e7\u00e3o<\/td><td>\u226523 T\/h<\/td><\/tr><tr><td>Pot\u00eancia<\/td><td>39 kW<\/td><\/tr><tr><td>N\u00famero de Rolos<\/td><td>\u226528<\/td><\/tr><tr><td>Bra\u00e7os de Envolvimento<\/td><td>2<\/td><\/tr><tr><td>Largura da Tremonha<\/td><td>\u2265170 cm<\/td><\/tr><tr><td>Entrada de Alimenta\u00e7\u00e3o<\/td><td>\u2265900 mm<\/td><\/tr><tr><td>Peso da m\u00e1quina<\/td><td>\u22654200 kg<\/td><\/tr><tr><td>Dimens\u00f5es (C\u00d7L\u00d7A)<\/td><td>\u22658100 \u00d7 2400 \u00d7 3100 mm<\/td><\/tr><\/tbody><\/table><figcaption class=\"wp-element-caption\">Especifica\u00e7\u00f5es da m\u00e1quina enfardadora de forragem modelo 9YDB-90<\/figcaption><\/figure>    <figure class=\"wp-block-gallery has-nested-images columns-default is-cropped wp-block-gallery-4 is-layout-flex wp-block-gallery-is-layout-flex\"> <figure class=\"wp-block-image size-large\"><img loading=\"lazy\" decoding=\"async\" width=\"720\" height=\"540\" data-id=\"17537\" src=\"https:\/\/www.agriculture-machine.com\/wp-content\/uploads\/2026\/03\/forage-baling-and-wrapping-machine.webp\" alt=\"m\u00e1quina de enfardar e envolver forragem\" class=\"wp-image-17537\" srcset=\"https:\/\/www.agriculture-machine.com\/wp-content\/uploads\/2026\/03\/forage-baling-and-wrapping-machine.webp 720w, https:\/\/www.agriculture-machine.com\/wp-content\/uploads\/2026\/03\/forage-baling-and-wrapping-machine-360x270.webp 360w, https:\/\/www.agriculture-machine.com\/wp-content\/uploads\/2026\/03\/forage-baling-and-wrapping-machine-240x180.webp 240w, https:\/\/www.agriculture-machine.com\/wp-content\/uploads\/2026\/03\/forage-baling-and-wrapping-machine-16x12.webp 16w\" sizes=\"auto, (max-width: 720px) 100vw, 720px\" \/><figcaption class=\"wp-element-caption\">m\u00e1quina de enfardar e envolver forragem<\/figcaption><\/figure>    <figure class=\"wp-block-image size-large\"><img loading=\"lazy\" decoding=\"async\" width=\"720\" height=\"540\" data-id=\"17538\" src=\"https:\/\/www.agriculture-machine.com\/wp-content\/uploads\/2026\/03\/large-round-bale-wrapper.webp\" alt=\"envolvedora de grandes fardos cil\u00edndricos\" class=\"wp-image-17538\" srcset=\"https:\/\/www.agriculture-machine.com\/wp-content\/uploads\/2026\/03\/large-round-bale-wrapper.webp 720w, https:\/\/www.agriculture-machine.com\/wp-content\/uploads\/2026\/03\/large-round-bale-wrapper-360x270.webp 360w, https:\/\/www.agriculture-machine.com\/wp-content\/uploads\/2026\/03\/large-round-bale-wrapper-240x180.webp 240w, https:\/\/www.agriculture-machine.com\/wp-content\/uploads\/2026\/03\/large-round-bale-wrapper-16x12.webp 16w\" sizes=\"auto, (max-width: 720px) 100vw, 720px\" \/><figcaption class=\"wp-element-caption\">envolvedora de grandes fardos cil\u00edndricos<\/figcaption><\/figure> <\/figure>    <h2 class=\"wp-block-heading\">Diferentes modelos de enfardadoras e envolvedoras<\/h2>    <p class=\"translation-block\">As principais diferen\u00e7as entre os modelos de enfardadoras de forragem est\u00e3o nas dimens\u00f5es dos fardos, no peso individual dos fardos e na escala de explora\u00e7\u00e3o adequada. Outros modelos comuns incluem a <strong><em><a href=\"https:\/\/www.agriculture-machine.com\/pt\/baling-and-wrapping-machine\/\">55-52 bale wrapper machine<\/a><\/em><\/strong>, <strong><em><a href=\"https:\/\/www.agriculture-machine.com\/pt\/silage-round-baler-wrapper\/\">9YDB-60 forage hay baling machine<\/a><\/em><\/strong> e <strong><em><a href=\"https:\/\/www.agriculture-machine.com\/pt\/silage-baler-and-wrapper-machine\/\">9YDB-70 silage packing baler machine<\/a><\/em><\/strong>.<\/p>    <figure class=\"wp-block-table is-style-stripes\"><table class=\"has-fixed-layout\"><tbody><tr><td><strong>Modelo<\/strong><\/td><td><strong>Tamanho do fardo<\/strong><\/td><td><strong>Peso do fardo<\/strong><\/td><td><strong>Escala de Explora\u00e7\u00e3o Adequada<\/strong><\/td><\/tr><tr><td><strong>Modelo 55-52<\/strong><\/td><td>\u03a655 \u00d7 52 cm<\/td><td>80\u2013120 kg<\/td><td>Pequenas explora\u00e7\u00f5es \/ Explora\u00e7\u00f5es familiares<\/td><\/tr><tr><td><strong>Modelo 9YDB-60<\/strong><\/td><td>\u03a660 \u00d7 52 cm<\/td><td>90\u2013140 kg<\/td><td>Pequenas a m\u00e9dias explora\u00e7\u00f5es<\/td><\/tr><tr><td><strong>Modelo 9YDB-70<\/strong><\/td><td>\u03a670 \u00d7 70 cm<\/td><td>150\u2013200 kg<\/td><td>Explora\u00e7\u00f5es m\u00e9dias<\/td><\/tr><tr><td><strong>Modelo 9YDB-90<\/strong><\/td><td>90 \u00d7 90 cm<\/td><td>300\u2013430 kg<\/td><td>Grandes quintas \/ Centrais de processamento de silagem<\/td><\/tr><\/tbody><\/table><figcaption class=\"wp-element-caption\">Diferentes modelos de m\u00e1quinas envolvedoras de fardos de forragem para silagem<\/figcaption><\/figure>    <p class=\"translation-block\"><strong>Resumo<\/strong><\/p>    <ul class=\"wp-block-list\"> <li>Modelo maior \u2192 Fardo maior \u2192 Maior capacidade de produ\u00e7\u00e3o<\/li>    <li>Modelos pequenos s\u00e3o adequados para uso flex\u00edvel, enquanto modelos maiores s\u00e3o adequados para produ\u00e7\u00e3o de silagem em grande escala.<\/li> <\/ul>    <p>Pode selecionar o modelo de enfardadora-envolvedora adequado com base no tamanho da quinta, m\u00e9todos de transporte e requisitos de alimenta\u00e7\u00e3o. Por favor, contacte-nos se necess\u00e1rio.<\/p>","protected":false},"excerpt":{"rendered":"<p>A envolvedora de forragem 9YDB-90 produz fardos de 90\u00d790 cm de di\u00e2metro e 300\u2013430 kg de peso. Com capacidade de 55\u201360 fardos por hora, \u00e9 ideal para grandes quintas e explora\u00e7\u00f5es pecu\u00e1rias.<\/p>","protected":false},"author":1,"featured_media":17663,"parent":0,"comment_status":"open","ping_status":"closed","template":"","tags":[772,591,807],"product-type":[876,908],"class_list":["post-17539","product","type-product","status-publish","has-post-thumbnail","hentry","tag-forage","tag-silage","tag-silage-bale","product-type-silage-machine","product-type-sliage-baler"],"_links":{"self":[{"href":"https:\/\/www.agriculture-machine.com\/pt\/wp-json\/wp\/v2\/product\/17539","targetHints":{"allow":["GET"]}}],"collection":[{"href":"https:\/\/www.agriculture-machine.com\/pt\/wp-json\/wp\/v2\/product"}],"about":[{"href":"https:\/\/www.agriculture-machine.com\/pt\/wp-json\/wp\/v2\/types\/product"}],"author":[{"embeddable":true,"href":"https:\/\/www.agriculture-machine.com\/pt\/wp-json\/wp\/v2\/users\/1"}],"replies":[{"embeddable":true,"href":"https:\/\/www.agriculture-machine.com\/pt\/wp-json\/wp\/v2\/comments?post=17539"}],"wp:featuredmedia":[{"embeddable":true,"href":"https:\/\/www.agriculture-machine.com\/pt\/wp-json\/wp\/v2\/media\/17663"}],"wp:attachment":[{"href":"https:\/\/www.agriculture-machine.com\/pt\/wp-json\/wp\/v2\/media?parent=17539"}],"wp:term":[{"taxonomy":"post_tag","embeddable":true,"href":"https:\/\/www.agriculture-machine.com\/pt\/wp-json\/wp\/v2\/tags?post=17539"},{"taxonomy":"product-type","embeddable":true,"href":"https:\/\/www.agriculture-machine.com\/pt\/wp-json\/wp\/v2\/product-type?post=17539"}],"curies":[{"name":"wp","href":"https:\/\/api.w.org\/{rel}","templated":true}]}}