{"id":17544,"date":"2026-03-17T17:53:56","date_gmt":"2026-03-17T09:53:56","guid":{"rendered":"https:\/\/www.agriculture-machine.com\/?post_type=product&#038;p=17544"},"modified":"2026-04-07T17:00:03","modified_gmt":"2026-04-07T09:00:03","slug":"cow-dung-cleaning-machine","status":"publish","type":"product","link":"https:\/\/www.agriculture-machine.com\/pt\/cow-dung-cleaning-machine\/","title":{"rendered":"M\u00e1quina de limpeza de esterco de vaca | Recolhedor de esterco de gado"},"content":{"rendered":"<p>Uma m\u00e1quina de limpeza de esterco de vaca \u00e9 um sistema automatizado de remo\u00e7\u00e3o de esterco projetado especificamente para explora\u00e7\u00f5es de gado modernas. \u00c9 utilizado principalmente para a recolha e transporte centralizado de esterco em ambientes de gado, como est\u00e1bulos de vacas, galp\u00f5es de ovelhas e explora\u00e7\u00f5es de gado.<\/p>    <p>O equipamento integra fun\u00e7\u00f5es de recolha, transporte, transporte e descarregamento autom\u00e1tico de esterco numa \u00fanica unidade. Atrav\u00e9s de um dispositivo de recolha de espiral montado na frente e de um sistema de transportador de raspador acionado por corrente, recolhe rapidamente o esterco e transporta-o para o compartimento traseiro, permitindo opera\u00e7\u00f5es de limpeza altamente eficientes.<\/p>    <p>Em compara\u00e7\u00e3o com m\u00e9todos tradicionais manuais de remo\u00e7\u00e3o de esterco, este equipamento melhora significativamente a efici\u00eancia de limpeza. Por exemplo, o modelo de 3m\u00b3 pode completar uma carga de esterco em 3\u20135 minutos, enquanto o de 5m\u00b3 leva aproximadamente 5\u20138 minutos para completar uma carga.<\/p>    <figure class=\"wp-block-embed aligncenter is-type-video is-provider-youtube wp-block-embed-youtube wp-embed-aspect-16-9 wp-has-aspect-ratio\"><div class=\"wp-block-embed__wrapper\"> <iframe loading=\"lazy\" title=\"Efficient Cow &amp; Sheep Manure Cleaning Machine | Smart Farm Cleaning Equipment \ud83d\ude9c\ud83d\udc04#cleaner\" width=\"500\" height=\"281\" src=\"https:\/\/www.youtube.com\/embed\/Np55Evcl7-o?feature=oembed\" frameborder=\"0\" allow=\"accelerometer; autoplay; clipboard-write; encrypted-media; gyroscope; picture-in-picture; web-share\" referrerpolicy=\"strict-origin-when-cross-origin\" allowfullscreen><\/iframe> <\/div><figcaption class=\"wp-element-caption\">V\u00eddeo de funcionamento da m\u00e1quina de limpeza de esterco de vaca<\/figcaption><\/figure>    <p>Toda a m\u00e1quina \u00e9 movida a diesel e compat\u00edvel com ve\u00edculos de chassis de tr\u00eas ou quatro rodas. A opera\u00e7\u00e3o \u00e9 simples, exigindo apenas uma pessoa para completar a tarefa de remo\u00e7\u00e3o de esterco, o que reduz significativamente os custos de m\u00e3o-de-obra, melhora a higiene da explora\u00e7\u00e3o e refor\u00e7a os padr\u00f5es de gest\u00e3o do gado.<\/p>    <h2 class=\"wp-block-heading\">Aplica\u00e7\u00f5es da m\u00e1quina de limpeza de esterco de vaca<\/h2>    <p>Ve\u00edculos de recolha de esterco s\u00e3o utilizados principalmente para remo\u00e7\u00e3o e transporte de esterco em v\u00e1rias explora\u00e7\u00f5es de gado e s\u00e3o adequados para os seguintes cen\u00e1rios:<\/p>    <ul class=\"wp-block-list\"> <li>Explora\u00e7\u00f5es leiteiras<\/li>    <li>Explora\u00e7\u00f5es de gado bovino<\/li>    <li>Explora\u00e7\u00f5es de ovelhas e bases de cria\u00e7\u00e3o de gado<\/li>    <li>Explora\u00e7\u00f5es de grande escala e explora\u00e7\u00f5es de gado padronizadas<\/li>    <li>Sistemas centralizados de tratamento de esterco de gado<\/li> <\/ul>    <p>Esta m\u00e1quina de limpeza de esterco de vaca pode rapidamente remover esterco e res\u00edduos acumulados no ch\u00e3o dos est\u00e1bulos de gado e transport\u00e1-los para \u00e1reas de tratamento designadas, mantendo um ambiente agr\u00edcola limpo e higi\u00e9nico.<\/p>    <figure class=\"wp-block-gallery has-nested-images columns-default is-cropped wp-block-gallery-2 is-layout-flex wp-block-gallery-is-layout-flex\"> <figure class=\"wp-block-image size-large\"><img loading=\"lazy\" decoding=\"async\" width=\"720\" height=\"540\" data-id=\"17549\" src=\"https:\/\/www.agriculture-machine.com\/wp-content\/uploads\/2026\/03\/cattle-manure-scraper.webp\" alt=\"scraper de esterco de gado\" class=\"wp-image-17549\" srcset=\"https:\/\/www.agriculture-machine.com\/wp-content\/uploads\/2026\/03\/cattle-manure-scraper.webp 720w, https:\/\/www.agriculture-machine.com\/wp-content\/uploads\/2026\/03\/cattle-manure-scraper-360x270.webp 360w, https:\/\/www.agriculture-machine.com\/wp-content\/uploads\/2026\/03\/cattle-manure-scraper-240x180.webp 240w, https:\/\/www.agriculture-machine.com\/wp-content\/uploads\/2026\/03\/cattle-manure-scraper-16x12.webp 16w\" sizes=\"auto, (max-width: 720px) 100vw, 720px\" \/><figcaption class=\"wp-element-caption\">scraper de esterco de gado<\/figcaption><\/figure>    <figure class=\"wp-block-image size-large\"><img loading=\"lazy\" decoding=\"async\" width=\"720\" height=\"540\" data-id=\"17548\" src=\"https:\/\/www.agriculture-machine.com\/wp-content\/uploads\/2026\/03\/cattle-farm-cleaning-equipment.webp\" alt=\"Equipamento de limpeza de gado\" class=\"wp-image-17548\" srcset=\"https:\/\/www.agriculture-machine.com\/wp-content\/uploads\/2026\/03\/cattle-farm-cleaning-equipment.webp 720w, https:\/\/www.agriculture-machine.com\/wp-content\/uploads\/2026\/03\/cattle-farm-cleaning-equipment-360x270.webp 360w, https:\/\/www.agriculture-machine.com\/wp-content\/uploads\/2026\/03\/cattle-farm-cleaning-equipment-240x180.webp 240w, https:\/\/www.agriculture-machine.com\/wp-content\/uploads\/2026\/03\/cattle-farm-cleaning-equipment-16x12.webp 16w\" sizes=\"auto, (max-width: 720px) 100vw, 720px\" \/><figcaption class=\"wp-element-caption\">Equipamento de limpeza de gado<\/figcaption><\/figure> <\/figure>    <h2 class=\"wp-block-heading\">Vantagens da m\u00e1quina de remo\u00e7\u00e3o de esterco<\/h2>    <ul class=\"wp-block-list\"> <li>Remo\u00e7\u00e3o de esterco de alta efici\u00eancia: utilizando uma estrutura de recolha espiral   transportador de corrente com raspador, completa rapidamente a recolha e transporte de esterco, melhorando a efici\u00eancia de limpeza da explora\u00e7\u00e3o.<\/li>    <li>Economia de custos laborais: apenas um operador \u00e9 necess\u00e1rio para completar as opera\u00e7\u00f5es de remo\u00e7\u00e3o, transporte e descarregamento de esterco, reduzindo significativamente os requisitos de m\u00e3o-de-obra.<\/li>    <li>Design de transporte de alta capacidade: equipado com um funil de 3m\u00b3 ou 5m\u00b3 de alta capacidade, pode transportar grandes volumes de esterco numa \u00fanica viagem, reduzindo o n\u00famero de viagens de ida e volta.<\/li>    <li>Estrutura dur\u00e1vel: toda a m\u00e1quina apresenta uma estrutura de a\u00e7o de alta resist\u00eancia e correntes de raspador resistentes ao desgaste, oferecendo resist\u00eancia \u00e0 corros\u00e3o, resist\u00eancia ao desgaste e longa vida \u00fatil.<\/li>    <li>Adaptabilidade a ambientes agr\u00edcolas complexos: com desempenho potente, o equipamento \u00e9 adequado para explora\u00e7\u00f5es de v\u00e1rios tamanhos e condi\u00e7\u00f5es de terreno complexas, garantindo opera\u00e7\u00e3o est\u00e1vel e fi\u00e1vel.<\/li> <\/ul>    <figure class=\"wp-block-gallery has-nested-images columns-default is-cropped wp-block-gallery-3 is-layout-flex wp-block-gallery-is-layout-flex\"> <figure class=\"wp-block-image size-large\"><img loading=\"lazy\" decoding=\"async\" width=\"720\" height=\"540\" data-id=\"17550\" src=\"https:\/\/www.agriculture-machine.com\/wp-content\/uploads\/2026\/03\/cow-dung-cleaner.webp\" alt=\"m\u00e1quina de limpeza de esterco de vaca\" class=\"wp-image-17550\" srcset=\"https:\/\/www.agriculture-machine.com\/wp-content\/uploads\/2026\/03\/cow-dung-cleaner.webp 720w, https:\/\/www.agriculture-machine.com\/wp-content\/uploads\/2026\/03\/cow-dung-cleaner-360x270.webp 360w, https:\/\/www.agriculture-machine.com\/wp-content\/uploads\/2026\/03\/cow-dung-cleaner-240x180.webp 240w, https:\/\/www.agriculture-machine.com\/wp-content\/uploads\/2026\/03\/cow-dung-cleaner-16x12.webp 16w\" sizes=\"auto, (max-width: 720px) 100vw, 720px\" \/><figcaption class=\"wp-element-caption\">m\u00e1quina de limpeza de esterco de vaca<\/figcaption><\/figure>    <figure class=\"wp-block-image size-large\"><img loading=\"lazy\" decoding=\"async\" width=\"720\" height=\"540\" data-id=\"17551\" src=\"https:\/\/www.agriculture-machine.com\/wp-content\/uploads\/2026\/03\/cow-shed-cleaning-machine.webp\" alt=\"m\u00e1quina de limpeza de est\u00e1bulos\" class=\"wp-image-17551\" srcset=\"https:\/\/www.agriculture-machine.com\/wp-content\/uploads\/2026\/03\/cow-shed-cleaning-machine.webp 720w, https:\/\/www.agriculture-machine.com\/wp-content\/uploads\/2026\/03\/cow-shed-cleaning-machine-360x270.webp 360w, https:\/\/www.agriculture-machine.com\/wp-content\/uploads\/2026\/03\/cow-shed-cleaning-machine-240x180.webp 240w, https:\/\/www.agriculture-machine.com\/wp-content\/uploads\/2026\/03\/cow-shed-cleaning-machine-16x12.webp 16w\" sizes=\"auto, (max-width: 720px) 100vw, 720px\" \/><figcaption class=\"wp-element-caption\">m\u00e1quina de limpeza de est\u00e1bulos<\/figcaption><\/figure> <\/figure>    <h2 class=\"wp-block-heading\">Princ\u00edpio de funcionamento da m\u00e1quina de limpeza de esterco de vaca<\/h2>    <p>A m\u00e1quina de limpeza de esterco de vaca realiza principalmente a remo\u00e7\u00e3o autom\u00e1tica de esterco atrav\u00e9s de um dispositivo de recolha espiral, um sistema de transportador de raspador de corrente e um mecanismo de tombamento hidr\u00e1ulico. O processo espec\u00edfico \u00e9 o seguinte:<\/p>    <ol class=\"wp-block-list\"> <li>O operador inicia o equipamento e conduz o ve\u00edculo de recolha de esterco at\u00e9 ao corredor do celeiro.<\/li>    <li>O coletor espiral montado na frente recolhe o esterco do ch\u00e3o \u00e0 medida que o ve\u00edculo avan\u00e7a.<\/li>    <li>O esterco \u00e9 transportado para o compartimento traseiro atrav\u00e9s do sistema de transportador de corrente com raspador.<\/li>    <li>Quando o compartimento estiver cheio, o ve\u00edculo desloca-se para uma \u00e1rea designada.<\/li>    <li>O sistema de tombamento hidr\u00e1ulico descarrega automaticamente o esterco.<\/li> <\/ol>    <p>O processo \u00e9 altamente automatizado, permitindo a recolha e transporte cont\u00ednuos de esterco.<\/p>    <figure class=\"wp-block-gallery has-nested-images columns-default is-cropped wp-block-gallery-4 is-layout-flex wp-block-gallery-is-layout-flex\"> <figure class=\"wp-block-image size-large\"><img loading=\"lazy\" decoding=\"async\" width=\"720\" height=\"540\" data-id=\"17553\" src=\"https:\/\/www.agriculture-machine.com\/wp-content\/uploads\/2026\/03\/manure-collector-machine.webp\" alt=\"m\u00e1quina recolhedora de esterco\" class=\"wp-image-17553\" srcset=\"https:\/\/www.agriculture-machine.com\/wp-content\/uploads\/2026\/03\/manure-collector-machine.webp 720w, https:\/\/www.agriculture-machine.com\/wp-content\/uploads\/2026\/03\/manure-collector-machine-360x270.webp 360w, https:\/\/www.agriculture-machine.com\/wp-content\/uploads\/2026\/03\/manure-collector-machine-240x180.webp 240w, https:\/\/www.agriculture-machine.com\/wp-content\/uploads\/2026\/03\/manure-collector-machine-16x12.webp 16w\" sizes=\"auto, (max-width: 720px) 100vw, 720px\" \/><figcaption class=\"wp-element-caption\">m\u00e1quina recolhedora de esterco<\/figcaption><\/figure>    <figure class=\"wp-block-image size-large\"><img loading=\"lazy\" decoding=\"async\" width=\"720\" height=\"540\" data-id=\"17552\" src=\"https:\/\/www.agriculture-machine.com\/wp-content\/uploads\/2026\/03\/cow-dung-cleaning-machine.webp\" alt=\"m\u00e1quina de limpeza de esterco de vaca\" class=\"wp-image-17552\" srcset=\"https:\/\/www.agriculture-machine.com\/wp-content\/uploads\/2026\/03\/cow-dung-cleaning-machine.webp 720w, https:\/\/www.agriculture-machine.com\/wp-content\/uploads\/2026\/03\/cow-dung-cleaning-machine-360x270.webp 360w, https:\/\/www.agriculture-machine.com\/wp-content\/uploads\/2026\/03\/cow-dung-cleaning-machine-240x180.webp 240w, https:\/\/www.agriculture-machine.com\/wp-content\/uploads\/2026\/03\/cow-dung-cleaning-machine-16x12.webp 16w\" sizes=\"auto, (max-width: 720px) 100vw, 720px\" \/><figcaption class=\"wp-element-caption\">m\u00e1quina de limpeza de esterco de vaca<\/figcaption><\/figure> <\/figure>    <h2 class=\"wp-block-heading\">Especifica\u00e7\u00f5es de m\u00e1quinas de limpeza de esterco de gado<\/h2>    <figure class=\"wp-block-table is-style-stripes\"><table class=\"has-fixed-layout\"><tbody><tr><td><strong>Modelo<\/strong><\/td><td><strong>QF-3<\/strong><\/td><td><strong>QF-5<\/strong><\/td><\/tr><tr><td>Volume do carrinho<\/td><td>3 m\u00b3<\/td><td>5 m\u00b3<\/td><\/tr><tr><td>Dimens\u00e3o<\/td><td>4500\u00d71450\u00d72450 mm<\/td><td>5200\u00d72200\u00d72600 mm<\/td><\/tr><tr><td>Pot\u00eancia<\/td><td>Motor Diesel de 25 HP<\/td><td>Motor Diesel<\/td><\/tr><tr><td>Pot\u00eancia de marcha<\/td><td>Triciclo<\/td><td>Caminh\u00e3o de quatro rodas<\/td><\/tr><tr><td>Capacidade de Produ\u00e7\u00e3o<\/td><td>3\u20135 min\/ve\u00edculo<\/td><td>5\u20138 min\/ve\u00edculo<\/td><\/tr><tr><td>Largura de limpeza de esterco<\/td><td>1500 mm<\/td><td>2000 mm<\/td><\/tr><tr><td>N\u00famero de Pneus<\/td><td>3 pe\u00e7as<\/td><td>4 pe\u00e7as<\/td><\/tr><tr><td>Sistema de Recolha de Esterco<\/td><td>Transportador de escavador   corrente<\/td><td>Transportador de escavador   corrente<\/td><\/tr><tr><td>M\u00e9todo de descarga<\/td><td>Tombamento hidr\u00e1ulico<\/td><td>Tombamento hidr\u00e1ulico<\/td><\/tr><\/tbody><\/table><figcaption class=\"wp-element-caption\">Par\u00e2metros t\u00e9cnicos da m\u00e1quina de limpeza de esterco de vaca<\/figcaption><\/figure>    <h2 class=\"wp-block-heading\">Por que escolher-nos?<\/h2>    <p>Optar pela nossa m\u00e1quina de limpeza de esterco de vaca oferece \u00e0s explora\u00e7\u00f5es uma solu\u00e7\u00e3o est\u00e1vel e fi\u00e1vel para a gest\u00e3o de esterco:<\/p>    <ul class=\"wp-block-list\"> <li>Experi\u00eancia comprovada de fabrica\u00e7\u00e3o: com anos de experi\u00eancia na fabrica\u00e7\u00e3o de maquinaria de gado, os nossos produtos s\u00e3o exportados para v\u00e1rios pa\u00edses.<\/li>    <li>V\u00e1rias op\u00e7\u00f5es de modelos: oferecemos equipamentos em v\u00e1rias especifica\u00e7\u00f5es, como 3m\u00b3 e 5m\u00b3, para atender \u00e0s necessidades de diferentes explora\u00e7\u00f5es agr\u00edcolas.<\/li>    <li>Componentes principais de alta qualidade: equipado com correntes de raspador resistentes ao desgaste e um sistema de pot\u00eancia de alta qualidade para opera\u00e7\u00e3o est\u00e1vel.<\/li>    <li>Servi\u00e7os de personaliza\u00e7\u00e3o: apoiamos a personaliza\u00e7\u00e3o da largura de recolha de esterco, capacidade e tipo de chassis com base no tamanho da explora\u00e7\u00e3o.<\/li>    <li>Apoio p\u00f3s-venda abrangente: fornecemos orienta\u00e7\u00e3o t\u00e9cnica, suporte na instala\u00e7\u00e3o e servi\u00e7os de manuten\u00e7\u00e3o a longo prazo.<\/li> <\/ul>    <p class=\"translation-block\">Para al\u00e9m da recolha eficiente de esterco, os res\u00edduos processados podem ser utilizados adicionalmente com o nosso cami\u00e3o distribuidor de esterco para aplica\u00e7\u00e3o no campo. Para mais detalhes, por favor clique: <a href=\"https:\/\/www.agriculture-machine.com\/pt\/fertilizer-spreader-truck\/\"><strong><em>Cami\u00e3o distribuidor de fertilizante | M\u00e1quina de espalhamento de esterco para tratores<\/em><\/strong><\/a>. Sinta-se \u00e0 vontade para nos contactar se tiver alguma d\u00favida.<\/p>","protected":false},"excerpt":{"rendered":"<p>A m\u00e1quina de limpeza de esterco de vaca \u00e9 adequada para explora\u00e7\u00f5es leiteiras, explora\u00e7\u00f5es de gado de carne e grandes ranchos. Pode limpar uma carga completa de esterco em 3\u20138 minutos, reduzindo efetivamente os custos de m\u00e3o-de-obra e melhorando o ambiente agr\u00edcola.<\/p>","protected":false},"author":1,"featured_media":17618,"parent":0,"comment_status":"open","ping_status":"closed","template":"","tags":[2646],"product-type":[162,2],"class_list":["post-17544","product","type-product","status-publish","has-post-thumbnail","hentry","tag-manure","product-type-other-type","product-type-products"],"_links":{"self":[{"href":"https:\/\/www.agriculture-machine.com\/pt\/wp-json\/wp\/v2\/product\/17544","targetHints":{"allow":["GET"]}}],"collection":[{"href":"https:\/\/www.agriculture-machine.com\/pt\/wp-json\/wp\/v2\/product"}],"about":[{"href":"https:\/\/www.agriculture-machine.com\/pt\/wp-json\/wp\/v2\/types\/product"}],"author":[{"embeddable":true,"href":"https:\/\/www.agriculture-machine.com\/pt\/wp-json\/wp\/v2\/users\/1"}],"replies":[{"embeddable":true,"href":"https:\/\/www.agriculture-machine.com\/pt\/wp-json\/wp\/v2\/comments?post=17544"}],"wp:featuredmedia":[{"embeddable":true,"href":"https:\/\/www.agriculture-machine.com\/pt\/wp-json\/wp\/v2\/media\/17618"}],"wp:attachment":[{"href":"https:\/\/www.agriculture-machine.com\/pt\/wp-json\/wp\/v2\/media?parent=17544"}],"wp:term":[{"taxonomy":"post_tag","embeddable":true,"href":"https:\/\/www.agriculture-machine.com\/pt\/wp-json\/wp\/v2\/tags?post=17544"},{"taxonomy":"product-type","embeddable":true,"href":"https:\/\/www.agriculture-machine.com\/pt\/wp-json\/wp\/v2\/product-type?post=17544"}],"curies":[{"name":"wp","href":"https:\/\/api.w.org\/{rel}","templated":true}]}}