{"id":17559,"date":"2026-03-20T15:51:29","date_gmt":"2026-03-20T07:51:29","guid":{"rendered":"https:\/\/www.agriculture-machine.com\/?post_type=product&#038;p=17559"},"modified":"2026-03-20T15:52:07","modified_gmt":"2026-03-20T07:52:07","slug":"fertilizer-spreader-truck","status":"publish","type":"product","link":"https:\/\/www.agriculture-machine.com\/pt\/fertilizer-spreader-truck\/","title":{"rendered":"Cami\u00e3o de espalhamento de fertilizante | M\u00e1quina de espalhamento de esterco para tratores"},"content":{"rendered":"<p>O cami\u00e3o de espalhamento de fertilizante \u00e9 amplamente aplic\u00e1vel a v\u00e1rios tipos de fertilizantes, incluindo esterco seco e molhado, fertilizantes org\u00e2nicos, fertilizantes granulares e fertilizantes qu\u00edmicos. \u00c9 adequado para opera\u00e7\u00f5es de fertiliza\u00e7\u00e3o em grande escala em cooperativas agr\u00edcolas, grandes bases de planta\u00e7\u00e3o e explora\u00e7\u00f5es pecu\u00e1rias.<\/p>    <p>Este equipamento possui um engate de tr\u00eas pontos e acionamento por PTO, compat\u00edvel com tratores de 50 HP ou mais. Oferece v\u00e1rias op\u00e7\u00f5es de capacidade \u2014 3 m\u00b3, 6 m\u00b3, 8 m\u00b3, 10 m\u00b3 e 12 m\u00b3 \u2014 com alcance de espalhamento de 4 a 16 metros. <\/p>    <p>Tomando como exemplo o modelo de 6 m\u00b3, uma carga de fertilizante pode ser espalhada em 5\u201310 minutos. Pode cobrir uma \u00e1rea de aproximadamente 500 mu por dia, melhorando significativamente a efici\u00eancia da fertiliza\u00e7\u00e3o e reduzindo os custos de m\u00e3o-de-obra.<\/p>    <figure class=\"wp-block-embed aligncenter is-type-video is-provider-youtube wp-block-embed-youtube wp-embed-aspect-16-9 wp-has-aspect-ratio\"><div class=\"wp-block-embed__wrapper\"> <iframe loading=\"lazy\" title=\"\ud83d\ude9c Cami\u00e3o de espalhamento de esterco e fertilizante potente em a\u00e7\u00e3o | Aumente a efici\u00eancia da sua fazenda \ud83c\udf31\" width=\"500\" height=\"281\" src=\"https:\/\/www.youtube.com\/embed\/87AOeTAYJJ4?feature=oembed\" frameborder=\"0\" allow=\"accelerometer; autoplay; clipboard-write; encrypted-media; gyroscope; picture-in-picture; web-share\" referrerpolicy=\"strict-origin-when-cross-origin\" allowfullscreen><\/iframe> <\/div><figcaption class=\"wp-element-caption\">V\u00eddeos de opera\u00e7\u00e3o de campo dos v\u00e1rios tipos de cami\u00f5es de espalhamento de fertilizante<\/figcaption><\/figure>    <p>Toda a m\u00e1quina apresenta controlo hidr\u00e1ulico e \u00e9 constru\u00edda com uma estrutura moldada, n\u00e3o soldada, garantindo durabilidade e forte resist\u00eancia \u00e0 corros\u00e3o. <\/p>    <p>O mecanismo avan\u00e7ado de espalhamento de disco duplo e o sistema de alimenta\u00e7\u00e3o de fertilizante por corrente hidr\u00e1ulica garantem uma distribui\u00e7\u00e3o uniforme de v\u00e1rios fertilizantes granulares e secos, maximizando a utiliza\u00e7\u00e3o do fertilizante.<\/p>    <h2 class=\"wp-block-heading\">Aplica\u00e7\u00f5es do espalhador de fertilizante<\/h2>    <ul class=\"wp-block-list\"> <li>Aplica\u00e7\u00e3o de esterco na fazenda: ideal para espalhamento eficiente de esterco de gado, ovelhas e porcos.<\/li>    <li>Aplica\u00e7\u00e3o de fertilizante org\u00e2nico em locais de plantio: permite uma dispers\u00e3o r\u00e1pida e uniforme de fertilizante org\u00e2nico para melhorar a qualidade do solo.<\/li>    <li>Projetos de fertiliza\u00e7\u00e3o em grande escala para cooperativas agr\u00edcolas: atende \u00e0s necessidades de fertiliza\u00e7\u00e3o centralizada de grandes locais de planta\u00e7\u00e3o.<\/li> <\/ul>    <figure class=\"wp-block-gallery has-nested-images columns-default is-cropped wp-block-gallery-2 is-layout-flex wp-block-gallery-is-layout-flex\"> <figure class=\"wp-block-image size-large\"><img loading=\"lazy\" decoding=\"async\" width=\"720\" height=\"540\" data-id=\"17564\" src=\"https:\/\/www.agriculture-machine.com\/wp-content\/uploads\/2026\/03\/fertilizer-spreader-truck.webp\" alt=\"cami\u00e3o de espalhamento de fertilizante\" class=\"wp-image-17564\" srcset=\"https:\/\/www.agriculture-machine.com\/wp-content\/uploads\/2026\/03\/fertilizer-spreader-truck.webp 720w, https:\/\/www.agriculture-machine.com\/wp-content\/uploads\/2026\/03\/fertilizer-spreader-truck-360x270.webp 360w, https:\/\/www.agriculture-machine.com\/wp-content\/uploads\/2026\/03\/fertilizer-spreader-truck-240x180.webp 240w, https:\/\/www.agriculture-machine.com\/wp-content\/uploads\/2026\/03\/fertilizer-spreader-truck-16x12.webp 16w\" sizes=\"auto, (max-width: 720px) 100vw, 720px\" \/><figcaption class=\"wp-element-caption\">cami\u00e3o de espalhamento de fertilizante<\/figcaption><\/figure>    <figure class=\"wp-block-image size-large\"><img loading=\"lazy\" decoding=\"async\" width=\"720\" height=\"540\" data-id=\"17565\" src=\"https:\/\/www.agriculture-machine.com\/wp-content\/uploads\/2026\/03\/tractor-manure-spreader.webp\" alt=\"espalhador de esterco para trator\" class=\"wp-image-17565\" srcset=\"https:\/\/www.agriculture-machine.com\/wp-content\/uploads\/2026\/03\/tractor-manure-spreader.webp 720w, https:\/\/www.agriculture-machine.com\/wp-content\/uploads\/2026\/03\/tractor-manure-spreader-360x270.webp 360w, https:\/\/www.agriculture-machine.com\/wp-content\/uploads\/2026\/03\/tractor-manure-spreader-240x180.webp 240w, https:\/\/www.agriculture-machine.com\/wp-content\/uploads\/2026\/03\/tractor-manure-spreader-16x12.webp 16w\" sizes=\"auto, (max-width: 720px) 100vw, 720px\" \/><figcaption class=\"wp-element-caption\">espalhador de esterco para trator<\/figcaption><\/figure> <\/figure>    <h2 class=\"wp-block-heading\">Vantagens do espalhador de esterco<\/h2>    <ul class=\"wp-block-list\"> <li>Estrutura robusta e dur\u00e1vel: a estrutura de reboque \u00e9 feita de tubo quadrado de 20\u00d720 cm, garantindo uma estrutura est\u00e1vel e durabilidade excepcional.<\/li>    <li>Corrente de transporte de fertilizante de alta resist\u00eancia: a corrente \u00e9 feita de tubo quadrado de 4\u00d76 cm, com elos de corrente de grau de minera\u00e7\u00e3o que resistem \u00e0 deforma\u00e7\u00e3o mesmo ap\u00f3s uso prolongado.<\/li>    <li>Tanque de \u00f3leo hidr\u00e1ulico de grande capacidade: equipado com sistema de arrefecimento para garantir opera\u00e7\u00e3o est\u00e1vel do sistema hidr\u00e1ulico.<\/li>    <li>V\u00e1lvula de controlo de fluxo ajust\u00e1vel: apresenta 10 configura\u00e7\u00f5es; configura\u00e7\u00f5es mais altas resultam em velocidades de espalhamento mais r\u00e1pidas para atender a v\u00e1rias necessidades de fertiliza\u00e7\u00e3o.<\/li>    <li>Sistema de espalhamento de disco duplo: com di\u00e2metro de 68 cm, a dist\u00e2ncia de espalhamento pode ser ajustada livremente de 4 a 15 metros para alcan\u00e7ar uma distribui\u00e7\u00e3o uniforme.<\/li> <\/ul>    <figure class=\"wp-block-gallery has-nested-images columns-default is-cropped wp-block-gallery-3 is-layout-flex wp-block-gallery-is-layout-flex\"> <figure class=\"wp-block-image size-large\"><img loading=\"lazy\" decoding=\"async\" width=\"720\" height=\"540\" data-id=\"17566\" src=\"https:\/\/www.agriculture-machine.com\/wp-content\/uploads\/2026\/03\/disc-type-fertilizer-spreader.webp\" alt=\"espalhador de fertilizante de disco\" class=\"wp-image-17566\" srcset=\"https:\/\/www.agriculture-machine.com\/wp-content\/uploads\/2026\/03\/disc-type-fertilizer-spreader.webp 720w, https:\/\/www.agriculture-machine.com\/wp-content\/uploads\/2026\/03\/disc-type-fertilizer-spreader-360x270.webp 360w, https:\/\/www.agriculture-machine.com\/wp-content\/uploads\/2026\/03\/disc-type-fertilizer-spreader-240x180.webp 240w, https:\/\/www.agriculture-machine.com\/wp-content\/uploads\/2026\/03\/disc-type-fertilizer-spreader-16x12.webp 16w\" sizes=\"auto, (max-width: 720px) 100vw, 720px\" \/><figcaption class=\"wp-element-caption\">espalhador de fertilizante de disco<\/figcaption><\/figure>    <figure class=\"wp-block-image size-large\"><img loading=\"lazy\" decoding=\"async\" width=\"720\" height=\"540\" data-id=\"17567\" src=\"https:\/\/www.agriculture-machine.com\/wp-content\/uploads\/2026\/03\/vertical-spiral-manure-spreader.webp\" alt=\"espalhador de esterco de espiral vertical\" class=\"wp-image-17567\" srcset=\"https:\/\/www.agriculture-machine.com\/wp-content\/uploads\/2026\/03\/vertical-spiral-manure-spreader.webp 720w, https:\/\/www.agriculture-machine.com\/wp-content\/uploads\/2026\/03\/vertical-spiral-manure-spreader-360x270.webp 360w, https:\/\/www.agriculture-machine.com\/wp-content\/uploads\/2026\/03\/vertical-spiral-manure-spreader-240x180.webp 240w, https:\/\/www.agriculture-machine.com\/wp-content\/uploads\/2026\/03\/vertical-spiral-manure-spreader-16x12.webp 16w\" sizes=\"auto, (max-width: 720px) 100vw, 720px\" \/><figcaption class=\"wp-element-caption\">espalhador de esterco de espiral vertical<\/figcaption><\/figure> <\/figure>    <h2 class=\"wp-block-heading\">Como funciona o espalhador de fertilizante?<\/h2>    <p>O cami\u00e3o de espalhamento de fertilizante Taizy \u00e9 alimentado pelo eixo de PTO do trator, e uma corrente hidr\u00e1ulica alimenta uniformemente o fertilizante para o mecanismo de espalhamento de disco duplo traseiro.<\/p>    <p>O fertilizante \u00e9 disperso pelo campo atrav\u00e9s de discos duplos de alta velocidade, permitindo uma fertiliza\u00e7\u00e3o de ampla \u00e1rea e alta efici\u00eancia.<\/p>    <p>Os par\u00e2metros de opera\u00e7\u00e3o podem ser ajustados livremente de acordo com o tipo de fertilizante, \u00e1rea de aplica\u00e7\u00e3o e dist\u00e2ncia de espalhamento.<\/p>    <h2 class=\"wp-block-heading\">What&#8217;s the tractor manure spreader price?<\/h2>    <p>O pre\u00e7o de um cami\u00e3o de espalhamento de fertilizante varia dependendo da sua capacidade, configura\u00e7\u00e3o e se \u00e9 feito por encomenda. Por exemplo, um espalhador de 6m\u00b3 equipado com sistema de h\u00e9lice vertical custar\u00e1 mais do que a vers\u00e3o com sistema de disco duplo controlado hidr\u00e1ulicamente.<\/p>    <figure class=\"wp-block-gallery has-nested-images columns-default is-cropped wp-block-gallery-4 is-layout-flex wp-block-gallery-is-layout-flex\"> <figure class=\"wp-block-image size-large\"><img loading=\"lazy\" decoding=\"async\" width=\"720\" height=\"540\" data-id=\"17569\" src=\"https:\/\/www.agriculture-machine.com\/wp-content\/uploads\/2026\/03\/large-fertilizer-spreading-machine.webp\" alt=\"m\u00e1quina de espalhamento de fertilizante de grande capacidade\" class=\"wp-image-17569\" srcset=\"https:\/\/www.agriculture-machine.com\/wp-content\/uploads\/2026\/03\/large-fertilizer-spreading-machine.webp 720w, https:\/\/www.agriculture-machine.com\/wp-content\/uploads\/2026\/03\/large-fertilizer-spreading-machine-360x270.webp 360w, https:\/\/www.agriculture-machine.com\/wp-content\/uploads\/2026\/03\/large-fertilizer-spreading-machine-240x180.webp 240w, https:\/\/www.agriculture-machine.com\/wp-content\/uploads\/2026\/03\/large-fertilizer-spreading-machine-16x12.webp 16w\" sizes=\"auto, (max-width: 720px) 100vw, 720px\" \/><figcaption class=\"wp-element-caption\">m\u00e1quina de espalhamento de fertilizante de grande capacidade<\/figcaption><\/figure>    <figure class=\"wp-block-image size-large\"><img loading=\"lazy\" decoding=\"async\" width=\"720\" height=\"540\" data-id=\"17568\" src=\"https:\/\/www.agriculture-machine.com\/wp-content\/uploads\/2026\/03\/8m\u00b3-agricultural-manure-spreader.webp\" alt=\"Espalhador de esterco agr\u00edcola de 8m\u00b3\" class=\"wp-image-17568\" srcset=\"https:\/\/www.agriculture-machine.com\/wp-content\/uploads\/2026\/03\/8m\u00b3-agricultural-manure-spreader.webp 720w, https:\/\/www.agriculture-machine.com\/wp-content\/uploads\/2026\/03\/8m\u00b3-agricultural-manure-spreader-360x270.webp 360w, https:\/\/www.agriculture-machine.com\/wp-content\/uploads\/2026\/03\/8m\u00b3-agricultural-manure-spreader-240x180.webp 240w, https:\/\/www.agriculture-machine.com\/wp-content\/uploads\/2026\/03\/8m\u00b3-agricultural-manure-spreader-16x12.webp 16w\" sizes=\"auto, (max-width: 720px) 100vw, 720px\" \/><figcaption class=\"wp-element-caption\">Espalhador de esterco agr\u00edcola de 8m\u00b3<\/figcaption><\/figure> <\/figure>    <p>Oferecemos solu\u00e7\u00f5es personalizadas adaptadas ao seu or\u00e7amento e necessidades operacionais. Sinta-se \u00e0 vontade para nos contactar para as \u00faltimas cota\u00e7\u00f5es e op\u00e7\u00f5es de envio.<\/p>    <h2 class=\"wp-block-heading\">Como escolher um espalhador de fertilizante adequado?<\/h2>    <ul class=\"wp-block-list\"> <li>Determine o cen\u00e1rio de aplica\u00e7\u00e3o e o tipo de fertilizante: fertilizantes secos, molhados ou granulares t\u00eam requisitos diferentes para o mecanismo de espalhamento e m\u00e9todo de entrega do fertilizante.<\/li>    <li>Selecione a capacidade adequada: escolha um volume adequado com base na \u00e1rea de aplica\u00e7\u00e3o e na efici\u00eancia de fertiliza\u00e7\u00e3o.<\/li>    <li>Considere a largura de espalhamento e a efici\u00eancia: garanta uma aplica\u00e7\u00e3o r\u00e1pida e uniforme.<\/li>    <li>Compatibilidade de pot\u00eancia do trator: \u00e9 necess\u00e1rio um m\u00ednimo de 50 HP de pot\u00eancia de PTO; escolha uma pot\u00eancia superior conforme a capacidade.<\/li>    <li>Considere o sistema hidr\u00e1ulico e a facilidade de opera\u00e7\u00e3o: garanta desempenho est\u00e1vel a longo prazo.<\/li>    <li>Escolha um fornecedor confi\u00e1vel: que ofere\u00e7a suporte p\u00f3s-venda, pe\u00e7as sobressalentes e assist\u00eancia t\u00e9cnica remota.<\/li> <\/ul>    <figure class=\"wp-block-gallery has-nested-images columns-default is-cropped wp-block-gallery-5 is-layout-flex wp-block-gallery-is-layout-flex\"> <figure class=\"wp-block-image size-large\"><img loading=\"lazy\" decoding=\"async\" width=\"720\" height=\"540\" data-id=\"17570\" src=\"https:\/\/www.agriculture-machine.com\/wp-content\/uploads\/2026\/03\/fertilizer-spreader-trucks-factory.webp\" alt=\"f\u00e1brica de espalhadores de fertilizante\" class=\"wp-image-17570\" srcset=\"https:\/\/www.agriculture-machine.com\/wp-content\/uploads\/2026\/03\/fertilizer-spreader-trucks-factory.webp 720w, https:\/\/www.agriculture-machine.com\/wp-content\/uploads\/2026\/03\/fertilizer-spreader-trucks-factory-360x270.webp 360w, https:\/\/www.agriculture-machine.com\/wp-content\/uploads\/2026\/03\/fertilizer-spreader-trucks-factory-240x180.webp 240w, https:\/\/www.agriculture-machine.com\/wp-content\/uploads\/2026\/03\/fertilizer-spreader-trucks-factory-16x12.webp 16w\" sizes=\"auto, (max-width: 720px) 100vw, 720px\" \/><figcaption class=\"wp-element-caption\">f\u00e1brica de espalhadores de fertilizante<\/figcaption><\/figure>    <figure class=\"wp-block-image size-large\"><img loading=\"lazy\" decoding=\"async\" width=\"720\" height=\"540\" data-id=\"17571\" src=\"https:\/\/www.agriculture-machine.com\/wp-content\/uploads\/2026\/03\/tractor-driven-manure-spreader-machine.webp\" alt=\"M\u00e1quina de espalhamento de esterco acionada por trator\" class=\"wp-image-17571\" srcset=\"https:\/\/www.agriculture-machine.com\/wp-content\/uploads\/2026\/03\/tractor-driven-manure-spreader-machine.webp 720w, https:\/\/www.agriculture-machine.com\/wp-content\/uploads\/2026\/03\/tractor-driven-manure-spreader-machine-360x270.webp 360w, https:\/\/www.agriculture-machine.com\/wp-content\/uploads\/2026\/03\/tractor-driven-manure-spreader-machine-240x180.webp 240w, https:\/\/www.agriculture-machine.com\/wp-content\/uploads\/2026\/03\/tractor-driven-manure-spreader-machine-16x12.webp 16w\" sizes=\"auto, (max-width: 720px) 100vw, 720px\" \/><figcaption class=\"wp-element-caption\">M\u00e1quina de espalhamento de esterco acionada por trator<\/figcaption><\/figure> <\/figure>    <h2 class=\"wp-block-heading\">Especifica\u00e7\u00f5es do espalhador de esterco para gado<\/h2>    <figure class=\"wp-block-table is-style-stripes\"><table class=\"has-fixed-layout\"><tbody><tr><td><strong>Item<\/strong><\/td><td><strong>2FGH-3<\/strong><\/td><td><strong>2FGH-6<\/strong><\/td><td><strong>2FGH-8<\/strong><\/td><\/tr><tr><td>Volume do silo<\/td><td>3m\u00b3<\/td><td>6m\u00b3<\/td><td>8m\u00b3<\/td><\/tr><tr><td>Tamanho total<\/td><td>4850*1800*2050mm<\/td><td>5750*2050*2430mm<\/td><td>6350*2200*2430mm<\/td><\/tr><tr><td>Forma estrutural<\/td><td>Tipo de caixa<\/td><td>Tipo de caixa<\/td><td>Tipo de caixa<\/td><\/tr><tr><td>Modo de trabalho<\/td><td>Lan\u00e7amento traseiro<\/td><td>Lan\u00e7amento traseiro<\/td><td>Lan\u00e7amento traseiro<\/td><\/tr><tr><td>Fertilizante org\u00e2nico <br>M\u00e9todo de entrega<\/td><td>Empurrador de corrente hidr\u00e1ulico<\/td><td>Empurrador de corrente hidr\u00e1ulico<\/td><td>Empurrador de corrente hidr\u00e1ulico<\/td><\/tr><tr><td>Tipo de dispositivo de espalhamento<\/td><td>Disco duplo traseiro<\/td><td>Disco duplo traseiro<\/td><td>Disco duplo traseiro<\/td><\/tr><tr><td>Largura de espalhamento<\/td><td>\u22655m<\/td><td>\u22655m<\/td><td>\u22655m<\/td><\/tr><tr><td>Quantidade de discos<\/td><td>2 pe\u00e7as<\/td><td>2 pe\u00e7as<\/td><td>2 pe\u00e7as<\/td><\/tr><tr><td>Pneu<\/td><td>2 pe\u00e7as<\/td><td>2 pe\u00e7as<\/td><td>2 pe\u00e7as<\/td><\/tr><tr><td>N\u00famero de pneus<\/td><td>20.5\/70-16<\/td><td>298\/60R22.5<\/td><td>295\/60R22.5<\/td><\/tr><tr><td>Pot\u00eancia compat\u00edvel<\/td><td>\u226550HP<\/td><td>\u226560.3kw<\/td><td>\u226570kw<\/td><\/tr><tr><td>Capacidade m\u00e1xima de carga<\/td><td>2400kg<\/td><td>4800kg<\/td><td>6000kg<\/td><\/tr><tr><td>Efici\u00eancia de trabalho<\/td><td>5-10min\/caminh\u00e3o<\/td><td>5-10min\/caminh\u00e3o<\/td><td>5-10min\/caminh\u00e3o<\/td><\/tr><\/tbody><\/table><figcaption class=\"wp-element-caption\">Par\u00e2metros t\u00e9cnicos dos cami\u00f5es de espalhamento de fertilizante<\/figcaption><\/figure>    <p class=\"translation-block\">Tamb\u00e9m oferecemos uma variedade de outras m\u00e1quinas agr\u00edcolas, como <strong><em><a href=\"https:\/\/www.agriculture-machine.com\/pt\/cow-dung-cleaning-machine\/\">limpador e coletor de esterco de gado<\/a><\/em><\/strong>, para ajudar a melhorar a efici\u00eancia geral da gest\u00e3o agr\u00edcola. Sinta-se \u00e0 vontade para nos contactar para uma cota\u00e7\u00e3o gratuita, v\u00eddeos de equipamentos e aconselhamento t\u00e9cnico especializado.<\/p>","protected":false},"excerpt":{"rendered":"<p>Cami\u00e3o de espalhamento de fertilizante acionado por PTO Taizy que manuseia eficientemente esterco seco\/molhado, fertilizantes org\u00e2nicos\/granulares.<\/p>","protected":false},"author":1,"featured_media":17573,"parent":0,"comment_status":"open","ping_status":"closed","template":"","tags":[2646],"product-type":[162,2],"class_list":["post-17559","product","type-product","status-publish","has-post-thumbnail","hentry","tag-manure","product-type-other-type","product-type-products"],"_links":{"self":[{"href":"https:\/\/www.agriculture-machine.com\/pt\/wp-json\/wp\/v2\/product\/17559","targetHints":{"allow":["GET"]}}],"collection":[{"href":"https:\/\/www.agriculture-machine.com\/pt\/wp-json\/wp\/v2\/product"}],"about":[{"href":"https:\/\/www.agriculture-machine.com\/pt\/wp-json\/wp\/v2\/types\/product"}],"author":[{"embeddable":true,"href":"https:\/\/www.agriculture-machine.com\/pt\/wp-json\/wp\/v2\/users\/1"}],"replies":[{"embeddable":true,"href":"https:\/\/www.agriculture-machine.com\/pt\/wp-json\/wp\/v2\/comments?post=17559"}],"wp:featuredmedia":[{"embeddable":true,"href":"https:\/\/www.agriculture-machine.com\/pt\/wp-json\/wp\/v2\/media\/17573"}],"wp:attachment":[{"href":"https:\/\/www.agriculture-machine.com\/pt\/wp-json\/wp\/v2\/media?parent=17559"}],"wp:term":[{"taxonomy":"post_tag","embeddable":true,"href":"https:\/\/www.agriculture-machine.com\/pt\/wp-json\/wp\/v2\/tags?post=17559"},{"taxonomy":"product-type","embeddable":true,"href":"https:\/\/www.agriculture-machine.com\/pt\/wp-json\/wp\/v2\/product-type?post=17559"}],"curies":[{"name":"wp","href":"https:\/\/api.w.org\/{rel}","templated":true}]}}