{"id":17605,"date":"2026-04-02T15:32:46","date_gmt":"2026-04-02T07:32:46","guid":{"rendered":"https:\/\/www.agriculture-machine.com\/?post_type=product&#038;p=17605"},"modified":"2026-04-02T15:32:48","modified_gmt":"2026-04-02T07:32:48","slug":"forage-harvester","status":"publish","type":"product","link":"https:\/\/www.agriculture-machine.com\/pt\/forage-harvester\/","title":{"rendered":"Colheitadeira de Forragem para Silagem: Solu\u00e7\u00f5es com Rodas, Esteiras e Montadas"},"content":{"rendered":"<p>A colheitadeira de forragem \u00e9 uma m\u00e1quina agr\u00edcola e pecu\u00e1ria moderna que integra corte, picagem, transporte e descarga numa \u00fanica unidade. \u00c9 amplamente utilizada na colheita e processamento de culturas de silagem como talos de milho, relva forrageira e sorgo. Permite opera\u00e7\u00e3o cont\u00ednua e colheita e carregamento simult\u00e2neos, reduzindo significativamente a necessidade de trabalho manual e melhorando a efici\u00eancia operacional.<\/p>    <p>Dependendo do modelo e configura\u00e7\u00e3o, o equipamento pode atingir uma efici\u00eancia operacional de 0,3\u20131,0 hectares por hora, com comprimentos de corte ajust\u00e1veis (tipicamente 5\u201320 mm). Isto garante que a silagem seja mais f\u00e1cil de compactar e fermentar, melhorando assim a qualidade e utiliza\u00e7\u00e3o do alimento.<\/p>    <figure class=\"wp-block-embed aligncenter is-type-video is-provider-youtube wp-block-embed-youtube wp-embed-aspect-16-9 wp-has-aspect-ratio\"><div class=\"wp-block-embed__wrapper\"> <iframe loading=\"lazy\" title=\"Colheitadeira de silagem com esteiras | Desempenho potente para uma colheita eficiente de forragem#silagem\" width=\"500\" height=\"281\" src=\"https:\/\/www.youtube.com\/embed\/uG3zA_K-sQ0?feature=oembed\" frameborder=\"0\" allow=\"accelerometer; autoplay; clipboard-write; encrypted-media; gyroscope; picture-in-picture; web-share\" referrerpolicy=\"strict-origin-when-cross-origin\" allowfullscreen><\/iframe> <\/div><figcaption class=\"wp-element-caption\">V\u00eddeo de opera\u00e7\u00e3o da m\u00e1quina de colheita de forragem autopropelida<\/figcaption><\/figure>    <p>Esta s\u00e9rie oferece uma variedade de cabe\u00e7alhos de silagem, incluindo modelos com rodas, com esteiras e de mochila, permitindo uma sele\u00e7\u00e3o flex\u00edvel com base nas condi\u00e7\u00f5es do terreno e na escala de opera\u00e7\u00e3o. Adequados para pastagens, explora\u00e7\u00f5es pecu\u00e1rias e cooperativas agr\u00edcolas, estes equipamentos ajudam a alcan\u00e7ar uma produ\u00e7\u00e3o mecanizada e em grande escala de silagem.<\/p>    <h2 class=\"wp-block-heading\">Aplica\u00e7\u00f5es da m\u00e1quina de colheita de forragem<\/h2>    <p>As colheitadeiras de silagem s\u00e3o principalmente usadas para a colheita e processamento de v\u00e1rias culturas forrageiras e t\u00eam uma vasta gama de aplica\u00e7\u00f5es:<\/p>    <ul class=\"wp-block-list\"> <li>Colheita e corte de toda a planta de silagem de milho.<\/li>    <li>Processamento de culturas forrageiras como alfafa e azev\u00e9m.<\/li>    <li>Utiliza\u00e7\u00e3o de culturas de palha como sorgo e cana-de-a\u00e7\u00facar.<\/li>    <li>Processamento e armazenamento di\u00e1rio de ra\u00e7\u00e3o em explora\u00e7\u00f5es pecu\u00e1rias.<\/li>    <li>Opera\u00e7\u00f5es centralizadas em cooperativas agr\u00edcolas e explora\u00e7\u00f5es de grande escala.<\/li> <\/ul>    <figure class=\"wp-block-gallery has-nested-images columns-default is-cropped wp-block-gallery-2 is-layout-flex wp-block-gallery-is-layout-flex\"> <figure class=\"wp-block-image size-large\"><img loading=\"lazy\" decoding=\"async\" width=\"720\" height=\"540\" data-id=\"17612\" src=\"https:\/\/www.agriculture-machine.com\/wp-content\/uploads\/2026\/04\/wheeled-forage-harvester.webp\" alt=\"Colheitadeira de forragem com rodas\" class=\"wp-image-17612\" srcset=\"https:\/\/www.agriculture-machine.com\/wp-content\/uploads\/2026\/04\/wheeled-forage-harvester.webp 720w, https:\/\/www.agriculture-machine.com\/wp-content\/uploads\/2026\/04\/wheeled-forage-harvester-360x270.webp 360w, https:\/\/www.agriculture-machine.com\/wp-content\/uploads\/2026\/04\/wheeled-forage-harvester-240x180.webp 240w, https:\/\/www.agriculture-machine.com\/wp-content\/uploads\/2026\/04\/wheeled-forage-harvester-16x12.webp 16w\" sizes=\"auto, (max-width: 720px) 100vw, 720px\" \/><figcaption class=\"wp-element-caption\">Colheitadeira de forragem com rodas<\/figcaption><\/figure>    <figure class=\"wp-block-image size-large\"><img loading=\"lazy\" decoding=\"async\" width=\"720\" height=\"540\" data-id=\"17611\" src=\"https:\/\/www.agriculture-machine.com\/wp-content\/uploads\/2026\/04\/self\u2011propelled-silage-harvester.webp\" alt=\"Silagem autopropelida\" class=\"wp-image-17611\" srcset=\"https:\/\/www.agriculture-machine.com\/wp-content\/uploads\/2026\/04\/self\u2011propelled-silage-harvester.webp 720w, https:\/\/www.agriculture-machine.com\/wp-content\/uploads\/2026\/04\/self\u2011propelled-silage-harvester-360x270.webp 360w, https:\/\/www.agriculture-machine.com\/wp-content\/uploads\/2026\/04\/self\u2011propelled-silage-harvester-240x180.webp 240w, https:\/\/www.agriculture-machine.com\/wp-content\/uploads\/2026\/04\/self\u2011propelled-silage-harvester-16x12.webp 16w\" sizes=\"auto, (max-width: 720px) 100vw, 720px\" \/><figcaption class=\"wp-element-caption\">Silagem autopropelida<\/figcaption><\/figure> <\/figure>    <h2 class=\"wp-block-heading\">Vantagens estruturais da m\u00e1quina de silagem<\/h2>    <p>Em termos de design estrutural, a colheitadeira de forragem d\u00e1 maior \u00eanfase \u00e0 durabilidade e estabilidade operacional:<\/p>    <ul class=\"wp-block-list\"> <li>Sistema de corte de alta efici\u00eancia: equipado com l\u00e2minas de liga resistentes ao desgaste para corte uniforme, melhorando a qualidade da silagem.<\/li>    <li>Sistema de eje\u00e7\u00e3o potente: longa dist\u00e2ncia de eje\u00e7\u00e3o permite carregamento direto em cami\u00f5es, reduzindo etapas interm\u00e9dias.<\/li>    <li>Sistema de controlo hidr\u00e1ulico: opera\u00e7\u00e3o flex\u00edvel que se adapta a diferentes alturas e densidades de cultura.<\/li>    <li>Design compacto do chassi: manobrabilidade \u00e1gil e excelente mobilidade tornam-no adequado para diversos terrenos.<\/li>    <li>Componentes-chave refor\u00e7ados: prolonga a vida \u00fatil e reduz os custos de manuten\u00e7\u00e3o.<\/li> <\/ul>    <h2 class=\"wp-block-heading\">Como funciona a m\u00e1quina de colheita de forragem?<\/h2>    <p>A colheitadeira de silagem usa o seu sistema de transmiss\u00e3o para conduzir o cabe\u00e7alho montado na frente, que corta a cultura e alimenta na unidade de picagem, onde \u00e9 triturada por l\u00e2minas de alta velocidade.<\/p>    <p>The material is then carried by an airflow generated by the fan into the discharge chute and directly discharged into the transport vehicle, achieving an integrated &#8220;harvesting\u2013chopping\u2013loading&#8221; workflow.<\/p>    <figure class=\"wp-block-embed aligncenter is-type-video is-provider-youtube wp-block-embed-youtube wp-embed-aspect-16-9 wp-has-aspect-ratio\"><div class=\"wp-block-embed__wrapper\"> <iframe loading=\"lazy\" title=\"M\u00e1quina de colheita de silagem em funcionamento no campo | Colheita eficiente de forragem \ud83c\udf3d\ud83d\ude9c#silagem\" width=\"500\" height=\"281\" src=\"https:\/\/www.youtube.com\/embed\/Nyi1S7FPDEs?feature=oembed\" frameborder=\"0\" allow=\"accelerometer; autoplay; clipboard-write; encrypted-media; gyroscope; picture-in-picture; web-share\" referrerpolicy=\"strict-origin-when-cross-origin\" allowfullscreen><\/iframe> <\/div><figcaption class=\"wp-element-caption\">V\u00eddeo de uma m\u00e1quina de colheita de silagem em a\u00e7\u00e3o no campo<\/figcaption><\/figure>    <h2 class=\"wp-block-heading\">Introdu\u00e7\u00e3o aos tr\u00eas tipos de colheitadeiras de silagem<\/h2>    <h3 class=\"wp-block-heading\">Silagem com rodas<\/h3>    <p>Modelos com rodas s\u00e3o adequados para opera\u00e7\u00e3o em terrenos planos e de grande escala.<\/p>    <p>Apresentam velocidades de deslocamento r\u00e1pidas, alta efici\u00eancia operacional e f\u00e1cil reloca\u00e7\u00e3o, tornando-os ideais para opera\u00e7\u00f5es agr\u00edcolas em grande escala.<\/p>    <h3 class=\"wp-block-heading\">Silagem com esteiras<\/h3>    <p>Modelos com esteiras s\u00e3o principalmente projetados para terrenos lamacentos, h\u00famidos ou complexos.<\/p>    <p>Oferecem excelente trac\u00e7\u00e3o e estabilidade, s\u00e3o menos propensas a escorregar e s\u00e3o particularmente adequadas para campos de arroz na regi\u00e3o sul ou condi\u00e7\u00f5es de opera\u00e7\u00e3o na \u00e9poca das chuvas.<\/p>    <h3 class=\"wp-block-heading\">Cortador de silagem montado<\/h3>    <p>Cortadores montados requerem uso com um trator e envolvem custos de investimento globais mais baixos.<\/p>    <p>Oferecem alta flexibilidade e s\u00e3o adequadas para pequenos e m\u00e9dios agricultores ou opera\u00e7\u00f5es em parcelas dispersas, sendo uma escolha econ\u00f3mica e pr\u00e1tica.<\/p>    <figure class=\"wp-block-gallery has-nested-images columns-default is-cropped wp-block-gallery-3 is-layout-flex wp-block-gallery-is-layout-flex\"> <figure class=\"wp-block-image size-large\"><img loading=\"lazy\" decoding=\"async\" width=\"720\" height=\"540\" data-id=\"17614\" src=\"https:\/\/www.agriculture-machine.com\/wp-content\/uploads\/2026\/04\/silage-straw-cutting-harvester.webp\" alt=\"Colheitadeira de corte de palha de silagem\" class=\"wp-image-17614\" srcset=\"https:\/\/www.agriculture-machine.com\/wp-content\/uploads\/2026\/04\/silage-straw-cutting-harvester.webp 720w, https:\/\/www.agriculture-machine.com\/wp-content\/uploads\/2026\/04\/silage-straw-cutting-harvester-360x270.webp 360w, https:\/\/www.agriculture-machine.com\/wp-content\/uploads\/2026\/04\/silage-straw-cutting-harvester-240x180.webp 240w, https:\/\/www.agriculture-machine.com\/wp-content\/uploads\/2026\/04\/silage-straw-cutting-harvester-16x12.webp 16w\" sizes=\"auto, (max-width: 720px) 100vw, 720px\" \/><figcaption class=\"wp-element-caption\">Colheitadeira de corte de palha de silagem<\/figcaption><\/figure>    <figure class=\"wp-block-image size-large\"><img loading=\"lazy\" decoding=\"async\" width=\"720\" height=\"540\" data-id=\"17613\" src=\"https:\/\/www.agriculture-machine.com\/wp-content\/uploads\/2026\/04\/crawler-silage-harvesting-machine.webp\" alt=\"m\u00e1quina de colheita de silagem com esteiras\" class=\"wp-image-17613\" srcset=\"https:\/\/www.agriculture-machine.com\/wp-content\/uploads\/2026\/04\/crawler-silage-harvesting-machine.webp 720w, https:\/\/www.agriculture-machine.com\/wp-content\/uploads\/2026\/04\/crawler-silage-harvesting-machine-360x270.webp 360w, https:\/\/www.agriculture-machine.com\/wp-content\/uploads\/2026\/04\/crawler-silage-harvesting-machine-240x180.webp 240w, https:\/\/www.agriculture-machine.com\/wp-content\/uploads\/2026\/04\/crawler-silage-harvesting-machine-16x12.webp 16w\" sizes=\"auto, (max-width: 720px) 100vw, 720px\" \/><figcaption class=\"wp-element-caption\">m\u00e1quina de colheita de silagem com esteiras<\/figcaption><\/figure> <\/figure>    <h2 class=\"wp-block-heading\">What&#8217;s the price of a green feed harvester?<\/h2>    <p>O pre\u00e7o das colheitadeiras de forragem \u00e9 principalmente influenciado pelo tipo de equipamento, especifica\u00e7\u00f5es de pot\u00eancia e diferen\u00e7as funcionais:<\/p>    <ul class=\"wp-block-list\"> <li>Estilo mochila: menor investimento inicial, adequado para utilizadores com or\u00e7amentos limitados.<\/li>    <li>Com rodas\/esteiras: pre\u00e7o relativamente mais elevado, mas com maior efici\u00eancia e maior grau de automa\u00e7\u00e3o.<\/li> <\/ul>    <p>Oferecemos configura\u00e7\u00f5es personalizadas com base nas necessidades do cliente. Sinta-se \u00e0 vontade para nos contactar para or\u00e7amentos detalhados e recomenda\u00e7\u00f5es.<\/p>    <h2 class=\"wp-block-heading\">Como escolher a colheitadeira de silagem adequada?<\/h2>    <p>Ao adquirir uma colheitadeira de silagem, recomendamos focar nos seguintes fatores:<\/p>    <ul class=\"wp-block-list\"> <li>Condi\u00e7\u00f5es do terreno: modelos com rodas s\u00e3o prefer\u00edveis para terrenos planos, enquanto modelos com esteiras s\u00e3o recomendados para terrenos complexos.<\/li>    <li>Escala operacional: quanto maior a \u00e1rea, mais eficiente deve ser o modelo.<\/li>    <li>Correspond\u00eancia de pot\u00eancia: confirme que a pot\u00eancia do trator ou sistema autopropelido \u00e9 compat\u00edvel.<\/li>    <li>Desempenho de picagem: afeta diretamente a qualidade da silagem e a sua utiliza\u00e7\u00e3o subsequente.<\/li>    <li>Servi\u00e7o p\u00f3s-venda: garantir opera\u00e7\u00e3o est\u00e1vel e duradoura do equipamento.<\/li> <\/ul>    <figure class=\"wp-block-gallery has-nested-images columns-default is-cropped wp-block-gallery-4 is-layout-flex wp-block-gallery-is-layout-flex\"> <figure class=\"wp-block-image size-large\"><img loading=\"lazy\" decoding=\"async\" width=\"720\" height=\"540\" data-id=\"17615\" src=\"https:\/\/www.agriculture-machine.com\/wp-content\/uploads\/2026\/04\/corn-forage-harvester-machine.webp\" alt=\"M\u00e1quina de colheitadeira de milho para forragem\" class=\"wp-image-17615\" srcset=\"https:\/\/www.agriculture-machine.com\/wp-content\/uploads\/2026\/04\/corn-forage-harvester-machine.webp 720w, https:\/\/www.agriculture-machine.com\/wp-content\/uploads\/2026\/04\/corn-forage-harvester-machine-360x270.webp 360w, https:\/\/www.agriculture-machine.com\/wp-content\/uploads\/2026\/04\/corn-forage-harvester-machine-240x180.webp 240w, https:\/\/www.agriculture-machine.com\/wp-content\/uploads\/2026\/04\/corn-forage-harvester-machine-16x12.webp 16w\" sizes=\"auto, (max-width: 720px) 100vw, 720px\" \/><figcaption class=\"wp-element-caption\">M\u00e1quina de colheitadeira de milho para forragem<\/figcaption><\/figure>    <figure class=\"wp-block-image size-large\"><img loading=\"lazy\" decoding=\"async\" width=\"720\" height=\"540\" data-id=\"17616\" src=\"https:\/\/www.agriculture-machine.com\/wp-content\/uploads\/2026\/04\/forage-crop-harvesting-machine.webp\" alt=\"m\u00e1quina de colheita de culturas forrageiras\" class=\"wp-image-17616\" srcset=\"https:\/\/www.agriculture-machine.com\/wp-content\/uploads\/2026\/04\/forage-crop-harvesting-machine.webp 720w, https:\/\/www.agriculture-machine.com\/wp-content\/uploads\/2026\/04\/forage-crop-harvesting-machine-360x270.webp 360w, https:\/\/www.agriculture-machine.com\/wp-content\/uploads\/2026\/04\/forage-crop-harvesting-machine-240x180.webp 240w, https:\/\/www.agriculture-machine.com\/wp-content\/uploads\/2026\/04\/forage-crop-harvesting-machine-16x12.webp 16w\" sizes=\"auto, (max-width: 720px) 100vw, 720px\" \/><figcaption class=\"wp-element-caption\">m\u00e1quina de colheita de culturas forrageiras<\/figcaption><\/figure> <\/figure>    <h2 class=\"wp-block-heading\">Par\u00e2metros t\u00e9cnicos da colheitadeira de silagem verde<\/h2>    <figure class=\"wp-block-table is-style-stripes\"><table class=\"has-fixed-layout\"><tbody><tr><td><strong>Item<\/strong><\/td><td><strong>Tipo com rodas<\/strong><\/td><td><strong>Tipo com esteiras<\/strong><\/td><td><strong>Tipo montado<\/strong><\/td><\/tr><tr><td>Pot\u00eancia<\/td><td>50\u2013100 HP<\/td><td>60\u2013120 HP<\/td><td>Trator \u226550 HP<\/td><\/tr><tr><td>Capacidade<\/td><td>0,5\u20131,0 ha\/h<\/td><td>0,3\u20130,8 ha\/h<\/td><td>0,3\u20130,6 ha\/h<\/td><\/tr><tr><td>Comprimento de corte<\/td><td>5\u201320 mm<\/td><td>5\u201320 mm<\/td><td>5\u201320 mm<\/td><\/tr><tr><td>Largura de trabalho<\/td><td>1,3\u20132,2 m<\/td><td>1,3\u20132,0 m<\/td><td>1,0\u20131,8 m<\/td><\/tr><tr><td>Tipo de descarga<\/td><td>Lan\u00e7amento hidr\u00e1ulico<\/td><td>Lan\u00e7amento hidr\u00e1ulico<\/td><td>Movido por PTO<\/td><\/tr><tr><td>Aplica\u00e7\u00e3o<\/td><td>Terreno plano<\/td><td>Terreno h\u00famido\/\u00e1spero<\/td><td>Pequenas explora\u00e7\u00f5es<\/td><\/tr><\/tbody><\/table><figcaption class=\"wp-element-caption\">Par\u00e2metros t\u00e9cnicos das m\u00e1quinas de colheita de silagem<\/figcaption><\/figure>    <p class=\"translation-block\">Quando usado em conjunto com equipamentos como cortadores de palha, <strong><em><a href=\"https:\/\/www.agriculture-machine.com\/pt\/silage-machine\/sliage-baler\/\">m\u00e1quinas de embrulhar fardos de silagem<\/a><\/em><\/strong>, esta colheitadeira de forragem pode formar um sistema completo que cobre tudo, desde a colheita at\u00e9 ao armazenamento e utiliza\u00e7\u00e3o, melhorando significativamente a efici\u00eancia na cria\u00e7\u00e3o de gado.<\/p>    <p>Se procura uma solu\u00e7\u00e3o de silagem de alta efici\u00eancia e fi\u00e1vel, n\u00e3o hesite em contactar-nos a qualquer momento para v\u00eddeos de equipamentos, or\u00e7amentos e recomenda\u00e7\u00f5es personalizadas!<\/p>","protected":false},"excerpt":{"rendered":"<p>A colheitadeira de silagem integra corte, picagem e sopro para alcan\u00e7ar uma colheita eficiente de silagem. Com m\u00faltiplos tipos dispon\u00edveis, adapta-se a diferentes terrenos e ajuda a melhorar a produtividade, ao mesmo tempo que reduz o trabalho.<\/p>","protected":false},"author":1,"featured_media":17610,"parent":0,"comment_status":"open","ping_status":"closed","template":"","tags":[772,591],"product-type":[162,2],"class_list":["post-17605","product","type-product","status-publish","has-post-thumbnail","hentry","tag-forage","tag-silage","product-type-other-type","product-type-products"],"_links":{"self":[{"href":"https:\/\/www.agriculture-machine.com\/pt\/wp-json\/wp\/v2\/product\/17605","targetHints":{"allow":["GET"]}}],"collection":[{"href":"https:\/\/www.agriculture-machine.com\/pt\/wp-json\/wp\/v2\/product"}],"about":[{"href":"https:\/\/www.agriculture-machine.com\/pt\/wp-json\/wp\/v2\/types\/product"}],"author":[{"embeddable":true,"href":"https:\/\/www.agriculture-machine.com\/pt\/wp-json\/wp\/v2\/users\/1"}],"replies":[{"embeddable":true,"href":"https:\/\/www.agriculture-machine.com\/pt\/wp-json\/wp\/v2\/comments?post=17605"}],"wp:featuredmedia":[{"embeddable":true,"href":"https:\/\/www.agriculture-machine.com\/pt\/wp-json\/wp\/v2\/media\/17610"}],"wp:attachment":[{"href":"https:\/\/www.agriculture-machine.com\/pt\/wp-json\/wp\/v2\/media?parent=17605"}],"wp:term":[{"taxonomy":"post_tag","embeddable":true,"href":"https:\/\/www.agriculture-machine.com\/pt\/wp-json\/wp\/v2\/tags?post=17605"},{"taxonomy":"product-type","embeddable":true,"href":"https:\/\/www.agriculture-machine.com\/pt\/wp-json\/wp\/v2\/product-type?post=17605"}],"curies":[{"name":"wp","href":"https:\/\/api.w.org\/{rel}","templated":true}]}}