{"id":17620,"date":"2026-04-08T15:42:05","date_gmt":"2026-04-08T07:42:05","guid":{"rendered":"https:\/\/www.agriculture-machine.com\/?post_type=product&#038;p=17620"},"modified":"2026-04-08T15:43:54","modified_gmt":"2026-04-08T07:43:54","slug":"tmr-silage-mixer-and-spreader","status":"publish","type":"product","link":"https:\/\/www.agriculture-machine.com\/pt\/tmr-silage-mixer-and-spreader\/","title":{"rendered":"Misturador e espalhador de silagem TMR a diesel de 5m\u00b3"},"content":{"rendered":"<p>O misturador e espalhador de silagem a diesel de 5m\u00b3 \u00e9 adequado para explora\u00e7\u00f5es m\u00e9dias a grandes de leite e gado bovino, integrando moagem de ra\u00e7\u00e3o, mistura uniforme e espalhamento autom\u00e1tico numa \u00fanica unidade. Alimentado por um motor a diesel de 35 cavalos, est\u00e1 dispon\u00edvel em configura\u00e7\u00f5es verticais e horizontais. Com uma capacidade total de 5m\u00b3, pode satisfazer as necessidades de alimenta\u00e7\u00e3o de centenas de animais numa \u00fanica opera\u00e7\u00e3o.<\/p>    <p>Todo o processo \u2014 desde o carregamento at\u00e9 \u00e0 mistura e \u00e0 dispensa\u00e7\u00e3o \u2014 \u00e9 totalmente automatizado. Equipado com um funil de carga hidr\u00e1ulico, um sistema de descarga por correia e um sistema de pesagem preciso, garante efetivamente a uniformidade da alimenta\u00e7\u00e3o e a precis\u00e3o na alimenta\u00e7\u00e3o. Em compara\u00e7\u00e3o com m\u00e9todos tradicionais manuais, reduz os custos de m\u00e3o-de-obra em mais de 50%, melhorando significativamente a efici\u00eancia da alimenta\u00e7\u00e3o e os padr\u00f5es de gest\u00e3o da explora\u00e7\u00e3o.<\/p>    <figure class=\"wp-block-embed aligncenter is-type-video is-provider-youtube wp-block-embed-youtube wp-embed-aspect-16-9 wp-has-aspect-ratio\"><div class=\"wp-block-embed__wrapper\"> <iframe loading=\"lazy\" title=\"5m\u00b3 Diesel Silage Mixer &amp; Feed Spreader Truck | Powerful &amp; Efficient Feeding Solution#silage\" width=\"500\" height=\"281\" src=\"https:\/\/www.youtube.com\/embed\/-03Ujdk6nXE?feature=oembed\" frameborder=\"0\" allow=\"accelerometer; autoplay; clipboard-write; encrypted-media; gyroscope; picture-in-picture; web-share\" referrerpolicy=\"strict-origin-when-cross-origin\" allowfullscreen><\/iframe> <\/div><figcaption class=\"wp-element-caption\">Opera\u00e7\u00e3o e local de trabalho da m\u00e1quina misturadora e espalhadora de silagem TMR.<\/figcaption><\/figure>    <h2 class=\"wp-block-heading\">Aplica\u00e7\u00f5es do carro misturador de silagem TMR<\/h2>    <ul class=\"wp-block-list\"> <li>Granjas de grande escala, incluindo explora\u00e7\u00f5es leiteiras, de gado bovino e de ovelhas.<\/li>    <li>Alimenta\u00e7\u00e3o mista de v\u00e1rios tipos de ra\u00e7\u00e3o, como silagem, feno e concentrados.<\/li>    <li>Adequado para alimenta\u00e7\u00e3o di\u00e1ria e gest\u00e3o de precis\u00e3o em explora\u00e7\u00f5es de m\u00e9dio a grande porte.<\/li>    <li>Pode ser usado para prepara\u00e7\u00e3o e distribui\u00e7\u00e3o uniforme de TMR (Ra\u00e7\u00f5es Totalmente Misturadas).<\/li> <\/ul>    <h2 class=\"wp-block-heading\">Vantagens do misturador e espalhador de silagem TMR<\/h2>    <ul class=\"wp-block-list\"> <li>Opera\u00e7\u00e3o tudo-em-um: combina alimenta\u00e7\u00e3o, mistura, transporte e distribui\u00e7\u00e3o numa \u00fanica unidade, reduzindo custos de equipamento.<\/li>    <li>Alta efici\u00eancia e poupan\u00e7a de energia: com um design de capacidade de 5m\u00b3, pode satisfazer as necessidades de alimenta\u00e7\u00e3o de centenas de vacas numa \u00fanica opera\u00e7\u00e3o.<\/li>    <li>Alimenta\u00e7\u00e3o precisa: equipado com um sistema de pesagem para garantir propor\u00e7\u00f5es de ra\u00e7\u00e3o cientificamente precisas e minimizar desperd\u00edcios.<\/li>    <li>Design flex\u00edvel: dispon\u00edvel em configura\u00e7\u00f5es verticais (para mistura mais uniforme) e horizontais (para descarga mais r\u00e1pida).<\/li>    <li>Opera\u00e7\u00e3o f\u00e1cil de usar: sistema de controlo hidr\u00e1ulico permite que um \u00fanico operador realize todas as tarefas.<\/li>    <li>Est\u00e1vel e dur\u00e1vel: apresenta um chassis de alta resist\u00eancia e constru\u00e7\u00e3o em a\u00e7o de alta resist\u00eancia para suportar ambientes desafiantes de fazenda.<\/li> <\/ul>    <figure class=\"wp-block-gallery has-nested-images columns-default is-cropped wp-block-gallery-2 is-layout-flex wp-block-gallery-is-layout-flex\"> <figure class=\"wp-block-image size-large\"><img loading=\"lazy\" decoding=\"async\" width=\"720\" height=\"540\" data-id=\"17626\" src=\"https:\/\/www.agriculture-machine.com\/wp-content\/uploads\/2026\/04\/TMR-silage-mixer-and-spreader.webp\" alt=\"Misturador e espalhador de silagem TMR\" class=\"wp-image-17626\" srcset=\"https:\/\/www.agriculture-machine.com\/wp-content\/uploads\/2026\/04\/TMR-silage-mixer-and-spreader.webp 720w, https:\/\/www.agriculture-machine.com\/wp-content\/uploads\/2026\/04\/TMR-silage-mixer-and-spreader-360x270.webp 360w, https:\/\/www.agriculture-machine.com\/wp-content\/uploads\/2026\/04\/TMR-silage-mixer-and-spreader-240x180.webp 240w, https:\/\/www.agriculture-machine.com\/wp-content\/uploads\/2026\/04\/TMR-silage-mixer-and-spreader-16x12.webp 16w\" sizes=\"auto, (max-width: 720px) 100vw, 720px\" \/><figcaption class=\"wp-element-caption\">Misturador e espalhador de silagem TMR<\/figcaption><\/figure>    <figure class=\"wp-block-image size-large\"><img loading=\"lazy\" decoding=\"async\" width=\"720\" height=\"540\" data-id=\"17625\" src=\"https:\/\/www.agriculture-machine.com\/wp-content\/uploads\/2026\/04\/feed-mixing-and-spreading-machine.webp\" alt=\"m\u00e1quina de mistura e espalhamento de ra\u00e7\u00e3o\" class=\"wp-image-17625\" srcset=\"https:\/\/www.agriculture-machine.com\/wp-content\/uploads\/2026\/04\/feed-mixing-and-spreading-machine.webp 720w, https:\/\/www.agriculture-machine.com\/wp-content\/uploads\/2026\/04\/feed-mixing-and-spreading-machine-360x270.webp 360w, https:\/\/www.agriculture-machine.com\/wp-content\/uploads\/2026\/04\/feed-mixing-and-spreading-machine-240x180.webp 240w, https:\/\/www.agriculture-machine.com\/wp-content\/uploads\/2026\/04\/feed-mixing-and-spreading-machine-16x12.webp 16w\" sizes=\"auto, (max-width: 720px) 100vw, 720px\" \/><figcaption class=\"wp-element-caption\">m\u00e1quina de mistura e espalhamento de ra\u00e7\u00e3o<\/figcaption><\/figure> <\/figure>    <h2 class=\"wp-block-heading\">Como funciona o espalhador de mistura de ra\u00e7\u00e3o bovina?<\/h2>    <ol class=\"wp-block-list\"> <li>Silagem, forragem e concentrados s\u00e3o alimentados no funil atrav\u00e9s de um sistema de carga hidr\u00e1ulica.<\/li>    <li>O sistema de mistura tritura e mistura completamente a ra\u00e7\u00e3o para criar uma ra\u00e7\u00e3o TMR uniforme.<\/li>    <li>Ap\u00f3s a mistura, a ra\u00e7\u00e3o \u00e9 distribu\u00edda de forma uniforme atrav\u00e9s de um sistema de correia lateral.<\/li>    <li>Todo o processo \u00e9 controlado por um sistema hidr\u00e1ulico, garantindo opera\u00e7\u00e3o cont\u00ednua e eficiente.<\/li> <\/ol>    <h2 class=\"wp-block-heading\">Especifica\u00e7\u00f5es do carro de mistura e espalhamento de silagem<\/h2>    <figure class=\"wp-block-table is-style-stripes\"><table class=\"has-fixed-layout\"><tbody><tr><td><strong>Item<\/strong><\/td><td><strong>Tipo Vertical (5m\u00b3)<\/strong><\/td><td><strong>Tipo Horizontal (5m\u00b3)<\/strong><\/td><\/tr><tr><td>Modelo<\/td><td>Vertical TMR-5<\/td><td>TMR-5 Horizontal<\/td><\/tr><tr><td>Capacidade<\/td><td>5 m\u00b3<\/td><td>5 m\u00b3<\/td><\/tr><tr><td>Dimens\u00e3o (L\u00d7W\u00d7H)<\/td><td>5250\u00d72300\u00d72580 mm<\/td><td>4700\u00d71700\u00d72200 mm<\/td><\/tr><tr><td>Peso<\/td><td>2874 kg<\/td><td>3500 kg<\/td><\/tr><tr><td>Pot\u00eancia<\/td><td>35 HP de motor a diesel<\/td><td>35 HP de motor a diesel<\/td><\/tr><tr><td>Chassis<\/td><td>Wuzheng de 5 rodas<\/td><td>Triciclo\/4 rodas Wuzheng<\/td><\/tr><tr><td>Sistema de Alimenta\u00e7\u00e3o<\/td><td>Funil de eleva\u00e7\u00e3o hidr\u00e1ulico<\/td><td>Alimenta\u00e7\u00e3o hidr\u00e1ulica<\/td><\/tr><tr><td>M\u00e9todo de descarga<\/td><td>Transportador de correia hidr\u00e1ulico<\/td><td>Raspador \/ descarga por correia<\/td><\/tr><tr><td>Tipo de mistura<\/td><td>Espiral vertical<\/td><td>Espiral horizontal<\/td><\/tr><tr><td>Sistema de Pesagem<\/td><td>Sim<\/td><td>Opcional<\/td><\/tr><tr><td>Sistema de transmiss\u00e3o<\/td><td>Hidr\u00e1ulico<\/td><td>Corrente   hidr\u00e1ulico<\/td><\/tr><tr><td>Quantidade de pneus<\/td><td>5 pe\u00e7as<\/td><td>3\u20134 pe\u00e7as<\/td><\/tr><\/tbody><\/table><figcaption class=\"wp-element-caption\">Par\u00e2metros t\u00e9cnicos do misturador e espalhador de silagem a diesel<\/figcaption><\/figure>    <figure class=\"wp-block-gallery has-nested-images columns-default is-cropped wp-block-gallery-3 is-layout-flex wp-block-gallery-is-layout-flex\"> <figure class=\"wp-block-image size-large\"><img loading=\"lazy\" decoding=\"async\" width=\"720\" height=\"540\" data-id=\"17623\" src=\"https:\/\/www.agriculture-machine.com\/wp-content\/uploads\/2026\/04\/silage-mixing-and-spreading-car.webp\" alt=\"carro de mistura e espalhamento de silagem\" class=\"wp-image-17623\" srcset=\"https:\/\/www.agriculture-machine.com\/wp-content\/uploads\/2026\/04\/silage-mixing-and-spreading-car.webp 720w, https:\/\/www.agriculture-machine.com\/wp-content\/uploads\/2026\/04\/silage-mixing-and-spreading-car-360x270.webp 360w, https:\/\/www.agriculture-machine.com\/wp-content\/uploads\/2026\/04\/silage-mixing-and-spreading-car-240x180.webp 240w, https:\/\/www.agriculture-machine.com\/wp-content\/uploads\/2026\/04\/silage-mixing-and-spreading-car-16x12.webp 16w\" sizes=\"auto, (max-width: 720px) 100vw, 720px\" \/><figcaption class=\"wp-element-caption\">carro de mistura e espalhamento de silagem<\/figcaption><\/figure>    <figure class=\"wp-block-image size-large\"><img loading=\"lazy\" decoding=\"async\" width=\"720\" height=\"540\" data-id=\"17624\" src=\"https:\/\/www.agriculture-machine.com\/wp-content\/uploads\/2026\/04\/vertical-feed-mixer-spreader.webp\" alt=\"misturador de ra\u00e7\u00e3o vertical com espalhador\" class=\"wp-image-17624\" srcset=\"https:\/\/www.agriculture-machine.com\/wp-content\/uploads\/2026\/04\/vertical-feed-mixer-spreader.webp 720w, https:\/\/www.agriculture-machine.com\/wp-content\/uploads\/2026\/04\/vertical-feed-mixer-spreader-360x270.webp 360w, https:\/\/www.agriculture-machine.com\/wp-content\/uploads\/2026\/04\/vertical-feed-mixer-spreader-240x180.webp 240w, https:\/\/www.agriculture-machine.com\/wp-content\/uploads\/2026\/04\/vertical-feed-mixer-spreader-16x12.webp 16w\" sizes=\"auto, (max-width: 720px) 100vw, 720px\" \/><figcaption class=\"wp-element-caption\">misturador de ra\u00e7\u00e3o vertical com espalhador<\/figcaption><\/figure> <\/figure>    <h2 class=\"wp-block-heading\">Como escolher um misturador e espalhador de silagem adequado?<\/h2>    <ul class=\"wp-block-list\"> <li>Escala de explora\u00e7\u00e3o: para rebanhos com menos de 200 cabe\u00e7as, recomenda-se um modelo de menor capacidade; para rebanhos de 300 cabe\u00e7as ou mais, recomenda-se um modelo de 5 m\u00b3.<\/li>    <li>Tipo de alimenta\u00e7\u00e3o: para ra\u00e7\u00f5es com alto teor de fibra bruta, recomenda-se um modelo vertical; para ra\u00e7\u00f5es com alta fluidez, recomenda-se um modelo horizontal.<\/li>    <li>Prefer\u00eancias de opera\u00e7\u00e3o: escolha um modelo horizontal para descarregamento r\u00e1pido; escolha um modelo vertical para distribui\u00e7\u00e3o uniforme.<\/li>    <li>Condi\u00e7\u00f5es do local: para corredores estreitos, recomenda-se um chassis de tr\u00eas rodas; para pastagens espa\u00e7osas, recomenda-se um modelo de quatro rodas.<\/li> <\/ul>    <h2 class=\"wp-block-heading\">Por que escolher-nos?<\/h2>    <ul class=\"wp-block-list\"> <li>Hist\u00f3rico comprovado: especializados em maquinaria para gado, nossos produtos foram testados e validados em v\u00e1rios mercados.<\/li>    <li>M\u00faltiplas configura\u00e7\u00f5es dispon\u00edveis: modelos verticais e horizontais para atender \u00e0s necessidades de diferentes explora\u00e7\u00f5es.<\/li>    <li>Componentes principais fi\u00e1veis: chassis Wuzheng   motor a diesel de alto desempenho, oferecendo uma performance potente e est\u00e1vel.<\/li>    <li>Servi\u00e7os personalizados: solu\u00e7\u00f5es adaptadas ao tamanho da explora\u00e7\u00e3o e ao tamanho do rebanho.<\/li>    <li>Suporte p\u00f3s-venda abrangente: orienta\u00e7\u00e3o na instala\u00e7\u00e3o, forma\u00e7\u00e3o t\u00e9cnica e garantias de servi\u00e7o a longo prazo.<\/li> <\/ul>    <figure class=\"wp-block-gallery has-nested-images columns-default is-cropped wp-block-gallery-4 is-layout-flex wp-block-gallery-is-layout-flex\"> <figure class=\"wp-block-image size-large\"><img loading=\"lazy\" decoding=\"async\" width=\"720\" height=\"540\" data-id=\"17627\" src=\"https:\/\/www.agriculture-machine.com\/wp-content\/uploads\/2026\/04\/diesel-silage-feed-mixer-and-spreader.webp\" alt=\"O misturador e espalhador de silagem a diesel de 5m\u00b3 integra alimenta\u00e7\u00e3o, mistura e espalhamento. Melhora a efici\u00eancia da alimenta\u00e7\u00e3o, garante ra\u00e7\u00f5es uniformes e reduz custos de m\u00e3o-de-obra para explora\u00e7\u00f5es m\u00e9dias e grandes.\" class=\"wp-image-17627\" srcset=\"https:\/\/www.agriculture-machine.com\/wp-content\/uploads\/2026\/04\/diesel-silage-feed-mixer-and-spreader.webp 720w, https:\/\/www.agriculture-machine.com\/wp-content\/uploads\/2026\/04\/diesel-silage-feed-mixer-and-spreader-360x270.webp 360w, https:\/\/www.agriculture-machine.com\/wp-content\/uploads\/2026\/04\/diesel-silage-feed-mixer-and-spreader-240x180.webp 240w, https:\/\/www.agriculture-machine.com\/wp-content\/uploads\/2026\/04\/diesel-silage-feed-mixer-and-spreader-16x12.webp 16w\" sizes=\"auto, (max-width: 720px) 100vw, 720px\" \/><figcaption class=\"wp-element-caption\">misturador e espalhador de silagem a diesel<\/figcaption><\/figure>    <figure class=\"wp-block-image size-large\"><img loading=\"lazy\" decoding=\"async\" width=\"720\" height=\"540\" data-id=\"17628\" src=\"https:\/\/www.agriculture-machine.com\/wp-content\/uploads\/2026\/04\/horizontal-livestock-feed-mixer-spreader.webp\" alt=\"misturador e espalhador de ra\u00e7\u00e3o para gado horizontal\" class=\"wp-image-17628\" srcset=\"https:\/\/www.agriculture-machine.com\/wp-content\/uploads\/2026\/04\/horizontal-livestock-feed-mixer-spreader.webp 720w, https:\/\/www.agriculture-machine.com\/wp-content\/uploads\/2026\/04\/horizontal-livestock-feed-mixer-spreader-360x270.webp 360w, https:\/\/www.agriculture-machine.com\/wp-content\/uploads\/2026\/04\/horizontal-livestock-feed-mixer-spreader-240x180.webp 240w, https:\/\/www.agriculture-machine.com\/wp-content\/uploads\/2026\/04\/horizontal-livestock-feed-mixer-spreader-16x12.webp 16w\" sizes=\"auto, (max-width: 720px) 100vw, 720px\" \/><figcaption class=\"wp-element-caption\">misturador e espalhador de ra\u00e7\u00e3o para gado horizontal<\/figcaption><\/figure> <\/figure>    <h2 class=\"wp-block-heading\">Perguntas Frequentes<\/h2>   <div id=\"rank-math-faq\" class=\"rank-math-block\"> <div class=\"rank-math-list\"> <div id=\"faq-question-1775630970816\" class=\"rank-math-list-item\"> <h3 class=\"rank-math-question\">Qual \u00e9 a diferen\u00e7a entre modelos verticais e horizontais?<\/h3> <div class=\"rank-math-answer\">  <p>Misturadores verticais proporcionam uma mistura mais uniforme e s\u00e3o adequados para ra\u00e7\u00f5es de alto teor de fibra; misturadores horizontais descarregam mais rapidamente e s\u00e3o adequados para uma alimenta\u00e7\u00e3o de alta efici\u00eancia.<\/p>  <\/div> <\/div> <div id=\"faq-question-1775630981229\" class=\"rank-math-list-item\"> <h3 class=\"rank-math-question\">Quantas vacas pode alimentar uma unidade?<\/h3> <div class=\"rank-math-answer\">  <p>O misturador e espalhador de silagem modelo de 5m\u00b3 pode satisfazer as necessidades di\u00e1rias de alimenta\u00e7\u00e3o de aproximadamente 200\u2013500 vacas.<\/p>  <\/div> <\/div> <div id=\"faq-question-1775631005344\" class=\"rank-math-list-item\"> <h3 class=\"rank-math-question\">O equipamento \u00e9 dif\u00edcil de operar?<\/h3> <div class=\"rank-math-answer\">  <p>Com controles totalmente hidr\u00e1ulicos, um \u00fanico operador pode gerir carregamento, mistura e dispensa\u00e7\u00e3o.<\/p>  <\/div> <\/div> <div id=\"faq-question-1775631016914\" class=\"rank-math-list-item\"> <h3 class=\"rank-math-question\">\u00c9 necess\u00e1rio um motor a diesel?<\/h3> <div class=\"rank-math-answer\">  <p>Motores a diesel s\u00e3o adequados para opera\u00e7\u00f5es m\u00f3veis ao ar livre, mas tamb\u00e9m oferecemos modelos com motor el\u00e9trico como op\u00e7\u00e3o.<\/p>  <\/div> <\/div> <\/div> <\/div>   <p class=\"translation-block\">Tamb\u00e9m oferecemos uma variedade de equipamentos de alimenta\u00e7\u00e3o, incluindo <strong><em><a href=\"https:\/\/www.agriculture-machine.com\/pt\/silage-spreader-feeding-car\/\">espalhadores de forragem motorizados<\/a><\/em><\/strong> e <strong><em><a href=\"https:\/\/www.agriculture-machine.com\/pt\/horizontal-tmr-feed-mixer-for-sale-forage-mixer-mash-mixer\/\">misturadores de silagem estacion\u00e1rios<\/a><\/em><\/strong>, para atender \u00e0s necessidades de diferentes explora\u00e7\u00f5es. Sinta-se \u00e0 vontade para nos contactar para propostas detalhadas e or\u00e7amentos; estamos aqui para fornecer uma solu\u00e7\u00e3o completa para a mecaniza\u00e7\u00e3o agr\u00edcola.<\/p>","protected":false},"excerpt":{"rendered":"<p>A misturadora e espalhadora de silagem de diesel de 5m\u00b3 integra alimenta\u00e7\u00e3o, mistura e espalhamento. Melhora a efici\u00eancia da alimenta\u00e7\u00e3o, garante ra\u00e7\u00f5es uniformes e reduz os custos de m\u00e3o-de-obra para explora\u00e7\u00f5es m\u00e9dias e grandes.<\/p>","protected":false},"author":1,"featured_media":17630,"parent":0,"comment_status":"open","ping_status":"closed","template":"","tags":[772,591],"product-type":[2],"class_list":["post-17620","product","type-product","status-publish","has-post-thumbnail","hentry","tag-forage","tag-silage","product-type-products"],"_links":{"self":[{"href":"https:\/\/www.agriculture-machine.com\/pt\/wp-json\/wp\/v2\/product\/17620","targetHints":{"allow":["GET"]}}],"collection":[{"href":"https:\/\/www.agriculture-machine.com\/pt\/wp-json\/wp\/v2\/product"}],"about":[{"href":"https:\/\/www.agriculture-machine.com\/pt\/wp-json\/wp\/v2\/types\/product"}],"author":[{"embeddable":true,"href":"https:\/\/www.agriculture-machine.com\/pt\/wp-json\/wp\/v2\/users\/1"}],"replies":[{"embeddable":true,"href":"https:\/\/www.agriculture-machine.com\/pt\/wp-json\/wp\/v2\/comments?post=17620"}],"wp:featuredmedia":[{"embeddable":true,"href":"https:\/\/www.agriculture-machine.com\/pt\/wp-json\/wp\/v2\/media\/17630"}],"wp:attachment":[{"href":"https:\/\/www.agriculture-machine.com\/pt\/wp-json\/wp\/v2\/media?parent=17620"}],"wp:term":[{"taxonomy":"post_tag","embeddable":true,"href":"https:\/\/www.agriculture-machine.com\/pt\/wp-json\/wp\/v2\/tags?post=17620"},{"taxonomy":"product-type","embeddable":true,"href":"https:\/\/www.agriculture-machine.com\/pt\/wp-json\/wp\/v2\/product-type?post=17620"}],"curies":[{"name":"wp","href":"https:\/\/api.w.org\/{rel}","templated":true}]}}