{"id":17641,"date":"2026-04-17T15:23:34","date_gmt":"2026-04-17T07:23:34","guid":{"rendered":"https:\/\/www.agriculture-machine.com\/?post_type=product&#038;p=17641"},"modified":"2026-04-17T15:23:35","modified_gmt":"2026-04-17T07:23:35","slug":"tmr-vertical-feed-mixer","status":"publish","type":"product","link":"https:\/\/www.agriculture-machine.com\/pt\/tmr-vertical-feed-mixer\/","title":{"rendered":"Misturador Vertical de Silagem TMR | Caminh\u00e3o de Mistura de Silagem"},"content":{"rendered":"<p>O misturador vertical de silagem TMR \u00e9 utilizado na prepara\u00e7\u00e3o de ra\u00e7\u00f5es completas em explora\u00e7\u00f5es leiteiras de grande escala. O sistema de mistura com h\u00e9lice vertical mistura minuciosamente silagem, feno, palha, concentrados e suplementos minerais nas propor\u00e7\u00f5es corretas para garantir uma alimenta\u00e7\u00e3o nutricionalmente equilibrada.<\/p>    <p>O equipamento est\u00e1 dispon\u00edvel em capacidades que variam de 3 a 36 m\u00b3. O modelo comum de 7 m\u00b3 (9JGL-7) atende \u00e0s necessidades di\u00e1rias de explora\u00e7\u00f5es m\u00e9dias de gado, geralmente completando a mistura uniforme em 5 a 15 minutos. <\/p>    <p>Com uma capacidade de produ\u00e7\u00e3o de aproximadamente 3.000\u20134.000 kg\/h e um sistema de energia de 70 cavalos de pot\u00eancia ou mais, \u00e9 adequado para explora\u00e7\u00f5es de gado, ovelhas e outros animais.<\/p>    <p>O misturador vertical de alimenta\u00e7\u00e3o possui l\u00e2minas de liga resistentes ao desgaste e uma estrutura de chapa de a\u00e7o refor\u00e7ada, combinadas com um sistema de pesagem e um design de caixa de engrenagens de alta resist\u00eancia. Isto melhora efetivamente a uniformidade da alimenta\u00e7\u00e3o, reduz a alimenta\u00e7\u00e3o seletiva e aumenta a utiliza\u00e7\u00e3o do alimento, tornando-se uma pe\u00e7a essencial de equipamento para explora\u00e7\u00f5es de gado modernas e padronizadas.<\/p>    <figure class=\"wp-block-embed aligncenter is-type-video is-provider-youtube wp-block-embed-youtube wp-embed-aspect-16-9 wp-has-aspect-ratio\"><div class=\"wp-block-embed__wrapper\"> <iframe loading=\"lazy\" title=\"Misturador Vertical de Silagem TMR | Caminh\u00e3o de Mistura de Silagem \ud83d\ude9c\ud83d\udc04#silagem #misturador\" width=\"500\" height=\"281\" src=\"https:\/\/www.youtube.com\/embed\/fKL42jTkmH4?feature=oembed\" frameborder=\"0\" allow=\"accelerometer; autoplay; clipboard-write; encrypted-media; gyroscope; picture-in-picture; web-share\" referrerpolicy=\"strict-origin-when-cross-origin\" allowfullscreen><\/iframe> <\/div><figcaption class=\"wp-element-caption\">V\u00eddeo de trabalho do misturador vertical de silagem TMR<\/figcaption><\/figure>    <h2 class=\"wp-block-heading\">Aplica\u00e7\u00f5es do misturador de alimenta\u00e7\u00e3o de gado<\/h2>    <p>Este equipamento \u00e9 amplamente utilizado em explora\u00e7\u00f5es leiteiras, explora\u00e7\u00f5es de gado bovino, explora\u00e7\u00f5es ovinas e grandes bases de cria\u00e7\u00e3o de gado.<\/p>    <p>Pode ser utilizado para a mistura e combina\u00e7\u00e3o uniforme de milho ensilado, alfafa, feno, palha e concentrados. Ajuda a estabelecer um sistema de alimenta\u00e7\u00e3o TMR cient\u00edfico e melhora a efici\u00eancia geral da agricultura.<\/p>    <h2 class=\"wp-block-heading\">Vantagens do misturador vertical de alimenta\u00e7\u00e3o<\/h2>    <ul class=\"wp-block-list\"> <li>Design em espiral vertical para alta efici\u00eancia de corte e mistura.<\/li>    <li>L\u00e2minas de liga resistentes ao desgaste, adequadas para cortar palha de fibra longa.<\/li>    <li>Previne eficazmente a alimenta\u00e7\u00e3o seletiva pelo gado e melhora o equil\u00edbrio da dieta.<\/li>    <li>Design simples, baixos custos de manuten\u00e7\u00e3o e excelente rela\u00e7\u00e3o custo-benef\u00edcio.<\/li>    <li>Equipado com sistema de pesagem para uma dosagem mais precisa.<\/li>    <li>Constru\u00e7\u00e3o com chapa de a\u00e7o refor\u00e7ada para uma maior durabilidade.<\/li>    <li>Suporta m\u00faltiplas op\u00e7\u00f5es de energia: diesel, motor el\u00e9trico ou trator.<\/li> <\/ul>    <figure class=\"wp-block-gallery has-nested-images columns-default is-cropped wp-block-gallery-2 is-layout-flex wp-block-gallery-is-layout-flex\"> <figure class=\"wp-block-image size-large\"><img loading=\"lazy\" decoding=\"async\" width=\"720\" height=\"540\" data-id=\"17646\" src=\"https:\/\/www.agriculture-machine.com\/wp-content\/uploads\/2026\/04\/feed-blending-machine.webp\" alt=\"m\u00e1quina de mistura de alimentos\" class=\"wp-image-17646\" srcset=\"https:\/\/www.agriculture-machine.com\/wp-content\/uploads\/2026\/04\/feed-blending-machine.webp 720w, https:\/\/www.agriculture-machine.com\/wp-content\/uploads\/2026\/04\/feed-blending-machine-360x270.webp 360w, https:\/\/www.agriculture-machine.com\/wp-content\/uploads\/2026\/04\/feed-blending-machine-240x180.webp 240w, https:\/\/www.agriculture-machine.com\/wp-content\/uploads\/2026\/04\/feed-blending-machine-16x12.webp 16w\" sizes=\"auto, (max-width: 720px) 100vw, 720px\" \/><figcaption class=\"wp-element-caption\">m\u00e1quina de mistura de alimentos<\/figcaption><\/figure>    <figure class=\"wp-block-image size-large\"><img loading=\"lazy\" decoding=\"async\" width=\"720\" height=\"540\" data-id=\"17647\" src=\"https:\/\/www.agriculture-machine.com\/wp-content\/uploads\/2026\/04\/vertical-silage-mixer-machine.webp\" alt=\"m\u00e1quina vertical de silagem\" class=\"wp-image-17647\" srcset=\"https:\/\/www.agriculture-machine.com\/wp-content\/uploads\/2026\/04\/vertical-silage-mixer-machine.webp 720w, https:\/\/www.agriculture-machine.com\/wp-content\/uploads\/2026\/04\/vertical-silage-mixer-machine-360x270.webp 360w, https:\/\/www.agriculture-machine.com\/wp-content\/uploads\/2026\/04\/vertical-silage-mixer-machine-240x180.webp 240w, https:\/\/www.agriculture-machine.com\/wp-content\/uploads\/2026\/04\/vertical-silage-mixer-machine-16x12.webp 16w\" sizes=\"auto, (max-width: 720px) 100vw, 720px\" \/><figcaption class=\"wp-element-caption\">m\u00e1quina vertical de silagem<\/figcaption><\/figure> <\/figure>    <h2 class=\"wp-block-heading\">Especifica\u00e7\u00f5es t\u00e9cnicas do caminh\u00e3o misturador de TMR<\/h2>    <figure class=\"wp-block-table is-style-stripes\"><table class=\"has-fixed-layout\"><tbody><tr><td><strong>Item<\/strong><\/td><td><strong>Especifica\u00e7\u00e3o<\/strong><\/td><td><strong>Item<\/strong><\/td><td><strong>Especifica\u00e7\u00e3o<\/strong><\/td><\/tr><tr><td>Modelo<\/td><td>9JGL-7<\/td><td>Volume de Mistura<\/td><td>7 m\u00b3<\/td><\/tr><tr><td>Estrutura<\/td><td>Tipo de Tra\u00e7\u00e3o Vertical<\/td><td>Fonte de Energia<\/td><td>PTO do Trator<\/td><\/tr><tr><td>Pot\u00eancia Necess\u00e1ria<\/td><td>\u226570 HP<\/td><td>Marca da Caixa de Engrenagens<\/td><td>Redutor Jiangling<\/td><\/tr><tr><td>Velocidade do Eixo Principal<\/td><td>23 r\/min<\/td><td>Quantidade do Eixo Principal<\/td><td>1<\/td><\/tr><tr><td>Quantidade de l\u00e2minas<\/td><td>7 grandes   6 pequenos<\/td><td>Material da L\u00e2mina<\/td><td>Cr12MoV<\/td><\/tr><tr><td>Tamanho da m\u00e1quina<\/td><td>3700 \u00d7 2200 \u00d7 2300 mm<\/td><td>Tamanho do Tanque Superior<\/td><td>2700 \u00d7 2100 mm<\/td><\/tr><tr><td>Espessura do A\u00e7o<\/td><td>Lado 8 mm \/ Fundo 20 mm<\/td><td>Capacidade de Produ\u00e7\u00e3o<\/td><td>3000\u20134000 kg\/h<\/td><\/tr><tr><td>Sistema de Controle<\/td><td>Sistema de Pesagem<\/td><td>Sa\u00edda de descarga<\/td><td>1<\/td><\/tr><tr><td>M\u00e9todo de Alimenta\u00e7\u00e3o<\/td><td>Carregamento Superior<\/td><td>Tipo de Opera\u00e7\u00e3o<\/td><td>Tipo de Tra\u00e7\u00e3o<\/td><\/tr><\/tbody><\/table><figcaption class=\"wp-element-caption\">Par\u00e2metros t\u00e9cnicos do misturador vertical de 7 m\u00b3<\/figcaption><\/figure>    <figure class=\"wp-block-gallery has-nested-images columns-default is-cropped wp-block-gallery-3 is-layout-flex wp-block-gallery-is-layout-flex\"> <figure class=\"wp-block-image size-large\"><img loading=\"lazy\" decoding=\"async\" width=\"720\" height=\"540\" data-id=\"17649\" src=\"https:\/\/www.agriculture-machine.com\/wp-content\/uploads\/2026\/04\/vertical-feed-mixer.webp\" alt=\"misturador vertical de alimenta\u00e7\u00e3o\" class=\"wp-image-17649\" srcset=\"https:\/\/www.agriculture-machine.com\/wp-content\/uploads\/2026\/04\/vertical-feed-mixer.webp 720w, https:\/\/www.agriculture-machine.com\/wp-content\/uploads\/2026\/04\/vertical-feed-mixer-360x270.webp 360w, https:\/\/www.agriculture-machine.com\/wp-content\/uploads\/2026\/04\/vertical-feed-mixer-240x180.webp 240w, https:\/\/www.agriculture-machine.com\/wp-content\/uploads\/2026\/04\/vertical-feed-mixer-16x12.webp 16w\" sizes=\"auto, (max-width: 720px) 100vw, 720px\" \/><figcaption class=\"wp-element-caption\">misturador vertical de alimenta\u00e7\u00e3o<\/figcaption><\/figure>    <figure class=\"wp-block-image size-large\"><img loading=\"lazy\" decoding=\"async\" width=\"720\" height=\"540\" data-id=\"17648\" src=\"https:\/\/www.agriculture-machine.com\/wp-content\/uploads\/2026\/04\/total-mixed-ration-mixer.webp\" alt=\"misturador de ra\u00e7\u00e3o total\" class=\"wp-image-17648\" srcset=\"https:\/\/www.agriculture-machine.com\/wp-content\/uploads\/2026\/04\/total-mixed-ration-mixer.webp 720w, https:\/\/www.agriculture-machine.com\/wp-content\/uploads\/2026\/04\/total-mixed-ration-mixer-360x270.webp 360w, https:\/\/www.agriculture-machine.com\/wp-content\/uploads\/2026\/04\/total-mixed-ration-mixer-240x180.webp 240w, https:\/\/www.agriculture-machine.com\/wp-content\/uploads\/2026\/04\/total-mixed-ration-mixer-16x12.webp 16w\" sizes=\"auto, (max-width: 720px) 100vw, 720px\" \/><figcaption class=\"wp-element-caption\">misturador de ra\u00e7\u00e3o total<\/figcaption><\/figure> <\/figure>    <h2 class=\"wp-block-heading\">Princ\u00edpio de funcionamento do misturador vertical de silagem TMR<\/h2>    <p>Assim que as mat\u00e9rias-primas entram na c\u00e2mara de mistura atrav\u00e9s da porta de carga, s\u00e3o levantadas verticalmente e cortadas pelo eixo de l\u00e2mina de espiral vertical, enquanto as l\u00e2minas inferiores realizam uma moagem secund\u00e1ria. Isto garante que diferentes mat\u00e9rias-primas sejam continuamente viradas e misturadas dentro da c\u00e2mara. <\/p>    <p>Em conjunto com um sistema de pesagem que controla precisamente a propor\u00e7\u00e3o de mistura, a mistura \u00e9 finalmente descarregada de forma uniforme atrav\u00e9s da sa\u00edda, permitindo a alimenta\u00e7\u00e3o de ra\u00e7\u00f5es completas uniformemente misturadas.<\/p>    <h2 class=\"wp-block-heading\">Como escolher o misturador de TMR adequado?<\/h2>    <p>Ao selecionar um misturador de TMR, a decis\u00e3o deve basear-se na escala da opera\u00e7\u00e3o, ingest\u00e3o di\u00e1ria de alimento e condi\u00e7\u00f5es do local. \u00c9 tamb\u00e9m importante considerar a fonte de energia (motor el\u00e9trico, trator ou diesel) e se \u00e9 necess\u00e1rio um sistema de pesagem e fun\u00e7\u00f5es automatizadas.<\/p>    <p>Explora\u00e7\u00f5es de pequena escala podem optar por modelos com capacidade de 3\u20137 m\u00b3; explora\u00e7\u00f5es de m\u00e9dio porte s\u00e3o recomendadas para modelos de 7\u201315 m\u00b3. Opera\u00e7\u00f5es de grande escala s\u00e3o mais adequadas a equipamentos com capacidade de 20 m\u00b3 ou mais (conforme ilustrado na figura abaixo).<\/p>    <figure class=\"wp-block-gallery has-nested-images columns-default is-cropped wp-block-gallery-4 is-layout-flex wp-block-gallery-is-layout-flex\"> <figure class=\"wp-block-image size-large\"><img loading=\"lazy\" decoding=\"async\" width=\"720\" height=\"540\" data-id=\"17650\" src=\"https:\/\/www.agriculture-machine.com\/wp-content\/uploads\/2026\/04\/20-m\u00b3-vertical-feed-mixer.webp\" alt=\"Misturador vertical de alimenta\u00e7\u00e3o de 20 m\u00b3\" class=\"wp-image-17650\" srcset=\"https:\/\/www.agriculture-machine.com\/wp-content\/uploads\/2026\/04\/20-m\u00b3-vertical-feed-mixer.webp 720w, https:\/\/www.agriculture-machine.com\/wp-content\/uploads\/2026\/04\/20-m\u00b3-vertical-feed-mixer-360x270.webp 360w, https:\/\/www.agriculture-machine.com\/wp-content\/uploads\/2026\/04\/20-m\u00b3-vertical-feed-mixer-240x180.webp 240w, https:\/\/www.agriculture-machine.com\/wp-content\/uploads\/2026\/04\/20-m\u00b3-vertical-feed-mixer-16x12.webp 16w\" sizes=\"auto, (max-width: 720px) 100vw, 720px\" \/><figcaption class=\"wp-element-caption\">Misturador vertical de alimenta\u00e7\u00e3o de 20 m\u00b3<\/figcaption><\/figure>    <figure class=\"wp-block-image size-large\"><img loading=\"lazy\" decoding=\"async\" width=\"720\" height=\"540\" data-id=\"17651\" src=\"https:\/\/www.agriculture-machine.com\/wp-content\/uploads\/2026\/04\/large-feed-mixing-wagon.webp\" alt=\"caminh\u00e3o de mistura de alimenta\u00e7\u00e3o de grande capacidade\" class=\"wp-image-17651\" srcset=\"https:\/\/www.agriculture-machine.com\/wp-content\/uploads\/2026\/04\/large-feed-mixing-wagon.webp 720w, https:\/\/www.agriculture-machine.com\/wp-content\/uploads\/2026\/04\/large-feed-mixing-wagon-360x270.webp 360w, https:\/\/www.agriculture-machine.com\/wp-content\/uploads\/2026\/04\/large-feed-mixing-wagon-240x180.webp 240w, https:\/\/www.agriculture-machine.com\/wp-content\/uploads\/2026\/04\/large-feed-mixing-wagon-16x12.webp 16w\" sizes=\"auto, (max-width: 720px) 100vw, 720px\" \/><figcaption class=\"wp-element-caption\">caminh\u00e3o de mistura de alimenta\u00e7\u00e3o de grande capacidade<\/figcaption><\/figure> <\/figure>    <h2 class=\"wp-block-heading\">Por que escolher-nos?<\/h2>    <p>Especializamo-nos na investiga\u00e7\u00e3o, desenvolvimento e fabrica\u00e7\u00e3o de equipamentos de alimenta\u00e7\u00e3o de gado. Os nossos equipamentos s\u00e3o constru\u00eddos com materiais de alta resist\u00eancia, de grau industrial, e apresentam designs estruturais comprovados, garantindo uma opera\u00e7\u00e3o fi\u00e1vel a longo prazo.<\/p>    <p class=\"translation-block\">Tamb\u00e9m fornecemos <strong><em><a href=\"https:\/\/www.agriculture-machine.com\/pt\/horizontal-tmr-feed-mixer-for-sale-forage-mixer-mash-mixer\/\">misturadores de alimenta\u00e7\u00e3o de TMR do tipo horizontal<\/a><\/em><\/strong> e <strong><em><a href=\"https:\/\/www.agriculture-machine.com\/pt\/tmr-silage-mixer-and-spreader\/\">m\u00e1quinas de espalhamento de alimenta\u00e7\u00e3o de forragem<\/a><\/em><\/strong> para atender \u00e0s necessidades de explora\u00e7\u00f5es de todos os tamanhos. Por favor, n\u00e3o hesite em contactar-nos para solu\u00e7\u00f5es detalhadas e or\u00e7amentos para ajud\u00e1-lo a criar um sistema de alimenta\u00e7\u00e3o mais eficiente e moderno.<\/p>","protected":false},"excerpt":{"rendered":"<p>O misturador vertical de silagem TMR foi concebido para misturar silagem e concentrados de forma uniforme, melhorando assim a utiliza\u00e7\u00e3o do alimento, sendo adequado para explora\u00e7\u00f5es de gado e ovinos de grande escala.<\/p>","protected":false},"author":1,"featured_media":17652,"parent":0,"comment_status":"open","ping_status":"closed","template":"","tags":[772,591],"product-type":[2],"class_list":["post-17641","product","type-product","status-publish","has-post-thumbnail","hentry","tag-forage","tag-silage","product-type-products"],"_links":{"self":[{"href":"https:\/\/www.agriculture-machine.com\/pt\/wp-json\/wp\/v2\/product\/17641","targetHints":{"allow":["GET"]}}],"collection":[{"href":"https:\/\/www.agriculture-machine.com\/pt\/wp-json\/wp\/v2\/product"}],"about":[{"href":"https:\/\/www.agriculture-machine.com\/pt\/wp-json\/wp\/v2\/types\/product"}],"author":[{"embeddable":true,"href":"https:\/\/www.agriculture-machine.com\/pt\/wp-json\/wp\/v2\/users\/1"}],"replies":[{"embeddable":true,"href":"https:\/\/www.agriculture-machine.com\/pt\/wp-json\/wp\/v2\/comments?post=17641"}],"wp:featuredmedia":[{"embeddable":true,"href":"https:\/\/www.agriculture-machine.com\/pt\/wp-json\/wp\/v2\/media\/17652"}],"wp:attachment":[{"href":"https:\/\/www.agriculture-machine.com\/pt\/wp-json\/wp\/v2\/media?parent=17641"}],"wp:term":[{"taxonomy":"post_tag","embeddable":true,"href":"https:\/\/www.agriculture-machine.com\/pt\/wp-json\/wp\/v2\/tags?post=17641"},{"taxonomy":"product-type","embeddable":true,"href":"https:\/\/www.agriculture-machine.com\/pt\/wp-json\/wp\/v2\/product-type?post=17641"}],"curies":[{"name":"wp","href":"https:\/\/api.w.org\/{rel}","templated":true}]}}