{"id":1889,"date":"2019-02-14T07:41:31","date_gmt":"2019-02-13T23:41:31","guid":{"rendered":"https:\/\/www.agriculture-machine.com\/?p=1889"},"modified":"2025-06-23T16:22:12","modified_gmt":"2025-06-23T08:22:12","slug":"corn-planter","status":"publish","type":"product","link":"https:\/\/www.agriculture-machine.com\/pt\/corn-planter\/","title":{"rendered":"Tractor-Driven Maize Planter Corn Planting Machine"},"content":{"rendered":"<p>A m\u00e1quina de plantio de milho \u00e9 capaz de completar a opera\u00e7\u00e3o de semeadura de v\u00e1rias linhas de sementes de milho simultaneamente. Ela n\u00e3o s\u00f3 economiza sementes, mas tamb\u00e9m garante profundidade e espa\u00e7amento de semeadura uniformes, melhorando significativamente a qualidade das mudas de milho.<\/p>    <p>Desempenho est\u00e1vel, opera\u00e7\u00e3o conveniente, opera\u00e7\u00e3o \u00fanica pode completar todo o processo de sulcamento, fertiliza\u00e7\u00e3o, semeadura, mulching, compress\u00e3o, erro de profundidade de semeadura \u2264 \u00b1 1cm, taxa de qualifica\u00e7\u00e3o do espa\u00e7amento entre plantas \u226595%.<\/p>    <p>A plantadeira de milho desenvolvida pela nossa empresa suporta plantio em 2, 3, 4, 5, 6 e 8 linhas. Amplamente utilizada em opera\u00e7\u00f5es agr\u00edcolas de diferentes escalas, bem recebida por clientes de El Salvador, Nig\u00e9ria, Estados Unidos, Maurit\u00e2nia, Burkina Faso, Guin\u00e9 e outros pa\u00edses.<\/p>    <figure class=\"wp-block-embed aligncenter is-type-video is-provider-youtube wp-block-embed-youtube wp-embed-aspect-16-9 wp-has-aspect-ratio\"><div class=\"wp-block-embed__wrapper\"> <iframe loading=\"lazy\" title=\"M\u00e1quina de planta\u00e7\u00e3o de sementes de milho montada em trator | Tecnologia de plantio eficiente e precisa#milho #plantadeira\" width=\"500\" height=\"281\" src=\"https:\/\/www.youtube.com\/embed\/tu_HUx3x9x0?feature=oembed\" frameborder=\"0\" allow=\"accelerometer; autoplay; clipboard-write; encrypted-media; gyroscope; picture-in-picture; web-share\" referrerpolicy=\"strict-origin-when-cross-origin\" allowfullscreen><\/iframe> <\/div><figcaption class=\"wp-element-caption\">V\u00eddeo de trabalho da m\u00e1quina de plantio de milho<\/figcaption><\/figure>    <h2 class=\"wp-block-heading\" id=\"h-brief-introduction-of-corn-planter\">Vantagens da m\u00e1quina de planta\u00e7\u00e3o de milho<\/h2>    <ol class=\"wp-block-list\"> <li>Permitir coloca\u00e7\u00e3o uniforme de sementes e profundidade consistente (3-10cm), erro \u2264 \u00b1 1cm, emerg\u00eancia de mudas organizada, melhorar a qualidade da cultura.<\/li>    <li>Suporta ajuste flex\u00edvel de espa\u00e7amento de linha de 45-70cm e espa\u00e7amento de planta de 15-30cm, adaptando-se a diferentes condi\u00e7\u00f5es do solo e modos de plantio.<\/li>    <li>A caixa de fertilizante de isolamento de dupla c\u00e2mara realiza a camada de sementes e fertilizante, e o espa\u00e7amento \u00e9 ajust\u00e1vel de 3 a 7cm, evitando que as mudas queimem.<\/li>    <li>Modelos de 2 a 8 linhas podem ser selecionados para completar todo o processo de sulcamento, aplica\u00e7\u00e3o de fertilizante, semeadura, etc., em uma \u00fanica passagem, com efici\u00eancia de at\u00e9 40 mu\/h.<\/li>    <li>Adequado para trator de 11-180 hp, conex\u00e3o com uma chave, opera\u00e7\u00e3o em posi\u00e7\u00e3o de uma pessoa sentada pode completar a opera\u00e7\u00e3o.<\/li> <\/ol>    <figure class=\"wp-block-gallery has-nested-images columns-default is-cropped wp-block-gallery-2 is-layout-flex wp-block-gallery-is-layout-flex\"> <figure class=\"wp-block-image size-large\"><img loading=\"lazy\" decoding=\"async\" width=\"720\" height=\"540\" data-id=\"12701\" src=\"https:\/\/www.agriculture-machine.com\/wp-content\/uploads\/2022\/03\/corn-planter-_720_540.jpg\" alt=\"Plantador de milho\" class=\"wp-image-12701\" title=\"Plantador de milho\" srcset=\"https:\/\/www.agriculture-machine.com\/wp-content\/uploads\/2022\/03\/corn-planter-_720_540.jpg 720w, https:\/\/www.agriculture-machine.com\/wp-content\/uploads\/2022\/03\/corn-planter-_720_540-360x270.jpg 360w, https:\/\/www.agriculture-machine.com\/wp-content\/uploads\/2022\/03\/corn-planter-_720_540-240x180.jpg 240w\" sizes=\"auto, (max-width: 720px) 100vw, 720px\" \/><figcaption class=\"wp-element-caption\">Plantador de milho<\/figcaption><\/figure>    <figure class=\"wp-block-image size-large\"><img loading=\"lazy\" decoding=\"async\" width=\"720\" height=\"540\" data-id=\"12702\" src=\"https:\/\/www.agriculture-machine.com\/wp-content\/uploads\/2022\/03\/maize-planting-machine_720_540.jpg\" alt=\"M\u00e1quina de planta\u00e7\u00e3o de milho\" class=\"wp-image-12702\" title=\"M\u00e1quina de planta\u00e7\u00e3o de milho\" srcset=\"https:\/\/www.agriculture-machine.com\/wp-content\/uploads\/2022\/03\/maize-planting-machine_720_540.jpg 720w, https:\/\/www.agriculture-machine.com\/wp-content\/uploads\/2022\/03\/maize-planting-machine_720_540-360x270.jpg 360w, https:\/\/www.agriculture-machine.com\/wp-content\/uploads\/2022\/03\/maize-planting-machine_720_540-240x180.jpg 240w\" sizes=\"auto, (max-width: 720px) 100vw, 720px\" \/><figcaption class=\"wp-element-caption\">M\u00e1quina de planta\u00e7\u00e3o de milho<\/figcaption><\/figure> <figcaption class=\"blocks-gallery-caption wp-element-caption\">m\u00e1quina de plantio de milho montada em trator<\/figcaption><\/figure>    <h2 class=\"wp-block-heading\" id=\"h-how-does-the-corn-planting-machine-work\">Como funciona a m\u00e1quina de planta\u00e7\u00e3o de milho?<\/h2>    <p>O princ\u00edpio de funcionamento da plantadeira de milho pode ser dividido nos seguintes passos:<\/p>    <ol class=\"wp-block-list\"> <li>Movido a trator: conectando ao trator, a plantadeira \u00e9 impulsionada para frente e come\u00e7a a trabalhar.<\/li>    <li>Opera\u00e7\u00e3o de sulcamento: o abridor de sulcos na frente cria um sulco de semeadura uniforme no solo.<\/li>    <li>Semeadura precisa: o dispositivo de descarga de sementes coloca com precis\u00e3o as sementes de milho nas ranhuras de acordo com o espa\u00e7amento definido.<\/li>    <li>Mulching: o mulcher cobre as sementes nas ranhuras com solo.<\/li>    <li>Modelagem de supress\u00e3o: a roda de supress\u00e3o compacta o solo superficial para melhorar o contato entre as sementes e o solo e aumentar a taxa de emerg\u00eancia das mudas.<\/li> <\/ol>    <figure class=\"wp-block-embed aligncenter is-type-video is-provider-youtube wp-block-embed-youtube wp-embed-aspect-16-9 wp-has-aspect-ratio\"><div class=\"wp-block-embed__wrapper\"> <iframe loading=\"lazy\" title=\"Ferramenta \u00fatil para agricultores: plantadeira de milho\u4e28plantadeira de milho\u4e28planta de amendoim\u4e28m\u00e1quina de milho com trator\" width=\"500\" height=\"281\" src=\"https:\/\/www.youtube.com\/embed\/2iS0mMUiw34?feature=oembed\" frameborder=\"0\" allow=\"accelerometer; autoplay; clipboard-write; encrypted-media; gyroscope; picture-in-picture; web-share\" referrerpolicy=\"strict-origin-when-cross-origin\" allowfullscreen><\/iframe> <\/div><figcaption class=\"wp-element-caption\">Local de trabalho da m\u00e1quina de sementes de milho de 3 linhas<\/figcaption><\/figure>    <h2 class=\"wp-block-heading\" id=\"h-technical-parameter-of-the-maize-planter\">Par\u00e2metros t\u00e9cnicos da m\u00e1quina de planta\u00e7\u00e3o de milho<\/h2>    <figure class=\"wp-block-table is-style-stripes\"><table class=\"has-fixed-layout\"><tbody><tr><td>Modelo<\/td><td>2BYSF-2<\/td><td>2BYSF-3<\/td><td>2BYSF-4<\/td><td>2BYSF-5<\/td><td>2BYSF-6<\/td><td>2BYSF-8<\/td><\/tr><tr><td>Tamanho<\/td><td>1,57*1,3*1,2m<\/td><td>1,57*1,7*1,2m<\/td><td>1,62*2,35*1,2m<\/td><td>1,62*2,75*1,2m<\/td><td>1,62*3,35*1,2m<\/td><td>1,64*4,6*1,2m<\/td><\/tr><tr><td>Linha<\/td><td>2<\/td><td>3<\/td><td>4<\/td><td>5<\/td><td>6<\/td><td>8<\/td><\/tr><tr><td>Espa\u00e7amento entre linhas<\/td><td>428-570mm<\/td><td>428-570mm<\/td><td>428-570mm<\/td><td>428-570mm<\/td><td>428-570mm<\/td><td>428-570mm<\/td><\/tr><tr><td>Espa\u00e7amento entre plantas<\/td><td>140mm-280mm<\/td><td>140mm-280mm<\/td><td>140mm-280mm<\/td><td>140mm-280mm<\/td><td>140mm-280mm<\/td><td>140mm-280mm<\/td><\/tr><tr><td>Profundidade do sulco<\/td><td>60-80mm<\/td><td>60-80mm<\/td><td>60-80mm<\/td><td>60-80mm<\/td><td>60-80mm<\/td><td>60-80mm<\/td><\/tr><tr><td>Profundidade de fertiliza\u00e7\u00e3o<\/td><td>60-80mm<\/td><td>60-80mm<\/td><td>60-80mm<\/td><td>60-80mm<\/td><td>60-80mm<\/td><td>60-80mm<\/td><\/tr><tr><td>Profundidade de semeadura<\/td><td>30-50mm<\/td><td>30-50mm<\/td><td>30-50mm<\/td><td>30-50mm<\/td><td>30-50mm<\/td><td>30-50mm<\/td><\/tr><tr><td>Capacidade do tanque de fertilizante<\/td><td>18,75L x2<\/td><td>18,75L x3<\/td><td>18,75L x4<\/td><td>18,75L x5<\/td><td>18,75L x6<\/td><td>18,75L x8<\/td><\/tr><tr><td>Capacidade da caixa de sementes<\/td><td>8,5 x 2<\/td><td>8,5 x 3<\/td><td>8,5 x 4<\/td><td>8,5 x 5<\/td><td>8,5 x 6<\/td><td>8,5 x 8<\/td><\/tr><tr><td>Peso<\/td><td>150kg<\/td><td>200kg<\/td><td>295kg<\/td><td>360kg<\/td><td>425kg<\/td><td>650kg<\/td><\/tr><tr><td>Pot\u00eancia compat\u00edvel<\/td><td>&nbsp;12-18hp<\/td><td>15-25hp<\/td><td>25-40hp<\/td><td>40-60hp<\/td><td>50-80hp<\/td><td>75-100hp<\/td><\/tr><tr><td>Liga\u00e7\u00e3o<\/td><td>&nbsp;De tr\u00eas pontos<\/td><td>&nbsp;De tr\u00eas pontos<\/td><td>&nbsp;De tr\u00eas pontos<\/td><td>&nbsp;De tr\u00eas pontos<\/td><td>&nbsp;De tr\u00eas pontos<\/td><td>&nbsp;De tr\u00eas pontos<\/td><\/tr><\/tbody><\/table><figcaption class=\"wp-element-caption\">Dados t\u00e9cnicos da plantadeira de milho acionada por trator<\/figcaption><\/figure>    <figure class=\"wp-block-gallery has-nested-images columns-default is-cropped wp-block-gallery-3 is-layout-flex wp-block-gallery-is-layout-flex\"> <figure class=\"wp-block-image size-large\"><img loading=\"lazy\" decoding=\"async\" width=\"720\" height=\"540\" data-id=\"12703\" src=\"https:\/\/www.agriculture-machine.com\/wp-content\/uploads\/2022\/03\/factory-of-corn-planting-machine-.jpg\" alt=\"f\u00e1brica \" class=\"wp-image-12703\" title=\"f\u00e1brica \" srcset=\"https:\/\/www.agriculture-machine.com\/wp-content\/uploads\/2022\/03\/factory-of-corn-planting-machine-.jpg 720w, https:\/\/www.agriculture-machine.com\/wp-content\/uploads\/2022\/03\/factory-of-corn-planting-machine--360x270.jpg 360w, https:\/\/www.agriculture-machine.com\/wp-content\/uploads\/2022\/03\/factory-of-corn-planting-machine--240x180.jpg 240w\" sizes=\"auto, (max-width: 720px) 100vw, 720px\" \/><figcaption class=\"wp-element-caption\">f\u00e1brica <\/figcaption><\/figure>    <figure class=\"wp-block-image size-large\"><img loading=\"lazy\" decoding=\"async\" width=\"720\" height=\"540\" data-id=\"12704\" src=\"https:\/\/www.agriculture-machine.com\/wp-content\/uploads\/2022\/03\/multi-row-maize-planter-.jpg\" alt=\"produ\u00e7\u00e3o da plantadeira\" class=\"wp-image-12704\" title=\"produ\u00e7\u00e3o da plantadeira\" srcset=\"https:\/\/www.agriculture-machine.com\/wp-content\/uploads\/2022\/03\/multi-row-maize-planter-.jpg 720w, https:\/\/www.agriculture-machine.com\/wp-content\/uploads\/2022\/03\/multi-row-maize-planter--360x270.jpg 360w, https:\/\/www.agriculture-machine.com\/wp-content\/uploads\/2022\/03\/multi-row-maize-planter--240x180.jpg 240w\" sizes=\"auto, (max-width: 720px) 100vw, 720px\" \/><figcaption class=\"wp-element-caption\">produ\u00e7\u00e3o da plantadeira<\/figcaption><\/figure> <figcaption class=\"blocks-gallery-caption wp-element-caption\">m\u00e1quina de plantio de milho<\/figcaption><\/figure>    <h2 class=\"wp-block-heading\" id=\"h-how-to-use-a-4-row-corn-planter\">Precau\u00e7\u00f5es para usar uma plantadeira de milho<\/h2>    <ol class=\"wp-block-list\"> <li>Verifique e limpe antes de usar: remova detritos na caixa de semeadura e grama e solo no abridor de sulcos para garantir que o equipamento esteja limpo e desobstru\u00eddo.<\/li>    <li>Lubrifica\u00e7\u00e3o e manuten\u00e7\u00e3o: de acordo com os requisitos do manual, adicione lubrificante \u00e0s partes de transmiss\u00e3o e \u00e0s partes rotativas do trator em tempo h\u00e1bil.<\/li>    <li>Verifique os fixadores: preste aten\u00e7\u00e3o na verifica\u00e7\u00e3o da corrente de transmiss\u00e3o da plantadeira, a situa\u00e7\u00e3o de tens\u00e3o e se os parafusos est\u00e3o apertados.<\/li>    <li>Mantenha o corpo nivelado: ap\u00f3s a liga\u00e7\u00e3o da plantadeira ao trator, o corpo deve ser mantido nivelado antes e depois para evitar inclina\u00e7\u00f5es e afetar o efeito de semeadura.<\/li>    <li>Ajuste razo\u00e1vel dos par\u00e2metros: ajuste corretamente a quantidade de sementes, o espa\u00e7amento entre linhas do abridor e a profundidade de semeadura da roda de sulco para garantir uma semeadura uniforme e eficiente.<\/li> <\/ol>    <figure class=\"wp-block-image aligncenter size-full is-resized\"><img loading=\"lazy\" decoding=\"async\" width=\"720\" height=\"540\" src=\"https:\/\/www.agriculture-machine.com\/wp-content\/uploads\/2022\/03\/planter1_720_540.jpg\" alt=\"M\u00e1quina de planta\u00e7\u00e3o de milho\" class=\"wp-image-12707\" title=\"cultivador\" srcset=\"https:\/\/www.agriculture-machine.com\/wp-content\/uploads\/2022\/03\/planter1_720_540.jpg 720w, https:\/\/www.agriculture-machine.com\/wp-content\/uploads\/2022\/03\/planter1_720_540-360x270.jpg 360w, https:\/\/www.agriculture-machine.com\/wp-content\/uploads\/2022\/03\/planter1_720_540-240x180.jpg 240w\" sizes=\"auto, (max-width: 720px) 100vw, 720px\" \/><figcaption class=\"wp-element-caption\">M\u00e1quina de planta\u00e7\u00e3o de milho<\/figcaption><\/figure>    <h2 class=\"wp-block-heading\">Casos de sucesso de plantadeiras de milho acionadas por trator<\/h2>    <p class=\"translation-block\">Temos muitos <a href=\"https:\/\/www.agriculture-machine.com\/pt\/we-sold-4-row-and-8-row-corn-planter-machine-to-the-united-states\/\">casos de sucesso de m\u00e1quinas de planta\u00e7\u00e3o de milho<\/a> que s\u00e3o exportados para pa\u00edses estrangeiros. Por exemplo, vendemos 5 conjuntos de plantadeiras de milho de 3 linhas com fertilizante para o Panam\u00e1. Este cliente visitou nossa f\u00e1brica para confirmar o pedido. E antes de comprar esta plantadeira de milho, ele comprou um trator de 20HP. Portanto, sugerimos que ele compre uma plantadeira de 3 linhas, pois precisa combinar com seu trator.<\/p>    <p class=\"translation-block\">Recently, we exported a 4-row corn planter machine to <a href=\"https:\/\/en.wikipedia.org\/wiki\/El_Salvador\" target=\"_blank\" rel=\"noopener\">El Salvador<\/a>. It is worth mentioning that we have customized machines for our customers. according to the customer&#8217;s requirements. we also have customized the seed box for him.<\/p>    <figure class=\"wp-block-gallery has-nested-images columns-2 is-cropped wp-block-gallery-4 is-layout-flex wp-block-gallery-is-layout-flex\"> <figure class=\"wp-block-image size-large\"><a href=\"https:\/\/www.agriculture-machine.com\/wp-content\/uploads\/2022\/03\/wrap-film-4.jpg\"><img loading=\"lazy\" decoding=\"async\" width=\"720\" height=\"540\" data-id=\"12708\" src=\"https:\/\/www.agriculture-machine.com\/wp-content\/uploads\/2022\/03\/wrap-film-4.jpg\" alt=\"filme de embrulho\" class=\"wp-image-12708\" title=\"filme de embrulho\" srcset=\"https:\/\/www.agriculture-machine.com\/wp-content\/uploads\/2022\/03\/wrap-film-4.jpg 720w, https:\/\/www.agriculture-machine.com\/wp-content\/uploads\/2022\/03\/wrap-film-4-360x270.jpg 360w, https:\/\/www.agriculture-machine.com\/wp-content\/uploads\/2022\/03\/wrap-film-4-240x180.jpg 240w\" sizes=\"auto, (max-width: 720px) 100vw, 720px\" \/><\/a><figcaption class=\"wp-element-caption\">filme de embrulho<\/figcaption><\/figure>    <figure class=\"wp-block-image size-large\"><a href=\"https:\/\/www.agriculture-machine.com\/wp-content\/uploads\/2022\/03\/loading-tuya.jpg\"><img loading=\"lazy\" decoding=\"async\" width=\"720\" height=\"540\" data-id=\"12709\" src=\"https:\/\/www.agriculture-machine.com\/wp-content\/uploads\/2022\/03\/loading-tuya.jpg\" alt=\"carregamento\" class=\"wp-image-12709\" title=\"carregamento\" srcset=\"https:\/\/www.agriculture-machine.com\/wp-content\/uploads\/2022\/03\/loading-tuya.jpg 720w, https:\/\/www.agriculture-machine.com\/wp-content\/uploads\/2022\/03\/loading-tuya-360x270.jpg 360w, https:\/\/www.agriculture-machine.com\/wp-content\/uploads\/2022\/03\/loading-tuya-240x180.jpg 240w\" sizes=\"auto, (max-width: 720px) 100vw, 720px\" \/><\/a><figcaption class=\"wp-element-caption\">carregamento<\/figcaption><\/figure>    <figure class=\"wp-block-image size-large\"><a href=\"https:\/\/www.agriculture-machine.com\/wp-content\/uploads\/2022\/03\/shipping-3.jpg\"><img loading=\"lazy\" decoding=\"async\" width=\"720\" height=\"540\" data-id=\"12710\" src=\"https:\/\/www.agriculture-machine.com\/wp-content\/uploads\/2022\/03\/shipping-3.jpg\" alt=\"envio\" class=\"wp-image-12710\" title=\"envio\" srcset=\"https:\/\/www.agriculture-machine.com\/wp-content\/uploads\/2022\/03\/shipping-3.jpg 720w, https:\/\/www.agriculture-machine.com\/wp-content\/uploads\/2022\/03\/shipping-3-360x270.jpg 360w, https:\/\/www.agriculture-machine.com\/wp-content\/uploads\/2022\/03\/shipping-3-240x180.jpg 240w\" sizes=\"auto, (max-width: 720px) 100vw, 720px\" \/><\/a><figcaption class=\"wp-element-caption\">envio<\/figcaption><\/figure>    <figure class=\"wp-block-image size-large\"><a href=\"https:\/\/www.agriculture-machine.com\/wp-content\/uploads\/2022\/03\/in-container1-.jpg\"><img loading=\"lazy\" decoding=\"async\" width=\"720\" height=\"540\" data-id=\"12711\" src=\"https:\/\/www.agriculture-machine.com\/wp-content\/uploads\/2022\/03\/in-container1-.jpg\" alt=\"em contentor\" class=\"wp-image-12711\" title=\"em contentor\" srcset=\"https:\/\/www.agriculture-machine.com\/wp-content\/uploads\/2022\/03\/in-container1-.jpg 720w, https:\/\/www.agriculture-machine.com\/wp-content\/uploads\/2022\/03\/in-container1--360x270.jpg 360w, https:\/\/www.agriculture-machine.com\/wp-content\/uploads\/2022\/03\/in-container1--240x180.jpg 240w\" sizes=\"auto, (max-width: 720px) 100vw, 720px\" \/><\/a><figcaption class=\"wp-element-caption\">em contentor<\/figcaption><\/figure> <figcaption class=\"blocks-gallery-caption wp-element-caption\">embalagem e envio de m\u00e1quinas de plantio de milho<\/figcaption><\/figure>    <h2 class=\"wp-block-heading\" id=\"h-the-troubleshooting-and-solutions\"><a href=\"https:\/\/www.agriculture-machine.com\/pt\/what-should-you-pay-attention-to-when-using-corn-planter-machine\/\">A resolu\u00e7\u00e3o de problemas e solu\u00e7\u00f5es<\/a><\/h2>    <ol class=\"wp-block-list\"> <li>Sem sementes: pode ser que a engrenagem de transmiss\u00e3o n\u00e3o esteja engatada ou o desgaste do orif\u00edcio quadrado do rolo, \u00e9 necess\u00e1rio verificar e reparar ou substituir as pe\u00e7as.<\/li>    <li>Dispositivo de semeadura individual n\u00e3o funciona: geralmente a sa\u00edda de sementes est\u00e1 entupida com detritos, limpar os detritos pode restaurar o funcionamento normal.<\/li>    <li>Fora da semente, mas sem semente no solo: indica que o abridor ou o tubo de sementes est\u00e1 bloqueado, \u00e9 necess\u00e1rio limpar o bloqueio a tempo para garantir o funcionamento suave.<\/li> <\/ol>    <h2 class=\"wp-block-heading\" id=\"h-faq\">Perguntas Frequentes<\/h2>   <div id=\"rank-math-faq\" class=\"rank-math-block\"> <div class=\"rank-math-list\"> <div id=\"faq-question-1717040469237\" class=\"rank-math-list-item\"> <h3 class=\"rank-math-question\">Quantas linhas de m\u00e1quinas de plantio de milho voc\u00ea possui?<\/h3> <div class=\"rank-math-answer\">  <p>Temos m\u00e1quinas de plantio de milho de 2 linhas, 3 linhas, 4 linhas, 5 linhas, 6 linhas e 8 linhas. Assim, voc\u00ea pode escolher de acordo com suas necessidades.<\/p>  <\/div> <\/div> <div id=\"faq-question-1717040477193\" class=\"rank-math-list-item\"> <h3 class=\"rank-math-question\">O espa\u00e7amento entre linhas e entre plantas \u00e9 ajust\u00e1vel?<\/h3> <div class=\"rank-math-answer\">  <p>Sim, eles s\u00e3o ajust\u00e1veis.<\/p>  <\/div> <\/div> <div id=\"faq-question-1717040488671\" class=\"rank-math-list-item\"> <h3 class=\"rank-math-question\">As plantadeiras de milho com diferentes linhas precisam de um trator diferente?<\/h3> <div class=\"rank-math-answer\">  <p>Claro, o motor do trator \u00e9 diferente para diferentes linhas de plantadeiras.<\/p>  <\/div> <\/div> <div id=\"faq-question-1717040497645\" class=\"rank-math-list-item\"> <h3 class=\"rank-math-question\">\u00c9 f\u00e1cil conectar a plantadeira de milho \u00e0 venda com o trator?<\/h3> <div class=\"rank-math-answer\">  <p>Sim, \u00e9 f\u00e1cil. E n\u00e3o se preocupe, ensinaremos como fazer.<\/p>  <\/div> <\/div> <\/div> <\/div>   <p class=\"translation-block\">Al\u00e9m de plantadeiras de milho, tamb\u00e9m oferecemos <a href=\"https:\/\/www.agriculture-machine.com\/pt\/corn-maize-harvester-machine\/\">colheitadeiras de milho<\/a>, <a href=\"https:\/\/www.agriculture-machine.com\/pt\/maize-peeler-and-thresher\/\">moedores de milho<\/a>, e <a href=\"https:\/\/www.agriculture-machine.com\/pt\/corn-grits-making-machine\/\">m\u00e1quinas de fazer farinha de milho<\/a>, cobrindo todos os aspectos desde o semeio at\u00e9 o processamento adicional, ajudando voc\u00ea a completar eficientemente todo o processo de manejo do milho. Sinta-se \u00e0 vontade para nos contactar para solu\u00e7\u00f5es de m\u00e1quinas de milho que atendam \u00e0s suas necessidades!<\/p>","protected":false},"excerpt":{"rendered":"<p>A m\u00e1quina de plantio de milho pode alcan\u00e7ar semeadura uniforme e sincroniza\u00e7\u00e3o de fertilizantes. Temos semeadura em 2-8 linhas m\u00faltiplas, amplamente utilizada em opera\u00e7\u00f5es de semeadura em diversos tipos de terras agr\u00edcolas.<\/p>","protected":false},"author":1,"featured_media":12713,"parent":0,"comment_status":"closed","ping_status":"closed","template":"","tags":[491,481],"product-type":[882,870],"class_list":["post-1889","product","type-product","status-publish","has-post-thumbnail","hentry","tag-corn","tag-maize","product-type-corn-planter","product-type-planter"],"_links":{"self":[{"href":"https:\/\/www.agriculture-machine.com\/pt\/wp-json\/wp\/v2\/product\/1889","targetHints":{"allow":["GET"]}}],"collection":[{"href":"https:\/\/www.agriculture-machine.com\/pt\/wp-json\/wp\/v2\/product"}],"about":[{"href":"https:\/\/www.agriculture-machine.com\/pt\/wp-json\/wp\/v2\/types\/product"}],"author":[{"embeddable":true,"href":"https:\/\/www.agriculture-machine.com\/pt\/wp-json\/wp\/v2\/users\/1"}],"replies":[{"embeddable":true,"href":"https:\/\/www.agriculture-machine.com\/pt\/wp-json\/wp\/v2\/comments?post=1889"}],"wp:featuredmedia":[{"embeddable":true,"href":"https:\/\/www.agriculture-machine.com\/pt\/wp-json\/wp\/v2\/media\/12713"}],"wp:attachment":[{"href":"https:\/\/www.agriculture-machine.com\/pt\/wp-json\/wp\/v2\/media?parent=1889"}],"wp:term":[{"taxonomy":"post_tag","embeddable":true,"href":"https:\/\/www.agriculture-machine.com\/pt\/wp-json\/wp\/v2\/tags?post=1889"},{"taxonomy":"product-type","embeddable":true,"href":"https:\/\/www.agriculture-machine.com\/pt\/wp-json\/wp\/v2\/product-type?post=1889"}],"curies":[{"name":"wp","href":"https:\/\/api.w.org\/{rel}","templated":true}]}}