{"id":1931,"date":"2019-02-20T09:34:02","date_gmt":"2019-02-20T01:34:02","guid":{"rendered":"https:\/\/www.agriculture-machine.com\/?p=1931"},"modified":"2025-03-14T17:56:59","modified_gmt":"2025-03-14T09:56:59","slug":"combine-harvester","status":"publish","type":"product","link":"https:\/\/www.agriculture-machine.com\/pt\/combine-harvester\/","title":{"rendered":"M\u00e1quina de colheita de trigo e arroz combinada"},"content":{"rendered":"<p>No m\u00e9todo tradicional de colheita de arroz, as tarefas separadas de colheita manual e debulha n\u00e3o s\u00f3 requerem uma quantidade significativa de m\u00e3o de obra, mas tamb\u00e9m levam a uma perda de gr\u00e3os de cerca de 10% a 15%.<\/p>    <p>Entre na m\u00e1quina de colheita de arroz e trigo combinada, que combina habilmente os processos de colheita e debulha em uma opera\u00e7\u00e3o eficiente. Com capacidade de cobrir de 50 a 80 mu por dia e uma taxa de perda de apenas 1,5% ou menos, oferece uma solu\u00e7\u00e3o abrangente para a agricultura moderna, levando voc\u00ea do campo ao silo de gr\u00e3os sem problemas.<\/p>    <figure class=\"wp-block-embed aligncenter is-type-video is-provider-youtube wp-block-embed-youtube wp-embed-aspect-16-9 wp-has-aspect-ratio\"><div class=\"wp-block-embed__wrapper\"> <iframe loading=\"lazy\" title=\"Tecnologia avan\u00e7ada, uma m\u00e1quina! A colheitadeira de arroz e trigo faz uma apari\u00e7\u00e3o surpreendente!\" width=\"500\" height=\"281\" src=\"https:\/\/www.youtube.com\/embed\/-JwfU0i0ZWo?start=24&#038;feature=oembed\" frameborder=\"0\" allow=\"accelerometer; autoplay; clipboard-write; encrypted-media; gyroscope; picture-in-picture; web-share\" referrerpolicy=\"strict-origin-when-cross-origin\" allowfullscreen><\/iframe> <\/div><figcaption class=\"wp-element-caption\">V\u00eddeo de funcionamento da pequena colheitadeira combinada<\/figcaption><\/figure>    <p>A melhor parte \u00e9 que voc\u00ea n\u00e3o precisar\u00e1 investir em duas m\u00e1quinas separadas \u2014 uma pequena colheitadeira combinada e uma debulhadora. Este tipo de m\u00e1quina pode realmente ajudar a economizar dinheiro e energia. Neste artigo, exploraremos os dois tipos diferentes de m\u00e1quinas de colheita de arroz.<\/p>    <h2 class=\"wp-block-heading\">Tipo um<\/h2>    <p>Esta pequena m\u00e1quina de colheita combinada \u00e9 projetada para arroz e trigo. Ela colhe culturas de forma eficiente cortando-as diretamente do campo, al\u00e9m de lidar com debulha, separa\u00e7\u00e3o de palha e remo\u00e7\u00e3o de impurezas tudo de uma vez. <\/p>    <p>Em termos mais simples, esta m\u00e1quina n\u00e3o s\u00f3 corta o arroz ou trigo, mas tamb\u00e9m debulha, fornecendo gr\u00e3os limpos no final. Al\u00e9m disso, possui uma baixa taxa de quebra de gr\u00e3os de apenas 1,5% e uma taxa de perda de arroz de 2%.<\/p>    <figure class=\"wp-block-image aligncenter wp-image-4063 size-full\"><img loading=\"lazy\" decoding=\"async\" width=\"750\" height=\"600\" src=\"https:\/\/www.agriculture-machine.com\/wp-content\/uploads\/2019\/02\/harvester-machine-5.jpg\" alt=\"pequeno colheitador combinado\" class=\"wp-image-4063\" srcset=\"https:\/\/www.agriculture-machine.com\/wp-content\/uploads\/2019\/02\/harvester-machine-5.jpg 750w, https:\/\/www.agriculture-machine.com\/wp-content\/uploads\/2019\/02\/harvester-machine-5-338x270.jpg 338w, https:\/\/www.agriculture-machine.com\/wp-content\/uploads\/2019\/02\/harvester-machine-5-675x540.jpg 675w\" sizes=\"auto, (max-width: 750px) 100vw, 750px\" \/><figcaption class=\"wp-element-caption\">pequeno colheitador combinado<\/figcaption><\/figure>    <figure class=\"wp-block-image aligncenter\"><img decoding=\"async\" src=\"https:\/\/www.agriculture-machine.com\/wp-content\/uploads\/2019\/02\/combine-harvester06.jpg\" alt=\"estrutura da colheitadeira de trigo\"\/><figcaption class=\"wp-element-caption\">estrutura da colheitadeira de trigo<\/figcaption><\/figure>    <h3 class=\"wp-block-heading\">Par\u00e2metro t\u00e9cnico da pequena colheitadeira combinada<\/h3>    <figure class=\"wp-block-table is-style-stripes\"><table class=\"has-fixed-layout\"><tbody><tr><td>Modelo<\/td><td><strong><strong>4LZ-0.8 (trilho)<\/strong><\/strong><\/td><\/tr><tr><td>Conex\u00e3o\/Transmiss\u00e3o<\/td><td>Unidade de tra\u00e7\u00e3o de eixo \u00fanico<\/td><\/tr><tr><td>Modo de partida<\/td><td>Partida el\u00e9trica<\/td><\/tr><tr><td>Ilumina\u00e7\u00e3o<\/td><td>12V\/100W<\/td><\/tr><tr><td>Resfriamento<\/td><td>Resfriamento a ar<\/td><\/tr><tr><td>Peso<\/td><td>450 kg<\/td><\/tr><tr><td>Dimens\u00f5es<\/td><td>2700*1420*1350 mm<\/td><\/tr><tr><td>Modelo do motor<\/td><td>188 F<\/td><\/tr><tr><td>Motor diesel<\/td><td>Motor de cilindro \u00fanico, horizontal, \u00e1gua evaporativa, inje\u00e7\u00e3o direta<\/td><\/tr><tr><td>Pot\u00eancia nominal<\/td><td>13,5 Hp<\/td><\/tr><tr><td>Velocidade nominal do motor<\/td><td>3600 r\/min<\/td><\/tr><tr><td>Consumo de combust\u00edvel<\/td><td>20 kg\/hm2<\/td><\/tr><tr><td>Velocidade de trabalho te\u00f3rica<\/td><td>2,56 (segunda marcha)<\/td><\/tr><tr><td>Produtividade<\/td><td>400-1000m2\/h<\/td><\/tr><tr><td>Taxa de quebra<\/td><td>1.5%<\/td><\/tr><tr><td>Taxa de perda de arroz<\/td><td>2%<\/td><\/tr><tr><td>Taxa de perda de trigo<\/td><td>3.5%<\/td><\/tr><tr><td>Largura de corte nominal<\/td><td>1200 mm<\/td><\/tr><tr><td>Altura m\u00ednima do solo<\/td><td>180 mm<\/td><\/tr><tr><td>Caterpillar<\/td><td>Comprimento 800 *Largura 250 mm<\/td><\/tr><tr><td>Tamanho do pneu<\/td><td>5.00-12<\/td><\/tr><\/tbody><\/table><figcaption class=\"wp-element-caption\">Dados t\u00e9cnicos da pequena colheitadeira combinada<\/figcaption><\/figure>    <h3 class=\"wp-block-heading\">Preocupa\u00e7\u00e3o com a pequena colheitadeira combinada<\/h3>    <ul class=\"wp-block-list\"> <li>A m\u00e1quina de colheita de arroz deve ir ao campo em linha reta, o que pode melhorar a efici\u00eancia de trabalho e evitar desperd\u00edcio de culturas.<\/li>    <li>O usu\u00e1rio deve controlar a velocidade da m\u00e1quina de colheita de trigo e arroz de acordo com a altura, umidade da cultura e umidade do campo. Reduzir a velocidade para culturas altas e aumentar para campos secos.<\/li> <\/ul>    <figure class=\"wp-block-image aligncenter\"><img decoding=\"async\" src=\"https:\/\/www.agriculture-machine.com\/wp-content\/uploads\/2019\/02\/combine-harvester08.jpg\" alt=\"local de trabalho da m\u00e1quina de colheita de arroz\"\/><figcaption class=\"wp-element-caption\">local de trabalho da pequena m\u00e1quina de colheita de arroz e trigo<\/figcaption><\/figure>    <h3 class=\"wp-block-heading\">Vantagens da colheitadeira de arroz<\/h3>    <ul class=\"wp-block-list\"> <li>Tecnologia de debulha de alta efici\u00eancia para garantir gr\u00e3os limpos e separa\u00e7\u00e3o completa.<\/li>    <li>Adotar tambor tr\u00eas em um com, baixa carga e baixa taxa de quebras.<\/li>    <li>Porta de alimenta\u00e7\u00e3o mais ampla: a mat\u00e9ria-prima pode ser colocada na m\u00e1quina suavemente sem bloqueios.<\/li>    <li>Transportador de eleva\u00e7\u00e3o mais amplo: facilita o transporte das culturas.<\/li>    <li>Nossa m\u00e1quina de colheita de arroz combinada tem um design razo\u00e1vel, alta confiabilidade, manuten\u00e7\u00e3o f\u00e1cil e baixo custo.<\/li>    <li>Alta taxa de debulha. A taxa de debulha \u00e9 superior a 95%.<\/li>    <li>As pessoas podem sentar na m\u00e1quina para operar, economizando tempo e energia.<\/li> <\/ul>    <h2 class=\"wp-block-heading\">Tipo dois<\/h2>    <p>A pequena colheitadeira autopropelida combinada foi projetada para lidar com caminhada, colheita, limpeza e debulha tudo em uma m\u00e1quina, alimentada por um motor diesel. Permite que os operadores se sentem confortavelmente enquanto trabalham, tornando-se muito conveniente para os agricultores. <\/p>    <p>Este colheitador oferece excelente manobrabilidade, f\u00e1cil movimenta\u00e7\u00e3o e impressionante efici\u00eancia de produ\u00e7\u00e3o. Ap\u00f3s a colheita, as culturas s\u00e3o alimentadas no tambor para debulha, o que ajuda a economizar tempo e m\u00e3o de obra. Sua alta capacidade e baixa taxa de perdas est\u00e3o entre seus maiores benef\u00edcios.<\/p>    <figure class=\"wp-block-image aligncenter wp-image-2050 size-full\"><img loading=\"lazy\" decoding=\"async\" width=\"667\" height=\"502\" src=\"https:\/\/www.agriculture-machine.com\/wp-content\/uploads\/2018\/10\/rice-harvester2.jpg\" alt=\"m\u00e1quina de colheita de arroz conclu\u00edda\" class=\"wp-image-2050\" srcset=\"https:\/\/www.agriculture-machine.com\/wp-content\/uploads\/2018\/10\/rice-harvester2.jpg 667w, https:\/\/www.agriculture-machine.com\/wp-content\/uploads\/2018\/10\/rice-harvester2-360x270.jpg 360w, https:\/\/www.agriculture-machine.com\/wp-content\/uploads\/2018\/10\/rice-harvester2-240x180.jpg 240w\" sizes=\"auto, (max-width: 667px) 100vw, 667px\" \/><figcaption class=\"wp-element-caption\">m\u00e1quina de colheita de arroz conclu\u00edda<\/figcaption><\/figure>    <figure class=\"wp-block-table is-style-stripes\"><table><tbody><tr><td>modelo<\/td><td>TZY-100A<\/td><\/tr><tr><td>tipo<\/td><td>Tipo de passeio (as pessoas podem sentar)<\/td><\/tr><tr><td>motor<\/td><td>9,2kw<\/td><\/tr><tr><td>motor<\/td><td>Motor diesel de 12,5Hp<\/td><\/tr><tr><td>largura de corte<\/td><td>120cm<\/td><\/tr><tr><td>altura de corte<\/td><td>12-75cm<\/td><\/tr><tr><td>taxa de quebra<\/td><td>&lt;5%<\/td><\/tr><tr><td>conte\u00fado de lixo<\/td><td>&lt;7%<\/td><\/tr><tr><td>capacidade<\/td><td>1000m\u00b3\/h<\/td><\/tr><tr><td>tamanho<\/td><td>2600*1340*1540mm<\/td><\/tr><tr><td>peso<\/td><td>450kg<\/td><\/tr><\/tbody><\/table><figcaption class=\"wp-element-caption\">dados t\u00e9cnicos do pequeno colheitador combinado<\/figcaption><\/figure>    <figure class=\"wp-block-image aligncenter wp-image-4061 size-full\"><img loading=\"lazy\" decoding=\"async\" width=\"750\" height=\"600\" src=\"https:\/\/www.agriculture-machine.com\/wp-content\/uploads\/2019\/02\/harvester-machine-3.jpg\" alt=\"colheitadeira de arroz\" class=\"wp-image-4061\" srcset=\"https:\/\/www.agriculture-machine.com\/wp-content\/uploads\/2019\/02\/harvester-machine-3.jpg 750w, https:\/\/www.agriculture-machine.com\/wp-content\/uploads\/2019\/02\/harvester-machine-3-338x270.jpg 338w, https:\/\/www.agriculture-machine.com\/wp-content\/uploads\/2019\/02\/harvester-machine-3-675x540.jpg 675w\" sizes=\"auto, (max-width: 750px) 100vw, 750px\" \/><figcaption class=\"wp-element-caption\">colheitadeira de arroz<\/figcaption><\/figure>    <h2 class=\"wp-block-heading\">Preocupa\u00e7\u00e3o com a m\u00e1quina de debulhar e colheita de arroz<\/h2>    <ol class=\"wp-block-list\"> <li>Certifique-se de ler cuidadosamente o manual do produto antes de usar. A estrutura do colheitador de trigo \u00e9 complicada, embora a qualidade da m\u00e1quina seja muito boa, voc\u00ea ainda precisa conhecer a estrutura interna e seguir a introdu\u00e7\u00e3o para operar. Caso contr\u00e1rio, a pequena m\u00e1quina de colheita combinada ser\u00e1 propensa a falhas.<\/li>    <li>As condi\u00e7\u00f5es das culturas colhidas variam amplamente, como variedade, maturidade, teor de umidade, rendimento e altura da cultura. Assim, os mecanismos relevantes da m\u00e1quina devem ser ajustados a tempo para garantir bom desempenho.<\/li>    <li>O dispositivo de prote\u00e7\u00e3o instalado na colheitadeira de arroz \u00e9 para proteger a seguran\u00e7a do operador. Portanto, n\u00e3o pode ser desmontado durante o trabalho. Se for desmontado durante a manuten\u00e7\u00e3o, o usu\u00e1rio deve reinstal\u00e1-lo para evitar acidentes.<\/li>    <li>A colheitadeira deve ser inspecionada e mantida frequentemente, verificando se h\u00e1 falta de \u00f3leo lubrificante ou \u00e1gua, folgas nos parafusos e sons anormais, etc.<\/li>    <li>Todas as partes do <a href=\"https:\/\/www.agriculture-machine.com\/pt\/reaper-binder\/\"><strong>m\u00e1quina de colheita de trigo<\/strong><\/a> s\u00e3o projetados para serem coordenados e n\u00e3o podem ser modificados \u00e0 vontade.<\/li> <\/ol>    <figure class=\"wp-block-image aligncenter wp-image-2049 size-full\"><img loading=\"lazy\" decoding=\"async\" width=\"668\" height=\"473\" src=\"https:\/\/www.agriculture-machine.com\/wp-content\/uploads\/2018\/10\/rice-harvester1.jpg\" alt=\"colheitadeira de arroz\" class=\"wp-image-2049\" srcset=\"https:\/\/www.agriculture-machine.com\/wp-content\/uploads\/2018\/10\/rice-harvester1.jpg 668w, https:\/\/www.agriculture-machine.com\/wp-content\/uploads\/2018\/10\/rice-harvester1-360x255.jpg 360w\" sizes=\"auto, (max-width: 668px) 100vw, 668px\" \/><figcaption class=\"wp-element-caption\">colheitadeira de arroz<\/figcaption><\/figure>    <figure class=\"wp-block-image aligncenter\"><img decoding=\"async\" src=\"https:\/\/www.agriculture-machine.com\/wp-content\/uploads\/2019\/02\/combine-harvester05.jpg\" alt=\"vantagem da colheitadeira de arroz\"\/><figcaption class=\"wp-element-caption\">vantagem da colheitadeira de arroz<\/figcaption><\/figure>    <h2 class=\"wp-block-heading\"><strong>Vantagens do pequeno colheitador de arroz<\/strong><\/h2>    <ol class=\"wp-block-list\"> <li>Baixa quebra. \u00c9 de apenas 5% e voc\u00ea pode obter gr\u00e3os muito intactos e limpos.<\/li>    <li>Alta capacidade. Esta colheitadeira tem uma capacidade maior (1000m\u00b3\/h) em compara\u00e7\u00e3o com outras colheitadeiras.<\/li>    <li>A altura de corte \u00e9 ajust\u00e1vel (12-75cm).<\/li>    <li>Opera\u00e7\u00e3o f\u00e1cil. Apenas uma pessoa pode concluir todos os processos.<\/li>    <li>M\u00faltiplas fun\u00e7\u00f5es. Pode colher arroz e trigo primeiro e depois debulh\u00e1-los para obter gr\u00e3os, economizando tempo e energia.<\/li> <\/ol>    <figure class=\"wp-block-image aligncenter wp-image-2051 size-full\"><img loading=\"lazy\" decoding=\"async\" width=\"672\" height=\"478\" src=\"https:\/\/www.agriculture-machine.com\/wp-content\/uploads\/2018\/10\/rice-harvester3.jpg\" alt=\"m\u00e1quina de colheita de arroz\" class=\"wp-image-2051\" srcset=\"https:\/\/www.agriculture-machine.com\/wp-content\/uploads\/2018\/10\/rice-harvester3.jpg 672w, https:\/\/www.agriculture-machine.com\/wp-content\/uploads\/2018\/10\/rice-harvester3-360x256.jpg 360w\" sizes=\"auto, (max-width: 672px) 100vw, 672px\" \/><figcaption class=\"wp-element-caption\">m\u00e1quina de colheita de arroz<\/figcaption><\/figure>    <h2 class=\"wp-block-heading\">Falha e solu\u00e7\u00e3o relacionada da colheitadeira de arroz<\/h2>    <figure class=\"wp-block-table is-style-stripes\"><table><tbody><tr><td>Falha<\/td><td>Raz\u00e3o<\/td><td>Solu\u00e7\u00e3o<\/td><\/tr><tr><td rowspan=\"4\">O cortador est\u00e1 bloqueado.<\/td><td>1. Gram\u00edneas e lama no cortador.<\/td><td>1. Pare e remova obst\u00e1culos.<\/td><\/tr><tr><td>2. A folga da l\u00e2mina \u00e9 muito grande.<\/td><td>2. Ajuste a folga da l\u00e2mina.<\/td><\/tr><tr><td>3. A quantidade de cultura \u00e9 excessiva.<\/td><td>3. reduzir a largura de colheita.<\/td><\/tr><tr><td>4. Dano \u00e0 l\u00e2mina.<\/td><td>4. Repare ou substitua.<\/td><\/tr><tr><td rowspan=\"2\">Reduza a quantidade de culturas alimentadas e trabalhe com acelerador m\u00e9dio e grande.<\/td><td>1. A cultura \u00e9 mais curta que 55 cm.<\/td><td>1. Tente reduzir a altura do toco.<\/td><\/tr><tr><td>2. O suporte de transporte do cortador est\u00e1 danificado.<\/td><td>2. Repare ou substitua.<\/td><\/tr><tr><td rowspan=\"4\">O rolo de debulha est\u00e1 bloqueado.<\/td><td>1. A quantidade de alimenta\u00e7\u00e3o \u00e9 excessiva ou desigual.<\/td><td>1. Controle o cortador para cortar as culturas de forma uniforme durante a opera\u00e7\u00e3o.<\/td><\/tr><tr><td>2. A velocidade do tambor \u00e9 baixa.<\/td><td>2. Trabalhar com acelerador m\u00e9dio e grande<\/td><\/tr><tr><td>3. O caule est\u00e1 muito \u00famido, e a cultura est\u00e1 muito alta.<\/td><td>3. Escolha culturas secas para colher e aumente a altura do toco.<\/td><\/tr><tr><td>4. A placa guia est\u00e1 desprendida ou desgastada.<\/td><td>4. Repare ou substitua.<\/td><\/tr><tr><td rowspan=\"2\">A sa\u00edda de gr\u00e3os est\u00e1 bloqueada.<\/td><td>1. A sa\u00edda de gr\u00e3os est\u00e1 cheia, e o recipiente de gr\u00e3os n\u00e3o \u00e9 trocado a tempo.<\/td><td>1. Troque o recipiente a tempo.<\/td><\/tr><tr><td>2. O caule est\u00e1 molhado, e o gr\u00e3o cont\u00e9m ervas daninhas.<\/td><td>Ajuste a altura do cortador.<\/td><\/tr><tr><td>A cabe\u00e7a da cultura cai no campo.<\/td><td>A altura da colheita excede 1,1 m.<\/td><td>Ajuste a altura do cortador.<\/td><\/tr><\/tbody><\/table><figcaption class=\"wp-element-caption\">Como usar corretamente a pequena m\u00e1quina de colheita combinada<\/figcaption><\/figure>    <h2 class=\"wp-block-heading\">Como usar uma colheitadeira combinada de trigo e arroz?<\/h2>    <p class=\"translation-block\">Durante a temporada de colheita, devido \u00e0s tarefas pesadas, <strong>colheitadeira de arroz<\/strong> frequentemente encontra variedades de culturas, campos de tamanhos diferentes e condi\u00e7\u00f5es naturais complexas e variadas. Para maximizar a efici\u00eancia de trabalho, o operador n\u00e3o s\u00f3 deve conhecer o desempenho estrutural da m\u00e1quina de arroz combinada, mas tamb\u00e9m dominar corretamente o m\u00e9todo e os procedimentos de opera\u00e7\u00e3o.<\/p>    <ol class=\"wp-block-list\"> <li>Prepara\u00e7\u00e3o antes do uso.<\/li> <\/ol>    <p>Com base na manuten\u00e7\u00e3o, voc\u00ea deve levar algumas ferramentas necess\u00e1rias e pe\u00e7as vulner\u00e1veis. Ao mesmo tempo, adicione combust\u00edvel suficiente e \u00f3leo lubrificante.<\/p>    <ol start=\"2\" class=\"wp-block-list\"> <li>M\u00e9todos de prepara\u00e7\u00e3o e colheita.<\/li> <\/ol>    <ul class=\"wp-block-list\"> <li>Voc\u00ea deve conhecer as condi\u00e7\u00f5es das estradas, profundidade do solo, altura da cultura e umidade para fazer ajustes apropriados na m\u00e1quina de colheita de trigo.<\/li>    <li>Quando a pequena colheitadeira combinada vai ao campo, ela geralmente entra pelo canto esquerdo. Para evitar perdas, o espa\u00e7o aberto de 1,2m x 2,4m deve ser cortado manualmente no canto direito. Se o campo n\u00e3o for alto, a colheitadeira de arroz pode trabalhar diretamente.<\/li>    <li>Se o terreno for relativamente limpo e n\u00e3o for alto, para melhorar a efici\u00eancia de produ\u00e7\u00e3o, v\u00e1rios campos podem ser conectados para colher.<\/li> <\/ul>    <h2 class=\"wp-block-heading\">Um caso de sucesso de m\u00e1quina de colheita de arroz<\/h2>    <p>No in\u00edcio de junho, enviamos dois conjuntos de m\u00e1quinas de colheita de arroz para o Congo. O cliente veio \u00e0 nossa f\u00e1brica para testar as m\u00e1quinas e expressou grande satisfa\u00e7\u00e3o com seu desempenho. <\/p>    <p>Para promover uma parceria forte de longo prazo, fornecemos a ele algumas pe\u00e7as de reposi\u00e7\u00e3o essenciais sem custo, pois esta \u00e9 nossa primeira colabora\u00e7\u00e3o. Nossa equipe cuidou especialmente na embalagem das m\u00e1quinas para evitar qualquer dano durante a entrega. Abaixo, algumas fotos mostrando como embalamos a pequena colheitadeira.<\/p>    <figure class=\"wp-block-image aligncenter\"><img loading=\"lazy\" decoding=\"async\" width=\"720\" height=\"540\" src=\"https:\/\/www.agriculture-machine.com\/wp-content\/uploads\/2019\/02\/rice-harvester-1.jpg\" alt=\"imagem de envio04\" class=\"wp-image-4281\" srcset=\"https:\/\/www.agriculture-machine.com\/wp-content\/uploads\/2019\/02\/rice-harvester-1.jpg 720w, https:\/\/www.agriculture-machine.com\/wp-content\/uploads\/2019\/02\/rice-harvester-1-360x270.jpg 360w, https:\/\/www.agriculture-machine.com\/wp-content\/uploads\/2019\/02\/rice-harvester-1-240x180.jpg 240w\" sizes=\"auto, (max-width: 720px) 100vw, 720px\" \/><\/figure>    <figure class=\"wp-block-image aligncenter\"><img loading=\"lazy\" decoding=\"async\" width=\"720\" height=\"540\" src=\"https:\/\/www.agriculture-machine.com\/wp-content\/uploads\/2019\/02\/rice-harvester-2.jpg\" alt=\"imagem de envio05\" class=\"wp-image-4282\" srcset=\"https:\/\/www.agriculture-machine.com\/wp-content\/uploads\/2019\/02\/rice-harvester-2.jpg 720w, https:\/\/www.agriculture-machine.com\/wp-content\/uploads\/2019\/02\/rice-harvester-2-360x270.jpg 360w, https:\/\/www.agriculture-machine.com\/wp-content\/uploads\/2019\/02\/rice-harvester-2-240x180.jpg 240w\" sizes=\"auto, (max-width: 720px) 100vw, 720px\" \/><\/figure>    <figure class=\"wp-block-image aligncenter\"><img loading=\"lazy\" decoding=\"async\" width=\"720\" height=\"540\" src=\"https:\/\/www.agriculture-machine.com\/wp-content\/uploads\/2019\/02\/rice-harvester-3.jpg\" alt=\"imagem de envio06\" class=\"wp-image-4283\" srcset=\"https:\/\/www.agriculture-machine.com\/wp-content\/uploads\/2019\/02\/rice-harvester-3.jpg 720w, https:\/\/www.agriculture-machine.com\/wp-content\/uploads\/2019\/02\/rice-harvester-3-360x270.jpg 360w, https:\/\/www.agriculture-machine.com\/wp-content\/uploads\/2019\/02\/rice-harvester-3-240x180.jpg 240w\" sizes=\"auto, (max-width: 720px) 100vw, 720px\" \/><\/figure>    <h2 class=\"wp-block-heading\">Perguntas Frequentes<\/h2>   <div id=\"rank-math-faq\" class=\"rank-math-block\"> <div class=\"rank-math-list\"> <div id=\"faq-question-1716197682348\" class=\"rank-math-list-item\"> <h3 class=\"rank-math-question\">Qual \u00e9 a largura de corte das duas m\u00e1quinas de arroz?<\/h3> <div class=\"rank-math-answer\">  <p>120cm para os dois tipos de m\u00e1quina.<\/p>  <\/div> <\/div> <div id=\"faq-question-1716197686223\" class=\"rank-math-list-item\"> <h3 class=\"rank-math-question\">Qual \u00e9 a altura de corte?<\/h3> <div class=\"rank-math-answer\">  <p>12-75cm.<\/p>  <\/div> <\/div> <div id=\"faq-question-1716197697136\" class=\"rank-math-list-item\"> <h3 class=\"rank-math-question\">Qual \u00e9 a diferen\u00e7a entre ambas as m\u00e1quinas?<\/h3> <div class=\"rank-math-answer\">  <p>Tipo um \u00e9 de partida el\u00e9trica, e o tipo dois \u00e9 de passeio (as pessoas podem sentar).<\/p>  <\/div> <\/div> <div id=\"faq-question-1716197708327\" class=\"rank-math-list-item\"> <h3 class=\"rank-math-question\">Qual \u00e9 a taxa de perda de ambas as m\u00e1quinas?<\/h3> <div class=\"rank-math-answer\">  <p>Tipo um: taxa de perda de arroz de 2%.<br \/>Taxa de perda de trigo de 3,5%.<br \/>Tipo dois: menos de 5%.<\/p>  <\/div> <\/div> <div id=\"faq-question-1716197720791\" class=\"rank-math-list-item\"> <h3 class=\"rank-math-question\">Posso obter gr\u00e3os limpos de arroz ou trigo usando esta m\u00e1quina de colheita de arroz?<\/h3> <div class=\"rank-math-answer\">  <p>Sim, a m\u00e1quina pode cortar arroz ou trigo e debulh\u00e1-los ao mesmo tempo.<\/p>  <\/div> <\/div> <div id=\"faq-question-1716197734790\" class=\"rank-math-list-item\"> <h3 class=\"rank-math-question\">Qual \u00e9 a mat\u00e9ria-prima desta m\u00e1quina?<\/h3> <div class=\"rank-math-answer\">  <p>Apenas arroz e trigo.<\/p>  <\/div> <\/div> <div id=\"faq-question-1716197744079\" class=\"rank-math-list-item\"> <h3 class=\"rank-math-question\">Voc\u00ea \u00e9 o fabricante?<\/h3> <div class=\"rank-math-answer\">  <p>Sim, somos. Bem-vindo \u00e0 nossa f\u00e1brica.<\/p>  <\/div> <\/div> <div id=\"faq-question-1716197754447\" class=\"rank-math-list-item\"> <h3 class=\"rank-math-question\">Voc\u00ea pode alterar a voltagem da m\u00e1quina conforme nossa solicita\u00e7\u00e3o?<\/h3> <div class=\"rank-math-answer\">  <p>Sim, podemos.<\/p>  <\/div> <\/div> <div id=\"faq-question-1716197763735\" class=\"rank-math-list-item\"> <h3 class=\"rank-math-question\">Como \u00e9 o seu servi\u00e7o p\u00f3s-venda?<\/h3> <div class=\"rank-math-answer\">  <p>Nosso engenheiro pode ir ao exterior para instalar e treinar seus trabalhadores para operar toda a linha de m\u00e1quinas.<\/p>  <\/div> <\/div> <div id=\"faq-question-1716197773985\" class=\"rank-math-list-item\"> <h3 class=\"rank-math-question\">Tempo de garantia da sua pequena m\u00e1quina de colheita combinada?<\/h3> <div class=\"rank-math-answer\">  <p>1 ano.<\/p>  <\/div> <\/div> <\/div> <\/div>   <p><br><\/p>","protected":false},"excerpt":{"rendered":"<p>O pequeno colheitador combinado, que inclui fun\u00e7\u00f5es de colheita e debulha de arroz e trigo, pode obter sementes de culturas diretamente do campo com uma taxa de quebra de sementes de apenas 1,5%.<\/p>","protected":false},"author":1,"featured_media":1943,"parent":0,"comment_status":"closed","ping_status":"closed","template":"","tags":[490,796,158],"product-type":[888],"class_list":["post-1931","product","type-product","status-publish","has-post-thumbnail","hentry","tag-harvester","tag-rice","tag-wheat","product-type-rice-reaper"],"_links":{"self":[{"href":"https:\/\/www.agriculture-machine.com\/pt\/wp-json\/wp\/v2\/product\/1931","targetHints":{"allow":["GET"]}}],"collection":[{"href":"https:\/\/www.agriculture-machine.com\/pt\/wp-json\/wp\/v2\/product"}],"about":[{"href":"https:\/\/www.agriculture-machine.com\/pt\/wp-json\/wp\/v2\/types\/product"}],"author":[{"embeddable":true,"href":"https:\/\/www.agriculture-machine.com\/pt\/wp-json\/wp\/v2\/users\/1"}],"replies":[{"embeddable":true,"href":"https:\/\/www.agriculture-machine.com\/pt\/wp-json\/wp\/v2\/comments?post=1931"}],"wp:featuredmedia":[{"embeddable":true,"href":"https:\/\/www.agriculture-machine.com\/pt\/wp-json\/wp\/v2\/media\/1943"}],"wp:attachment":[{"href":"https:\/\/www.agriculture-machine.com\/pt\/wp-json\/wp\/v2\/media?parent=1931"}],"wp:term":[{"taxonomy":"post_tag","embeddable":true,"href":"https:\/\/www.agriculture-machine.com\/pt\/wp-json\/wp\/v2\/tags?post=1931"},{"taxonomy":"product-type","embeddable":true,"href":"https:\/\/www.agriculture-machine.com\/pt\/wp-json\/wp\/v2\/product-type?post=1931"}],"curies":[{"name":"wp","href":"https:\/\/api.w.org\/{rel}","templated":true}]}}