{"id":200,"date":"2018-07-12T07:22:03","date_gmt":"2018-07-11T23:22:03","guid":{"rendered":"https:\/\/www.agriculture-machine.com\/?p=200"},"modified":"2024-10-24T14:12:06","modified_gmt":"2024-10-24T06:12:06","slug":"small-chaff-cutter","status":"publish","type":"product","link":"https:\/\/www.agriculture-machine.com\/pt\/small-chaff-cutter\/","title":{"rendered":"Tr\u00eas tipos de cortador de palha \/ m\u00e1quina de corte de relva pequena"},"content":{"rendered":"<h1 class=\"wp-block-heading\"><span style=\"color: #ff0000;\">Tipo um<\/span><\/h1>    <p>O cortador de relva HC-400 \u00e9 pequeno em tamanho, mas \u00e9 uma ferramenta \u00fatil para agricultores, e pode escolh\u00ea-lo sem hesita\u00e7\u00e3o se plantar trigo, milho ou tiver relva a ser cortada. A relva cortada pode ser usada para alimentar os animais e \u00e9 f\u00e1cil de digerir devido ao seu pequeno formato. Com uma capacidade de 400-500kg\/h, vendemos in\u00fameros conjuntos em casa e no estrangeiro, ajudando significativamente os agricultores a poupar energia e tempo.<\/p>   <p><iframe loading=\"lazy\" title=\"Venda quente, cortador de palha barato \/ m\u00e1quina de corte de relva \/ corte de silagem de palha na f\u00e1brica chinesa\" width=\"500\" height=\"281\" src=\"https:\/\/www.youtube.com\/embed\/xqezorsYNPE?start=3&#038;feature=oembed\" frameborder=\"0\" allow=\"accelerometer; autoplay; clipboard-write; encrypted-media; gyroscope; picture-in-picture; web-share\" referrerpolicy=\"strict-origin-when-cross-origin\" allowfullscreen><\/iframe><\/p>    <h2 class=\"wp-block-heading\">Par\u00e2metro t\u00e9cnico do cortador de relva<\/h2>    <figure class=\"wp-block-image aligncenter\"><img loading=\"lazy\" decoding=\"async\" width=\"500\" height=\"500\" src=\"https:\/\/www.agriculture-machine.com\/wp-content\/uploads\/2018\/07\/11.jpg\" alt=\"Cortador de palha\" class=\"wp-image-2983\" srcset=\"https:\/\/www.agriculture-machine.com\/wp-content\/uploads\/2018\/07\/11.jpg 500w, https:\/\/www.agriculture-machine.com\/wp-content\/uploads\/2018\/07\/11-270x270.jpg 270w\" sizes=\"auto, (max-width: 500px) 100vw, 500px\" \/><figcaption class=\"wp-element-caption\">Cortador de palha<\/figcaption><\/figure>    <figure class=\"wp-block-table is-style-stripes\"><table><tbody><tr><td>Modelo<\/td><td>HC-400<\/td><\/tr><tr><td>Pot\u00eancia<\/td><td>Motor de 2.2kw, motor a gasolina ou motor a diesel<\/td><\/tr><tr><td>Capacidade<\/td><td>400-500kg\/h<\/td><\/tr><tr><td>Peso<\/td><td>80kg<\/td><\/tr><tr><td>Tamanho<\/td><td>1050*580*800mm<\/td><\/tr><\/tbody><\/table><figcaption class=\"wp-element-caption\">Dados t\u00e9cnicos da m\u00e1quina de corte de palha<\/figcaption><\/figure>    <h2 class=\"wp-block-heading\">Estrutura do cortador de relva<\/h2>    <figure class=\"wp-block-image aligncenter\"><img loading=\"lazy\" decoding=\"async\" width=\"500\" height=\"500\" src=\"https:\/\/www.agriculture-machine.com\/wp-content\/uploads\/2018\/07\/88.jpg\" alt=\"\" class=\"wp-image-2987\" srcset=\"https:\/\/www.agriculture-machine.com\/wp-content\/uploads\/2018\/07\/88.jpg 500w, https:\/\/www.agriculture-machine.com\/wp-content\/uploads\/2018\/07\/88-270x270.jpg 270w\" sizes=\"auto, (max-width: 500px) 100vw, 500px\" \/><\/figure>    <figure class=\"wp-block-image aligncenter\"><img loading=\"lazy\" decoding=\"async\" width=\"500\" height=\"500\" src=\"https:\/\/www.agriculture-machine.com\/wp-content\/uploads\/2018\/07\/77.jpg\" alt=\"\" class=\"wp-image-2986\" srcset=\"https:\/\/www.agriculture-machine.com\/wp-content\/uploads\/2018\/07\/77.jpg 500w, https:\/\/www.agriculture-machine.com\/wp-content\/uploads\/2018\/07\/77-270x270.jpg 270w\" sizes=\"auto, (max-width: 500px) 100vw, 500px\" \/><\/figure>    <figure class=\"wp-block-image aligncenter\"><img loading=\"lazy\" decoding=\"async\" width=\"500\" height=\"500\" src=\"https:\/\/www.agriculture-machine.com\/wp-content\/uploads\/2018\/07\/66.jpg\" alt=\"\" class=\"wp-image-2985\" srcset=\"https:\/\/www.agriculture-machine.com\/wp-content\/uploads\/2018\/07\/66.jpg 500w, https:\/\/www.agriculture-machine.com\/wp-content\/uploads\/2018\/07\/66-270x270.jpg 270w\" sizes=\"auto, (max-width: 500px) 100vw, 500px\" \/><\/figure>    <h2 class=\"wp-block-heading\">Aplica\u00e7\u00e3o da m\u00e1quina cortadora de relva<\/h2>    <ol class=\"wp-block-list\"> <li>A m\u00e1quina cortadora de palha pode cortar os caules de feij\u00e3o, milho, arroz, trigo, alfafa, relva, feno, palha de trigo, vagens de amendoim, codornas, etc., para cria\u00e7\u00e3o de vacas, cavalos, ovelhas, gansos, galinhas, patos e outros animais.<\/li>    <li>A l\u00e2mina do cortador de relva \u00e9 o equipamento mec\u00e2nico para a maioria dos agricultores rurais e pequenas ou m\u00e9dias unidades de processamento de ra\u00e7\u00e3o, podendo ser usada por pastagens, f\u00e1bricas de papel e plantas medicinais tamb\u00e9m.<\/li> <\/ol>    <figure class=\"wp-block-image aligncenter\"><img loading=\"lazy\" decoding=\"async\" width=\"500\" height=\"500\" src=\"https:\/\/www.agriculture-machine.com\/wp-content\/uploads\/2018\/07\/99.jpg\" alt=\"m\u00e1quina de corte de relva\" class=\"wp-image-2988\" srcset=\"https:\/\/www.agriculture-machine.com\/wp-content\/uploads\/2018\/07\/99.jpg 500w, https:\/\/www.agriculture-machine.com\/wp-content\/uploads\/2018\/07\/99-270x270.jpg 270w\" sizes=\"auto, (max-width: 500px) 100vw, 500px\" \/><\/figure>    <h2 class=\"wp-block-heading\">Caracter\u00edsticas da m\u00e1quina de corte de relva<\/h2>    <ol class=\"wp-block-list\"> <li>Com quatro rodas, um cortador de relva manual pode ser f\u00e1cil de mover.<\/li>    <li>O comprimento de corte da relva pode ser ajustado de acordo com a necessidade do cliente.<\/li>    <li>A relva cortada por esta m\u00e1quina pode ser facilmente digerida pelos animais.<\/li>    <li>Efeito de corte elevado. O efeito das pe\u00e7as finais \u00e9 muito bom.<\/li>    <li>Pequeno tamanho e leve. \u00c9 f\u00e1cil para uso dom\u00e9stico.<\/li> <\/ol>    <h1 class=\"wp-block-heading\"><span style=\"color: #ff0000;\">Tipo dois<\/span><\/h1>    <figure class=\"wp-block-image aligncenter\"><img decoding=\"async\" src=\"https:\/\/www.agriculture-machine.com\/wp-content\/uploads\/2018\/07\/IMG_7060.jpg\" alt=\"m\u00e1quina de corte de relva\" class=\"wp-image-3517\"\/><figcaption class=\"wp-element-caption\">m\u00e1quina de corte de relva<\/figcaption><\/figure>    <h2 class=\"wp-block-heading\"><strong><b>Breve introdu\u00e7\u00e3o de <\/b><\/strong>cortador de relva<\/h2>    <p>Com rodas leves, a m\u00e1quina cortadora de palha \u00e9 f\u00e1cil de mover. Uma m\u00e1quina de corte de palha pode funcionar com um motor de 2.2kw ou um pequeno motor a gasolina para locais sem eletricidade. O comprimento de corte da relva pode ser ajustado de acordo com a necessidade do cliente.<\/p>    <figure class=\"wp-block-image aligncenter\"><img decoding=\"async\" src=\"https:\/\/www.agriculture-machine.com\/wp-content\/uploads\/2018\/07\/IMG_6925.jpg\" alt=\"M\u00e1quina de cortar relva\" class=\"wp-image-3516\"\/><figcaption class=\"wp-element-caption\">M\u00e1quina de cortar relva<\/figcaption><\/figure>    <figure class=\"wp-block-table is-style-stripes\"><table><tbody><tr><td>Capacidade<\/td><td>500kg\/h<\/td><\/tr><tr><td>tamanho da embalagem<\/td><td>400*500*600mm<\/td><\/tr><tr><td>pot\u00eancia<\/td><td>2.2kw<\/td><\/tr><tr><td>peso<\/td><td>50kg<\/td><\/tr><\/tbody><\/table><figcaption class=\"wp-element-caption\">Par\u00e2metros da m\u00e1quina de corte de relva<\/figcaption><\/figure>    <h2 class=\"wp-block-heading\"><strong><b>Aplica\u00e7\u00e3o de <\/b><\/strong>cortador de relva<\/h2>    <p>A m\u00e1quina cortadora de relva pode cortar relva, feno, palha de gr\u00e3os, palha de trigo, caules de milho, vagens de amendoim, etc., que podem ser usados para cria\u00e7\u00e3o de vacas, cavalos, ovelhas, gansos, galinhas, patos e outros animais, o que favorece a digest\u00e3o deles.<\/p>    <figure class=\"wp-block-image aligncenter\"><img decoding=\"async\" src=\"https:\/\/www.agriculture-machine.com\/wp-content\/uploads\/2018\/07\/IMG_7292.jpg\" alt=\"\" class=\"wp-image-3519\"\/><\/figure>    <h2 class=\"wp-block-heading\"><strong><b>Vantagem de <\/b><\/strong>Cortador de palha<\/h2>    <p>1. A m\u00e1quina cortadora de feno \u00e9 o equipamento mec\u00e2nico mais utilizado por agricultores rurais e pequenas ou m\u00e9dias unidades de processamento de ra\u00e7\u00e3o, podendo ser usada por pastagens, f\u00e1bricas de papel e plantas medicinais.<\/p>    <p>2. A l\u00e2mina \u00e9 feita de a\u00e7o de alta qualidade com parafusos de alta resist\u00eancia e refinada por um processo especial, o que a torna segura, confi\u00e1vel e resistente.<\/p>    <figure class=\"wp-block-image aligncenter\"><img decoding=\"async\" src=\"https:\/\/www.agriculture-machine.com\/wp-content\/uploads\/2018\/07\/IMG_7082.jpg\" alt=\"\" class=\"wp-image-3518\"\/><\/figure>    <h1 class=\"wp-block-heading\"><span style=\"color: #ff0000;\">Tipo tr\u00eas<\/span><\/h1>    <figure class=\"wp-block-image aligncenter\"><img loading=\"lazy\" decoding=\"async\" width=\"750\" height=\"750\" src=\"https:\/\/www.agriculture-machine.com\/wp-content\/uploads\/2018\/07\/01.jpg\" alt=\"\" class=\"wp-image-3523\" srcset=\"https:\/\/www.agriculture-machine.com\/wp-content\/uploads\/2018\/07\/01.jpg 750w, https:\/\/www.agriculture-machine.com\/wp-content\/uploads\/2018\/07\/01-270x270.jpg 270w, https:\/\/www.agriculture-machine.com\/wp-content\/uploads\/2018\/07\/01-540x540.jpg 540w\" sizes=\"auto, (max-width: 750px) 100vw, 750px\" \/><\/figure>    <h2 class=\"wp-block-heading\">Breve introdu\u00e7\u00e3o do cortador de relva<\/h2>    <p>1. Duas fun\u00e7\u00f5es desta m\u00e1quina: corte de palha e tritura\u00e7\u00e3o de gr\u00e3os. Este cortador de relva integra corte de palha e tritura\u00e7\u00e3o de gr\u00e3os como um todo.<\/p>    <p>2. A mat\u00e9ria-prima pode ser palha de milho, feno, relva, gr\u00e3os, etc.<\/p>    <p>3. Diferentes telas de malha podem produzir diferentes formas de p\u00f3s.<\/p>    <p>4. O produto acabado \u00e9 popular para o consumo de gado na fazenda.<\/p>    <p>5. voc\u00ea pode escolher diferentes inimigos de acordo com suas necessidades.<\/p>    <p>6. Dois rodas flex\u00edveis e um suporte est\u00e1vel facilitam o transporte.<\/p>    <figure class=\"wp-block-image aligncenter\"><img loading=\"lazy\" decoding=\"async\" width=\"750\" height=\"750\" src=\"https:\/\/www.agriculture-machine.com\/wp-content\/uploads\/2018\/07\/03.jpg\" alt=\"\" class=\"wp-image-3524\" srcset=\"https:\/\/www.agriculture-machine.com\/wp-content\/uploads\/2018\/07\/03.jpg 750w, https:\/\/www.agriculture-machine.com\/wp-content\/uploads\/2018\/07\/03-270x270.jpg 270w, https:\/\/www.agriculture-machine.com\/wp-content\/uploads\/2018\/07\/03-540x540.jpg 540w\" sizes=\"auto, (max-width: 750px) 100vw, 750px\" \/><\/figure>    <figure class=\"wp-block-table is-style-stripes\"><table><tbody><tr><td> <p style=\"text-align: center; vertical-align: baseline; margin: 0.0000pt;\" align=\"center\" class=\"translation-block\"><strong><span style=\"font-family: Arial;color: #000000;font-weight: bold;font-style: normal;font-size: 10.5000pt\">Modelo<\/span><\/strong><\/p> <\/td><td> <p style=\"text-align: center; vertical-align: baseline; margin: 0.0000pt;\" align=\"center\" class=\"translation-block\"><strong><span style=\"font-family: Arial;color: #000000;font-weight: bold;font-style: normal;font-size: 10.5000pt\">TZY-D1<\/span><\/strong><\/p> <\/td><\/tr><tr><td> <p style=\"text-align: center; vertical-align: baseline; margin: 0.0000pt;\" align=\"center\"><span style=\"font-family: Arial; color: #000000; font-style: normal; font-size: 10.5000pt;\">Motor<\/span><\/p> <\/td><td> <p style=\"text-align: center; vertical-align: baseline; margin: 0.0000pt;\" align=\"center\"><span style=\"font-family: Arial; color: #000000; font-style: normal; font-size: 10.5000pt;\">1.5kw<\/span><\/p> <\/td><\/tr><tr><td> <p style=\"text-align: center; vertical-align: baseline; margin: 0.0000pt;\" align=\"center\"><span style=\"font-family: Arial; color: #000000; font-style: normal; font-size: 10.5000pt;\">Dimens\u00e3o<\/span><\/p> <\/td><td> <p style=\"text-align: center; vertical-align: baseline; margin: 0.0000pt;\" align=\"center\"><span style=\"font-family: Arial; color: #000000; font-style: normal; font-size: 10.5000pt;\">1150*680*1360mm<\/span><\/p> <\/td><\/tr><tr><td> <p style=\"text-align: center; vertical-align: baseline; margin: 0.0000pt;\" align=\"center\"><span style=\"font-family: Arial; color: #000000; font-style: normal; font-size: 10.5000pt;\">Peso<\/span><\/p> <\/td><td> <p style=\"text-align: center; vertical-align: baseline; margin: 0.0000pt;\" align=\"center\"><span style=\"font-family: Arial; color: #000000; font-style: normal; font-size: 10.5000pt;\">87kg<\/span><\/p> <\/td><\/tr><tr><td> <p style=\"text-align: center; vertical-align: baseline; margin: 0.0000pt;\" align=\"center\"><span style=\"font-family: Arial; color: #000000; font-style: normal; font-size: 10.5000pt;\">Capacidade<\/span><\/p> <\/td><td> <p style=\"text-align: center; vertical-align: baseline; margin: 0.0000pt;\" align=\"center\"><span style=\"font-family: Arial; color: #000000; font-style: normal; font-size: 10.5000pt;\">1t\/h<\/span><\/p> <\/td><\/tr><\/tbody><\/table><figcaption class=\"wp-element-caption\">Informa\u00e7\u00f5es detalhadas da m\u00e1quina de moer culturas<\/figcaption><\/figure>    <p class=\"translation-block\">Al\u00e9m disso, as nossas m\u00e1quinas semelhantes s\u00e3o <strong><em>M\u00e1quina de corte de relva para alimenta\u00e7\u00e3o animal | cortador de palha | cortador de relva com grande capacidade<\/em><\/strong>, e <strong><em>m\u00e1quina de corte de relva \/ corte de relva molhada \/ cortador de relva 4-15t\/h<\/em><\/strong>.<\/p>    <h2 class=\"wp-block-heading\">O caso de sucesso do cortador de relva<\/h2>    <p>Esta m\u00e1quina de corte de palha \u00e9 o produto mais vendido na nossa f\u00e1brica e vendemos muitos conjuntos todos os meses. No m\u00eas passado, 500 conjuntos foram entregues ao Paquist\u00e3o, nosso cliente j\u00e1 recebeu todas as m\u00e1quinas, elogiando muito a qualidade, e a seguir est\u00e1 a foto do empacotamento.<\/p>    <p>Al\u00e9m disso, oferecemos um servi\u00e7o p\u00f3s-venda perfeito, como atendimento online 24h, envio de pe\u00e7as sobressalentes gratuitamente dentro de um ano, organiza\u00e7\u00e3o de treinamentos com nossos engenheiros para seus trabalhadores, etc. Em suma, faremos o poss\u00edvel para resolver todos os seus problemas.<\/p>    <figure class=\"wp-block-image aligncenter\"><img loading=\"lazy\" decoding=\"async\" width=\"500\" height=\"500\" src=\"https:\/\/www.agriculture-machine.com\/wp-content\/uploads\/2018\/07\/333.jpg\" alt=\"\" class=\"wp-image-2991\" srcset=\"https:\/\/www.agriculture-machine.com\/wp-content\/uploads\/2018\/07\/333.jpg 500w, https:\/\/www.agriculture-machine.com\/wp-content\/uploads\/2018\/07\/333-270x270.jpg 270w\" sizes=\"auto, (max-width: 500px) 100vw, 500px\" \/><\/figure>    <figure class=\"wp-block-image aligncenter\"><img loading=\"lazy\" decoding=\"async\" width=\"500\" height=\"500\" src=\"https:\/\/www.agriculture-machine.com\/wp-content\/uploads\/2018\/07\/555.jpg\" alt=\"\" class=\"wp-image-2992\" srcset=\"https:\/\/www.agriculture-machine.com\/wp-content\/uploads\/2018\/07\/555.jpg 500w, https:\/\/www.agriculture-machine.com\/wp-content\/uploads\/2018\/07\/555-270x270.jpg 270w\" sizes=\"auto, (max-width: 500px) 100vw, 500px\" \/><\/figure>    <h2 class=\"wp-block-heading\">Perguntas Frequentes<\/h2>   <div id=\"rank-math-faq\" class=\"rank-math-block\"> <div class=\"rank-math-list\"> <div id=\"faq-question-1709531769865\" class=\"rank-math-list-item\"> <h3 class=\"rank-math-question\">Quantas l\u00e2minas h\u00e1 dentro da m\u00e1quina de corte de palha?<\/h3> <div class=\"rank-math-answer\">  <p>4 l\u00e2minas.<\/p>  <\/div> <\/div> <div id=\"faq-question-1709531776517\" class=\"rank-math-list-item\"> <h3 class=\"rank-math-question\">Que tipo de mat\u00e9ria-prima pode ser cortada por esta m\u00e1quina?<\/h3> <div class=\"rank-math-answer\">  <p>Palha de arroz, palha de trigo, palha de milho, galhos de \u00e1rvores e outras relvas.<\/p>  <\/div> <\/div> <div id=\"faq-question-1709531783645\" class=\"rank-math-list-item\"> <h3 class=\"rank-math-question\">Voc\u00ea tem algum tipo de m\u00e1quina de corte de relva?<\/h3> <div class=\"rank-math-answer\">  <p>Sim, claro, \u00e9 a menor, e tamb\u00e9m temos outros tamanhos maiores e m\u00e1quinas de corte de relva de maior capacidade.<\/p>  <\/div> <\/div> <div id=\"faq-question-1709531794566\" class=\"rank-math-list-item\"> <h3 class=\"rank-math-question\">Qual \u00e9 a capacidade de uma m\u00e1quina de cortar relva?<\/h3> <div class=\"rank-math-answer\">  <p>A sua capacidade \u00e9 de 400-500kg\/h.<\/p>  <\/div> <\/div> <div id=\"faq-question-1709531820733\" class=\"rank-math-list-item\"> <h3 class=\"rank-math-question\">\u00c9 adequado para uso individual?<\/h3> <div class=\"rank-math-answer\">  <p>Sim, claro.<\/p>  <\/div> <\/div> <\/div> <\/div>","protected":false},"excerpt":{"rendered":"<p>\u00c9 uma m\u00e1quina de corte de relva de pequeno porte com 4 l\u00e2minas, muito apreciada por agricultores individuais. A mat\u00e9ria-prima pode ser relva, palha de arroz, milho e trigo.<\/p>","protected":false},"author":1,"featured_media":0,"parent":0,"comment_status":"closed","ping_status":"closed","template":"","tags":[832,2609],"product-type":[912],"class_list":["post-200","product","type-product","status-publish","hentry","tag-chaff","tag-cutter","product-type-chaff-cutter"],"_links":{"self":[{"href":"https:\/\/www.agriculture-machine.com\/pt\/wp-json\/wp\/v2\/product\/200","targetHints":{"allow":["GET"]}}],"collection":[{"href":"https:\/\/www.agriculture-machine.com\/pt\/wp-json\/wp\/v2\/product"}],"about":[{"href":"https:\/\/www.agriculture-machine.com\/pt\/wp-json\/wp\/v2\/types\/product"}],"author":[{"embeddable":true,"href":"https:\/\/www.agriculture-machine.com\/pt\/wp-json\/wp\/v2\/users\/1"}],"replies":[{"embeddable":true,"href":"https:\/\/www.agriculture-machine.com\/pt\/wp-json\/wp\/v2\/comments?post=200"}],"wp:attachment":[{"href":"https:\/\/www.agriculture-machine.com\/pt\/wp-json\/wp\/v2\/media?parent=200"}],"wp:term":[{"taxonomy":"post_tag","embeddable":true,"href":"https:\/\/www.agriculture-machine.com\/pt\/wp-json\/wp\/v2\/tags?post=200"},{"taxonomy":"product-type","embeddable":true,"href":"https:\/\/www.agriculture-machine.com\/pt\/wp-json\/wp\/v2\/product-type?post=200"}],"curies":[{"name":"wp","href":"https:\/\/api.w.org\/{rel}","templated":true}]}}