{"id":2279,"date":"2018-10-17T09:50:12","date_gmt":"2018-10-17T01:50:12","guid":{"rendered":"https:\/\/www.agriculture-machine.com\/?p=1011"},"modified":"2024-09-18T16:08:35","modified_gmt":"2024-09-18T08:08:35","slug":"rice-transplanter-machine","status":"publish","type":"product","link":"https:\/\/www.agriculture-machine.com\/pt\/rice-transplanter-machine\/","title":{"rendered":"M\u00e1quina de transplantar arroz de 2 linhas"},"content":{"rendered":"<h2 class=\"wp-block-heading\">Breve introdu\u00e7\u00e3o do transplantador de arroz de 2 fileiras<\/h2>    <p class=\"translation-block\">\u00c9 um transplantador de arroz de 2 fileiras  e precisa ser usado manualmente. A m\u00e1quina \u00e9 leve (20kg) e muito adequada para agricultores. A dist\u00e2ncia entre as fileiras \u00e9 de 250mm e n\u00e3o pode ser ajustada. A profundidade m\u00e1xima de plantio \u00e9 de 65mm e a frequ\u00eancia m\u00e1xima de plantio \u00e9 de 120pcs\/min. Este pequeno tipo de transplantador de arroz \u00e9 f\u00e1cil de usar e \u00e9 um produto de venda quente na nossa f\u00e1brica.<\/p>   <p><iframe loading=\"lazy\" title=\"Debulhadora de arroz combinada | M\u00e1quina de debulhar e triturar arroz\" width=\"500\" height=\"281\" src=\"https:\/\/www.youtube.com\/embed\/DcsznGBC44g?feature=oembed\" frameborder=\"0\" allow=\"accelerometer; autoplay; clipboard-write; encrypted-media; gyroscope; picture-in-picture; web-share\" referrerpolicy=\"strict-origin-when-cross-origin\" allowfullscreen><\/iframe><\/p>    <figure class=\"wp-block-image aligncenter\"><img loading=\"lazy\" decoding=\"async\" width=\"750\" height=\"689\" src=\"https:\/\/www.agriculture-machine.com\/wp-content\/uploads\/2018\/10\/CY2-TRANSPLANTER-1.jpg\" alt=\"Estrutura do transplantador de arroz de 2 fileiras\" class=\"wp-image-3245\" srcset=\"https:\/\/www.agriculture-machine.com\/wp-content\/uploads\/2018\/10\/CY2-TRANSPLANTER-1.jpg 750w, https:\/\/www.agriculture-machine.com\/wp-content\/uploads\/2018\/10\/CY2-TRANSPLANTER-1-294x270.jpg 294w, https:\/\/www.agriculture-machine.com\/wp-content\/uploads\/2018\/10\/CY2-TRANSPLANTER-1-588x540.jpg 588w\" sizes=\"auto, (max-width: 750px) 100vw, 750px\" \/><\/figure>    <h2 class=\"wp-block-heading\">Par\u00e2metro t\u00e9cnico do transplantador de arroz de 2 fileiras<\/h2>    <figure class=\"wp-block-table is-style-stripes\"><table><tbody><tr><td>Nome<\/td><td>M\u00e1quina de transplantar arroz<\/td><\/tr><tr><td>Modelo<\/td><td>&nbsp;CY-2<\/td><\/tr><tr><td>Fileiras<\/td><td>2 fileiras<\/td><\/tr><tr><td>Tipo<\/td><td>&nbsp;Manual<\/td><\/tr><tr><td>Dist\u00e2ncia entre fileiras<\/td><td>&nbsp;250mm, can&#8217;t adjusted<\/td><\/tr><tr><td>Frequ\u00eancia m\u00e1xima de plantio<\/td><td>&nbsp;1 20pcs\/min<\/td><\/tr><tr><td>Profundidade m\u00e1xima de plantio<\/td><td>&nbsp;65mm<\/td><\/tr><tr><td>Tamanho<\/td><td>600* 700** 800mm<\/td><\/tr><tr><td>Peso<\/td><td>20kg<\/td><\/tr><tr><td>20GP<\/td><td>190 conjuntos<\/td><\/tr><\/tbody><\/table><figcaption class=\"wp-element-caption\">Dados t\u00e9cnicos da m\u00e1quina de transplantar arroz de duas fileiras<\/figcaption><\/figure>    <h2 class=\"wp-block-heading\">Estrutura da m\u00e1quina de transplantar arroz de 2 fileiras<\/h2>    <p>\u00c9 composto principalmente por uma corrente, pega, leitos de mudas e uma placa.<\/p>    <figure class=\"wp-block-image aligncenter\"><img loading=\"lazy\" decoding=\"async\" width=\"750\" height=\"869\" src=\"https:\/\/www.agriculture-machine.com\/wp-content\/uploads\/2018\/10\/CY2-TRANSPLANTER-2.jpg\" alt=\"Estudo de caso\" class=\"wp-image-3246\" srcset=\"https:\/\/www.agriculture-machine.com\/wp-content\/uploads\/2018\/10\/CY2-TRANSPLANTER-2.jpg 750w, https:\/\/www.agriculture-machine.com\/wp-content\/uploads\/2018\/10\/CY2-TRANSPLANTER-2-233x270.jpg 233w, https:\/\/www.agriculture-machine.com\/wp-content\/uploads\/2018\/10\/CY2-TRANSPLANTER-2-466x540.jpg 466w\" sizes=\"auto, (max-width: 750px) 100vw, 750px\" \/><\/figure>    <h2 class=\"wp-block-heading\"><strong><b>Princ\u00edpio de funcionamento deste equipamento<\/b><\/strong><\/h2>    <ol class=\"wp-block-list\"> <li>Coloque as mudas nos dois leitos de mudas da m\u00e1quina<\/li>    <li>Gire a pega na mesma dire\u00e7\u00e3o<\/li>    <li>A agulha de transplantar pega as mudas uma a uma<\/li>    <li>Depois, insira-os no solo<\/li>    <li>Durante o processo, o operador deve estar de frente para a m\u00e1quina e recuar continuamente.<\/li> <\/ol>    <figure class=\"wp-block-image aligncenter\"><img loading=\"lazy\" decoding=\"async\" width=\"750\" height=\"1054\" src=\"https:\/\/www.agriculture-machine.com\/wp-content\/uploads\/2018\/10\/CY2-TRANSPLANTER-6.jpg\" alt=\"Imagem de envio 10\" class=\"wp-image-3247\" srcset=\"https:\/\/www.agriculture-machine.com\/wp-content\/uploads\/2018\/10\/CY2-TRANSPLANTER-6.jpg 750w, https:\/\/www.agriculture-machine.com\/wp-content\/uploads\/2018\/10\/CY2-TRANSPLANTER-6-192x270.jpg 192w, https:\/\/www.agriculture-machine.com\/wp-content\/uploads\/2018\/10\/CY2-TRANSPLANTER-6-384x540.jpg 384w\" sizes=\"auto, (max-width: 750px) 100vw, 750px\" \/><\/figure>    <h2 class=\"wp-block-heading\">Quais s\u00e3o as condi\u00e7\u00f5es t\u00e9cnicas do nosso transplantador?<\/h2>    <ul class=\"wp-block-list\"> <li>A altura das mudas deve estar entre 180-300mm<\/li>    <li>A raiz das mudas deve ser inserida no solo cerca de 60mm<\/li>    <li>A profundidade de trabalho deve ser controlada entre 10-20mm<\/li>    <li>O operador deve adicionar \u00f3leo lubrificante na parte de fric\u00e7\u00e3o antes de usar para alcan\u00e7ar uma rota\u00e7\u00e3o flex\u00edvel<\/li>    <li>Durante a opera\u00e7\u00e3o, a muda deve estar paralela<\/li> <\/ul>    <h2 class=\"wp-block-heading\">Vantagem do transplantador de arroz de 2 fileiras<\/h2>    <ol class=\"wp-block-list\"> <li>O leito de mudas \u00e9 f\u00e1cil de empurrar para fora para limpeza<\/li>    <li>Leve peso facilita o movimento no campo de arroz<\/li>    <li>Basta uma pessoa para operar.<\/li>    <li>As mudas podem ser colocadas no solo de forma vertical e ordenada<\/li>    <li>Alta adaptabilidade, adequada para encostas, montanhas, plan\u00edcies, etc.<\/li> <\/ol>    <h2 class=\"wp-block-heading\">Casos de sucesso da nossa m\u00e1quina de transplantar<\/h2>    <p>Caso 1<\/p>    <p>Entreg\u00e1mos 190 conjuntos (20 GP) de m\u00e1quinas de transplantar arroz para o Sri Lanka em agosto de 2018. Novembro \u00e9 a \u00e9poca de plantio no Sri Lanka e o tempo de entrega \u00e9 de cerca de 40-50 dias. Em outras palavras, o nosso cliente comprou uma m\u00e1quina de plantio de arroz em agosto e a receber\u00e1 em outubro. Ele \u00e9 um revendedor no mercado local, distribuindo m\u00e1quinas para agricultores que ir\u00e3o oper\u00e1-las na \u00e9poca de plantio.<\/p>    <figure class=\"wp-block-image aligncenter\"><img loading=\"lazy\" decoding=\"async\" width=\"960\" height=\"1280\" src=\"https:\/\/www.agriculture-machine.com\/wp-content\/uploads\/2018\/10\/6bfe28209ccdc550c111f8325ad1b82.jpg\" alt=\"Imagem de envio 12\" class=\"wp-image-3243\" srcset=\"https:\/\/www.agriculture-machine.com\/wp-content\/uploads\/2018\/10\/6bfe28209ccdc550c111f8325ad1b82.jpg 960w, https:\/\/www.agriculture-machine.com\/wp-content\/uploads\/2018\/10\/6bfe28209ccdc550c111f8325ad1b82-203x270.jpg 203w, https:\/\/www.agriculture-machine.com\/wp-content\/uploads\/2018\/10\/6bfe28209ccdc550c111f8325ad1b82-405x540.jpg 405w, https:\/\/www.agriculture-machine.com\/wp-content\/uploads\/2018\/10\/6bfe28209ccdc550c111f8325ad1b82-768x1024.jpg 768w\" sizes=\"auto, (max-width: 960px) 100vw, 960px\" \/><\/figure>    <figure class=\"wp-block-image aligncenter\"><img loading=\"lazy\" decoding=\"async\" width=\"960\" height=\"1280\" src=\"https:\/\/www.agriculture-machine.com\/wp-content\/uploads\/2018\/10\/92f84b9e6f760a47d96b2cf8bd56a06.jpg\" alt=\"foto de envio 12\" class=\"wp-image-3244\" srcset=\"https:\/\/www.agriculture-machine.com\/wp-content\/uploads\/2018\/10\/92f84b9e6f760a47d96b2cf8bd56a06.jpg 960w, https:\/\/www.agriculture-machine.com\/wp-content\/uploads\/2018\/10\/92f84b9e6f760a47d96b2cf8bd56a06-203x270.jpg 203w, https:\/\/www.agriculture-machine.com\/wp-content\/uploads\/2018\/10\/92f84b9e6f760a47d96b2cf8bd56a06-405x540.jpg 405w, https:\/\/www.agriculture-machine.com\/wp-content\/uploads\/2018\/10\/92f84b9e6f760a47d96b2cf8bd56a06-768x1024.jpg 768w\" sizes=\"auto, (max-width: 960px) 100vw, 960px\" \/><\/figure>    <p>Em janeiro de 2019, o nosso cliente dos Estados Unidos encomendou 100 conjuntos conosco. O arroz \u00e9 muito comum na Am\u00e9rica, por isso as m\u00e1quinas de transplantar arroz s\u00e3o populares entre os agricultores americanos. Nosso transplantador de arroz de 2 fileiras \u00e9 leve e funcional, sendo uma boa escolha para agricultores individuais ou revendedores.<\/p>    <p>Ap\u00f3s conhecer o excelente desempenho da m\u00e1quina de transplantar arroz, se estiver interessado nos nossos produtos, n\u00e3o hesite em contactar-nos para mais detalhes. Estamos ansiosos por partilhar mais informa\u00e7\u00f5es empolgantes sobre as nossas m\u00e1quinas agr\u00edcolas avan\u00e7adas consigo! Al\u00e9m disso, tamb\u00e9m o convidamos a visitar a nossa f\u00e1brica para experimentar a nossa for\u00e7a t\u00e9cnica e servi\u00e7o atento. Esperamos colaborar mais consigo!<\/p>    <p class=\"translation-block\">tamb\u00e9m temos m\u00e1quinas de transplantar arroz de 6 e 8 fileiras, por favor, clique no link abaixo para ver mais informa\u00e7\u00f5es. (<em>Artigo relacionado: <strong><a href=\"https:\/\/www.agriculture-machine.com\/pt\/8-rows-rice-transplanter\/\">Transplantador de arroz \/ M\u00e1quina de transplantar arroz<\/a><\/strong><\/em>)<\/p>    <h2 class=\"wp-block-heading\">Contate-nos a qualquer momento<\/h2>    <p>Debulhadora de arroz combinada | M\u00e1quina de debulhar e triturar arroz<\/p>","protected":false},"excerpt":{"rendered":"<p>Transplantador de arroz de 2 fileiras eficiente com bom pre\u00e7o<\/p>","protected":false},"author":1,"featured_media":1031,"parent":0,"comment_status":"closed","ping_status":"closed","template":"","tags":[2607,492,796,151],"product-type":[914],"class_list":["post-2279","product","type-product","status-publish","has-post-thumbnail","hentry","tag-nursery","tag-planter","tag-rice","tag-transplanter","product-type-rice-transplanter"],"_links":{"self":[{"href":"https:\/\/www.agriculture-machine.com\/pt\/wp-json\/wp\/v2\/product\/2279","targetHints":{"allow":["GET"]}}],"collection":[{"href":"https:\/\/www.agriculture-machine.com\/pt\/wp-json\/wp\/v2\/product"}],"about":[{"href":"https:\/\/www.agriculture-machine.com\/pt\/wp-json\/wp\/v2\/types\/product"}],"author":[{"embeddable":true,"href":"https:\/\/www.agriculture-machine.com\/pt\/wp-json\/wp\/v2\/users\/1"}],"replies":[{"embeddable":true,"href":"https:\/\/www.agriculture-machine.com\/pt\/wp-json\/wp\/v2\/comments?post=2279"}],"wp:featuredmedia":[{"embeddable":true,"href":"https:\/\/www.agriculture-machine.com\/pt\/wp-json\/wp\/v2\/media\/1031"}],"wp:attachment":[{"href":"https:\/\/www.agriculture-machine.com\/pt\/wp-json\/wp\/v2\/media?parent=2279"}],"wp:term":[{"taxonomy":"post_tag","embeddable":true,"href":"https:\/\/www.agriculture-machine.com\/pt\/wp-json\/wp\/v2\/tags?post=2279"},{"taxonomy":"product-type","embeddable":true,"href":"https:\/\/www.agriculture-machine.com\/pt\/wp-json\/wp\/v2\/product-type?post=2279"}],"curies":[{"name":"wp","href":"https:\/\/api.w.org\/{rel}","templated":true}]}}