{"id":230,"date":"2018-07-12T07:42:09","date_gmt":"2018-07-11T23:42:09","guid":{"rendered":"https:\/\/www.agriculture-machine.com\/?p=230"},"modified":"2025-03-10T16:33:26","modified_gmt":"2025-03-10T08:33:26","slug":"chaff-cutter-and-grain-crusher","status":"publish","type":"product","link":"https:\/\/www.agriculture-machine.com\/pt\/chaff-cutter-and-grain-crusher\/","title":{"rendered":"M\u00e1quina de corte de relva | Cortador de palha e moedor de gr\u00e3os"},"content":{"rendered":"<p>With over 20 years of experience in manufacturing silage machinery, our chaff cutter machine stands out for its &#8220;high efficiency cutting and multi-scene adaptation.&#8221; We have provided services to agricultural and animal husbandry enterprises in more than 50 countries and regions worldwide. <\/p>    <p>Nosso modelo principal possui uma capacidade hor\u00e1ria impressionante de at\u00e9 25 toneladas, aumentando significativamente a utiliza\u00e7\u00e3o de forragem em mais de 50%. <\/p>    <p>Neste artigo, detalharemos tr\u00eas tipos diferentes de cortadores de feno para ajud\u00e1-lo a fazer uma escolha informada com base nas suas necessidades. Al\u00e9m disso, oferecemos servi\u00e7os personalizados para garantir que a m\u00e1quina atenda totalmente aos seus requisitos espec\u00edficos.<\/p>    <figure class=\"wp-block-embed aligncenter is-type-video is-provider-youtube wp-block-embed-youtube wp-embed-aspect-16-9 wp-has-aspect-ratio\"><div class=\"wp-block-embed__wrapper\"> <iframe loading=\"lazy\" title=\"M\u00e1quina de corte de palha e triturador, melhorando a efici\u00eancia da colheita!\" width=\"500\" height=\"281\" src=\"https:\/\/www.youtube.com\/embed\/csKAdpXtbn8?feature=oembed\" frameborder=\"0\" allow=\"accelerometer; autoplay; clipboard-write; encrypted-media; gyroscope; picture-in-picture; web-share\" referrerpolicy=\"strict-origin-when-cross-origin\" allowfullscreen><\/iframe> <\/div><figcaption class=\"wp-element-caption\">V\u00eddeo de funcionamento da m\u00e1quina de corte de palha<\/figcaption><\/figure>    <h2 class=\"wp-block-heading\">Tipo um: M\u00e1quina de triturador de forragem TZY-A<\/h2>    <p>Esta m\u00e1quina de triturador de palha pode ser aplicada para gr\u00e3os, silagem e palha seca com 800kg\/h, 2000kg\/h e 1000kg\/h. M\u00e1quinas de corte de relva incluem corte de palhas e tritura\u00e7\u00e3o de gr\u00e3os. O design da barra de tra\u00e7\u00e3o facilita o deslocamento no campo.<\/p>    <figure class=\"wp-block-image aligncenter size-large\"><img loading=\"lazy\" decoding=\"async\" width=\"570\" height=\"540\" src=\"https:\/\/www.agriculture-machine.com\/wp-content\/uploads\/2018\/07\/\u672a\u6807\u9898-1_01-570x540.jpg\" alt=\"Cortador de relva\" class=\"wp-image-3018\" srcset=\"https:\/\/www.agriculture-machine.com\/wp-content\/uploads\/2018\/07\/\u672a\u6807\u9898-1_01-570x540.jpg 570w, https:\/\/www.agriculture-machine.com\/wp-content\/uploads\/2018\/07\/\u672a\u6807\u9898-1_01-285x270.jpg 285w, https:\/\/www.agriculture-machine.com\/wp-content\/uploads\/2018\/07\/\u672a\u6807\u9898-1_01.jpg 750w\" sizes=\"auto, (max-width: 570px) 100vw, 570px\" \/><figcaption class=\"wp-element-caption\">Cortador de relva<\/figcaption><\/figure>    <h3 class=\"wp-block-heading\">Par\u00e2metros t\u00e9cnicos do triturador de palha e do triturador de milho<\/h3>    <figure class=\"wp-block-table is-style-stripes\"><table><tbody><tr><td>Modelo<\/td><td>TZY-A<\/td><\/tr><tr><td>Pot\u00eancia<\/td><td>Motor de 3kw ou motor a gasolina<\/td><\/tr><tr><td>Capacidade<\/td><td>800kg\/h para tritura\u00e7\u00e3o de gr\u00e3os, 2000kg\/h para silagem, 1000kg\/h para palha seca<\/td><\/tr><tr><td>Peso<\/td><td>150kg<\/td><\/tr><tr><td>Tamanho<\/td><td>1200*1100*1630mm<\/td><\/tr><\/tbody><\/table><figcaption class=\"wp-element-caption\">Dados t\u00e9cnicos detalhados da m\u00e1quina de corte de palha<\/figcaption><\/figure>    <h3 class=\"wp-block-heading\">Estrutura da m\u00e1quina de corte de forragem de palha<\/h3>    <figure class=\"wp-block-image aligncenter\"><img loading=\"lazy\" decoding=\"async\" width=\"750\" height=\"954\" src=\"https:\/\/www.agriculture-machine.com\/wp-content\/uploads\/2018\/07\/\u672a\u6807\u9898-1_03.jpg\" alt=\"\" class=\"wp-image-3019\" srcset=\"https:\/\/www.agriculture-machine.com\/wp-content\/uploads\/2018\/07\/\u672a\u6807\u9898-1_03.jpg 750w, https:\/\/www.agriculture-machine.com\/wp-content\/uploads\/2018\/07\/\u672a\u6807\u9898-1_03-212x270.jpg 212w, https:\/\/www.agriculture-machine.com\/wp-content\/uploads\/2018\/07\/\u672a\u6807\u9898-1_03-425x540.jpg 425w\" sizes=\"auto, (max-width: 750px) 100vw, 750px\" \/><\/figure>    <h3 class=\"wp-block-heading\">Desempenho de trabalho do triturador de ra\u00e7\u00e3o animal<\/h3>    <ul class=\"wp-block-list\"> <li>A cortadora de relva pode ser aplicada para gr\u00e3os, silagem e palha seca com 800kg\/h, 2000kg\/h e 1000kg\/h.<\/li>    <li>O cortador de palha e o triturador de gr\u00e3os t\u00eam duas fun\u00e7\u00f5es, incluindo corte de palha e tritura\u00e7\u00e3o de gr\u00e3os.<\/li> <\/ul>    <figure class=\"wp-block-image aligncenter\"><img loading=\"lazy\" decoding=\"async\" width=\"750\" height=\"958\" src=\"https:\/\/www.agriculture-machine.com\/wp-content\/uploads\/2018\/07\/\u672a\u6807\u9898-1_06.jpg\" alt=\"\" class=\"wp-image-3022\" srcset=\"https:\/\/www.agriculture-machine.com\/wp-content\/uploads\/2018\/07\/\u672a\u6807\u9898-1_06.jpg 750w, https:\/\/www.agriculture-machine.com\/wp-content\/uploads\/2018\/07\/\u672a\u6807\u9898-1_06-211x270.jpg 211w, https:\/\/www.agriculture-machine.com\/wp-content\/uploads\/2018\/07\/\u672a\u6807\u9898-1_06-423x540.jpg 423w\" sizes=\"auto, (max-width: 750px) 100vw, 750px\" \/><\/figure>    <h3 class=\"wp-block-heading\">Pot\u00eancia compat\u00edvel do triturador de palha e do mo\u00ednho de gr\u00e3os<\/h3>    <p>Este triturador de palha e gr\u00e3os pode ser usado n\u00e3o s\u00f3 com motores el\u00e9tricos, mas tamb\u00e9m por motores a diesel e gasolina, o que \u00e9 conveniente para \u00e1reas sem eletricidade.<\/p>    <h2 class=\"wp-block-heading\">Tipo dois: M\u00e1quina de corte de silagem TZY-B<\/h2>    <figure class=\"wp-block-image aligncenter\"><img loading=\"lazy\" decoding=\"async\" width=\"750\" height=\"714\" src=\"https:\/\/www.agriculture-machine.com\/wp-content\/uploads\/2018\/07\/\u672a\u6807\u9898-1_01-1.jpg\" alt=\"\" class=\"wp-image-3025\" srcset=\"https:\/\/www.agriculture-machine.com\/wp-content\/uploads\/2018\/07\/\u672a\u6807\u9898-1_01-1.jpg 750w, https:\/\/www.agriculture-machine.com\/wp-content\/uploads\/2018\/07\/\u672a\u6807\u9898-1_01-1-284x270.jpg 284w, https:\/\/www.agriculture-machine.com\/wp-content\/uploads\/2018\/07\/\u672a\u6807\u9898-1_01-1-567x540.jpg 567w\" sizes=\"auto, (max-width: 750px) 100vw, 750px\" \/><\/figure>    <h3 class=\"wp-block-heading\">Aplica\u00e7\u00e3o da m\u00e1quina de corte de forragem<\/h3>    <ul class=\"wp-block-list\"> <li>Esta m\u00e1quina de triturador de palha e gr\u00e3os \u00e9 um novo tipo de m\u00e1quina de processamento de ra\u00e7\u00e3o que combina corte, fric\u00e7\u00e3o, tritura\u00e7\u00e3o e batida.<\/li>    <li>Os cortadores de palha n\u00e3o s\u00f3 podem triturar talos de milho secos ou verdes, talos de sorgo, vinha de amendoim, vagens de batata-doce e v\u00e1rias pastagens, mas tamb\u00e9m podem triturar gr\u00e3os e milho para alimenta\u00e7\u00e3o animal, o que favorece a digest\u00e3o e absor\u00e7\u00e3o do palha pelos animais.<\/li> <\/ul>    <figure class=\"wp-block-image aligncenter\"><img loading=\"lazy\" decoding=\"async\" width=\"750\" height=\"1399\" src=\"https:\/\/www.agriculture-machine.com\/wp-content\/uploads\/2018\/07\/\u672a\u6807\u9898-1_04-1.jpg\" alt=\"\" class=\"wp-image-3027\" srcset=\"https:\/\/www.agriculture-machine.com\/wp-content\/uploads\/2018\/07\/\u672a\u6807\u9898-1_04-1.jpg 750w, https:\/\/www.agriculture-machine.com\/wp-content\/uploads\/2018\/07\/\u672a\u6807\u9898-1_04-1-145x270.jpg 145w, https:\/\/www.agriculture-machine.com\/wp-content\/uploads\/2018\/07\/\u672a\u6807\u9898-1_04-1-289x540.jpg 289w\" sizes=\"auto, (max-width: 750px) 100vw, 750px\" \/><\/figure>    <h3 class=\"wp-block-heading\">Pot\u00eancia compat\u00edvel do triturador de feno e gr\u00e3os<\/h3>    <p>Relativamente \u00e0 pot\u00eancia, a m\u00e1quina de triturador de palha pode ser feita com motor, motor a diesel ou motor a gasolina.<\/p>    <h2 class=\"wp-block-heading\">Tipo tr\u00eas: M\u00e1quina de corte de relva TZY-C<\/h2>    <p>Estrutura: 1. Sa\u00edda de descarga 2. corpo 3. Rotor 4. Dispositivo de alimenta\u00e7\u00e3o e tritura\u00e7\u00e3o 5. Ranhura de alimenta\u00e7\u00e3o 6. Estrutura de suporte 7. Tampa de prote\u00e7\u00e3o 8. Motor do rotor 9. Roda de deslocamento<\/p>    <h3 class=\"wp-block-heading\">Par\u00e2metros da m\u00e1quina de corte de ra\u00e7\u00e3o para gado<\/h3>    <figure class=\"wp-block-table is-style-stripes\"><table class=\"has-fixed-layout\"><tbody><tr><td>Modelo<\/td><td>TZY-C<\/td><\/tr><tr><td>Capacidade<\/td><td>500kg\/h para tritura\u00e7\u00e3o de gr\u00e3os, 1500kg\/h para silagem, 700kg\/h para palha seca<\/td><\/tr><tr><td>Pot\u00eancia<\/td><td>Motor de 3kw ou motor a gasolina ou motor a diesel<\/td><\/tr><tr><td>Peso<\/td><td>150kg<\/td><\/tr><tr><td>Tamanho<\/td><td>1200*1100*1630mm<\/td><\/tr><\/tbody><\/table><figcaption class=\"wp-element-caption\">Dados t\u00e9cnicos da m\u00e1quina de corte de palha TZY-C<\/figcaption><\/figure>    <h2 class=\"wp-block-heading\">Princ\u00edpio de funcionamento da m\u00e1quina de corte de palha (para 3 tipos)<\/h2>    <h3 class=\"wp-block-heading\">Princ\u00edpio de funcionamento do corte de relva<\/h3>   <div id=\"rank-math-howto\" class=\"rank-math-block\" > <div class=\"rank-math-howto-description\">  <\/div>  <div class=\"rank-math-steps\"> <div id=\"howto-step-1716372815267\" class=\"rank-math-step\"> <div class=\"rank-math-step-content\"><p>Primeiro, ligue o motor. Depois, o operador espalha uniformemente a relva numa entrada longa ap\u00f3s a opera\u00e7\u00e3o estar est\u00e1vel.<\/p> <\/div> <\/div> <div id=\"howto-step-1716372822238\" class=\"rank-math-step\"> <div class=\"rank-math-step-content\"><p>O material entra no tambor a alta velocidade a partir do dispositivo de corte. Durante a opera\u00e7\u00e3o, uma l\u00e2mina permanece im\u00f3vel, e as outras 3 l\u00e2minas est\u00e3o em movimento, usadas para golpear, rasgar e esmagar em pequenos peda\u00e7os.<\/p> <\/div> <\/div> <div id=\"howto-step-1716372835088\" class=\"rank-math-step\"> <div class=\"rank-math-step-content\"><p>Por fim, as relvas s\u00e3o expelidas da m\u00e1quina pela sa\u00edda superior por for\u00e7a centr\u00edfuga.<\/p> <\/div> <\/div> <\/div> <\/div>       <h3 class=\"wp-block-heading\">Princ\u00edpio de funcionamento da tritura\u00e7\u00e3o de milho<\/h3>    <ul class=\"wp-block-list\"> <li>Primeiro, coloque o milho na entrada redonda.<\/li>    <li>Depois, os milhos entram na parte de tritura\u00e7\u00e3o.<\/li>    <li>Sob o impacto de 24 martelos dentro da m\u00e1quina, os milhos s\u00e3o triturados e depois expelidos pela sa\u00edda (na parte inferior da m\u00e1quina).<\/li> <\/ul>    <figure class=\"wp-block-image aligncenter size-large\"><img loading=\"lazy\" decoding=\"async\" width=\"608\" height=\"540\" src=\"https:\/\/www.agriculture-machine.com\/wp-content\/uploads\/2018\/07\/Chaff-cutter-machine2-608x540.jpg\" alt=\"M\u00e1quina de triturador de palha2\" class=\"wp-image-2104\" srcset=\"https:\/\/www.agriculture-machine.com\/wp-content\/uploads\/2018\/07\/Chaff-cutter-machine2-608x540.jpg 608w, https:\/\/www.agriculture-machine.com\/wp-content\/uploads\/2018\/07\/Chaff-cutter-machine2-304x270.jpg 304w, https:\/\/www.agriculture-machine.com\/wp-content\/uploads\/2018\/07\/Chaff-cutter-machine2.jpg 750w\" sizes=\"auto, (max-width: 608px) 100vw, 608px\" \/><figcaption class=\"wp-element-caption\">M\u00e1quina de triturador de palha2<\/figcaption><\/figure>    <h2 class=\"wp-block-heading\">Caracter\u00edsticas da m\u00e1quina de triturador de palha e de corte de relva<\/h2>    <ul class=\"wp-block-list\"> <li><strong>Auto-alimenta\u00e7\u00e3o por corrente<\/strong><br>Reduz o tempo de alimenta\u00e7\u00e3o manual em 30% para culturas de talo longo (milho\/sorgo).<\/li>    <li>\u200b<strong>Corte por rolo de empurrar duplo<\/strong><br>Elimina bloqueios, aumenta a efici\u00eancia em 40%, garante 95% de uniformidade do material.<\/li>    <li>\u200b<strong>Design de mobilidade<\/strong><br>Rodas remov\u00edveis   estrutura leve permitem deslocamento por uma pessoa.<\/li>    <li><strong>\u200b\u22645mm Tritura\u00e7\u00e3o de precis\u00e3o<br><\/strong>L\u00e2minas de a\u00e7o de alta resist\u00eancia aumentam a digestibilidade, elevando a absor\u00e7\u00e3o de nutrientes em 20%.<\/li> <\/ul>    <figure class=\"wp-block-image aligncenter size-large\"><img loading=\"lazy\" decoding=\"async\" width=\"440\" height=\"540\" src=\"https:\/\/www.agriculture-machine.com\/wp-content\/uploads\/2018\/07\/Chaff-cutter-machine3-440x540.jpg\" alt=\"\" class=\"wp-image-2105\" srcset=\"https:\/\/www.agriculture-machine.com\/wp-content\/uploads\/2018\/07\/Chaff-cutter-machine3-440x540.jpg 440w, https:\/\/www.agriculture-machine.com\/wp-content\/uploads\/2018\/07\/Chaff-cutter-machine3-220x270.jpg 220w, https:\/\/www.agriculture-machine.com\/wp-content\/uploads\/2018\/07\/Chaff-cutter-machine3.jpg 750w\" sizes=\"auto, (max-width: 440px) 100vw, 440px\" \/><\/figure>    <h2 class=\"wp-block-heading\">Ampla aplica\u00e7\u00e3o do triturador de forragem de palha<\/h2>    <p>O milho \u00e9 a mat\u00e9ria-prima mais comum usada na fun\u00e7\u00e3o de tritura\u00e7\u00e3o, mas trigo, arroz e feij\u00e3o tamb\u00e9m podem ser processados por esta m\u00e1quina. <\/p>    <p>Para a sua fun\u00e7\u00e3o de corte, funciona bem com relva, palha de gr\u00e3o, talos, alfafa e mais. Ambos os resultados servem como excelente forragem para alimentar animais.<\/p>    <figure class=\"wp-block-image aligncenter size-large\"><img loading=\"lazy\" decoding=\"async\" width=\"330\" height=\"540\" src=\"https:\/\/www.agriculture-machine.com\/wp-content\/uploads\/2018\/07\/Chaff-cutter-machine4-330x540.jpg\" alt=\"\" class=\"wp-image-2106\" srcset=\"https:\/\/www.agriculture-machine.com\/wp-content\/uploads\/2018\/07\/Chaff-cutter-machine4-330x540.jpg 330w, https:\/\/www.agriculture-machine.com\/wp-content\/uploads\/2018\/07\/Chaff-cutter-machine4-165x270.jpg 165w, https:\/\/www.agriculture-machine.com\/wp-content\/uploads\/2018\/07\/Chaff-cutter-machine4.jpg 750w\" sizes=\"auto, (max-width: 330px) 100vw, 330px\" \/><\/figure>    <figure class=\"wp-block-image aligncenter size-large\"><img loading=\"lazy\" decoding=\"async\" width=\"544\" height=\"540\" src=\"https:\/\/www.agriculture-machine.com\/wp-content\/uploads\/2018\/07\/Chaff-cutter-machine5-544x540.jpg\" alt=\"\" class=\"wp-image-2107\" srcset=\"https:\/\/www.agriculture-machine.com\/wp-content\/uploads\/2018\/07\/Chaff-cutter-machine5-544x540.jpg 544w, https:\/\/www.agriculture-machine.com\/wp-content\/uploads\/2018\/07\/Chaff-cutter-machine5-272x270.jpg 272w, https:\/\/www.agriculture-machine.com\/wp-content\/uploads\/2018\/07\/Chaff-cutter-machine5.jpg 750w\" sizes=\"auto, (max-width: 544px) 100vw, 544px\" \/><\/figure>    <h2 class=\"wp-block-heading\">Caso de sucesso do triturador de palha<\/h2>    <p class=\"translation-block\">Nosso cliente nas <a href=\"https:\/\/en.wikipedia.org\/wiki\/Philippines\" target=\"_blank\" rel=\"noopener\">Filipinas<\/a> encomendou 6 conjuntos de m\u00e1quinas de corte de palha neste m\u00eas, e a imagem abaixo mostra os detalhes da embalagem. Cada m\u00e1quina est\u00e1 embalada numa caixa, e as principais pe\u00e7as sobressalentes foram desmontadas para evitar poss\u00edveis danos. Garantimos que todas as m\u00e1quinas est\u00e3o bem embaladas e j\u00e1 foram entregues.<\/p>    <figure class=\"wp-block-gallery has-nested-images columns-default is-cropped wp-block-gallery-2 is-layout-flex wp-block-gallery-is-layout-flex\"> <figure class=\"wp-block-image size-large\"><img loading=\"lazy\" decoding=\"async\" width=\"261\" height=\"540\" data-id=\"2123\" src=\"https:\/\/www.agriculture-machine.com\/wp-content\/uploads\/2018\/07\/Chaff-Cutter-machine-1-261x540.jpg\" alt=\"M\u00e1quina de corte de palha\" class=\"wp-image-2123\" srcset=\"https:\/\/www.agriculture-machine.com\/wp-content\/uploads\/2018\/07\/Chaff-Cutter-machine-1-261x540.jpg 261w, https:\/\/www.agriculture-machine.com\/wp-content\/uploads\/2018\/07\/Chaff-Cutter-machine-1-131x270.jpg 131w, https:\/\/www.agriculture-machine.com\/wp-content\/uploads\/2018\/07\/Chaff-Cutter-machine-1-768x1589.jpg 768w, https:\/\/www.agriculture-machine.com\/wp-content\/uploads\/2018\/07\/Chaff-Cutter-machine-1-742x1536.jpg 742w, https:\/\/www.agriculture-machine.com\/wp-content\/uploads\/2018\/07\/Chaff-Cutter-machine-1.jpg 928w\" sizes=\"auto, (max-width: 261px) 100vw, 261px\" \/><figcaption class=\"wp-element-caption\">M\u00e1quina de corte de palha<\/figcaption><\/figure>    <figure class=\"wp-block-image size-large\"><img loading=\"lazy\" decoding=\"async\" width=\"252\" height=\"540\" data-id=\"2124\" src=\"https:\/\/www.agriculture-machine.com\/wp-content\/uploads\/2018\/07\/Chaff-Cutter-machine-2-252x540.jpg\" alt=\"Triturador de palha\" class=\"wp-image-2124\" srcset=\"https:\/\/www.agriculture-machine.com\/wp-content\/uploads\/2018\/07\/Chaff-Cutter-machine-2-252x540.jpg 252w, https:\/\/www.agriculture-machine.com\/wp-content\/uploads\/2018\/07\/Chaff-Cutter-machine-2-126x270.jpg 126w, https:\/\/www.agriculture-machine.com\/wp-content\/uploads\/2018\/07\/Chaff-Cutter-machine-2-768x1646.jpg 768w, https:\/\/www.agriculture-machine.com\/wp-content\/uploads\/2018\/07\/Chaff-Cutter-machine-2-717x1536.jpg 717w, https:\/\/www.agriculture-machine.com\/wp-content\/uploads\/2018\/07\/Chaff-Cutter-machine-2.jpg 896w\" sizes=\"auto, (max-width: 252px) 100vw, 252px\" \/><figcaption class=\"wp-element-caption\">Triturador de palha<\/figcaption><\/figure>    <figure class=\"wp-block-image size-large\"><img loading=\"lazy\" decoding=\"async\" width=\"252\" height=\"540\" data-id=\"2125\" src=\"https:\/\/www.agriculture-machine.com\/wp-content\/uploads\/2018\/07\/Chaff-Cutter-machine-3-252x540.jpg\" alt=\"Triturador de res\u00edduos de culturas\" class=\"wp-image-2125\" srcset=\"https:\/\/www.agriculture-machine.com\/wp-content\/uploads\/2018\/07\/Chaff-Cutter-machine-3-252x540.jpg 252w, https:\/\/www.agriculture-machine.com\/wp-content\/uploads\/2018\/07\/Chaff-Cutter-machine-3-126x270.jpg 126w, https:\/\/www.agriculture-machine.com\/wp-content\/uploads\/2018\/07\/Chaff-Cutter-machine-3-768x1646.jpg 768w, https:\/\/www.agriculture-machine.com\/wp-content\/uploads\/2018\/07\/Chaff-Cutter-machine-3-717x1536.jpg 717w, https:\/\/www.agriculture-machine.com\/wp-content\/uploads\/2018\/07\/Chaff-Cutter-machine-3.jpg 896w\" sizes=\"auto, (max-width: 252px) 100vw, 252px\" \/><figcaption class=\"wp-element-caption\">Triturador de res\u00edduos de culturas<\/figcaption><\/figure> <\/figure>    <p class=\"translation-block\">Temos muitos tipos de m\u00e1quinas de corte de silagem, clique se estiver interessado: <strong><em><a href=\"https:\/\/www.agriculture-machine.com\/pt\/4-15t-h-grass-cutting-machine-cutting-wet-grass-grass-cutter\/\">M\u00e1quina de corte de relva de 4-15t\/h \/ Corte de relva \u00famida \/ Cortador de relva<\/a><\/em><\/strong>, <strong><em><a href=\"https:\/\/www.agriculture-machine.com\/pt\/combined-chaff-cutter-and-grinder-straw-cutter-and-grain-grinder\/\">Triturador de palha e gr\u00e3os | Cortador de palha combinado e triturador<\/a><\/em><\/strong>, e <strong><em><a href=\"https:\/\/www.agriculture-machine.com\/pt\/animal-feed-cutting-grass-machine-straw-cutter-grass-cutter-with-great-capacity\/\">M\u00e1quina de corte de relva para alimenta\u00e7\u00e3o animal | Cortador de palha | Cortador de relva com grande capacidade<\/a><\/em><\/strong>.<\/p>    <h2 class=\"wp-block-heading\">Perguntas Frequentes<\/h2>   <div id=\"rank-math-faq\" class=\"rank-math-block\"> <div class=\"rank-math-list\"> <div id=\"faq-question-1716372232137\" class=\"rank-math-list-item\"> <h3 class=\"rank-math-question\">S\u00f3 tem um tipo de m\u00e1quina de triturador de palha?<\/h3> <div class=\"rank-math-answer\">  <p>N\u00e3o, temos muitos tipos de m\u00e1quinas de corte de palha com diferentes capacidades, por favor, contacte-nos para saber mais.<\/p>  <\/div> <\/div> <div id=\"faq-question-1716372258548\" class=\"rank-math-list-item\"> <h3 class=\"rank-math-question\">Qual \u00e9 a mat\u00e9ria-prima desta m\u00e1quina?<\/h3> <div class=\"rank-math-answer\">  <p>A mat\u00e9ria-prima pode ser relva, galhos de \u00e1rvores, todos os tipos de talos de culturas e palha.<\/p>  <\/div> <\/div> <div id=\"faq-question-1716372266339\" class=\"rank-math-list-item\"> <h3 class=\"rank-math-question\">Quantas l\u00e2minas e martelos est\u00e3o dentro da m\u00e1quina de corte de palha?<\/h3> <div class=\"rank-math-answer\">  <p>4 l\u00e2minas e 24 martelos.<\/p>  <\/div> <\/div> <div id=\"faq-question-1716372277108\" class=\"rank-math-list-item\"> <h3 class=\"rank-math-question\">Para que pode ser usado o produto final?<\/h3> <div class=\"rank-math-answer\">  <p>O produto final pode ser usado para alimentar animais.<\/p>  <\/div> <\/div> <div id=\"faq-question-1716372290002\" class=\"rank-math-list-item\"> <h3 class=\"rank-math-question\">Por que uma m\u00e1quina pode ser usada tanto para cortar relva quanto para triturar gr\u00e3os?<\/h3> <div class=\"rank-math-answer\">  <p>Existem duas entradas e duas sa\u00eddas, e as l\u00e2minas cortam a relva, enquanto os martelos trituram os gr\u00e3os. Materiais diferentes devem ser colocados nos buracos de alimenta\u00e7\u00e3o espec\u00edficos.<\/p>  <\/div> <\/div> <\/div> <\/div>   <p><br><\/p>","protected":false},"excerpt":{"rendered":"<p>Esta \u00e9 uma m\u00e1quina combinada de triturador de gr\u00e3os e triturador de palha, que pode n\u00e3o s\u00f3 cortar feno, mas tamb\u00e9m triturar gr\u00e3os. \u00c9 amplamente utilizada em fazendas de ovelhas, vacas e galinhas.<\/p>","protected":false},"author":1,"featured_media":0,"parent":0,"comment_status":"closed","ping_status":"closed","template":"","tags":[832,591],"product-type":[912],"class_list":["post-230","product","type-product","status-publish","hentry","tag-chaff","tag-silage","product-type-chaff-cutter"],"_links":{"self":[{"href":"https:\/\/www.agriculture-machine.com\/pt\/wp-json\/wp\/v2\/product\/230","targetHints":{"allow":["GET"]}}],"collection":[{"href":"https:\/\/www.agriculture-machine.com\/pt\/wp-json\/wp\/v2\/product"}],"about":[{"href":"https:\/\/www.agriculture-machine.com\/pt\/wp-json\/wp\/v2\/types\/product"}],"author":[{"embeddable":true,"href":"https:\/\/www.agriculture-machine.com\/pt\/wp-json\/wp\/v2\/users\/1"}],"replies":[{"embeddable":true,"href":"https:\/\/www.agriculture-machine.com\/pt\/wp-json\/wp\/v2\/comments?post=230"}],"wp:attachment":[{"href":"https:\/\/www.agriculture-machine.com\/pt\/wp-json\/wp\/v2\/media?parent=230"}],"wp:term":[{"taxonomy":"post_tag","embeddable":true,"href":"https:\/\/www.agriculture-machine.com\/pt\/wp-json\/wp\/v2\/tags?post=230"},{"taxonomy":"product-type","embeddable":true,"href":"https:\/\/www.agriculture-machine.com\/pt\/wp-json\/wp\/v2\/product-type?post=230"}],"curies":[{"name":"wp","href":"https:\/\/api.w.org\/{rel}","templated":true}]}}