{"id":240,"date":"2018-07-12T07:48:04","date_gmt":"2018-07-11T23:48:04","guid":{"rendered":"https:\/\/www.agriculture-machine.com\/?p=240"},"modified":"2024-09-18T16:13:05","modified_gmt":"2024-09-18T08:13:05","slug":"small-thresher-for-rice-wheat-beans-sorghum-millet","status":"publish","type":"product","link":"https:\/\/www.agriculture-machine.com\/pt\/small-thresher-for-rice-wheat-beans-sorghum-millet\/","title":{"rendered":"Pequena debulhadora para arroz, trigo, feij\u00f5es, sorgo, millet \/ debulhadora de trigo"},"content":{"rendered":"<p class=\"translation-block\">Esta <strong>debulhadora de trigo<\/strong> tem tamanho pequeno e peso leve, mas oferece alta capacidade. Ao trocar diferentes telas, pode adaptar-se a diferentes mat\u00e9rias-primas, assim n\u00e3o precisa comprar outras debulhadoras, aplicando-se amplamente para debulhar muitos cultivos. Portanto, \u00e9 apreciada por muitos agricultores de diferentes pa\u00edses. A debulhadora de trigo pode funcionar com motor, motor a diesel e motor a gasolina, atendendo \u00e0s diferentes solicita\u00e7\u00f5es dos clientes.<\/p> <p>Se \u00e9 agricultor e planta arroz, trigo, feij\u00e3o, sorgo ou millet. Pessoalmente, esses cultivos s\u00e3o comuns no nosso dia a dia, independentemente de onde voc\u00ea seja. Se procura uma debulhadora de trigo para debulhar esses produtos, por que n\u00e3o escolher esta debulhadora de pequeno tamanho? Prometo que nunca se arrepender\u00e1 de comprar uma debulhadora assim, pois pode ajud\u00e1-lo a fazer muito trabalho.<\/p> <p><img loading=\"lazy\" decoding=\"async\" class=\"alignnone wp-image-2962\" src=\"https:\/\/www.agriculture-machine.com\/wp-content\/uploads\/2018\/07\/wheat-thresher-machine-2.jpg\" alt=\"\" width=\"582\" height=\"698\" srcset=\"https:\/\/www.agriculture-machine.com\/wp-content\/uploads\/2018\/07\/wheat-thresher-machine-2.jpg 750w, https:\/\/www.agriculture-machine.com\/wp-content\/uploads\/2018\/07\/wheat-thresher-machine-2-225x270.jpg 225w, https:\/\/www.agriculture-machine.com\/wp-content\/uploads\/2018\/07\/wheat-thresher-machine-2-450x540.jpg 450w\" sizes=\"auto, (max-width: 582px) 100vw, 582px\" \/><\/p> <div class=\"img\"> <p>&nbsp;<\/p> <p>&nbsp;<\/p> <h2>Par\u00e2metros t\u00e9cnicos da debulhadora de trigo<\/h2> <table> <tbody> <tr> <td width=\"284\">Modelo<\/td> <td width=\"284\">SL-50<\/td> <\/tr> <tr> <td width=\"284\">Pot\u00eancia<\/td> <td width=\"284\">Motor de 3kw, motor a gasolina ou motor a diesel de 8HP<\/td> <\/tr> <tr> <td width=\"284\">Capacidade<\/td> <td width=\"284\">400-500kg\/h<\/td> <\/tr> <tr> <td width=\"284\">Peso<\/td> <td width=\"284\">50kg<\/td> <\/tr> <tr> <td width=\"284\">Tamanho<\/td> <td width=\"284\">980mm*500mm*1200mm<\/td> <\/tr> <\/tbody> <\/table> <h2>Vantagens da debulhadora de trigo<\/h2> <ol> <li>Tamanho pequeno. \u00c9 muito adequado para uso individual em casa.<\/li> <li>Leve. O seu peso \u00e9 apenas 50kg, por isso os agricultores podem mov\u00ea-la facilmente.<\/li> <li>M\u00faltiplas fun\u00e7\u00f5es. A debulhadora de trigo \u00e0 venda pode debulhar millet, feij\u00e3o, sorgo, arroz e trigo.<\/li> <li>Alta taxa de debulha. Quase n\u00e3o h\u00e1 gr\u00e3os a sair na palha.<\/li> <li>Baixa taxa de perdas. N\u00e3o ultrapassa 2%.<\/li> <li>A debulhadora de trigo pode funcionar de forma est\u00e1vel, sendo f\u00e1cil de operar e manter.<\/li> <li>Pre\u00e7o baixo, mas alto lucro.<\/li> <\/ol> <p><img loading=\"lazy\" decoding=\"async\" class=\"alignnone wp-image-2967\" src=\"https:\/\/www.agriculture-machine.com\/wp-content\/uploads\/2018\/07\/wheat-thresher-machine-7.jpg\" alt=\"\" width=\"609\" height=\"731\" srcset=\"https:\/\/www.agriculture-machine.com\/wp-content\/uploads\/2018\/07\/wheat-thresher-machine-7.jpg 750w, https:\/\/www.agriculture-machine.com\/wp-content\/uploads\/2018\/07\/wheat-thresher-machine-7-225x270.jpg 225w, https:\/\/www.agriculture-machine.com\/wp-content\/uploads\/2018\/07\/wheat-thresher-machine-7-450x540.jpg 450w\" sizes=\"auto, (max-width: 609px) 100vw, 609px\" \/><\/p> <p><img loading=\"lazy\" decoding=\"async\" class=\"alignnone wp-image-2968\" src=\"https:\/\/www.agriculture-machine.com\/wp-content\/uploads\/2018\/07\/wheat-thresher-machine-8.jpg\" alt=\"\" width=\"606\" height=\"727\" srcset=\"https:\/\/www.agriculture-machine.com\/wp-content\/uploads\/2018\/07\/wheat-thresher-machine-8.jpg 750w, https:\/\/www.agriculture-machine.com\/wp-content\/uploads\/2018\/07\/wheat-thresher-machine-8-225x270.jpg 225w, https:\/\/www.agriculture-machine.com\/wp-content\/uploads\/2018\/07\/wheat-thresher-machine-8-450x540.jpg 450w\" sizes=\"auto, (max-width: 606px) 100vw, 606px\" \/><\/p> <h2>Caso de sucesso da debulhadora de trigo<\/h2> <p class=\"translation-block\"><strong><span style=\"color: #ff0000\">Caso um<\/span><\/strong><\/p> <p>Em 2018, entreg\u00e1mos 15000 unidades de debulhadora de sorgo \u00e0 Tanz\u00e2nia, que foram conclu\u00eddas em 3 meses. Estavam a carregar m\u00e1quinas no contentor nas imagens seguintes. Tendo conquistado a sua confian\u00e7a, ele colocou m\u00e1quinas agr\u00edcolas connosco enquanto houver demanda.<\/p> <p class=\"translation-block\"><strong><span style=\"color: #ff0000;\">Case two<\/span><\/strong><br \/> 10 sets wheat thresher are delivered to America last week, and this customer wants to thresh beans. We installed the beans screen for him so that he can use machine directly after receiving it. In addition, due to the first cooperation, my factory sent him 3 different screens for free.<\/p> <p><img loading=\"lazy\" decoding=\"async\" class=\"alignnone wp-image-2971\" src=\"https:\/\/www.agriculture-machine.com\/wp-content\/uploads\/2018\/07\/wheat-sheller-1.jpg\" alt=\"\" width=\"643\" height=\"643\" srcset=\"https:\/\/www.agriculture-machine.com\/wp-content\/uploads\/2018\/07\/wheat-sheller-1.jpg 750w, https:\/\/www.agriculture-machine.com\/wp-content\/uploads\/2018\/07\/wheat-sheller-1-270x270.jpg 270w, https:\/\/www.agriculture-machine.com\/wp-content\/uploads\/2018\/07\/wheat-sheller-1-540x540.jpg 540w\" sizes=\"auto, (max-width: 643px) 100vw, 643px\" \/><\/p> <p>&nbsp;<\/p> <p><img loading=\"lazy\" decoding=\"async\" class=\"alignnone wp-image-2972\" src=\"https:\/\/www.agriculture-machine.com\/wp-content\/uploads\/2018\/07\/wheat-sheller-2.jpg\" alt=\"\" width=\"641\" height=\"641\" srcset=\"https:\/\/www.agriculture-machine.com\/wp-content\/uploads\/2018\/07\/wheat-sheller-2.jpg 750w, https:\/\/www.agriculture-machine.com\/wp-content\/uploads\/2018\/07\/wheat-sheller-2-270x270.jpg 270w, https:\/\/www.agriculture-machine.com\/wp-content\/uploads\/2018\/07\/wheat-sheller-2-540x540.jpg 540w\" sizes=\"auto, (max-width: 641px) 100vw, 641px\" \/><\/p> <h2>Perguntas Frequentes<\/h2> <ol> <li>Qual \u00e9 a capacidade desta debulhadora de arroz?<\/li> <\/ol> <p>A sua capacidade \u00e9 de 400-500kg\/h<\/p> <ol start=\"2\"> <li>Qual \u00e9 a mat\u00e9ria-prima?<\/li> <\/ol> <p>Pode us\u00e1-la para debulhar arroz, millet, sorgo, arroz, feij\u00e3o.<\/p> <ol start=\"3\"> <li>Como posso escolher um motor adequado?<\/li> <\/ol> <p>As pessoas geralmente usam um motor de 3kw, que \u00e9 barato, e tamb\u00e9m pode ser equipado com motor a gasolina ou motor a diesel de 8HP.<\/p> <ol start=\"4\"> <li>Vai enviar-nos cinco telas gratuitamente porque \u00e9 uma debulhadora multifuncional?<\/li> <\/ol> <p>Vamos instalar uma tela na m\u00e1quina gratuitamente, mas voc\u00ea deve pagar por outras quatro telas.<\/p> <ol start=\"5\"> <li>Preciso comprar outras pe\u00e7as de reposi\u00e7\u00e3o?<\/li> <\/ol> <p>\u00c9 melhor ter telas extras se quiser debulhar muitos cultivos.<\/p> <ol start=\"6\"> <li>Tem uma capacidade maior se eu tiver uma fazenda muito grande?<\/li> <\/ol> <p>Sim, claro, tamb\u00e9m temos debulhadoras de 800-1000kg\/h, entre em contato connosco para saber mais tipos de m\u00e1quinas relacionadas.<\/p> <ol start=\"7\"> <li>Para que pa\u00eds exportou a debulhadora de millet?<\/li> <\/ol> <p>Nos \u00faltimos anos, export\u00e1mos estas debulhadoras de feij\u00e3o para muitos pa\u00edses, como Nig\u00e9ria, \u00c1frica do Sul, Tanz\u00e2nia, Paquist\u00e3o, Estados Unidos, Mal\u00e1sia, Vietname, Equador, Sud\u00e3o, Congo, etc.<\/p> <p>&nbsp;<\/p> <\/div>","protected":false},"excerpt":{"rendered":"<p>This wheat thresher has small size and light weight, but boasts high capacity. By changing different screens, it can fit for different raw materials, so you don\u2019t need to buy other threshers, widely applying to thresh many crops. Therefore, it is favored by many farmers from different countries. The wheat thresher can work with motor, [&hellip;]<\/p>\n","protected":false},"author":1,"featured_media":0,"parent":0,"comment_status":"closed","ping_status":"closed","template":"","tags":[2614],"product-type":[894],"class_list":["post-240","product","type-product","status-publish","hentry","tag-thresher","product-type-rice-and-wheat-thresher"],"_links":{"self":[{"href":"https:\/\/www.agriculture-machine.com\/pt\/wp-json\/wp\/v2\/product\/240","targetHints":{"allow":["GET"]}}],"collection":[{"href":"https:\/\/www.agriculture-machine.com\/pt\/wp-json\/wp\/v2\/product"}],"about":[{"href":"https:\/\/www.agriculture-machine.com\/pt\/wp-json\/wp\/v2\/types\/product"}],"author":[{"embeddable":true,"href":"https:\/\/www.agriculture-machine.com\/pt\/wp-json\/wp\/v2\/users\/1"}],"replies":[{"embeddable":true,"href":"https:\/\/www.agriculture-machine.com\/pt\/wp-json\/wp\/v2\/comments?post=240"}],"wp:attachment":[{"href":"https:\/\/www.agriculture-machine.com\/pt\/wp-json\/wp\/v2\/media?parent=240"}],"wp:term":[{"taxonomy":"post_tag","embeddable":true,"href":"https:\/\/www.agriculture-machine.com\/pt\/wp-json\/wp\/v2\/tags?post=240"},{"taxonomy":"product-type","embeddable":true,"href":"https:\/\/www.agriculture-machine.com\/pt\/wp-json\/wp\/v2\/product-type?post=240"}],"curies":[{"name":"wp","href":"https:\/\/api.w.org\/{rel}","templated":true}]}}