{"id":250,"date":"2018-07-12T07:56:10","date_gmt":"2018-07-11T23:56:10","guid":{"rendered":"https:\/\/www.agriculture-machine.com\/?p=250"},"modified":"2024-09-18T16:16:44","modified_gmt":"2024-09-18T08:16:44","slug":"big-thresher-for-rice-wheat-beans-sorghum-millet","status":"publish","type":"product","link":"https:\/\/www.agriculture-machine.com\/pt\/big-thresher-for-rice-wheat-beans-sorghum-millet\/","title":{"rendered":"Debulhadora para arroz, trigo, millet"},"content":{"rendered":"<h2 class=\"wp-block-heading\">m\u00e1quina debulhadora de arroz<\/h2>    <p class=\"translation-block\">O debulhador de arroz SL-125<strong>\u00a0<a href=\"https:\/\/www.agriculture-machine.com\/pt\/multifunctional-thresher-machine\/\">m\u00e1quina debulhadora de arroz<\/a><\/strong> \u00e9 uma m\u00e1quina de grande porte e \u00e9 usada para debulhar a casca do arroz para obter gr\u00e3os de arroz limpos. Comparado a outros debulhadores, tamb\u00e9m pode ser usado para milhete, sorgo e feij\u00f5es. Recentemente, vendemos muitos cont\u00eaineres de debulhadores de arroz para outros pa\u00edses, como \u00c1frica do Sul, Nig\u00e9ria, Am\u00e9rica, Paquist\u00e3o, \u00cdndia, Austr\u00e1lia, etc., recebendo bons feedbacks deles.<\/p>    <figure class=\"wp-block-embed aligncenter is-type-video is-provider-youtube wp-block-embed-youtube wp-embed-aspect-16-9 wp-has-aspect-ratio\"><div class=\"wp-block-embed__wrapper\"> <iframe loading=\"lazy\" title=\"\u0641\u064a\u062f\u064a\u0648 \u0631\u062f\u0648\u062f \u0627\u0644\u0641\u0639\u0644 \u0639\u0644\u0649 \u0622\u0644\u0629 \u062f\u0631\u0633 \u0627\u0644\u0623\u0631\u0632 \/ \u0622\u0644\u0629 \u062f\u0631\u0633 \u0627\u0644\u0642\u0645\u062d \/ \u0622\u0644\u0629 \u062f\u0631\u0633 \u0627\u0644\u062f\u062e\u0646 \u0648\u0627\u0644\u0630\u0631\u0629 \u0627\u0644\u0631\u0641\u064a\u0639\u0629 \/ \u0622\u0644\u0629 \u0627\u0644\u062f\u0631\u0633\" width=\"500\" height=\"281\" src=\"https:\/\/www.youtube.com\/embed\/OhbHTPxLlCM?feature=oembed\" frameborder=\"0\" allow=\"accelerometer; autoplay; clipboard-write; encrypted-media; gyroscope; picture-in-picture; web-share\" referrerpolicy=\"strict-origin-when-cross-origin\" allowfullscreen><\/iframe> <\/div><figcaption class=\"wp-element-caption\">v\u00eddeo de feedback do funcionamento da m\u00e1quina debulhadora de arroz<\/figcaption><\/figure>    <h2 class=\"wp-block-heading\">Aplica\u00e7\u00e3o do debulhador de arroz<\/h2>    <p>O nosso debulhador de arroz pode debulhar arroz, trigo, sorgo, milhete e feij\u00f5es, e os usu\u00e1rios devem trocar o ecr\u00e3 dentro da m\u00e1quina para atender a diferentes prop\u00f3sitos.<\/p>    <figure class=\"wp-block-image aligncenter wp-image-2859\"><img loading=\"lazy\" decoding=\"async\" width=\"750\" height=\"750\" src=\"https:\/\/www.agriculture-machine.com\/wp-content\/uploads\/2019\/03\/wheat-rice-thresher-2.jpg\" alt=\"m\u00e1quina de debulhar arroz\" class=\"wp-image-2859\" srcset=\"https:\/\/www.agriculture-machine.com\/wp-content\/uploads\/2019\/03\/wheat-rice-thresher-2.jpg 750w, https:\/\/www.agriculture-machine.com\/wp-content\/uploads\/2019\/03\/wheat-rice-thresher-2-270x270.jpg 270w, https:\/\/www.agriculture-machine.com\/wp-content\/uploads\/2019\/03\/wheat-rice-thresher-2-540x540.jpg 540w\" sizes=\"auto, (max-width: 750px) 100vw, 750px\" \/><figcaption class=\"wp-element-caption\">m\u00e1quina de debulhar arroz<\/figcaption><\/figure>    <h2 class=\"wp-block-heading\">Estrutura principal do debulhador de arroz<\/h2>    <p>Esta m\u00e1quina debulhadora de trigo consiste principalmente em um funil de alimenta\u00e7\u00e3o, rolo, ecr\u00e3, rodas, ventilador de arrasto, etc., com um design razo\u00e1vel, e \u00e9 conveniente de mover com as rodas.<\/p>    <h2 class=\"wp-block-heading\">Par\u00e2metro t\u00e9cnico do debulhador de arroz<\/h2>    <figure class=\"wp-block-table is-style-stripes\"><table><tbody><tr><td>Modelo<\/td><td>SL-125<\/td><\/tr><tr><td>Mat\u00e9ria-prima<\/td><td>Arroz, trigo, feij\u00f5es, sorgo, milhete<\/td><\/tr><tr><td>Pot\u00eancia<\/td><td>Motor de 3kw<\/td><\/tr><tr><td>Motor<\/td><td>Um motor a gasolina ou motor diesel de 12Hp<\/td><\/tr><tr><td>Capacidade<\/td><td>800-1000kg\/h<\/td><\/tr><tr><td>Peso<\/td><td>400kg<\/td><\/tr><tr><td>Tamanho<\/td><td>1340*2030*1380mm<\/td><\/tr><\/tbody><\/table><figcaption class=\"wp-element-caption\">dados t\u00e9cnicos da m\u00e1quina debulhadora de arroz<\/figcaption><\/figure>    <h2 class=\"wp-block-heading\">Princ\u00edpio de funcionamento do debulhador de arroz<\/h2>    <ol class=\"wp-block-list\"> <li>Coloque o arroz, trigo, sorgo, milhete ou feij\u00f5es na entrada.<\/li>    <li>Quando eles entram na parte de debulha, sob a fric\u00e7\u00e3o de dois rolos, os gr\u00e3os s\u00e3o totalmente separados.<\/li>    <li>Ent\u00e3o os gr\u00e3os s\u00e3o filtrados pelo ecr\u00e3 e saem pela entrada final.<\/li>    <li>O ventilador de arrasto sopra outras impurezas, como cascas e palha.<\/li> <\/ol>    <figure class=\"wp-block-image aligncenter wp-image-2864 size-full\"><img loading=\"lazy\" decoding=\"async\" width=\"2560\" height=\"1707\" src=\"https:\/\/www.agriculture-machine.com\/wp-content\/uploads\/2019\/03\/wheat-rice-thresher-6.jpg\" alt=\"m\u00e1quina de debulhar trigo\" class=\"wp-image-2864\" srcset=\"https:\/\/www.agriculture-machine.com\/wp-content\/uploads\/2019\/03\/wheat-rice-thresher-6.jpg 2560w, https:\/\/www.agriculture-machine.com\/wp-content\/uploads\/2019\/03\/wheat-rice-thresher-6-360x240.jpg 360w, https:\/\/www.agriculture-machine.com\/wp-content\/uploads\/2019\/03\/wheat-rice-thresher-6-720x480.jpg 720w, https:\/\/www.agriculture-machine.com\/wp-content\/uploads\/2019\/03\/wheat-rice-thresher-6-768x512.jpg 768w, https:\/\/www.agriculture-machine.com\/wp-content\/uploads\/2019\/03\/wheat-rice-thresher-6-1536x1024.jpg 1536w, https:\/\/www.agriculture-machine.com\/wp-content\/uploads\/2019\/03\/wheat-rice-thresher-6-2048x1366.jpg 2048w\" sizes=\"auto, (max-width: 2560px) 100vw, 2560px\" \/><figcaption class=\"wp-element-caption\">m\u00e1quina de debulhar trigo<\/figcaption><\/figure>    <h2 class=\"wp-block-heading\">Vantagens da debulhadora de trigo<\/h2>    <ol class=\"wp-block-list\"> <li>Alta taxa de debulha. A taxa de debulha pode atingir 98% e os gr\u00e3os finais est\u00e3o muito limpos.<\/li>    <li>Fun\u00e7\u00f5es multifuncionais. Esta m\u00e1quina debulhadora de arroz \u00e9 adequada para arroz, trigo, sorgo, milhete e feij\u00f5es.<\/li>    <li>O debulhador de trigo \u00e9 f\u00e1cil de operar, e a porta de descarga est\u00e1 equipada com um potente ventilador e uma tela vibrat\u00f3ria que sopra ainda mais as impurezas enquanto filtra gr\u00e3os bastante limpos.<\/li>    <li>Com uma alta capacidade de 1000kg\/h, a m\u00e1quina de debulhar milhete \u00e9 muito popular no mercado africano, fornecemos mais de 10000 pe\u00e7as l\u00e1 todos os anos.<\/li> <\/ol>    <figure class=\"wp-block-image aligncenter wp-image-2865\"><img loading=\"lazy\" decoding=\"async\" width=\"2560\" height=\"1707\" src=\"https:\/\/www.agriculture-machine.com\/wp-content\/uploads\/2019\/03\/wheat-rice-thresher-7.jpg\" alt=\"debulhador de trigo\" class=\"wp-image-2865\" srcset=\"https:\/\/www.agriculture-machine.com\/wp-content\/uploads\/2019\/03\/wheat-rice-thresher-7.jpg 2560w, https:\/\/www.agriculture-machine.com\/wp-content\/uploads\/2019\/03\/wheat-rice-thresher-7-360x240.jpg 360w, https:\/\/www.agriculture-machine.com\/wp-content\/uploads\/2019\/03\/wheat-rice-thresher-7-720x480.jpg 720w, https:\/\/www.agriculture-machine.com\/wp-content\/uploads\/2019\/03\/wheat-rice-thresher-7-768x512.jpg 768w, https:\/\/www.agriculture-machine.com\/wp-content\/uploads\/2019\/03\/wheat-rice-thresher-7-1536x1024.jpg 1536w, https:\/\/www.agriculture-machine.com\/wp-content\/uploads\/2019\/03\/wheat-rice-thresher-7-2048x1366.jpg 2048w\" sizes=\"auto, (max-width: 2560px) 100vw, 2560px\" \/><figcaption class=\"wp-element-caption\">debulhador de trigo<\/figcaption><\/figure>    <h2 class=\"wp-block-heading\">O caso de sucesso<\/h2>    <p>Esta \u00e9 a imagem de um debulhador de trigo embalado para venda, e precisa ser entregue na Nig\u00e9ria. Este cliente comprou 2000 conjuntos de m\u00e1quinas debulhadoras de arroz em 2018, e n\u00f3s damos grande import\u00e2ncia a este pedido para garantir a produ\u00e7\u00e3o e entrega seguras.<\/p>    <figure class=\"wp-block-image aligncenter wp-image-2862\"><img loading=\"lazy\" decoding=\"async\" width=\"750\" height=\"750\" src=\"https:\/\/www.agriculture-machine.com\/wp-content\/uploads\/2019\/03\/wheat-rice-thresher-5.jpg\" alt=\"local de entrega do debulhador de arroz\" class=\"wp-image-2862\" srcset=\"https:\/\/www.agriculture-machine.com\/wp-content\/uploads\/2019\/03\/wheat-rice-thresher-5.jpg 750w, https:\/\/www.agriculture-machine.com\/wp-content\/uploads\/2019\/03\/wheat-rice-thresher-5-270x270.jpg 270w, https:\/\/www.agriculture-machine.com\/wp-content\/uploads\/2019\/03\/wheat-rice-thresher-5-540x540.jpg 540w\" sizes=\"auto, (max-width: 750px) 100vw, 750px\" \/><figcaption class=\"wp-element-caption\">local de entrega do debulhador de arroz<\/figcaption><\/figure>    <p>\u00c9 o local onde as m\u00e1quinas s\u00e3o mantidas, e ele distribuiria essas m\u00e1quinas para os agricultores locais, ajudando-os a melhorar a efici\u00eancia do trabalho.<\/p>    <figure class=\"wp-block-image aligncenter wp-image-2861\"><img loading=\"lazy\" decoding=\"async\" width=\"750\" height=\"750\" src=\"https:\/\/www.agriculture-machine.com\/wp-content\/uploads\/2019\/03\/wheat-rice-thresher-4.jpg\" alt=\"m\u00e1quina de debulhar milhete usando local\" class=\"wp-image-2861\" srcset=\"https:\/\/www.agriculture-machine.com\/wp-content\/uploads\/2019\/03\/wheat-rice-thresher-4.jpg 750w, https:\/\/www.agriculture-machine.com\/wp-content\/uploads\/2019\/03\/wheat-rice-thresher-4-270x270.jpg 270w, https:\/\/www.agriculture-machine.com\/wp-content\/uploads\/2019\/03\/wheat-rice-thresher-4-540x540.jpg 540w\" sizes=\"auto, (max-width: 750px) 100vw, 750px\" \/><figcaption class=\"wp-element-caption\">m\u00e1quina de debulhar milhete usando local<\/figcaption><\/figure>    <h2 class=\"wp-block-heading\">Perguntas Frequentes<\/h2>   <div id=\"rank-math-faq\" class=\"rank-math-block\"> <div class=\"rank-math-list\"> <div id=\"faq-question-1712114956297\" class=\"rank-math-list-item\"> <h3 class=\"rank-math-question\">Qual \u00e9 a mat\u00e9ria-prima deste debulhador?<\/h3> <div class=\"rank-math-answer\">  <p class=\"translation-block\">A mat\u00e9ria-prima pode ser arroz, trigo, feij\u00f5es, sorgo, e <a href=\"https:\/\/en.wikipedia.org\/wiki\/Millet\" target=\"_blank\" rel=\"noopener\">milhete<\/a>.<\/p>  <\/div> <\/div> <div id=\"faq-question-1712114960765\" class=\"rank-math-list-item\"> <h3 class=\"rank-math-question\">Por que uma m\u00e1quina debulha muitas culturas?<\/h3> <div class=\"rank-math-answer\">  <p>Porque o ecr\u00e3 dentro da m\u00e1quina pode ser trocado.<br \/>Temos muitos ecr\u00e3s como a imagem seguinte.<\/p>  <\/div> <\/div> <\/div> <\/div>   <figure class=\"wp-block-image aligncenter is-resized wp-image-2866\"><img loading=\"lazy\" decoding=\"async\" width=\"750\" height=\"750\" src=\"https:\/\/www.agriculture-machine.com\/wp-content\/uploads\/2019\/03\/wheat-rice-thresher-9.jpg\" alt=\"os ecr\u00e3s do debulhador de trigo\" class=\"wp-image-2866\" style=\"width:750px;height:auto\" srcset=\"https:\/\/www.agriculture-machine.com\/wp-content\/uploads\/2019\/03\/wheat-rice-thresher-9.jpg 750w, https:\/\/www.agriculture-machine.com\/wp-content\/uploads\/2019\/03\/wheat-rice-thresher-9-270x270.jpg 270w, https:\/\/www.agriculture-machine.com\/wp-content\/uploads\/2019\/03\/wheat-rice-thresher-9-540x540.jpg 540w\" sizes=\"auto, (max-width: 750px) 100vw, 750px\" \/><figcaption class=\"wp-element-caption\">os ecr\u00e3s do debulhador de trigo<\/figcaption><\/figure>   <div id=\"rank-math-faq\" class=\"rank-math-block\"> <div class=\"rank-math-list\"> <div id=\"faq-question-1712114994043\" class=\"rank-math-list-item\"> <h3 class=\"rank-math-question\">\u00c9 f\u00e1cil mudar para uma m\u00e1quina diferente?<\/h3> <div class=\"rank-math-answer\">  <p>Sim, \u00e9 f\u00e1cil de mudar, e voc\u00ea s\u00f3 precisa soltar os parafusos dentro do debulhador.<\/p>  <\/div> <\/div> <div id=\"faq-question-1712114997620\" class=\"rank-math-list-item\"> <h3 class=\"rank-math-question\">Voc\u00ea me enviar\u00e1 cinco ecr\u00e3s se eu comprar uma m\u00e1quina?<\/h3> <div class=\"rank-math-answer\">  <p>N\u00f3s apenas enviamos um ecr\u00e3 gratuitamente, e voc\u00ea deve pagar um valor extra para comprar mais. Custa 20 d\u00f3lares por um ecr\u00e3.<\/p>  <\/div> <\/div> <\/div> <\/div>","protected":false},"excerpt":{"rendered":"<p>A m\u00e1quina debulhadora de arroz SL-125 \u00e9 uma m\u00e1quina de grande porte, comparada a outros debulhadores, e pode ser usada para arroz, milhete, sorgo e feij\u00f5es.<\/p>","protected":false},"author":1,"featured_media":0,"parent":0,"comment_status":"closed","ping_status":"closed","template":"","tags":[94,796,2614,158],"product-type":[894],"class_list":["post-250","product","type-product","status-publish","hentry","tag-millet","tag-rice","tag-thresher","tag-wheat","product-type-rice-and-wheat-thresher"],"_links":{"self":[{"href":"https:\/\/www.agriculture-machine.com\/pt\/wp-json\/wp\/v2\/product\/250","targetHints":{"allow":["GET"]}}],"collection":[{"href":"https:\/\/www.agriculture-machine.com\/pt\/wp-json\/wp\/v2\/product"}],"about":[{"href":"https:\/\/www.agriculture-machine.com\/pt\/wp-json\/wp\/v2\/types\/product"}],"author":[{"embeddable":true,"href":"https:\/\/www.agriculture-machine.com\/pt\/wp-json\/wp\/v2\/users\/1"}],"replies":[{"embeddable":true,"href":"https:\/\/www.agriculture-machine.com\/pt\/wp-json\/wp\/v2\/comments?post=250"}],"wp:attachment":[{"href":"https:\/\/www.agriculture-machine.com\/pt\/wp-json\/wp\/v2\/media?parent=250"}],"wp:term":[{"taxonomy":"post_tag","embeddable":true,"href":"https:\/\/www.agriculture-machine.com\/pt\/wp-json\/wp\/v2\/tags?post=250"},{"taxonomy":"product-type","embeddable":true,"href":"https:\/\/www.agriculture-machine.com\/pt\/wp-json\/wp\/v2\/product-type?post=250"}],"curies":[{"name":"wp","href":"https:\/\/api.w.org\/{rel}","templated":true}]}}