{"id":253,"date":"2018-07-12T08:01:38","date_gmt":"2018-07-12T00:01:38","guid":{"rendered":"https:\/\/www.agriculture-machine.com\/?p=253"},"modified":"2024-09-18T16:05:45","modified_gmt":"2024-09-18T08:05:45","slug":"kenaf-decorticator","status":"publish","type":"product","link":"https:\/\/www.agriculture-machine.com\/pt\/kenaf-decorticator\/","title":{"rendered":"M\u00e1quina de descorti\u00e7ar c\u00e2nhamo de juta \/ descorti\u00e7ador de c\u00e2nhamo de c\u00e2nhamo"},"content":{"rendered":"<h2>Breve apresenta\u00e7\u00e3o do decorticador de c\u00e2nhamo<\/h2> <p class=\"translation-block\">A nossa <strong>m\u00e1quina cortadora de c\u00e2nhamo<\/strong> destina-se a extrair a fibra de c\u00e2nhamo, juta, kenaf, ramie, etc. Com duas rodas grandes, a m\u00e1quina \u00e9 f\u00e1cil de mover. A taxa de limpeza pode alcan\u00e7ar 96% sem causar danos \u00e0 pr\u00f3pria fibra. O decorticador de c\u00e2nhamo \u00e9 adequado para processar fibras de plantas de c\u00e2nhamo, juta, kenaf e ramie vermelha na agricultura. Pode ser usado tanto para mat\u00e9rias-primas h\u00famidas quanto secas e \u00e9 conveniente para o seu uso.<\/p> <div align=\"center\"><\/div> <h2>A estrutura principal do decorticador de c\u00e2nhamo<\/h2> <p>O decorticador de c\u00e2nhamo \u00e9 constitu\u00eddo principalmente por uma estrutura, l\u00e2mina, placa de l\u00e2mina, boca de alimenta\u00e7\u00e3o, tampa de seguran\u00e7a, rolo duplo, correia de descarga, etc.<br \/> A parte interna da m\u00e1quina (diferentes \u00e2ngulos dos rolos)<\/p> <div id='gallery-1' class='gallery galleryid-253 gallery-columns-2 gallery-size-thumbnail'><figure class='gallery-item'> \t\t\t<div class='gallery-icon landscape'> \t\t\t\t<img loading=\"lazy\" decoding=\"async\" width=\"240\" height=\"180\" src=\"https:\/\/www.agriculture-machine.com\/wp-content\/uploads\/2018\/07\/hemp-cutter-machine-5-1-240x180.jpg\" class=\"attachment-thumbnail size-thumbnail\" alt=\"\" srcset=\"https:\/\/www.agriculture-machine.com\/wp-content\/uploads\/2018\/07\/hemp-cutter-machine-5-1-240x180.jpg 240w, https:\/\/www.agriculture-machine.com\/wp-content\/uploads\/2018\/07\/hemp-cutter-machine-5-1-360x270.jpg 360w, https:\/\/www.agriculture-machine.com\/wp-content\/uploads\/2018\/07\/hemp-cutter-machine-5-1.jpg 480w\" sizes=\"auto, (max-width: 240px) 100vw, 240px\" \/> \t\t\t<\/div><\/figure><figure class='gallery-item'> \t\t\t<div class='gallery-icon landscape'> \t\t\t\t<img loading=\"lazy\" decoding=\"async\" width=\"240\" height=\"180\" src=\"https:\/\/www.agriculture-machine.com\/wp-content\/uploads\/2018\/07\/hemp-cutter-machine-6-1-240x180.jpg\" class=\"attachment-thumbnail size-thumbnail\" alt=\"\" srcset=\"https:\/\/www.agriculture-machine.com\/wp-content\/uploads\/2018\/07\/hemp-cutter-machine-6-1-240x180.jpg 240w, https:\/\/www.agriculture-machine.com\/wp-content\/uploads\/2018\/07\/hemp-cutter-machine-6-1-360x270.jpg 360w, https:\/\/www.agriculture-machine.com\/wp-content\/uploads\/2018\/07\/hemp-cutter-machine-6-1.jpg 480w\" sizes=\"auto, (max-width: 240px) 100vw, 240px\" \/> \t\t\t<\/div><\/figure> \t\t<\/div>  <h2>Aplica\u00e7\u00e3o do decorticador de c\u00e2nhamo<\/h2> <p>Pode esmagar o talo de kenaf e obter a pele rapidamente, que \u00e9 muito limpa. Esta m\u00e1quina de corte de c\u00e2nhamo pode ser usada para c\u00e2nhamo, juta, ramie, kenaf, etc.<\/p> <p><img loading=\"lazy\" decoding=\"async\" class=\"alignnone size-full wp-image-4349\" src=\"https:\/\/www.agriculture-machine.com\/wp-content\/uploads\/2018\/07\/hemp-cutting-3.jpg\" alt=\"\" width=\"750\" height=\"750\" srcset=\"https:\/\/www.agriculture-machine.com\/wp-content\/uploads\/2018\/07\/hemp-cutting-3.jpg 750w, https:\/\/www.agriculture-machine.com\/wp-content\/uploads\/2018\/07\/hemp-cutting-3-270x270.jpg 270w, https:\/\/www.agriculture-machine.com\/wp-content\/uploads\/2018\/07\/hemp-cutting-3-540x540.jpg 540w\" sizes=\"auto, (max-width: 750px) 100vw, 750px\" \/><\/p> <h2>Vantagem do decorticador de c\u00e2nhamo<\/h2> <p>1. Em compara\u00e7\u00e3o com o m\u00e9todo tradicional de descascamento, decorticador de c\u00e2nhamo fresco<br \/> pode poupar muito trabalho e tempo.<br \/> 2. Dois rolos com l\u00e2minas obl\u00edquas podem esmagar bastante o talo, melhorando a efici\u00eancia de trabalho.<br \/> 3. Alta taxa de limpeza. A fibra final \u00e9 muito limpa<br \/> 4. Alta capacidade. A sua maior capacidade \u00e9 150m2\/h<\/p> <ol start=\"5\"> <li>A fibra de c\u00e2nhamo n\u00e3o \u00e9 quebrada ap\u00f3s a descasca\u00e7\u00e3o.<\/li> <li>A taxa de descascamento \u00e9 muito alta e quase todas as fibras podem ser descascadas de uma s\u00f3 vez.<\/li> <li>Decorticadores de c\u00e2nhamo s\u00e3o f\u00e1ceis de mover devido a duas rodas e adequados para mat\u00e9rias-primas h\u00famidas e secas.<\/li> <li>O decorticador de c\u00e2nhamo possui uma haste cruzada na sa\u00edda para coletar a fibra ap\u00f3s o descascamento.<\/li> <\/ol> <p>&nbsp;<\/p> <p><img decoding=\"async\" src=\"https:\/\/www.agriculture-machine.com\/wp-content\/uploads\/2018\/07\/hemp-cutter-machine-1.jpg\" alt=\"m\u00e1quina cortadora de c\u00e2nhamo-1\" \/><\/p> <h2>Princ\u00edpio de funcionamento do decorticador de c\u00e2nhamo<\/h2> <p>1. O operador coloca o c\u00e2nhamo no funil de alimenta\u00e7\u00e3o<br \/> 2. O c\u00e2nhamo entra no meio de dois rolos<br \/> 3. L\u00e2minas obl\u00edquas nas rodas acionadas por motor ou motor a diesel esmagam o talo por rota\u00e7\u00e3o constante.<br \/> 4. Os talos ficam totalmente esmagados e as fibras voam para o rob ap\u00f3s alguns segundos.<\/p> <p><img loading=\"lazy\" decoding=\"async\" class=\"alignnone size-full wp-image-4348\" src=\"https:\/\/www.agriculture-machine.com\/wp-content\/uploads\/2018\/07\/hemp-cutting-2.jpg\" alt=\"\" width=\"750\" height=\"750\" srcset=\"https:\/\/www.agriculture-machine.com\/wp-content\/uploads\/2018\/07\/hemp-cutting-2.jpg 750w, https:\/\/www.agriculture-machine.com\/wp-content\/uploads\/2018\/07\/hemp-cutting-2-270x270.jpg 270w, https:\/\/www.agriculture-machine.com\/wp-content\/uploads\/2018\/07\/hemp-cutting-2-540x540.jpg 540w\" sizes=\"auto, (max-width: 750px) 100vw, 750px\" \/><\/p> <h2>Pot\u00eancia compat\u00edvel do decorticador de c\u00e2nhamo<\/h2> <p>M\u00e1quina decorticadora de kenaf funciona com motor de 7,5kw ou motor a diesel de 10HP.<\/p> <p><img loading=\"lazy\" decoding=\"async\" class=\"alignnone size-full wp-image-4347\" src=\"https:\/\/www.agriculture-machine.com\/wp-content\/uploads\/2018\/07\/hemp-cutting-1.jpg\" alt=\"\" width=\"750\" height=\"750\" srcset=\"https:\/\/www.agriculture-machine.com\/wp-content\/uploads\/2018\/07\/hemp-cutting-1.jpg 750w, https:\/\/www.agriculture-machine.com\/wp-content\/uploads\/2018\/07\/hemp-cutting-1-270x270.jpg 270w, https:\/\/www.agriculture-machine.com\/wp-content\/uploads\/2018\/07\/hemp-cutting-1-540x540.jpg 540w\" sizes=\"auto, (max-width: 750px) 100vw, 750px\" \/><\/p> <h2>Par\u00e2metros t\u00e9cnicos do decorticador de c\u00e2nhamo<\/h2> <div class=\"table-responsive\"> <table class=\"table table-striped\"> <tbody> <tr> <td width=\"346\"><strong><b>Modelo<\/b><\/strong><\/td> <td width=\"293\"><strong><b>SLHM-550<\/b><\/strong><\/td> <\/tr> <tr> <td width=\"346\">Velocidade de rota\u00e7\u00e3o da l\u00e2mina de h\u00f3quei<\/td> <td width=\"293\">1000-1200r\/min<\/td> <\/tr> <tr> <td width=\"346\">Pot\u00eancia do motor<\/td> <td width=\"293\">7,5Kw \/(10HP - motor desligado)<\/td> <\/tr> <tr> <td width=\"346\">Capacidade<\/td> <td width=\"293\">150m2\/h<\/td> <\/tr> <tr> <td width=\"346\">Dimens\u00e3o<\/td> <td width=\"293\">1500*1400*1050mm<\/td> <\/tr> <tr> <td width=\"346\">Peso<\/td> <td width=\"293\">255Kg<\/td> <\/tr> <tr> <td width=\"346\">Percentagem de sujidade<\/td> <td width=\"293\">&lt;0,2%<\/td> <\/tr> <\/tbody> <\/table> <h2>Caso de sucesso mais recente do decorticador de c\u00e2nhamo<\/h2> <p class=\"translation-block\"><strong><span style=\"color: #ff0000\">caso um<\/span><\/strong><\/p> <p>Em fevereiro de 2019, vendemos 1 m\u00e1quina de corte de c\u00e2nhamo para a Pol\u00f3nia com pre\u00e7o competitivo. Ele \u00e9 agricultor e planta c\u00e2nhamo nos \u00faltimos anos, desejando extrair a sua fibra. A seguinte imagem \u00e9 o di\u00e1logo entre o nosso gerente de vendas e ele.<br \/> <img decoding=\"async\" src=\"https:\/\/www.agriculture-machine.com\/wp-content\/uploads\/2018\/07\/hemp-cutter-machine-3.jpg\" alt=\"m\u00e1quina cortadora de c\u00e2nhamo-3\" \/><img decoding=\"async\" src=\"https:\/\/www.agriculture-machine.com\/wp-content\/uploads\/2018\/07\/hemp-cutter-machine.png\" alt=\"m\u00e1quina cortadora de c\u00e2nhamo\" \/><br \/> Na verdade, ele entrou em contacto conosco em janeiro e fez o pedido em fevereiro. O nosso gerente resolveu o problema dele com muita paci\u00eancia e desejava estabelecer uma parceria de longo prazo com ele.<\/p> <p>As fotos de embalagem s\u00e3o as seguintes.<\/p> <div id='gallery-2' class='gallery galleryid-253 gallery-columns-2 gallery-size-full'><figure class='gallery-item'> \t\t\t<div class='gallery-icon landscape'> \t\t\t\t<a href='https:\/\/www.agriculture-machine.com\/pt\/hemp-cutter-machine-8\/'><img loading=\"lazy\" decoding=\"async\" width=\"1440\" height=\"1080\" src=\"https:\/\/www.agriculture-machine.com\/wp-content\/uploads\/2018\/07\/hemp-cutter-machine-8.jpg\" class=\"attachment-full size-full\" alt=\"m\u00e1quina cortadora de c\u00e2nhamo (8)\" aria-describedby=\"gallery-2-2249\" srcset=\"https:\/\/www.agriculture-machine.com\/wp-content\/uploads\/2018\/07\/hemp-cutter-machine-8.jpg 1440w, https:\/\/www.agriculture-machine.com\/wp-content\/uploads\/2018\/07\/hemp-cutter-machine-8-360x270.jpg 360w, https:\/\/www.agriculture-machine.com\/wp-content\/uploads\/2018\/07\/hemp-cutter-machine-8-720x540.jpg 720w, https:\/\/www.agriculture-machine.com\/wp-content\/uploads\/2018\/07\/hemp-cutter-machine-8-240x180.jpg 240w, https:\/\/www.agriculture-machine.com\/wp-content\/uploads\/2018\/07\/hemp-cutter-machine-8-768x576.jpg 768w\" sizes=\"auto, (max-width: 1440px) 100vw, 1440px\" \/><\/a> \t\t\t<\/div> \t\t\t\t<figcaption class='wp-caption-text gallery-caption' id='gallery-2-2249'> \t\t\t\tm\u00e1quina cortadora de c\u00e2nhamo (8) \t\t\t\t<\/figcaption><\/figure><figure class='gallery-item'> \t\t\t<div class='gallery-icon landscape'> \t\t\t\t<a href='https:\/\/www.agriculture-machine.com\/pt\/hemp-cutter-machine-7\/'><img loading=\"lazy\" decoding=\"async\" width=\"1440\" height=\"1080\" src=\"https:\/\/www.agriculture-machine.com\/wp-content\/uploads\/2018\/07\/hemp-cutter-machine-7.jpg\" class=\"attachment-full size-full\" alt=\"m\u00e1quina cortadora de c\u00e2nhamo (7)\" aria-describedby=\"gallery-2-2248\" srcset=\"https:\/\/www.agriculture-machine.com\/wp-content\/uploads\/2018\/07\/hemp-cutter-machine-7.jpg 1440w, https:\/\/www.agriculture-machine.com\/wp-content\/uploads\/2018\/07\/hemp-cutter-machine-7-360x270.jpg 360w, https:\/\/www.agriculture-machine.com\/wp-content\/uploads\/2018\/07\/hemp-cutter-machine-7-720x540.jpg 720w, https:\/\/www.agriculture-machine.com\/wp-content\/uploads\/2018\/07\/hemp-cutter-machine-7-240x180.jpg 240w, https:\/\/www.agriculture-machine.com\/wp-content\/uploads\/2018\/07\/hemp-cutter-machine-7-768x576.jpg 768w\" sizes=\"auto, (max-width: 1440px) 100vw, 1440px\" \/><\/a> \t\t\t<\/div> \t\t\t\t<figcaption class='wp-caption-text gallery-caption' id='gallery-2-2248'> \t\t\t\tm\u00e1quina cortadora de c\u00e2nhamo (7) \t\t\t\t<\/figcaption><\/figure> \t\t<\/div>  <h2><span style=\"color: #ff0000;\">caso dois<\/span><\/h2> <p class=\"translation-block\">No in\u00edcio de maio, recebemos uma consulta do cliente na Cro\u00e1cia, e ele queria comprar um <strong>decorticador de c\u00e2nhamo<\/strong>. Na verdade, ele n\u00e3o falaram muito com o nosso vendedor. Ap\u00f3s confirmar as informa\u00e7\u00f5es do transit\u00e1rio, ele encomendou uma unidade<strong> decorticador de c\u00e2nhamo<\/strong> de n\u00f3s. Temos muitos decorticadores de c\u00e2nhamo em stock, por isso pass\u00e1mos um dia a embalar e entregar a m\u00e1quina ap\u00f3s receber o pagamento.<\/p> <div id='gallery-3' class='gallery galleryid-253 gallery-columns-2 gallery-size-full'><figure class='gallery-item'> \t\t\t<div class='gallery-icon portrait'> \t\t\t\t<a href='https:\/\/www.agriculture-machine.com\/pt\/kenaf-decorticator\/attachment\/hemp-decorticator5\/'><img loading=\"lazy\" decoding=\"async\" width=\"450\" height=\"600\" src=\"https:\/\/www.agriculture-machine.com\/wp-content\/uploads\/2018\/07\/hemp-decorticator5.jpg\" class=\"attachment-full size-full\" alt=\"\" srcset=\"https:\/\/www.agriculture-machine.com\/wp-content\/uploads\/2018\/07\/hemp-decorticator5.jpg 450w, https:\/\/www.agriculture-machine.com\/wp-content\/uploads\/2018\/07\/hemp-decorticator5-203x270.jpg 203w, https:\/\/www.agriculture-machine.com\/wp-content\/uploads\/2018\/07\/hemp-decorticator5-405x540.jpg 405w\" sizes=\"auto, (max-width: 450px) 100vw, 450px\" \/><\/a> \t\t\t<\/div><\/figure><figure class='gallery-item'> \t\t\t<div class='gallery-icon portrait'> \t\t\t\t<a href='https:\/\/www.agriculture-machine.com\/pt\/kenaf-decorticator\/attachment\/hemp-decorticator4\/'><img loading=\"lazy\" decoding=\"async\" width=\"450\" height=\"600\" src=\"https:\/\/www.agriculture-machine.com\/wp-content\/uploads\/2018\/07\/hemp-decorticator4.jpg\" class=\"attachment-full size-full\" alt=\"\" srcset=\"https:\/\/www.agriculture-machine.com\/wp-content\/uploads\/2018\/07\/hemp-decorticator4.jpg 450w, https:\/\/www.agriculture-machine.com\/wp-content\/uploads\/2018\/07\/hemp-decorticator4-203x270.jpg 203w, https:\/\/www.agriculture-machine.com\/wp-content\/uploads\/2018\/07\/hemp-decorticator4-405x540.jpg 405w\" sizes=\"auto, (max-width: 450px) 100vw, 450px\" \/><\/a> \t\t\t<\/div><\/figure> \t\t<\/div>  <div id='gallery-4' class='gallery galleryid-253 gallery-columns-2 gallery-size-full'><figure class='gallery-item'> \t\t\t<div class='gallery-icon portrait'> \t\t\t\t<a href='https:\/\/www.agriculture-machine.com\/pt\/kenaf-decorticator\/attachment\/hemp-decorticator3\/'><img loading=\"lazy\" decoding=\"async\" width=\"450\" height=\"600\" src=\"https:\/\/www.agriculture-machine.com\/wp-content\/uploads\/2018\/07\/hemp-decorticator3.jpg\" class=\"attachment-full size-full\" alt=\"\" srcset=\"https:\/\/www.agriculture-machine.com\/wp-content\/uploads\/2018\/07\/hemp-decorticator3.jpg 450w, https:\/\/www.agriculture-machine.com\/wp-content\/uploads\/2018\/07\/hemp-decorticator3-203x270.jpg 203w, https:\/\/www.agriculture-machine.com\/wp-content\/uploads\/2018\/07\/hemp-decorticator3-405x540.jpg 405w\" sizes=\"auto, (max-width: 450px) 100vw, 450px\" \/><\/a> \t\t\t<\/div><\/figure><figure class='gallery-item'> \t\t\t<div class='gallery-icon portrait'> \t\t\t\t<a href='https:\/\/www.agriculture-machine.com\/pt\/kenaf-decorticator\/attachment\/hemp-decorticator2\/'><img loading=\"lazy\" decoding=\"async\" width=\"450\" height=\"600\" src=\"https:\/\/www.agriculture-machine.com\/wp-content\/uploads\/2018\/07\/hemp-decorticator2.jpg\" class=\"attachment-full size-full\" alt=\"\" srcset=\"https:\/\/www.agriculture-machine.com\/wp-content\/uploads\/2018\/07\/hemp-decorticator2.jpg 450w, https:\/\/www.agriculture-machine.com\/wp-content\/uploads\/2018\/07\/hemp-decorticator2-203x270.jpg 203w, https:\/\/www.agriculture-machine.com\/wp-content\/uploads\/2018\/07\/hemp-decorticator2-405x540.jpg 405w\" sizes=\"auto, (max-width: 450px) 100vw, 450px\" \/><\/a> \t\t\t<\/div><\/figure> \t\t<\/div>  <h2>Perguntas Frequentes<\/h2> <p>1. Por que os dois rolos da m\u00e1quina s\u00e3o obl\u00edquos?<br \/> Dois rolos obl\u00edquos podem esmagar totalmente os talos de c\u00e2nhamo, separando-o da fibra de forma eficaz.<br \/> 2. Quais s\u00e3o as mat\u00e9rias-primas deste decorticador de juta?<br \/> A mat\u00e9ria-prima pode ser c\u00e2nhamo, kenaf, ramie, juta, etc.<br \/> 3. O rolo duplo danifica a fibra?<br \/> N\u00e3o, n\u00e3o danifica a fibra porque as l\u00e2minas no rolo s\u00e3o arredondadas.<br \/> 4. Para que \u00e9 que o produto final pode ser usado?<br \/> Pode fazer corda ou tecido.<br \/> 5. \u00c9 adequado para c\u00e2nhamo h\u00famido e seco?<br \/> Sim, pode<br \/> <img decoding=\"async\" src=\"https:\/\/www.agriculture-machine.com\/wp-content\/uploads\/2018\/07\/hemp-cutter-machine-4.jpg\" alt=\"m\u00e1quina cortadora de c\u00e2nhamo-4\" \/><\/p> <h2>Por que nos escolher?<\/h2> <p>Pode perceber por que nos escolher?<br \/> Esta imagem \u00e9 a de stock da m\u00e1quina de extra\u00e7\u00e3o de fibra de c\u00e2nhamo, e vendemos mais de 1000 unidades para outros pa\u00edses a cada ano. Honestamente, podemos produzir 500 unidades por m\u00eas, atendendo totalmente \u00e0 sua demanda.<\/p> <\/div>","protected":false},"excerpt":{"rendered":"<p>Brief introduction of hemp decorticator Our hemp cutter machine is to use to extract the fiber of hemp, jute, kenaf, ramie, etc. With two big wheels, the machine is easy to move. The cleaning rate can reach 96% without any damage to the fiber itself. Hemp decorticator is suitable for processing plant fibers of hemp, [&hellip;]<\/p>\n","protected":false},"author":1,"featured_media":0,"parent":0,"comment_status":"closed","ping_status":"closed","template":"","tags":[2618],"product-type":[917,1],"class_list":["post-253","product","type-product","status-publish","hentry","tag-hemp","product-type-hemp-peeling-machine","product-type-other"],"_links":{"self":[{"href":"https:\/\/www.agriculture-machine.com\/pt\/wp-json\/wp\/v2\/product\/253","targetHints":{"allow":["GET"]}}],"collection":[{"href":"https:\/\/www.agriculture-machine.com\/pt\/wp-json\/wp\/v2\/product"}],"about":[{"href":"https:\/\/www.agriculture-machine.com\/pt\/wp-json\/wp\/v2\/types\/product"}],"author":[{"embeddable":true,"href":"https:\/\/www.agriculture-machine.com\/pt\/wp-json\/wp\/v2\/users\/1"}],"replies":[{"embeddable":true,"href":"https:\/\/www.agriculture-machine.com\/pt\/wp-json\/wp\/v2\/comments?post=253"}],"wp:attachment":[{"href":"https:\/\/www.agriculture-machine.com\/pt\/wp-json\/wp\/v2\/media?parent=253"}],"wp:term":[{"taxonomy":"post_tag","embeddable":true,"href":"https:\/\/www.agriculture-machine.com\/pt\/wp-json\/wp\/v2\/tags?post=253"},{"taxonomy":"product-type","embeddable":true,"href":"https:\/\/www.agriculture-machine.com\/pt\/wp-json\/wp\/v2\/product-type?post=253"}],"curies":[{"name":"wp","href":"https:\/\/api.w.org\/{rel}","templated":true}]}}