{"id":2712,"date":"2019-03-19T21:57:01","date_gmt":"2019-03-19T13:57:01","guid":{"rendered":"https:\/\/www.agriculture-machine.com\/?p=2712"},"modified":"2025-06-19T16:29:05","modified_gmt":"2025-06-19T08:29:05","slug":"rice-wheat-destoner-machine","status":"publish","type":"product","link":"https:\/\/www.agriculture-machine.com\/pt\/rice-wheat-destoner-machine\/","title":{"rendered":"M\u00e1quina de Destonagem de Arroz | M\u00e1quina de Remo\u00e7\u00e3o de Impurezas de Pedras"},"content":{"rendered":"<p>Com a tecnologia de n\u00facleo duplo de \u201cclassifica\u00e7\u00e3o por gravidade   suspens\u00e3o por fluxo de ar\u201d, a m\u00e1quina de destonagem de arroz realiza a separa\u00e7\u00e3o pela diferen\u00e7a de densidade entre materiais e pedras (a gravidade espec\u00edfica das pedras \u00e9 2,5-3,0g\/cm\u00b3, enquanto a do arroz \u00e9 apenas 1,1-1,3g\/cm\u00b3). <\/p>    <p>Com uma superf\u00edcie de tela inclinada ajust\u00e1vel e um sistema de press\u00e3o de ar inteligente, esta m\u00e1quina pode processar eficientemente 1 tonelada de arroz por hora. \u00c9 principalmente usada no processamento prim\u00e1rio de arroz, trigo e outros gr\u00e3os, sendo amplamente utilizada em moinhos de arroz, dep\u00f3sitos de gr\u00e3os e v\u00e1rias empresas de processamento de gr\u00e3os. <\/p>    <p>Com uma estrutura compacta, motor de 2,2kW e taxa de destonagem \u226595%, a m\u00e1quina de destonagem de arroz n\u00e3o s\u00f3 \u00e9 f\u00e1cil de operar, mas tamb\u00e9m possui um efeito de separa\u00e7\u00e3o not\u00e1vel, sendo a escolha ideal para melhorar a pureza e a efici\u00eancia de produ\u00e7\u00e3o do arroz.<\/p>    <figure class=\"wp-block-embed aligncenter is-type-video is-provider-youtube wp-block-embed-youtube wp-embed-aspect-16-9 wp-has-aspect-ratio\"><div class=\"wp-block-embed__wrapper\"> <iframe loading=\"lazy\" title=\"m\u00e1quina de remo\u00e7\u00e3o de impurezas\/remocao de pedras de arroz\/remover grama, lama, talo seco de arroz e trigo\" width=\"500\" height=\"281\" src=\"https:\/\/www.youtube.com\/embed\/-BaB28ndhhc?start=3&#038;feature=oembed\" frameborder=\"0\" allow=\"accelerometer; autoplay; clipboard-write; encrypted-media; gyroscope; picture-in-picture; web-share\" referrerpolicy=\"strict-origin-when-cross-origin\" allowfullscreen><\/iframe> <\/div><figcaption class=\"wp-element-caption\">v\u00eddeo de funcionamento da m\u00e1quina de destonagem de arroz de casca de arroz<\/figcaption><\/figure>    <h2 class=\"wp-block-heading\">Vantagens da m\u00e1quina de destonagem de arroz<\/h2>    <ul class=\"wp-block-list\"> <li>Alta taxa de remo\u00e7\u00e3o de impurezas: adotando tecnologia avan\u00e7ada de classifica\u00e7\u00e3o, pode remover completamente pedras, cascalho e outras impurezas, garantindo que o arroz seja limpo e livre de mat\u00e9ria estranha, melhorando a qualidade do produto.<\/li>    <li>Opera\u00e7\u00e3o est\u00e1vel: toda a m\u00e1quina possui uma estrutura compacta, e o sistema de energia funciona suavemente, o que reduz efetivamente a vibra\u00e7\u00e3o e o ru\u00eddo, melhorando a confiabilidade do trabalho.<\/li>    <li>Capacidade de processamento forte: pode processar cerca de 1 tonelada de arroz por hora, sendo adequada para pequenas e m\u00e9dias f\u00e1bricas de processamento de gr\u00e3os para atender \u00e0 demanda por opera\u00e7\u00e3o cont\u00ednua eficiente.<\/li>    <li>Opera\u00e7\u00e3o f\u00e1cil e economia de energia: f\u00e1cil de usar, processo de opera\u00e7\u00e3o simples, reduz interven\u00e7\u00e3o manual, economiza m\u00e3o de obra e custos de energia.<\/li> <\/ul>    <figure class=\"wp-block-image aligncenter wp-image-2714\"><img loading=\"lazy\" decoding=\"async\" width=\"750\" height=\"760\" src=\"https:\/\/www.agriculture-machine.com\/wp-content\/uploads\/2019\/03\/rice-destoner-machine-4-1.jpg\" alt=\"m\u00e1quina de remo\u00e7\u00e3o de pedras de arroz\" class=\"wp-image-2714\" srcset=\"https:\/\/www.agriculture-machine.com\/wp-content\/uploads\/2019\/03\/rice-destoner-machine-4-1.jpg 750w, https:\/\/www.agriculture-machine.com\/wp-content\/uploads\/2019\/03\/rice-destoner-machine-4-1-266x270.jpg 266w, https:\/\/www.agriculture-machine.com\/wp-content\/uploads\/2019\/03\/rice-destoner-machine-4-1-533x540.jpg 533w\" sizes=\"auto, (max-width: 750px) 100vw, 750px\" \/><figcaption class=\"wp-element-caption\">m\u00e1quina de remo\u00e7\u00e3o de pedras de arroz<\/figcaption><\/figure>    <h2 class=\"wp-block-heading\">Par\u00e2metros t\u00e9cnicos da m\u00e1quina de remo\u00e7\u00e3o de pedras de arroz<\/h2>    <figure class=\"wp-block-table is-style-stripes\"><table><tbody><tr><td><strong><b>Modelo<\/b><\/strong><\/td><td>SQ50<\/td><\/tr><tr><td>Produtividade<\/td><td>1t\/h<\/td><\/tr><tr><td>Pot\u00eancia<\/td><td>Motor de 2,2kw<\/td><\/tr><tr><td>Dimens\u00e3o<\/td><td>900*610*320mm<\/td><\/tr><tr><td>N\uff0ePeso<\/td><td>86kg<\/td><\/tr><\/tbody><\/table><figcaption class=\"wp-element-caption\">Dados t\u00e9cnicos do destonador de trigo<\/figcaption><\/figure>    <h2 class=\"wp-block-heading\">Estrutura principal da m\u00e1quina de destonagem de arroz<\/h2>    <p>A m\u00e1quina de remo\u00e7\u00e3o de pedras de trigo consiste principalmente em uma grande sa\u00edda de pedras, uma sa\u00edda de impurezas, uma sa\u00edda de arroz limpo, uma pequena sa\u00edda de pedras e uma cuba de alimenta\u00e7\u00e3o de arroz.<\/p>    <figure class=\"wp-block-image aligncenter size-full\"><img loading=\"lazy\" decoding=\"async\" width=\"720\" height=\"540\" src=\"https:\/\/www.agriculture-machine.com\/wp-content\/uploads\/2019\/03\/paddy-rice-stone-removing-machine.webp\" alt=\"m\u00e1quina de remo\u00e7\u00e3o de pedras de arroz de casca de arroz\" class=\"wp-image-17057\" srcset=\"https:\/\/www.agriculture-machine.com\/wp-content\/uploads\/2019\/03\/paddy-rice-stone-removing-machine.webp 720w, https:\/\/www.agriculture-machine.com\/wp-content\/uploads\/2019\/03\/paddy-rice-stone-removing-machine-360x270.webp 360w, https:\/\/www.agriculture-machine.com\/wp-content\/uploads\/2019\/03\/paddy-rice-stone-removing-machine-240x180.webp 240w, https:\/\/www.agriculture-machine.com\/wp-content\/uploads\/2019\/03\/paddy-rice-stone-removing-machine-16x12.webp 16w\" sizes=\"auto, (max-width: 720px) 100vw, 720px\" \/><figcaption class=\"wp-element-caption\">m\u00e1quina de remo\u00e7\u00e3o de pedras de arroz de casca de arroz<\/figcaption><\/figure>    <figure class=\"wp-block-image aligncenter wp-image-5137 size-full\"><img loading=\"lazy\" decoding=\"async\" width=\"720\" height=\"481\" src=\"https:\/\/www.agriculture-machine.com\/wp-content\/uploads\/2019\/03\/rice-destoner-4.jpg\" alt=\" m\u00e1quina de remo\u00e7\u00e3o de pedras de arroz\" class=\"wp-image-5137\" srcset=\"https:\/\/www.agriculture-machine.com\/wp-content\/uploads\/2019\/03\/rice-destoner-4.jpg 720w, https:\/\/www.agriculture-machine.com\/wp-content\/uploads\/2019\/03\/rice-destoner-4-360x241.jpg 360w\" sizes=\"auto, (max-width: 720px) 100vw, 720px\" \/><figcaption class=\"wp-element-caption\">m\u00e1quina de remo\u00e7\u00e3o de pedras de arroz<\/figcaption><\/figure>    <figure class=\"wp-block-image aligncenter wp-image-5136 size-full\"><img loading=\"lazy\" decoding=\"async\" width=\"720\" height=\"481\" src=\"https:\/\/www.agriculture-machine.com\/wp-content\/uploads\/2019\/03\/rice-destoner-3.jpg\" alt=\"tela da m\u00e1quina de remo\u00e7\u00e3o de pedras de arroz\" class=\"wp-image-5136\" srcset=\"https:\/\/www.agriculture-machine.com\/wp-content\/uploads\/2019\/03\/rice-destoner-3.jpg 720w, https:\/\/www.agriculture-machine.com\/wp-content\/uploads\/2019\/03\/rice-destoner-3-360x241.jpg 360w\" sizes=\"auto, (max-width: 720px) 100vw, 720px\" \/><figcaption class=\"wp-element-caption\">tela da m\u00e1quina de remo\u00e7\u00e3o de pedras de arroz<\/figcaption><\/figure>    <h2 class=\"wp-block-heading\">Princ\u00edpio de funcionamento da m\u00e1quina de destonagem de arroz<\/h2>    <ol class=\"wp-block-list\"> <li>O operador deposita o arroz ou trigo na cuba de alimenta\u00e7\u00e3o quando a m\u00e1quina de destonagem de arroz na Nig\u00e9ria come\u00e7a a trabalhar.<\/li>    <li>O motor de 2,2kw alimenta a m\u00e1quina, de modo que a tela el\u00e9trica vibra constantemente.<\/li>    <li>A pedra move-se para cima, enquanto o arroz ou trigo corre na dire\u00e7\u00e3o oposta.<\/li>    <li>Ap\u00f3s alguns minutos, o arroz limpo, pequenas pedras, grandes pedras e outras impurezas saem por diferentes sa\u00eddas.<\/li> <\/ol>    <figure class=\"wp-block-image aligncenter size-full\"><img loading=\"lazy\" decoding=\"async\" width=\"720\" height=\"540\" src=\"https:\/\/www.agriculture-machine.com\/wp-content\/uploads\/2019\/03\/rice-destoner-machine.webp\" alt=\"m\u00e1quina de remo\u00e7\u00e3o de pedras de arroz\" class=\"wp-image-17058\" srcset=\"https:\/\/www.agriculture-machine.com\/wp-content\/uploads\/2019\/03\/rice-destoner-machine.webp 720w, https:\/\/www.agriculture-machine.com\/wp-content\/uploads\/2019\/03\/rice-destoner-machine-360x270.webp 360w, https:\/\/www.agriculture-machine.com\/wp-content\/uploads\/2019\/03\/rice-destoner-machine-240x180.webp 240w, https:\/\/www.agriculture-machine.com\/wp-content\/uploads\/2019\/03\/rice-destoner-machine-16x12.webp 16w\" sizes=\"auto, (max-width: 720px) 100vw, 720px\" \/><figcaption class=\"wp-element-caption\">m\u00e1quina de remo\u00e7\u00e3o de pedras de arroz<\/figcaption><\/figure>    <figure class=\"wp-block-image aligncenter wp-image-5139 size-full\"><img loading=\"lazy\" decoding=\"async\" width=\"720\" height=\"480\" src=\"https:\/\/www.agriculture-machine.com\/wp-content\/uploads\/2019\/03\/rice-destoner-6.jpg\" alt=\" m\u00e1quina de remo\u00e7\u00e3o de pedras de arroz\" class=\"wp-image-5139\" srcset=\"https:\/\/www.agriculture-machine.com\/wp-content\/uploads\/2019\/03\/rice-destoner-6.jpg 720w, https:\/\/www.agriculture-machine.com\/wp-content\/uploads\/2019\/03\/rice-destoner-6-360x240.jpg 360w\" sizes=\"auto, (max-width: 720px) 100vw, 720px\" \/><figcaption class=\"wp-element-caption\">mat\u00e9ria-prima da m\u00e1quina de remo\u00e7\u00e3o de pedras de arroz<\/figcaption><\/figure>    <h2 class=\"wp-block-heading\">Preocupa\u00e7\u00e3o da m\u00e1quina de destonagem de arroz<\/h2>    <ol class=\"wp-block-list\"> <li>Antes de ligar, deve-se verificar a superf\u00edcie da tela, o ventilador e todos os fixadores, e girar manualmente a polia para confirmar que n\u00e3o h\u00e1 anormalidades antes de ligar a m\u00e1quina.<\/li>    <li>O \u00e2ngulo de inclina\u00e7\u00e3o da superf\u00edcie da tela deve ser mantido entre 10\u00b0-13\u00b0, muito grande ou muito pequeno afetar\u00e1 o efeito de destonagem, podendo ser ajustado de acordo com o conte\u00fado de pedras.<\/li>    <li>Deve haver uma quantidade adequada de casca na entrada para evitar impacto direto da casca na superf\u00edcie da tela, afetando o estado de suspens\u00e3o e a taxa de destonagem.<\/li>    <li>O volume de ar deve ser ajustado de acordo com o movimento do arroz na superf\u00edcie da peneira, e a vibra\u00e7\u00e3o muito forte indica que o volume de ar \u00e9 muito grande, n\u00e3o flutuando, o que significa que o volume de ar \u00e9 muito pequeno.<\/li>    <li>Porta de vento, dutos de ar, buracos na peneira devem estar livres, podendo ser limpos com uma escova de arame em caso de entupimento.<\/li>    <li>O processo de opera\u00e7\u00e3o deve sempre observar se ainda h\u00e1 pedras no arroz acabado, e ajustar de acordo com a situa\u00e7\u00e3o.<\/li>    <li>O equipamento deve ser revisado regularmente, limpos os rolamentos e preenchido com \u00f3leo lubrificante, e ap\u00f3s a revis\u00e3o, deve funcionar em vazio para confirmar que n\u00e3o h\u00e1 erros.<\/li> <\/ol>    <figure class=\"wp-block-image aligncenter wp-image-5141 size-full\"><img loading=\"lazy\" decoding=\"async\" width=\"720\" height=\"480\" src=\"https:\/\/www.agriculture-machine.com\/wp-content\/uploads\/2019\/03\/rice-destoner-8.jpg\" alt=\"o arroz em fluxo da m\u00e1quina de remo\u00e7\u00e3o de pedras de arroz\" class=\"wp-image-5141\" srcset=\"https:\/\/www.agriculture-machine.com\/wp-content\/uploads\/2019\/03\/rice-destoner-8.jpg 720w, https:\/\/www.agriculture-machine.com\/wp-content\/uploads\/2019\/03\/rice-destoner-8-360x240.jpg 360w\" sizes=\"auto, (max-width: 720px) 100vw, 720px\" \/><figcaption class=\"wp-element-caption\">o arroz em fluxo da m\u00e1quina de remo\u00e7\u00e3o de pedras de arroz<\/figcaption><\/figure>    <figure class=\"wp-block-image aligncenter wp-image-5142 size-full\"><img loading=\"lazy\" decoding=\"async\" width=\"720\" height=\"480\" src=\"https:\/\/www.agriculture-machine.com\/wp-content\/uploads\/2019\/03\/rice-destoner-9.jpg\" alt=\"o arroz em fluxo da m\u00e1quina de remo\u00e7\u00e3o de pedras de arroz\" class=\"wp-image-5142\" srcset=\"https:\/\/www.agriculture-machine.com\/wp-content\/uploads\/2019\/03\/rice-destoner-9.jpg 720w, https:\/\/www.agriculture-machine.com\/wp-content\/uploads\/2019\/03\/rice-destoner-9-360x240.jpg 360w\" sizes=\"auto, (max-width: 720px) 100vw, 720px\" \/><figcaption class=\"wp-element-caption\">o arroz em fluxo da m\u00e1quina de remo\u00e7\u00e3o de pedras de arroz<\/figcaption><\/figure>    <h2 class=\"wp-block-heading\">Custo-benef\u00edcio da moinho de arroz de remo\u00e7\u00e3o de pedras<\/h2>    <p>Al\u00e9m da m\u00e1quina de destonagem separada, tamb\u00e9m fornecemos m\u00e1quina de destonagem e polimento de arroz. Este equipamento pode completar a remo\u00e7\u00e3o de impurezas, destonagem e moagem fina do arroz de uma s\u00f3 vez, o que melhora muito a efici\u00eancia do processamento e economiza m\u00e3o de obra e custos de instala\u00e7\u00e3o. Assista ao v\u00eddeo abaixo.<\/p>    <figure class=\"wp-block-embed aligncenter is-type-video is-provider-youtube wp-block-embed-youtube wp-embed-aspect-16-9 wp-has-aspect-ratio\"><div class=\"wp-block-embed__wrapper\"> <iframe loading=\"lazy\" title=\"Triturador de Arroz Removendo Pedras | M\u00e1quina Tradicional e Eficiente de Beneficiamento de Arroz#mariadearroz #destonador\" width=\"500\" height=\"281\" src=\"https:\/\/www.youtube.com\/embed\/drwuNO_1Jrg?feature=oembed\" frameborder=\"0\" allow=\"accelerometer; autoplay; clipboard-write; encrypted-media; gyroscope; picture-in-picture; web-share\" referrerpolicy=\"strict-origin-when-cross-origin\" allowfullscreen><\/iframe> <\/div><figcaption class=\"wp-element-caption\">V\u00eddeo de funcionamento da m\u00e1quina de remo\u00e7\u00e3o de pedras e beneficiamento de arroz<\/figcaption><\/figure>    <h2 class=\"wp-block-heading\">Caso de sucesso da m\u00e1quina de destonagem de arroz<\/h2>    <p>Nosso cliente da \u00c1frica do Sul encomendou 500 conjuntos de m\u00e1quinas de destonagem de arroz este ano. J\u00e1 cooperamos v\u00e1rias vezes e ele trabalha para o governo local. Portanto, damos grande import\u00e2ncia a esta destonadora de trigo para satisfaz\u00ea-lo.<\/p>    <p>Conclu\u00edmos todas as m\u00e1quinas em um m\u00eas e as embalamos cuidadosamente para evitar acidentes durante a entrega. At\u00e9 agora, ele recebeu as m\u00e1quinas e nos deu um bom feedback.<\/p>    <figure class=\"wp-block-image aligncenter wp-image-5143 size-full\"><img loading=\"lazy\" decoding=\"async\" width=\"720\" height=\"336\" src=\"https:\/\/www.agriculture-machine.com\/wp-content\/uploads\/2019\/03\/rice-destoner-10.jpg\" alt=\"m\u00e1quina de remo\u00e7\u00e3o de pedras de arroz\" class=\"wp-image-5143\" srcset=\"https:\/\/www.agriculture-machine.com\/wp-content\/uploads\/2019\/03\/rice-destoner-10.jpg 720w, https:\/\/www.agriculture-machine.com\/wp-content\/uploads\/2019\/03\/rice-destoner-10-360x168.jpg 360w\" sizes=\"auto, (max-width: 720px) 100vw, 720px\" \/><figcaption class=\"wp-element-caption\">m\u00e1quina de destonagem de arroz na f\u00e1brica<\/figcaption><\/figure>    <h2 class=\"wp-block-heading\">Perguntas Frequentes<\/h2>   <div id=\"rank-math-faq\" class=\"rank-math-block\"> <div class=\"rank-math-list\"> <div id=\"faq-question-1709540476318\" class=\"rank-math-list-item\"> <h3 class=\"rank-math-question\">Qual \u00e9 a mat\u00e9ria-prima da m\u00e1quina de destonagem?<\/h3> <div class=\"rank-math-answer\">  <p class=\"translation-block\">A mat\u00e9ria-prima \u00e9 arroz e <a href=\"https:\/\/en.wikipedia.org\/wiki\/Wheat\" target=\"_blank\" rel=\"noopener\">trigo<\/a>.<\/p>  <\/div> <\/div> <div id=\"faq-question-1709540480518\" class=\"rank-math-list-item\"> <h3 class=\"rank-math-question\">Qual \u00e9 a taxa de limpeza?<\/h3> <div class=\"rank-math-answer\">  <p>A taxa de limpeza \u00e9 de 98%, o que significa que os gr\u00e3os finais est\u00e3o muito limpos.<\/p>  <\/div> <\/div> <div id=\"faq-question-1709540492534\" class=\"rank-math-list-item\"> <h3 class=\"rank-math-question\">Por que o arroz final cont\u00e9m poucas pedras?<\/h3> <div class=\"rank-math-answer\">  <p>O volume de vento \u00e9 pequeno e deve ser ajustado a tempo.<\/p>  <\/div> <\/div> <\/div> <\/div>   <h2 class=\"wp-block-heading\">Contate-nos a qualquer momento<\/h2>    <p class=\"translation-block\">Se estiver interessado na nossa m\u00e1quina de remo\u00e7\u00e3o de pedras ou tiver alguma d\u00favida relacionada, n\u00e3o hesite em nos contactar para mais informa\u00e7\u00f5es! Se estiver interessado no processamento de arroz, pode consultar o nosso: <a href=\"https:\/\/www.agriculture-machine.com\/pt\/rice-milling-plant-machine\/\"><strong><em>F\u00e1brica de Beneficiamento de Arroz\u4e28Linha de Produ\u00e7\u00e3o de Arroz Autom\u00e1tica<\/em><\/strong><\/a>.<\/p>    <p>Convidamos sinceramente voc\u00ea a visitar nossa f\u00e1brica pessoalmente para testemunhar a qualidade de nossos produtos e processos e experimentar o desempenho real de nossos produtos. Esperamos trabalhar com voc\u00ea!<\/p>","protected":false},"excerpt":{"rendered":"<p>A m\u00e1quina de destonagem de arroz \u00e9 um equipamento de processamento de gr\u00e3os que adota tecnologia de classifica\u00e7\u00e3o por gravidade espec\u00edfica e suspens\u00e3o por fluxo de ar para separar eficientemente arroz e impurezas de pedra.<\/p>","protected":false},"author":1,"featured_media":2714,"parent":0,"comment_status":"closed","ping_status":"closed","template":"","tags":[796,158],"product-type":[907],"class_list":["post-2712","product","type-product","status-publish","has-post-thumbnail","hentry","tag-rice","tag-wheat","product-type-paddy-rice-destoner"],"_links":{"self":[{"href":"https:\/\/www.agriculture-machine.com\/pt\/wp-json\/wp\/v2\/product\/2712","targetHints":{"allow":["GET"]}}],"collection":[{"href":"https:\/\/www.agriculture-machine.com\/pt\/wp-json\/wp\/v2\/product"}],"about":[{"href":"https:\/\/www.agriculture-machine.com\/pt\/wp-json\/wp\/v2\/types\/product"}],"author":[{"embeddable":true,"href":"https:\/\/www.agriculture-machine.com\/pt\/wp-json\/wp\/v2\/users\/1"}],"replies":[{"embeddable":true,"href":"https:\/\/www.agriculture-machine.com\/pt\/wp-json\/wp\/v2\/comments?post=2712"}],"wp:featuredmedia":[{"embeddable":true,"href":"https:\/\/www.agriculture-machine.com\/pt\/wp-json\/wp\/v2\/media\/2714"}],"wp:attachment":[{"href":"https:\/\/www.agriculture-machine.com\/pt\/wp-json\/wp\/v2\/media?parent=2712"}],"wp:term":[{"taxonomy":"post_tag","embeddable":true,"href":"https:\/\/www.agriculture-machine.com\/pt\/wp-json\/wp\/v2\/tags?post=2712"},{"taxonomy":"product-type","embeddable":true,"href":"https:\/\/www.agriculture-machine.com\/pt\/wp-json\/wp\/v2\/product-type?post=2712"}],"curies":[{"name":"wp","href":"https:\/\/api.w.org\/{rel}","templated":true}]}}