{"id":3286,"date":"2019-04-19T22:57:14","date_gmt":"2019-04-19T14:57:14","guid":{"rendered":"https:\/\/www.agriculture-machine.com\/?p=3286"},"modified":"2024-09-23T11:15:58","modified_gmt":"2024-09-23T03:15:58","slug":"amazing-garden-sprayer-drones-in-agriculture-crop-spraying","status":"publish","type":"product","link":"https:\/\/www.agriculture-machine.com\/pt\/amazing-garden-sprayer-drones-in-agriculture-crop-spraying\/","title":{"rendered":"Pulverizador de jardim incr\u00edvel \/ drones na agricultura"},"content":{"rendered":"<p class=\"translation-block\">\u00c9 um design especial<strong> pulverizador de jardim<\/strong>, e pode ser usado para pulverizar \u00e1gua, pesticidas na superf\u00edcie da planta. \u00c9 uma boa ferramenta para agricultores, que podem us\u00e1-lo em jardins, terras agr\u00edcolas e outros campos. A velocidade de pulveriza\u00e7\u00e3o de drones na agricultura \u00e9 de 4-8m\/s, o que significa que funciona com alta efici\u00eancia. O volume da caixa de pesticidas \u00e9 de 10L e 16L, e pode escolher um de acordo com a sua necessidade.<\/p> <p><iframe loading=\"lazy\" title=\"melhores drones 2018 \/ drone DJI \/ pulverizador de jardim \/ como instalar o pulverizador de drone\" width=\"500\" height=\"281\" src=\"https:\/\/www.youtube.com\/embed\/QPc56YfjM_A?feature=oembed\" frameborder=\"0\" allow=\"accelerometer; autoplay; clipboard-write; encrypted-media; gyroscope; picture-in-picture; web-share\" referrerpolicy=\"strict-origin-when-cross-origin\" allowfullscreen><\/iframe><\/p> <h2><\/h2> <h2><strong><b>Par\u00e2metro t\u00e9cnico de <\/b><\/strong><strong><b>pulverizador de jardim<\/b><\/strong><\/h2> <table> <tbody> <tr> <td width=\"189\">Modelo<\/td> <td width=\"189\">3W4-10B<\/td> <td width=\"189\">3W4-16<\/td> <\/tr> <tr> <td width=\"189\">Peso l\u00edquido<\/td> <td width=\"189\">24.2kg<\/td> <td width=\"189\">27.9<\/td> <\/tr> <tr> <td width=\"189\">O volume da caixa de pesticidas<\/td> <td width=\"189\">10L<\/td> <td width=\"189\">16L<\/td> <\/tr> <tr> <td width=\"189\">Bomba de l\u00edquido<\/td> <td width=\"189\">Bomba de diafragma<\/td> <td width=\"189\">Bomba de diafragma<\/td> <\/tr> <tr> <td width=\"189\">O n\u00famero de asas<\/td> <td width=\"189\">4<\/td> <td width=\"189\">4<\/td> <\/tr> <tr> <td width=\"189\">Tipo de motor<\/td> <td width=\"189\">Motor DC sem escovas<\/td> <td width=\"189\">Motor DC sem escovas<\/td> <\/tr> <tr> <td width=\"189\">Motor m\u00e1ximo<\/td> <td width=\"189\">5000w<\/td> <td width=\"189\">5000w<\/td> <\/tr> <tr> <td width=\"189\">Corrente el\u00e9trica m\u00e1xima<\/td> <td width=\"189\">65A<\/td> <td width=\"189\">65A<\/td> <\/tr> <tr> <td width=\"189\">Bateria<\/td> <td width=\"189\">Bateria de l\u00edtio<\/td> <td width=\"189\">Bateria de l\u00edtio<\/td> <\/tr> <tr> <td width=\"189\">Di\u00e2metro da asa<\/td> <td width=\"189\">890mm<\/td> <td width=\"189\">890mm<\/td> <\/tr> <tr> <td width=\"189\">Classifica\u00e7\u00e3o \u00e0 prova de \u00e1gua e poeira<\/td> <td width=\"189\">IP56<\/td> <td width=\"189\">IP56<\/td> <\/tr> <tr> <td width=\"189\">Bicos<\/td> <td width=\"189\">4<\/td> <td width=\"189\">4<\/td> <\/tr> <tr> <td width=\"189\">O volume de pulveriza\u00e7\u00e3o<\/td> <td width=\"189\">600-1600ml\/min<\/td> <td width=\"189\">600-2100ml\/min<\/td> <\/tr> <tr> <td width=\"189\">Velocidade de pulveriza\u00e7\u00e3o<\/td> <td width=\"189\">4-8m\/s<\/td> <td width=\"189\">4-8m\/s<\/td> <\/tr> <tr> <td width=\"189\">Largura de pulveriza\u00e7\u00e3o<\/td> <td width=\"189\">4-6m<\/td> <td width=\"189\">4-6m<\/td> <\/tr> <tr> <td width=\"189\">Altura de trabalho<\/td> <td width=\"189\">1-3m<\/td> <td width=\"189\">1-3m<\/td> <\/tr> <tr> <td width=\"189\">Tempo de pulveriza\u00e7\u00e3o sustent\u00e1vel (capacidade)<\/td> <td width=\"189\">Mais de 10min<\/td> <td width=\"189\">Mais de 10min<\/td> <\/tr> <tr> <td width=\"189\">Volume de pulveriza\u00e7\u00e3o<\/td> <td width=\"189\">0.6-0.9hm2\/h<\/td> <td width=\"189\">0.9-1.3hm2\/h<\/td> <\/tr> <\/tbody> <\/table> <h2>Etapas de trabalho do pulverizador de jardim<\/h2> <figure id=\"attachment_3291\" aria-describedby=\"caption-attachment-3291\" style=\"width: 600px\" class=\"wp-caption aligncenter\"><img loading=\"lazy\" decoding=\"async\" class=\"wp-image-3291 size-full\" src=\"https:\/\/www.agriculture-machine.com\/wp-content\/uploads\/2019\/04\/drone-sprayer-4.jpg\" alt=\"pulverizador drone\" width=\"600\" height=\"450\" srcset=\"https:\/\/www.agriculture-machine.com\/wp-content\/uploads\/2019\/04\/drone-sprayer-4.jpg 600w, https:\/\/www.agriculture-machine.com\/wp-content\/uploads\/2019\/04\/drone-sprayer-4-360x270.jpg 360w, https:\/\/www.agriculture-machine.com\/wp-content\/uploads\/2019\/04\/drone-sprayer-4-240x180.jpg 240w\" sizes=\"auto, (max-width: 600px) 100vw, 600px\" \/><figcaption id=\"caption-attachment-3291\" class=\"wp-caption-text\">pulverizador drone<\/figcaption><\/figure> <ol> <li>Primeiro, instale as quatro asas do pulverizador de jardim.<\/li> <li>Adicione o agente espumante.<\/li> <li>Coloque a bateria que permite \u00e0 m\u00e1quina voar por 10 minutos.<\/li> <li>A m\u00e1quina \u00e9 controlada por controlo remoto durante a opera\u00e7\u00e3o.<\/li> <li>O pesticida pode aderir ao movimento de ida e volta da planta, matando eficazmente as pragas.<\/li> <\/ol> <figure id=\"attachment_3288\" aria-describedby=\"caption-attachment-3288\" style=\"width: 600px\" class=\"wp-caption aligncenter\"><img loading=\"lazy\" decoding=\"async\" class=\"wp-image-3288 size-full\" src=\"https:\/\/www.agriculture-machine.com\/wp-content\/uploads\/2019\/04\/drone-sprayer-1.jpg\" alt=\"pulverizador de jardim\" width=\"600\" height=\"450\" srcset=\"https:\/\/www.agriculture-machine.com\/wp-content\/uploads\/2019\/04\/drone-sprayer-1.jpg 600w, https:\/\/www.agriculture-machine.com\/wp-content\/uploads\/2019\/04\/drone-sprayer-1-360x270.jpg 360w, https:\/\/www.agriculture-machine.com\/wp-content\/uploads\/2019\/04\/drone-sprayer-1-240x180.jpg 240w\" sizes=\"auto, (max-width: 600px) 100vw, 600px\" \/><figcaption id=\"caption-attachment-3288\" class=\"wp-caption-text\">pulverizador de jardim<\/figcaption><\/figure> <h2>Imagem detalhada do pulverizador de jardim<\/h2> <figure id=\"attachment_3295\" aria-describedby=\"caption-attachment-3295\" style=\"width: 600px\" class=\"wp-caption aligncenter\"><img loading=\"lazy\" decoding=\"async\" class=\"wp-image-3295 size-full\" src=\"https:\/\/www.agriculture-machine.com\/wp-content\/uploads\/2019\/04\/drone-sprayer-8.jpg\" alt=\"Asa do pulverizador de fazenda\" width=\"600\" height=\"450\" srcset=\"https:\/\/www.agriculture-machine.com\/wp-content\/uploads\/2019\/04\/drone-sprayer-8.jpg 600w, https:\/\/www.agriculture-machine.com\/wp-content\/uploads\/2019\/04\/drone-sprayer-8-360x270.jpg 360w, https:\/\/www.agriculture-machine.com\/wp-content\/uploads\/2019\/04\/drone-sprayer-8-240x180.jpg 240w\" sizes=\"auto, (max-width: 600px) 100vw, 600px\" \/><figcaption id=\"caption-attachment-3295\" class=\"wp-caption-text\">Asa do pulverizador de fazenda<\/figcaption><\/figure> <figure id=\"attachment_3294\" aria-describedby=\"caption-attachment-3294\" style=\"width: 600px\" class=\"wp-caption aligncenter\"><img loading=\"lazy\" decoding=\"async\" class=\"wp-image-3294 size-full\" src=\"https:\/\/www.agriculture-machine.com\/wp-content\/uploads\/2019\/04\/drone-sprayer-7.jpg\" alt=\"m\u00e1quina de pulveriza\u00e7\u00e3o de jardim\" width=\"600\" height=\"450\" srcset=\"https:\/\/www.agriculture-machine.com\/wp-content\/uploads\/2019\/04\/drone-sprayer-7.jpg 600w, https:\/\/www.agriculture-machine.com\/wp-content\/uploads\/2019\/04\/drone-sprayer-7-360x270.jpg 360w, https:\/\/www.agriculture-machine.com\/wp-content\/uploads\/2019\/04\/drone-sprayer-7-240x180.jpg 240w\" sizes=\"auto, (max-width: 600px) 100vw, 600px\" \/><figcaption id=\"caption-attachment-3294\" class=\"wp-caption-text\">Bico de pulveriza\u00e7\u00e3o de jardim<\/figcaption><\/figure> <figure id=\"attachment_3293\" aria-describedby=\"caption-attachment-3293\" style=\"width: 600px\" class=\"wp-caption aligncenter\"><img loading=\"lazy\" decoding=\"async\" class=\"wp-image-3293 size-full\" src=\"https:\/\/www.agriculture-machine.com\/wp-content\/uploads\/2019\/04\/drone-sprayer-6.jpg\" alt=\"Bico de pulveriza\u00e7\u00e3o de jardim\" width=\"600\" height=\"450\" srcset=\"https:\/\/www.agriculture-machine.com\/wp-content\/uploads\/2019\/04\/drone-sprayer-6.jpg 600w, https:\/\/www.agriculture-machine.com\/wp-content\/uploads\/2019\/04\/drone-sprayer-6-360x270.jpg 360w, https:\/\/www.agriculture-machine.com\/wp-content\/uploads\/2019\/04\/drone-sprayer-6-240x180.jpg 240w\" sizes=\"auto, (max-width: 600px) 100vw, 600px\" \/><figcaption id=\"caption-attachment-3293\" class=\"wp-caption-text\">Bico de pulveriza\u00e7\u00e3o de jardim<\/figcaption><\/figure> <figure id=\"attachment_3292\" aria-describedby=\"caption-attachment-3292\" style=\"width: 600px\" class=\"wp-caption aligncenter\"><img loading=\"lazy\" decoding=\"async\" class=\"wp-image-3292 size-full\" src=\"https:\/\/www.agriculture-machine.com\/wp-content\/uploads\/2019\/04\/drone-sprayer-5.jpg\" alt=\"Pe\u00e7a do pulverizador\" width=\"600\" height=\"450\" srcset=\"https:\/\/www.agriculture-machine.com\/wp-content\/uploads\/2019\/04\/drone-sprayer-5.jpg 600w, https:\/\/www.agriculture-machine.com\/wp-content\/uploads\/2019\/04\/drone-sprayer-5-360x270.jpg 360w, https:\/\/www.agriculture-machine.com\/wp-content\/uploads\/2019\/04\/drone-sprayer-5-240x180.jpg 240w\" sizes=\"auto, (max-width: 600px) 100vw, 600px\" \/><figcaption id=\"caption-attachment-3292\" class=\"wp-caption-text\">Pe\u00e7a do pulverizador<\/figcaption><\/figure> <h2>Ampla aplica\u00e7\u00e3o do pulverizador de jardim<\/h2> <p>O drone de pulveriza\u00e7\u00e3o de culturas n\u00e3o s\u00f3 \u00e9 aplicado na agricultura, mas tamb\u00e9m pode ser usado nos seguintes campos.<\/p> <p>1. Energia el\u00e9trica.<\/p> <p>2. O tr\u00e2nsito.<\/p> <p>3. Conserva\u00e7\u00e3o de \u00e1gua<\/p> <p>4. A seguran\u00e7a p\u00fablica contra o terrorismo.<\/p> <figure id=\"attachment_3296\" aria-describedby=\"caption-attachment-3296\" style=\"width: 600px\" class=\"wp-caption aligncenter\"><img loading=\"lazy\" decoding=\"async\" class=\"wp-image-3296 size-full\" src=\"https:\/\/www.agriculture-machine.com\/wp-content\/uploads\/2019\/04\/drone-sprayer-9.jpg\" alt=\"m\u00e1quina de pulveriza\u00e7\u00e3o\" width=\"600\" height=\"450\" srcset=\"https:\/\/www.agriculture-machine.com\/wp-content\/uploads\/2019\/04\/drone-sprayer-9.jpg 600w, https:\/\/www.agriculture-machine.com\/wp-content\/uploads\/2019\/04\/drone-sprayer-9-360x270.jpg 360w, https:\/\/www.agriculture-machine.com\/wp-content\/uploads\/2019\/04\/drone-sprayer-9-240x180.jpg 240w\" sizes=\"auto, (max-width: 600px) 100vw, 600px\" \/><figcaption id=\"caption-attachment-3296\" class=\"wp-caption-text\">m\u00e1quina de pulveriza\u00e7\u00e3o<\/figcaption><\/figure> <h2>Vantagem do pulverizador de jardim<\/h2> <p>1. A m\u00e1quina de pulveriza\u00e7\u00e3o de culturas pode pulverizar pesticidas por controlo remoto, o que \u00e9 seguro e poupa trabalho.<\/p> <p>2. Em compara\u00e7\u00e3o com m\u00e9todos tradicionais de pulveriza\u00e7\u00e3o, as pessoas n\u00e3o precisam tocar diretamente no pesticida, reduzindo eficazmente o dano do pesticida ao corpo humano.<\/p> <p>3. A efici\u00eancia de trabalho do pulverizador de culturas UAV \u00e9 30 vezes mais eficiente que a pulveriza\u00e7\u00e3o manual.<\/p> <p>4. Adotando alta atomiza\u00e7\u00e3o e pulveriza\u00e7\u00e3o de microgotas, este drone pulverizador pode melhorar totalmente a utiliza\u00e7\u00e3o do pesticida.<\/p> <p>5. O rotor produz fluxo descendente, o que aumenta a penetra\u00e7\u00e3o do fluxo de n\u00e9voa na cultura, permitindo um bom efeito de controlo.<\/p> <figure id=\"attachment_3290\" aria-describedby=\"caption-attachment-3290\" style=\"width: 600px\" class=\"wp-caption aligncenter\"><img loading=\"lazy\" decoding=\"async\" class=\"wp-image-3290 size-full\" src=\"https:\/\/www.agriculture-machine.com\/wp-content\/uploads\/2019\/04\/drone-sprayer-3.jpg\" alt=\"Display do pulverizador agr\u00edcola\" width=\"600\" height=\"450\" srcset=\"https:\/\/www.agriculture-machine.com\/wp-content\/uploads\/2019\/04\/drone-sprayer-3.jpg 600w, https:\/\/www.agriculture-machine.com\/wp-content\/uploads\/2019\/04\/drone-sprayer-3-360x270.jpg 360w, https:\/\/www.agriculture-machine.com\/wp-content\/uploads\/2019\/04\/drone-sprayer-3-240x180.jpg 240w\" sizes=\"auto, (max-width: 600px) 100vw, 600px\" \/><figcaption id=\"caption-attachment-3290\" class=\"wp-caption-text\">Display do pulverizador agr\u00edcola<\/figcaption><\/figure> <h2>Por que voc\u00ea precisa de um pulverizador de jardim?<\/h2> <p>A China \u00e9 um pa\u00eds amplamente agr\u00edcola, ocupando 3 milh\u00f5es de acres de terras agr\u00edcolas b\u00e1sicas, o que requer uma grande quantidade de pulverizadores de culturas todos os anos. Infelizmente, h\u00e1 mais de 100.000 acidentes de intoxica\u00e7\u00e3o por pesticidas na China anualmente, com uma taxa de fatalidade de 20%. N\u00e3o existem estat\u00edsticas oficiais sobre o n\u00famero de mortes causadas por res\u00edduos de pesticidas e polui\u00e7\u00e3o, o que deve ser um n\u00famero impressionante.<\/p> <p>Os drones de pulveriza\u00e7\u00e3o de culturas controlados remotamente produzidos pela nossa empresa podem carregar 10-17 kg de pesticidas e pulveriz\u00e1-los a baixa altitude. Este melhor pulverizador de jardim consegue pulverizar completamente 20 acres de terra em menos de 10 minutos, sendo adequado para campos como arrozais e campos inclinados onde \u00e9 dif\u00edcil trabalhar.<\/p> <p class=\"translation-block\">A efici\u00eancia de pulveriza\u00e7\u00e3o do <strong>pulverizador de jardim<\/strong> \u00e9 30 vezes maior que a do trabalho tradicional. O fluxo descendente gerado pelo rotor ajuda a aumentar a penetra\u00e7\u00e3o do fluxo de n\u00e9voa na cultura, e o efeito de controlo \u00e9 bom. Ao mesmo tempo, a manipula\u00e7\u00e3o \u00e0 dist\u00e2ncia melhora bastante a seguran\u00e7a da pulveriza\u00e7\u00e3o de pesticidas.<\/p> <figure id=\"attachment_3289\" aria-describedby=\"caption-attachment-3289\" style=\"width: 600px\" class=\"wp-caption aligncenter\"><img loading=\"lazy\" decoding=\"async\" class=\"wp-image-3289 size-full\" src=\"https:\/\/www.agriculture-machine.com\/wp-content\/uploads\/2019\/04\/drone-sprayer-2.jpg\" alt=\"Pulverizador de fazenda\" width=\"600\" height=\"450\" srcset=\"https:\/\/www.agriculture-machine.com\/wp-content\/uploads\/2019\/04\/drone-sprayer-2.jpg 600w, https:\/\/www.agriculture-machine.com\/wp-content\/uploads\/2019\/04\/drone-sprayer-2-360x270.jpg 360w, https:\/\/www.agriculture-machine.com\/wp-content\/uploads\/2019\/04\/drone-sprayer-2-240x180.jpg 240w\" sizes=\"auto, (max-width: 600px) 100vw, 600px\" \/><figcaption id=\"caption-attachment-3289\" class=\"wp-caption-text\">Pulverizador de fazenda<\/figcaption><\/figure> <h2>Perguntas Frequentes<\/h2> <ol> <li>O pulverizador de jardim \u00e9 seguro durante a opera\u00e7\u00e3o?<\/li> <\/ol> <p>Sim, claro, realiz\u00e1mos muitos testes para garantir uma opera\u00e7\u00e3o segura.<\/p> <ol start=\"2\"> <li>O pesticida pulverizado por este pulverizador de culturas consegue eliminar totalmente todas as pragas?<\/li> <\/ol> <p>99% das pragas podem ser completamente eliminadas.<\/p> <ol start=\"3\"> <li>Preciso de forma\u00e7\u00e3o se comprar este drone agr\u00edcola de pulveriza\u00e7\u00e3o?<\/li> <\/ol> <p>Para garantir o uso seguro, \u00e9 necess\u00e1rio que venha \u00e0 nossa f\u00e1brica para ser treinado durante quase 5 dias.<\/p> <ol start=\"4\"> <li>Posso controlar a altura do pulverizador?<\/li> <\/ol> <p>Sim, pode faz\u00ea-lo por controlo remoto.<\/p> <ol start=\"5\"> <li>Qual \u00e9 o alcance da altura de voo?<\/li> <\/ol> <p>Est\u00e1 dentro de 1-3m.<\/p>","protected":false},"excerpt":{"rendered":"<p>It is a special design garden sprayer,and it can be used to spray water, pesticide to the surface of the plant. It is a good tool for farmers, and they can use it for gardens, farmlands and other fields. The spraying speed of drones in agriculture is 4-8m\/s, which means it works with high efficiency. [&hellip;]<\/p>\n","protected":false},"author":1,"featured_media":3297,"parent":0,"comment_status":"closed","ping_status":"closed","template":"","tags":[136],"product-type":[920,1],"class_list":["post-3286","product","type-product","status-publish","has-post-thumbnail","hentry","tag-sprayer","product-type-drone-sprayer","product-type-other"],"_links":{"self":[{"href":"https:\/\/www.agriculture-machine.com\/pt\/wp-json\/wp\/v2\/product\/3286","targetHints":{"allow":["GET"]}}],"collection":[{"href":"https:\/\/www.agriculture-machine.com\/pt\/wp-json\/wp\/v2\/product"}],"about":[{"href":"https:\/\/www.agriculture-machine.com\/pt\/wp-json\/wp\/v2\/types\/product"}],"author":[{"embeddable":true,"href":"https:\/\/www.agriculture-machine.com\/pt\/wp-json\/wp\/v2\/users\/1"}],"replies":[{"embeddable":true,"href":"https:\/\/www.agriculture-machine.com\/pt\/wp-json\/wp\/v2\/comments?post=3286"}],"wp:featuredmedia":[{"embeddable":true,"href":"https:\/\/www.agriculture-machine.com\/pt\/wp-json\/wp\/v2\/media\/3297"}],"wp:attachment":[{"href":"https:\/\/www.agriculture-machine.com\/pt\/wp-json\/wp\/v2\/media?parent=3286"}],"wp:term":[{"taxonomy":"post_tag","embeddable":true,"href":"https:\/\/www.agriculture-machine.com\/pt\/wp-json\/wp\/v2\/tags?post=3286"},{"taxonomy":"product-type","embeddable":true,"href":"https:\/\/www.agriculture-machine.com\/pt\/wp-json\/wp\/v2\/product-type?post=3286"}],"curies":[{"name":"wp","href":"https:\/\/api.w.org\/{rel}","templated":true}]}}