{"id":3374,"date":"2019-04-28T03:32:40","date_gmt":"2019-04-27T19:32:40","guid":{"rendered":"https:\/\/www.agriculture-machine.com\/?p=3374"},"modified":"2026-02-27T17:12:18","modified_gmt":"2026-02-27T09:12:18","slug":"big-size-corn-sheller-machine-for-sale-corn-thresher-shelling-corn-maize","status":"publish","type":"product","link":"https:\/\/www.agriculture-machine.com\/pt\/big-size-corn-sheller-machine-for-sale-corn-thresher-shelling-corn-maize\/","title":{"rendered":"M\u00e1quina de descasque de milho de grande dimens\u00e3o \u00e0 venda | Debulhadora de milho | descasque milho milho"},"content":{"rendered":"<p class=\"translation-block\">Esta \u00e9 uma <strong>m\u00e1quina descascadora de milho<\/strong> de super porte e uma m\u00e1quina pode servir toda uma aldeia, combinando com trator de 28-35 cv, por isso \u00e9 f\u00e1cil de operar.<\/p>   <p><iframe loading=\"lazy\" title=\"\u0622\u0644\u0629 \u062a\u0642\u0634\u064a\u0631 \u0648\u062f\u0631\u0633 \u0627\u0644\u0630\u0631\u0629 \u0641\u0627\u0626\u0642\u0629 \u0627\u0644\u062d\u062c\u0645 \u0628\u0642\u062f\u0631\u0629 12 \u0637\u0646\u064b\u0627 \u0641\u064a \u0627\u0644\u0633\u0627\u0639\u0629\" width=\"500\" height=\"281\" src=\"https:\/\/www.youtube.com\/embed\/x3JAf3rrtdA?start=31&#038;feature=oembed\" frameborder=\"0\" allow=\"accelerometer; autoplay; clipboard-write; encrypted-media; gyroscope; picture-in-picture; web-share\" referrerpolicy=\"strict-origin-when-cross-origin\" allowfullscreen><\/iframe><\/p>    <h2 class=\"wp-block-heading\"><strong><b>&nbsp;<\/b><\/strong><strong><b>Estrutura principal de <\/b><\/strong>descascador de milho<\/h2>    <p>Esta m\u00e1quina de descascar milho \u00e9 composta principalmente por parte de recolha, parte de transporte, parte de debulha, parte de separa\u00e7\u00e3o e limpeza e parte auxiliar.<\/p>    <ul class=\"wp-block-list\"> <li>Parte de recolha: recolhendo espigas de milho que est\u00e3o inicialmente areadas<\/li>    <li>Parte de transporte: transporta a espiga de milho recolhida para a parte de debulha.<\/li>    <li>Parte de debulha: separando gr\u00e3os de milho e espigas de milho<\/li>    <li>Parte de separa\u00e7\u00e3o e limpeza: separa novamente outras impurezas dentro dos gr\u00e3os de milho.<\/li>    <li>Parte auxiliar: incluindo dispositivos de embraiagem, dispositivos de transmiss\u00e3o, dispositivos de seguran\u00e7a, etc.<\/li> <\/ul>    <figure class=\"wp-block-image aligncenter wp-image-6501 size-full\"><img loading=\"lazy\" decoding=\"async\" width=\"750\" height=\"792\" src=\"https:\/\/www.agriculture-machine.com\/wp-content\/uploads\/2019\/04\/corn-sheller.jpg\" alt=\"m\u00e1quina de debulhar milho\" class=\"wp-image-6501\" srcset=\"https:\/\/www.agriculture-machine.com\/wp-content\/uploads\/2019\/04\/corn-sheller.jpg 750w, https:\/\/www.agriculture-machine.com\/wp-content\/uploads\/2019\/04\/corn-sheller-256x270.jpg 256w, https:\/\/www.agriculture-machine.com\/wp-content\/uploads\/2019\/04\/corn-sheller-511x540.jpg 511w\" sizes=\"auto, (max-width: 750px) 100vw, 750px\" \/><figcaption class=\"wp-element-caption\">m\u00e1quina de debulhar milho<\/figcaption><\/figure>    <figure class=\"wp-block-image aligncenter wp-image-3376\"><img loading=\"lazy\" decoding=\"async\" width=\"760\" height=\"760\" src=\"https:\/\/www.agriculture-machine.com\/wp-content\/uploads\/2019\/04\/1-1.jpg\" alt=\"descascador de milho\" class=\"wp-image-3376\" srcset=\"https:\/\/www.agriculture-machine.com\/wp-content\/uploads\/2019\/04\/1-1.jpg 760w, https:\/\/www.agriculture-machine.com\/wp-content\/uploads\/2019\/04\/1-1-270x270.jpg 270w, https:\/\/www.agriculture-machine.com\/wp-content\/uploads\/2019\/04\/1-1-540x540.jpg 540w\" sizes=\"auto, (max-width: 760px) 100vw, 760px\" \/><figcaption class=\"wp-element-caption\">descascador de milho<\/figcaption><\/figure>    <h2 class=\"wp-block-heading\">Par\u00e2metro t\u00e9cnico da m\u00e1quina de descascador de milho<\/h2>    <figure class=\"wp-block-table\"><table class=\"has-fixed-layout\"><tbody><tr><td>Modelo<\/td><td>9TY-900<\/td><\/tr><tr><td>Pot\u00eancia<\/td><td>Trator de 28-35 hp<\/td><\/tr><tr><td>Capacidade<\/td><td>10-12 t\/h<\/td><\/tr><tr><td>Peso<\/td><td>2000kg<\/td><\/tr><tr><td>Tamanho<\/td><td>5500*1550*2100 mm<\/td><\/tr><\/tbody><\/table><\/figure>    <h2 class=\"wp-block-heading\">Vantagens da m\u00e1quina de descasque de milho<\/h2>    <ol class=\"wp-block-list\"> <li>Tem uma cuba de alimenta\u00e7\u00e3o autom\u00e1tica, melhorando a efici\u00eancia de trabalho.<\/li>    <li>Alta capacidade. A sua capacidade \u00e9 de 10-12 t\/h.<\/li>    <li>O utilizador pode sentar-se para operar, economizando muita energia.<\/li>    <li>A sa\u00edda na parte de tr\u00e1s da m\u00e1quina est\u00e1 sempre conectada a uma grande sacola que evita que o p\u00f3 e outras impurezas voem pelo ar.<\/li>    <li>A parte vibrat\u00f3ria consegue separar completamente os gr\u00e3os de milho das espigas esmagadas que caem na dire\u00e7\u00e3o oposta.<\/li>    <li>Um design especial, duas sa\u00eddas para descarregar as espigas de milho esmagadas, melhora muito a taxa de limpeza.<\/li>    <li>H\u00e1 uma pequena sa\u00edda para descarregar part\u00edculas de milho esmagado que podem ser usadas para alimentar animais.<\/li> <\/ol>    <figure class=\"wp-block-image alignnone wp-image-6502 size-full\"><img loading=\"lazy\" decoding=\"async\" width=\"750\" height=\"1467\" src=\"https:\/\/www.agriculture-machine.com\/wp-content\/uploads\/2019\/04\/corn-shelling-machine-.jpg\" alt=\"Despedeira de milho\" class=\"wp-image-6502\" srcset=\"https:\/\/www.agriculture-machine.com\/wp-content\/uploads\/2019\/04\/corn-shelling-machine-.jpg 750w, https:\/\/www.agriculture-machine.com\/wp-content\/uploads\/2019\/04\/corn-shelling-machine--138x270.jpg 138w, https:\/\/www.agriculture-machine.com\/wp-content\/uploads\/2019\/04\/corn-shelling-machine--276x540.jpg 276w\" sizes=\"auto, (max-width: 750px) 100vw, 750px\" \/><figcaption class=\"wp-element-caption\">Despedeira de milho<\/figcaption><\/figure>    <h2 class=\"wp-block-heading\">Perguntas frequentes sobre a m\u00e1quina de descasque de milho<\/h2>   <div id=\"rank-math-faq\" class=\"rank-math-block\"> <div class=\"rank-math-list\"> <div id=\"faq-question-1772096703108\" class=\"rank-math-list-item\"> <h3 class=\"rank-math-question\">Preciso de um trator?<\/h3> <div class=\"rank-math-answer\">  <p>Sim, claro, trator de 28-35 hp.<\/p>  <\/div> <\/div> <div id=\"faq-question-1772096710749\" class=\"rank-math-list-item\"> <h3 class=\"rank-math-question\">Qual \u00e9 a capacidade desta debulhadora de milho?<\/h3> <div class=\"rank-math-answer\">  <p>10-12t\/h.<\/p>  <\/div> <\/div> <div id=\"faq-question-1772096728053\" class=\"rank-math-list-item\"> <h3 class=\"rank-math-question\">Esta m\u00e1quina de descascar milho \u00e9 s\u00f3 para milho?<\/h3> <div class=\"rank-math-answer\">  <p>Sim, \u00e9 apenas para debulhar milho.<\/p>  <\/div> <\/div> <div id=\"faq-question-1772096736518\" class=\"rank-math-list-item\"> <h3 class=\"rank-math-question\">Tem mais alguma coisa? <a href=\"https:\/\/www.agriculture-machine.com\/pt\/maize-sheller\/\"><strong>m\u00e1quina descascadora de milho de pequeno porte<\/strong><\/a>?<\/h3> <div class=\"rank-math-answer\">  <p>Sim, claro, tamb\u00e9m temos outros tipos de m\u00e1quina descascadora de milho.<\/p>  <\/div> <\/div> <\/div> <\/div>","protected":false},"excerpt":{"rendered":"<p>Esta \u00e9 uma m\u00e1quina de descasque de milho de tamanho super grande e uma m\u00e1quina pode servir toda uma aldeia, combinando com trator de 28-35 hp, por isso \u00e9 f\u00e1cil de operar.<\/p>","protected":false},"author":1,"featured_media":3383,"parent":0,"comment_status":"closed","ping_status":"closed","template":"","tags":[2619],"product-type":[893],"class_list":["post-3374","product","type-product","status-publish","has-post-thumbnail","hentry","tag-sheller","product-type-corn-thresher"],"_links":{"self":[{"href":"https:\/\/www.agriculture-machine.com\/pt\/wp-json\/wp\/v2\/product\/3374","targetHints":{"allow":["GET"]}}],"collection":[{"href":"https:\/\/www.agriculture-machine.com\/pt\/wp-json\/wp\/v2\/product"}],"about":[{"href":"https:\/\/www.agriculture-machine.com\/pt\/wp-json\/wp\/v2\/types\/product"}],"author":[{"embeddable":true,"href":"https:\/\/www.agriculture-machine.com\/pt\/wp-json\/wp\/v2\/users\/1"}],"replies":[{"embeddable":true,"href":"https:\/\/www.agriculture-machine.com\/pt\/wp-json\/wp\/v2\/comments?post=3374"}],"wp:featuredmedia":[{"embeddable":true,"href":"https:\/\/www.agriculture-machine.com\/pt\/wp-json\/wp\/v2\/media\/3383"}],"wp:attachment":[{"href":"https:\/\/www.agriculture-machine.com\/pt\/wp-json\/wp\/v2\/media?parent=3374"}],"wp:term":[{"taxonomy":"post_tag","embeddable":true,"href":"https:\/\/www.agriculture-machine.com\/pt\/wp-json\/wp\/v2\/tags?post=3374"},{"taxonomy":"product-type","embeddable":true,"href":"https:\/\/www.agriculture-machine.com\/pt\/wp-json\/wp\/v2\/product-type?post=3374"}],"curies":[{"name":"wp","href":"https:\/\/api.w.org\/{rel}","templated":true}]}}