{"id":3502,"date":"2019-05-04T05:53:46","date_gmt":"2019-05-03T21:53:46","guid":{"rendered":"https:\/\/www.agriculture-machine.com\/?p=3502"},"modified":"2024-09-23T11:25:52","modified_gmt":"2024-09-23T03:25:52","slug":"high-capacity-beans-peeling-peeler-machine","status":"publish","type":"product","link":"https:\/\/www.agriculture-machine.com\/pt\/high-capacity-beans-peeling-peeler-machine\/","title":{"rendered":"M\u00e1quina de descasque de feij\u00e3o de alta capacidade"},"content":{"rendered":"<p class=\"translation-block\">S\u00e9rie TK-300 <a href=\"https:\/\/www.agriculture-machine.com\/pt\/bean-peeling-machine-green-bean-peeler\/\"><strong>m\u00e1quina de descasque de feij\u00e3o<\/strong><\/a> \u00e9 um produto novo desenvolvido pela nossa f\u00e1brica, e adequada para descascar feij\u00e3o de gr\u00e3o, soja, ervilhas, etc. <\/p>    <p>Esta m\u00e1quina adota um disco de moagem especial para descascar a pele, e a folga pode ser ajustada de acordo com o tamanho do feij\u00e3o, expandindo a vida \u00fatil, e proporcionando um excelente efeito de descasque.<\/p>    <p>Ao mesmo tempo, o peneirador \u00e9 usado para separar a pele do feij\u00e3o e o caro\u00e7o. Isso n\u00e3o s\u00f3 reduz a taxa de quebra, mas tamb\u00e9m melhora a qualidade do produto final.<\/p>    <figure class=\"wp-block-image aligncenter is-resized\"><img loading=\"lazy\" decoding=\"async\" width=\"600\" height=\"500\" src=\"https:\/\/www.agriculture-machine.com\/wp-content\/uploads\/2019\/05\/beans-peeling-machine-2.jpg\" alt=\"\" class=\"wp-image-3504\" srcset=\"https:\/\/www.agriculture-machine.com\/wp-content\/uploads\/2019\/05\/beans-peeling-machine-2.jpg 600w, https:\/\/www.agriculture-machine.com\/wp-content\/uploads\/2019\/05\/beans-peeling-machine-2-324x270.jpg 324w\" sizes=\"auto, (max-width: 600px) 100vw, 600px\" \/><\/figure>    <figure class=\"wp-block-image aligncenter\"><img loading=\"lazy\" decoding=\"async\" width=\"600\" height=\"500\" src=\"https:\/\/www.agriculture-machine.com\/wp-content\/uploads\/2019\/05\/beans-peeling-machine-1.jpg\" alt=\"\" class=\"wp-image-3503\" srcset=\"https:\/\/www.agriculture-machine.com\/wp-content\/uploads\/2019\/05\/beans-peeling-machine-1.jpg 600w, https:\/\/www.agriculture-machine.com\/wp-content\/uploads\/2019\/05\/beans-peeling-machine-1-324x270.jpg 324w\" sizes=\"auto, (max-width: 600px) 100vw, 600px\" \/><\/figure>    <h2 class=\"wp-block-heading\" id=\"h-technical-parameter-of-beans-peeling-machine\">Par\u00e2metro t\u00e9cnico da m\u00e1quina de descasque de feij\u00e3o<\/h2>    <figure class=\"wp-block-table is-style-stripes\"><table><tbody><tr><td>Pot\u00eancia<\/td><td>Motor de 0,55-1,5kw<\/td><\/tr><tr><td>Di\u00e2metro do disco<\/td><td>300mm<\/td><\/tr><tr><td>Taxa de descasque<\/td><td>95%-98%<\/td><\/tr><tr><td>Taxa de separa\u00e7\u00e3o<\/td><td>95% -98%<\/td><\/tr><tr><td>Capacidade<\/td><td>200-300kg\/h<\/td><\/tr><tr><td>Peso l\u00edquido<\/td><td>150KG<\/td><\/tr><tr><td>Tamanho<\/td><td>400*1400*1300mm<\/td><\/tr><\/tbody><\/table><figcaption class=\"wp-element-caption\">Dados t\u00e9cnicos da m\u00e1quina de descasque de feij\u00e3o<\/figcaption><\/figure>    <h2 class=\"wp-block-heading\" id=\"h-working-principle-of-beans-peeling-machine\">Princ\u00edpio de funcionamento da m\u00e1quina de descasque de feij\u00e3o<\/h2>    <p>Os feij\u00f5es s\u00e3o descascados pelo disco de moagem. A mistura de caro\u00e7o e pele entra no filtro para remover os p\u00f3s restantes que s\u00e3o sugados pelo ventilador posteriormente.<\/p>    <figure class=\"wp-block-image aligncenter\"><img loading=\"lazy\" decoding=\"async\" width=\"600\" height=\"500\" src=\"https:\/\/www.agriculture-machine.com\/wp-content\/uploads\/2019\/05\/beans-peeling-machine-3.jpg\" alt=\"\" class=\"wp-image-3505\" srcset=\"https:\/\/www.agriculture-machine.com\/wp-content\/uploads\/2019\/05\/beans-peeling-machine-3.jpg 600w, https:\/\/www.agriculture-machine.com\/wp-content\/uploads\/2019\/05\/beans-peeling-machine-3-324x270.jpg 324w\" sizes=\"auto, (max-width: 600px) 100vw, 600px\" \/><\/figure>    <h2 class=\"wp-block-heading\" id=\"h-advantage-of-beans-peeling-machine\">Vantagens da m\u00e1quina de descasque de feij\u00e3o<\/h2>    <p>1. Alta taxa de descasque e taxa de separa\u00e7\u00e3o. Ambas entre 95%-98%.<br>2. A folga pode ser ajustada de acordo com o tamanho de diferentes mat\u00e9rias-primas.<br>3. O feij\u00e3o pode ser dividido ao meio de forma uniforme por uma m\u00e1quina de descasque de feij\u00e3o, sem diminuir o valor nutricional.<br>4. Feij\u00f5es descascados t\u00eam um sabor mais delicioso, amplamente utilizados nas ind\u00fastrias de processamento de alimentos.<br>5. N\u00e3o h\u00e1 feij\u00f5es quebrados ap\u00f3s o descasque.<\/p>    <figure class=\"wp-block-image aligncenter\"><img loading=\"lazy\" decoding=\"async\" width=\"600\" height=\"500\" src=\"https:\/\/www.agriculture-machine.com\/wp-content\/uploads\/2019\/05\/beans-peeling-machine-4.jpg\" alt=\"\" class=\"wp-image-3506\" srcset=\"https:\/\/www.agriculture-machine.com\/wp-content\/uploads\/2019\/05\/beans-peeling-machine-4.jpg 600w, https:\/\/www.agriculture-machine.com\/wp-content\/uploads\/2019\/05\/beans-peeling-machine-4-324x270.jpg 324w\" sizes=\"auto, (max-width: 600px) 100vw, 600px\" \/><\/figure>    <h2 class=\"wp-block-heading\" id=\"h-common-malfunction-and-related-solutions-beans-peeling-machine\">Falhas comuns e solu\u00e7\u00f5es relacionadas \u00e0 m\u00e1quina de descasque de feij\u00e3o<\/h2>    <figure class=\"wp-block-table is-style-stripes\"><table><tbody><tr><td>Falha<\/td><td>Raz\u00e3o<\/td><td>Solu\u00e7\u00e3o<\/td><\/tr><tr><td>Baixa taxa de descasque<\/td><td>Feij\u00e3o cont\u00e9m umidade excessiva<\/td><td>Redu\u00e7\u00e3o de humidade<\/td><\/tr><tr><td>Folga excessiva<\/td><td>ajustar a folga<\/td><\/tr><tr><td>Alta taxa de quebra<\/td><td>material bruto em excesso<\/td><td>Coloque o material bruto na entrada de forma adequada<\/td><\/tr><tr><td>A folga \u00e9 demasiado pr\u00f3xima<\/td><td>Aumentar a folga<\/td><\/tr><tr><td>A superf\u00edcie do disco \u00e9 irregular<\/td><td>Aplanar a sua superf\u00edcie<\/td><\/tr><tr><td>&nbsp;Baixo teor de \u00e1gua<\/td><td>Adicionar mais \u00e1gua<\/td><\/tr><tr><td>Peles misturadas com caro\u00e7os<\/td><td>Obstru\u00e7\u00e3o na sa\u00edda<\/td><td>Remover o material bruto<\/td><\/tr><tr><td>Obstru\u00e7\u00e3o na porta do ventilador<\/td><\/tr><tr><td>Caro\u00e7os misturados com pele<\/td><td>&nbsp;a velocidade do vento \u00e9 demasiado alta<\/td><td>abra a comporta do difusor corretamente<\/td><\/tr><\/tbody><\/table><figcaption class=\"wp-element-caption\">Solu\u00e7\u00f5es em caso de avaria da m\u00e1quina<\/figcaption><\/figure>    <h2 class=\"wp-block-heading\" id=\"h-precautions-of-beans-peeling-machine\">Precau\u00e7\u00f5es na m\u00e1quina de descasque de feij\u00e3o<\/h2>    <p>1. Os feij\u00f5es geralmente cont\u00eam materiais duros, como seixos, que podem danificar o disco de moagem durante o processamento. Devem ser removidos manualmente ou por peneira.<br>2. Durante o uso de uma m\u00e1quina de descasque de feij\u00e3o, o desgaste do disco de moagem ou as impurezas (como pedras, parafusos, etc.) nos feij\u00f5es tornam a superf\u00edcie do disco irregular, o que causa uma baixa taxa de quebra e capacidade pobre.<\/p>    <p>Se ocorrer a situa\u00e7\u00e3o acima, o disco de moagem pode ser tratado com um cinzel de ferro ou uma pe\u00e7a de corte de diamante.<br>3. Ao instalar o disco de moagem, o operador deve prestar aten\u00e7\u00e3o \u00e0 folga entre os discos de moagem superior e inferior, e a folga ao redor deve ser basicamente a mesma.<\/p>    <figure class=\"wp-block-image aligncenter\"><img loading=\"lazy\" decoding=\"async\" width=\"600\" height=\"500\" src=\"https:\/\/www.agriculture-machine.com\/wp-content\/uploads\/2019\/05\/beans-peeling-machine-5.jpg\" alt=\"\" class=\"wp-image-3507\" srcset=\"https:\/\/www.agriculture-machine.com\/wp-content\/uploads\/2019\/05\/beans-peeling-machine-5.jpg 600w, https:\/\/www.agriculture-machine.com\/wp-content\/uploads\/2019\/05\/beans-peeling-machine-5-324x270.jpg 324w\" sizes=\"auto, (max-width: 600px) 100vw, 600px\" \/><\/figure>    <h2 class=\"wp-block-heading\" id=\"h-how-to-install-grinding-disc-of-beans-peeling-machine\">Como instalar um disco de moagem na m\u00e1quina de descasque de feij\u00e3o<\/h2>    <p>1. Remova o alimentador de feij\u00e3o, a placa de ferro e o assento de moagem.<br>2. Instale o disco de moagem.<br>3. Desmontar pain\u00e9is com tr\u00eas lados.<br>4. Defina um ponto no disco de moagem superior (fa\u00e7a uma marca), depois gire o disco de moagem inferior e observe se est\u00e3o paralelos. Se houver uma grande flutua\u00e7\u00e3o para cima e para baixo, deve ajustar o parafuso sob a parte inferior do disco de moagem para torn\u00e1-lo paralelo.<br>5. Preste aten\u00e7\u00e3o se a folga \u00e9 a mesma. Se n\u00e3o, ajuste os quatro parafusos na tampa superior para que as folgas superior e inferior fiquem paralelas.<br>6. Ajuste o disco de moagem inferior para cima, de modo que possa atingir o disco de moagem superior.<\/p>    <h2 class=\"wp-block-heading\" id=\"h-successful-case-of-beans-peeling-machine\">Caso de sucesso da m\u00e1quina de descasque de feij\u00e3o<\/h2>    <p>Vendemos uma vez 5 conjuntos de m\u00e1quinas de descasque de feij\u00e3o para o Canad\u00e1, e abaixo est\u00e3o os detalhes de embalagem. Pode abrir o seguinte link para saber mais sobre as not\u00edcias de entrega.<\/p>    <p><strong><a href=\"https:\/\/www.agriculture-machine.com\/pt\/agricultural-machine\/\">Not\u00edcias de entrega sobre m\u00e1quinas agr\u00edcolas<\/a><\/strong><\/p>    <h2 class=\"wp-block-heading\" id=\"h-faq-of-beans-peeling-machine\"><img loading=\"lazy\" decoding=\"async\" width=\"600\" height=\"500\" class=\"size-full wp-image-3508 aligncenter\" src=\"https:\/\/www.agriculture-machine.com\/wp-content\/uploads\/2019\/05\/beans-peeling-machine-6.jpg\" alt=\"\" srcset=\"https:\/\/www.agriculture-machine.com\/wp-content\/uploads\/2019\/05\/beans-peeling-machine-6.jpg 600w, https:\/\/www.agriculture-machine.com\/wp-content\/uploads\/2019\/05\/beans-peeling-machine-6-324x270.jpg 324w\" sizes=\"auto, (max-width: 600px) 100vw, 600px\" \/><br>Perguntas frequentes sobre a m\u00e1quina de descasque de feij\u00e3o<\/h2>   <div id=\"rank-math-faq\" class=\"rank-math-block\"> <div class=\"rank-math-list\"> <div id=\"faq-question-1705656159566\" class=\"rank-math-list-item\"> <h3 class=\"rank-math-question\">A m\u00e1quina consegue dividir os feij\u00f5es de forma uniforme?<\/h3> <div class=\"rank-math-answer\">  <p>Sim, claro.<\/p>  <\/div> <\/div> <div id=\"faq-question-1705656165185\" class=\"rank-math-list-item\"> <h3 class=\"rank-math-question\">Qual \u00e9 a mat\u00e9ria-prima?<\/h3> <div class=\"rank-math-answer\">  <p>O material bruto pode ser feij\u00e3o de gr\u00e3o, soja, ervilhas, etc.<\/p>  <\/div> <\/div> <div id=\"faq-question-1705656182954\" class=\"rank-math-list-item\"> <h3 class=\"rank-math-question\">A folga do disco de moagem pode ser ajustada?<\/h3> <div class=\"rank-math-answer\">  <p>Sim, pode ser ajustado.<\/p>  <\/div> <\/div> <\/div> <\/div>   <h2 class=\"wp-block-heading\">Contate-nos a qualquer momento<\/h2>    <p>Se estiver interessado na nossa m\u00e1quina de descasque de soja ou tiver alguma d\u00favida, sinta-se \u00e0 vontade para contactar a nossa equipa profissional para informa\u00e7\u00f5es detalhadas. Estamos ansiosos pelas suas consultas e convidamos voc\u00ea a visitar a nossa f\u00e1brica para uma experi\u00eancia em primeira m\u00e3o. Esperamos poder oferecer-lhe excelentes servi\u00e7os e solu\u00e7\u00f5es.<\/p>","protected":false},"excerpt":{"rendered":"<p>A m\u00e1quina de descasque de feij\u00e3o da s\u00e9rie TK-300 \u00e9 um produto novo desenvolvido pela nossa f\u00e1brica, e adequada para descascar feij\u00e3o de gr\u00e3o, soja, ervilhas, etc. Separar a pele do caro\u00e7o com um peneirador reduz a taxa de quebra.<\/p>","protected":false},"author":1,"featured_media":3504,"parent":0,"comment_status":"closed","ping_status":"closed","template":"","tags":[2613],"product-type":[902],"class_list":["post-3502","product","type-product","status-publish","has-post-thumbnail","hentry","tag-peeling","product-type-soybean-peeling-machine"],"_links":{"self":[{"href":"https:\/\/www.agriculture-machine.com\/pt\/wp-json\/wp\/v2\/product\/3502","targetHints":{"allow":["GET"]}}],"collection":[{"href":"https:\/\/www.agriculture-machine.com\/pt\/wp-json\/wp\/v2\/product"}],"about":[{"href":"https:\/\/www.agriculture-machine.com\/pt\/wp-json\/wp\/v2\/types\/product"}],"author":[{"embeddable":true,"href":"https:\/\/www.agriculture-machine.com\/pt\/wp-json\/wp\/v2\/users\/1"}],"replies":[{"embeddable":true,"href":"https:\/\/www.agriculture-machine.com\/pt\/wp-json\/wp\/v2\/comments?post=3502"}],"wp:featuredmedia":[{"embeddable":true,"href":"https:\/\/www.agriculture-machine.com\/pt\/wp-json\/wp\/v2\/media\/3504"}],"wp:attachment":[{"href":"https:\/\/www.agriculture-machine.com\/pt\/wp-json\/wp\/v2\/media?parent=3502"}],"wp:term":[{"taxonomy":"post_tag","embeddable":true,"href":"https:\/\/www.agriculture-machine.com\/pt\/wp-json\/wp\/v2\/tags?post=3502"},{"taxonomy":"product-type","embeddable":true,"href":"https:\/\/www.agriculture-machine.com\/pt\/wp-json\/wp\/v2\/product-type?post=3502"}],"curies":[{"name":"wp","href":"https:\/\/api.w.org\/{rel}","templated":true}]}}