{"id":3551,"date":"2019-05-08T04:40:47","date_gmt":"2019-05-07T20:40:47","guid":{"rendered":"https:\/\/www.agriculture-machine.com\/?p=3551"},"modified":"2025-07-11T18:20:20","modified_gmt":"2025-07-11T10:20:20","slug":"4-types-of-automatic-corn-sheller-for-sale-shelling-corn-maize","status":"publish","type":"product","link":"https:\/\/www.agriculture-machine.com\/pt\/4-types-of-automatic-corn-sheller-for-sale-shelling-corn-maize\/","title":{"rendered":"Debulhador autom\u00e1tico de milho | M\u00e1quina de debulhar milho"},"content":{"rendered":"<p>As debulhadoras autom\u00e1ticas de milho s\u00e3o usadas para separar rapidamente os gr\u00e3os do espiga. Nossos modelos mais vendidos TY-80A, TY-80B, TY-80C e TY-80D possuem capacidade de 4-6 toneladas\/h. <\/p>    <p>S\u00e3o amplamente utilizados em cen\u00e1rios como fazendas, cooperativas e \u00e1reas de plantio agr\u00edcola, sendo especialmente adequados para uso centralizado em \u00e1reas rurais onde a agricultura \u00e9 prioridade. <\/p>    <p>Uma m\u00e1quina pode atender a uma vila inteira, melhorando significativamente a efici\u00eancia do debulhar e economizando custos de m\u00e3o de obra, sendo uma escolha ideal para agricultores que buscam processamento eficiente de gr\u00e3os.<\/p>    <figure class=\"wp-block-embed aligncenter is-type-video is-provider-youtube wp-block-embed-youtube wp-embed-aspect-16-9 wp-has-aspect-ratio\"><div class=\"wp-block-embed__wrapper\"> <iframe loading=\"lazy\" title=\"M\u00e1quina de debulhar milho \/ milho de 4-6t\/h de tamanho gigante \/ f\u00e1brica de debulhar milho\" width=\"500\" height=\"281\" src=\"https:\/\/www.youtube.com\/embed\/wa9sml4IRZo?feature=oembed\" frameborder=\"0\" allow=\"accelerometer; autoplay; clipboard-write; encrypted-media; gyroscope; picture-in-picture; web-share\" referrerpolicy=\"strict-origin-when-cross-origin\" allowfullscreen><\/iframe> <\/div><figcaption class=\"wp-element-caption\">V\u00eddeo de funcionamento de grande m\u00e1quina de debulhar milho<\/figcaption><\/figure>    <h2 class=\"wp-block-heading\">Vantagens do debulhador de milho em alta venda<\/h2>    <ul class=\"wp-block-list\"> <li>Alta taxa de degermina\u00e7\u00e3o: a taxa de degermina\u00e7\u00e3o chega a 99,5% ou mais, quase sem gr\u00e3os quebrados ou res\u00edduos.<\/li>    <li>Impureza extremamente baixa: ap\u00f3s o sistema de sele\u00e7\u00e3o de vento e triagem vibrat\u00f3ria, a semente de milho est\u00e1 limpa e livre de impurezas, com taxa de impureza inferior a 1%.<\/li>    <li>Capacidade de produ\u00e7\u00e3o forte: a capacidade de debulhar milho pode atingir 4-6 toneladas por hora, superando produtos similares no mercado.<\/li>    <li>Alimenta\u00e7\u00e3o autom\u00e1tica: equipado com funil de alimenta\u00e7\u00e3o autom\u00e1tico, melhorando efetivamente a velocidade de alimenta\u00e7\u00e3o e economizando m\u00e3o de obra.<\/li>    <li>Estrutura avan\u00e7ada: tambor de debulhar embutido, ventilador, elevador, suc\u00e7\u00e3o de palha e sistema de triagem integrados, realizando limpeza e sele\u00e7\u00e3o autom\u00e1ticas.<\/li>    <li>Op\u00e7\u00f5es de energia: suporte para motor a diesel de 15 hp ou motor de 7,5 kW, adapt\u00e1vel a diferentes ambientes de energia.<\/li>    <li>Adequado para uso rural coletivo: alta efici\u00eancia e durabilidade, uma m\u00e1quina compartilhada por v\u00e1rias fam\u00edlias, adequada para cooperativas agr\u00edcolas e opera\u00e7\u00e3o rural centralizada.<\/li> <\/ul>    <figure class=\"wp-block-gallery has-nested-images columns-2 is-cropped wp-block-gallery-2 is-layout-flex wp-block-gallery-is-layout-flex\"> <figure class=\"wp-block-image size-large\"><img loading=\"lazy\" decoding=\"async\" width=\"600\" height=\"500\" data-id=\"3561\" src=\"https:\/\/www.agriculture-machine.com\/wp-content\/uploads\/2019\/05\/corn-shelling-machine-9.jpg\" alt=\"\" class=\"wp-image-3561\" srcset=\"https:\/\/www.agriculture-machine.com\/wp-content\/uploads\/2019\/05\/corn-shelling-machine-9.jpg 600w, https:\/\/www.agriculture-machine.com\/wp-content\/uploads\/2019\/05\/corn-shelling-machine-9-324x270.jpg 324w\" sizes=\"auto, (max-width: 600px) 100vw, 600px\" \/><figcaption class=\"wp-element-caption\">Debulhadora autom\u00e1tica de milho<\/figcaption><\/figure>    <figure class=\"wp-block-image size-large\"><img loading=\"lazy\" decoding=\"async\" width=\"600\" height=\"500\" data-id=\"3560\" src=\"https:\/\/www.agriculture-machine.com\/wp-content\/uploads\/2019\/05\/corn-shelling-machine-8.jpg\" alt=\"\" class=\"wp-image-3560\" srcset=\"https:\/\/www.agriculture-machine.com\/wp-content\/uploads\/2019\/05\/corn-shelling-machine-8.jpg 600w, https:\/\/www.agriculture-machine.com\/wp-content\/uploads\/2019\/05\/corn-shelling-machine-8-324x270.jpg 324w\" sizes=\"auto, (max-width: 600px) 100vw, 600px\" \/><figcaption class=\"wp-element-caption\">Debulhadora autom\u00e1tica de milho<\/figcaption><\/figure> <\/figure>    <figure class=\"wp-block-gallery has-nested-images columns-2 is-cropped wp-block-gallery-3 is-layout-flex wp-block-gallery-is-layout-flex\"> <figure class=\"wp-block-image size-large\"><img loading=\"lazy\" decoding=\"async\" width=\"600\" height=\"500\" data-id=\"3565\" src=\"https:\/\/www.agriculture-machine.com\/wp-content\/uploads\/2019\/05\/corn-shelling-machine-13.jpg\" alt=\"\" class=\"wp-image-3565\" srcset=\"https:\/\/www.agriculture-machine.com\/wp-content\/uploads\/2019\/05\/corn-shelling-machine-13.jpg 600w, https:\/\/www.agriculture-machine.com\/wp-content\/uploads\/2019\/05\/corn-shelling-machine-13-324x270.jpg 324w\" sizes=\"auto, (max-width: 600px) 100vw, 600px\" \/><figcaption class=\"wp-element-caption\">Local de instala\u00e7\u00e3o da debulhadora de milho<\/figcaption><\/figure>    <figure class=\"wp-block-image size-large\"><img loading=\"lazy\" decoding=\"async\" width=\"600\" height=\"500\" data-id=\"3564\" src=\"https:\/\/www.agriculture-machine.com\/wp-content\/uploads\/2019\/05\/corn-shelling-machine-12.jpg\" alt=\"\" class=\"wp-image-3564\" srcset=\"https:\/\/www.agriculture-machine.com\/wp-content\/uploads\/2019\/05\/corn-shelling-machine-12.jpg 600w, https:\/\/www.agriculture-machine.com\/wp-content\/uploads\/2019\/05\/corn-shelling-machine-12-324x270.jpg 324w\" sizes=\"auto, (max-width: 600px) 100vw, 600px\" \/><figcaption class=\"wp-element-caption\">Local de instala\u00e7\u00e3o da debulhadora de milho<\/figcaption><\/figure> <\/figure>    <h2 class=\"wp-block-heading\">Princ\u00edpio de funcionamento da debulhadora de milho<\/h2>    <ol class=\"wp-block-list\"> <li>Alimenta\u00e7\u00e3o autom\u00e1tica: coloque a espiga de milho na esteira de alimenta\u00e7\u00e3o autom\u00e1tica, e o equipamento alimenta automaticamente na c\u00e2mara de debulhar.<\/li>    <li>Debulhar e separar: o rolo na c\u00e2mara de debulhar opera em alta velocidade, rolando e esfregando o milho, separando os gr\u00e3os das espigas.<\/li>    <li>Triagem preliminar dos gr\u00e3os: os gr\u00e3os de milho debulhados, juntamente com uma pequena quantidade de impurezas, caem no agitador e s\u00e3o enviados para a tela vibrat\u00f3ria pelo elevador.<\/li>    <li>Separa\u00e7\u00e3o de impurezas: impurezas menores passar\u00e3o pela abertura da tela, e impurezas maiores seguir\u00e3o com o milho at\u00e9 a sa\u00edda.<\/li>    <li>Purifica\u00e7\u00e3o secund\u00e1ria: ventilador de v\u00e1cuo de alta efici\u00eancia suga automaticamente as impurezas finas, como palha de milho, para aumentar ainda mais a taxa de sementes limpas.<\/li>    <li>Coleta de gr\u00e3os: as sementes de milho limpas entram na bolsa de coleta ou dispositivo de descarga pela porta de descarga na tela.<\/li>    <li>Descarga de gr\u00e3os de milho: os gr\u00e3os de milho ap\u00f3s debulhar s\u00e3o automaticamente descarregados pela sa\u00edda de palha, facilitando o tratamento ou reciclagem unificada.<\/li> <\/ol>    <figure class=\"wp-block-embed aligncenter is-type-video is-provider-youtube wp-block-embed-youtube wp-embed-aspect-16-9 wp-has-aspect-ratio\"><div class=\"wp-block-embed__wrapper\"> <iframe loading=\"lazy\" title=\"Debulhadora de milho eficiente: simplificando seu processo de colheita!#milho #sorgo\" width=\"500\" height=\"281\" src=\"https:\/\/www.youtube.com\/embed\/FE4BLC6WuxE?feature=oembed\" frameborder=\"0\" allow=\"accelerometer; autoplay; clipboard-write; encrypted-media; gyroscope; picture-in-picture; web-share\" referrerpolicy=\"strict-origin-when-cross-origin\" allowfullscreen><\/iframe> <\/div><figcaption class=\"wp-element-caption\">V\u00eddeo de funcionamento de grande m\u00e1quina de debulhar milho<\/figcaption><\/figure>    <h2 class=\"wp-block-heading\">Tr\u00eas formas de coletar as sementes de milho<\/h2>    <ol class=\"wp-block-list\"> <li>Dispers\u00e3o no solo: as sementes de milho podem ser descarregadas diretamente no solo, adequado para secagem e tratamento subsequentes.<\/li>    <li>Saco de armazenamento: conectado a um saco de tecido atrav\u00e9s da interface, as sementes de milho limpas s\u00e3o diretamente embaladas e armazenadas, facilitando transporte e armazenamento.<\/li>    <li>Carregamento de carrinho: as sementes tamb\u00e9m podem ser descarregadas em um carrinho, adequado para transporte centralizado ou venda no local a compradores e varejistas.<\/li> <\/ol>    <figure class=\"wp-block-gallery has-nested-images columns-2 is-cropped wp-block-gallery-4 is-layout-flex wp-block-gallery-is-layout-flex\"> <figure class=\"wp-block-image size-large\"><img loading=\"lazy\" decoding=\"async\" width=\"600\" height=\"500\" data-id=\"3557\" src=\"https:\/\/www.agriculture-machine.com\/wp-content\/uploads\/2019\/05\/corn-shelling-machine-5.jpg\" alt=\"\" class=\"wp-image-3557\" srcset=\"https:\/\/www.agriculture-machine.com\/wp-content\/uploads\/2019\/05\/corn-shelling-machine-5.jpg 600w, https:\/\/www.agriculture-machine.com\/wp-content\/uploads\/2019\/05\/corn-shelling-machine-5-324x270.jpg 324w\" sizes=\"auto, (max-width: 600px) 100vw, 600px\" \/><figcaption class=\"wp-element-caption\">M\u00e1quina de debulhar milho<\/figcaption><\/figure>    <figure class=\"wp-block-image size-large\"><img loading=\"lazy\" decoding=\"async\" width=\"600\" height=\"500\" data-id=\"3553\" src=\"https:\/\/www.agriculture-machine.com\/wp-content\/uploads\/2019\/05\/corn-shelling-machine-1.jpg\" alt=\"\" class=\"wp-image-3553\" srcset=\"https:\/\/www.agriculture-machine.com\/wp-content\/uploads\/2019\/05\/corn-shelling-machine-1.jpg 600w, https:\/\/www.agriculture-machine.com\/wp-content\/uploads\/2019\/05\/corn-shelling-machine-1-324x270.jpg 324w\" sizes=\"auto, (max-width: 600px) 100vw, 600px\" \/><figcaption class=\"wp-element-caption\">M\u00e1quina de debulhar milho<\/figcaption><\/figure> <\/figure>    <figure class=\"wp-block-gallery has-nested-images columns-2 is-cropped wp-block-gallery-5 is-layout-flex wp-block-gallery-is-layout-flex\"> <figure class=\"wp-block-image size-large\"><img loading=\"lazy\" decoding=\"async\" width=\"600\" height=\"500\" data-id=\"3559\" src=\"https:\/\/www.agriculture-machine.com\/wp-content\/uploads\/2019\/05\/corn-shelling-machine-7.jpg\" alt=\"\" class=\"wp-image-3559\" srcset=\"https:\/\/www.agriculture-machine.com\/wp-content\/uploads\/2019\/05\/corn-shelling-machine-7.jpg 600w, https:\/\/www.agriculture-machine.com\/wp-content\/uploads\/2019\/05\/corn-shelling-machine-7-324x270.jpg 324w\" sizes=\"auto, (max-width: 600px) 100vw, 600px\" \/><figcaption class=\"wp-element-caption\">Local de instala\u00e7\u00e3o da debulhadora de milho<\/figcaption><\/figure>    <figure class=\"wp-block-image size-large\"><img loading=\"lazy\" decoding=\"async\" width=\"600\" height=\"500\" data-id=\"3558\" src=\"https:\/\/www.agriculture-machine.com\/wp-content\/uploads\/2019\/05\/corn-shelling-machine-6.jpg\" alt=\"\" class=\"wp-image-3558\" srcset=\"https:\/\/www.agriculture-machine.com\/wp-content\/uploads\/2019\/05\/corn-shelling-machine-6.jpg 600w, https:\/\/www.agriculture-machine.com\/wp-content\/uploads\/2019\/05\/corn-shelling-machine-6-324x270.jpg 324w\" sizes=\"auto, (max-width: 600px) 100vw, 600px\" \/><figcaption class=\"wp-element-caption\">Local de instala\u00e7\u00e3o da debulhadora de milho<\/figcaption><\/figure> <\/figure>    <h2 class=\"wp-block-heading\">Par\u00e2metros t\u00e9cnicos da debulhadora de milho<\/h2>    <figure class=\"wp-block-table is-style-stripes\"><table><tbody><tr><td>Modelo<\/td><td>TY-80A<\/td><td>TY-80B<\/td><td>TY-80C<\/td><td>TY-80D<\/td><\/tr><tr><td>Pot\u00eancia<\/td><td>Motor a diesel de 15HP ou motor de 7,5 KW<\/td><td>Motor a diesel de 15HP ou motor de 7,5 KW<\/td><td>Motor a diesel de 15HP ou motor de 7,5 KW<\/td><td>Motor a diesel de 15HP ou motor de 7,5 KW<\/td><\/tr><tr><td>Capacidade<\/td><td>4t\/h (sementes de milho)<\/td><td>5t\/h (sementes de milho)<\/td><td>5t\/h (sementes de milho)<\/td><td>6t\/h (sementes de milho)<\/td><\/tr><tr><td>Taxa de debulhar<\/td><td>\u226599,5%<\/td><td>&nbsp;\u226599,5%<\/td><td>\u226599,5%<\/td><td>\u226599,5%<\/td><\/tr><tr><td>Taxa de perda<\/td><td>\u22642,0%<\/td><td>\u22642,0%<\/td><td>\u22642,0%<\/td><td>\u22642,0%<\/td><\/tr><tr><td>Taxa de quebra<\/td><td>\u22641,5%<\/td><td>\u22641,5%<\/td><td>\u22641,5%<\/td><td>\u22641,5%<\/td><\/tr><tr><td>Taxa de impureza<\/td><td>\u22641,0%<\/td><td>\u22641,0%<\/td><td>\u22641,0%<\/td><td>\u22641,0%<\/td><\/tr><tr><td>Peso<\/td><td>200kg<\/td><td>230kg<\/td><td>320kg<\/td><td>350kg<\/td><\/tr><tr><td>Tamanho<\/td><td>2360*1360*1480 mm<\/td><td>2360*1360*2000 mm<\/td><td>3860*1360*1480 mm<\/td><td>3860*1360*2480 mm<\/td><\/tr><\/tbody><\/table><figcaption class=\"wp-element-caption\">Informa\u00e7\u00f5es detalhadas sobre a debulhadora de milho<\/figcaption><\/figure>    <p class=\"translation-block\"><strong><span style=\"color: #ff0000\">TY-80A <b>TY-80B<\/b><\/span><\/strong><\/p>    <figure class=\"wp-block-gallery has-nested-images columns-2 is-cropped wp-block-gallery-6 is-layout-flex wp-block-gallery-is-layout-flex\"> <figure class=\"wp-block-image size-large\"><img loading=\"lazy\" decoding=\"async\" width=\"600\" height=\"500\" data-id=\"3562\" src=\"https:\/\/www.agriculture-machine.com\/wp-content\/uploads\/2019\/05\/corn-shelling-machine-10.jpg\" alt=\"\" class=\"wp-image-3562\" srcset=\"https:\/\/www.agriculture-machine.com\/wp-content\/uploads\/2019\/05\/corn-shelling-machine-10.jpg 600w, https:\/\/www.agriculture-machine.com\/wp-content\/uploads\/2019\/05\/corn-shelling-machine-10-324x270.jpg 324w\" sizes=\"auto, (max-width: 600px) 100vw, 600px\" \/><figcaption class=\"wp-element-caption\">Debulhadora de milho<\/figcaption><\/figure>    <figure class=\"wp-block-image size-large\"><img loading=\"lazy\" decoding=\"async\" width=\"540\" height=\"540\" data-id=\"3566\" src=\"https:\/\/www.agriculture-machine.com\/wp-content\/uploads\/2019\/05\/corn-shelling-machine-14-540x540.jpg\" alt=\"\" class=\"wp-image-3566\" srcset=\"https:\/\/www.agriculture-machine.com\/wp-content\/uploads\/2019\/05\/corn-shelling-machine-14-540x540.jpg 540w, https:\/\/www.agriculture-machine.com\/wp-content\/uploads\/2019\/05\/corn-shelling-machine-14-270x270.jpg 270w, https:\/\/www.agriculture-machine.com\/wp-content\/uploads\/2019\/05\/corn-shelling-machine-14.jpg 750w\" sizes=\"auto, (max-width: 540px) 100vw, 540px\" \/><figcaption class=\"wp-element-caption\">Debulhadora de milho<\/figcaption><\/figure> <\/figure>    <p class=\"translation-block\"><strong><span style=\"color: #ff0000\">TY-80C TY-80D<\/span><\/strong><\/p>    <figure class=\"wp-block-gallery has-nested-images columns-2 is-cropped wp-block-gallery-7 is-layout-flex wp-block-gallery-is-layout-flex\"> <figure class=\"wp-block-image size-large\"><img loading=\"lazy\" decoding=\"async\" width=\"540\" height=\"540\" data-id=\"3568\" src=\"https:\/\/www.agriculture-machine.com\/wp-content\/uploads\/2019\/05\/corn-shelling-machine-16-540x540.jpg\" alt=\"m\u00e1quina de debulhar milho\" class=\"wp-image-3568\" srcset=\"https:\/\/www.agriculture-machine.com\/wp-content\/uploads\/2019\/05\/corn-shelling-machine-16-540x540.jpg 540w, https:\/\/www.agriculture-machine.com\/wp-content\/uploads\/2019\/05\/corn-shelling-machine-16-270x270.jpg 270w, https:\/\/www.agriculture-machine.com\/wp-content\/uploads\/2019\/05\/corn-shelling-machine-16.jpg 750w\" sizes=\"auto, (max-width: 540px) 100vw, 540px\" \/><figcaption class=\"wp-element-caption\">m\u00e1quina de debulhar milho<\/figcaption><\/figure>    <figure class=\"wp-block-image size-large\"><img loading=\"lazy\" decoding=\"async\" width=\"540\" height=\"540\" data-id=\"3567\" src=\"https:\/\/www.agriculture-machine.com\/wp-content\/uploads\/2019\/05\/corn-shelling-machine-15-540x540.jpg\" alt=\"m\u00e1quina de descasque de milho\" class=\"wp-image-3567\" srcset=\"https:\/\/www.agriculture-machine.com\/wp-content\/uploads\/2019\/05\/corn-shelling-machine-15-540x540.jpg 540w, https:\/\/www.agriculture-machine.com\/wp-content\/uploads\/2019\/05\/corn-shelling-machine-15-270x270.jpg 270w, https:\/\/www.agriculture-machine.com\/wp-content\/uploads\/2019\/05\/corn-shelling-machine-15.jpg 750w\" sizes=\"auto, (max-width: 540px) 100vw, 540px\" \/><figcaption class=\"wp-element-caption\">m\u00e1quina de descasque de milho<\/figcaption><\/figure> <\/figure>    <h2 class=\"wp-block-heading\">Caso de sucesso da debulhadora de milho<\/h2>    <p>No m\u00eas passado, vendemos 20 conjuntos de debulhadoras de milho para o Congo, e abaixo est\u00e3o as fotos de entrega.<\/p>    <figure class=\"wp-block-gallery has-nested-images columns-2 is-cropped wp-block-gallery-8 is-layout-flex wp-block-gallery-is-layout-flex\"> <figure class=\"wp-block-image size-large\"><img loading=\"lazy\" decoding=\"async\" width=\"600\" height=\"500\" data-id=\"3563\" src=\"https:\/\/www.agriculture-machine.com\/wp-content\/uploads\/2019\/05\/corn-shelling-machine-11.jpg\" alt=\"\" class=\"wp-image-3563\" srcset=\"https:\/\/www.agriculture-machine.com\/wp-content\/uploads\/2019\/05\/corn-shelling-machine-11.jpg 600w, https:\/\/www.agriculture-machine.com\/wp-content\/uploads\/2019\/05\/corn-shelling-machine-11-324x270.jpg 324w\" sizes=\"auto, (max-width: 600px) 100vw, 600px\" \/><figcaption class=\"wp-element-caption\">Local de entrega da debulhadora de milho<\/figcaption><\/figure>    <figure class=\"wp-block-image size-large\"><img loading=\"lazy\" decoding=\"async\" width=\"600\" height=\"500\" data-id=\"3556\" src=\"https:\/\/www.agriculture-machine.com\/wp-content\/uploads\/2019\/05\/corn-shelling-machine-4.jpg\" alt=\"\" class=\"wp-image-3556\" srcset=\"https:\/\/www.agriculture-machine.com\/wp-content\/uploads\/2019\/05\/corn-shelling-machine-4.jpg 600w, https:\/\/www.agriculture-machine.com\/wp-content\/uploads\/2019\/05\/corn-shelling-machine-4-324x270.jpg 324w\" sizes=\"auto, (max-width: 600px) 100vw, 600px\" \/><figcaption class=\"wp-element-caption\">Local de entrega da debulhadora de milho<\/figcaption><\/figure> <\/figure>    <p class=\"translation-block\">Tamb\u00e9m temos uma pequena m\u00e1quina de debulhar milho (Produto relacionado: <strong><em><a href=\"https:\/\/www.agriculture-machine.com\/pt\/maize-peeler-and-thresher\/\">M\u00e1quina de debulhar milho | Debulhadora de milho | Descascador e debulhador de milho<\/a><\/em><\/strong>). Pode nos solicitar mais informa\u00e7\u00f5es.<\/p>    <h2 class=\"wp-block-heading\">Perguntas Frequentes\u00a0<\/h2>   <div id=\"rank-math-faq\" class=\"rank-math-block\"> <div class=\"rank-math-list\"> <div id=\"faq-question-1705306051658\" class=\"rank-math-list-item\"> <h3 class=\"rank-math-question\">Qual a diferen\u00e7a entre os 4 tipos de debulhadoras de milho \u00e0 venda?<\/h3> <div class=\"rank-math-answer\">  <p>Entrada de alimenta\u00e7\u00e3o autom\u00e1tica e elevador longo podem melhorar a efici\u00eancia de trabalho, assim os 4 tipos de debulhadoras de milho suportam diferentes capacidades.<\/p>  <\/div> <\/div> <div id=\"faq-question-1705306055514\" class=\"rank-math-list-item\"> <h3 class=\"rank-math-question\">Qual \u00e9 a capacidade deles?<\/h3> <div class=\"rank-math-answer\">  <p>4-6t\/h.<\/p>  <\/div> <\/div> <div id=\"faq-question-1705306086956\" class=\"rank-math-list-item\"> <h3 class=\"rank-math-question\">Por que as espigas de milho s\u00e3o t\u00e3o fr\u00e1geis?<\/h3> <div class=\"rank-math-answer\">  <p>Espigas de milho podem estar podres ou o buraco de descarga \u00e9 bastante lento.<\/p>  <\/div> <\/div> <div id=\"faq-question-1705306094155\" class=\"rank-math-list-item\"> <h3 class=\"rank-math-question\">Por que h\u00e1 tantas impurezas?<\/h3> <div class=\"rank-math-answer\">  <p>Remover uma ou duas partes de descarga pode melhorar a taxa de debulhar.<\/p>  <\/div> <\/div> <div id=\"faq-question-1705306102883\" class=\"rank-math-list-item\"> <h3 class=\"rank-math-question\">A inclina\u00e7\u00e3o da tela vibrat\u00f3ria pode ser ajust\u00e1vel?<\/h3> <div class=\"rank-math-answer\">  <p>Sim, \u00e9 poss\u00edvel ajustar a altura dos dois suportes.<\/p>  <\/div> <\/div> <div id=\"faq-question-1705306123589\" class=\"rank-math-list-item\"> <h3 class=\"rank-math-question\">A m\u00e1quina consegue descascar e debulhar milho?<\/h3> <div class=\"rank-math-answer\">  <p>Esta m\u00e1quina \u00e9 uma debulhadora de milho de grande volume, temos uma m\u00e1quina separada de descascamento de milho.<\/p>  <\/div> <\/div> <\/div> <\/div>   <h2 class=\"wp-block-heading\">Contate-nos a qualquer momento<\/h2>    <p class=\"translation-block\">Agradecemos sua aten\u00e7\u00e3o e por ler nossa <a href=\"https:\/\/en.wikipedia.org\/wiki\/Maize\" target=\"_blank\" rel=\"noopener\">m\u00e1quina de debulhar milho<\/a>. Se tiver mais perguntas ou precisar de informa\u00e7\u00f5es detalhadas, nossa equipe profissional est\u00e1 sempre \u00e0 disposi\u00e7\u00e3o. Sinta-se \u00e0 vontade para nos contactar a qualquer momento, ficaremos felizes em responder \u00e0s suas d\u00favidas.<\/p>","protected":false},"excerpt":{"rendered":"<p>Esta debulhadora de milho \u00e9 f\u00e1cil de operar e de design compacto, adequada para fazendas de todos os tamanhos. Pode separar o milho do espiga de forma eficiente e r\u00e1pida, aumentando a produtividade.<\/p>","protected":false},"author":1,"featured_media":3569,"parent":0,"comment_status":"closed","ping_status":"closed","template":"","tags":[491,481],"product-type":[893],"class_list":["post-3551","product","type-product","status-publish","has-post-thumbnail","hentry","tag-corn","tag-maize","product-type-corn-thresher"],"_links":{"self":[{"href":"https:\/\/www.agriculture-machine.com\/pt\/wp-json\/wp\/v2\/product\/3551","targetHints":{"allow":["GET"]}}],"collection":[{"href":"https:\/\/www.agriculture-machine.com\/pt\/wp-json\/wp\/v2\/product"}],"about":[{"href":"https:\/\/www.agriculture-machine.com\/pt\/wp-json\/wp\/v2\/types\/product"}],"author":[{"embeddable":true,"href":"https:\/\/www.agriculture-machine.com\/pt\/wp-json\/wp\/v2\/users\/1"}],"replies":[{"embeddable":true,"href":"https:\/\/www.agriculture-machine.com\/pt\/wp-json\/wp\/v2\/comments?post=3551"}],"wp:featuredmedia":[{"embeddable":true,"href":"https:\/\/www.agriculture-machine.com\/pt\/wp-json\/wp\/v2\/media\/3569"}],"wp:attachment":[{"href":"https:\/\/www.agriculture-machine.com\/pt\/wp-json\/wp\/v2\/media?parent=3551"}],"wp:term":[{"taxonomy":"post_tag","embeddable":true,"href":"https:\/\/www.agriculture-machine.com\/pt\/wp-json\/wp\/v2\/tags?post=3551"},{"taxonomy":"product-type","embeddable":true,"href":"https:\/\/www.agriculture-machine.com\/pt\/wp-json\/wp\/v2\/product-type?post=3551"}],"curies":[{"name":"wp","href":"https:\/\/api.w.org\/{rel}","templated":true}]}}