{"id":3696,"date":"2019-05-17T23:32:03","date_gmt":"2019-05-17T15:32:03","guid":{"rendered":"https:\/\/www.agriculture-machine.com\/?p=3696"},"modified":"2024-09-18T16:22:54","modified_gmt":"2024-09-18T08:22:54","slug":"4-15t-h-grass-cutting-machine-cutting-wet-grass-grass-cutter","status":"publish","type":"product","link":"https:\/\/www.agriculture-machine.com\/pt\/4-15t-h-grass-cutting-machine-cutting-wet-grass-grass-cutter\/","title":{"rendered":"M\u00e1quina de corte de relva de 4-15t\/h \/ corte de relva \u00famida \/ cortador de relva"},"content":{"rendered":"<p>A s\u00e9rie 9RSZ de m\u00e1quinas de cortar relva \u00e9 para cortar todos os tipos de relva e tem alta efici\u00eancia de trabalho, ou seja, 4t-15t\/h, e diferentes modelos t\u00eam capacidades diferentes. Os cortadores de relva podem triturar relva em formas filiformes, o que pode melhorar a digest\u00e3o do est\u00f4mago ao alimentar animais.<\/p>    <figure class=\"wp-block-embed is-type-video is-provider-youtube wp-block-embed-youtube wp-embed-aspect-16-9 wp-has-aspect-ratio\"><div class=\"wp-block-embed__wrapper\"> <iframe loading=\"lazy\" title=\"Diferen\u00e7a entre cortador de palha e triturador de gr\u00e3os\" width=\"500\" height=\"281\" src=\"https:\/\/www.youtube.com\/embed\/Db5R1KqPhMo?feature=oembed\" frameborder=\"0\" allow=\"accelerometer; autoplay; clipboard-write; encrypted-media; gyroscope; picture-in-picture; web-share\" referrerpolicy=\"strict-origin-when-cross-origin\" allowfullscreen><\/iframe> <\/div><figcaption class=\"wp-element-caption\">v\u00eddeo de trabalho da m\u00e1quina de cortar relva<\/figcaption><\/figure>    <p class=\"translation-block\"><span style=\"color: #ff0000\"><strong>tipo um: cortador de palha de 4t\/h<\/strong><\/span><\/p>    <figure class=\"wp-block-image aligncenter wp-image-3704 size-full\"><img loading=\"lazy\" decoding=\"async\" width=\"600\" height=\"500\" src=\"https:\/\/www.agriculture-machine.com\/wp-content\/uploads\/2019\/05\/chaff-cutter-8.jpg\" alt=\"M\u00e1quina de cortar relva\" class=\"wp-image-3704\" srcset=\"https:\/\/www.agriculture-machine.com\/wp-content\/uploads\/2019\/05\/chaff-cutter-8.jpg 600w, https:\/\/www.agriculture-machine.com\/wp-content\/uploads\/2019\/05\/chaff-cutter-8-324x270.jpg 324w\" sizes=\"auto, (max-width: 600px) 100vw, 600px\" \/><figcaption class=\"wp-element-caption\">M\u00e1quina de cortar relva<\/figcaption><\/figure>    <figure class=\"wp-block-image aligncenter wp-image-3703 size-full\"><img loading=\"lazy\" decoding=\"async\" width=\"600\" height=\"500\" src=\"https:\/\/www.agriculture-machine.com\/wp-content\/uploads\/2019\/05\/chaff-cutter-7.jpg\" alt=\"m\u00e1quina de corte de forragem\" class=\"wp-image-3703\" srcset=\"https:\/\/www.agriculture-machine.com\/wp-content\/uploads\/2019\/05\/chaff-cutter-7.jpg 600w, https:\/\/www.agriculture-machine.com\/wp-content\/uploads\/2019\/05\/chaff-cutter-7-324x270.jpg 324w\" sizes=\"auto, (max-width: 600px) 100vw, 600px\" \/><figcaption class=\"wp-element-caption\">m\u00e1quina de corte de forragem<\/figcaption><\/figure>    <h2 class=\"wp-block-heading\"><strong><b>Estrutura do corte de relva <\/b><\/strong>m\u00e1quina<\/h2>    <p class=\"translation-block\"><strong><b>1. <\/b><\/strong>Sa\u00edda de descarga 2. Corpo 3. Rotor 4. Dispositivo de alimenta\u00e7\u00e3o e tritura\u00e7\u00e3o 5. Motor de engrenagem 6. Ranhura de alimenta\u00e7\u00e3o 7. Estrutura 8. Tampa de prote\u00e7\u00e3o 9. Motor do rotor 10. Roda de caminhada<\/p>    <h2 class=\"wp-block-heading\"><strong><b>Par\u00e2metro t\u00e9cnico do cortador de relva<\/b><\/strong><\/h2>    <figure class=\"wp-block-table is-style-stripes\"><table><tbody><tr><td>Modelo<\/td><td>9RSZ-4<\/td><td>9RSZ-6<\/td><td>9RSZ-10<\/td><td>9RSZ-15<\/td><\/tr><tr><td>Pot\u00eancia<\/td><td>7.5KW<\/td><td>15 2.2KW<\/td><td>22 3KW<\/td><td>30 5.5KW<\/td><\/tr><tr><td>Largura da bandeja de alimenta\u00e7\u00e3o<\/td><td>2860r\/min<\/td><td>2860r\/min<\/td><td>2860r\/min<\/td><td>2100r\/min<\/td><\/tr><tr><td>Capacidade<\/td><td>4t\/h<\/td><td>6t\/h<\/td><td>10t\/h<\/td><td>15t\/h<\/td><\/tr><tr><td>Quantidade de l\u00e2minas<\/td><td>32PCS<\/td><td>40PCS<\/td><td>48PCS<\/td><td>64PCS<\/td><\/tr><tr><td>Largura da bandeja de alimenta\u00e7\u00e3o<\/td><td>240mm<\/td><td>300mm<\/td><td>500mm<\/td><td>800mm<\/td><\/tr><tr><td>Dist\u00e2ncia de lan\u00e7amento<\/td><td>Mais de 2300mm<\/td><td>Mais de 2300mm<\/td><td>Mais de 2300mm<\/td><td>Mais de 2300mm<\/td><\/tr><tr><td>Dimens\u00e3o<\/td><td>2000*750*800mm<\/td><td>3000*900*1050mm<\/td><td>3600*930*1240mm<\/td><td>4200*1170*1250mm<\/td><\/tr><tr><td>Peso<\/td><td>300kg<\/td><td>980kg<\/td><td>1100kg<\/td><td>1400kg<\/td><\/tr><\/tbody><\/table><figcaption class=\"wp-element-caption\">Dados t\u00e9cnicos do cortador de palha<\/figcaption><\/figure>    <p class=\"translation-block\"><strong><span style=\"color: #ff0000\">tipo dois: m\u00e1quina de cortar palha de 6t\/h<\/span><\/strong><\/p>    <figure class=\"wp-block-image aligncenter wp-image-3701 size-full\"><img loading=\"lazy\" decoding=\"async\" width=\"600\" height=\"500\" src=\"https:\/\/www.agriculture-machine.com\/wp-content\/uploads\/2019\/05\/chaff-cutter-5.jpg\" alt=\"estrutura do cortador de grama\" class=\"wp-image-3701\" srcset=\"https:\/\/www.agriculture-machine.com\/wp-content\/uploads\/2019\/05\/chaff-cutter-5.jpg 600w, https:\/\/www.agriculture-machine.com\/wp-content\/uploads\/2019\/05\/chaff-cutter-5-324x270.jpg 324w\" sizes=\"auto, (max-width: 600px) 100vw, 600px\" \/><figcaption class=\"wp-element-caption\">estrutura do cortador de grama<\/figcaption><\/figure>    <h2 class=\"wp-block-heading\"><strong><b>Princ\u00edpio de funcionamento <\/b><\/strong><strong><b>de cortador de relva<\/b><\/strong><\/h2>    <p>1. Ligue o motor do rotor.<\/p>    <p>2. Ligue o motor de engrenagem autom\u00e1tico para conduzir o dispositivo de alimenta\u00e7\u00e3o autom\u00e1tica ap\u00f3s a opera\u00e7\u00e3o estar est\u00e1vel.<\/p>    <p>3. O operador espalha uniformemente a palha na placa de alimenta\u00e7\u00e3o autom\u00e1tica e na entrada gradualmente, e a mat\u00e9ria-prima entra no tambor a alta velocidade pelo dispositivo de corte.<\/p>    <p>4. As l\u00e2minas atingem rasgar, e esmagam-nas em forma de filamento neste momento.<\/p>    <p>5. Finalmente, a relva \u00e9 lan\u00e7ada para fora da m\u00e1quina por for\u00e7a centr\u00edfuga.<\/p>    <p class=\"translation-block\"><span style=\"color: #ff0000\"><strong>tipo tr\u00eas: 10t\/h 16t\/h cortador de palha<\/strong><\/span><\/p>    <figure class=\"wp-block-image aligncenter wp-image-3698 size-full\"><img loading=\"lazy\" decoding=\"async\" width=\"600\" height=\"500\" src=\"https:\/\/www.agriculture-machine.com\/wp-content\/uploads\/2019\/05\/chaff-cutter-2.jpg\" alt=\"m\u00e1quina de cortar palha\" class=\"wp-image-3698\" srcset=\"https:\/\/www.agriculture-machine.com\/wp-content\/uploads\/2019\/05\/chaff-cutter-2.jpg 600w, https:\/\/www.agriculture-machine.com\/wp-content\/uploads\/2019\/05\/chaff-cutter-2-324x270.jpg 324w\" sizes=\"auto, (max-width: 600px) 100vw, 600px\" \/><figcaption class=\"wp-element-caption\">m\u00e1quina de cortar palha<\/figcaption><\/figure>    <h2 class=\"wp-block-heading\">Vantagens da m\u00e1quina de cortar relva<\/h2>    <ol class=\"wp-block-list\"> <li><strong><a href=\"https:\/\/www.agriculture-machine.com\/pt\/chaff-cutter-and-grain-crusher\/\">M\u00e1quina de cortar relva<\/a><\/strong> adota dispositivo de alimenta\u00e7\u00e3o autom\u00e1tica por corrente adequado para forragens de di\u00e2metro longo, economizando tempo de trabalho.<\/li>    <li>Dispositivo de suc\u00e7\u00e3o e corte de rolo de dupla empurragem para um bom efeito de corte sem bloqueios, melhorando o trabalho.<\/li>    <li>A m\u00e1quina de cortar relva est\u00e1 equipada com uma roda de caminhada destac\u00e1vel para f\u00e1cil movimenta\u00e7\u00e3o.<\/li> <\/ol>    <h2 class=\"wp-block-heading\"><strong><b>C<\/b><\/strong><strong><b>Falha comum e solu\u00e7\u00e3o relacionada do cortador de relva<\/b><\/strong><\/h2>    <figure class=\"wp-block-table is-style-stripes\"><table><tbody><tr><td>Falha comum<\/td><td>Raz\u00e3o<\/td><td>Solu\u00e7\u00e3o<\/td><\/tr><tr><td>O material bruto est\u00e1 bloqueado ou <p>Desligamento por sobrecarga<\/p><\/td><td>Coloque relva excessiva ou coloque-os de forma desigual<\/td><td>1. retire a relva <br>2. reduza a quantidade de relva <br>3. Coloque a relva na <span style=\"font-size: revert; font-family: inherit; font-weight: inherit; color: initial;\">entrada de forma uniforme<\/span><\/td><\/tr><tr><td rowspan=\"4\">Som anormal na parte de tritura\u00e7\u00e3o<p><\/p> <p>Som anormal na parte de tritura\u00e7\u00e3o<\/p><\/td><td>parafuso est\u00e1 solto<\/td><td>apertar o parafuso<\/td><\/tr><tr><td>metal ou pedra na m\u00e1quina<\/td><td>Pare a m\u00e1quina para verificar e substituir pe\u00e7as de substitui\u00e7\u00e3o<\/td><\/tr><tr><td>O pino de trava est\u00e1 partido e o martelo est\u00e1 a mover-se<\/td><td>O pino de trava est\u00e1 partido e o martelo est\u00e1 a mover-se<\/td><\/tr><tr><td>O pino de trava est\u00e1 partido e o martelo est\u00e1 a mover-se<\/td><td>Troque o pino de trava<\/td><\/tr><tr><td rowspan=\"8\">Um movimento violento da m\u00e1quina <p>\u00a0<\/p><\/td><td>Um movimento violento da m\u00e1quina <p>\u00a0<\/p><\/td><td>Reinstale de acordo com o arranjo<\/td><\/tr><tr><td>A varia\u00e7\u00e3o de peso dos dois conjuntos de martelos \u00e9 excessiva<\/td><td>A varia\u00e7\u00e3o de peso dos dois conjuntos de martelos n\u00e3o excede 5g.<\/td><\/tr><tr><td>Martelos individuais n\u00e3o bloqueados<\/td><td>tornar os martelos flex\u00edveis<\/td><\/tr><tr><td>Alguns rotores est\u00e3o desequilibrados ou desgastados<\/td><td>O eixo foi dobrado<\/td><\/tr><tr><td>O eixo foi dobrado<\/td><td>Endireitar o eixo ou substituir<p><\/p> <p>&nbsp;<\/p><\/td><\/tr><tr><td>Rolamento danificado<\/td><td>Substituir o rolamento<\/td><\/tr><tr><td>cal\u00e7os de ancoragem<\/td><td>aperte os cal\u00e7os de ancoragem<p><\/p> <p>&nbsp;<\/p><\/td><\/tr><tr><td>O pino de divis\u00e3o est\u00e1 danificado e o martelo move-se axialmente<\/td><td>pare de cortar relva para limpar<\/td><\/tr><tr><td rowspan=\"3\">&nbsp;<p><\/p> <p>M\u00e1quina inflex\u00edvel<\/p><\/td><td>Partes rotativas com relva enredada<\/td><td>pare de cortar relva para limpar<\/td><\/tr><tr><td>Rolamento danificado<\/td><td>Substituir o rolamento <p>\u00a0<\/p><\/td><\/tr><tr><td>Falta de \u00f3leo lubrificante<\/td><td>Adicione \u00f3leo lubrificante a tempo<\/td><\/tr><tr><td rowspan=\"2\">Sa\u00edda bloqueada<\/td><td>Correia em V danificada ou solta<\/td><td>substitua ou ajuste a correia em V<p><\/p> <p>&nbsp;<\/p><\/td><\/tr><tr><td>A parte de tritura\u00e7\u00e3o est\u00e1 bloqueada<\/td><td>remover a impureza<\/td><\/tr><tr><td rowspan=\"2\">&nbsp;<p><\/p> <p>Mau efeito de tritura\u00e7\u00e3o<\/p><\/td><td>martelo e dispositivo de tritura\u00e7\u00e3o est\u00e3o danificados<\/td><td>Substituir martelo e dispositivo de tritura\u00e7\u00e3o<\/td><\/tr><tr><td>Baixa velocidade do eixo<\/td><td>Ajuste a correia em V para uma tens\u00e3o adequada<\/td><\/tr><tr><td rowspan=\"5\">&nbsp;Rolamento est\u00e1 a superaquecer<\/td><td>Ajuste corretamente a tens\u00e3o da correia em V <p>substituir rolamento<\/p><\/td><td>Muita ou pouca \u00f3leo lubrificante<\/td><\/tr><tr><td>adicione \u00f3leo lubrificante adequado<\/td><td>Ajuste corretamente a tens\u00e3o da correia em V<\/td><\/tr><tr><td>Ajuste a correia em V para uma tens\u00e3o adequada<\/td><td>Ajuste a correia em V para uma tens\u00e3o adequada<p><\/p> <p>O eixo est\u00e1 a curvar-se ou o rotor est\u00e1 desequilibrado<\/p><\/td><\/tr><tr><td>Endireite ou substitua o eixo, equilibre o rotor<\/td><td>Trabalho de sobrecarga a longo prazo<\/td><\/tr><tr><td>Reduza a quantidade de relva<\/td><td>Correia em V est\u00e1 a superaquecer<\/td><\/tr><tr><td rowspan=\"3\">Ajuste incorreto da tens\u00e3o da correia em V<\/td><td>Verifique e troque a polia da correia<\/td><td>A ranhura da polia da correia est\u00e1 desgastada ou a superf\u00edcie \u00e9 \u00e1spera<\/td><\/tr><tr><td>Verifique e troque a polia da correia<\/td><td>O eixo da polia principal e da polia de pot\u00eancia n\u00e3o est\u00e3o paralelos, e a ranhura da correia n\u00e3o est\u00e1 alinhada.<\/td><\/tr><tr><td>O eixo da polia principal e da polia de pot\u00eancia est\u00e3o paralelos, e a ranhura da correia est\u00e1 alinhada.<p><\/p> <p>&nbsp;<\/p><\/td><td>algumas dicas sobre a m\u00e1quina de cortar palha<\/td><\/tr><\/tbody><\/table><figcaption class=\"wp-element-caption\">aplica\u00e7\u00e3o da m\u00e1quina de cortar relva<\/figcaption><\/figure>    <figure class=\"wp-block-image aligncenter wp-image-3702 size-full\"><img loading=\"lazy\" decoding=\"async\" width=\"600\" height=\"500\" src=\"https:\/\/www.agriculture-machine.com\/wp-content\/uploads\/2019\/05\/chaff-cutter-6.jpg\" alt=\"Lista de principais pe\u00e7as e pe\u00e7as consum\u00edveis\" class=\"wp-image-3702\" srcset=\"https:\/\/www.agriculture-machine.com\/wp-content\/uploads\/2019\/05\/chaff-cutter-6.jpg 600w, https:\/\/www.agriculture-machine.com\/wp-content\/uploads\/2019\/05\/chaff-cutter-6-324x270.jpg 324w\" sizes=\"auto, (max-width: 600px) 100vw, 600px\" \/><figcaption class=\"wp-element-caption\">Lista de principais pe\u00e7as e pe\u00e7as consum\u00edveis<\/figcaption><\/figure>    <h2 class=\"wp-block-heading\">N\u00famero <strong>de cortador de relva<\/strong><\/h2>    <figure class=\"wp-block-table is-style-stripes\"><table><tbody><tr><td>Per\u00edodo de garantia de qualidade<\/td><td>Nome<\/td><td>Fun\u00e7\u00e3o<\/td><td>rolamento<\/td><\/tr><tr><td>1<\/td><td>Roda de tens\u00e3o da corrente<\/td><td>3 meses<\/td><td rowspan=\"7\">rolo superior<\/td><\/tr><tr><td>2<\/td><td>Roda de tens\u00e3o da corrente<\/td><td>transportador<\/td><\/tr><tr><td>3<\/td><td>Roda de tens\u00e3o da corrente<\/td><td>sob o rolo<\/td><\/tr><tr><td>4<\/td><td>Roda de tens\u00e3o da corrente<\/td><td>eixo<\/td><\/tr><tr><td>5<\/td><td>Roda de tens\u00e3o da corrente<\/td><td>corrente do rolo<\/td><\/tr><tr><td>6<\/td><td>corrente do rolo do transportador<\/td><td>entrada<\/td><\/tr><tr><td>7<\/td><td>Correia em V<\/td><td>entrada<\/td><\/tr><tr><td>8<\/td><td>rotor<\/td><td>1 m\u00eas<\/td><td rowspan=\"2\">interruptor de revers\u00e3o<\/td><\/tr><tr><td>9<\/td><td>rotor<\/td><td>Entrada<\/td><\/tr><tr><td>10<\/td><td>arm\u00e1rio el\u00e9trico<\/td><td>entrada<\/td><td rowspan=\"2\">rolo superior<\/td><\/tr><tr><td>11<\/td><td>controlo el\u00e9trico<\/td><td>&nbsp;&nbsp;&nbsp;&nbsp;martelo<p><\/p> <p>&nbsp;<\/p><\/td><\/tr><tr><td>12<\/td><td>martelo<\/td><td><\/td><td>eixo do martelo<\/td><\/tr><tr><td>13<\/td><td>Pe\u00e7a de corte<\/td><td><\/td><td rowspan=\"3\">interruptor de revers\u00e3o<\/td><\/tr><tr><td>14<\/td><td>a luva deslizante do rolo superior<\/td><td><\/td><\/tr><tr><td>15<\/td><td>pe\u00e7as sobressalentes da m\u00e1quina de cortar relva<\/td><td><\/td><\/tr><\/tbody><\/table><figcaption class=\"wp-element-caption\">Perguntas frequentes sobre o cortador de relva<\/figcaption><\/figure>    <h2 class=\"wp-block-heading\"><strong>O que fazer se houver bloqueio?<\/strong><\/h2>   <div id=\"rank-math-faq\" class=\"rank-math-block\"> <div class=\"rank-math-list\"> <div id=\"faq-question-1706520256013\" class=\"rank-math-list-item\"> <h3 class=\"rank-math-question\">O interruptor de revers\u00e3o pode ser puxado para \u201cparar\u201d, e depois puxado para \u201creverter\u201d. \u00c9 estritamente proibido remover a palha bloqueada \u00e0 m\u00e3o sem parar a m\u00e1quina de cortar relva.<\/h3> <div class=\"rank-math-answer\">  <p>Como aumentar o espa\u00e7o do rolo?<\/p>  <\/div> <\/div> <div id=\"faq-question-1706520259976\" class=\"rank-math-list-item\"> <h3 class=\"rank-math-question\">Quer seja uma grande fazenda ou um pequeno propriet\u00e1rio, as nossas m\u00e1quinas de cortar relva oferecem uma solu\u00e7\u00e3o eficiente e conveniente para o manuseamento de relva. Sinta-se \u00e0 vontade para nos contactar a qualquer momento e a nossa equipa profissional ficar\u00e1 feliz em fornecer informa\u00e7\u00f5es detalhadas sobre a m\u00e1quina, op\u00e7\u00f5es de personaliza\u00e7\u00e3o e outros servi\u00e7os relacionados.<\/h3> <div class=\"rank-math-answer\">  <p class=\"translation-block\"><strong>First<\/strong>, loosen the center screw on the upper plate of the grass cutting machine, and adjust the sliding plate and sliding block clockwise.<br \/><strong>Second<\/strong>, adjust the bolt on both sides counterclockwise to the appropriate position. The gap between the two rollers should be Horizontally the same, and the upper and down rollers should be flexible.<br \/><strong>Finally<\/strong>, tighten the bolt on the center screw.<br \/>Adverse action will decrease the gap.<\/p>  <\/div> <\/div> <\/div> <\/div>   <h2 class=\"wp-block-heading\">Contate-nos a qualquer momento<\/h2>    <p>Whether you&#8217;re a large-scale farm or a smallholder, our grass cutting machines offer you an efficient and convenient solution for grass handling. Feel free to contact us anytime and our professional team will be happy to provide you with detailed information about the machine, customization options, and more related services.<\/p>","protected":false},"excerpt":{"rendered":"<p>M\u00e1quina de cortar relva de 4-15T\/H, cortador de palha eficiente \u00e0 venda<\/p>","protected":false},"author":1,"featured_media":3707,"parent":0,"comment_status":"closed","ping_status":"closed","template":"","tags":[2609,780],"product-type":[912],"class_list":["post-3696","product","type-product","status-publish","has-post-thumbnail","hentry","tag-cutter","tag-grass","product-type-chaff-cutter"],"_links":{"self":[{"href":"https:\/\/www.agriculture-machine.com\/pt\/wp-json\/wp\/v2\/product\/3696","targetHints":{"allow":["GET"]}}],"collection":[{"href":"https:\/\/www.agriculture-machine.com\/pt\/wp-json\/wp\/v2\/product"}],"about":[{"href":"https:\/\/www.agriculture-machine.com\/pt\/wp-json\/wp\/v2\/types\/product"}],"author":[{"embeddable":true,"href":"https:\/\/www.agriculture-machine.com\/pt\/wp-json\/wp\/v2\/users\/1"}],"replies":[{"embeddable":true,"href":"https:\/\/www.agriculture-machine.com\/pt\/wp-json\/wp\/v2\/comments?post=3696"}],"wp:featuredmedia":[{"embeddable":true,"href":"https:\/\/www.agriculture-machine.com\/pt\/wp-json\/wp\/v2\/media\/3707"}],"wp:attachment":[{"href":"https:\/\/www.agriculture-machine.com\/pt\/wp-json\/wp\/v2\/media?parent=3696"}],"wp:term":[{"taxonomy":"post_tag","embeddable":true,"href":"https:\/\/www.agriculture-machine.com\/pt\/wp-json\/wp\/v2\/tags?post=3696"},{"taxonomy":"product-type","embeddable":true,"href":"https:\/\/www.agriculture-machine.com\/pt\/wp-json\/wp\/v2\/product-type?post=3696"}],"curies":[{"name":"wp","href":"https:\/\/api.w.org\/{rel}","templated":true}]}}