{"id":3716,"date":"2019-05-20T23:53:10","date_gmt":"2019-05-20T15:53:10","guid":{"rendered":"https:\/\/www.agriculture-machine.com\/?p=3716"},"modified":"2024-09-23T11:20:59","modified_gmt":"2024-09-23T03:20:59","slug":"gasoline-engine-backpack-sprayer-best-garden-sprayer-spraying-pesticide","status":"publish","type":"product","link":"https:\/\/www.agriculture-machine.com\/pt\/gasoline-engine-backpack-sprayer-best-garden-sprayer-spraying-pesticide\/","title":{"rendered":"Pulverizador de mochila com motor a gasolina \/ melhor pulverizador de jardim \/ pulveriza\u00e7\u00e3o de pesticidas"},"content":{"rendered":"<p class=\"translation-block\">Em alta<strong> pulverizador de mochila<\/strong> \u00e9 de tamanho pequeno, mas muito \u00fatil, aplicando-se amplamente no controlo de pragas em jardins, explora\u00e7\u00f5es agr\u00edcolas e outras \u00e1rvores. A dist\u00e2ncia de pulveriza\u00e7\u00e3o (mais de 11m) e o volume de 26L permitem que funcione com alto desempenho, economizando trabalho.<\/p> <p><img loading=\"lazy\" decoding=\"async\" class=\"wp-image-3720 aligncenter\" src=\"https:\/\/www.agriculture-machine.com\/wp-content\/uploads\/2019\/05\/gasoline-sprayer-4.jpg\" alt=\"\" width=\"650\" height=\"601\" srcset=\"https:\/\/www.agriculture-machine.com\/wp-content\/uploads\/2019\/05\/gasoline-sprayer-4.jpg 750w, https:\/\/www.agriculture-machine.com\/wp-content\/uploads\/2019\/05\/gasoline-sprayer-4-292x270.jpg 292w, https:\/\/www.agriculture-machine.com\/wp-content\/uploads\/2019\/05\/gasoline-sprayer-4-584x540.jpg 584w\" sizes=\"auto, (max-width: 650px) 100vw, 650px\" \/><\/p> <p>&nbsp;<\/p> <h2><strong><b>Vantagem de <\/b><\/strong><strong><b>pulverizador de mochila<\/b><\/strong><\/h2> <ol> <li>Drone de pulveriza\u00e7\u00e3o de culturas tem baixo ru\u00eddo, grande capacidade e alta press\u00e3o, economizando tempo e energia.<\/li> <li>\u00c9 f\u00e1cil de operar.<\/li> <li>Estar equipado com motor a gasolina torna-o conveniente de mover.<\/li> <li>O pesticida pulverizado por este pulverizador de mochila consegue aderir \u00e0s plantas, matando completamente as pragas.<\/li> <\/ol> <p><img loading=\"lazy\" decoding=\"async\" class=\"wp-image-3725 aligncenter\" src=\"https:\/\/www.agriculture-machine.com\/wp-content\/uploads\/2019\/05\/spraying-3.jpg\" alt=\"\" width=\"657\" height=\"599\" srcset=\"https:\/\/www.agriculture-machine.com\/wp-content\/uploads\/2019\/05\/spraying-3.jpg 750w, https:\/\/www.agriculture-machine.com\/wp-content\/uploads\/2019\/05\/spraying-3-296x270.jpg 296w, https:\/\/www.agriculture-machine.com\/wp-content\/uploads\/2019\/05\/spraying-3-592x540.jpg 592w\" sizes=\"auto, (max-width: 657px) 100vw, 657px\" \/><\/p> <p><img loading=\"lazy\" decoding=\"async\" class=\"wp-image-3724 aligncenter\" src=\"https:\/\/www.agriculture-machine.com\/wp-content\/uploads\/2019\/05\/spraying-2.jpg\" alt=\"\" width=\"644\" height=\"654\" srcset=\"https:\/\/www.agriculture-machine.com\/wp-content\/uploads\/2019\/05\/spraying-2.jpg 750w, https:\/\/www.agriculture-machine.com\/wp-content\/uploads\/2019\/05\/spraying-2-266x270.jpg 266w, https:\/\/www.agriculture-machine.com\/wp-content\/uploads\/2019\/05\/spraying-2-532x540.jpg 532w\" sizes=\"auto, (max-width: 644px) 100vw, 644px\" \/><\/p> <h2><strong><b>Par\u00e2metro t\u00e9cnico<\/b><\/strong><strong><b>\u00a0<\/b><\/strong><strong><b>de pulverizador de mochila<\/b><\/strong><\/h2> <table> <tbody> <tr> <td width=\"258\"><strong><b>Nome<\/b><\/strong><\/td> <td width=\"233\"><strong><b>Pulverizador<\/b><\/strong><\/td> <\/tr> <tr> <td width=\"258\">Modelo<\/td> <td width=\"233\">3WF-3A<\/td> <\/tr> <tr> <td width=\"258\">Dist\u00e2ncia de pulveriza\u00e7\u00e3o<\/td> <td width=\"233\">\u2265 11m<\/td> <\/tr> <tr> <td width=\"258\">Volume<\/td> <td width=\"233\">26L<\/td> <\/tr> <tr> <td width=\"258\">Cilindrada<\/td> <td width=\"233\">41,5cc<\/td> <\/tr> <tr> <td width=\"258\">Peso<\/td> <td width=\"233\">12KG<\/td> <\/tr> <\/tbody> <\/table> <p>&nbsp;<\/p> <h2><strong><b>A estrutura de<\/b><\/strong><strong><b>\u00a0pulverizador de mochila<\/b><\/strong><\/h2> <p>Este pulverizador de mochila consiste principalmente em bocal, recipiente de po\u00e7\u00e3o, alavanca de opera\u00e7\u00e3o, mangueira grande, prateleira est\u00e1vel, arranque, carburador, embraiagem do carburador, a vela de igni\u00e7\u00e3o e o tanque de combust\u00edvel.<\/p> <p><img loading=\"lazy\" decoding=\"async\" class=\"wp-image-3721 aligncenter\" src=\"https:\/\/www.agriculture-machine.com\/wp-content\/uploads\/2019\/05\/gasoline-sprayer-5.jpg\" alt=\"\" width=\"628\" height=\"633\" srcset=\"https:\/\/www.agriculture-machine.com\/wp-content\/uploads\/2019\/05\/gasoline-sprayer-5.jpg 750w, https:\/\/www.agriculture-machine.com\/wp-content\/uploads\/2019\/05\/gasoline-sprayer-5-268x270.jpg 268w, https:\/\/www.agriculture-machine.com\/wp-content\/uploads\/2019\/05\/gasoline-sprayer-5-536x540.jpg 536w\" sizes=\"auto, (max-width: 628px) 100vw, 628px\" \/><\/p> <h2><strong><b>Caso de sucesso de <\/b><\/strong><strong><b>pulverizador de mochila<\/b><\/strong><\/h2> <p>No m\u00eas passado, vendemos 100 conjuntos de pulverizadores de pesticidas drone ao Sud\u00e3o e a seguir est\u00e3o os detalhes da embalagem. Este pulverizador realmente pode ajudar os agricultores a reduzir a m\u00e3o de obra.<\/p> <p><img loading=\"lazy\" decoding=\"async\" class=\"wp-image-3633 aligncenter\" src=\"https:\/\/www.agriculture-machine.com\/wp-content\/uploads\/2019\/05\/corn-harvesting-machine-13.jpg\" alt=\"\" width=\"647\" height=\"539\" srcset=\"https:\/\/www.agriculture-machine.com\/wp-content\/uploads\/2019\/05\/corn-harvesting-machine-13.jpg 600w, https:\/\/www.agriculture-machine.com\/wp-content\/uploads\/2019\/05\/corn-harvesting-machine-13-324x270.jpg 324w\" sizes=\"auto, (max-width: 647px) 100vw, 647px\" \/><\/p> <h2><strong><b>Perguntas Frequentes<\/b><\/strong><strong><b>\u00a0de<\/b><\/strong><strong><b>\u00a0pulverizador de mochila<\/b><\/strong><\/h2> <ol> <li>Como adicionar \u00f3leo?<\/li> <\/ol> <ul> <li>\u00d3leos de dois tempos devem ser usados em vez de \u00f3leos de quatro tempos, que podem causar problemas ao cilindro.<\/li> <li>Verta a gasolina na garrafa maior do pulverizador, como na imagem a seguir, e preste aten\u00e7\u00e3o \u00e0 escala horizontal correspondente.<\/li> <li>Verta o \u00f3leo na garrafa menor, conforme a marca mostrada, e a altura do \u00f3leo deve ser inferior \u00e0 altura da gasolina.<\/li> <li>Aperte a tampa das duas garrafas e misture bem, finalmente despejando-as no tanque de \u00f3leo do pulverizador de mochila solo.<\/li> <\/ul> <p>&nbsp;<\/p> <p><img loading=\"lazy\" decoding=\"async\" class=\"wp-image-3717 aligncenter\" src=\"https:\/\/www.agriculture-machine.com\/wp-content\/uploads\/2019\/05\/gasoline-sprayer-1.jpg\" alt=\"\" width=\"660\" height=\"552\" srcset=\"https:\/\/www.agriculture-machine.com\/wp-content\/uploads\/2019\/05\/gasoline-sprayer-1.jpg 769w, https:\/\/www.agriculture-machine.com\/wp-content\/uploads\/2019\/05\/gasoline-sprayer-1-323x270.jpg 323w, https:\/\/www.agriculture-machine.com\/wp-content\/uploads\/2019\/05\/gasoline-sprayer-1-646x540.jpg 646w\" sizes=\"auto, (max-width: 660px) 100vw, 660px\" \/><\/p> <ol start=\"2\"> <li>Qual \u00e9 o volume da caixa de pesticidas?<\/li> <\/ol> <p>26L.<\/p> <ol start=\"3\"> <li>Todos os pestes podem ser eliminados?<\/li> <\/ol> <p>A taxa de elimina\u00e7\u00e3o \u00e9 de 98%.<\/p> <p>&nbsp;<\/p> <p>&nbsp;<\/p>","protected":false},"excerpt":{"rendered":"<p>Hot sale backpack sprayer\u00a0is small size but very useful, widely applying to control the pest of garden, farmland and other trees. Spraying distance\u00a0(more than 11m\uff09and 26L volume enable it to working wok with high performance, which is labor saving as well. &nbsp; Advantage of backpack sprayer Crop spraying drone\u00a0has low noise, great\u00a0capacity\u00a0and high pressure, \u00a0\u00a0saving\u00a0time\u00a0and [&hellip;]<\/p>\n","protected":false},"author":1,"featured_media":3720,"parent":0,"comment_status":"closed","ping_status":"closed","template":"","tags":[136],"product-type":[920,1],"class_list":["post-3716","product","type-product","status-publish","has-post-thumbnail","hentry","tag-sprayer","product-type-drone-sprayer","product-type-other"],"_links":{"self":[{"href":"https:\/\/www.agriculture-machine.com\/pt\/wp-json\/wp\/v2\/product\/3716","targetHints":{"allow":["GET"]}}],"collection":[{"href":"https:\/\/www.agriculture-machine.com\/pt\/wp-json\/wp\/v2\/product"}],"about":[{"href":"https:\/\/www.agriculture-machine.com\/pt\/wp-json\/wp\/v2\/types\/product"}],"author":[{"embeddable":true,"href":"https:\/\/www.agriculture-machine.com\/pt\/wp-json\/wp\/v2\/users\/1"}],"replies":[{"embeddable":true,"href":"https:\/\/www.agriculture-machine.com\/pt\/wp-json\/wp\/v2\/comments?post=3716"}],"wp:featuredmedia":[{"embeddable":true,"href":"https:\/\/www.agriculture-machine.com\/pt\/wp-json\/wp\/v2\/media\/3720"}],"wp:attachment":[{"href":"https:\/\/www.agriculture-machine.com\/pt\/wp-json\/wp\/v2\/media?parent=3716"}],"wp:term":[{"taxonomy":"post_tag","embeddable":true,"href":"https:\/\/www.agriculture-machine.com\/pt\/wp-json\/wp\/v2\/tags?post=3716"},{"taxonomy":"product-type","embeddable":true,"href":"https:\/\/www.agriculture-machine.com\/pt\/wp-json\/wp\/v2\/product-type?post=3716"}],"curies":[{"name":"wp","href":"https:\/\/api.w.org\/{rel}","templated":true}]}}